{"id":31860,"date":"2018-08-10T07:53:44","date_gmt":"2018-08-10T06:53:44","guid":{"rendered":"http:\/\/www.freimarianne.ch\/?page_id=31860"},"modified":"2018-08-10T08:28:54","modified_gmt":"2018-08-10T07:28:54","slug":"grachen-vs-5-8-2018","status":"publish","type":"page","link":"https:\/\/www.freimarianne.ch\/?page_id=31860","title":{"rendered":"Gr\u00e4chen  VS  5.8.2018"},"content":{"rendered":"<p><strong>Eine Wanderung an den Wasserleiten Eggeri und Chilcheri<\/strong><\/p>\n<div id=\"attachment_31863\" style=\"width: 510px\" class=\"wp-caption alignleft\"><img aria-describedby=\"caption-attachment-31863\" loading=\"lazy\" class=\"size-full wp-image-31863\" src=\"http:\/\/www.freimarianne.ch\/wp-content\/uploads\/2018\/08\/IMG_1439_gra\u0308chen_500.jpg\" alt=\"\" width=\"500\" height=\"375\" srcset=\"https:\/\/www.freimarianne.ch\/wp-content\/uploads\/2018\/08\/IMG_1439_gra\u0308chen_500.jpg 500w, https:\/\/www.freimarianne.ch\/wp-content\/uploads\/2018\/08\/IMG_1439_gra\u0308chen_500-300x225.jpg 300w, https:\/\/www.freimarianne.ch\/wp-content\/uploads\/2018\/08\/IMG_1439_gra\u0308chen_500-400x300.jpg 400w\" sizes=\"(max-width: 500px) 100vw, 500px\" \/><p id=\"caption-attachment-31863\" class=\"wp-caption-text\">Blick auf: Dorf Jungu und Jungtal;Sparruhorn, Rothorn, re Augstbordgrat 2961m, Augstbordhorn 2973m<\/p><\/div>\n<p>Ein weiterer Hitzetag treibt uns in die Berge! Wald und Wasser sind heute angesagt in Gr\u00e4chen, wobei wir dann bald feststellen m\u00fcssen, dass das Wasser auch hier rar geworden ist. Die Eggeri Wasserleite f\u00fchrt leider kein Wasser! Da es wegen dem gesperrten Weg eine Umleitung auf die Chilcheri Wasserleite gibt, kommen wir doch noch zum Erlebnis einer Wasserleite, welcher das Wasser sprudelt.<br \/>\nAber zum Beginn der Wanderung: WIr starten in Bina und wandern hin\u00fcber und leicht hinauf zum Restaurant Hohtschuggen 1619m, das einem Adlerhorst gleich im Bergwald hoch \u00fcber Stalden thront.<br \/>\nNach einem Kaffee steigen wir dann bergauf durch den Bergwald, um auf die H\u00f6he der Eggeri Wasserleite zu gelangen. Auch ohne das fliessende Wasser ist es angenehm hier zu wandern. \u00dcber \u00c4bnet f\u00fchrt uns der Weg weiter, wobei wir zwischendurch einen Mittaghalt einschalten. Wir kommen dann zur erw\u00e4hnten Umleitung \u00fcber die n\u00e4chst untere Wasserleite, die Chilcheri, der wir entlang marschieren bis oberhalb Gasenried.Hied haben wir doch noch das Erlebnis des neben uns dahinfliessenden Wassers. Hier steigen wir auf der Strasse ab und finden bald in Einstieg in die Bineri Wasserleite,die uns nach Gr\u00e4chen bringt. WIr k\u00f6nnen den Bus um 14.45h nach St. Niklaus nehmen und kommen so zeitig in Basel an.<\/p>\n<p>So haben wir die ganze Wanderung auf Wanderwegen gemacht. Nur kurz bei B\u00e4rgji musste wir auf der Fahrstrasse gehen.<\/p>\n<p>Laut Schweizmobil:<br \/>\nDistanz: 12.77km; Aufstieg: 553m; Abstieg: 486m; Wanderzeit: 3h 54 min<\/p>\n<p><a href=\"https:\/\/map.schweizmobil.ch\/?lang=de&amp;bgLayer=pk&amp;season=summer&amp;resolution=10&amp;E=2631158&amp;N=1116129&amp;layers=Station&amp;trackId=4749252\">Karte Schweizmobil:<\/a><\/p>\n<p><!-- index.php -->\n<div\n\tclass=\"ngg-galleryoverview ngg-ajax-pagination-none\"\n\tid=\"ngg-gallery-32219-1\">\n\n    \t<div class=\"slideshowlink\">\n        <a href='https:\/\/www.freimarianne.ch\/index.php\/nggallery\/slideshow?page_id=31860'>[Show as slideshow]<\/a>\n\t\t\n\t<\/div>\n\t\t\t<!-- Thumbnails -->\n\t\t\t\t<div id=\"ngg-image-0\" class=\"ngg-gallery-thumbnail-box\" >\n\t\t\t\t        <div class=\"ngg-gallery-thumbnail\">\n            <a href=\"https:\/\/www.freimarianne.ch\/wp-content\/gallery\/grachen-5-8-2018\/IMG_1366.jpg\"\n               title=\"Sicht bei Bina; Sparruhorn,vo Jungu, hi Schwarzhorn\"\n               data-src=\"https:\/\/www.freimarianne.ch\/wp-content\/gallery\/grachen-5-8-2018\/IMG_1366.jpg\"\n               data-thumbnail=\"https:\/\/www.freimarianne.ch\/wp-content\/gallery\/grachen-5-8-2018\/thumbs\/thumbs_IMG_1366.jpg\"\n               data-image-id=\"18925\"\n               data-title=\"Sicht bei Bina; Sparruhorn,vo Jungu, hi Schwarzhorn\"\n               data-description=\"Sicht bei Bina; Sparruhorn,vo Jungu, hi Schwarzhorn\"\n               data-image-slug=\"img_1366-2\"\n               class=\"shutterset_32219\">\n                <img\n                    title=\"Sicht bei Bina; Sparruhorn,vo Jungu, hi Schwarzhorn\"\n                    alt=\"Sicht bei Bina; Sparruhorn,vo Jungu, hi Schwarzhorn\"\n                    src=\"https:\/\/www.freimarianne.ch\/wp-content\/gallery\/grachen-5-8-2018\/thumbs\/thumbs_IMG_1366.jpg\"\n                    width=\"100\"\n                    height=\"75\"\n                    style=\"max-width:100%;\"\n                \/>\n            <\/a>\n        <\/div>\n\t\t\t\t\t\t\t<\/div> \n\t\t\t\n        \n\t\t\t\t<div id=\"ngg-image-1\" class=\"ngg-gallery-thumbnail-box\" >\n\t\t\t\t        <div class=\"ngg-gallery-thumbnail\">\n            <a href=\"https:\/\/www.freimarianne.ch\/wp-content\/gallery\/grachen-5-8-2018\/IMG_1369.jpg\"\n               title=\"unter Bina; Brunegghorn 3833m, Weisshorn 4505m, Bishorn 4153m, Inners- Barrhorn 3583m, \u00dcssers- Barrhorn 3610m; Festihorn, Stellihorn\"\n               data-src=\"https:\/\/www.freimarianne.ch\/wp-content\/gallery\/grachen-5-8-2018\/IMG_1369.jpg\"\n               data-thumbnail=\"https:\/\/www.freimarianne.ch\/wp-content\/gallery\/grachen-5-8-2018\/thumbs\/thumbs_IMG_1369.jpg\"\n               data-image-id=\"18924\"\n               data-title=\"unter Bina; Brunegghorn 3833m, Weisshorn 4505m, Bishorn 4153m, Inners- Barrhorn 3583m, \u00c3\u009cssers- Barrhorn 3610m; Festihorn, Stellihorn\"\n               data-description=\"unter Bina; Brunegghorn 3833m, Weisshorn 4505m, Bishorn 4153m, Inners- Barrhorn 3583m, \u00dcssers- Barrhorn 3610m; Festihorn, Stellihorn\"\n               data-image-slug=\"img_1369\"\n               class=\"shutterset_32219\">\n                <img\n                    title=\"unter Bina; Brunegghorn 3833m, Weisshorn 4505m, Bishorn 4153m, Inners- Barrhorn 3583m, \u00c3\u009cssers- Barrhorn 3610m; Festihorn, Stellihorn\"\n                    alt=\"unter Bina; Brunegghorn 3833m, Weisshorn 4505m, Bishorn 4153m, Inners- Barrhorn 3583m, \u00c3\u009cssers- Barrhorn 3610m; Festihorn, Stellihorn\"\n                    src=\"https:\/\/www.freimarianne.ch\/wp-content\/gallery\/grachen-5-8-2018\/thumbs\/thumbs_IMG_1369.jpg\"\n                    width=\"100\"\n                    height=\"75\"\n                    style=\"max-width:100%;\"\n                \/>\n            <\/a>\n        <\/div>\n\t\t\t\t\t\t\t<\/div> \n\t\t\t\n        \n\t\t\t\t<div id=\"ngg-image-2\" class=\"ngg-gallery-thumbnail-box\" >\n\t\t\t\t        <div class=\"ngg-gallery-thumbnail\">\n            <a href=\"https:\/\/www.freimarianne.ch\/wp-content\/gallery\/grachen-5-8-2018\/IMG_1374.jpg\"\n               title=\"Maja unterwegs\"\n               data-src=\"https:\/\/www.freimarianne.ch\/wp-content\/gallery\/grachen-5-8-2018\/IMG_1374.jpg\"\n               data-thumbnail=\"https:\/\/www.freimarianne.ch\/wp-content\/gallery\/grachen-5-8-2018\/thumbs\/thumbs_IMG_1374.jpg\"\n               data-image-id=\"18923\"\n               data-title=\"Maja unterwegs\"\n               data-description=\"Maja unterwegs\"\n               data-image-slug=\"img_1374-2\"\n               class=\"shutterset_32219\">\n                <img\n                    title=\"Maja unterwegs\"\n                    alt=\"Maja unterwegs\"\n                    src=\"https:\/\/www.freimarianne.ch\/wp-content\/gallery\/grachen-5-8-2018\/thumbs\/thumbs_IMG_1374.jpg\"\n                    width=\"100\"\n                    height=\"75\"\n                    style=\"max-width:100%;\"\n                \/>\n            <\/a>\n        <\/div>\n\t\t\t\t\t\t\t<\/div> \n\t\t\t\n        \n\t\t\t\t<div id=\"ngg-image-3\" class=\"ngg-gallery-thumbnail-box\" >\n\t\t\t\t        <div class=\"ngg-gallery-thumbnail\">\n            <a href=\"https:\/\/www.freimarianne.ch\/wp-content\/gallery\/grachen-5-8-2018\/IMG_1392.jpg\"\n               title=\"bei \u00c4bnet; Hannigalpbahn\"\n               data-src=\"https:\/\/www.freimarianne.ch\/wp-content\/gallery\/grachen-5-8-2018\/IMG_1392.jpg\"\n               data-thumbnail=\"https:\/\/www.freimarianne.ch\/wp-content\/gallery\/grachen-5-8-2018\/thumbs\/thumbs_IMG_1392.jpg\"\n               data-image-id=\"18922\"\n               data-title=\"bei \u00c3\u0084bnet; Hannigalpbahn\"\n               data-description=\"bei \u00c4bnet; Hannigalpbahn\"\n               data-image-slug=\"img_1392-2\"\n               class=\"shutterset_32219\">\n                <img\n                    title=\"bei \u00c3\u0084bnet; Hannigalpbahn\"\n                    alt=\"bei \u00c3\u0084bnet; Hannigalpbahn\"\n                    src=\"https:\/\/www.freimarianne.ch\/wp-content\/gallery\/grachen-5-8-2018\/thumbs\/thumbs_IMG_1392.jpg\"\n                    width=\"100\"\n                    height=\"75\"\n                    style=\"max-width:100%;\"\n                \/>\n            <\/a>\n        <\/div>\n\t\t\t\t\t\t\t<\/div> \n\t\t\t\n        \n\t\t\t\t<div id=\"ngg-image-4\" class=\"ngg-gallery-thumbnail-box\" >\n\t\t\t\t        <div class=\"ngg-gallery-thumbnail\">\n            <a href=\"https:\/\/www.freimarianne.ch\/wp-content\/gallery\/grachen-5-8-2018\/IMG_1399.jpg\"\n               title=\"Umleitung zur Chilcheri Suone\"\n               data-src=\"https:\/\/www.freimarianne.ch\/wp-content\/gallery\/grachen-5-8-2018\/IMG_1399.jpg\"\n               data-thumbnail=\"https:\/\/www.freimarianne.ch\/wp-content\/gallery\/grachen-5-8-2018\/thumbs\/thumbs_IMG_1399.jpg\"\n               data-image-id=\"18921\"\n               data-title=\"Umleitung zur Chilcheri Suone\"\n               data-description=\"Umleitung zur Chilcheri Suone\"\n               data-image-slug=\"img_1399\"\n               class=\"shutterset_32219\">\n                <img\n                    title=\"Umleitung zur Chilcheri Suone\"\n                    alt=\"Umleitung zur Chilcheri Suone\"\n                    src=\"https:\/\/www.freimarianne.ch\/wp-content\/gallery\/grachen-5-8-2018\/thumbs\/thumbs_IMG_1399.jpg\"\n                    width=\"100\"\n                    height=\"75\"\n                    style=\"max-width:100%;\"\n                \/>\n            <\/a>\n        <\/div>\n\t\t\t\t\t\t\t<\/div> \n\t\t\t\n        \n\t\t\t\t<div id=\"ngg-image-5\" class=\"ngg-gallery-thumbnail-box\" >\n\t\t\t\t        <div class=\"ngg-gallery-thumbnail\">\n            <a href=\"https:\/\/www.freimarianne.ch\/wp-content\/gallery\/grachen-5-8-2018\/IMG_1401.jpg\"\n               title=\"durch den Rittigraben\"\n               data-src=\"https:\/\/www.freimarianne.ch\/wp-content\/gallery\/grachen-5-8-2018\/IMG_1401.jpg\"\n               data-thumbnail=\"https:\/\/www.freimarianne.ch\/wp-content\/gallery\/grachen-5-8-2018\/thumbs\/thumbs_IMG_1401.jpg\"\n               data-image-id=\"18920\"\n               data-title=\"durch den Rittigraben\"\n               data-description=\"durch den Rittigraben\"\n               data-image-slug=\"img_1401-1\"\n               class=\"shutterset_32219\">\n                <img\n                    title=\"durch den Rittigraben\"\n                    alt=\"durch den Rittigraben\"\n                    src=\"https:\/\/www.freimarianne.ch\/wp-content\/gallery\/grachen-5-8-2018\/thumbs\/thumbs_IMG_1401.jpg\"\n                    width=\"100\"\n                    height=\"75\"\n                    style=\"max-width:100%;\"\n                \/>\n            <\/a>\n        <\/div>\n\t\t\t\t\t\t\t<\/div> \n\t\t\t\n        \n\t\t\t\t<div id=\"ngg-image-6\" class=\"ngg-gallery-thumbnail-box\" >\n\t\t\t\t        <div class=\"ngg-gallery-thumbnail\">\n            <a href=\"https:\/\/www.freimarianne.ch\/wp-content\/gallery\/grachen-5-8-2018\/IMG_1404.jpg\"\n               title=\"an der Chilcheri Suone\"\n               data-src=\"https:\/\/www.freimarianne.ch\/wp-content\/gallery\/grachen-5-8-2018\/IMG_1404.jpg\"\n               data-thumbnail=\"https:\/\/www.freimarianne.ch\/wp-content\/gallery\/grachen-5-8-2018\/thumbs\/thumbs_IMG_1404.jpg\"\n               data-image-id=\"18919\"\n               data-title=\"an der Chilcheri Suone\"\n               data-description=\"an der Chilcheri Suone\"\n               data-image-slug=\"img_1404-1\"\n               class=\"shutterset_32219\">\n                <img\n                    title=\"an der Chilcheri Suone\"\n                    alt=\"an der Chilcheri Suone\"\n                    src=\"https:\/\/www.freimarianne.ch\/wp-content\/gallery\/grachen-5-8-2018\/thumbs\/thumbs_IMG_1404.jpg\"\n                    width=\"100\"\n                    height=\"75\"\n                    style=\"max-width:100%;\"\n                \/>\n            <\/a>\n        <\/div>\n\t\t\t\t\t\t\t<\/div> \n\t\t\t\n        \n\t\t\t\t<div id=\"ngg-image-7\" class=\"ngg-gallery-thumbnail-box\" >\n\t\t\t\t        <div class=\"ngg-gallery-thumbnail\">\n            <a href=\"https:\/\/www.freimarianne.ch\/wp-content\/gallery\/grachen-5-8-2018\/IMG_1410.jpg\"\n               title=\"Blick von der Chilcheri Suone auf das Dorf Jungu\"\n               data-src=\"https:\/\/www.freimarianne.ch\/wp-content\/gallery\/grachen-5-8-2018\/IMG_1410.jpg\"\n               data-thumbnail=\"https:\/\/www.freimarianne.ch\/wp-content\/gallery\/grachen-5-8-2018\/thumbs\/thumbs_IMG_1410.jpg\"\n               data-image-id=\"18918\"\n               data-title=\"Blick von der Chilcheri Suone auf das Dorf Jungu\"\n               data-description=\"Blick von der Chilcheri Suone auf das Dorf Jungu\"\n               data-image-slug=\"img_1410-2\"\n               class=\"shutterset_32219\">\n                <img\n                    title=\"Blick von der Chilcheri Suone auf das Dorf Jungu\"\n                    alt=\"Blick von der Chilcheri Suone auf das Dorf Jungu\"\n                    src=\"https:\/\/www.freimarianne.ch\/wp-content\/gallery\/grachen-5-8-2018\/thumbs\/thumbs_IMG_1410.jpg\"\n                    width=\"100\"\n                    height=\"75\"\n                    style=\"max-width:100%;\"\n                \/>\n            <\/a>\n        <\/div>\n\t\t\t\t\t\t\t<\/div> \n\t\t\t\n        \n\t\t\t\t<div id=\"ngg-image-8\" class=\"ngg-gallery-thumbnail-box\" >\n\t\t\t\t        <div class=\"ngg-gallery-thumbnail\">\n            <a href=\"https:\/\/www.freimarianne.ch\/wp-content\/gallery\/grachen-5-8-2018\/IMG_1417.jpg\"\n               title=\"Blick hinunter auf die Kapelle\"\n               data-src=\"https:\/\/www.freimarianne.ch\/wp-content\/gallery\/grachen-5-8-2018\/IMG_1417.jpg\"\n               data-thumbnail=\"https:\/\/www.freimarianne.ch\/wp-content\/gallery\/grachen-5-8-2018\/thumbs\/thumbs_IMG_1417.jpg\"\n               data-image-id=\"18917\"\n               data-title=\"Blick hinunter auf die Kapelle\"\n               data-description=\"Blick hinunter auf die Kapelle\"\n               data-image-slug=\"img_1417-3\"\n               class=\"shutterset_32219\">\n                <img\n                    title=\"Blick hinunter auf die Kapelle\"\n                    alt=\"Blick hinunter auf die Kapelle\"\n                    src=\"https:\/\/www.freimarianne.ch\/wp-content\/gallery\/grachen-5-8-2018\/thumbs\/thumbs_IMG_1417.jpg\"\n                    width=\"100\"\n                    height=\"75\"\n                    style=\"max-width:100%;\"\n                \/>\n            <\/a>\n        <\/div>\n\t\t\t\t\t\t\t<\/div> \n\t\t\t\n        \n\t\t\t\t<div id=\"ngg-image-9\" class=\"ngg-gallery-thumbnail-box\" >\n\t\t\t\t        <div class=\"ngg-gallery-thumbnail\">\n            <a href=\"https:\/\/www.freimarianne.ch\/wp-content\/gallery\/grachen-5-8-2018\/IMG_1421.jpg\"\n               title=\"Brunegghorn 3833m, Bishorn 4153m, Inn. Barrhorn 3583m\"\n               data-src=\"https:\/\/www.freimarianne.ch\/wp-content\/gallery\/grachen-5-8-2018\/IMG_1421.jpg\"\n               data-thumbnail=\"https:\/\/www.freimarianne.ch\/wp-content\/gallery\/grachen-5-8-2018\/thumbs\/thumbs_IMG_1421.jpg\"\n               data-image-id=\"18916\"\n               data-title=\"Brunegghorn 3833m, Bishorn 4153m, Inn. Barrhorn 3583m\"\n               data-description=\"Brunegghorn 3833m, Bishorn 4153m, Inn. Barrhorn 3583m\"\n               data-image-slug=\"img_1421-1\"\n               class=\"shutterset_32219\">\n                <img\n                    title=\"Brunegghorn 3833m, Bishorn 4153m, Inn. Barrhorn 3583m\"\n                    alt=\"Brunegghorn 3833m, Bishorn 4153m, Inn. Barrhorn 3583m\"\n                    src=\"https:\/\/www.freimarianne.ch\/wp-content\/gallery\/grachen-5-8-2018\/thumbs\/thumbs_IMG_1421.jpg\"\n                    width=\"100\"\n                    height=\"75\"\n                    style=\"max-width:100%;\"\n                \/>\n            <\/a>\n        <\/div>\n\t\t\t\t\t\t\t<\/div> \n\t\t\t\n        \n\t\t\t\t<div id=\"ngg-image-10\" class=\"ngg-gallery-thumbnail-box\" >\n\t\t\t\t        <div class=\"ngg-gallery-thumbnail\">\n            <a href=\"https:\/\/www.freimarianne.ch\/wp-content\/gallery\/grachen-5-8-2018\/IMG_1427.jpg\"\n               title=\"Blick auf Gasenried mit Brunegghorn 3833m, Bishorn 4153m\"\n               data-src=\"https:\/\/www.freimarianne.ch\/wp-content\/gallery\/grachen-5-8-2018\/IMG_1427.jpg\"\n               data-thumbnail=\"https:\/\/www.freimarianne.ch\/wp-content\/gallery\/grachen-5-8-2018\/thumbs\/thumbs_IMG_1427.jpg\"\n               data-image-id=\"18915\"\n               data-title=\"Blick auf Gasenried mit Brunegghorn 3833m, Bishorn 4153m\"\n               data-description=\"Blick auf Gasenried mit Brunegghorn 3833m, Bishorn 4153m\"\n               data-image-slug=\"img_1427-1\"\n               class=\"shutterset_32219\">\n                <img\n                    title=\"Blick auf Gasenried mit Brunegghorn 3833m, Bishorn 4153m\"\n                    alt=\"Blick auf Gasenried mit Brunegghorn 3833m, Bishorn 4153m\"\n                    src=\"https:\/\/www.freimarianne.ch\/wp-content\/gallery\/grachen-5-8-2018\/thumbs\/thumbs_IMG_1427.jpg\"\n                    width=\"100\"\n                    height=\"75\"\n                    style=\"max-width:100%;\"\n                \/>\n            <\/a>\n        <\/div>\n\t\t\t\t\t\t\t<\/div> \n\t\t\t\n        \n\t\t\t\t<div id=\"ngg-image-11\" class=\"ngg-gallery-thumbnail-box\" >\n\t\t\t\t        <div class=\"ngg-gallery-thumbnail\">\n            <a href=\"https:\/\/www.freimarianne.ch\/wp-content\/gallery\/grachen-5-8-2018\/IMG_1432.jpg\"\n               title=\"Maja  an der Bineri Wasserleite\"\n               data-src=\"https:\/\/www.freimarianne.ch\/wp-content\/gallery\/grachen-5-8-2018\/IMG_1432.jpg\"\n               data-thumbnail=\"https:\/\/www.freimarianne.ch\/wp-content\/gallery\/grachen-5-8-2018\/thumbs\/thumbs_IMG_1432.jpg\"\n               data-image-id=\"18914\"\n               data-title=\"Maja  an der Bineri Wasserleite\"\n               data-description=\"Maja  an der Bineri Wasserleite\"\n               data-image-slug=\"img_1432-4\"\n               class=\"shutterset_32219\">\n                <img\n                    title=\"Maja  an der Bineri Wasserleite\"\n                    alt=\"Maja  an der Bineri Wasserleite\"\n                    src=\"https:\/\/www.freimarianne.ch\/wp-content\/gallery\/grachen-5-8-2018\/thumbs\/thumbs_IMG_1432.jpg\"\n                    width=\"100\"\n                    height=\"75\"\n                    style=\"max-width:100%;\"\n                \/>\n            <\/a>\n        <\/div>\n\t\t\t\t\t\t\t<\/div> \n\t\t\t\n        \n\t\t\t\t<div id=\"ngg-image-12\" class=\"ngg-gallery-thumbnail-box\" >\n\t\t\t\t        <div class=\"ngg-gallery-thumbnail\">\n            <a href=\"https:\/\/www.freimarianne.ch\/wp-content\/gallery\/grachen-5-8-2018\/IMG_1433.jpg\"\n               title=\"Blick auf Gasenried; Brunegghorn 3833m, Bishorn 4153m, Inners- Barrhorn 3583m, \u00dcssers- Barrhorn 3610m, P. 3248m,  Wasuhorn 3334m\"\n               data-src=\"https:\/\/www.freimarianne.ch\/wp-content\/gallery\/grachen-5-8-2018\/IMG_1433.jpg\"\n               data-thumbnail=\"https:\/\/www.freimarianne.ch\/wp-content\/gallery\/grachen-5-8-2018\/thumbs\/thumbs_IMG_1433.jpg\"\n               data-image-id=\"18913\"\n               data-title=\"Blick auf Gasenried; Brunegghorn 3833m, Bishorn 4153m, Inners- Barrhorn 3583m, \u00c3\u009cssers- Barrhorn 3610m, P. 3248m,  Wasuhorn 3334m\"\n               data-description=\"Blick auf Gasenried; Brunegghorn 3833m, Bishorn 4153m, Inners- Barrhorn 3583m, \u00dcssers- Barrhorn 3610m, P. 3248m,  Wasuhorn 3334m\"\n               data-image-slug=\"img_1433-2\"\n               class=\"shutterset_32219\">\n                <img\n                    title=\"Blick auf Gasenried; Brunegghorn 3833m, Bishorn 4153m, Inners- Barrhorn 3583m, \u00c3\u009cssers- Barrhorn 3610m, P. 3248m,  Wasuhorn 3334m\"\n                    alt=\"Blick auf Gasenried; Brunegghorn 3833m, Bishorn 4153m, Inners- Barrhorn 3583m, \u00c3\u009cssers- Barrhorn 3610m, P. 3248m,  Wasuhorn 3334m\"\n                    src=\"https:\/\/www.freimarianne.ch\/wp-content\/gallery\/grachen-5-8-2018\/thumbs\/thumbs_IMG_1433.jpg\"\n                    width=\"100\"\n                    height=\"75\"\n                    style=\"max-width:100%;\"\n                \/>\n            <\/a>\n        <\/div>\n\t\t\t\t\t\t\t<\/div> \n\t\t\t\n        \n\t\t\t\t<div id=\"ngg-image-13\" class=\"ngg-gallery-thumbnail-box\" >\n\t\t\t\t        <div class=\"ngg-gallery-thumbnail\">\n            <a href=\"https:\/\/www.freimarianne.ch\/wp-content\/gallery\/grachen-5-8-2018\/IMG_1441.jpg\"\n               title=\"Blick auf Gr\u00e4chen mit Bietschhorn\"\n               data-src=\"https:\/\/www.freimarianne.ch\/wp-content\/gallery\/grachen-5-8-2018\/IMG_1441.jpg\"\n               data-thumbnail=\"https:\/\/www.freimarianne.ch\/wp-content\/gallery\/grachen-5-8-2018\/thumbs\/thumbs_IMG_1441.jpg\"\n               data-image-id=\"18912\"\n               data-title=\"Blick auf Gr\u00c3\u00a4chen mit Bietschhorn\"\n               data-description=\"Blick auf Gr\u00e4chen mit Bietschhorn\"\n               data-image-slug=\"img_1441\"\n               class=\"shutterset_32219\">\n                <img\n                    title=\"Blick auf Gr\u00c3\u00a4chen mit Bietschhorn\"\n                    alt=\"Blick auf Gr\u00c3\u00a4chen mit Bietschhorn\"\n                    src=\"https:\/\/www.freimarianne.ch\/wp-content\/gallery\/grachen-5-8-2018\/thumbs\/thumbs_IMG_1441.jpg\"\n                    width=\"100\"\n                    height=\"75\"\n                    style=\"max-width:100%;\"\n                \/>\n            <\/a>\n        <\/div>\n\t\t\t\t\t\t\t<\/div> \n\t\t\t\n        \n\t\t\n\t\t<!-- Pagination -->\n\t<div class='ngg-clear'><\/div>\t<\/div>\n<\/p>\n","protected":false},"excerpt":{"rendered":"<p>Eine Wanderung an den Wasserleiten Eggeri und Chilcheri Ein weiterer Hitzetag treibt uns in die Berge! Wald und Wasser sind heute angesagt in Gr\u00e4chen, wobei wir dann bald feststellen m\u00fcssen, dass das Wasser auch hier rar geworden ist. Die Eggeri Wasserleite f\u00fchrt leider kein Wasser! Da es wegen dem gesperrten Weg eine Umleitung auf die [&hellip;]<\/p>\n","protected":false},"author":1,"featured_media":0,"parent":30992,"menu_order":23,"comment_status":"closed","ping_status":"closed","template":"","meta":{"ngg_post_thumbnail":0},"_links":{"self":[{"href":"https:\/\/www.freimarianne.ch\/index.php?rest_route=\/wp\/v2\/pages\/31860"}],"collection":[{"href":"https:\/\/www.freimarianne.ch\/index.php?rest_route=\/wp\/v2\/pages"}],"about":[{"href":"https:\/\/www.freimarianne.ch\/index.php?rest_route=\/wp\/v2\/types\/page"}],"author":[{"embeddable":true,"href":"https:\/\/www.freimarianne.ch\/index.php?rest_route=\/wp\/v2\/users\/1"}],"replies":[{"embeddable":true,"href":"https:\/\/www.freimarianne.ch\/index.php?rest_route=%2Fwp%2Fv2%2Fcomments&post=31860"}],"version-history":[{"count":6,"href":"https:\/\/www.freimarianne.ch\/index.php?rest_route=\/wp\/v2\/pages\/31860\/revisions"}],"predecessor-version":[{"id":32220,"href":"https:\/\/www.freimarianne.ch\/index.php?rest_route=\/wp\/v2\/pages\/31860\/revisions\/32220"}],"up":[{"embeddable":true,"href":"https:\/\/www.freimarianne.ch\/index.php?rest_route=\/wp\/v2\/pages\/30992"}],"wp:attachment":[{"href":"https:\/\/www.freimarianne.ch\/index.php?rest_route=%2Fwp%2Fv2%2Fmedia&parent=31860"}],"curies":[{"name":"wp","href":"https:\/\/api.w.org\/{rel}","templated":true}]}}