{"id":32250,"date":"2018-08-24T08:02:46","date_gmt":"2018-08-24T07:02:46","guid":{"rendered":"http:\/\/www.freimarianne.ch\/?page_id=32250"},"modified":"2018-08-24T08:44:07","modified_gmt":"2018-08-24T07:44:07","slug":"simplon-hohenweg-18-8-2018","status":"publish","type":"page","link":"https:\/\/www.freimarianne.ch\/?page_id=32250","title":{"rendered":"Simplon H\u00f6henweg  18.8.2018"},"content":{"rendered":"<p><strong>Bergwanderung vom Simplonpass auf dem Panoramaweg nach Simplon Dorf<\/strong><br \/>\nmit dem Novartis Berg&amp;Skiclub<\/p>\n<div id=\"attachment_32226\" style=\"width: 510px\" class=\"wp-caption alignleft\"><img aria-describedby=\"caption-attachment-32226\" loading=\"lazy\" class=\"size-full wp-image-32226\" src=\"http:\/\/www.freimarianne.ch\/wp-content\/uploads\/2018\/08\/IMG_1995_simplon_500.jpg\" alt=\"\" width=\"500\" height=\"375\" srcset=\"https:\/\/www.freimarianne.ch\/wp-content\/uploads\/2018\/08\/IMG_1995_simplon_500.jpg 500w, https:\/\/www.freimarianne.ch\/wp-content\/uploads\/2018\/08\/IMG_1995_simplon_500-300x225.jpg 300w, https:\/\/www.freimarianne.ch\/wp-content\/uploads\/2018\/08\/IMG_1995_simplon_500-400x300.jpg 400w\" sizes=\"(max-width: 500px) 100vw, 500px\" \/><p id=\"caption-attachment-32226\" class=\"wp-caption-text\">der Pfad am Abhang des H\u00fcbschhorns<\/p><\/div>\n<p>Zu siebt reisen wir am Samstag in der Fr\u00fche durch das bedeckte Mitteland und sind positiv \u00fcberrascht als im Wallis die Sonne scheint. Auf Simplon Leone angekommen, machen wir uns gleich auf den Weg hinauf zum Aussichtspunkt Hohliecht 2134m. Dann f\u00fchrt uns der Pfad durch die steilen Abh\u00e4nge des H\u00fcbschhorns hin\u00fcber zur Alp Balma, wo wir unsere Mittagsrast halten. Gegen\u00fcber von uns muss das Fletschhorn sein, das den ganzen Tag von grossen Wolken verdeckt bleibt. Aber wir k\u00f6nnen anbetracht des nicht allzu guten Wetterberichts froh sein, dass wir w\u00e4hrend der ganzen Wanderung die Sonne geniessen k\u00f6nnen. Erst unten in Simlpon Dorf treten wir nach einem sehr langen Abstieg, in den Schatten des Tales ein.<br \/>\nWir erwischen knapp das Postauto um 15.34h in Blatt bei Simplon Dorf.<\/p>\n<p>Dies war eine lange aber sch\u00f6ne Wanderung in teilweise recht anspruchsvollem Gel\u00e4nde.<br \/>\nSchweizmobil:<br \/>\nDistanz: 11.96km; Aufstieg: 458m; Abstieg: 976m; Marschzeit: 3 h 46 min<\/p>\n<p><a href=\"https:\/\/map.wanderland.ch\/?lang=de&amp;route=all&amp;bgLayer=pk&amp;resolution=20&amp;X=647236&amp;Y=119136&amp;layers=Wanderland%2CStation&amp;trackId=2887209\">Karte Schweizmobil:<\/a><\/p>\n<p><!-- index.php -->\n<div\n\tclass=\"ngg-galleryoverview ngg-ajax-pagination-none\"\n\tid=\"ngg-gallery-32659-1\">\n\n    \t<div class=\"slideshowlink\">\n        <a href='https:\/\/www.freimarianne.ch\/index.php\/nggallery\/slideshow?page_id=32250'>[Show as slideshow]<\/a>\n\t\t\n\t<\/div>\n\t\t\t<!-- Thumbnails -->\n\t\t\t\t<div id=\"ngg-image-0\" class=\"ngg-gallery-thumbnail-box\" >\n\t\t\t\t        <div class=\"ngg-gallery-thumbnail\">\n            <a href=\"https:\/\/www.freimarianne.ch\/wp-content\/gallery\/simplon-hohenweg-18-8-18\/IMG_1974.jpg\"\n               title=\"Galehorn 2797m , Magehorn 2621m, Straffelgrat 2633m, Tochuhorn 2625m\"\n               data-src=\"https:\/\/www.freimarianne.ch\/wp-content\/gallery\/simplon-hohenweg-18-8-18\/IMG_1974.jpg\"\n               data-thumbnail=\"https:\/\/www.freimarianne.ch\/wp-content\/gallery\/simplon-hohenweg-18-8-18\/thumbs\/thumbs_IMG_1974.jpg\"\n               data-image-id=\"19090\"\n               data-title=\"Galehorn 2797m , Magehorn 2621m, Straffelgrat 2633m, Tochuhorn 2625m\"\n               data-description=\"Galehorn 2797m , Magehorn 2621m, Straffelgrat 2633m, Tochuhorn 2625m\"\n               data-image-slug=\"img_1974-1\"\n               class=\"shutterset_32659\">\n                <img\n                    title=\"Galehorn 2797m , Magehorn 2621m, Straffelgrat 2633m, Tochuhorn 2625m\"\n                    alt=\"Galehorn 2797m , Magehorn 2621m, Straffelgrat 2633m, Tochuhorn 2625m\"\n                    src=\"https:\/\/www.freimarianne.ch\/wp-content\/gallery\/simplon-hohenweg-18-8-18\/thumbs\/thumbs_IMG_1974.jpg\"\n                    width=\"100\"\n                    height=\"75\"\n                    style=\"max-width:100%;\"\n                \/>\n            <\/a>\n        <\/div>\n\t\t\t\t\t\t\t<\/div> \n\t\t\t\n        \n\t\t\t\t<div id=\"ngg-image-1\" class=\"ngg-gallery-thumbnail-box\" >\n\t\t\t\t        <div class=\"ngg-gallery-thumbnail\">\n            <a href=\"https:\/\/www.freimarianne.ch\/wp-content\/gallery\/simplon-hohenweg-18-8-18\/IMG_1979.jpg\"\n               title=\"das Fletschhorn in den Wolkewn\"\n               data-src=\"https:\/\/www.freimarianne.ch\/wp-content\/gallery\/simplon-hohenweg-18-8-18\/IMG_1979.jpg\"\n               data-thumbnail=\"https:\/\/www.freimarianne.ch\/wp-content\/gallery\/simplon-hohenweg-18-8-18\/thumbs\/thumbs_IMG_1979.jpg\"\n               data-image-id=\"19089\"\n               data-title=\"das Fletschhorn in den Wolkewn\"\n               data-description=\"das Fletschhorn in den Wolkewn\"\n               data-image-slug=\"img_1979-1\"\n               class=\"shutterset_32659\">\n                <img\n                    title=\"das Fletschhorn in den Wolkewn\"\n                    alt=\"das Fletschhorn in den Wolkewn\"\n                    src=\"https:\/\/www.freimarianne.ch\/wp-content\/gallery\/simplon-hohenweg-18-8-18\/thumbs\/thumbs_IMG_1979.jpg\"\n                    width=\"100\"\n                    height=\"75\"\n                    style=\"max-width:100%;\"\n                \/>\n            <\/a>\n        <\/div>\n\t\t\t\t\t\t\t<\/div> \n\t\t\t\n        \n\t\t\t\t<div id=\"ngg-image-2\" class=\"ngg-gallery-thumbnail-box\" >\n\t\t\t\t        <div class=\"ngg-gallery-thumbnail\">\n            <a href=\"https:\/\/www.freimarianne.ch\/wp-content\/gallery\/simplon-hohenweg-18-8-18\/IMG_1980.jpg\"\n               title=\"Fletschhorn 3904m in den Wolken;   Wenghorn, Rauthorn\/ B\u00f6shorn 3268m\"\n               data-src=\"https:\/\/www.freimarianne.ch\/wp-content\/gallery\/simplon-hohenweg-18-8-18\/IMG_1980.jpg\"\n               data-thumbnail=\"https:\/\/www.freimarianne.ch\/wp-content\/gallery\/simplon-hohenweg-18-8-18\/thumbs\/thumbs_IMG_1980.jpg\"\n               data-image-id=\"19088\"\n               data-title=\"Fletschhorn 3904m in den Wolken;   Wenghorn, Rauthorn\/ B\u00c3\u00b6shorn 3268m\"\n               data-description=\"Fletschhorn 3904m in den Wolken;   Wenghorn, Rauthorn\/ B\u00f6shorn 3268m\"\n               data-image-slug=\"img_1980-1\"\n               class=\"shutterset_32659\">\n                <img\n                    title=\"Fletschhorn 3904m in den Wolken;   Wenghorn, Rauthorn\/ B\u00c3\u00b6shorn 3268m\"\n                    alt=\"Fletschhorn 3904m in den Wolken;   Wenghorn, Rauthorn\/ B\u00c3\u00b6shorn 3268m\"\n                    src=\"https:\/\/www.freimarianne.ch\/wp-content\/gallery\/simplon-hohenweg-18-8-18\/thumbs\/thumbs_IMG_1980.jpg\"\n                    width=\"100\"\n                    height=\"75\"\n                    style=\"max-width:100%;\"\n                \/>\n            <\/a>\n        <\/div>\n\t\t\t\t\t\t\t<\/div> \n\t\t\t\n        \n\t\t\t\t<div id=\"ngg-image-3\" class=\"ngg-gallery-thumbnail-box\" >\n\t\t\t\t        <div class=\"ngg-gallery-thumbnail\">\n            <a href=\"https:\/\/www.freimarianne.ch\/wp-content\/gallery\/simplon-hohenweg-18-8-18\/IMG_1981.jpg\"\n               title=\"Blick auf den Straffelgrat und Spitzhoreli\"\n               data-src=\"https:\/\/www.freimarianne.ch\/wp-content\/gallery\/simplon-hohenweg-18-8-18\/IMG_1981.jpg\"\n               data-thumbnail=\"https:\/\/www.freimarianne.ch\/wp-content\/gallery\/simplon-hohenweg-18-8-18\/thumbs\/thumbs_IMG_1981.jpg\"\n               data-image-id=\"19087\"\n               data-title=\"Blick auf den Straffelgrat und Spitzhoreli\"\n               data-description=\"Blick auf den Straffelgrat und Spitzhoreli\"\n               data-image-slug=\"img_1981-5\"\n               class=\"shutterset_32659\">\n                <img\n                    title=\"Blick auf den Straffelgrat und Spitzhoreli\"\n                    alt=\"Blick auf den Straffelgrat und Spitzhoreli\"\n                    src=\"https:\/\/www.freimarianne.ch\/wp-content\/gallery\/simplon-hohenweg-18-8-18\/thumbs\/thumbs_IMG_1981.jpg\"\n                    width=\"100\"\n                    height=\"75\"\n                    style=\"max-width:100%;\"\n                \/>\n            <\/a>\n        <\/div>\n\t\t\t\t\t\t\t<\/div> \n\t\t\t\n        \n\t\t\t\t<div id=\"ngg-image-4\" class=\"ngg-gallery-thumbnail-box\" >\n\t\t\t\t        <div class=\"ngg-gallery-thumbnail\">\n            <a href=\"https:\/\/www.freimarianne.ch\/wp-content\/gallery\/simplon-hohenweg-18-8-18\/IMG_1994.jpg\"\n               title=\"der Pfad am Abhang des H\u00fcbschhorns\"\n               data-src=\"https:\/\/www.freimarianne.ch\/wp-content\/gallery\/simplon-hohenweg-18-8-18\/IMG_1994.jpg\"\n               data-thumbnail=\"https:\/\/www.freimarianne.ch\/wp-content\/gallery\/simplon-hohenweg-18-8-18\/thumbs\/thumbs_IMG_1994.jpg\"\n               data-image-id=\"19086\"\n               data-title=\"der Pfad am Abhang des H\u00c3\u00bcbschhorns\"\n               data-description=\"der Pfad am Abhang des H\u00fcbschhorns\"\n               data-image-slug=\"img_1994\"\n               class=\"shutterset_32659\">\n                <img\n                    title=\"der Pfad am Abhang des H\u00c3\u00bcbschhorns\"\n                    alt=\"der Pfad am Abhang des H\u00c3\u00bcbschhorns\"\n                    src=\"https:\/\/www.freimarianne.ch\/wp-content\/gallery\/simplon-hohenweg-18-8-18\/thumbs\/thumbs_IMG_1994.jpg\"\n                    width=\"100\"\n                    height=\"75\"\n                    style=\"max-width:100%;\"\n                \/>\n            <\/a>\n        <\/div>\n\t\t\t\t\t\t\t<\/div> \n\t\t\t\n        \n\t\t\t\t<div id=\"ngg-image-5\" class=\"ngg-gallery-thumbnail-box\" >\n\t\t\t\t        <div class=\"ngg-gallery-thumbnail\">\n            <a href=\"https:\/\/www.freimarianne.ch\/wp-content\/gallery\/simplon-hohenweg-18-8-18\/IMG_1997.jpg\"\n               title=\"Alp Balma 2031m\"\n               data-src=\"https:\/\/www.freimarianne.ch\/wp-content\/gallery\/simplon-hohenweg-18-8-18\/IMG_1997.jpg\"\n               data-thumbnail=\"https:\/\/www.freimarianne.ch\/wp-content\/gallery\/simplon-hohenweg-18-8-18\/thumbs\/thumbs_IMG_1997.jpg\"\n               data-image-id=\"19085\"\n               data-title=\"Alp Balma 2031m\"\n               data-description=\"Alp Balma 2031m\"\n               data-image-slug=\"img_1997\"\n               class=\"shutterset_32659\">\n                <img\n                    title=\"Alp Balma 2031m\"\n                    alt=\"Alp Balma 2031m\"\n                    src=\"https:\/\/www.freimarianne.ch\/wp-content\/gallery\/simplon-hohenweg-18-8-18\/thumbs\/thumbs_IMG_1997.jpg\"\n                    width=\"100\"\n                    height=\"75\"\n                    style=\"max-width:100%;\"\n                \/>\n            <\/a>\n        <\/div>\n\t\t\t\t\t\t\t<\/div> \n\t\t\t\n        \n\t\t\t\t<div id=\"ngg-image-6\" class=\"ngg-gallery-thumbnail-box\" >\n\t\t\t\t        <div class=\"ngg-gallery-thumbnail\">\n            <a href=\"https:\/\/www.freimarianne.ch\/wp-content\/gallery\/simplon-hohenweg-18-8-18\/IMG_1999.jpg\"\n               title=\"Alp Balma 2031m\"\n               data-src=\"https:\/\/www.freimarianne.ch\/wp-content\/gallery\/simplon-hohenweg-18-8-18\/IMG_1999.jpg\"\n               data-thumbnail=\"https:\/\/www.freimarianne.ch\/wp-content\/gallery\/simplon-hohenweg-18-8-18\/thumbs\/thumbs_IMG_1999.jpg\"\n               data-image-id=\"19084\"\n               data-title=\"Alp Balma 2031m\"\n               data-description=\"Alp Balma 2031m\"\n               data-image-slug=\"img_1999-1\"\n               class=\"shutterset_32659\">\n                <img\n                    title=\"Alp Balma 2031m\"\n                    alt=\"Alp Balma 2031m\"\n                    src=\"https:\/\/www.freimarianne.ch\/wp-content\/gallery\/simplon-hohenweg-18-8-18\/thumbs\/thumbs_IMG_1999.jpg\"\n                    width=\"100\"\n                    height=\"75\"\n                    style=\"max-width:100%;\"\n                \/>\n            <\/a>\n        <\/div>\n\t\t\t\t\t\t\t<\/div> \n\t\t\t\n        \n\t\t\t\t<div id=\"ngg-image-7\" class=\"ngg-gallery-thumbnail-box\" >\n\t\t\t\t        <div class=\"ngg-gallery-thumbnail\">\n            <a href=\"https:\/\/www.freimarianne.ch\/wp-content\/gallery\/simplon-hohenweg-18-8-18\/IMG_2002.jpg\"\n               title=\"Alp Balma 2031m\"\n               data-src=\"https:\/\/www.freimarianne.ch\/wp-content\/gallery\/simplon-hohenweg-18-8-18\/IMG_2002.jpg\"\n               data-thumbnail=\"https:\/\/www.freimarianne.ch\/wp-content\/gallery\/simplon-hohenweg-18-8-18\/thumbs\/thumbs_IMG_2002.jpg\"\n               data-image-id=\"19083\"\n               data-title=\"Alp Balma 2031m\"\n               data-description=\"Alp Balma 2031m\"\n               data-image-slug=\"img_2002-3\"\n               class=\"shutterset_32659\">\n                <img\n                    title=\"Alp Balma 2031m\"\n                    alt=\"Alp Balma 2031m\"\n                    src=\"https:\/\/www.freimarianne.ch\/wp-content\/gallery\/simplon-hohenweg-18-8-18\/thumbs\/thumbs_IMG_2002.jpg\"\n                    width=\"100\"\n                    height=\"75\"\n                    style=\"max-width:100%;\"\n                \/>\n            <\/a>\n        <\/div>\n\t\t\t\t\t\t\t<\/div> \n\t\t\t\n        \n\t\t\t\t<div id=\"ngg-image-8\" class=\"ngg-gallery-thumbnail-box\" >\n\t\t\t\t        <div class=\"ngg-gallery-thumbnail\">\n            <a href=\"https:\/\/www.freimarianne.ch\/wp-content\/gallery\/simplon-hohenweg-18-8-18\/IMG_2003.jpg\"\n               title=\"Alp Balma 2031m\"\n               data-src=\"https:\/\/www.freimarianne.ch\/wp-content\/gallery\/simplon-hohenweg-18-8-18\/IMG_2003.jpg\"\n               data-thumbnail=\"https:\/\/www.freimarianne.ch\/wp-content\/gallery\/simplon-hohenweg-18-8-18\/thumbs\/thumbs_IMG_2003.jpg\"\n               data-image-id=\"19082\"\n               data-title=\"Alp Balma 2031m\"\n               data-description=\"Alp Balma 2031m\"\n               data-image-slug=\"img_2003-1\"\n               class=\"shutterset_32659\">\n                <img\n                    title=\"Alp Balma 2031m\"\n                    alt=\"Alp Balma 2031m\"\n                    src=\"https:\/\/www.freimarianne.ch\/wp-content\/gallery\/simplon-hohenweg-18-8-18\/thumbs\/thumbs_IMG_2003.jpg\"\n                    width=\"100\"\n                    height=\"75\"\n                    style=\"max-width:100%;\"\n                \/>\n            <\/a>\n        <\/div>\n\t\t\t\t\t\t\t<\/div> \n\t\t\t\n        \n\t\t\t\t<div id=\"ngg-image-9\" class=\"ngg-gallery-thumbnail-box\" >\n\t\t\t\t        <div class=\"ngg-gallery-thumbnail\">\n            <a href=\"https:\/\/www.freimarianne.ch\/wp-content\/gallery\/simplon-hohenweg-18-8-18\/IMG_2004.jpg\"\n               title=\"Alp Balma 2031m\"\n               data-src=\"https:\/\/www.freimarianne.ch\/wp-content\/gallery\/simplon-hohenweg-18-8-18\/IMG_2004.jpg\"\n               data-thumbnail=\"https:\/\/www.freimarianne.ch\/wp-content\/gallery\/simplon-hohenweg-18-8-18\/thumbs\/thumbs_IMG_2004.jpg\"\n               data-image-id=\"19081\"\n               data-title=\"Alp Balma 2031m\"\n               data-description=\"Alp Balma 2031m\"\n               data-image-slug=\"img_2004-1\"\n               class=\"shutterset_32659\">\n                <img\n                    title=\"Alp Balma 2031m\"\n                    alt=\"Alp Balma 2031m\"\n                    src=\"https:\/\/www.freimarianne.ch\/wp-content\/gallery\/simplon-hohenweg-18-8-18\/thumbs\/thumbs_IMG_2004.jpg\"\n                    width=\"100\"\n                    height=\"75\"\n                    style=\"max-width:100%;\"\n                \/>\n            <\/a>\n        <\/div>\n\t\t\t\t\t\t\t<\/div> \n\t\t\t\n        \n\t\t\t\t<div id=\"ngg-image-10\" class=\"ngg-gallery-thumbnail-box\" >\n\t\t\t\t        <div class=\"ngg-gallery-thumbnail\">\n            <a href=\"https:\/\/www.freimarianne.ch\/wp-content\/gallery\/simplon-hohenweg-18-8-18\/IMG_2008.jpg\"\n               title=\"Alp Balma 2031m\"\n               data-src=\"https:\/\/www.freimarianne.ch\/wp-content\/gallery\/simplon-hohenweg-18-8-18\/IMG_2008.jpg\"\n               data-thumbnail=\"https:\/\/www.freimarianne.ch\/wp-content\/gallery\/simplon-hohenweg-18-8-18\/thumbs\/thumbs_IMG_2008.jpg\"\n               data-image-id=\"19080\"\n               data-title=\"Alp Balma 2031m\"\n               data-description=\"Alp Balma 2031m\"\n               data-image-slug=\"img_2008-1\"\n               class=\"shutterset_32659\">\n                <img\n                    title=\"Alp Balma 2031m\"\n                    alt=\"Alp Balma 2031m\"\n                    src=\"https:\/\/www.freimarianne.ch\/wp-content\/gallery\/simplon-hohenweg-18-8-18\/thumbs\/thumbs_IMG_2008.jpg\"\n                    width=\"100\"\n                    height=\"75\"\n                    style=\"max-width:100%;\"\n                \/>\n            <\/a>\n        <\/div>\n\t\t\t\t\t\t\t<\/div> \n\t\t\t\n        \n\t\t\t\t<div id=\"ngg-image-11\" class=\"ngg-gallery-thumbnail-box\" >\n\t\t\t\t        <div class=\"ngg-gallery-thumbnail\">\n            <a href=\"https:\/\/www.freimarianne.ch\/wp-content\/gallery\/simplon-hohenweg-18-8-18\/IMG_2010.jpg\"\n               title=\"Alp Balma 2031m\"\n               data-src=\"https:\/\/www.freimarianne.ch\/wp-content\/gallery\/simplon-hohenweg-18-8-18\/IMG_2010.jpg\"\n               data-thumbnail=\"https:\/\/www.freimarianne.ch\/wp-content\/gallery\/simplon-hohenweg-18-8-18\/thumbs\/thumbs_IMG_2010.jpg\"\n               data-image-id=\"19079\"\n               data-title=\"Alp Balma 2031m\"\n               data-description=\"Alp Balma 2031m\"\n               data-image-slug=\"img_2010-1\"\n               class=\"shutterset_32659\">\n                <img\n                    title=\"Alp Balma 2031m\"\n                    alt=\"Alp Balma 2031m\"\n                    src=\"https:\/\/www.freimarianne.ch\/wp-content\/gallery\/simplon-hohenweg-18-8-18\/thumbs\/thumbs_IMG_2010.jpg\"\n                    width=\"100\"\n                    height=\"75\"\n                    style=\"max-width:100%;\"\n                \/>\n            <\/a>\n        <\/div>\n\t\t\t\t\t\t\t<\/div> \n\t\t\t\n        \n\t\t\t\t<div id=\"ngg-image-12\" class=\"ngg-gallery-thumbnail-box\" >\n\t\t\t\t        <div class=\"ngg-gallery-thumbnail\">\n            <a href=\"https:\/\/www.freimarianne.ch\/wp-content\/gallery\/simplon-hohenweg-18-8-18\/IMG_2013.jpg\"\n               title=\"auf P.2135m; Blick nach Italien\"\n               data-src=\"https:\/\/www.freimarianne.ch\/wp-content\/gallery\/simplon-hohenweg-18-8-18\/IMG_2013.jpg\"\n               data-thumbnail=\"https:\/\/www.freimarianne.ch\/wp-content\/gallery\/simplon-hohenweg-18-8-18\/thumbs\/thumbs_IMG_2013.jpg\"\n               data-image-id=\"19078\"\n               data-title=\"auf P.2135m; Blick nach Italien\"\n               data-description=\"auf P.2135m; Blick nach Italien\"\n               data-image-slug=\"img_2013-2\"\n               class=\"shutterset_32659\">\n                <img\n                    title=\"auf P.2135m; Blick nach Italien\"\n                    alt=\"auf P.2135m; Blick nach Italien\"\n                    src=\"https:\/\/www.freimarianne.ch\/wp-content\/gallery\/simplon-hohenweg-18-8-18\/thumbs\/thumbs_IMG_2013.jpg\"\n                    width=\"100\"\n                    height=\"75\"\n                    style=\"max-width:100%;\"\n                \/>\n            <\/a>\n        <\/div>\n\t\t\t\t\t\t\t<\/div> \n\t\t\t\n        \n\t\t\t\t<div id=\"ngg-image-13\" class=\"ngg-gallery-thumbnail-box\" >\n\t\t\t\t        <div class=\"ngg-gallery-thumbnail\">\n            <a href=\"https:\/\/www.freimarianne.ch\/wp-content\/gallery\/simplon-hohenweg-18-8-18\/IMG_2017.jpg\"\n               title=\"der Weg hinunter nach Simplon Dorf\"\n               data-src=\"https:\/\/www.freimarianne.ch\/wp-content\/gallery\/simplon-hohenweg-18-8-18\/IMG_2017.jpg\"\n               data-thumbnail=\"https:\/\/www.freimarianne.ch\/wp-content\/gallery\/simplon-hohenweg-18-8-18\/thumbs\/thumbs_IMG_2017.jpg\"\n               data-image-id=\"19077\"\n               data-title=\"der Weg hinunter nach Simplon Dorf\"\n               data-description=\"der Weg hinunter nach Simplon Dorf\"\n               data-image-slug=\"img_2017-4\"\n               class=\"shutterset_32659\">\n                <img\n                    title=\"der Weg hinunter nach Simplon Dorf\"\n                    alt=\"der Weg hinunter nach Simplon Dorf\"\n                    src=\"https:\/\/www.freimarianne.ch\/wp-content\/gallery\/simplon-hohenweg-18-8-18\/thumbs\/thumbs_IMG_2017.jpg\"\n                    width=\"100\"\n                    height=\"75\"\n                    style=\"max-width:100%;\"\n                \/>\n            <\/a>\n        <\/div>\n\t\t\t\t\t\t\t<\/div> \n\t\t\t\n        \n\t\t\t\t<div id=\"ngg-image-14\" class=\"ngg-gallery-thumbnail-box\" >\n\t\t\t\t        <div class=\"ngg-gallery-thumbnail\">\n            <a href=\"https:\/\/www.freimarianne.ch\/wp-content\/gallery\/simplon-hohenweg-18-8-18\/IMG_2022.jpg\"\n               title=\"der Weg hinunter nach Simplon Dorf\"\n               data-src=\"https:\/\/www.freimarianne.ch\/wp-content\/gallery\/simplon-hohenweg-18-8-18\/IMG_2022.jpg\"\n               data-thumbnail=\"https:\/\/www.freimarianne.ch\/wp-content\/gallery\/simplon-hohenweg-18-8-18\/thumbs\/thumbs_IMG_2022.jpg\"\n               data-image-id=\"19076\"\n               data-title=\"der Weg hinunter nach Simplon Dorf\"\n               data-description=\"der Weg hinunter nach Simplon Dorf\"\n               data-image-slug=\"img_2022-3\"\n               class=\"shutterset_32659\">\n                <img\n                    title=\"der Weg hinunter nach Simplon Dorf\"\n                    alt=\"der Weg hinunter nach Simplon Dorf\"\n                    src=\"https:\/\/www.freimarianne.ch\/wp-content\/gallery\/simplon-hohenweg-18-8-18\/thumbs\/thumbs_IMG_2022.jpg\"\n                    width=\"100\"\n                    height=\"75\"\n                    style=\"max-width:100%;\"\n                \/>\n            <\/a>\n        <\/div>\n\t\t\t\t\t\t\t<\/div> \n\t\t\t\n        \n\t\t\t\t<div id=\"ngg-image-15\" class=\"ngg-gallery-thumbnail-box\" >\n\t\t\t\t        <div class=\"ngg-gallery-thumbnail\">\n            <a href=\"https:\/\/www.freimarianne.ch\/wp-content\/gallery\/simplon-hohenweg-18-8-18\/IMG_2024.jpg\"\n               title=\"der Weg hinunter nach Simplon Dorf\"\n               data-src=\"https:\/\/www.freimarianne.ch\/wp-content\/gallery\/simplon-hohenweg-18-8-18\/IMG_2024.jpg\"\n               data-thumbnail=\"https:\/\/www.freimarianne.ch\/wp-content\/gallery\/simplon-hohenweg-18-8-18\/thumbs\/thumbs_IMG_2024.jpg\"\n               data-image-id=\"19075\"\n               data-title=\"der Weg hinunter nach Simplon Dorf\"\n               data-description=\"der Weg hinunter nach Simplon Dorf\"\n               data-image-slug=\"img_2024\"\n               class=\"shutterset_32659\">\n                <img\n                    title=\"der Weg hinunter nach Simplon Dorf\"\n                    alt=\"der Weg hinunter nach Simplon Dorf\"\n                    src=\"https:\/\/www.freimarianne.ch\/wp-content\/gallery\/simplon-hohenweg-18-8-18\/thumbs\/thumbs_IMG_2024.jpg\"\n                    width=\"100\"\n                    height=\"75\"\n                    style=\"max-width:100%;\"\n                \/>\n            <\/a>\n        <\/div>\n\t\t\t\t\t\t\t<\/div> \n\t\t\t\n        \n\t\t\n\t\t<!-- Pagination -->\n\t<div class='ngg-clear'><\/div>\t<\/div>\n<\/p>\n","protected":false},"excerpt":{"rendered":"<p>Bergwanderung vom Simplonpass auf dem Panoramaweg nach Simplon Dorf mit dem Novartis Berg&amp;Skiclub Zu siebt reisen wir am Samstag in der Fr\u00fche durch das bedeckte Mitteland und sind positiv \u00fcberrascht als im Wallis die Sonne scheint. Auf Simplon Leone angekommen, machen wir uns gleich auf den Weg hinauf zum Aussichtspunkt Hohliecht 2134m. Dann f\u00fchrt uns [&hellip;]<\/p>\n","protected":false},"author":1,"featured_media":0,"parent":30992,"menu_order":28,"comment_status":"closed","ping_status":"closed","template":"","meta":{"ngg_post_thumbnail":0},"_links":{"self":[{"href":"https:\/\/www.freimarianne.ch\/index.php?rest_route=\/wp\/v2\/pages\/32250"}],"collection":[{"href":"https:\/\/www.freimarianne.ch\/index.php?rest_route=\/wp\/v2\/pages"}],"about":[{"href":"https:\/\/www.freimarianne.ch\/index.php?rest_route=\/wp\/v2\/types\/page"}],"author":[{"embeddable":true,"href":"https:\/\/www.freimarianne.ch\/index.php?rest_route=\/wp\/v2\/users\/1"}],"replies":[{"embeddable":true,"href":"https:\/\/www.freimarianne.ch\/index.php?rest_route=%2Fwp%2Fv2%2Fcomments&post=32250"}],"version-history":[{"count":6,"href":"https:\/\/www.freimarianne.ch\/index.php?rest_route=\/wp\/v2\/pages\/32250\/revisions"}],"predecessor-version":[{"id":32660,"href":"https:\/\/www.freimarianne.ch\/index.php?rest_route=\/wp\/v2\/pages\/32250\/revisions\/32660"}],"up":[{"embeddable":true,"href":"https:\/\/www.freimarianne.ch\/index.php?rest_route=\/wp\/v2\/pages\/30992"}],"wp:attachment":[{"href":"https:\/\/www.freimarianne.ch\/index.php?rest_route=%2Fwp%2Fv2%2Fmedia&parent=32250"}],"curies":[{"name":"wp","href":"https:\/\/api.w.org\/{rel}","templated":true}]}}