{"id":33855,"date":"2018-10-28T11:48:14","date_gmt":"2018-10-28T10:48:14","guid":{"rendered":"http:\/\/www.freimarianne.ch\/?page_id=33855"},"modified":"2018-10-30T09:26:45","modified_gmt":"2018-10-30T08:26:45","slug":"sinsgauert-schonegg-ur-nw-23-10-2018","status":"publish","type":"page","link":"https:\/\/www.freimarianne.ch\/?page_id=33855","title":{"rendered":"Sinsg\u00e4uer  Schonegg  UR\/ NW  23.10.2018"},"content":{"rendered":"<p><strong>Isenthal St.Jakob-Gitschenen-Sinsg\u00e4uer Schonegg-Fell-Oberrickenbach<\/strong><\/p>\n<div id=\"attachment_33828\" style=\"width: 510px\" class=\"wp-caption alignleft\"><img aria-describedby=\"caption-attachment-33828\" loading=\"lazy\" class=\"size-full wp-image-33828\" src=\"http:\/\/www.freimarianne.ch\/wp-content\/uploads\/2018\/10\/IMG_5107._schonegg_500.jpg\" alt=\"\" width=\"500\" height=\"333\" srcset=\"https:\/\/www.freimarianne.ch\/wp-content\/uploads\/2018\/10\/IMG_5107._schonegg_500.jpg 500w, https:\/\/www.freimarianne.ch\/wp-content\/uploads\/2018\/10\/IMG_5107._schonegg_500-300x200.jpg 300w, https:\/\/www.freimarianne.ch\/wp-content\/uploads\/2018\/10\/IMG_5107._schonegg_500-450x300.jpg 450w\" sizes=\"(max-width: 500px) 100vw, 500px\" \/><p id=\"caption-attachment-33828\" class=\"wp-caption-text\">auf der Sinsg\u00e4uer Schonegg 1917m ; Hoh Brisen 2413m, Sinsg\u00e4uer Jochlistock\/ Jochli 2145m<\/p><\/div>\n<p>Heute machen wir auf wenig begangenen Wegen einen \u00dcbergang vom Kanton Uri in den Kanton Nidwalden .<br \/>\nWir starten in Gitschenen 1583m, einem recht abseits gelegen Ort, den wir mit der Seilbahn von St. Jakob im Isenthal erreichen. Wir wandern lange im Schatten das Sulztal hinauf. Am Horizont erblicken die Sinsg\u00e4uer Schonegg 1917m, unser Zwischenziel. Der Weg in dem Alpgel\u00e4nde ist sehr rau und entsprechend anstrengend. Auf der andernen Seite des Passes steigen wir ab zur Alp Widderenalp 1711m. Lange gehen wir auf einer Alpstrasse, die in Kehren hinunterf\u00fchrt ins Tal.Weiter unten k\u00f6nnen wir auf Wanderwege wechseln. Unterhalb dem Haldigrat, Brisen und Hp\u00f6hbrisen f\u00fchrt der Weg hinunter nach Ober Spis 1198m, wo wo es eine kleine Seilbahn nach Fell gibt. Wir aber steigen nun auf einem reizvollen Wanderweg hinunter nach Fell 903m, das bereits wieder im Schatten liegt. Oberrickenbach 894m aber ist noch besonnt. Alslo gehen wir dorthin, um auf das Postauto zu warten, das wir um 15.05h besteigen.<br \/>\nDies war eine Wanderung,die ich nicht wiederholen w\u00fcrde. Auf beiden Seiten der Sinsg\u00e4uer Schonegg ist Alpgel\u00e4nde: Auf dem Pass gibt es eine Warnschild: Achtung Mutterk\u00fche.<\/p>\n<p>Laut Schweizmobil:<br \/>\nDistanz: 10.99km; Aufstieg: 486m; Abstieg: 1144m; Wanderzeit: 3h 50 min<\/p>\n<p><a href=\"https:\/\/map.schweizmobil.ch\/?lang=de&amp;bgLayer=pk&amp;season=summer&amp;resolution=10&amp;E=2677724&amp;N=1193928&amp;trackId=5065936\">Karte Schweizmobil:<\/a><\/p>\n<p><!-- index.php -->\n<div\n\tclass=\"ngg-galleryoverview ngg-ajax-pagination-none\"\n\tid=\"ngg-gallery-34250-1\">\n\n    \t<div class=\"slideshowlink\">\n        <a href='https:\/\/www.freimarianne.ch\/index.php\/nggallery\/slideshow?page_id=33855'>[Show as slideshow]<\/a>\n\t\t\n\t<\/div>\n\t\t\t<!-- Thumbnails -->\n\t\t\t\t<div id=\"ngg-image-0\" class=\"ngg-gallery-thumbnail-box\" >\n\t\t\t\t        <div class=\"ngg-gallery-thumbnail\">\n            <a href=\"https:\/\/www.freimarianne.ch\/wp-content\/gallery\/sinsgauer-schonegg-23-10-18\/IMG_5081.jpg\"\n               title=\"Alpeler 1855m, Maisander 2136m, Hoh Brisen 2413m\"\n               data-src=\"https:\/\/www.freimarianne.ch\/wp-content\/gallery\/sinsgauer-schonegg-23-10-18\/IMG_5081.jpg\"\n               data-thumbnail=\"https:\/\/www.freimarianne.ch\/wp-content\/gallery\/sinsgauer-schonegg-23-10-18\/thumbs\/thumbs_IMG_5081.jpg\"\n               data-image-id=\"19755\"\n               data-title=\"Alpeler 1855m, Maisander 2136m, Hoh Brisen 2413m\"\n               data-description=\"Alpeler 1855m, Maisander 2136m, Hoh Brisen 2413m\"\n               data-image-slug=\"img_5081-3\"\n               class=\"shutterset_34250\">\n                <img\n                    title=\"Alpeler 1855m, Maisander 2136m, Hoh Brisen 2413m\"\n                    alt=\"Alpeler 1855m, Maisander 2136m, Hoh Brisen 2413m\"\n                    src=\"https:\/\/www.freimarianne.ch\/wp-content\/gallery\/sinsgauer-schonegg-23-10-18\/thumbs\/thumbs_IMG_5081.jpg\"\n                    width=\"100\"\n                    height=\"75\"\n                    style=\"max-width:100%;\"\n                \/>\n            <\/a>\n        <\/div>\n\t\t\t\t\t\t\t<\/div> \n\t\t\t\n        \n\t\t\t\t<div id=\"ngg-image-1\" class=\"ngg-gallery-thumbnail-box\" >\n\t\t\t\t        <div class=\"ngg-gallery-thumbnail\">\n            <a href=\"https:\/\/www.freimarianne.ch\/wp-content\/gallery\/sinsgauer-schonegg-23-10-18\/IMG_5087.jpg\"\n               title=\"Hoh Brisen 2413m\"\n               data-src=\"https:\/\/www.freimarianne.ch\/wp-content\/gallery\/sinsgauer-schonegg-23-10-18\/IMG_5087.jpg\"\n               data-thumbnail=\"https:\/\/www.freimarianne.ch\/wp-content\/gallery\/sinsgauer-schonegg-23-10-18\/thumbs\/thumbs_IMG_5087.jpg\"\n               data-image-id=\"19756\"\n               data-title=\"Hoh Brisen 2413m\"\n               data-description=\"Hoh Brisen 2413m\"\n               data-image-slug=\"img_5087-1\"\n               class=\"shutterset_34250\">\n                <img\n                    title=\"Hoh Brisen 2413m\"\n                    alt=\"Hoh Brisen 2413m\"\n                    src=\"https:\/\/www.freimarianne.ch\/wp-content\/gallery\/sinsgauer-schonegg-23-10-18\/thumbs\/thumbs_IMG_5087.jpg\"\n                    width=\"100\"\n                    height=\"75\"\n                    style=\"max-width:100%;\"\n                \/>\n            <\/a>\n        <\/div>\n\t\t\t\t\t\t\t<\/div> \n\t\t\t\n        \n\t\t\t\t<div id=\"ngg-image-2\" class=\"ngg-gallery-thumbnail-box\" >\n\t\t\t\t        <div class=\"ngg-gallery-thumbnail\">\n            <a href=\"https:\/\/www.freimarianne.ch\/wp-content\/gallery\/sinsgauer-schonegg-23-10-18\/IMG_5092.jpg\"\n               title=\"Blick hinunter ins  Isenthal; li Gandispitz 1996m, Schwalmis 2246m\"\n               data-src=\"https:\/\/www.freimarianne.ch\/wp-content\/gallery\/sinsgauer-schonegg-23-10-18\/IMG_5092.jpg\"\n               data-thumbnail=\"https:\/\/www.freimarianne.ch\/wp-content\/gallery\/sinsgauer-schonegg-23-10-18\/thumbs\/thumbs_IMG_5092.jpg\"\n               data-image-id=\"19757\"\n               data-title=\"Blick hinunter ins  Isenthal; li Gandispitz 1996m, Schwalmis 2246m\"\n               data-description=\"Blick hinunter ins  Isenthal; li Gandispitz 1996m, Schwalmis 2246m\"\n               data-image-slug=\"img_5092\"\n               class=\"shutterset_34250\">\n                <img\n                    title=\"Blick hinunter ins  Isenthal; li Gandispitz 1996m, Schwalmis 2246m\"\n                    alt=\"Blick hinunter ins  Isenthal; li Gandispitz 1996m, Schwalmis 2246m\"\n                    src=\"https:\/\/www.freimarianne.ch\/wp-content\/gallery\/sinsgauer-schonegg-23-10-18\/thumbs\/thumbs_IMG_5092.jpg\"\n                    width=\"100\"\n                    height=\"75\"\n                    style=\"max-width:100%;\"\n                \/>\n            <\/a>\n        <\/div>\n\t\t\t\t\t\t\t<\/div> \n\t\t\t\n        \n\t\t\t\t<div id=\"ngg-image-3\" class=\"ngg-gallery-thumbnail-box\" >\n\t\t\t\t        <div class=\"ngg-gallery-thumbnail\">\n            <a href=\"https:\/\/www.freimarianne.ch\/wp-content\/gallery\/sinsgauer-schonegg-23-10-18\/IMG_5095.jpg\"\n               title=\"das erste Eis des Herbstes\"\n               data-src=\"https:\/\/www.freimarianne.ch\/wp-content\/gallery\/sinsgauer-schonegg-23-10-18\/IMG_5095.jpg\"\n               data-thumbnail=\"https:\/\/www.freimarianne.ch\/wp-content\/gallery\/sinsgauer-schonegg-23-10-18\/thumbs\/thumbs_IMG_5095.jpg\"\n               data-image-id=\"19758\"\n               data-title=\"das erste Eis des Herbstes\"\n               data-description=\"das erste Eis des Herbstes\"\n               data-image-slug=\"img_5095-5\"\n               class=\"shutterset_34250\">\n                <img\n                    title=\"das erste Eis des Herbstes\"\n                    alt=\"das erste Eis des Herbstes\"\n                    src=\"https:\/\/www.freimarianne.ch\/wp-content\/gallery\/sinsgauer-schonegg-23-10-18\/thumbs\/thumbs_IMG_5095.jpg\"\n                    width=\"100\"\n                    height=\"75\"\n                    style=\"max-width:100%;\"\n                \/>\n            <\/a>\n        <\/div>\n\t\t\t\t\t\t\t<\/div> \n\t\t\t\n        \n\t\t\t\t<div id=\"ngg-image-4\" class=\"ngg-gallery-thumbnail-box\" >\n\t\t\t\t        <div class=\"ngg-gallery-thumbnail\">\n            <a href=\"https:\/\/www.freimarianne.ch\/wp-content\/gallery\/sinsgauer-schonegg-23-10-18\/IMG_5098.jpg\"\n               title=\"Blick hinauf ins Sulzutal mit den Sinsg\u00e4uer Schonegg; re Sinsg\u00e4uer Jochli und  Sinsg\u00e4uer Jochlistock\/ Jochli 2145m\"\n               data-src=\"https:\/\/www.freimarianne.ch\/wp-content\/gallery\/sinsgauer-schonegg-23-10-18\/IMG_5098.jpg\"\n               data-thumbnail=\"https:\/\/www.freimarianne.ch\/wp-content\/gallery\/sinsgauer-schonegg-23-10-18\/thumbs\/thumbs_IMG_5098.jpg\"\n               data-image-id=\"19759\"\n               data-title=\"Blick hinauf ins Sulzutal mit den Sinsg\u00c3\u00a4uer Schonegg; re Sinsg\u00c3\u00a4uer Jochli und  Sinsg\u00c3\u00a4uer Jochlistock\/ Jochli 2145m\"\n               data-description=\"Blick hinauf ins Sulzutal mit den Sinsg\u00e4uer Schonegg; re Sinsg\u00e4uer Jochli und  Sinsg\u00e4uer Jochlistock\/ Jochli 2145m\"\n               data-image-slug=\"img_5098-4\"\n               class=\"shutterset_34250\">\n                <img\n                    title=\"Blick hinauf ins Sulzutal mit den Sinsg\u00c3\u00a4uer Schonegg; re Sinsg\u00c3\u00a4uer Jochli und  Sinsg\u00c3\u00a4uer Jochlistock\/ Jochli 2145m\"\n                    alt=\"Blick hinauf ins Sulzutal mit den Sinsg\u00c3\u00a4uer Schonegg; re Sinsg\u00c3\u00a4uer Jochli und  Sinsg\u00c3\u00a4uer Jochlistock\/ Jochli 2145m\"\n                    src=\"https:\/\/www.freimarianne.ch\/wp-content\/gallery\/sinsgauer-schonegg-23-10-18\/thumbs\/thumbs_IMG_5098.jpg\"\n                    width=\"100\"\n                    height=\"75\"\n                    style=\"max-width:100%;\"\n                \/>\n            <\/a>\n        <\/div>\n\t\t\t\t\t\t\t<\/div> \n\t\t\t\n        \n\t\t\t\t<div id=\"ngg-image-5\" class=\"ngg-gallery-thumbnail-box\" >\n\t\t\t\t        <div class=\"ngg-gallery-thumbnail\">\n            <a href=\"https:\/\/www.freimarianne.ch\/wp-content\/gallery\/sinsgauer-schonegg-23-10-18\/IMG_5102.jpg\"\n               title=\"re hi Schwalmis; Blick hinunter ins Sulztal;  hi  Rophaien 2078m, \u00c4bneter St\u00f6ckli 2087m, Diepen 2222m, vo Horn 1654m,  Chulmi 1971m\"\n               data-src=\"https:\/\/www.freimarianne.ch\/wp-content\/gallery\/sinsgauer-schonegg-23-10-18\/IMG_5102.jpg\"\n               data-thumbnail=\"https:\/\/www.freimarianne.ch\/wp-content\/gallery\/sinsgauer-schonegg-23-10-18\/thumbs\/thumbs_IMG_5102.jpg\"\n               data-image-id=\"19760\"\n               data-title=\"re hi Schwalmis; Blick hinunter ins Sulztal;  hi  Rophaien 2078m, \u00c3\u0084bneter St\u00c3\u00b6ckli 2087m, Diepen 2222m, vo Horn 1654m,  Chulmi 1971m\"\n               data-description=\"re hi Schwalmis; Blick hinunter ins Sulztal;  hi  Rophaien 2078m, \u00c4bneter St\u00f6ckli 2087m, Diepen 2222m, vo Horn 1654m,  Chulmi 1971m\"\n               data-image-slug=\"img_5102-4\"\n               class=\"shutterset_34250\">\n                <img\n                    title=\"re hi Schwalmis; Blick hinunter ins Sulztal;  hi  Rophaien 2078m, \u00c3\u0084bneter St\u00c3\u00b6ckli 2087m, Diepen 2222m, vo Horn 1654m,  Chulmi 1971m\"\n                    alt=\"re hi Schwalmis; Blick hinunter ins Sulztal;  hi  Rophaien 2078m, \u00c3\u0084bneter St\u00c3\u00b6ckli 2087m, Diepen 2222m, vo Horn 1654m,  Chulmi 1971m\"\n                    src=\"https:\/\/www.freimarianne.ch\/wp-content\/gallery\/sinsgauer-schonegg-23-10-18\/thumbs\/thumbs_IMG_5102.jpg\"\n                    width=\"100\"\n                    height=\"75\"\n                    style=\"max-width:100%;\"\n                \/>\n            <\/a>\n        <\/div>\n\t\t\t\t\t\t\t<\/div> \n\t\t\t\n        \n\t\t\t\t<div id=\"ngg-image-6\" class=\"ngg-gallery-thumbnail-box\" >\n\t\t\t\t        <div class=\"ngg-gallery-thumbnail\">\n            <a href=\"https:\/\/www.freimarianne.ch\/wp-content\/gallery\/sinsgauer-schonegg-23-10-18\/IMG_5105.jpg\"\n               title=\"auf der Sinsg\u00e4uer Schonegg  1917m\"\n               data-src=\"https:\/\/www.freimarianne.ch\/wp-content\/gallery\/sinsgauer-schonegg-23-10-18\/IMG_5105.jpg\"\n               data-thumbnail=\"https:\/\/www.freimarianne.ch\/wp-content\/gallery\/sinsgauer-schonegg-23-10-18\/thumbs\/thumbs_IMG_5105.jpg\"\n               data-image-id=\"19761\"\n               data-title=\"auf der Sinsg\u00c3\u00a4uer Schonegg  1917m\"\n               data-description=\"auf der Sinsg\u00e4uer Schonegg  1917m\"\n               data-image-slug=\"img_5105-2\"\n               class=\"shutterset_34250\">\n                <img\n                    title=\"auf der Sinsg\u00c3\u00a4uer Schonegg  1917m\"\n                    alt=\"auf der Sinsg\u00c3\u00a4uer Schonegg  1917m\"\n                    src=\"https:\/\/www.freimarianne.ch\/wp-content\/gallery\/sinsgauer-schonegg-23-10-18\/thumbs\/thumbs_IMG_5105.jpg\"\n                    width=\"100\"\n                    height=\"75\"\n                    style=\"max-width:100%;\"\n                \/>\n            <\/a>\n        <\/div>\n\t\t\t\t\t\t\t<\/div> \n\t\t\t\n        \n\t\t\t\t<div id=\"ngg-image-7\" class=\"ngg-gallery-thumbnail-box\" >\n\t\t\t\t        <div class=\"ngg-gallery-thumbnail\">\n            <a href=\"https:\/\/www.freimarianne.ch\/wp-content\/gallery\/sinsgauer-schonegg-23-10-18\/IMG_5115.jpg\"\n               title=\"gegen Alp Widderen; Walenst\u00f6cke\"\n               data-src=\"https:\/\/www.freimarianne.ch\/wp-content\/gallery\/sinsgauer-schonegg-23-10-18\/IMG_5115.jpg\"\n               data-thumbnail=\"https:\/\/www.freimarianne.ch\/wp-content\/gallery\/sinsgauer-schonegg-23-10-18\/thumbs\/thumbs_IMG_5115.jpg\"\n               data-image-id=\"19762\"\n               data-title=\"gegen Alp Widderen; Walenst\u00c3\u00b6cke\"\n               data-description=\"gegen Alp Widderen; Walenst\u00f6cke\"\n               data-image-slug=\"img_5115-4\"\n               class=\"shutterset_34250\">\n                <img\n                    title=\"gegen Alp Widderen; Walenst\u00c3\u00b6cke\"\n                    alt=\"gegen Alp Widderen; Walenst\u00c3\u00b6cke\"\n                    src=\"https:\/\/www.freimarianne.ch\/wp-content\/gallery\/sinsgauer-schonegg-23-10-18\/thumbs\/thumbs_IMG_5115.jpg\"\n                    width=\"100\"\n                    height=\"75\"\n                    style=\"max-width:100%;\"\n                \/>\n            <\/a>\n        <\/div>\n\t\t\t\t\t\t\t<\/div> \n\t\t\t\n        \n\t\t\t\t<div id=\"ngg-image-8\" class=\"ngg-gallery-thumbnail-box\" >\n\t\t\t\t        <div class=\"ngg-gallery-thumbnail\">\n            <a href=\"https:\/\/www.freimarianne.ch\/wp-content\/gallery\/sinsgauer-schonegg-23-10-18\/IMG_5119.jpg\"\n               title=\"Sing\u00e4uer Schonegg 1917m\"\n               data-src=\"https:\/\/www.freimarianne.ch\/wp-content\/gallery\/sinsgauer-schonegg-23-10-18\/IMG_5119.jpg\"\n               data-thumbnail=\"https:\/\/www.freimarianne.ch\/wp-content\/gallery\/sinsgauer-schonegg-23-10-18\/thumbs\/thumbs_IMG_5119.jpg\"\n               data-image-id=\"19763\"\n               data-title=\"Sing\u00c3\u00a4uer Schonegg 1917m\"\n               data-description=\"Sing\u00e4uer Schonegg 1917m\"\n               data-image-slug=\"img_5119-3\"\n               class=\"shutterset_34250\">\n                <img\n                    title=\"Sing\u00c3\u00a4uer Schonegg 1917m\"\n                    alt=\"Sing\u00c3\u00a4uer Schonegg 1917m\"\n                    src=\"https:\/\/www.freimarianne.ch\/wp-content\/gallery\/sinsgauer-schonegg-23-10-18\/thumbs\/thumbs_IMG_5119.jpg\"\n                    width=\"100\"\n                    height=\"75\"\n                    style=\"max-width:100%;\"\n                \/>\n            <\/a>\n        <\/div>\n\t\t\t\t\t\t\t<\/div> \n\t\t\t\n        \n\t\t\t\t<div id=\"ngg-image-9\" class=\"ngg-gallery-thumbnail-box\" >\n\t\t\t\t        <div class=\"ngg-gallery-thumbnail\">\n            <a href=\"https:\/\/www.freimarianne.ch\/wp-content\/gallery\/sinsgauer-schonegg-23-10-18\/IMG_5123.jpg\"\n               title=\"gegen  Oberspies 1196m\"\n               data-src=\"https:\/\/www.freimarianne.ch\/wp-content\/gallery\/sinsgauer-schonegg-23-10-18\/IMG_5123.jpg\"\n               data-thumbnail=\"https:\/\/www.freimarianne.ch\/wp-content\/gallery\/sinsgauer-schonegg-23-10-18\/thumbs\/thumbs_IMG_5123.jpg\"\n               data-image-id=\"19764\"\n               data-title=\"gegen  Oberspies 1196m\"\n               data-description=\"gegen  Oberspies 1196m\"\n               data-image-slug=\"img_5123-1\"\n               class=\"shutterset_34250\">\n                <img\n                    title=\"gegen  Oberspies 1196m\"\n                    alt=\"gegen  Oberspies 1196m\"\n                    src=\"https:\/\/www.freimarianne.ch\/wp-content\/gallery\/sinsgauer-schonegg-23-10-18\/thumbs\/thumbs_IMG_5123.jpg\"\n                    width=\"100\"\n                    height=\"75\"\n                    style=\"max-width:100%;\"\n                \/>\n            <\/a>\n        <\/div>\n\t\t\t\t\t\t\t<\/div> \n\t\t\t\n        \n\t\t\t\t<div id=\"ngg-image-10\" class=\"ngg-gallery-thumbnail-box\" >\n\t\t\t\t        <div class=\"ngg-gallery-thumbnail\">\n            <a href=\"https:\/\/www.freimarianne.ch\/wp-content\/gallery\/sinsgauer-schonegg-23-10-18\/IMG_5128.jpg\"\n               title=\"ein Blick zur\u00fcck auf Oberspies 1196m\"\n               data-src=\"https:\/\/www.freimarianne.ch\/wp-content\/gallery\/sinsgauer-schonegg-23-10-18\/IMG_5128.jpg\"\n               data-thumbnail=\"https:\/\/www.freimarianne.ch\/wp-content\/gallery\/sinsgauer-schonegg-23-10-18\/thumbs\/thumbs_IMG_5128.jpg\"\n               data-image-id=\"19765\"\n               data-title=\"ein Blick zur\u00c3\u00bcck auf Oberspies 1196m\"\n               data-description=\"ein Blick zur\u00fcck auf Oberspies 1196m\"\n               data-image-slug=\"img_5128-3\"\n               class=\"shutterset_34250\">\n                <img\n                    title=\"ein Blick zur\u00c3\u00bcck auf Oberspies 1196m\"\n                    alt=\"ein Blick zur\u00c3\u00bcck auf Oberspies 1196m\"\n                    src=\"https:\/\/www.freimarianne.ch\/wp-content\/gallery\/sinsgauer-schonegg-23-10-18\/thumbs\/thumbs_IMG_5128.jpg\"\n                    width=\"100\"\n                    height=\"75\"\n                    style=\"max-width:100%;\"\n                \/>\n            <\/a>\n        <\/div>\n\t\t\t\t\t\t\t<\/div> \n\t\t\t\n        \n\t\t\t\t<div id=\"ngg-image-11\" class=\"ngg-gallery-thumbnail-box\" >\n\t\t\t\t        <div class=\"ngg-gallery-thumbnail\">\n            <a href=\"https:\/\/www.freimarianne.ch\/wp-content\/gallery\/sinsgauer-schonegg-23-10-18\/IMG_5129.jpg\"\n               title=\"Blick hinunter ins Tal\"\n               data-src=\"https:\/\/www.freimarianne.ch\/wp-content\/gallery\/sinsgauer-schonegg-23-10-18\/IMG_5129.jpg\"\n               data-thumbnail=\"https:\/\/www.freimarianne.ch\/wp-content\/gallery\/sinsgauer-schonegg-23-10-18\/thumbs\/thumbs_IMG_5129.jpg\"\n               data-image-id=\"19766\"\n               data-title=\"Blick hinunter ins Tal\"\n               data-description=\"Blick hinunter ins Tal\"\n               data-image-slug=\"img_5129-4\"\n               class=\"shutterset_34250\">\n                <img\n                    title=\"Blick hinunter ins Tal\"\n                    alt=\"Blick hinunter ins Tal\"\n                    src=\"https:\/\/www.freimarianne.ch\/wp-content\/gallery\/sinsgauer-schonegg-23-10-18\/thumbs\/thumbs_IMG_5129.jpg\"\n                    width=\"100\"\n                    height=\"75\"\n                    style=\"max-width:100%;\"\n                \/>\n            <\/a>\n        <\/div>\n\t\t\t\t\t\t\t<\/div> \n\t\t\t\n        \n\t\t\t\t<div id=\"ngg-image-12\" class=\"ngg-gallery-thumbnail-box\" >\n\t\t\t\t        <div class=\"ngg-gallery-thumbnail\">\n            <a href=\"https:\/\/www.freimarianne.ch\/wp-content\/gallery\/sinsgauer-schonegg-23-10-18\/IMG_5131.jpg\"\n               title=\"ein sch\u00f6ner Wanderpfad hinunter nach Fell\"\n               data-src=\"https:\/\/www.freimarianne.ch\/wp-content\/gallery\/sinsgauer-schonegg-23-10-18\/IMG_5131.jpg\"\n               data-thumbnail=\"https:\/\/www.freimarianne.ch\/wp-content\/gallery\/sinsgauer-schonegg-23-10-18\/thumbs\/thumbs_IMG_5131.jpg\"\n               data-image-id=\"19767\"\n               data-title=\"ein sch\u00c3\u00b6ner Wanderpfad hinunter nach Fell\"\n               data-description=\"ein sch\u00f6ner Wanderpfad hinunter nach Fell\"\n               data-image-slug=\"img_5131-1\"\n               class=\"shutterset_34250\">\n                <img\n                    title=\"ein sch\u00c3\u00b6ner Wanderpfad hinunter nach Fell\"\n                    alt=\"ein sch\u00c3\u00b6ner Wanderpfad hinunter nach Fell\"\n                    src=\"https:\/\/www.freimarianne.ch\/wp-content\/gallery\/sinsgauer-schonegg-23-10-18\/thumbs\/thumbs_IMG_5131.jpg\"\n                    width=\"100\"\n                    height=\"75\"\n                    style=\"max-width:100%;\"\n                \/>\n            <\/a>\n        <\/div>\n\t\t\t\t\t\t\t<\/div> \n\t\t\t\n        \n\t\t\t\t<div id=\"ngg-image-13\" class=\"ngg-gallery-thumbnail-box\" >\n\t\t\t\t        <div class=\"ngg-gallery-thumbnail\">\n            <a href=\"https:\/\/www.freimarianne.ch\/wp-content\/gallery\/sinsgauer-schonegg-23-10-18\/IMG_5134.jpg\"\n               title=\"hinunter nach Fell\"\n               data-src=\"https:\/\/www.freimarianne.ch\/wp-content\/gallery\/sinsgauer-schonegg-23-10-18\/IMG_5134.jpg\"\n               data-thumbnail=\"https:\/\/www.freimarianne.ch\/wp-content\/gallery\/sinsgauer-schonegg-23-10-18\/thumbs\/thumbs_IMG_5134.jpg\"\n               data-image-id=\"19768\"\n               data-title=\"hinunter nach Fell\"\n               data-description=\"hinunter nach Fell\"\n               data-image-slug=\"img_5134-1\"\n               class=\"shutterset_34250\">\n                <img\n                    title=\"hinunter nach Fell\"\n                    alt=\"hinunter nach Fell\"\n                    src=\"https:\/\/www.freimarianne.ch\/wp-content\/gallery\/sinsgauer-schonegg-23-10-18\/thumbs\/thumbs_IMG_5134.jpg\"\n                    width=\"100\"\n                    height=\"75\"\n                    style=\"max-width:100%;\"\n                \/>\n            <\/a>\n        <\/div>\n\t\t\t\t\t\t\t<\/div> \n\t\t\t\n        \n\t\t\t\t<div id=\"ngg-image-14\" class=\"ngg-gallery-thumbnail-box\" >\n\t\t\t\t        <div class=\"ngg-gallery-thumbnail\">\n            <a href=\"https:\/\/www.freimarianne.ch\/wp-content\/gallery\/sinsgauer-schonegg-23-10-18\/IMG_5138.jpg\"\n               title=\"Blick auf Oberrickenbach\"\n               data-src=\"https:\/\/www.freimarianne.ch\/wp-content\/gallery\/sinsgauer-schonegg-23-10-18\/IMG_5138.jpg\"\n               data-thumbnail=\"https:\/\/www.freimarianne.ch\/wp-content\/gallery\/sinsgauer-schonegg-23-10-18\/thumbs\/thumbs_IMG_5138.jpg\"\n               data-image-id=\"19769\"\n               data-title=\"Blick auf Oberrickenbach\"\n               data-description=\"Blick auf Oberrickenbach\"\n               data-image-slug=\"img_5138-1\"\n               class=\"shutterset_34250\">\n                <img\n                    title=\"Blick auf Oberrickenbach\"\n                    alt=\"Blick auf Oberrickenbach\"\n                    src=\"https:\/\/www.freimarianne.ch\/wp-content\/gallery\/sinsgauer-schonegg-23-10-18\/thumbs\/thumbs_IMG_5138.jpg\"\n                    width=\"100\"\n                    height=\"75\"\n                    style=\"max-width:100%;\"\n                \/>\n            <\/a>\n        <\/div>\n\t\t\t\t\t\t\t<\/div> \n\t\t\t\n        \n\t\t\t\t<div id=\"ngg-image-15\" class=\"ngg-gallery-thumbnail-box\" >\n\t\t\t\t        <div class=\"ngg-gallery-thumbnail\">\n            <a href=\"https:\/\/www.freimarianne.ch\/wp-content\/gallery\/sinsgauer-schonegg-23-10-18\/IMG_5144.jpg\"\n               title=\"Kirche  Oberrickenbach\"\n               data-src=\"https:\/\/www.freimarianne.ch\/wp-content\/gallery\/sinsgauer-schonegg-23-10-18\/IMG_5144.jpg\"\n               data-thumbnail=\"https:\/\/www.freimarianne.ch\/wp-content\/gallery\/sinsgauer-schonegg-23-10-18\/thumbs\/thumbs_IMG_5144.jpg\"\n               data-image-id=\"19770\"\n               data-title=\"Kirche  Oberrickenbach\"\n               data-description=\"Kirche  Oberrickenbach\"\n               data-image-slug=\"img_5144-3\"\n               class=\"shutterset_34250\">\n                <img\n                    title=\"Kirche  Oberrickenbach\"\n                    alt=\"Kirche  Oberrickenbach\"\n                    src=\"https:\/\/www.freimarianne.ch\/wp-content\/gallery\/sinsgauer-schonegg-23-10-18\/thumbs\/thumbs_IMG_5144.jpg\"\n                    width=\"100\"\n                    height=\"75\"\n                    style=\"max-width:100%;\"\n                \/>\n            <\/a>\n        <\/div>\n\t\t\t\t\t\t\t<\/div> \n\t\t\t\n        \n\t\t\n\t\t<!-- Pagination -->\n\t<div class='ngg-clear'><\/div>\t<\/div>\n<\/p>\n","protected":false},"excerpt":{"rendered":"<p>Isenthal St.Jakob-Gitschenen-Sinsg\u00e4uer Schonegg-Fell-Oberrickenbach Heute machen wir auf wenig begangenen Wegen einen \u00dcbergang vom Kanton Uri in den Kanton Nidwalden . Wir starten in Gitschenen 1583m, einem recht abseits gelegen Ort, den wir mit der Seilbahn von St. Jakob im Isenthal erreichen. Wir wandern lange im Schatten das Sulztal hinauf. Am Horizont erblicken die Sinsg\u00e4uer Schonegg [&hellip;]<\/p>\n","protected":false},"author":1,"featured_media":0,"parent":32741,"menu_order":21,"comment_status":"closed","ping_status":"closed","template":"","meta":{"ngg_post_thumbnail":0},"_links":{"self":[{"href":"https:\/\/www.freimarianne.ch\/index.php?rest_route=\/wp\/v2\/pages\/33855"}],"collection":[{"href":"https:\/\/www.freimarianne.ch\/index.php?rest_route=\/wp\/v2\/pages"}],"about":[{"href":"https:\/\/www.freimarianne.ch\/index.php?rest_route=\/wp\/v2\/types\/page"}],"author":[{"embeddable":true,"href":"https:\/\/www.freimarianne.ch\/index.php?rest_route=\/wp\/v2\/users\/1"}],"replies":[{"embeddable":true,"href":"https:\/\/www.freimarianne.ch\/index.php?rest_route=%2Fwp%2Fv2%2Fcomments&post=33855"}],"version-history":[{"count":6,"href":"https:\/\/www.freimarianne.ch\/index.php?rest_route=\/wp\/v2\/pages\/33855\/revisions"}],"predecessor-version":[{"id":34251,"href":"https:\/\/www.freimarianne.ch\/index.php?rest_route=\/wp\/v2\/pages\/33855\/revisions\/34251"}],"up":[{"embeddable":true,"href":"https:\/\/www.freimarianne.ch\/index.php?rest_route=\/wp\/v2\/pages\/32741"}],"wp:attachment":[{"href":"https:\/\/www.freimarianne.ch\/index.php?rest_route=%2Fwp%2Fv2%2Fmedia&parent=33855"}],"curies":[{"name":"wp","href":"https:\/\/api.w.org\/{rel}","templated":true}]}}