{"id":34365,"date":"2018-11-11T16:17:07","date_gmt":"2018-11-11T15:17:07","guid":{"rendered":"http:\/\/www.freimarianne.ch\/?page_id=34365"},"modified":"2018-11-11T16:30:24","modified_gmt":"2018-11-11T15:30:24","slug":"fluelen-tellskapelle-ur-8-11-2018","status":"publish","type":"page","link":"https:\/\/www.freimarianne.ch\/?page_id=34365","title":{"rendered":"Fl\u00fcelen &#8211; Tellskapelle  UR 8.11.2018"},"content":{"rendered":"<p><strong>Kurzwanderung auf dem Weg der Schweiz von Fl\u00fcelen zur Tellskapelle<\/strong><\/p>\n<div id=\"attachment_34363\" style=\"width: 510px\" class=\"wp-caption alignleft\"><img aria-describedby=\"caption-attachment-34363\" loading=\"lazy\" class=\"size-full wp-image-34363\" src=\"http:\/\/www.freimarianne.ch\/wp-content\/uploads\/2018\/11\/IMG_5375_flu\u0308elen_500.jpg\" alt=\"\" width=\"500\" height=\"333\" srcset=\"https:\/\/www.freimarianne.ch\/wp-content\/uploads\/2018\/11\/IMG_5375_flu\u0308elen_500.jpg 500w, https:\/\/www.freimarianne.ch\/wp-content\/uploads\/2018\/11\/IMG_5375_flu\u0308elen_500-300x200.jpg 300w, https:\/\/www.freimarianne.ch\/wp-content\/uploads\/2018\/11\/IMG_5375_flu\u0308elen_500-450x300.jpg 450w\" sizes=\"(max-width: 500px) 100vw, 500px\" \/><p id=\"caption-attachment-34363\" class=\"wp-caption-text\">hinunter zur Tellskapelle<\/p><\/div>\n<p>Heute m\u00f6chte ich den Weg der Schweiz von Fl\u00fcelen nach Sisikon erkunden. Dazu ist das Novemberwetter gerade richtig. Vom Bahnhof Fl\u00fcelen aus gehe ich auf der Teerstrasse bis zu einer Treppe, die hinauf auf die Br\u00fccke \u00fcber den Gruonbach f\u00fchrt. Von dort an wandere ich auf einem Wanderweg, der zwischen Strasse und Schiene verl\u00e4uft. Es geht hinauf und hinunter und dann wieder hinauf auf die Autostrasse. Im senkrecht abfallenden Felsgel\u00e4nde gibt es gar keine andere M\u00f6glichkeit. Zum Gl\u00fcck kann man etwas sp\u00e4ter auf die alte Axentrasse ausweichen. So gelange ich zu einem Aussichtspunkt mit Panoramatafeln. Von dort geht es auf einem Wanderweg hinunter Richtung Telllskapelle. Ich komme auf eine Wiese mit einem sog. Glockenspiel, wo man immer jede Stunde die Glocken zum l\u00e4uten bringen kann. Nach einem Exkurs hinunter zur Tellskapelle komme ich dann auch dran, eine Meldodie zu w\u00e4hlen, die die Glocken spielen k\u00f6nnen ( immer die ersten 10 Minuten der vollen Stunde). Der Weg f\u00fchrt weiter zur Schiffstation Tellsplatte. Wie ich sehe, wird bald das Schiff nach Luzern anlegen. Soll ich nun weiter nach Sisikon wandern oder fahren?. Ich w\u00e4hle das Schiff, was eine gute Entscheidung ist, denn das Wetter verschlechtert sich zusehends.<\/p>\n<p><!-- index.php -->\n<div\n\tclass=\"ngg-galleryoverview ngg-ajax-pagination-none\"\n\tid=\"ngg-gallery-34422-1\">\n\n    \t<div class=\"slideshowlink\">\n        <a href='https:\/\/www.freimarianne.ch\/index.php\/nggallery\/slideshow?page_id=34365'>[Show as slideshow]<\/a>\n\t\t\n\t<\/div>\n\t\t\t<!-- Thumbnails -->\n\t\t\t\t<div id=\"ngg-image-0\" class=\"ngg-gallery-thumbnail-box\" >\n\t\t\t\t        <div class=\"ngg-gallery-thumbnail\">\n            <a href=\"https:\/\/www.freimarianne.ch\/wp-content\/gallery\/fluelen-8-11-18\/IMG_5351.jpg\"\n               title=\"hinter der Lawinenverbauung\"\n               data-src=\"https:\/\/www.freimarianne.ch\/wp-content\/gallery\/fluelen-8-11-18\/IMG_5351.jpg\"\n               data-thumbnail=\"https:\/\/www.freimarianne.ch\/wp-content\/gallery\/fluelen-8-11-18\/thumbs\/thumbs_IMG_5351.jpg\"\n               data-image-id=\"19816\"\n               data-title=\"hinter der Lawinenverbauung\"\n               data-description=\"hinter der Lawinenverbauung\"\n               data-image-slug=\"img_5351-1\"\n               class=\"shutterset_34422\">\n                <img\n                    title=\"hinter der Lawinenverbauung\"\n                    alt=\"hinter der Lawinenverbauung\"\n                    src=\"https:\/\/www.freimarianne.ch\/wp-content\/gallery\/fluelen-8-11-18\/thumbs\/thumbs_IMG_5351.jpg\"\n                    width=\"100\"\n                    height=\"75\"\n                    style=\"max-width:100%;\"\n                \/>\n            <\/a>\n        <\/div>\n\t\t\t\t\t\t\t<\/div> \n\t\t\t\n        \n\t\t\t\t<div id=\"ngg-image-1\" class=\"ngg-gallery-thumbnail-box\" >\n\t\t\t\t        <div class=\"ngg-gallery-thumbnail\">\n            <a href=\"https:\/\/www.freimarianne.ch\/wp-content\/gallery\/fluelen-8-11-18\/IMG_5353.jpg\"\n               title=\"auf dem Weg der Schweiz\"\n               data-src=\"https:\/\/www.freimarianne.ch\/wp-content\/gallery\/fluelen-8-11-18\/IMG_5353.jpg\"\n               data-thumbnail=\"https:\/\/www.freimarianne.ch\/wp-content\/gallery\/fluelen-8-11-18\/thumbs\/thumbs_IMG_5353.jpg\"\n               data-image-id=\"19817\"\n               data-title=\"auf dem Weg der Schweiz\"\n               data-description=\"auf dem Weg der Schweiz\"\n               data-image-slug=\"img_5353-1\"\n               class=\"shutterset_34422\">\n                <img\n                    title=\"auf dem Weg der Schweiz\"\n                    alt=\"auf dem Weg der Schweiz\"\n                    src=\"https:\/\/www.freimarianne.ch\/wp-content\/gallery\/fluelen-8-11-18\/thumbs\/thumbs_IMG_5353.jpg\"\n                    width=\"100\"\n                    height=\"75\"\n                    style=\"max-width:100%;\"\n                \/>\n            <\/a>\n        <\/div>\n\t\t\t\t\t\t\t<\/div> \n\t\t\t\n        \n\t\t\t\t<div id=\"ngg-image-2\" class=\"ngg-gallery-thumbnail-box\" >\n\t\t\t\t        <div class=\"ngg-gallery-thumbnail\">\n            <a href=\"https:\/\/www.freimarianne.ch\/wp-content\/gallery\/fluelen-8-11-18\/IMG_5358.jpg\"\n               title=\"Blick  zur\u00fcck auf Fl\u00fcelen\"\n               data-src=\"https:\/\/www.freimarianne.ch\/wp-content\/gallery\/fluelen-8-11-18\/IMG_5358.jpg\"\n               data-thumbnail=\"https:\/\/www.freimarianne.ch\/wp-content\/gallery\/fluelen-8-11-18\/thumbs\/thumbs_IMG_5358.jpg\"\n               data-image-id=\"19818\"\n               data-title=\"Blick  zur\u00c3\u00bcck auf Fl\u00c3\u00bcelen\"\n               data-description=\"Blick  zur\u00fcck auf Fl\u00fcelen\"\n               data-image-slug=\"img_5358\"\n               class=\"shutterset_34422\">\n                <img\n                    title=\"Blick  zur\u00c3\u00bcck auf Fl\u00c3\u00bcelen\"\n                    alt=\"Blick  zur\u00c3\u00bcck auf Fl\u00c3\u00bcelen\"\n                    src=\"https:\/\/www.freimarianne.ch\/wp-content\/gallery\/fluelen-8-11-18\/thumbs\/thumbs_IMG_5358.jpg\"\n                    width=\"100\"\n                    height=\"75\"\n                    style=\"max-width:100%;\"\n                \/>\n            <\/a>\n        <\/div>\n\t\t\t\t\t\t\t<\/div> \n\t\t\t\n        \n\t\t\t\t<div id=\"ngg-image-3\" class=\"ngg-gallery-thumbnail-box\" >\n\t\t\t\t        <div class=\"ngg-gallery-thumbnail\">\n            <a href=\"https:\/\/www.freimarianne.ch\/wp-content\/gallery\/fluelen-8-11-18\/IMG_5360.jpg\"\n               title=\"Herbststimmung\"\n               data-src=\"https:\/\/www.freimarianne.ch\/wp-content\/gallery\/fluelen-8-11-18\/IMG_5360.jpg\"\n               data-thumbnail=\"https:\/\/www.freimarianne.ch\/wp-content\/gallery\/fluelen-8-11-18\/thumbs\/thumbs_IMG_5360.jpg\"\n               data-image-id=\"19819\"\n               data-title=\"Herbststimmung\"\n               data-description=\"Herbststimmung\"\n               data-image-slug=\"img_5360-5\"\n               class=\"shutterset_34422\">\n                <img\n                    title=\"Herbststimmung\"\n                    alt=\"Herbststimmung\"\n                    src=\"https:\/\/www.freimarianne.ch\/wp-content\/gallery\/fluelen-8-11-18\/thumbs\/thumbs_IMG_5360.jpg\"\n                    width=\"100\"\n                    height=\"75\"\n                    style=\"max-width:100%;\"\n                \/>\n            <\/a>\n        <\/div>\n\t\t\t\t\t\t\t<\/div> \n\t\t\t\n        \n\t\t\t\t<div id=\"ngg-image-4\" class=\"ngg-gallery-thumbnail-box\" >\n\t\t\t\t        <div class=\"ngg-gallery-thumbnail\">\n            <a href=\"https:\/\/www.freimarianne.ch\/wp-content\/gallery\/fluelen-8-11-18\/IMG_5367.jpg\"\n               title=\"Marianne auf der Axentrasse\"\n               data-src=\"https:\/\/www.freimarianne.ch\/wp-content\/gallery\/fluelen-8-11-18\/IMG_5367.jpg\"\n               data-thumbnail=\"https:\/\/www.freimarianne.ch\/wp-content\/gallery\/fluelen-8-11-18\/thumbs\/thumbs_IMG_5367.jpg\"\n               data-image-id=\"19820\"\n               data-title=\"Marianne auf der Axentrasse\"\n               data-description=\"Marianne auf der Axentrasse\"\n               data-image-slug=\"img_5367-1\"\n               class=\"shutterset_34422\">\n                <img\n                    title=\"Marianne auf der Axentrasse\"\n                    alt=\"Marianne auf der Axentrasse\"\n                    src=\"https:\/\/www.freimarianne.ch\/wp-content\/gallery\/fluelen-8-11-18\/thumbs\/thumbs_IMG_5367.jpg\"\n                    width=\"100\"\n                    height=\"75\"\n                    style=\"max-width:100%;\"\n                \/>\n            <\/a>\n        <\/div>\n\t\t\t\t\t\t\t<\/div> \n\t\t\t\n        \n\t\t\t\t<div id=\"ngg-image-5\" class=\"ngg-gallery-thumbnail-box\" >\n\t\t\t\t        <div class=\"ngg-gallery-thumbnail\">\n            <a href=\"https:\/\/www.freimarianne.ch\/wp-content\/gallery\/fluelen-8-11-18\/IMG_5373.jpg\"\n               title=\"der Pfad hinunter zur Tellskapelle\"\n               data-src=\"https:\/\/www.freimarianne.ch\/wp-content\/gallery\/fluelen-8-11-18\/IMG_5373.jpg\"\n               data-thumbnail=\"https:\/\/www.freimarianne.ch\/wp-content\/gallery\/fluelen-8-11-18\/thumbs\/thumbs_IMG_5373.jpg\"\n               data-image-id=\"19821\"\n               data-title=\"der Pfad hinunter zur Tellskapelle\"\n               data-description=\"der Pfad hinunter zur Tellskapelle\"\n               data-image-slug=\"img_5373-1\"\n               class=\"shutterset_34422\">\n                <img\n                    title=\"der Pfad hinunter zur Tellskapelle\"\n                    alt=\"der Pfad hinunter zur Tellskapelle\"\n                    src=\"https:\/\/www.freimarianne.ch\/wp-content\/gallery\/fluelen-8-11-18\/thumbs\/thumbs_IMG_5373.jpg\"\n                    width=\"100\"\n                    height=\"75\"\n                    style=\"max-width:100%;\"\n                \/>\n            <\/a>\n        <\/div>\n\t\t\t\t\t\t\t<\/div> \n\t\t\t\n        \n\t\t\t\t<div id=\"ngg-image-6\" class=\"ngg-gallery-thumbnail-box\" >\n\t\t\t\t        <div class=\"ngg-gallery-thumbnail\">\n            <a href=\"https:\/\/www.freimarianne.ch\/wp-content\/gallery\/fluelen-8-11-18\/IMG_5376.jpg\"\n               title=\"Glockenspiel\"\n               data-src=\"https:\/\/www.freimarianne.ch\/wp-content\/gallery\/fluelen-8-11-18\/IMG_5376.jpg\"\n               data-thumbnail=\"https:\/\/www.freimarianne.ch\/wp-content\/gallery\/fluelen-8-11-18\/thumbs\/thumbs_IMG_5376.jpg\"\n               data-image-id=\"19822\"\n               data-title=\"Glockenspiel\"\n               data-description=\"Glockenspiel\"\n               data-image-slug=\"img_5376-1\"\n               class=\"shutterset_34422\">\n                <img\n                    title=\"Glockenspiel\"\n                    alt=\"Glockenspiel\"\n                    src=\"https:\/\/www.freimarianne.ch\/wp-content\/gallery\/fluelen-8-11-18\/thumbs\/thumbs_IMG_5376.jpg\"\n                    width=\"100\"\n                    height=\"75\"\n                    style=\"max-width:100%;\"\n                \/>\n            <\/a>\n        <\/div>\n\t\t\t\t\t\t\t<\/div> \n\t\t\t\n        \n\t\t\t\t<div id=\"ngg-image-7\" class=\"ngg-gallery-thumbnail-box\" >\n\t\t\t\t        <div class=\"ngg-gallery-thumbnail\">\n            <a href=\"https:\/\/www.freimarianne.ch\/wp-content\/gallery\/fluelen-8-11-18\/IMG_5379.jpg\"\n               title=\"Tellskapelle\"\n               data-src=\"https:\/\/www.freimarianne.ch\/wp-content\/gallery\/fluelen-8-11-18\/IMG_5379.jpg\"\n               data-thumbnail=\"https:\/\/www.freimarianne.ch\/wp-content\/gallery\/fluelen-8-11-18\/thumbs\/thumbs_IMG_5379.jpg\"\n               data-image-id=\"19823\"\n               data-title=\"Tellskapelle\"\n               data-description=\"Tellskapelle\"\n               data-image-slug=\"img_5379-3\"\n               class=\"shutterset_34422\">\n                <img\n                    title=\"Tellskapelle\"\n                    alt=\"Tellskapelle\"\n                    src=\"https:\/\/www.freimarianne.ch\/wp-content\/gallery\/fluelen-8-11-18\/thumbs\/thumbs_IMG_5379.jpg\"\n                    width=\"100\"\n                    height=\"75\"\n                    style=\"max-width:100%;\"\n                \/>\n            <\/a>\n        <\/div>\n\t\t\t\t\t\t\t<\/div> \n\t\t\t\n        \n\t\t\t\t<div id=\"ngg-image-8\" class=\"ngg-gallery-thumbnail-box\" >\n\t\t\t\t        <div class=\"ngg-gallery-thumbnail\">\n            <a href=\"https:\/\/www.freimarianne.ch\/wp-content\/gallery\/fluelen-8-11-18\/IMG_5388.jpg\"\n               title=\"zur Schiffstation Tellsplatte\"\n               data-src=\"https:\/\/www.freimarianne.ch\/wp-content\/gallery\/fluelen-8-11-18\/IMG_5388.jpg\"\n               data-thumbnail=\"https:\/\/www.freimarianne.ch\/wp-content\/gallery\/fluelen-8-11-18\/thumbs\/thumbs_IMG_5388.jpg\"\n               data-image-id=\"19824\"\n               data-title=\"zur Schiffstation Tellsplatte\"\n               data-description=\"zur Schiffstation Tellsplatte\"\n               data-image-slug=\"img_5388-3\"\n               class=\"shutterset_34422\">\n                <img\n                    title=\"zur Schiffstation Tellsplatte\"\n                    alt=\"zur Schiffstation Tellsplatte\"\n                    src=\"https:\/\/www.freimarianne.ch\/wp-content\/gallery\/fluelen-8-11-18\/thumbs\/thumbs_IMG_5388.jpg\"\n                    width=\"100\"\n                    height=\"75\"\n                    style=\"max-width:100%;\"\n                \/>\n            <\/a>\n        <\/div>\n\t\t\t\t\t\t\t<\/div> \n\t\t\t\n        \n\t\t\t\t<div id=\"ngg-image-9\" class=\"ngg-gallery-thumbnail-box\" >\n\t\t\t\t        <div class=\"ngg-gallery-thumbnail\">\n            <a href=\"https:\/\/www.freimarianne.ch\/wp-content\/gallery\/fluelen-8-11-18\/IMG_5396.jpg\"\n               title=\"SIcht auf dei Landschaft bei der Tellsplatte4\"\n               data-src=\"https:\/\/www.freimarianne.ch\/wp-content\/gallery\/fluelen-8-11-18\/IMG_5396.jpg\"\n               data-thumbnail=\"https:\/\/www.freimarianne.ch\/wp-content\/gallery\/fluelen-8-11-18\/thumbs\/thumbs_IMG_5396.jpg\"\n               data-image-id=\"19825\"\n               data-title=\"SIcht auf dei Landschaft bei der Tellsplatte4\"\n               data-description=\"SIcht auf dei Landschaft bei der Tellsplatte4\"\n               data-image-slug=\"img_5396-1\"\n               class=\"shutterset_34422\">\n                <img\n                    title=\"SIcht auf dei Landschaft bei der Tellsplatte4\"\n                    alt=\"SIcht auf dei Landschaft bei der Tellsplatte4\"\n                    src=\"https:\/\/www.freimarianne.ch\/wp-content\/gallery\/fluelen-8-11-18\/thumbs\/thumbs_IMG_5396.jpg\"\n                    width=\"100\"\n                    height=\"75\"\n                    style=\"max-width:100%;\"\n                \/>\n            <\/a>\n        <\/div>\n\t\t\t\t\t\t\t<\/div> \n\t\t\t\n        \n\t\t\n\t\t<!-- Pagination -->\n\t<div class='ngg-clear'><\/div>\t<\/div>\n<\/p>\n","protected":false},"excerpt":{"rendered":"<p>Kurzwanderung auf dem Weg der Schweiz von Fl\u00fcelen zur Tellskapelle Heute m\u00f6chte ich den Weg der Schweiz von Fl\u00fcelen nach Sisikon erkunden. Dazu ist das Novemberwetter gerade richtig. Vom Bahnhof Fl\u00fcelen aus gehe ich auf der Teerstrasse bis zu einer Treppe, die hinauf auf die Br\u00fccke \u00fcber den Gruonbach f\u00fchrt. Von dort an wandere ich [&hellip;]<\/p>\n","protected":false},"author":1,"featured_media":0,"parent":32741,"menu_order":24,"comment_status":"closed","ping_status":"closed","template":"","meta":{"ngg_post_thumbnail":0},"_links":{"self":[{"href":"https:\/\/www.freimarianne.ch\/index.php?rest_route=\/wp\/v2\/pages\/34365"}],"collection":[{"href":"https:\/\/www.freimarianne.ch\/index.php?rest_route=\/wp\/v2\/pages"}],"about":[{"href":"https:\/\/www.freimarianne.ch\/index.php?rest_route=\/wp\/v2\/types\/page"}],"author":[{"embeddable":true,"href":"https:\/\/www.freimarianne.ch\/index.php?rest_route=\/wp\/v2\/users\/1"}],"replies":[{"embeddable":true,"href":"https:\/\/www.freimarianne.ch\/index.php?rest_route=%2Fwp%2Fv2%2Fcomments&post=34365"}],"version-history":[{"count":4,"href":"https:\/\/www.freimarianne.ch\/index.php?rest_route=\/wp\/v2\/pages\/34365\/revisions"}],"predecessor-version":[{"id":34423,"href":"https:\/\/www.freimarianne.ch\/index.php?rest_route=\/wp\/v2\/pages\/34365\/revisions\/34423"}],"up":[{"embeddable":true,"href":"https:\/\/www.freimarianne.ch\/index.php?rest_route=\/wp\/v2\/pages\/32741"}],"wp:attachment":[{"href":"https:\/\/www.freimarianne.ch\/index.php?rest_route=%2Fwp%2Fv2%2Fmedia&parent=34365"}],"curies":[{"name":"wp","href":"https:\/\/api.w.org\/{rel}","templated":true}]}}