{"id":34799,"date":"2018-12-31T15:56:35","date_gmt":"2018-12-31T14:56:35","guid":{"rendered":"http:\/\/www.freimarianne.ch\/?page_id=34799"},"modified":"2018-12-31T16:08:49","modified_gmt":"2018-12-31T15:08:49","slug":"andermatt-27-12-2018-ur","status":"publish","type":"page","link":"https:\/\/www.freimarianne.ch\/?page_id=34799","title":{"rendered":"Andermatt   27.12.2018  UR"},"content":{"rendered":"<p><strong>Winterwanderung von Andermatt auf den N\u00e4tschen<\/strong><\/p>\n<div id=\"attachment_34794\" style=\"width: 510px\" class=\"wp-caption alignleft\"><img aria-describedby=\"caption-attachment-34794\" loading=\"lazy\" class=\"size-full wp-image-34794\" src=\"http:\/\/www.freimarianne.ch\/wp-content\/uploads\/2018\/12\/IMG_6077_andermatt_500.jpg\" alt=\"\" width=\"500\" height=\"333\" srcset=\"https:\/\/www.freimarianne.ch\/wp-content\/uploads\/2018\/12\/IMG_6077_andermatt_500.jpg 500w, https:\/\/www.freimarianne.ch\/wp-content\/uploads\/2018\/12\/IMG_6077_andermatt_500-300x200.jpg 300w, https:\/\/www.freimarianne.ch\/wp-content\/uploads\/2018\/12\/IMG_6077_andermatt_500-450x300.jpg 450w\" sizes=\"(max-width: 500px) 100vw, 500px\" \/><p id=\"caption-attachment-34794\" class=\"wp-caption-text\">Rossbodenstock 2835m<\/p><\/div>\n<p>Heute ist eine Winterwanderungin Andermatt angesagt. Noch um 11h liegt Andermatt im Schatten. Ich beschliesse, den Winterwanderweg auf der Oberalpstrasse auf den N\u00e4tschen zu machen. Wie es sich aber herausstellt ist die Strasse offen f\u00fcr die Skifahrer und f\u00fcr die Schlitten. Ich muss also ganz am Rande gehen und st\u00e4ndig auf die Skifahrer aufpassen !<br \/>\nIch habe mir diese Wanderung anders vorgestellt! Aber ich bin jedenfalls bald an der Sonne und steige in langen Kehren hinauf zur Bahnstation N\u00e4tschen, wo ich genug habe vom Wintertourismus. Ich beschliesse, die n\u00e4chste Bahn auf den Oberalppass zu nehmen, um noch ein Wintererlebnis zu haben. Die Fahrt hinunter durch die Surselva ist sehr sch\u00f6n.<\/p>\n<p>Ich habe immerhin 400 H\u00f6henmeter gemacht und also doch etwas geleistet!<\/p>\n<p><!-- index.php -->\n<div\n\tclass=\"ngg-galleryoverview ngg-ajax-pagination-none\"\n\tid=\"ngg-gallery-34915-1\">\n\n    \t<div class=\"slideshowlink\">\n        <a href='https:\/\/www.freimarianne.ch\/index.php\/nggallery\/slideshow?page_id=34799'>[Show as slideshow]<\/a>\n\t\t\n\t<\/div>\n\t\t\t<!-- Thumbnails -->\n\t\t\t\t<div id=\"ngg-image-0\" class=\"ngg-gallery-thumbnail-box\" >\n\t\t\t\t        <div class=\"ngg-gallery-thumbnail\">\n            <a href=\"https:\/\/www.freimarianne.ch\/wp-content\/gallery\/andermatt-27-12-18\/IMG_6069.jpg\"\n               title=\"Blick ins Urserental; li Winterberg\"\n               data-src=\"https:\/\/www.freimarianne.ch\/wp-content\/gallery\/andermatt-27-12-18\/IMG_6069.jpg\"\n               data-thumbnail=\"https:\/\/www.freimarianne.ch\/wp-content\/gallery\/andermatt-27-12-18\/thumbs\/thumbs_IMG_6069.jpg\"\n               data-image-id=\"19991\"\n               data-title=\"Blick ins Urserental; li Winterberg\"\n               data-description=\"Blick ins Urserental; li Winterberg\"\n               data-image-slug=\"img_6069\"\n               class=\"shutterset_34915\">\n                <img\n                    title=\"Blick ins Urserental; li Winterberg\"\n                    alt=\"Blick ins Urserental; li Winterberg\"\n                    src=\"https:\/\/www.freimarianne.ch\/wp-content\/gallery\/andermatt-27-12-18\/thumbs\/thumbs_IMG_6069.jpg\"\n                    width=\"100\"\n                    height=\"75\"\n                    style=\"max-width:100%;\"\n                \/>\n            <\/a>\n        <\/div>\n\t\t\t\t\t\t\t<\/div> \n\t\t\t\n        \n\t\t\t\t<div id=\"ngg-image-1\" class=\"ngg-gallery-thumbnail-box\" >\n\t\t\t\t        <div class=\"ngg-gallery-thumbnail\">\n            <a href=\"https:\/\/www.freimarianne.ch\/wp-content\/gallery\/andermatt-27-12-18\/IMG_6070.jpg\"\n               title=\"Rossbodenstock 2835m\"\n               data-src=\"https:\/\/www.freimarianne.ch\/wp-content\/gallery\/andermatt-27-12-18\/IMG_6070.jpg\"\n               data-thumbnail=\"https:\/\/www.freimarianne.ch\/wp-content\/gallery\/andermatt-27-12-18\/thumbs\/thumbs_IMG_6070.jpg\"\n               data-image-id=\"19988\"\n               data-title=\"Rossbodenstock 2835m\"\n               data-description=\"Rossbodenstock 2835m\"\n               data-image-slug=\"img_6070-1\"\n               class=\"shutterset_34915\">\n                <img\n                    title=\"Rossbodenstock 2835m\"\n                    alt=\"Rossbodenstock 2835m\"\n                    src=\"https:\/\/www.freimarianne.ch\/wp-content\/gallery\/andermatt-27-12-18\/thumbs\/thumbs_IMG_6070.jpg\"\n                    width=\"100\"\n                    height=\"75\"\n                    style=\"max-width:100%;\"\n                \/>\n            <\/a>\n        <\/div>\n\t\t\t\t\t\t\t<\/div> \n\t\t\t\n        \n\t\t\t\t<div id=\"ngg-image-2\" class=\"ngg-gallery-thumbnail-box\" >\n\t\t\t\t        <div class=\"ngg-gallery-thumbnail\">\n            <a href=\"https:\/\/www.freimarianne.ch\/wp-content\/gallery\/andermatt-27-12-18\/IMG_6071.jpg\"\n               title=\"Blick auf Andermatt und Hospental\"\n               data-src=\"https:\/\/www.freimarianne.ch\/wp-content\/gallery\/andermatt-27-12-18\/IMG_6071.jpg\"\n               data-thumbnail=\"https:\/\/www.freimarianne.ch\/wp-content\/gallery\/andermatt-27-12-18\/thumbs\/thumbs_IMG_6071.jpg\"\n               data-image-id=\"19987\"\n               data-title=\"Blick auf Andermatt und Hospental\"\n               data-description=\"Blick auf Andermatt und Hospental\"\n               data-image-slug=\"img_6071-1\"\n               class=\"shutterset_34915\">\n                <img\n                    title=\"Blick auf Andermatt und Hospental\"\n                    alt=\"Blick auf Andermatt und Hospental\"\n                    src=\"https:\/\/www.freimarianne.ch\/wp-content\/gallery\/andermatt-27-12-18\/thumbs\/thumbs_IMG_6071.jpg\"\n                    width=\"100\"\n                    height=\"75\"\n                    style=\"max-width:100%;\"\n                \/>\n            <\/a>\n        <\/div>\n\t\t\t\t\t\t\t<\/div> \n\t\t\t\n        \n\t\t\t\t<div id=\"ngg-image-3\" class=\"ngg-gallery-thumbnail-box\" >\n\t\t\t\t        <div class=\"ngg-gallery-thumbnail\">\n            <a href=\"https:\/\/www.freimarianne.ch\/wp-content\/gallery\/andermatt-27-12-18\/IMG_6078.jpg\"\n               title=\"Rossbodenstock 2835m     und Alptal\"\n               data-src=\"https:\/\/www.freimarianne.ch\/wp-content\/gallery\/andermatt-27-12-18\/IMG_6078.jpg\"\n               data-thumbnail=\"https:\/\/www.freimarianne.ch\/wp-content\/gallery\/andermatt-27-12-18\/thumbs\/thumbs_IMG_6078.jpg\"\n               data-image-id=\"19992\"\n               data-title=\"Rossbodenstock 2835m     und Alptal\"\n               data-description=\"Rossbodenstock 2835m     und Alptal\"\n               data-image-slug=\"img_6078-1\"\n               class=\"shutterset_34915\">\n                <img\n                    title=\"Rossbodenstock 2835m     und Alptal\"\n                    alt=\"Rossbodenstock 2835m     und Alptal\"\n                    src=\"https:\/\/www.freimarianne.ch\/wp-content\/gallery\/andermatt-27-12-18\/thumbs\/thumbs_IMG_6078.jpg\"\n                    width=\"100\"\n                    height=\"75\"\n                    style=\"max-width:100%;\"\n                \/>\n            <\/a>\n        <\/div>\n\t\t\t\t\t\t\t<\/div> \n\t\t\t\n        \n\t\t\t\t<div id=\"ngg-image-4\" class=\"ngg-gallery-thumbnail-box\" >\n\t\t\t\t        <div class=\"ngg-gallery-thumbnail\">\n            <a href=\"https:\/\/www.freimarianne.ch\/wp-content\/gallery\/andermatt-27-12-18\/IMG_6079.jpg\"\n               title=\"Blick  gegenHospental, Winterberg; Muttenh\u00f6rner\"\n               data-src=\"https:\/\/www.freimarianne.ch\/wp-content\/gallery\/andermatt-27-12-18\/IMG_6079.jpg\"\n               data-thumbnail=\"https:\/\/www.freimarianne.ch\/wp-content\/gallery\/andermatt-27-12-18\/thumbs\/thumbs_IMG_6079.jpg\"\n               data-image-id=\"19990\"\n               data-title=\"Blick  gegenHospental, Winterberg; Muttenh\u00c3\u00b6rner\"\n               data-description=\"Blick  gegenHospental, Winterberg; Muttenh\u00f6rner\"\n               data-image-slug=\"img_6079\"\n               class=\"shutterset_34915\">\n                <img\n                    title=\"Blick  gegenHospental, Winterberg; Muttenh\u00c3\u00b6rner\"\n                    alt=\"Blick  gegenHospental, Winterberg; Muttenh\u00c3\u00b6rner\"\n                    src=\"https:\/\/www.freimarianne.ch\/wp-content\/gallery\/andermatt-27-12-18\/thumbs\/thumbs_IMG_6079.jpg\"\n                    width=\"100\"\n                    height=\"75\"\n                    style=\"max-width:100%;\"\n                \/>\n            <\/a>\n        <\/div>\n\t\t\t\t\t\t\t<\/div> \n\t\t\t\n        \n\t\t\t\t<div id=\"ngg-image-5\" class=\"ngg-gallery-thumbnail-box\" >\n\t\t\t\t        <div class=\"ngg-gallery-thumbnail\">\n            <a href=\"https:\/\/www.freimarianne.ch\/wp-content\/gallery\/andermatt-27-12-18\/IMG_6092.jpg\"\n               title=\"auf der Fahrt zum Oberalppass\"\n               data-src=\"https:\/\/www.freimarianne.ch\/wp-content\/gallery\/andermatt-27-12-18\/IMG_6092.jpg\"\n               data-thumbnail=\"https:\/\/www.freimarianne.ch\/wp-content\/gallery\/andermatt-27-12-18\/thumbs\/thumbs_IMG_6092.jpg\"\n               data-image-id=\"19993\"\n               data-title=\"auf der Fahrt zum Oberalppass\"\n               data-description=\"auf der Fahrt zum Oberalppass\"\n               data-image-slug=\"img_6092-3\"\n               class=\"shutterset_34915\">\n                <img\n                    title=\"auf der Fahrt zum Oberalppass\"\n                    alt=\"auf der Fahrt zum Oberalppass\"\n                    src=\"https:\/\/www.freimarianne.ch\/wp-content\/gallery\/andermatt-27-12-18\/thumbs\/thumbs_IMG_6092.jpg\"\n                    width=\"100\"\n                    height=\"75\"\n                    style=\"max-width:100%;\"\n                \/>\n            <\/a>\n        <\/div>\n\t\t\t\t\t\t\t<\/div> \n\t\t\t\n        \n\t\t\t\t<div id=\"ngg-image-6\" class=\"ngg-gallery-thumbnail-box\" >\n\t\t\t\t        <div class=\"ngg-gallery-thumbnail\">\n            <a href=\"https:\/\/www.freimarianne.ch\/wp-content\/gallery\/andermatt-27-12-18\/IMG_6102.jpg\"\n               title=\"auf der Fahrt zum Oberalppass\"\n               data-src=\"https:\/\/www.freimarianne.ch\/wp-content\/gallery\/andermatt-27-12-18\/IMG_6102.jpg\"\n               data-thumbnail=\"https:\/\/www.freimarianne.ch\/wp-content\/gallery\/andermatt-27-12-18\/thumbs\/thumbs_IMG_6102.jpg\"\n               data-image-id=\"19989\"\n               data-title=\"auf der Fahrt zum Oberalppass\"\n               data-description=\"auf der Fahrt zum Oberalppass\"\n               data-image-slug=\"img_6102-1\"\n               class=\"shutterset_34915\">\n                <img\n                    title=\"auf der Fahrt zum Oberalppass\"\n                    alt=\"auf der Fahrt zum Oberalppass\"\n                    src=\"https:\/\/www.freimarianne.ch\/wp-content\/gallery\/andermatt-27-12-18\/thumbs\/thumbs_IMG_6102.jpg\"\n                    width=\"100\"\n                    height=\"75\"\n                    style=\"max-width:100%;\"\n                \/>\n            <\/a>\n        <\/div>\n\t\t\t\t\t\t\t<\/div> \n\t\t\t\n        \n\t\t\n\t\t<!-- Pagination -->\n\t<div class='ngg-clear'><\/div>\t<\/div>\n<\/p>\n","protected":false},"excerpt":{"rendered":"<p>Winterwanderung von Andermatt auf den N\u00e4tschen Heute ist eine Winterwanderungin Andermatt angesagt. Noch um 11h liegt Andermatt im Schatten. Ich beschliesse, den Winterwanderweg auf der Oberalpstrasse auf den N\u00e4tschen zu machen. Wie es sich aber herausstellt ist die Strasse offen f\u00fcr die Skifahrer und f\u00fcr die Schlitten. Ich muss also ganz am Rande gehen und [&hellip;]<\/p>\n","protected":false},"author":1,"featured_media":0,"parent":34568,"menu_order":7,"comment_status":"closed","ping_status":"closed","template":"","meta":{"ngg_post_thumbnail":0},"_links":{"self":[{"href":"https:\/\/www.freimarianne.ch\/index.php?rest_route=\/wp\/v2\/pages\/34799"}],"collection":[{"href":"https:\/\/www.freimarianne.ch\/index.php?rest_route=\/wp\/v2\/pages"}],"about":[{"href":"https:\/\/www.freimarianne.ch\/index.php?rest_route=\/wp\/v2\/types\/page"}],"author":[{"embeddable":true,"href":"https:\/\/www.freimarianne.ch\/index.php?rest_route=\/wp\/v2\/users\/1"}],"replies":[{"embeddable":true,"href":"https:\/\/www.freimarianne.ch\/index.php?rest_route=%2Fwp%2Fv2%2Fcomments&post=34799"}],"version-history":[{"count":3,"href":"https:\/\/www.freimarianne.ch\/index.php?rest_route=\/wp\/v2\/pages\/34799\/revisions"}],"predecessor-version":[{"id":34917,"href":"https:\/\/www.freimarianne.ch\/index.php?rest_route=\/wp\/v2\/pages\/34799\/revisions\/34917"}],"up":[{"embeddable":true,"href":"https:\/\/www.freimarianne.ch\/index.php?rest_route=\/wp\/v2\/pages\/34568"}],"wp:attachment":[{"href":"https:\/\/www.freimarianne.ch\/index.php?rest_route=%2Fwp%2Fv2%2Fmedia&parent=34799"}],"curies":[{"name":"wp","href":"https:\/\/api.w.org\/{rel}","templated":true}]}}