{"id":34983,"date":"2019-01-05T11:39:26","date_gmt":"2019-01-05T10:39:26","guid":{"rendered":"http:\/\/www.freimarianne.ch\/?page_id=34983"},"modified":"2021-05-25T14:00:46","modified_gmt":"2021-05-25T13:00:46","slug":"grachen-vbs-3-1-2018","status":"publish","type":"page","link":"https:\/\/www.freimarianne.ch\/?page_id=34983","title":{"rendered":"Gr\u00e4chen  VS  3.1.2018"},"content":{"rendered":"<p><strong>Schneeschuhwanderung auf die Hannigalp<\/strong><\/p>\n<p>Obwohl ich erst um 8.00h in Basel abgefahren bin, liegt Gr\u00e4chen immer noch im Schatten. Wie gewohnt in diesem Dorf ist die Beschilderung schlecht. So mache ich einen Umweg \u00fcber \u201eim Loch \u201e, um zum Z\u2019Seew zu kommen,wo ich endlich die Schneeschuhe anziehen kann. Bis vor dem See bin ich auf der aperen Strasse gegangen. Beim Wegweiser Eggeri h\u00e4tte ich dem Winterwanderweg folgen sollen bin aber geradaus weiter duch den Bergwald hinaufgestiegen. Das letzte St\u00fcck muss ich noch auf der Piste aufsteigen, bin aber daf\u00fcr endlich an der Sonne. Die Hannigalp mit ihrem Skitrubel wirkt eher abstossend. Hier hat ein Schneeschuhg\u00e4nger wirklich nochts verloren! Da ich nirgends einen Wegweiser f\u00fcr den Trail hinunter finde, nehme ich die Gondel hinunter nach Gr\u00e4cjen. Von der Gondel aus sehe ich dann den Wegweiser unterhalb der Gondelbahn!<br \/>\nDiese Wanderung ist nicht empfehlenswert.<br \/>\n\r\n\t<div class=\"slideshow_container slideshow_container_style-light\" style=\"height: 400px; \" data-slideshow-id=\"34991\" data-style-name=\"style-light\" data-style-version=\"2.3.1\" >\r\n\r\n\t\t\t\t\t<div class=\"slideshow_loading_icon\"><\/div>\r\n\t\t\r\n\t\t<div class=\"slideshow_content\" style=\"display: none;\">\r\n\r\n\t\t\t<div class=\"slideshow_view\">\r\n\t\t\t\t<div class=\"slideshow_slide slideshow_slide_image\">\r\n\t\t\t\t\t\t\t\t\t\t\t<img src=\"https:\/\/www.freimarianne.ch\/wp-content\/uploads\/2019\/01\/IMG_6357.jpg\" alt=\"auf der Hannigalp 2122m\" width=\"400\" height=\"198\" \/>\r\n\t\t\t\t\t\t\t\t\t\t<div class=\"slideshow_description_box slideshow_transparent\">\r\n\t\t\t\t\t\t<div class=\"slideshow_title\">auf der Hannigalp 2122m<\/div>\t\t\t\t\t\t\t\t\t\t\t<\/div>\r\n\t\t\t\t<\/div>\r\n\r\n\t\t\t\t\t\t<div style=\"clear: both;\"><\/div><\/div><div class=\"slideshow_view\">\r\n\t\t\t\t<div class=\"slideshow_slide slideshow_slide_image\">\r\n\t\t\t\t\t\t\t\t\t\t\t<img src=\"https:\/\/www.freimarianne.ch\/wp-content\/uploads\/2019\/01\/IMG_6355.jpg\" alt=\"IMG_6355\" width=\"400\" height=\"267\" \/>\r\n\t\t\t\t\t\t\t\t\t\t<div class=\"slideshow_description_box slideshow_transparent\">\r\n\t\t\t\t\t\t<div class=\"slideshow_title\">IMG_6355<\/div>\t\t\t\t\t\t\t\t\t\t\t<\/div>\r\n\t\t\t\t<\/div>\r\n\r\n\t\t\t\t\t\t<div style=\"clear: both;\"><\/div><\/div><div class=\"slideshow_view\">\r\n\t\t\t\t<div class=\"slideshow_slide slideshow_slide_image\">\r\n\t\t\t\t\t\t\t\t\t\t\t<img src=\"https:\/\/www.freimarianne.ch\/wp-content\/uploads\/2019\/01\/IMG_6352.jpg\" alt=\"ich muss am Rande der Piste gehen\" width=\"400\" height=\"267\" \/>\r\n\t\t\t\t\t\t\t\t\t\t<div class=\"slideshow_description_box slideshow_transparent\">\r\n\t\t\t\t\t\t<div class=\"slideshow_title\">ich muss am Rande der Piste gehen<\/div>\t\t\t\t\t\t\t\t\t\t\t<\/div>\r\n\t\t\t\t<\/div>\r\n\r\n\t\t\t\t\t\t<div style=\"clear: both;\"><\/div><\/div><div class=\"slideshow_view\">\r\n\t\t\t\t<div class=\"slideshow_slide slideshow_slide_image\">\r\n\t\t\t\t\t\t\t\t\t\t\t<img src=\"https:\/\/www.freimarianne.ch\/wp-content\/uploads\/2019\/01\/IMG_6351.jpg\" alt=\"IMG_6351\" width=\"400\" height=\"267\" \/>\r\n\t\t\t\t\t\t\t\t\t\t<div class=\"slideshow_description_box slideshow_transparent\">\r\n\t\t\t\t\t\t<div class=\"slideshow_title\">IMG_6351<\/div>\t\t\t\t\t\t\t\t\t\t\t<\/div>\r\n\t\t\t\t<\/div>\r\n\r\n\t\t\t\t\t\t<div style=\"clear: both;\"><\/div><\/div><div class=\"slideshow_view\">\r\n\t\t\t\t<div class=\"slideshow_slide slideshow_slide_image\">\r\n\t\t\t\t\t\t\t\t\t\t\t<img src=\"https:\/\/www.freimarianne.ch\/wp-content\/uploads\/2019\/01\/IMG_6339.jpg\" alt=\"vo  mi  Festihorn 3092m, Sparruhorn 2988m; Jungtal - und Pass; Schwarzhorn\" width=\"400\" height=\"267\" \/>\r\n\t\t\t\t\t\t\t\t\t\t<div class=\"slideshow_description_box slideshow_transparent\">\r\n\t\t\t\t\t\t<div class=\"slideshow_title\">vo  mi  Festihorn 3092m, Sparruhorn 2988m; Jungtal - und Pass; Schwarzhorn<\/div>\t\t\t\t\t\t\t\t\t\t\t<\/div>\r\n\t\t\t\t<\/div>\r\n\r\n\t\t\t\t\t\t<div style=\"clear: both;\"><\/div><\/div><div class=\"slideshow_view\">\r\n\t\t\t\t<div class=\"slideshow_slide slideshow_slide_image\">\r\n\t\t\t\t\t\t\t\t\t\t\t<img src=\"https:\/\/www.freimarianne.ch\/wp-content\/uploads\/2019\/01\/IMG_6338.jpg\" alt=\"IMG_6338\" width=\"400\" height=\"267\" \/>\r\n\t\t\t\t\t\t\t\t\t\t<div class=\"slideshow_description_box slideshow_transparent\">\r\n\t\t\t\t\t\t<div class=\"slideshow_title\">IMG_6338<\/div>\t\t\t\t\t\t\t\t\t\t\t<\/div>\r\n\t\t\t\t<\/div>\r\n\r\n\t\t\t\t\t\t<div style=\"clear: both;\"><\/div><\/div>\r\n\t\t<\/div>\r\n\r\n\t\t<div class=\"slideshow_controlPanel slideshow_transparent\" style=\"display: none;\"><ul><li class=\"slideshow_togglePlay\" data-play-text=\"Play\" data-pause-text=\"Pause\"><\/li><\/ul><\/div>\r\n\r\n\t\t<div class=\"slideshow_button slideshow_previous slideshow_transparent\" role=\"button\" data-previous-text=\"Previous\" style=\"display: none;\"><\/div>\r\n\t\t<div class=\"slideshow_button slideshow_next slideshow_transparent\" role=\"button\" data-next-text=\"Next\" style=\"display: none;\"><\/div>\r\n\r\n\t\t<div class=\"slideshow_pagination\" style=\"display: none;\" data-go-to-text=\"Go to slide\"><div class=\"slideshow_pagination_center\"><\/div><\/div>\r\n\r\n\t\t<!-- WordPress Slideshow Version 2.3.1 -->\r\n\r\n\t\t\t<\/div>\r\n\r\n<\/p>\n","protected":false},"excerpt":{"rendered":"<p>Schneeschuhwanderung auf die Hannigalp Obwohl ich erst um 8.00h in Basel abgefahren bin, liegt Gr\u00e4chen immer noch im Schatten. Wie gewohnt in diesem Dorf ist die Beschilderung schlecht. So mache ich einen Umweg \u00fcber \u201eim Loch \u201e, um zum Z\u2019Seew zu kommen,wo ich endlich die Schneeschuhe anziehen kann. Bis vor dem See bin ich auf [&hellip;]<\/p>\n","protected":false},"author":1,"featured_media":0,"parent":34568,"menu_order":10,"comment_status":"closed","ping_status":"closed","template":"","meta":{"ngg_post_thumbnail":0},"_links":{"self":[{"href":"https:\/\/www.freimarianne.ch\/index.php?rest_route=\/wp\/v2\/pages\/34983"}],"collection":[{"href":"https:\/\/www.freimarianne.ch\/index.php?rest_route=\/wp\/v2\/pages"}],"about":[{"href":"https:\/\/www.freimarianne.ch\/index.php?rest_route=\/wp\/v2\/types\/page"}],"author":[{"embeddable":true,"href":"https:\/\/www.freimarianne.ch\/index.php?rest_route=\/wp\/v2\/users\/1"}],"replies":[{"embeddable":true,"href":"https:\/\/www.freimarianne.ch\/index.php?rest_route=%2Fwp%2Fv2%2Fcomments&post=34983"}],"version-history":[{"count":9,"href":"https:\/\/www.freimarianne.ch\/index.php?rest_route=\/wp\/v2\/pages\/34983\/revisions"}],"predecessor-version":[{"id":49114,"href":"https:\/\/www.freimarianne.ch\/index.php?rest_route=\/wp\/v2\/pages\/34983\/revisions\/49114"}],"up":[{"embeddable":true,"href":"https:\/\/www.freimarianne.ch\/index.php?rest_route=\/wp\/v2\/pages\/34568"}],"wp:attachment":[{"href":"https:\/\/www.freimarianne.ch\/index.php?rest_route=%2Fwp%2Fv2%2Fmedia&parent=34983"}],"curies":[{"name":"wp","href":"https:\/\/api.w.org\/{rel}","templated":true}]}}