{"id":34998,"date":"2019-01-13T15:33:23","date_gmt":"2019-01-13T14:33:23","guid":{"rendered":"http:\/\/www.freimarianne.ch\/?page_id=34998"},"modified":"2019-01-13T15:39:07","modified_gmt":"2019-01-13T14:39:07","slug":"engelberg-ow-12-1-2018","status":"publish","type":"page","link":"https:\/\/www.freimarianne.ch\/?page_id=34998","title":{"rendered":"Engelberg   OW  12.1.2018"},"content":{"rendered":"<p><strong>Winterwanderung\u00a0 zum Spisboden<\/strong><\/p>\n<div id=\"attachment_34997\" style=\"width: 510px\" class=\"wp-caption alignleft\"><img aria-describedby=\"caption-attachment-34997\" loading=\"lazy\" class=\"size-full wp-image-34997\" src=\"http:\/\/www.freimarianne.ch\/wp-content\/uploads\/2019\/01\/IMG_6420_engelberg_5600.jpg\" alt=\"\" width=\"500\" height=\"333\" srcset=\"https:\/\/www.freimarianne.ch\/wp-content\/uploads\/2019\/01\/IMG_6420_engelberg_5600.jpg 500w, https:\/\/www.freimarianne.ch\/wp-content\/uploads\/2019\/01\/IMG_6420_engelberg_5600-300x200.jpg 300w, https:\/\/www.freimarianne.ch\/wp-content\/uploads\/2019\/01\/IMG_6420_engelberg_5600-450x300.jpg 450w\" sizes=\"(max-width: 500px) 100vw, 500px\" \/><p id=\"caption-attachment-34997\" class=\"wp-caption-text\">Kloster Engelberg; Huetstock<\/p><\/div>\n<p>F\u00fcr heute ist der Wetterbericht nicht sehr gut aber wir wollen es trotzdem probieren und fahren nach Engelberg. Als wir dort vor 10h ankommen,sieht es sogar recht gut .Es ist jedenfalls hell und nicht neblig und eine Schneeerlebnis wird uns gewiss sein.<br \/>\nWir nehmen den Weg hinauf nach Schwand, wobei der Einstieg nicht ganz gelingt, da wir zu fr\u00fch nach links oben abzweigen. \u00dcber einen nicht gepfadeten Wanderweg erreichen wir jedenfalls das Hotel Waldegg, von wo aus der Weg klar ist. Wir geniessen die stille Winterstimmung auf unserer Wanderung auf der schneebedeckten Strasse. Es gibt immer wieder etwas zu bestaunen, die schneebedeckten Tannen und Str\u00e4ucher und auch die Ausblicke in die faszinierende Winterlandschaft. Bevor wir bei Spisboden sind, machen wir eine Mittagspause, um dann in Richtung Bergli zu gehen und auf einem anderen Weg wieder hinunter gegen Engelberg zu kommen. Da bei der Haltestelle Z\u00fcgstrasse bald der Ortsbus kommen wird, ersparen wir uns den Weg auf der Autostrasse. Als wir in Engelberg ankommen wird es sogar sonnig uns so machen wir nach einer Einkehr zum Kaffee noch einen Spaziergang zum Kloster und zunm Skigebiet Buecheli. Die Sicht zum Hahnen und hin\u00fcber zur F\u00fcrenalp und ganz besonders zu den beiden Spannorten ist phantastisch. So verschneit habe ich letzteren beiden gezackten Berge noch nie gesehen! Zufrieden mit diesem Tag besteigen wir um 15.02h den Zug nach Luzern. Es ist Zeit wegzufahren, denn das Dorf Engelberg scheint ganz pl\u00f6tzlich von einer grauen Wolke verschluckt zu sein.<\/p>\n<p>Laut Schweizmobil:<br \/>\nDistanz: 8.35km; Aufstieg:361m; Abstieg;195m; Wanderzeit: 2h 22min ( Sommer)<\/p>\n<p><!-- index.php -->\n<div\n\tclass=\"ngg-galleryoverview ngg-ajax-pagination-none\"\n\tid=\"ngg-gallery-35034-1\">\n\n    \t<div class=\"slideshowlink\">\n        <a href='https:\/\/www.freimarianne.ch\/index.php\/nggallery\/slideshow?page_id=34998'>[Show as slideshow]<\/a>\n\t\t\n\t<\/div>\n\t\t\t<!-- Thumbnails -->\n\t\t\t\t<div id=\"ngg-image-0\" class=\"ngg-gallery-thumbnail-box\" >\n\t\t\t\t        <div class=\"ngg-gallery-thumbnail\">\n            <a href=\"https:\/\/www.freimarianne.ch\/wp-content\/gallery\/engelberg-12-1-19\/IMG_6373.jpg\"\n               title=\"auf einem nicht gespurten Weg zur Waldegg\"\n               data-src=\"https:\/\/www.freimarianne.ch\/wp-content\/gallery\/engelberg-12-1-19\/IMG_6373.jpg\"\n               data-thumbnail=\"https:\/\/www.freimarianne.ch\/wp-content\/gallery\/engelberg-12-1-19\/thumbs\/thumbs_IMG_6373.jpg\"\n               data-image-id=\"20055\"\n               data-title=\"auf einem nicht gespurten Weg zur Waldegg\"\n               data-description=\"auf einem nicht gespurten Weg zur Waldegg\"\n               data-image-slug=\"img_6373-1\"\n               class=\"shutterset_35034\">\n                <img\n                    title=\"auf einem nicht gespurten Weg zur Waldegg\"\n                    alt=\"auf einem nicht gespurten Weg zur Waldegg\"\n                    src=\"https:\/\/www.freimarianne.ch\/wp-content\/gallery\/engelberg-12-1-19\/thumbs\/thumbs_IMG_6373.jpg\"\n                    width=\"100\"\n                    height=\"75\"\n                    style=\"max-width:100%;\"\n                \/>\n            <\/a>\n        <\/div>\n\t\t\t\t\t\t\t<\/div> \n\t\t\t\n        \n\t\t\t\t<div id=\"ngg-image-1\" class=\"ngg-gallery-thumbnail-box\" >\n\t\t\t\t        <div class=\"ngg-gallery-thumbnail\">\n            <a href=\"https:\/\/www.freimarianne.ch\/wp-content\/gallery\/engelberg-12-1-19\/IMG_6376.jpg\"\n               title=\"winterliche Verh\u00e4ltnisse in Engelberg; Laubergrat 2445m\"\n               data-src=\"https:\/\/www.freimarianne.ch\/wp-content\/gallery\/engelberg-12-1-19\/IMG_6376.jpg\"\n               data-thumbnail=\"https:\/\/www.freimarianne.ch\/wp-content\/gallery\/engelberg-12-1-19\/thumbs\/thumbs_IMG_6376.jpg\"\n               data-image-id=\"20056\"\n               data-title=\"winterliche Verh\u00c3\u00a4ltnisse in Engelberg; Laubergrat 2445m\"\n               data-description=\"winterliche Verh\u00e4ltnisse in Engelberg; Laubergrat 2445m\"\n               data-image-slug=\"img_6376-2\"\n               class=\"shutterset_35034\">\n                <img\n                    title=\"winterliche Verh\u00c3\u00a4ltnisse in Engelberg; Laubergrat 2445m\"\n                    alt=\"winterliche Verh\u00c3\u00a4ltnisse in Engelberg; Laubergrat 2445m\"\n                    src=\"https:\/\/www.freimarianne.ch\/wp-content\/gallery\/engelberg-12-1-19\/thumbs\/thumbs_IMG_6376.jpg\"\n                    width=\"100\"\n                    height=\"75\"\n                    style=\"max-width:100%;\"\n                \/>\n            <\/a>\n        <\/div>\n\t\t\t\t\t\t\t<\/div> \n\t\t\t\n        \n\t\t\t\t<div id=\"ngg-image-2\" class=\"ngg-gallery-thumbnail-box\" >\n\t\t\t\t        <div class=\"ngg-gallery-thumbnail\">\n            <a href=\"https:\/\/www.freimarianne.ch\/wp-content\/gallery\/engelberg-12-1-19\/IMG_6378.jpg\"\n               title=\"WInter in Engelberg; Laubergrat 2445m\"\n               data-src=\"https:\/\/www.freimarianne.ch\/wp-content\/gallery\/engelberg-12-1-19\/IMG_6378.jpg\"\n               data-thumbnail=\"https:\/\/www.freimarianne.ch\/wp-content\/gallery\/engelberg-12-1-19\/thumbs\/thumbs_IMG_6378.jpg\"\n               data-image-id=\"20057\"\n               data-title=\"WInter in Engelberg; Laubergrat 2445m\"\n               data-description=\"WInter in Engelberg; Laubergrat 2445m\"\n               data-image-slug=\"img_6378-2\"\n               class=\"shutterset_35034\">\n                <img\n                    title=\"WInter in Engelberg; Laubergrat 2445m\"\n                    alt=\"WInter in Engelberg; Laubergrat 2445m\"\n                    src=\"https:\/\/www.freimarianne.ch\/wp-content\/gallery\/engelberg-12-1-19\/thumbs\/thumbs_IMG_6378.jpg\"\n                    width=\"100\"\n                    height=\"75\"\n                    style=\"max-width:100%;\"\n                \/>\n            <\/a>\n        <\/div>\n\t\t\t\t\t\t\t<\/div> \n\t\t\t\n        \n\t\t\t\t<div id=\"ngg-image-3\" class=\"ngg-gallery-thumbnail-box\" >\n\t\t\t\t        <div class=\"ngg-gallery-thumbnail\">\n            <a href=\"https:\/\/www.freimarianne.ch\/wp-content\/gallery\/engelberg-12-1-19\/IMG_6379.jpg\"\n               title=\"Winterwunder\"\n               data-src=\"https:\/\/www.freimarianne.ch\/wp-content\/gallery\/engelberg-12-1-19\/IMG_6379.jpg\"\n               data-thumbnail=\"https:\/\/www.freimarianne.ch\/wp-content\/gallery\/engelberg-12-1-19\/thumbs\/thumbs_IMG_6379.jpg\"\n               data-image-id=\"20046\"\n               data-title=\"Winterwunder\"\n               data-description=\"Winterwunder\"\n               data-image-slug=\"img_6379-2\"\n               class=\"shutterset_35034\">\n                <img\n                    title=\"Winterwunder\"\n                    alt=\"Winterwunder\"\n                    src=\"https:\/\/www.freimarianne.ch\/wp-content\/gallery\/engelberg-12-1-19\/thumbs\/thumbs_IMG_6379.jpg\"\n                    width=\"100\"\n                    height=\"75\"\n                    style=\"max-width:100%;\"\n                \/>\n            <\/a>\n        <\/div>\n\t\t\t\t\t\t\t<\/div> \n\t\t\t\n        \n\t\t\t\t<div id=\"ngg-image-4\" class=\"ngg-gallery-thumbnail-box\" >\n\t\t\t\t        <div class=\"ngg-gallery-thumbnail\">\n            <a href=\"https:\/\/www.freimarianne.ch\/wp-content\/gallery\/engelberg-12-1-19\/IMG_6382.jpg\"\n               title=\"WInter in Engelberg;\"\n               data-src=\"https:\/\/www.freimarianne.ch\/wp-content\/gallery\/engelberg-12-1-19\/IMG_6382.jpg\"\n               data-thumbnail=\"https:\/\/www.freimarianne.ch\/wp-content\/gallery\/engelberg-12-1-19\/thumbs\/thumbs_IMG_6382.jpg\"\n               data-image-id=\"20059\"\n               data-title=\"WInter in Engelberg;\"\n               data-description=\"WInter in Engelberg;\"\n               data-image-slug=\"img_6382-2\"\n               class=\"shutterset_35034\">\n                <img\n                    title=\"WInter in Engelberg;\"\n                    alt=\"WInter in Engelberg;\"\n                    src=\"https:\/\/www.freimarianne.ch\/wp-content\/gallery\/engelberg-12-1-19\/thumbs\/thumbs_IMG_6382.jpg\"\n                    width=\"100\"\n                    height=\"75\"\n                    style=\"max-width:100%;\"\n                \/>\n            <\/a>\n        <\/div>\n\t\t\t\t\t\t\t<\/div> \n\t\t\t\n        \n\t\t\t\t<div id=\"ngg-image-5\" class=\"ngg-gallery-thumbnail-box\" >\n\t\t\t\t        <div class=\"ngg-gallery-thumbnail\">\n            <a href=\"https:\/\/www.freimarianne.ch\/wp-content\/gallery\/engelberg-12-1-19\/IMG_6391.jpg\"\n               title=\"die Kapelle von Schwand\"\n               data-src=\"https:\/\/www.freimarianne.ch\/wp-content\/gallery\/engelberg-12-1-19\/IMG_6391.jpg\"\n               data-thumbnail=\"https:\/\/www.freimarianne.ch\/wp-content\/gallery\/engelberg-12-1-19\/thumbs\/thumbs_IMG_6391.jpg\"\n               data-image-id=\"20052\"\n               data-title=\"die Kapelle von Schwand\"\n               data-description=\"die Kapelle von Schwand\"\n               data-image-slug=\"img_6391-1\"\n               class=\"shutterset_35034\">\n                <img\n                    title=\"die Kapelle von Schwand\"\n                    alt=\"die Kapelle von Schwand\"\n                    src=\"https:\/\/www.freimarianne.ch\/wp-content\/gallery\/engelberg-12-1-19\/thumbs\/thumbs_IMG_6391.jpg\"\n                    width=\"100\"\n                    height=\"75\"\n                    style=\"max-width:100%;\"\n                \/>\n            <\/a>\n        <\/div>\n\t\t\t\t\t\t\t<\/div> \n\t\t\t\n        \n\t\t\t\t<div id=\"ngg-image-6\" class=\"ngg-gallery-thumbnail-box\" >\n\t\t\t\t        <div class=\"ngg-gallery-thumbnail\">\n            <a href=\"https:\/\/www.freimarianne.ch\/wp-content\/gallery\/engelberg-12-1-19\/IMG_6393.jpg\"\n               title=\"die Kapelle von Schwand  mit Widderfeldstock\"\n               data-src=\"https:\/\/www.freimarianne.ch\/wp-content\/gallery\/engelberg-12-1-19\/IMG_6393.jpg\"\n               data-thumbnail=\"https:\/\/www.freimarianne.ch\/wp-content\/gallery\/engelberg-12-1-19\/thumbs\/thumbs_IMG_6393.jpg\"\n               data-image-id=\"20053\"\n               data-title=\"die Kapelle von Schwand  mit Widderfeldstock\"\n               data-description=\"die Kapelle von Schwand  mit Widderfeldstock\"\n               data-image-slug=\"img_6393-3\"\n               class=\"shutterset_35034\">\n                <img\n                    title=\"die Kapelle von Schwand  mit Widderfeldstock\"\n                    alt=\"die Kapelle von Schwand  mit Widderfeldstock\"\n                    src=\"https:\/\/www.freimarianne.ch\/wp-content\/gallery\/engelberg-12-1-19\/thumbs\/thumbs_IMG_6393.jpg\"\n                    width=\"100\"\n                    height=\"75\"\n                    style=\"max-width:100%;\"\n                \/>\n            <\/a>\n        <\/div>\n\t\t\t\t\t\t\t<\/div> \n\t\t\t\n        \n\t\t\t\t<div id=\"ngg-image-7\" class=\"ngg-gallery-thumbnail-box\" >\n\t\t\t\t        <div class=\"ngg-gallery-thumbnail\">\n            <a href=\"https:\/\/www.freimarianne.ch\/wp-content\/gallery\/engelberg-12-1-19\/IMG_6395.jpg\"\n               title=\"Winterliche Verh\u00e4ltnisse in Schwand\"\n               data-src=\"https:\/\/www.freimarianne.ch\/wp-content\/gallery\/engelberg-12-1-19\/IMG_6395.jpg\"\n               data-thumbnail=\"https:\/\/www.freimarianne.ch\/wp-content\/gallery\/engelberg-12-1-19\/thumbs\/thumbs_IMG_6395.jpg\"\n               data-image-id=\"20054\"\n               data-title=\"Winterliche Verh\u00c3\u00a4ltnisse in Schwand\"\n               data-description=\"Winterliche Verh\u00e4ltnisse in Schwand\"\n               data-image-slug=\"img_6395-1\"\n               class=\"shutterset_35034\">\n                <img\n                    title=\"Winterliche Verh\u00c3\u00a4ltnisse in Schwand\"\n                    alt=\"Winterliche Verh\u00c3\u00a4ltnisse in Schwand\"\n                    src=\"https:\/\/www.freimarianne.ch\/wp-content\/gallery\/engelberg-12-1-19\/thumbs\/thumbs_IMG_6395.jpg\"\n                    width=\"100\"\n                    height=\"75\"\n                    style=\"max-width:100%;\"\n                \/>\n            <\/a>\n        <\/div>\n\t\t\t\t\t\t\t<\/div> \n\t\t\t\n        \n\t\t\t\t<div id=\"ngg-image-8\" class=\"ngg-gallery-thumbnail-box\" >\n\t\t\t\t        <div class=\"ngg-gallery-thumbnail\">\n            <a href=\"https:\/\/www.freimarianne.ch\/wp-content\/gallery\/engelberg-12-1-19\/IMG_6409.jpg\"\n               title=\"die F\u00fcrenalp mit:  Gross Spannort 3198m,Kl. Spannort 3130m\"\n               data-src=\"https:\/\/www.freimarianne.ch\/wp-content\/gallery\/engelberg-12-1-19\/IMG_6409.jpg\"\n               data-thumbnail=\"https:\/\/www.freimarianne.ch\/wp-content\/gallery\/engelberg-12-1-19\/thumbs\/thumbs_IMG_6409.jpg\"\n               data-image-id=\"20049\"\n               data-title=\"die F\u00c3\u00bcrenalp mit:  Gross Spannort 3198m,Kl. Spannort 3130m\"\n               data-description=\"die F\u00fcrenalp mit:  Gross Spannort 3198m,Kl. Spannort 3130m\"\n               data-image-slug=\"img_6409-2\"\n               class=\"shutterset_35034\">\n                <img\n                    title=\"die F\u00c3\u00bcrenalp mit:  Gross Spannort 3198m,Kl. Spannort 3130m\"\n                    alt=\"die F\u00c3\u00bcrenalp mit:  Gross Spannort 3198m,Kl. Spannort 3130m\"\n                    src=\"https:\/\/www.freimarianne.ch\/wp-content\/gallery\/engelberg-12-1-19\/thumbs\/thumbs_IMG_6409.jpg\"\n                    width=\"100\"\n                    height=\"75\"\n                    style=\"max-width:100%;\"\n                \/>\n            <\/a>\n        <\/div>\n\t\t\t\t\t\t\t<\/div> \n\t\t\t\n        \n\t\t\t\t<div id=\"ngg-image-9\" class=\"ngg-gallery-thumbnail-box\" >\n\t\t\t\t        <div class=\"ngg-gallery-thumbnail\">\n            <a href=\"https:\/\/www.freimarianne.ch\/wp-content\/gallery\/engelberg-12-1-19\/IMG_6413.jpg\"\n               title=\"der Friedhof von Engelberg mit den beiden Spannort\"\n               data-src=\"https:\/\/www.freimarianne.ch\/wp-content\/gallery\/engelberg-12-1-19\/IMG_6413.jpg\"\n               data-thumbnail=\"https:\/\/www.freimarianne.ch\/wp-content\/gallery\/engelberg-12-1-19\/thumbs\/thumbs_IMG_6413.jpg\"\n               data-image-id=\"20050\"\n               data-title=\"der Friedhof von Engelberg mit den beiden Spannort\"\n               data-description=\"der Friedhof von Engelberg mit den beiden Spannort\"\n               data-image-slug=\"img_6413-1\"\n               class=\"shutterset_35034\">\n                <img\n                    title=\"der Friedhof von Engelberg mit den beiden Spannort\"\n                    alt=\"der Friedhof von Engelberg mit den beiden Spannort\"\n                    src=\"https:\/\/www.freimarianne.ch\/wp-content\/gallery\/engelberg-12-1-19\/thumbs\/thumbs_IMG_6413.jpg\"\n                    width=\"100\"\n                    height=\"75\"\n                    style=\"max-width:100%;\"\n                \/>\n            <\/a>\n        <\/div>\n\t\t\t\t\t\t\t<\/div> \n\t\t\t\n        \n\t\t\t\t<div id=\"ngg-image-10\" class=\"ngg-gallery-thumbnail-box\" >\n\t\t\t\t        <div class=\"ngg-gallery-thumbnail\">\n            <a href=\"https:\/\/www.freimarianne.ch\/wp-content\/gallery\/engelberg-12-1-19\/IMG_6418.jpg\"\n               title=\"die Klosterkirche Engelberg; Graustock 2661m, Schwarzhorn 2639m, Pkt. 2655m, Rotsandnollen 2700m, Hanghorn 2679m, Huetstock 2676m\"\n               data-src=\"https:\/\/www.freimarianne.ch\/wp-content\/gallery\/engelberg-12-1-19\/IMG_6418.jpg\"\n               data-thumbnail=\"https:\/\/www.freimarianne.ch\/wp-content\/gallery\/engelberg-12-1-19\/thumbs\/thumbs_IMG_6418.jpg\"\n               data-image-id=\"20045\"\n               data-title=\"die Klosterkirche Engelberg; Graustock 2661m, Schwarzhorn 2639m, Pkt. 2655m, Rotsandnollen 2700m, Hanghorn 2679m, Huetstock 2676m\"\n               data-description=\"die Klosterkirche Engelberg; Graustock 2661m, Schwarzhorn 2639m, Pkt. 2655m, Rotsandnollen 2700m, Hanghorn 2679m, Huetstock 2676m\"\n               data-image-slug=\"img_6418-5\"\n               class=\"shutterset_35034\">\n                <img\n                    title=\"die Klosterkirche Engelberg; Graustock 2661m, Schwarzhorn 2639m, Pkt. 2655m, Rotsandnollen 2700m, Hanghorn 2679m, Huetstock 2676m\"\n                    alt=\"die Klosterkirche Engelberg; Graustock 2661m, Schwarzhorn 2639m, Pkt. 2655m, Rotsandnollen 2700m, Hanghorn 2679m, Huetstock 2676m\"\n                    src=\"https:\/\/www.freimarianne.ch\/wp-content\/gallery\/engelberg-12-1-19\/thumbs\/thumbs_IMG_6418.jpg\"\n                    width=\"100\"\n                    height=\"75\"\n                    style=\"max-width:100%;\"\n                \/>\n            <\/a>\n        <\/div>\n\t\t\t\t\t\t\t<\/div> \n\t\t\t\n        \n\t\t\t\t<div id=\"ngg-image-11\" class=\"ngg-gallery-thumbnail-box\" >\n\t\t\t\t        <div class=\"ngg-gallery-thumbnail\">\n            <a href=\"https:\/\/www.freimarianne.ch\/wp-content\/gallery\/engelberg-12-1-19\/IMG_6421.jpg\"\n               title=\"Ruchstock 2841m, Homatt 2150m,  Gr. Gemsispil 2518m, Hahnen 2606m\"\n               data-src=\"https:\/\/www.freimarianne.ch\/wp-content\/gallery\/engelberg-12-1-19\/IMG_6421.jpg\"\n               data-thumbnail=\"https:\/\/www.freimarianne.ch\/wp-content\/gallery\/engelberg-12-1-19\/thumbs\/thumbs_IMG_6421.jpg\"\n               data-image-id=\"20051\"\n               data-title=\"Ruchstock 2841m, Homatt 2150m,  Gr. Gemsispil 2518m, Hahnen 2606m\"\n               data-description=\"Ruchstock 2841m, Homatt 2150m,  Gr. Gemsispil 2518m, Hahnen 2606m\"\n               data-image-slug=\"img_6421-1\"\n               class=\"shutterset_35034\">\n                <img\n                    title=\"Ruchstock 2841m, Homatt 2150m,  Gr. Gemsispil 2518m, Hahnen 2606m\"\n                    alt=\"Ruchstock 2841m, Homatt 2150m,  Gr. Gemsispil 2518m, Hahnen 2606m\"\n                    src=\"https:\/\/www.freimarianne.ch\/wp-content\/gallery\/engelberg-12-1-19\/thumbs\/thumbs_IMG_6421.jpg\"\n                    width=\"100\"\n                    height=\"75\"\n                    style=\"max-width:100%;\"\n                \/>\n            <\/a>\n        <\/div>\n\t\t\t\t\t\t\t<\/div> \n\t\t\t\n        \n\t\t\t\t<div id=\"ngg-image-12\" class=\"ngg-gallery-thumbnail-box\" >\n\t\t\t\t        <div class=\"ngg-gallery-thumbnail\">\n            <a href=\"https:\/\/www.freimarianne.ch\/wp-content\/gallery\/engelberg-12-1-19\/IMG_6425.jpg\"\n               title=\"Marianne in Engelberg mit F\u00fcrenalp und den beiden Spannort\"\n               data-src=\"https:\/\/www.freimarianne.ch\/wp-content\/gallery\/engelberg-12-1-19\/IMG_6425.jpg\"\n               data-thumbnail=\"https:\/\/www.freimarianne.ch\/wp-content\/gallery\/engelberg-12-1-19\/thumbs\/thumbs_IMG_6425.jpg\"\n               data-image-id=\"20048\"\n               data-title=\"Marianne in Engelberg mit F\u00c3\u00bcrenalp und den beiden Spannort\"\n               data-description=\"Marianne in Engelberg mit F\u00fcrenalp und den beiden Spannort\"\n               data-image-slug=\"img_6425\"\n               class=\"shutterset_35034\">\n                <img\n                    title=\"Marianne in Engelberg mit F\u00c3\u00bcrenalp und den beiden Spannort\"\n                    alt=\"Marianne in Engelberg mit F\u00c3\u00bcrenalp und den beiden Spannort\"\n                    src=\"https:\/\/www.freimarianne.ch\/wp-content\/gallery\/engelberg-12-1-19\/thumbs\/thumbs_IMG_6425.jpg\"\n                    width=\"100\"\n                    height=\"75\"\n                    style=\"max-width:100%;\"\n                \/>\n            <\/a>\n        <\/div>\n\t\t\t\t\t\t\t<\/div> \n\t\t\t\n        \n\t\t\t\t<div id=\"ngg-image-13\" class=\"ngg-gallery-thumbnail-box\" >\n\t\t\t\t        <div class=\"ngg-gallery-thumbnail\">\n            <a href=\"https:\/\/www.freimarianne.ch\/wp-content\/gallery\/engelberg-12-1-19\/IMG_6427.jpg\"\n               title=\"das Kloster Engelberg mit; Pkt. 2961m, Titlis 3238m, Laubergrat 2445m, Reissend Nollen 3003m, Pkt. 2957m, Wendenst\u00f6cke 3042m, Pfaffenhuet 3009m, M\u00e4hren 2970m\"\n               data-src=\"https:\/\/www.freimarianne.ch\/wp-content\/gallery\/engelberg-12-1-19\/IMG_6427.jpg\"\n               data-thumbnail=\"https:\/\/www.freimarianne.ch\/wp-content\/gallery\/engelberg-12-1-19\/thumbs\/thumbs_IMG_6427.jpg\"\n               data-image-id=\"20058\"\n               data-title=\"das Kloster Engelberg mit; Pkt. 2961m, Titlis 3238m, Laubergrat 2445m, Reissend Nollen 3003m, Pkt. 2957m, Wendenst\u00c3\u00b6cke 3042m, Pfaffenhuet 3009m, M\u00c3\u00a4hren 2970m\"\n               data-description=\"das Kloster Engelberg mit; Pkt. 2961m, Titlis 3238m, Laubergrat 2445m, Reissend Nollen 3003m, Pkt. 2957m, Wendenst\u00f6cke 3042m, Pfaffenhuet 3009m, M\u00e4hren 2970m\"\n               data-image-slug=\"img_6427-1\"\n               class=\"shutterset_35034\">\n                <img\n                    title=\"das Kloster Engelberg mit; Pkt. 2961m, Titlis 3238m, Laubergrat 2445m, Reissend Nollen 3003m, Pkt. 2957m, Wendenst\u00c3\u00b6cke 3042m, Pfaffenhuet 3009m, M\u00c3\u00a4hren 2970m\"\n                    alt=\"das Kloster Engelberg mit; Pkt. 2961m, Titlis 3238m, Laubergrat 2445m, Reissend Nollen 3003m, Pkt. 2957m, Wendenst\u00c3\u00b6cke 3042m, Pfaffenhuet 3009m, M\u00c3\u00a4hren 2970m\"\n                    src=\"https:\/\/www.freimarianne.ch\/wp-content\/gallery\/engelberg-12-1-19\/thumbs\/thumbs_IMG_6427.jpg\"\n                    width=\"100\"\n                    height=\"75\"\n                    style=\"max-width:100%;\"\n                \/>\n            <\/a>\n        <\/div>\n\t\t\t\t\t\t\t<\/div> \n\t\t\t\n        \n\t\t\t\t<div id=\"ngg-image-14\" class=\"ngg-gallery-thumbnail-box\" >\n\t\t\t\t        <div class=\"ngg-gallery-thumbnail\">\n            <a href=\"https:\/\/www.freimarianne.ch\/wp-content\/gallery\/engelberg-12-1-19\/IMG_6429.jpg\"\n               title=\"die F\u00fcrenalp mit:  Gross Spannort 3198m,Kl. Spannort 3130m, Pkt. 2932m, B\u00e4renz\u00e4hn 2910m, B\u00e4rengrueben 2712m, Grassengrat 2906m\"\n               data-src=\"https:\/\/www.freimarianne.ch\/wp-content\/gallery\/engelberg-12-1-19\/IMG_6429.jpg\"\n               data-thumbnail=\"https:\/\/www.freimarianne.ch\/wp-content\/gallery\/engelberg-12-1-19\/thumbs\/thumbs_IMG_6429.jpg\"\n               data-image-id=\"20047\"\n               data-title=\"die F\u00c3\u00bcrenalp mit:  Gross Spannort 3198m,Kl. Spannort 3130m, Pkt. 2932m, B\u00c3\u00a4renz\u00c3\u00a4hn 2910m, B\u00c3\u00a4rengrueben 2712m, Grassengrat 2906m\"\n               data-description=\"die F\u00fcrenalp mit:  Gross Spannort 3198m,Kl. Spannort 3130m, Pkt. 2932m, B\u00e4renz\u00e4hn 2910m, B\u00e4rengrueben 2712m, Grassengrat 2906m\"\n               data-image-slug=\"img_6429-1\"\n               class=\"shutterset_35034\">\n                <img\n                    title=\"die F\u00c3\u00bcrenalp mit:  Gross Spannort 3198m,Kl. Spannort 3130m, Pkt. 2932m, B\u00c3\u00a4renz\u00c3\u00a4hn 2910m, B\u00c3\u00a4rengrueben 2712m, Grassengrat 2906m\"\n                    alt=\"die F\u00c3\u00bcrenalp mit:  Gross Spannort 3198m,Kl. Spannort 3130m, Pkt. 2932m, B\u00c3\u00a4renz\u00c3\u00a4hn 2910m, B\u00c3\u00a4rengrueben 2712m, Grassengrat 2906m\"\n                    src=\"https:\/\/www.freimarianne.ch\/wp-content\/gallery\/engelberg-12-1-19\/thumbs\/thumbs_IMG_6429.jpg\"\n                    width=\"100\"\n                    height=\"75\"\n                    style=\"max-width:100%;\"\n                \/>\n            <\/a>\n        <\/div>\n\t\t\t\t\t\t\t<\/div> \n\t\t\t\n        \n\t\t\n\t\t<!-- Pagination -->\n\t<div class='ngg-clear'><\/div>\t<\/div>\n<\/p>\n","protected":false},"excerpt":{"rendered":"<p>Winterwanderung\u00a0 zum Spisboden F\u00fcr heute ist der Wetterbericht nicht sehr gut aber wir wollen es trotzdem probieren und fahren nach Engelberg. Als wir dort vor 10h ankommen,sieht es sogar recht gut .Es ist jedenfalls hell und nicht neblig und eine Schneeerlebnis wird uns gewiss sein. Wir nehmen den Weg hinauf nach Schwand, wobei der Einstieg [&hellip;]<\/p>\n","protected":false},"author":1,"featured_media":0,"parent":34568,"menu_order":11,"comment_status":"closed","ping_status":"closed","template":"","meta":{"ngg_post_thumbnail":0},"_links":{"self":[{"href":"https:\/\/www.freimarianne.ch\/index.php?rest_route=\/wp\/v2\/pages\/34998"}],"collection":[{"href":"https:\/\/www.freimarianne.ch\/index.php?rest_route=\/wp\/v2\/pages"}],"about":[{"href":"https:\/\/www.freimarianne.ch\/index.php?rest_route=\/wp\/v2\/types\/page"}],"author":[{"embeddable":true,"href":"https:\/\/www.freimarianne.ch\/index.php?rest_route=\/wp\/v2\/users\/1"}],"replies":[{"embeddable":true,"href":"https:\/\/www.freimarianne.ch\/index.php?rest_route=%2Fwp%2Fv2%2Fcomments&post=34998"}],"version-history":[{"count":4,"href":"https:\/\/www.freimarianne.ch\/index.php?rest_route=\/wp\/v2\/pages\/34998\/revisions"}],"predecessor-version":[{"id":35035,"href":"https:\/\/www.freimarianne.ch\/index.php?rest_route=\/wp\/v2\/pages\/34998\/revisions\/35035"}],"up":[{"embeddable":true,"href":"https:\/\/www.freimarianne.ch\/index.php?rest_route=\/wp\/v2\/pages\/34568"}],"wp:attachment":[{"href":"https:\/\/www.freimarianne.ch\/index.php?rest_route=%2Fwp%2Fv2%2Fmedia&parent=34998"}],"curies":[{"name":"wp","href":"https:\/\/api.w.org\/{rel}","templated":true}]}}