{"id":3549,"date":"2013-01-22T11:16:30","date_gmt":"2013-01-22T10:16:30","guid":{"rendered":"http:\/\/www.freimarianne.ch\/?page_id=3549"},"modified":"2013-01-24T12:06:28","modified_gmt":"2013-01-24T11:06:28","slug":"rigi-19-1-2013","status":"publish","type":"page","link":"https:\/\/www.freimarianne.ch\/?page_id=3549","title":{"rendered":"Rigi 19.1.2013"},"content":{"rendered":"<p><strong>Winterwanderung <\/strong>auf der Rigi<br \/>\nVom Rigi-Kulm nach Rigi-Kl\u00f6sterli, von dort hinauf nach Unterstetten und zur\u00fcck nach Rigi-Kl\u00f6sterli<br \/>\n<img loading=\"lazy\" src=\"http:\/\/www.freimarianne.ch\/wp-content\/uploads\/2013\/01\/IMG_2331_rigi_500.jpg\" alt=\"\" title=\"IMG_2331_rigi_500\" width=\"500\" height=\"375\" class=\"alignright size-full wp-image-3548\" srcset=\"https:\/\/www.freimarianne.ch\/wp-content\/uploads\/2013\/01\/IMG_2331_rigi_500.jpg 500w, https:\/\/www.freimarianne.ch\/wp-content\/uploads\/2013\/01\/IMG_2331_rigi_500-300x225.jpg 300w, https:\/\/www.freimarianne.ch\/wp-content\/uploads\/2013\/01\/IMG_2331_rigi_500-400x300.jpg 400w\" sizes=\"(max-width: 500px) 100vw, 500px\" \/><\/a><br \/>\n<!-- index.php -->\n<div\n\tclass=\"ngg-galleryoverview ngg-ajax-pagination-none\"\n\tid=\"ngg-gallery-2549e0bac17ed067b31dca2a399dbbe5-1\">\n\n    \t<div class=\"slideshowlink\">\n        <a href='https:\/\/www.freimarianne.ch\/index.php\/nggallery\/slideshow?page_id=3549'>[Show as slideshow]<\/a>\n\t\t\n\t<\/div>\n\t\t\t<!-- Thumbnails -->\n\t\t\t\t<div id=\"ngg-image-0\" class=\"ngg-gallery-thumbnail-box\" >\n\t\t\t\t        <div class=\"ngg-gallery-thumbnail\">\n            <a href=\"https:\/\/www.freimarianne.ch\/wp-content\/gallery\/rigi-19-1-2013\/img_2294.jpg\"\n               title=\"vorne: Fronalpstock, Hochflue, Rigi Scheidegg; To\u0308di, Chamliberg, Scha\u0308rhorn; Diepen 2222m, Piz Cambriales , Du\u0308ssi 3256m, Gross Ruchen 3138m, Gr. Windga\u0308llen 3138m, Chli Windga\u0308llen 2986m\"\n               data-src=\"https:\/\/www.freimarianne.ch\/wp-content\/gallery\/rigi-19-1-2013\/img_2294.jpg\"\n               data-thumbnail=\"https:\/\/www.freimarianne.ch\/wp-content\/gallery\/rigi-19-1-2013\/thumbs\/thumbs_img_2294.jpg\"\n               data-image-id=\"6191\"\n               data-title=\"img_2294\"\n               data-description=\"vorne: Fronalpstock, Hochflue, Rigi Scheidegg; To\u0308di, Chamliberg, Scha\u0308rhorn; Diepen 2222m, Piz Cambriales , Du\u0308ssi 3256m, Gross Ruchen 3138m, Gr. Windga\u0308llen 3138m, Chli Windga\u0308llen 2986m\"\n               data-image-slug=\"img_2294\"\n               class=\"shutterset_2549e0bac17ed067b31dca2a399dbbe5\">\n                <img\n                    title=\"img_2294\"\n                    alt=\"img_2294\"\n                    src=\"https:\/\/www.freimarianne.ch\/wp-content\/gallery\/rigi-19-1-2013\/cache\/img_2294.jpg-nggid046191-ngg0dyn-100x75x100-00f0w010c010r110f110r010t010.jpg\"\n                    width=\"100\"\n                    height=\"75\"\n                    style=\"max-width:100%;\"\n                \/>\n            <\/a>\n        <\/div>\n\t\t\t\t\t\t\t<\/div> \n\t\t\t\n                            \n\t\t\t\t<div id=\"ngg-image-1\" class=\"ngg-gallery-thumbnail-box\" >\n\t\t\t\t        <div class=\"ngg-gallery-thumbnail\">\n            <a href=\"https:\/\/www.freimarianne.ch\/wp-content\/gallery\/rigi-19-1-2013\/img_2295.jpg\"\n               title=\"vorne: Fronalpstock, Hochflue, Rigi Scheidegg; To\u0308di, Chamliberg, Scha\u0308rhorn; Diepen 2222m, Piz Cambriales , Du\u0308ssi 3256m, Gross Ruchen 3138m, Gr. Windga\u0308llen 3138m, Chli Windga\u0308llen 2986m\"\n               data-src=\"https:\/\/www.freimarianne.ch\/wp-content\/gallery\/rigi-19-1-2013\/img_2295.jpg\"\n               data-thumbnail=\"https:\/\/www.freimarianne.ch\/wp-content\/gallery\/rigi-19-1-2013\/thumbs\/thumbs_img_2295.jpg\"\n               data-image-id=\"6192\"\n               data-title=\"img_2295\"\n               data-description=\"vorne: Fronalpstock, Hochflue, Rigi Scheidegg; To\u0308di, Chamliberg, Scha\u0308rhorn; Diepen 2222m, Piz Cambriales , Du\u0308ssi 3256m, Gross Ruchen 3138m, Gr. Windga\u0308llen 3138m, Chli Windga\u0308llen 2986m\"\n               data-image-slug=\"img_2295\"\n               class=\"shutterset_2549e0bac17ed067b31dca2a399dbbe5\">\n                <img\n                    title=\"img_2295\"\n                    alt=\"img_2295\"\n                    src=\"https:\/\/www.freimarianne.ch\/wp-content\/gallery\/rigi-19-1-2013\/cache\/img_2295.jpg-nggid046192-ngg0dyn-100x75x100-00f0w010c010r110f110r010t010.jpg\"\n                    width=\"100\"\n                    height=\"75\"\n                    style=\"max-width:100%;\"\n                \/>\n            <\/a>\n        <\/div>\n\t\t\t\t\t\t\t<\/div> \n\t\t\t\n                            \n\t\t\t\t<div id=\"ngg-image-2\" class=\"ngg-gallery-thumbnail-box\" >\n\t\t\t\t        <div class=\"ngg-gallery-thumbnail\">\n            <a href=\"https:\/\/www.freimarianne.ch\/wp-content\/gallery\/rigi-19-1-2013\/img_2299.jpg\"\n               title=\"vorne: Fronalpstock, Hochflue, Rigi Scheidegg; To\u0308di, Chamliberg, Scha\u0308rhorn; Diepen 2222m, Piz Cambriales , Du\u0308ssi 3256m, Gross Ruchen 3138m, Gr. Windga\u0308llen 3138m, Chli Windga\u0308llen 2986m\"\n               data-src=\"https:\/\/www.freimarianne.ch\/wp-content\/gallery\/rigi-19-1-2013\/img_2299.jpg\"\n               data-thumbnail=\"https:\/\/www.freimarianne.ch\/wp-content\/gallery\/rigi-19-1-2013\/thumbs\/thumbs_img_2299.jpg\"\n               data-image-id=\"6193\"\n               data-title=\"img_2299\"\n               data-description=\"vorne: Fronalpstock, Hochflue, Rigi Scheidegg; To\u0308di, Chamliberg, Scha\u0308rhorn; Diepen 2222m, Piz Cambriales , Du\u0308ssi 3256m, Gross Ruchen 3138m, Gr. Windga\u0308llen 3138m, Chli Windga\u0308llen 2986m\"\n               data-image-slug=\"img_2299-2\"\n               class=\"shutterset_2549e0bac17ed067b31dca2a399dbbe5\">\n                <img\n                    title=\"img_2299\"\n                    alt=\"img_2299\"\n                    src=\"https:\/\/www.freimarianne.ch\/wp-content\/gallery\/rigi-19-1-2013\/cache\/img_2299.jpg-nggid046193-ngg0dyn-100x75x100-00f0w010c010r110f110r010t010.jpg\"\n                    width=\"100\"\n                    height=\"53\"\n                    style=\"max-width:100%;\"\n                \/>\n            <\/a>\n        <\/div>\n\t\t\t\t\t\t\t<\/div> \n\t\t\t\n                            \n\t\t\t\t<div id=\"ngg-image-3\" class=\"ngg-gallery-thumbnail-box\" >\n\t\t\t\t        <div class=\"ngg-gallery-thumbnail\">\n            <a href=\"https:\/\/www.freimarianne.ch\/wp-content\/gallery\/rigi-19-1-2013\/img_2303.jpg\"\n               title=\"vorne: Fronalpstock, Hochflue, Rigi Scheidegg; To\u0308di, Chamliberg, Scha\u0308rhorn; Diepen 2222m, Piz Cambriales , Du\u0308ssi 3256m, Gross Ruchen 3138m, Gr. Windga\u0308llen 3138m, Chli Windga\u0308llen 2986m\"\n               data-src=\"https:\/\/www.freimarianne.ch\/wp-content\/gallery\/rigi-19-1-2013\/img_2303.jpg\"\n               data-thumbnail=\"https:\/\/www.freimarianne.ch\/wp-content\/gallery\/rigi-19-1-2013\/thumbs\/thumbs_img_2303.jpg\"\n               data-image-id=\"6194\"\n               data-title=\"img_2303\"\n               data-description=\"vorne: Fronalpstock, Hochflue, Rigi Scheidegg; To\u0308di, Chamliberg, Scha\u0308rhorn; Diepen 2222m, Piz Cambriales , Du\u0308ssi 3256m, Gross Ruchen 3138m, Gr. Windga\u0308llen 3138m, Chli Windga\u0308llen 2986m\"\n               data-image-slug=\"img_2303\"\n               class=\"shutterset_2549e0bac17ed067b31dca2a399dbbe5\">\n                <img\n                    title=\"img_2303\"\n                    alt=\"img_2303\"\n                    src=\"https:\/\/www.freimarianne.ch\/wp-content\/gallery\/rigi-19-1-2013\/cache\/img_2303.jpg-nggid046194-ngg0dyn-100x75x100-00f0w010c010r110f110r010t010.jpg\"\n                    width=\"100\"\n                    height=\"75\"\n                    style=\"max-width:100%;\"\n                \/>\n            <\/a>\n        <\/div>\n\t\t\t\t\t\t\t<\/div> \n\t\t\t\n                                    <br style=\"clear: both\" \/>\n                    \n\t\t\t\t<div id=\"ngg-image-4\" class=\"ngg-gallery-thumbnail-box\" >\n\t\t\t\t        <div class=\"ngg-gallery-thumbnail\">\n            <a href=\"https:\/\/www.freimarianne.ch\/wp-content\/gallery\/rigi-19-1-2013\/img_2306.jpg\"\n               title=\"Skila\u0308ufer beim Aufstieg; mit Blick gegen Silberen\"\n               data-src=\"https:\/\/www.freimarianne.ch\/wp-content\/gallery\/rigi-19-1-2013\/img_2306.jpg\"\n               data-thumbnail=\"https:\/\/www.freimarianne.ch\/wp-content\/gallery\/rigi-19-1-2013\/thumbs\/thumbs_img_2306.jpg\"\n               data-image-id=\"6195\"\n               data-title=\"img_2306\"\n               data-description=\"Skila\u0308ufer beim Aufstieg; mit Blick gegen Silberen\"\n               data-image-slug=\"img_2306\"\n               class=\"shutterset_2549e0bac17ed067b31dca2a399dbbe5\">\n                <img\n                    title=\"img_2306\"\n                    alt=\"img_2306\"\n                    src=\"https:\/\/www.freimarianne.ch\/wp-content\/gallery\/rigi-19-1-2013\/cache\/img_2306.jpg-nggid046195-ngg0dyn-100x75x100-00f0w010c010r110f110r010t010.jpg\"\n                    width=\"100\"\n                    height=\"75\"\n                    style=\"max-width:100%;\"\n                \/>\n            <\/a>\n        <\/div>\n\t\t\t\t\t\t\t<\/div> \n\t\t\t\n                            \n\t\t\t\t<div id=\"ngg-image-5\" class=\"ngg-gallery-thumbnail-box\" >\n\t\t\t\t        <div class=\"ngg-gallery-thumbnail\">\n            <a href=\"https:\/\/www.freimarianne.ch\/wp-content\/gallery\/rigi-19-1-2013\/img_2309.jpg\"\n               title=\"Vorne: Dossen 1685m; beim Abstieg zum Klo\u0308sterli 1315m; obere Schwa\u0308ndihu\u0308tte :  Gross Ruchen 3138m, Gr. Windga\u0308llen 3138m, Chli Windga\u0308llen 2986m\n\n Brunnistock 2952m,Uri Rotstock 2798m, Schlossberg 2759m, Gr.Spannort 3198m,Wissigstock 2887m, Engelberger Rotstock 2818m, Fleckistock 3417m, Ruchstock 2814m, vorne: Brisen; Titlis 323m,\nWalensto\u0308cke 2593m\"\n               data-src=\"https:\/\/www.freimarianne.ch\/wp-content\/gallery\/rigi-19-1-2013\/img_2309.jpg\"\n               data-thumbnail=\"https:\/\/www.freimarianne.ch\/wp-content\/gallery\/rigi-19-1-2013\/thumbs\/thumbs_img_2309.jpg\"\n               data-image-id=\"6196\"\n               data-title=\"img_2309\"\n               data-description=\"Vorne: Dossen 1685m; beim Abstieg zum Klo\u0308sterli 1315m; obere Schwa\u0308ndihu\u0308tte :  Gross Ruchen 3138m, Gr. Windga\u0308llen 3138m, Chli Windga\u0308llen 2986m\n\n Brunnistock 2952m,Uri Rotstock 2798m, Schlossberg 2759m, Gr.Spannort 3198m,Wissigstock 2887m, Engelberger Rotstock 2818m, Fleckistock 3417m, Ruchstock 2814m, vorne: Brisen; Titlis 323m,\nWalensto\u0308cke 2593m\"\n               data-image-slug=\"img_2309-2\"\n               class=\"shutterset_2549e0bac17ed067b31dca2a399dbbe5\">\n                <img\n                    title=\"img_2309\"\n                    alt=\"img_2309\"\n                    src=\"https:\/\/www.freimarianne.ch\/wp-content\/gallery\/rigi-19-1-2013\/cache\/img_2309.jpg-nggid046196-ngg0dyn-100x75x100-00f0w010c010r110f110r010t010.jpg\"\n                    width=\"100\"\n                    height=\"75\"\n                    style=\"max-width:100%;\"\n                \/>\n            <\/a>\n        <\/div>\n\t\t\t\t\t\t\t<\/div> \n\t\t\t\n                            \n\t\t\t\t<div id=\"ngg-image-6\" class=\"ngg-gallery-thumbnail-box\" >\n\t\t\t\t        <div class=\"ngg-gallery-thumbnail\">\n            <a href=\"https:\/\/www.freimarianne.ch\/wp-content\/gallery\/rigi-19-1-2013\/img_2312.jpg\"\n               title=\"Winteridylle; Blick gegen Su\u0308dwesten\"\n               data-src=\"https:\/\/www.freimarianne.ch\/wp-content\/gallery\/rigi-19-1-2013\/img_2312.jpg\"\n               data-thumbnail=\"https:\/\/www.freimarianne.ch\/wp-content\/gallery\/rigi-19-1-2013\/thumbs\/thumbs_img_2312.jpg\"\n               data-image-id=\"6197\"\n               data-title=\"img_2312\"\n               data-description=\"Winteridylle; Blick gegen Su\u0308dwesten\"\n               data-image-slug=\"img_2312\"\n               class=\"shutterset_2549e0bac17ed067b31dca2a399dbbe5\">\n                <img\n                    title=\"img_2312\"\n                    alt=\"img_2312\"\n                    src=\"https:\/\/www.freimarianne.ch\/wp-content\/gallery\/rigi-19-1-2013\/cache\/img_2312.jpg-nggid046197-ngg0dyn-100x75x100-00f0w010c010r110f110r010t010.jpg\"\n                    width=\"100\"\n                    height=\"75\"\n                    style=\"max-width:100%;\"\n                \/>\n            <\/a>\n        <\/div>\n\t\t\t\t\t\t\t<\/div> \n\t\t\t\n                            \n\t\t\t\t<div id=\"ngg-image-7\" class=\"ngg-gallery-thumbnail-box\" >\n\t\t\t\t        <div class=\"ngg-gallery-thumbnail\">\n            <a href=\"https:\/\/www.freimarianne.ch\/wp-content\/gallery\/rigi-19-1-2013\/img_2316.jpg\"\n               title=\"vorne: die beiden Mythen; Gla\u0308rnisch 2914m, Bo\u0308s Fulen 2802m, Ortsstock 2717m\"\n               data-src=\"https:\/\/www.freimarianne.ch\/wp-content\/gallery\/rigi-19-1-2013\/img_2316.jpg\"\n               data-thumbnail=\"https:\/\/www.freimarianne.ch\/wp-content\/gallery\/rigi-19-1-2013\/thumbs\/thumbs_img_2316.jpg\"\n               data-image-id=\"6198\"\n               data-title=\"img_2316\"\n               data-description=\"vorne: die beiden Mythen; Gla\u0308rnisch 2914m, Bo\u0308s Fulen 2802m, Ortsstock 2717m\"\n               data-image-slug=\"img_2316\"\n               class=\"shutterset_2549e0bac17ed067b31dca2a399dbbe5\">\n                <img\n                    title=\"img_2316\"\n                    alt=\"img_2316\"\n                    src=\"https:\/\/www.freimarianne.ch\/wp-content\/gallery\/rigi-19-1-2013\/cache\/img_2316.jpg-nggid046198-ngg0dyn-100x75x100-00f0w010c010r110f110r010t010.jpg\"\n                    width=\"100\"\n                    height=\"47\"\n                    style=\"max-width:100%;\"\n                \/>\n            <\/a>\n        <\/div>\n\t\t\t\t\t\t\t<\/div> \n\t\t\t\n                                    <br style=\"clear: both\" \/>\n                    \n\t\t\t\t<div id=\"ngg-image-8\" class=\"ngg-gallery-thumbnail-box\" >\n\t\t\t\t        <div class=\"ngg-gallery-thumbnail\">\n            <a href=\"https:\/\/www.freimarianne.ch\/wp-content\/gallery\/rigi-19-1-2013\/img_2318.jpg\"\n               title=\"Abstieg gegen Klo\u0308sterli 1315m\"\n               data-src=\"https:\/\/www.freimarianne.ch\/wp-content\/gallery\/rigi-19-1-2013\/img_2318.jpg\"\n               data-thumbnail=\"https:\/\/www.freimarianne.ch\/wp-content\/gallery\/rigi-19-1-2013\/thumbs\/thumbs_img_2318.jpg\"\n               data-image-id=\"6199\"\n               data-title=\"img_2318\"\n               data-description=\"Abstieg gegen Klo\u0308sterli 1315m\"\n               data-image-slug=\"img_2318-2\"\n               class=\"shutterset_2549e0bac17ed067b31dca2a399dbbe5\">\n                <img\n                    title=\"img_2318\"\n                    alt=\"img_2318\"\n                    src=\"https:\/\/www.freimarianne.ch\/wp-content\/gallery\/rigi-19-1-2013\/cache\/img_2318.jpg-nggid046199-ngg0dyn-100x75x100-00f0w010c010r110f110r010t010.jpg\"\n                    width=\"100\"\n                    height=\"75\"\n                    style=\"max-width:100%;\"\n                \/>\n            <\/a>\n        <\/div>\n\t\t\t\t\t\t\t<\/div> \n\t\t\t\n                            \n\t\t\t\t<div id=\"ngg-image-9\" class=\"ngg-gallery-thumbnail-box\" >\n\t\t\t\t        <div class=\"ngg-gallery-thumbnail\">\n            <a href=\"https:\/\/www.freimarianne.ch\/wp-content\/gallery\/rigi-19-1-2013\/img_2323.jpg\"\n               title=\"Kapelle bei Klo\u0308sterli 1315m\"\n               data-src=\"https:\/\/www.freimarianne.ch\/wp-content\/gallery\/rigi-19-1-2013\/img_2323.jpg\"\n               data-thumbnail=\"https:\/\/www.freimarianne.ch\/wp-content\/gallery\/rigi-19-1-2013\/thumbs\/thumbs_img_2323.jpg\"\n               data-image-id=\"6200\"\n               data-title=\"img_2323\"\n               data-description=\"Kapelle bei Klo\u0308sterli 1315m\"\n               data-image-slug=\"img_2323-2\"\n               class=\"shutterset_2549e0bac17ed067b31dca2a399dbbe5\">\n                <img\n                    title=\"img_2323\"\n                    alt=\"img_2323\"\n                    src=\"https:\/\/www.freimarianne.ch\/wp-content\/gallery\/rigi-19-1-2013\/cache\/img_2323.jpg-nggid046200-ngg0dyn-100x75x100-00f0w010c010r110f110r010t010.jpg\"\n                    width=\"100\"\n                    height=\"61\"\n                    style=\"max-width:100%;\"\n                \/>\n            <\/a>\n        <\/div>\n\t\t\t\t\t\t\t<\/div> \n\t\t\t\n                            \n\t\t\t\t<div id=\"ngg-image-10\" class=\"ngg-gallery-thumbnail-box\" >\n\t\t\t\t        <div class=\"ngg-gallery-thumbnail\">\n            <a href=\"https:\/\/www.freimarianne.ch\/wp-content\/gallery\/rigi-19-1-2013\/img_2324.jpg\"\n               title=\"Sicht auf Rigi Kulm\"\n               data-src=\"https:\/\/www.freimarianne.ch\/wp-content\/gallery\/rigi-19-1-2013\/img_2324.jpg\"\n               data-thumbnail=\"https:\/\/www.freimarianne.ch\/wp-content\/gallery\/rigi-19-1-2013\/thumbs\/thumbs_img_2324.jpg\"\n               data-image-id=\"6201\"\n               data-title=\"img_2324\"\n               data-description=\"Sicht auf Rigi Kulm\"\n               data-image-slug=\"img_2324-2\"\n               class=\"shutterset_2549e0bac17ed067b31dca2a399dbbe5\">\n                <img\n                    title=\"img_2324\"\n                    alt=\"img_2324\"\n                    src=\"https:\/\/www.freimarianne.ch\/wp-content\/gallery\/rigi-19-1-2013\/cache\/img_2324.jpg-nggid046201-ngg0dyn-100x75x100-00f0w010c010r110f110r010t010.jpg\"\n                    width=\"100\"\n                    height=\"75\"\n                    style=\"max-width:100%;\"\n                \/>\n            <\/a>\n        <\/div>\n\t\t\t\t\t\t\t<\/div> \n\t\t\t\n                            \n\t\t\t\t<div id=\"ngg-image-11\" class=\"ngg-gallery-thumbnail-box\" >\n\t\t\t\t        <div class=\"ngg-gallery-thumbnail\">\n            <a href=\"https:\/\/www.freimarianne.ch\/wp-content\/gallery\/rigi-19-1-2013\/img_2325.jpg\"\n               title=\"Restaurant bei  Unterstetten\"\n               data-src=\"https:\/\/www.freimarianne.ch\/wp-content\/gallery\/rigi-19-1-2013\/img_2325.jpg\"\n               data-thumbnail=\"https:\/\/www.freimarianne.ch\/wp-content\/gallery\/rigi-19-1-2013\/thumbs\/thumbs_img_2325.jpg\"\n               data-image-id=\"6202\"\n               data-title=\"img_2325\"\n               data-description=\"Restaurant bei  Unterstetten\"\n               data-image-slug=\"img_2325\"\n               class=\"shutterset_2549e0bac17ed067b31dca2a399dbbe5\">\n                <img\n                    title=\"img_2325\"\n                    alt=\"img_2325\"\n                    src=\"https:\/\/www.freimarianne.ch\/wp-content\/gallery\/rigi-19-1-2013\/cache\/img_2325.jpg-nggid046202-ngg0dyn-100x75x100-00f0w010c010r110f110r010t010.jpg\"\n                    width=\"100\"\n                    height=\"75\"\n                    style=\"max-width:100%;\"\n                \/>\n            <\/a>\n        <\/div>\n\t\t\t\t\t\t\t<\/div> \n\t\t\t\n                                    <br style=\"clear: both\" \/>\n                    \n\t\t\t\t<div id=\"ngg-image-12\" class=\"ngg-gallery-thumbnail-box\" >\n\t\t\t\t        <div class=\"ngg-gallery-thumbnail\">\n            <a href=\"https:\/\/www.freimarianne.ch\/wp-content\/gallery\/rigi-19-1-2013\/img_2326.jpg\"\n               title=\"Restaurant bei  Unterstetten; Sicht auf Buochserhorn und Stanserhorn\"\n               data-src=\"https:\/\/www.freimarianne.ch\/wp-content\/gallery\/rigi-19-1-2013\/img_2326.jpg\"\n               data-thumbnail=\"https:\/\/www.freimarianne.ch\/wp-content\/gallery\/rigi-19-1-2013\/thumbs\/thumbs_img_2326.jpg\"\n               data-image-id=\"6203\"\n               data-title=\"img_2326\"\n               data-description=\"Restaurant bei  Unterstetten; Sicht auf Buochserhorn und Stanserhorn\"\n               data-image-slug=\"img_2326-2\"\n               class=\"shutterset_2549e0bac17ed067b31dca2a399dbbe5\">\n                <img\n                    title=\"img_2326\"\n                    alt=\"img_2326\"\n                    src=\"https:\/\/www.freimarianne.ch\/wp-content\/gallery\/rigi-19-1-2013\/cache\/img_2326.jpg-nggid046203-ngg0dyn-100x75x100-00f0w010c010r110f110r010t010.jpg\"\n                    width=\"100\"\n                    height=\"75\"\n                    style=\"max-width:100%;\"\n                \/>\n            <\/a>\n        <\/div>\n\t\t\t\t\t\t\t<\/div> \n\t\t\t\n                            \n\t\t\t\t<div id=\"ngg-image-13\" class=\"ngg-gallery-thumbnail-box\" >\n\t\t\t\t        <div class=\"ngg-gallery-thumbnail\">\n            <a href=\"https:\/\/www.freimarianne.ch\/wp-content\/gallery\/rigi-19-1-2013\/img_2332.jpg\"\n               title=\"Restaurant bei  Unterstetten; Sicht auf Buochserhorn und Stanserhorn\"\n               data-src=\"https:\/\/www.freimarianne.ch\/wp-content\/gallery\/rigi-19-1-2013\/img_2332.jpg\"\n               data-thumbnail=\"https:\/\/www.freimarianne.ch\/wp-content\/gallery\/rigi-19-1-2013\/thumbs\/thumbs_img_2332.jpg\"\n               data-image-id=\"6204\"\n               data-title=\"img_2332\"\n               data-description=\"Restaurant bei  Unterstetten; Sicht auf Buochserhorn und Stanserhorn\"\n               data-image-slug=\"img_2332-3\"\n               class=\"shutterset_2549e0bac17ed067b31dca2a399dbbe5\">\n                <img\n                    title=\"img_2332\"\n                    alt=\"img_2332\"\n                    src=\"https:\/\/www.freimarianne.ch\/wp-content\/gallery\/rigi-19-1-2013\/cache\/img_2332.jpg-nggid046204-ngg0dyn-100x75x100-00f0w010c010r110f110r010t010.jpg\"\n                    width=\"100\"\n                    height=\"75\"\n                    style=\"max-width:100%;\"\n                \/>\n            <\/a>\n        <\/div>\n\t\t\t\t\t\t\t<\/div> \n\t\t\t\n                            \n\t\t\t\t<div id=\"ngg-image-14\" class=\"ngg-gallery-thumbnail-box\" >\n\t\t\t\t        <div class=\"ngg-gallery-thumbnail\">\n            <a href=\"https:\/\/www.freimarianne.ch\/wp-content\/gallery\/rigi-19-1-2013\/img_2338.jpg\"\n               title=\"auf dem Weg von Unterstetten nach Klo\u0308sterli\"\n               data-src=\"https:\/\/www.freimarianne.ch\/wp-content\/gallery\/rigi-19-1-2013\/img_2338.jpg\"\n               data-thumbnail=\"https:\/\/www.freimarianne.ch\/wp-content\/gallery\/rigi-19-1-2013\/thumbs\/thumbs_img_2338.jpg\"\n               data-image-id=\"6205\"\n               data-title=\"img_2338\"\n               data-description=\"auf dem Weg von Unterstetten nach Klo\u0308sterli\"\n               data-image-slug=\"img_2338-2\"\n               class=\"shutterset_2549e0bac17ed067b31dca2a399dbbe5\">\n                <img\n                    title=\"img_2338\"\n                    alt=\"img_2338\"\n                    src=\"https:\/\/www.freimarianne.ch\/wp-content\/gallery\/rigi-19-1-2013\/cache\/img_2338.jpg-nggid046205-ngg0dyn-100x75x100-00f0w010c010r110f110r010t010.jpg\"\n                    width=\"100\"\n                    height=\"75\"\n                    style=\"max-width:100%;\"\n                \/>\n            <\/a>\n        <\/div>\n\t\t\t\t\t\t\t<\/div> \n\t\t\t\n                            \n\t\t\n\t\t<!-- Pagination -->\n\t<div class='ngg-clear'><\/div>\t<\/div>\n<\/p>\n","protected":false},"excerpt":{"rendered":"<p>Winterwanderung auf der Rigi Vom Rigi-Kulm nach Rigi-Kl\u00f6sterli, von dort hinauf nach Unterstetten und zur\u00fcck nach Rigi-Kl\u00f6sterli<\/p>\n","protected":false},"author":1,"featured_media":0,"parent":3491,"menu_order":5,"comment_status":"closed","ping_status":"closed","template":"","meta":{"ngg_post_thumbnail":0},"_links":{"self":[{"href":"https:\/\/www.freimarianne.ch\/index.php?rest_route=\/wp\/v2\/pages\/3549"}],"collection":[{"href":"https:\/\/www.freimarianne.ch\/index.php?rest_route=\/wp\/v2\/pages"}],"about":[{"href":"https:\/\/www.freimarianne.ch\/index.php?rest_route=\/wp\/v2\/types\/page"}],"author":[{"embeddable":true,"href":"https:\/\/www.freimarianne.ch\/index.php?rest_route=\/wp\/v2\/users\/1"}],"replies":[{"embeddable":true,"href":"https:\/\/www.freimarianne.ch\/index.php?rest_route=%2Fwp%2Fv2%2Fcomments&post=3549"}],"version-history":[{"count":7,"href":"https:\/\/www.freimarianne.ch\/index.php?rest_route=\/wp\/v2\/pages\/3549\/revisions"}],"predecessor-version":[{"id":3559,"href":"https:\/\/www.freimarianne.ch\/index.php?rest_route=\/wp\/v2\/pages\/3549\/revisions\/3559"}],"up":[{"embeddable":true,"href":"https:\/\/www.freimarianne.ch\/index.php?rest_route=\/wp\/v2\/pages\/3491"}],"wp:attachment":[{"href":"https:\/\/www.freimarianne.ch\/index.php?rest_route=%2Fwp%2Fv2%2Fmedia&parent=3549"}],"curies":[{"name":"wp","href":"https:\/\/api.w.org\/{rel}","templated":true}]}}