{"id":35619,"date":"2019-03-06T16:23:17","date_gmt":"2019-03-06T15:23:17","guid":{"rendered":"http:\/\/www.freimarianne.ch\/?page_id=35619"},"modified":"2019-03-06T16:52:42","modified_gmt":"2019-03-06T15:52:42","slug":"lenzerheide-gr-26-2-2019","status":"publish","type":"page","link":"https:\/\/www.freimarianne.ch\/?page_id=35619","title":{"rendered":"Lenzerheide  GR  26.2.2019"},"content":{"rendered":"<p><strong>Winterwanderung auf der Lenzerheide<\/strong><br \/>\n<strong>Von Tgantieni auf dem H\u00f6henweg und hinunter zum Heidsee<\/strong><\/p>\n<div id=\"attachment_35608\" style=\"width: 510px\" class=\"wp-caption alignleft\"><img aria-describedby=\"caption-attachment-35608\" loading=\"lazy\" class=\"size-full wp-image-35608\" src=\"http:\/\/www.freimarianne.ch\/wp-content\/uploads\/2019\/03\/IMG_7845_lenzerheide_500.jpg\" alt=\"\" width=\"500\" height=\"333\" srcset=\"https:\/\/www.freimarianne.ch\/wp-content\/uploads\/2019\/03\/IMG_7845_lenzerheide_500.jpg 500w, https:\/\/www.freimarianne.ch\/wp-content\/uploads\/2019\/03\/IMG_7845_lenzerheide_500-300x200.jpg 300w, https:\/\/www.freimarianne.ch\/wp-content\/uploads\/2019\/03\/IMG_7845_lenzerheide_500-450x300.jpg 450w\" sizes=\"(max-width: 500px) 100vw, 500px\" \/><p id=\"caption-attachment-35608\" class=\"wp-caption-text\">nach Spoina 1704m<\/p><\/div>\n<p>Heute m\u00f6chten wir auf der Lenzerheide eine Winterwanderung machen und fahren deswegen mit dem Sportbus ins Val Sporz. WIe wir feststellen m\u00fcssen, beginnt die Winterwanderung 202 erst bei der Bergstation des Sesselbahn Tgantieni auf Acla Grischa 1747m. MIt M\u00fche finden wir einen Wegweiser und sind etwas entt\u00e4uscht, dass wir auf einer Teerstrass hinauf zum Hotel Restaurant Tgantieni 1790m gehen m\u00fcssen ( wegen Vereisung des Weges) ! Dass es bereits etwas sp\u00e4t im Jahr ist f\u00fcr eine Winterwanderung merken wir an der Qualit\u00e4t des Schnees, der schon sulzig ist. Aber die H\u00f6henwanderung, bei der man zweimal die Piste queren muss ist sehr sch\u00f6n und wir lernen auch etwas die Wege kennen. Es gibt zwar rosa Wegweiser aber darauf fehlen die Zielangaben. Immerhin gibt es die Wanderung 202 auf Schweizmobil !<br \/>\nNach Spoina 1704m gehen wir weiter geradeaus und biegen dann weiter vorn nach rechts hinunter ab und gelangen so letzten Endes auf die Autostrasse und dann auf die Loipe am See. Da unten kenne ich mich aus. Wir machen einen Kaffeehalt beim Spielplatz und geniessen den Sonnenschein. Dann geht es zur\u00fcck nach Lenzerheide Post, wo woir um 15.27h den Bus nach Chur nehmen k\u00f6nnen.<\/p>\n<p>Dies ist eine sch\u00f6ne Wanderung, die man aber bei mehr Schnee und fr\u00fcher im Jahr machen sollte.<\/p>\n<p>Laut Schweizmobil:<br \/>\nDistanz: 7.37km; Aufstieg:164m; Abstieg: 432m; Wanderzeit :2h 2 min (Sommer)<\/p>\n<p><a href=\"https:\/\/map.schweizmobil.ch\/?lang=de&amp;bgLayer=pk&amp;logo=yes&amp;season=summer&amp;resolution=10&amp;E=2760753&amp;N=1177841&amp;trackId=5260599\">Karte Schweizmobil:<\/a><\/p>\n<p><!-- index.php -->\n<div\n\tclass=\"ngg-galleryoverview ngg-ajax-pagination-none\"\n\tid=\"ngg-gallery-35832-1\">\n\n    \t<div class=\"slideshowlink\">\n        <a href='https:\/\/www.freimarianne.ch\/index.php\/nggallery\/slideshow?page_id=35619'>[Show as slideshow]<\/a>\n\t\t\n\t<\/div>\n\t\t\t<!-- Thumbnails -->\n\t\t\t\t<div id=\"ngg-image-0\" class=\"ngg-gallery-thumbnail-box\" >\n\t\t\t\t        <div class=\"ngg-gallery-thumbnail\">\n            <a href=\"https:\/\/www.freimarianne.ch\/wp-content\/gallery\/lenzerheide-23-22-19\/IMG_7814.jpg\"\n               title=\"auf Acla Grischuna 1747m; Aroser Rothorn, Piz Naira 2870m, Piz Mez,  P. 2546m, Lenzer Horn 2906m, Piz Linard  2768m\"\n               data-src=\"https:\/\/www.freimarianne.ch\/wp-content\/gallery\/lenzerheide-23-22-19\/IMG_7814.jpg\"\n               data-thumbnail=\"https:\/\/www.freimarianne.ch\/wp-content\/gallery\/lenzerheide-23-22-19\/thumbs\/thumbs_IMG_7814.jpg\"\n               data-image-id=\"20347\"\n               data-title=\"auf Acla Grischuna 1747m; Aroser Rothorn, Piz Naira 2870m, Piz Mez,  P. 2546m, Lenzer Horn 2906m, Piz Linard  2768m\"\n               data-description=\"auf Acla Grischuna 1747m; Aroser Rothorn, Piz Naira 2870m, Piz Mez,  P. 2546m, Lenzer Horn 2906m, Piz Linard  2768m\"\n               data-image-slug=\"img_7814-1\"\n               class=\"shutterset_35832\">\n                <img\n                    title=\"auf Acla Grischuna 1747m; Aroser Rothorn, Piz Naira 2870m, Piz Mez,  P. 2546m, Lenzer Horn 2906m, Piz Linard  2768m\"\n                    alt=\"auf Acla Grischuna 1747m; Aroser Rothorn, Piz Naira 2870m, Piz Mez,  P. 2546m, Lenzer Horn 2906m, Piz Linard  2768m\"\n                    src=\"https:\/\/www.freimarianne.ch\/wp-content\/gallery\/lenzerheide-23-22-19\/thumbs\/thumbs_IMG_7814.jpg\"\n                    width=\"100\"\n                    height=\"75\"\n                    style=\"max-width:100%;\"\n                \/>\n            <\/a>\n        <\/div>\n\t\t\t\t\t\t\t<\/div> \n\t\t\t\n        \n\t\t\t\t<div id=\"ngg-image-1\" class=\"ngg-gallery-thumbnail-box\" >\n\t\t\t\t        <div class=\"ngg-gallery-thumbnail\">\n            <a href=\"https:\/\/www.freimarianne.ch\/wp-content\/gallery\/lenzerheide-23-22-19\/IMG_7826.jpg\"\n               title=\"Parpaner Weisshorn 2824m, Parpaner Rothorn 2899m, Aroser Rothorn 2980m, Piz Naira 2870m, Piz Mez,  P. 2546m, Lenzer Horn 2906m, Piz Linard  2768m\"\n               data-src=\"https:\/\/www.freimarianne.ch\/wp-content\/gallery\/lenzerheide-23-22-19\/IMG_7826.jpg\"\n               data-thumbnail=\"https:\/\/www.freimarianne.ch\/wp-content\/gallery\/lenzerheide-23-22-19\/thumbs\/thumbs_IMG_7826.jpg\"\n               data-image-id=\"20344\"\n               data-title=\"Parpaner Weisshorn 2824m, Parpaner Rothorn 2899m, Aroser Rothorn 2980m, Piz Naira 2870m, Piz Mez,  P. 2546m, Lenzer Horn 2906m, Piz Linard  2768m\"\n               data-description=\"Parpaner Weisshorn 2824m, Parpaner Rothorn 2899m, Aroser Rothorn 2980m, Piz Naira 2870m, Piz Mez,  P. 2546m, Lenzer Horn 2906m, Piz Linard  2768m\"\n               data-image-slug=\"img_7826\"\n               class=\"shutterset_35832\">\n                <img\n                    title=\"Parpaner Weisshorn 2824m, Parpaner Rothorn 2899m, Aroser Rothorn 2980m, Piz Naira 2870m, Piz Mez,  P. 2546m, Lenzer Horn 2906m, Piz Linard  2768m\"\n                    alt=\"Parpaner Weisshorn 2824m, Parpaner Rothorn 2899m, Aroser Rothorn 2980m, Piz Naira 2870m, Piz Mez,  P. 2546m, Lenzer Horn 2906m, Piz Linard  2768m\"\n                    src=\"https:\/\/www.freimarianne.ch\/wp-content\/gallery\/lenzerheide-23-22-19\/thumbs\/thumbs_IMG_7826.jpg\"\n                    width=\"100\"\n                    height=\"75\"\n                    style=\"max-width:100%;\"\n                \/>\n            <\/a>\n        <\/div>\n\t\t\t\t\t\t\t<\/div> \n\t\t\t\n        \n\t\t\t\t<div id=\"ngg-image-2\" class=\"ngg-gallery-thumbnail-box\" >\n\t\t\t\t        <div class=\"ngg-gallery-thumbnail\">\n            <a href=\"https:\/\/www.freimarianne.ch\/wp-content\/gallery\/lenzerheide-23-22-19\/IMG_7831.jpg\"\n               title=\"Blick auf Valbella; Churer Joch, Bergkette,Parpaner Schwarzhorn 2824m,  Parpaner Weisshorn 2824m\"\n               data-src=\"https:\/\/www.freimarianne.ch\/wp-content\/gallery\/lenzerheide-23-22-19\/IMG_7831.jpg\"\n               data-thumbnail=\"https:\/\/www.freimarianne.ch\/wp-content\/gallery\/lenzerheide-23-22-19\/thumbs\/thumbs_IMG_7831.jpg\"\n               data-image-id=\"20343\"\n               data-title=\"Blick auf Valbella; Churer Joch, Bergkette,Parpaner Schwarzhorn 2824m,  Parpaner Weisshorn 2824m\"\n               data-description=\"Blick auf Valbella; Churer Joch, Bergkette,Parpaner Schwarzhorn 2824m,  Parpaner Weisshorn 2824m\"\n               data-image-slug=\"img_7831-2\"\n               class=\"shutterset_35832\">\n                <img\n                    title=\"Blick auf Valbella; Churer Joch, Bergkette,Parpaner Schwarzhorn 2824m,  Parpaner Weisshorn 2824m\"\n                    alt=\"Blick auf Valbella; Churer Joch, Bergkette,Parpaner Schwarzhorn 2824m,  Parpaner Weisshorn 2824m\"\n                    src=\"https:\/\/www.freimarianne.ch\/wp-content\/gallery\/lenzerheide-23-22-19\/thumbs\/thumbs_IMG_7831.jpg\"\n                    width=\"100\"\n                    height=\"75\"\n                    style=\"max-width:100%;\"\n                \/>\n            <\/a>\n        <\/div>\n\t\t\t\t\t\t\t<\/div> \n\t\t\t\n        \n\t\t\t\t<div id=\"ngg-image-3\" class=\"ngg-gallery-thumbnail-box\" >\n\t\t\t\t        <div class=\"ngg-gallery-thumbnail\">\n            <a href=\"https:\/\/www.freimarianne.ch\/wp-content\/gallery\/lenzerheide-23-22-19\/IMG_7833.jpg\"\n               title=\"Bruni\"\n               data-src=\"https:\/\/www.freimarianne.ch\/wp-content\/gallery\/lenzerheide-23-22-19\/IMG_7833.jpg\"\n               data-thumbnail=\"https:\/\/www.freimarianne.ch\/wp-content\/gallery\/lenzerheide-23-22-19\/thumbs\/thumbs_IMG_7833.jpg\"\n               data-image-id=\"20348\"\n               data-title=\"Bruni\"\n               data-description=\"Bruni\"\n               data-image-slug=\"img_7833-2\"\n               class=\"shutterset_35832\">\n                <img\n                    title=\"Bruni\"\n                    alt=\"Bruni\"\n                    src=\"https:\/\/www.freimarianne.ch\/wp-content\/gallery\/lenzerheide-23-22-19\/thumbs\/thumbs_IMG_7833.jpg\"\n                    width=\"100\"\n                    height=\"75\"\n                    style=\"max-width:100%;\"\n                \/>\n            <\/a>\n        <\/div>\n\t\t\t\t\t\t\t<\/div> \n\t\t\t\n        \n\t\t\t\t<div id=\"ngg-image-4\" class=\"ngg-gallery-thumbnail-box\" >\n\t\t\t\t        <div class=\"ngg-gallery-thumbnail\">\n            <a href=\"https:\/\/www.freimarianne.ch\/wp-content\/gallery\/lenzerheide-23-22-19\/IMG_7834.jpg\"\n               title=\"Marianne vor:  Parpaner Weisshorn 2824m, Parpaner Rothorn 2899m\"\n               data-src=\"https:\/\/www.freimarianne.ch\/wp-content\/gallery\/lenzerheide-23-22-19\/IMG_7834.jpg\"\n               data-thumbnail=\"https:\/\/www.freimarianne.ch\/wp-content\/gallery\/lenzerheide-23-22-19\/thumbs\/thumbs_IMG_7834.jpg\"\n               data-image-id=\"20341\"\n               data-title=\"Version 2\"\n               data-description=\"Marianne vor:  Parpaner Weisshorn 2824m, Parpaner Rothorn 2899m\"\n               data-image-slug=\"img_7834-1\"\n               class=\"shutterset_35832\">\n                <img\n                    title=\"Version 2\"\n                    alt=\"Version 2\"\n                    src=\"https:\/\/www.freimarianne.ch\/wp-content\/gallery\/lenzerheide-23-22-19\/thumbs\/thumbs_IMG_7834.jpg\"\n                    width=\"100\"\n                    height=\"75\"\n                    style=\"max-width:100%;\"\n                \/>\n            <\/a>\n        <\/div>\n\t\t\t\t\t\t\t<\/div> \n\t\t\t\n        \n\t\t\t\t<div id=\"ngg-image-5\" class=\"ngg-gallery-thumbnail-box\" >\n\t\t\t\t        <div class=\"ngg-gallery-thumbnail\">\n            <a href=\"https:\/\/www.freimarianne.ch\/wp-content\/gallery\/lenzerheide-23-22-19\/IMG_7839.jpg\"\n               title=\"Parpaner Rothorn 2899m, hi Aroser Rothorn 2980m, Piz Naira 2870m, Piz Mez,  P. 2546m, Lenzer Horn 2906m\"\n               data-src=\"https:\/\/www.freimarianne.ch\/wp-content\/gallery\/lenzerheide-23-22-19\/IMG_7839.jpg\"\n               data-thumbnail=\"https:\/\/www.freimarianne.ch\/wp-content\/gallery\/lenzerheide-23-22-19\/thumbs\/thumbs_IMG_7839.jpg\"\n               data-image-id=\"20345\"\n               data-title=\"Parpaner Rothorn 2899m, hi Aroser Rothorn 2980m, Piz Naira 2870m, Piz Mez,  P. 2546m, Lenzer Horn 2906m\"\n               data-description=\"Parpaner Rothorn 2899m, hi Aroser Rothorn 2980m, Piz Naira 2870m, Piz Mez,  P. 2546m, Lenzer Horn 2906m\"\n               data-image-slug=\"img_7839-3\"\n               class=\"shutterset_35832\">\n                <img\n                    title=\"Parpaner Rothorn 2899m, hi Aroser Rothorn 2980m, Piz Naira 2870m, Piz Mez,  P. 2546m, Lenzer Horn 2906m\"\n                    alt=\"Parpaner Rothorn 2899m, hi Aroser Rothorn 2980m, Piz Naira 2870m, Piz Mez,  P. 2546m, Lenzer Horn 2906m\"\n                    src=\"https:\/\/www.freimarianne.ch\/wp-content\/gallery\/lenzerheide-23-22-19\/thumbs\/thumbs_IMG_7839.jpg\"\n                    width=\"100\"\n                    height=\"75\"\n                    style=\"max-width:100%;\"\n                \/>\n            <\/a>\n        <\/div>\n\t\t\t\t\t\t\t<\/div> \n\t\t\t\n        \n\t\t\t\t<div id=\"ngg-image-6\" class=\"ngg-gallery-thumbnail-box\" >\n\t\t\t\t        <div class=\"ngg-gallery-thumbnail\">\n            <a href=\"https:\/\/www.freimarianne.ch\/wp-content\/gallery\/lenzerheide-23-22-19\/IMG_7843.jpg\"\n               title=\"bei Spoina 1704m\"\n               data-src=\"https:\/\/www.freimarianne.ch\/wp-content\/gallery\/lenzerheide-23-22-19\/IMG_7843.jpg\"\n               data-thumbnail=\"https:\/\/www.freimarianne.ch\/wp-content\/gallery\/lenzerheide-23-22-19\/thumbs\/thumbs_IMG_7843.jpg\"\n               data-image-id=\"20346\"\n               data-title=\"bei Spoina 1704m\"\n               data-description=\"bei Spoina 1704m\"\n               data-image-slug=\"img_7843-4\"\n               class=\"shutterset_35832\">\n                <img\n                    title=\"bei Spoina 1704m\"\n                    alt=\"bei Spoina 1704m\"\n                    src=\"https:\/\/www.freimarianne.ch\/wp-content\/gallery\/lenzerheide-23-22-19\/thumbs\/thumbs_IMG_7843.jpg\"\n                    width=\"100\"\n                    height=\"75\"\n                    style=\"max-width:100%;\"\n                \/>\n            <\/a>\n        <\/div>\n\t\t\t\t\t\t\t<\/div> \n\t\t\t\n        \n\t\t\t\t<div id=\"ngg-image-7\" class=\"ngg-gallery-thumbnail-box\" >\n\t\t\t\t        <div class=\"ngg-gallery-thumbnail\">\n            <a href=\"https:\/\/www.freimarianne.ch\/wp-content\/gallery\/lenzerheide-23-22-19\/IMG_7849.jpg\"\n               title=\"der Weg hinauf  nach Sartons\"\n               data-src=\"https:\/\/www.freimarianne.ch\/wp-content\/gallery\/lenzerheide-23-22-19\/IMG_7849.jpg\"\n               data-thumbnail=\"https:\/\/www.freimarianne.ch\/wp-content\/gallery\/lenzerheide-23-22-19\/thumbs\/thumbs_IMG_7849.jpg\"\n               data-image-id=\"20340\"\n               data-title=\"der Weg hinauf  nach Sartons\"\n               data-description=\"der Weg hinauf  nach Sartons\"\n               data-image-slug=\"img_7849-4\"\n               class=\"shutterset_35832\">\n                <img\n                    title=\"der Weg hinauf  nach Sartons\"\n                    alt=\"der Weg hinauf  nach Sartons\"\n                    src=\"https:\/\/www.freimarianne.ch\/wp-content\/gallery\/lenzerheide-23-22-19\/thumbs\/thumbs_IMG_7849.jpg\"\n                    width=\"100\"\n                    height=\"75\"\n                    style=\"max-width:100%;\"\n                \/>\n            <\/a>\n        <\/div>\n\t\t\t\t\t\t\t<\/div> \n\t\t\t\n        \n\t\t\t\t<div id=\"ngg-image-8\" class=\"ngg-gallery-thumbnail-box\" >\n\t\t\t\t        <div class=\"ngg-gallery-thumbnail\">\n            <a href=\"https:\/\/www.freimarianne.ch\/wp-content\/gallery\/lenzerheide-23-22-19\/IMG_7850.jpg\"\n               title=\"einBlick zur\u00fcck auf unseren Weg;\"\n               data-src=\"https:\/\/www.freimarianne.ch\/wp-content\/gallery\/lenzerheide-23-22-19\/IMG_7850.jpg\"\n               data-thumbnail=\"https:\/\/www.freimarianne.ch\/wp-content\/gallery\/lenzerheide-23-22-19\/thumbs\/thumbs_IMG_7850.jpg\"\n               data-image-id=\"20349\"\n               data-title=\"einBlick zur\u00c3\u00bcck auf unseren Weg;\"\n               data-description=\"einBlick zur\u00fcck auf unseren Weg;\"\n               data-image-slug=\"img_7850-3\"\n               class=\"shutterset_35832\">\n                <img\n                    title=\"einBlick zur\u00c3\u00bcck auf unseren Weg;\"\n                    alt=\"einBlick zur\u00c3\u00bcck auf unseren Weg;\"\n                    src=\"https:\/\/www.freimarianne.ch\/wp-content\/gallery\/lenzerheide-23-22-19\/thumbs\/thumbs_IMG_7850.jpg\"\n                    width=\"100\"\n                    height=\"75\"\n                    style=\"max-width:100%;\"\n                \/>\n            <\/a>\n        <\/div>\n\t\t\t\t\t\t\t<\/div> \n\t\t\t\n        \n\t\t\t\t<div id=\"ngg-image-9\" class=\"ngg-gallery-thumbnail-box\" >\n\t\t\t\t        <div class=\"ngg-gallery-thumbnail\">\n            <a href=\"https:\/\/www.freimarianne.ch\/wp-content\/gallery\/lenzerheide-23-22-19\/IMG_7852.jpg\"\n               title=\"Lenzer Horn 2906m\"\n               data-src=\"https:\/\/www.freimarianne.ch\/wp-content\/gallery\/lenzerheide-23-22-19\/IMG_7852.jpg\"\n               data-thumbnail=\"https:\/\/www.freimarianne.ch\/wp-content\/gallery\/lenzerheide-23-22-19\/thumbs\/thumbs_IMG_7852.jpg\"\n               data-image-id=\"20342\"\n               data-title=\"Lenzer Horn 2906m\"\n               data-description=\"Lenzer Horn 2906m\"\n               data-image-slug=\"img_7852-3\"\n               class=\"shutterset_35832\">\n                <img\n                    title=\"Lenzer Horn 2906m\"\n                    alt=\"Lenzer Horn 2906m\"\n                    src=\"https:\/\/www.freimarianne.ch\/wp-content\/gallery\/lenzerheide-23-22-19\/thumbs\/thumbs_IMG_7852.jpg\"\n                    width=\"100\"\n                    height=\"75\"\n                    style=\"max-width:100%;\"\n                \/>\n            <\/a>\n        <\/div>\n\t\t\t\t\t\t\t<\/div> \n\t\t\t\n        \n\t\t\n\t\t<!-- Pagination -->\n\t<div class='ngg-clear'><\/div>\t<\/div>\n<\/p>\n","protected":false},"excerpt":{"rendered":"<p>Winterwanderung auf der Lenzerheide Von Tgantieni auf dem H\u00f6henweg und hinunter zum Heidsee Heute m\u00f6chten wir auf der Lenzerheide eine Winterwanderung machen und fahren deswegen mit dem Sportbus ins Val Sporz. WIe wir feststellen m\u00fcssen, beginnt die Winterwanderung 202 erst bei der Bergstation des Sesselbahn Tgantieni auf Acla Grischa 1747m. MIt M\u00fche finden wir einen [&hellip;]<\/p>\n","protected":false},"author":1,"featured_media":0,"parent":34568,"menu_order":25,"comment_status":"closed","ping_status":"closed","template":"","meta":{"ngg_post_thumbnail":0},"_links":{"self":[{"href":"https:\/\/www.freimarianne.ch\/index.php?rest_route=\/wp\/v2\/pages\/35619"}],"collection":[{"href":"https:\/\/www.freimarianne.ch\/index.php?rest_route=\/wp\/v2\/pages"}],"about":[{"href":"https:\/\/www.freimarianne.ch\/index.php?rest_route=\/wp\/v2\/types\/page"}],"author":[{"embeddable":true,"href":"https:\/\/www.freimarianne.ch\/index.php?rest_route=\/wp\/v2\/users\/1"}],"replies":[{"embeddable":true,"href":"https:\/\/www.freimarianne.ch\/index.php?rest_route=%2Fwp%2Fv2%2Fcomments&post=35619"}],"version-history":[{"count":5,"href":"https:\/\/www.freimarianne.ch\/index.php?rest_route=\/wp\/v2\/pages\/35619\/revisions"}],"predecessor-version":[{"id":35833,"href":"https:\/\/www.freimarianne.ch\/index.php?rest_route=\/wp\/v2\/pages\/35619\/revisions\/35833"}],"up":[{"embeddable":true,"href":"https:\/\/www.freimarianne.ch\/index.php?rest_route=\/wp\/v2\/pages\/34568"}],"wp:attachment":[{"href":"https:\/\/www.freimarianne.ch\/index.php?rest_route=%2Fwp%2Fv2%2Fmedia&parent=35619"}],"curies":[{"name":"wp","href":"https:\/\/api.w.org\/{rel}","templated":true}]}}