{"id":3579,"date":"2013-02-11T09:20:49","date_gmt":"2013-02-11T08:20:49","guid":{"rendered":"http:\/\/www.freimarianne.ch\/?page_id=3579"},"modified":"2013-02-18T10:56:27","modified_gmt":"2013-02-18T09:56:27","slug":"vogelberg-passwang-12-2-2013","status":"publish","type":"page","link":"https:\/\/www.freimarianne.ch\/?page_id=3579","title":{"rendered":"Vogelberg, Passwang\/ SO 10.2.2013"},"content":{"rendered":"<p><strong>Schneeschuhwanderung<\/strong> in einer wundersch\u00f6nen Winterlandschaft von Beinwil\/Neuh\u00fcsli &#8211; Bogental &#8211; Rest. Vogelberg &#8211; Reigoldswil<br \/>\n<img loading=\"lazy\" src=\"http:\/\/www.freimarianne.ch\/wp-content\/uploads\/2013\/02\/IMG_2448_vogelberg_500.jpg\" alt=\"\" title=\"IMG_2448_vogelberg_500\" width=\"500\" height=\"375\" class=\"alignright size-full wp-image-3586\" srcset=\"https:\/\/www.freimarianne.ch\/wp-content\/uploads\/2013\/02\/IMG_2448_vogelberg_500.jpg 500w, https:\/\/www.freimarianne.ch\/wp-content\/uploads\/2013\/02\/IMG_2448_vogelberg_500-300x225.jpg 300w, https:\/\/www.freimarianne.ch\/wp-content\/uploads\/2013\/02\/IMG_2448_vogelberg_500-400x300.jpg 400w\" sizes=\"(max-width: 500px) 100vw, 500px\" \/><\/a><\/p>\n<p>Von der Haltestelle Neuh\u00fcsli nehmen den Weg zur Glash\u00fctte 648m , dann halten  wir nach rechts und  steigen gem\u00e4chlich  dem Bach entlang  nach Bogental  766m hinauf.  Der kleine Weiler liegt im Sonnenschein, derweil wir auf der Schattenseite gelaufen sind. Bis hieher sind wir ohne Schneeschuhe gegangen. Nun gilt es, die Schneeschuhe anzuschnallen und den steilen Aufstieg  auf den Grat des Passwangs in Angriff zu nehmen. Es gibt nur eine Spur von Vortag im sehr tiefen Schnee, der wir folgen k\u00f6nnen. Nach der scharfen Rechtskurve auf 980m geht es stetig leicht  aufw\u00e4rts bis auf 1106m beim Restaurant Vogelberg.<br \/>\nWir sehnen uns nach dem Sonnenschein und freuen uns als es endlich heller  wird und der Wald zu einem M\u00e4rchenwald wird.<br \/>\nErst unmittelbar vor dem Berghaus kommen wir endlich ganz  in den Sonnenschein und freuen uns auf die erste Pause.<br \/>\nLeider ist es trotz Sonnenschein bitterkalt und es weht ein kr\u00e4ftiger Wind. Wir trinken und essen stehend etwas. Das Restaurant  ist geschlossen und wir \u00fcberlegen, was wir machen wollen.<br \/>\nWegen den besseren Busverbindungen  wollen wir nach Reigoldswil  hinunter laufen, was seine  Zeit dauert, wollen wir doch nicht im sehr tiefen Schnee direkt den steilen Hang hinunter zur Hint. Wasserfallen laufen.<br \/>\n Es w\u00e4re sch\u00f6n gewesen, noch auf den Passwang hinauf zu steigen und das Alpenpanorama zu geniessen aber  nach 2 1\/2 Stunden ohne Halt sind wir schon etwas m\u00fcde und m\u00f6chten nicht noch l\u00e4nger dem kalten Wind trotzen.<br \/>\nUm daraus herauszukommen wandern wir zum Schattberg und von dort hinunter nach B\u00fcrten 990m. Von dort aus entschliessen wir uns, der Strasse oberhalb der B\u00fcrtenflue zu folgen und stossen so  auf den Schlittelweg, den wir aber bei den vereisten Wasserf\u00e4llen zu Gunsten des Wanderweges  wieder verlassen k\u00f6nnen. So haben wir noch einen richtigen Abstieg  und kriegen sogar wieder warme Zehen. In Reigoldswil erreichen wir gerade noch den Bus um 16.29.<br \/>\nWir waren 5 1\/2 Stunden unterwegs ohne richtige Pause, da es zu kalt war und das Restaurant Vogelberg geschlossen war.<br \/>\n<!-- index.php -->\n<div\n\tclass=\"ngg-galleryoverview ngg-ajax-pagination-none\"\n\tid=\"ngg-gallery-9ece070c6d0dafc6f41c10b52be95f41-1\">\n\n    \t<div class=\"slideshowlink\">\n        <a href='https:\/\/www.freimarianne.ch\/index.php\/nggallery\/slideshow?page_id=3579'>[Show as slideshow]<\/a>\n\t\t\n\t<\/div>\n\t\t\t<!-- Thumbnails -->\n\t\t\t\t<div id=\"ngg-image-0\" class=\"ngg-gallery-thumbnail-box\" >\n\t\t\t\t        <div class=\"ngg-gallery-thumbnail\">\n            <a href=\"https:\/\/www.freimarianne.ch\/wp-content\/gallery\/vogelber-passwang-10-2-2013\/img_2415.jpg\"\n               title=\"\"\n               data-src=\"https:\/\/www.freimarianne.ch\/wp-content\/gallery\/vogelber-passwang-10-2-2013\/img_2415.jpg\"\n               data-thumbnail=\"https:\/\/www.freimarianne.ch\/wp-content\/gallery\/vogelber-passwang-10-2-2013\/thumbs\/thumbs_img_2415.jpg\"\n               data-image-id=\"6227\"\n               data-title=\"img_2415\"\n               data-description=\"\"\n               data-image-slug=\"img_2415\"\n               class=\"shutterset_9ece070c6d0dafc6f41c10b52be95f41\">\n                <img\n                    title=\"img_2415\"\n                    alt=\"img_2415\"\n                    src=\"https:\/\/www.freimarianne.ch\/wp-content\/gallery\/vogelber-passwang-10-2-2013\/cache\/img_2415.jpg-nggid046227-ngg0dyn-100x75x100-00f0w010c010r110f110r010t010.jpg\"\n                    width=\"100\"\n                    height=\"75\"\n                    style=\"max-width:100%;\"\n                \/>\n            <\/a>\n        <\/div>\n\t\t\t\t\t\t\t<\/div> \n\t\t\t\n                            \n\t\t\t\t<div id=\"ngg-image-1\" class=\"ngg-gallery-thumbnail-box\" >\n\t\t\t\t        <div class=\"ngg-gallery-thumbnail\">\n            <a href=\"https:\/\/www.freimarianne.ch\/wp-content\/gallery\/vogelber-passwang-10-2-2013\/img_2417.jpg\"\n               title=\"\"\n               data-src=\"https:\/\/www.freimarianne.ch\/wp-content\/gallery\/vogelber-passwang-10-2-2013\/img_2417.jpg\"\n               data-thumbnail=\"https:\/\/www.freimarianne.ch\/wp-content\/gallery\/vogelber-passwang-10-2-2013\/thumbs\/thumbs_img_2417.jpg\"\n               data-image-id=\"6228\"\n               data-title=\"img_2417\"\n               data-description=\"\"\n               data-image-slug=\"img_2417\"\n               class=\"shutterset_9ece070c6d0dafc6f41c10b52be95f41\">\n                <img\n                    title=\"img_2417\"\n                    alt=\"img_2417\"\n                    src=\"https:\/\/www.freimarianne.ch\/wp-content\/gallery\/vogelber-passwang-10-2-2013\/cache\/img_2417.jpg-nggid046228-ngg0dyn-100x75x100-00f0w010c010r110f110r010t010.jpg\"\n                    width=\"100\"\n                    height=\"75\"\n                    style=\"max-width:100%;\"\n                \/>\n            <\/a>\n        <\/div>\n\t\t\t\t\t\t\t<\/div> \n\t\t\t\n                            \n\t\t\t\t<div id=\"ngg-image-2\" class=\"ngg-gallery-thumbnail-box\" >\n\t\t\t\t        <div class=\"ngg-gallery-thumbnail\">\n            <a href=\"https:\/\/www.freimarianne.ch\/wp-content\/gallery\/vogelber-passwang-10-2-2013\/img_2421.jpg\"\n               title=\"\"\n               data-src=\"https:\/\/www.freimarianne.ch\/wp-content\/gallery\/vogelber-passwang-10-2-2013\/img_2421.jpg\"\n               data-thumbnail=\"https:\/\/www.freimarianne.ch\/wp-content\/gallery\/vogelber-passwang-10-2-2013\/thumbs\/thumbs_img_2421.jpg\"\n               data-image-id=\"6229\"\n               data-title=\"img_2421\"\n               data-description=\"\"\n               data-image-slug=\"img_2421\"\n               class=\"shutterset_9ece070c6d0dafc6f41c10b52be95f41\">\n                <img\n                    title=\"img_2421\"\n                    alt=\"img_2421\"\n                    src=\"https:\/\/www.freimarianne.ch\/wp-content\/gallery\/vogelber-passwang-10-2-2013\/cache\/img_2421.jpg-nggid046229-ngg0dyn-100x75x100-00f0w010c010r110f110r010t010.jpg\"\n                    width=\"100\"\n                    height=\"75\"\n                    style=\"max-width:100%;\"\n                \/>\n            <\/a>\n        <\/div>\n\t\t\t\t\t\t\t<\/div> \n\t\t\t\n                            \n\t\t\t\t<div id=\"ngg-image-3\" class=\"ngg-gallery-thumbnail-box\" >\n\t\t\t\t        <div class=\"ngg-gallery-thumbnail\">\n            <a href=\"https:\/\/www.freimarianne.ch\/wp-content\/gallery\/vogelber-passwang-10-2-2013\/img_2425.jpg\"\n               title=\"\"\n               data-src=\"https:\/\/www.freimarianne.ch\/wp-content\/gallery\/vogelber-passwang-10-2-2013\/img_2425.jpg\"\n               data-thumbnail=\"https:\/\/www.freimarianne.ch\/wp-content\/gallery\/vogelber-passwang-10-2-2013\/thumbs\/thumbs_img_2425.jpg\"\n               data-image-id=\"6230\"\n               data-title=\"img_2425\"\n               data-description=\"\"\n               data-image-slug=\"img_2425-2\"\n               class=\"shutterset_9ece070c6d0dafc6f41c10b52be95f41\">\n                <img\n                    title=\"img_2425\"\n                    alt=\"img_2425\"\n                    src=\"https:\/\/www.freimarianne.ch\/wp-content\/gallery\/vogelber-passwang-10-2-2013\/cache\/img_2425.jpg-nggid046230-ngg0dyn-100x75x100-00f0w010c010r110f110r010t010.jpg\"\n                    width=\"100\"\n                    height=\"75\"\n                    style=\"max-width:100%;\"\n                \/>\n            <\/a>\n        <\/div>\n\t\t\t\t\t\t\t<\/div> \n\t\t\t\n                                    <br style=\"clear: both\" \/>\n                    \n\t\t\t\t<div id=\"ngg-image-4\" class=\"ngg-gallery-thumbnail-box\" >\n\t\t\t\t        <div class=\"ngg-gallery-thumbnail\">\n            <a href=\"https:\/\/www.freimarianne.ch\/wp-content\/gallery\/vogelber-passwang-10-2-2013\/img_2427.jpg\"\n               title=\"\"\n               data-src=\"https:\/\/www.freimarianne.ch\/wp-content\/gallery\/vogelber-passwang-10-2-2013\/img_2427.jpg\"\n               data-thumbnail=\"https:\/\/www.freimarianne.ch\/wp-content\/gallery\/vogelber-passwang-10-2-2013\/thumbs\/thumbs_img_2427.jpg\"\n               data-image-id=\"6231\"\n               data-title=\"img_2427\"\n               data-description=\"\"\n               data-image-slug=\"img_2427\"\n               class=\"shutterset_9ece070c6d0dafc6f41c10b52be95f41\">\n                <img\n                    title=\"img_2427\"\n                    alt=\"img_2427\"\n                    src=\"https:\/\/www.freimarianne.ch\/wp-content\/gallery\/vogelber-passwang-10-2-2013\/cache\/img_2427.jpg-nggid046231-ngg0dyn-100x75x100-00f0w010c010r110f110r010t010.jpg\"\n                    width=\"100\"\n                    height=\"75\"\n                    style=\"max-width:100%;\"\n                \/>\n            <\/a>\n        <\/div>\n\t\t\t\t\t\t\t<\/div> \n\t\t\t\n                            \n\t\t\t\t<div id=\"ngg-image-5\" class=\"ngg-gallery-thumbnail-box\" >\n\t\t\t\t        <div class=\"ngg-gallery-thumbnail\">\n            <a href=\"https:\/\/www.freimarianne.ch\/wp-content\/gallery\/vogelber-passwang-10-2-2013\/img_2431.jpg\"\n               title=\"\"\n               data-src=\"https:\/\/www.freimarianne.ch\/wp-content\/gallery\/vogelber-passwang-10-2-2013\/img_2431.jpg\"\n               data-thumbnail=\"https:\/\/www.freimarianne.ch\/wp-content\/gallery\/vogelber-passwang-10-2-2013\/thumbs\/thumbs_img_2431.jpg\"\n               data-image-id=\"6232\"\n               data-title=\"img_2431\"\n               data-description=\"\"\n               data-image-slug=\"img_2431-2\"\n               class=\"shutterset_9ece070c6d0dafc6f41c10b52be95f41\">\n                <img\n                    title=\"img_2431\"\n                    alt=\"img_2431\"\n                    src=\"https:\/\/www.freimarianne.ch\/wp-content\/gallery\/vogelber-passwang-10-2-2013\/cache\/img_2431.jpg-nggid046232-ngg0dyn-100x75x100-00f0w010c010r110f110r010t010.jpg\"\n                    width=\"100\"\n                    height=\"75\"\n                    style=\"max-width:100%;\"\n                \/>\n            <\/a>\n        <\/div>\n\t\t\t\t\t\t\t<\/div> \n\t\t\t\n                            \n\t\t\t\t<div id=\"ngg-image-6\" class=\"ngg-gallery-thumbnail-box\" >\n\t\t\t\t        <div class=\"ngg-gallery-thumbnail\">\n            <a href=\"https:\/\/www.freimarianne.ch\/wp-content\/gallery\/vogelber-passwang-10-2-2013\/img_2436_01.jpg\"\n               title=\"\"\n               data-src=\"https:\/\/www.freimarianne.ch\/wp-content\/gallery\/vogelber-passwang-10-2-2013\/img_2436_01.jpg\"\n               data-thumbnail=\"https:\/\/www.freimarianne.ch\/wp-content\/gallery\/vogelber-passwang-10-2-2013\/thumbs\/thumbs_img_2436_01.jpg\"\n               data-image-id=\"6233\"\n               data-title=\"img_2436_01\"\n               data-description=\"\"\n               data-image-slug=\"img_2436_01\"\n               class=\"shutterset_9ece070c6d0dafc6f41c10b52be95f41\">\n                <img\n                    title=\"img_2436_01\"\n                    alt=\"img_2436_01\"\n                    src=\"https:\/\/www.freimarianne.ch\/wp-content\/gallery\/vogelber-passwang-10-2-2013\/cache\/img_2436_01.jpg-nggid046233-ngg0dyn-100x75x100-00f0w010c010r110f110r010t010.jpg\"\n                    width=\"100\"\n                    height=\"52\"\n                    style=\"max-width:100%;\"\n                \/>\n            <\/a>\n        <\/div>\n\t\t\t\t\t\t\t<\/div> \n\t\t\t\n                            \n\t\t\t\t<div id=\"ngg-image-7\" class=\"ngg-gallery-thumbnail-box\" >\n\t\t\t\t        <div class=\"ngg-gallery-thumbnail\">\n            <a href=\"https:\/\/www.freimarianne.ch\/wp-content\/gallery\/vogelber-passwang-10-2-2013\/img_2438.jpg\"\n               title=\"\"\n               data-src=\"https:\/\/www.freimarianne.ch\/wp-content\/gallery\/vogelber-passwang-10-2-2013\/img_2438.jpg\"\n               data-thumbnail=\"https:\/\/www.freimarianne.ch\/wp-content\/gallery\/vogelber-passwang-10-2-2013\/thumbs\/thumbs_img_2438.jpg\"\n               data-image-id=\"6234\"\n               data-title=\"img_2438\"\n               data-description=\"\"\n               data-image-slug=\"img_2438\"\n               class=\"shutterset_9ece070c6d0dafc6f41c10b52be95f41\">\n                <img\n                    title=\"img_2438\"\n                    alt=\"img_2438\"\n                    src=\"https:\/\/www.freimarianne.ch\/wp-content\/gallery\/vogelber-passwang-10-2-2013\/cache\/img_2438.jpg-nggid046234-ngg0dyn-100x75x100-00f0w010c010r110f110r010t010.jpg\"\n                    width=\"100\"\n                    height=\"75\"\n                    style=\"max-width:100%;\"\n                \/>\n            <\/a>\n        <\/div>\n\t\t\t\t\t\t\t<\/div> \n\t\t\t\n                                    <br style=\"clear: both\" \/>\n                    \n\t\t\t\t<div id=\"ngg-image-8\" class=\"ngg-gallery-thumbnail-box\" >\n\t\t\t\t        <div class=\"ngg-gallery-thumbnail\">\n            <a href=\"https:\/\/www.freimarianne.ch\/wp-content\/gallery\/vogelber-passwang-10-2-2013\/img_2439.jpg\"\n               title=\"\"\n               data-src=\"https:\/\/www.freimarianne.ch\/wp-content\/gallery\/vogelber-passwang-10-2-2013\/img_2439.jpg\"\n               data-thumbnail=\"https:\/\/www.freimarianne.ch\/wp-content\/gallery\/vogelber-passwang-10-2-2013\/thumbs\/thumbs_img_2439.jpg\"\n               data-image-id=\"6235\"\n               data-title=\"img_2439\"\n               data-description=\"\"\n               data-image-slug=\"img_2439-2\"\n               class=\"shutterset_9ece070c6d0dafc6f41c10b52be95f41\">\n                <img\n                    title=\"img_2439\"\n                    alt=\"img_2439\"\n                    src=\"https:\/\/www.freimarianne.ch\/wp-content\/gallery\/vogelber-passwang-10-2-2013\/cache\/img_2439.jpg-nggid046235-ngg0dyn-100x75x100-00f0w010c010r110f110r010t010.jpg\"\n                    width=\"100\"\n                    height=\"75\"\n                    style=\"max-width:100%;\"\n                \/>\n            <\/a>\n        <\/div>\n\t\t\t\t\t\t\t<\/div> \n\t\t\t\n                            \n\t\t\t\t<div id=\"ngg-image-9\" class=\"ngg-gallery-thumbnail-box\" >\n\t\t\t\t        <div class=\"ngg-gallery-thumbnail\">\n            <a href=\"https:\/\/www.freimarianne.ch\/wp-content\/gallery\/vogelber-passwang-10-2-2013\/img_2440.jpg\"\n               title=\"\"\n               data-src=\"https:\/\/www.freimarianne.ch\/wp-content\/gallery\/vogelber-passwang-10-2-2013\/img_2440.jpg\"\n               data-thumbnail=\"https:\/\/www.freimarianne.ch\/wp-content\/gallery\/vogelber-passwang-10-2-2013\/thumbs\/thumbs_img_2440.jpg\"\n               data-image-id=\"6236\"\n               data-title=\"img_2440\"\n               data-description=\"\"\n               data-image-slug=\"img_2440\"\n               class=\"shutterset_9ece070c6d0dafc6f41c10b52be95f41\">\n                <img\n                    title=\"img_2440\"\n                    alt=\"img_2440\"\n                    src=\"https:\/\/www.freimarianne.ch\/wp-content\/gallery\/vogelber-passwang-10-2-2013\/cache\/img_2440.jpg-nggid046236-ngg0dyn-100x75x100-00f0w010c010r110f110r010t010.jpg\"\n                    width=\"100\"\n                    height=\"75\"\n                    style=\"max-width:100%;\"\n                \/>\n            <\/a>\n        <\/div>\n\t\t\t\t\t\t\t<\/div> \n\t\t\t\n                            \n\t\t\t\t<div id=\"ngg-image-10\" class=\"ngg-gallery-thumbnail-box\" >\n\t\t\t\t        <div class=\"ngg-gallery-thumbnail\">\n            <a href=\"https:\/\/www.freimarianne.ch\/wp-content\/gallery\/vogelber-passwang-10-2-2013\/img_2441.jpg\"\n               title=\"\"\n               data-src=\"https:\/\/www.freimarianne.ch\/wp-content\/gallery\/vogelber-passwang-10-2-2013\/img_2441.jpg\"\n               data-thumbnail=\"https:\/\/www.freimarianne.ch\/wp-content\/gallery\/vogelber-passwang-10-2-2013\/thumbs\/thumbs_img_2441.jpg\"\n               data-image-id=\"6237\"\n               data-title=\"img_2441\"\n               data-description=\"\"\n               data-image-slug=\"img_2441\"\n               class=\"shutterset_9ece070c6d0dafc6f41c10b52be95f41\">\n                <img\n                    title=\"img_2441\"\n                    alt=\"img_2441\"\n                    src=\"https:\/\/www.freimarianne.ch\/wp-content\/gallery\/vogelber-passwang-10-2-2013\/cache\/img_2441.jpg-nggid046237-ngg0dyn-100x75x100-00f0w010c010r110f110r010t010.jpg\"\n                    width=\"100\"\n                    height=\"75\"\n                    style=\"max-width:100%;\"\n                \/>\n            <\/a>\n        <\/div>\n\t\t\t\t\t\t\t<\/div> \n\t\t\t\n                            \n\t\t\t\t<div id=\"ngg-image-11\" class=\"ngg-gallery-thumbnail-box\" >\n\t\t\t\t        <div class=\"ngg-gallery-thumbnail\">\n            <a href=\"https:\/\/www.freimarianne.ch\/wp-content\/gallery\/vogelber-passwang-10-2-2013\/img_2444.jpg\"\n               title=\"\"\n               data-src=\"https:\/\/www.freimarianne.ch\/wp-content\/gallery\/vogelber-passwang-10-2-2013\/img_2444.jpg\"\n               data-thumbnail=\"https:\/\/www.freimarianne.ch\/wp-content\/gallery\/vogelber-passwang-10-2-2013\/thumbs\/thumbs_img_2444.jpg\"\n               data-image-id=\"6238\"\n               data-title=\"img_2444\"\n               data-description=\"\"\n               data-image-slug=\"img_2444\"\n               class=\"shutterset_9ece070c6d0dafc6f41c10b52be95f41\">\n                <img\n                    title=\"img_2444\"\n                    alt=\"img_2444\"\n                    src=\"https:\/\/www.freimarianne.ch\/wp-content\/gallery\/vogelber-passwang-10-2-2013\/cache\/img_2444.jpg-nggid046238-ngg0dyn-100x75x100-00f0w010c010r110f110r010t010.jpg\"\n                    width=\"100\"\n                    height=\"75\"\n                    style=\"max-width:100%;\"\n                \/>\n            <\/a>\n        <\/div>\n\t\t\t\t\t\t\t<\/div> \n\t\t\t\n                                    <br style=\"clear: both\" \/>\n                    \n\t\t\t\t<div id=\"ngg-image-12\" class=\"ngg-gallery-thumbnail-box\" >\n\t\t\t\t        <div class=\"ngg-gallery-thumbnail\">\n            <a href=\"https:\/\/www.freimarianne.ch\/wp-content\/gallery\/vogelber-passwang-10-2-2013\/img_2445.jpg\"\n               title=\"\"\n               data-src=\"https:\/\/www.freimarianne.ch\/wp-content\/gallery\/vogelber-passwang-10-2-2013\/img_2445.jpg\"\n               data-thumbnail=\"https:\/\/www.freimarianne.ch\/wp-content\/gallery\/vogelber-passwang-10-2-2013\/thumbs\/thumbs_img_2445.jpg\"\n               data-image-id=\"6239\"\n               data-title=\"img_2445\"\n               data-description=\"\"\n               data-image-slug=\"img_2445-2\"\n               class=\"shutterset_9ece070c6d0dafc6f41c10b52be95f41\">\n                <img\n                    title=\"img_2445\"\n                    alt=\"img_2445\"\n                    src=\"https:\/\/www.freimarianne.ch\/wp-content\/gallery\/vogelber-passwang-10-2-2013\/cache\/img_2445.jpg-nggid046239-ngg0dyn-100x75x100-00f0w010c010r110f110r010t010.jpg\"\n                    width=\"100\"\n                    height=\"75\"\n                    style=\"max-width:100%;\"\n                \/>\n            <\/a>\n        <\/div>\n\t\t\t\t\t\t\t<\/div> \n\t\t\t\n                            \n\t\t\n\t\t<!-- Pagination -->\n\t<div class='ngg-clear'><\/div>\t<\/div>\n<\/p>\n","protected":false},"excerpt":{"rendered":"<p>Schneeschuhwanderung in einer wundersch\u00f6nen Winterlandschaft von Beinwil\/Neuh\u00fcsli &#8211; Bogental &#8211; Rest. Vogelberg &#8211; Reigoldswil Von der Haltestelle Neuh\u00fcsli nehmen den Weg zur Glash\u00fctte 648m , dann halten wir nach rechts und steigen gem\u00e4chlich dem Bach entlang nach Bogental 766m hinauf. Der kleine Weiler liegt im Sonnenschein, derweil wir auf der Schattenseite gelaufen sind. Bis hieher [&hellip;]<\/p>\n","protected":false},"author":1,"featured_media":0,"parent":3491,"menu_order":7,"comment_status":"closed","ping_status":"closed","template":"","meta":{"ngg_post_thumbnail":0},"_links":{"self":[{"href":"https:\/\/www.freimarianne.ch\/index.php?rest_route=\/wp\/v2\/pages\/3579"}],"collection":[{"href":"https:\/\/www.freimarianne.ch\/index.php?rest_route=\/wp\/v2\/pages"}],"about":[{"href":"https:\/\/www.freimarianne.ch\/index.php?rest_route=\/wp\/v2\/types\/page"}],"author":[{"embeddable":true,"href":"https:\/\/www.freimarianne.ch\/index.php?rest_route=\/wp\/v2\/users\/1"}],"replies":[{"embeddable":true,"href":"https:\/\/www.freimarianne.ch\/index.php?rest_route=%2Fwp%2Fv2%2Fcomments&post=3579"}],"version-history":[{"count":19,"href":"https:\/\/www.freimarianne.ch\/index.php?rest_route=\/wp\/v2\/pages\/3579\/revisions"}],"predecessor-version":[{"id":3606,"href":"https:\/\/www.freimarianne.ch\/index.php?rest_route=\/wp\/v2\/pages\/3579\/revisions\/3606"}],"up":[{"embeddable":true,"href":"https:\/\/www.freimarianne.ch\/index.php?rest_route=\/wp\/v2\/pages\/3491"}],"wp:attachment":[{"href":"https:\/\/www.freimarianne.ch\/index.php?rest_route=%2Fwp%2Fv2%2Fmedia&parent=3579"}],"curies":[{"name":"wp","href":"https:\/\/api.w.org\/{rel}","templated":true}]}}