{"id":35851,"date":"2019-03-12T10:39:37","date_gmt":"2019-03-12T09:39:37","guid":{"rendered":"http:\/\/www.freimarianne.ch\/?page_id=35851"},"modified":"2019-03-15T09:27:47","modified_gmt":"2019-03-15T08:27:47","slug":"sentiero-collina-alta-locarno-9-3-2019","status":"publish","type":"page","link":"https:\/\/www.freimarianne.ch\/?page_id=35851","title":{"rendered":"Sentiero Collina Alta Locarno   TI    9.3.2019"},"content":{"rendered":"<p><strong>Sentiero Collina Alta Locarno<\/strong><\/p>\n<div id=\"attachment_35848\" style=\"width: 510px\" class=\"wp-caption alignleft\"><img aria-describedby=\"caption-attachment-35848\" loading=\"lazy\" class=\"size-full wp-image-35848\" src=\"http:\/\/www.freimarianne.ch\/wp-content\/uploads\/2019\/03\/IMG_8053_locarno_9.3_500.jpg\" alt=\"\" width=\"500\" height=\"333\" srcset=\"https:\/\/www.freimarianne.ch\/wp-content\/uploads\/2019\/03\/IMG_8053_locarno_9.3_500.jpg 500w, https:\/\/www.freimarianne.ch\/wp-content\/uploads\/2019\/03\/IMG_8053_locarno_9.3_500-300x200.jpg 300w, https:\/\/www.freimarianne.ch\/wp-content\/uploads\/2019\/03\/IMG_8053_locarno_9.3_500-450x300.jpg 450w\" sizes=\"(max-width: 500px) 100vw, 500px\" \/><p id=\"caption-attachment-35848\" class=\"wp-caption-text\">Sentiero Collina alta; ein malerischer Weg<\/p><\/div>\n<p>Nach den vielen Wanderungen im Schnee habe ich Lust auf Fr\u00fchling! Das schlechte Wetter in der Nordsschweiz treibt mich ins Tessin auf den Sentiero Collina Alta Locarno.<br \/>\nIch beginne meine Wanderung im Dorf Contra, das am Anfang des Verzascatals liegt. Den Einstieg finde ich schnell und der Teerabschnitt bis zum Eintritt in den Wald ist nicht sehr lange. Nach eingen H\u00f6henmetern lande ich wieder auf einer Teerstrasse, der ich folge bis zu einer Barri\u00e8re, wo man wieder auf den malerischen Wanderweg gelangt. Bald bin ich beim Ponte Romano, der romanischen Br\u00fccke, die 1850 neu gebaut wurde und eine alte aus dem 15 .Jht. ersetzte. Schon fr\u00fch waren hier also Menschen auf dem Saumpfad, der von Locarno nach Tendrasca und Mergoscia f\u00fchrt unterwegs. Das belegt auch die Cap\u00e8la Rota,an welcher ich etwas sp\u00e4ter vorbeikomme. Ich folge auf meiner Wanderung der Beschreibung, die ich f\u00fcr diese Wanderung bei \u201e Wandersite\u201c gefunden habe.<br \/>\n<a href=\"http:\/\/www.wandersite.ch\/Tageswanderung\/456%20Tessin.html#b\">Wandersite<\/a><br \/>\n<a href=\"https:\/\/map.wanderland.ch\/?trackId=1284246&amp;layers=WanderlandEtappenNational%2CWanderlandEtappenRegional%2CWanderlandEtappenLokal%2CWanderwegnetz&amp;karte=0.75&amp;lang=de&amp;bgLayer=pk&amp;logo=yes&amp;season=summer&amp;resolution=2&amp;E=2704327&amp;N=1114846\">Karte Schweizmobil:<\/a><br \/>\nAllerdings habe ich dann beim n\u00e4chsten Teerabschnitt Probleme, denn laut Beschreibung w\u00fcrde man die folgende Markierung 50m weiter an einer Trockenmauer finden. Aber es stellt sich heraus, dass diese Angabe falsch ist. Es sind 620m auf der Strasse, bis man an besagte Markierung kommt!!!<br \/>\n(Nach R\u00fccksprache mit der Verantwortlichen von Wandersite stellt sich heraus,dass ich den Text falsch verstanden habe. Die 50m bezogen sich auf die n\u00e4chste Raute).Aber es ist doch wichtig zu wissen, dass man eine Weile auf der Strasse gehen muss bis zur n\u00e4chsten Abzweigung).<br \/>\nIch kann nun wieder auf dem malerischen Pfad wandern bis zum Wegweiser Via Eco. Ab hier finde ich keinen Wegweiser nach Monti della Trinita: Laut Karte m\u00fcsste ich noch die Schlucht Ramognna queren und dann nach Monti della Trinita hinunterkommen. Einen Weg probiere ich aus muss aber zur\u00fcckkehren, da er endet. So gehe ich eben in Orselina die Treppe hinunter und komme nach Madonna del Sasso, wo ich nach langer Wartezeit den Funi hinunter nach Locarno nehme.<br \/>\nMeiner Erfahrung nach ist es immer schwierig in bewohnten Gebieten den Einstieg oder den Ausstieg zu finden.<br \/>\nLaut Schweizmobil:<br \/>\nDistanz: 6.38km; Aufstieg: 270m; Abstieg: 445m; Wanderzeit: 2h 3min<br \/>\nIch war von 11.00h bis 13.00 h unterwegs<\/p>\n<p><a href=\"https:\/\/map.wanderland.ch\/?trackId=5279791&amp;layers=WanderlandEtappenNational%2CWanderlandEtappenRegional%2CWanderlandEtappenLokal%2CWanderwegnetz%2CStation&amp;karte=0.75&amp;lang=de&amp;bgLayer=pk&amp;logo=yes&amp;season=summer&amp;resolution=5&amp;E=2706304&amp;N=1115460\">Karte Schweizmobil:<\/a><\/p>\n<p><!-- index.php -->\n<div\n\tclass=\"ngg-galleryoverview ngg-ajax-pagination-none\"\n\tid=\"ngg-gallery-35887-1\">\n\n    \t<div class=\"slideshowlink\">\n        <a href='https:\/\/www.freimarianne.ch\/index.php\/nggallery\/slideshow?page_id=35851'>[Show as slideshow]<\/a>\n\t\t\n\t<\/div>\n\t\t\t<!-- Thumbnails -->\n\t\t\t\t<div id=\"ngg-image-0\" class=\"ngg-gallery-thumbnail-box\" >\n\t\t\t\t        <div class=\"ngg-gallery-thumbnail\">\n            <a href=\"https:\/\/www.freimarianne.ch\/wp-content\/gallery\/locarno-9-3-19\/IMG_8016.jpg\"\n               title=\"die Kirche von Contra\"\n               data-src=\"https:\/\/www.freimarianne.ch\/wp-content\/gallery\/locarno-9-3-19\/IMG_8016.jpg\"\n               data-thumbnail=\"https:\/\/www.freimarianne.ch\/wp-content\/gallery\/locarno-9-3-19\/thumbs\/thumbs_IMG_8016.jpg\"\n               data-image-id=\"20381\"\n               data-title=\"die Kirche von Contra\"\n               data-description=\"die Kirche von Contra\"\n               data-image-slug=\"img_8016-3\"\n               class=\"shutterset_35887\">\n                <img\n                    title=\"die Kirche von Contra\"\n                    alt=\"die Kirche von Contra\"\n                    src=\"https:\/\/www.freimarianne.ch\/wp-content\/gallery\/locarno-9-3-19\/thumbs\/thumbs_IMG_8016.jpg\"\n                    width=\"100\"\n                    height=\"75\"\n                    style=\"max-width:100%;\"\n                \/>\n            <\/a>\n        <\/div>\n\t\t\t\t\t\t\t<\/div> \n\t\t\t\n        \n\t\t\t\t<div id=\"ngg-image-1\" class=\"ngg-gallery-thumbnail-box\" >\n\t\t\t\t        <div class=\"ngg-gallery-thumbnail\">\n            <a href=\"https:\/\/www.freimarianne.ch\/wp-content\/gallery\/locarno-9-3-19\/IMG_8023.jpg\"\n               title=\"Kamelien;  Fr\u00fchlingsboten\"\n               data-src=\"https:\/\/www.freimarianne.ch\/wp-content\/gallery\/locarno-9-3-19\/IMG_8023.jpg\"\n               data-thumbnail=\"https:\/\/www.freimarianne.ch\/wp-content\/gallery\/locarno-9-3-19\/thumbs\/thumbs_IMG_8023.jpg\"\n               data-image-id=\"20382\"\n               data-title=\"Kamelien;  Fr\u00c3\u00bchlingsboten\"\n               data-description=\"Kamelien;  Fr\u00fchlingsboten\"\n               data-image-slug=\"img_8023-1\"\n               class=\"shutterset_35887\">\n                <img\n                    title=\"Kamelien;  Fr\u00c3\u00bchlingsboten\"\n                    alt=\"Kamelien;  Fr\u00c3\u00bchlingsboten\"\n                    src=\"https:\/\/www.freimarianne.ch\/wp-content\/gallery\/locarno-9-3-19\/thumbs\/thumbs_IMG_8023.jpg\"\n                    width=\"100\"\n                    height=\"75\"\n                    style=\"max-width:100%;\"\n                \/>\n            <\/a>\n        <\/div>\n\t\t\t\t\t\t\t<\/div> \n\t\t\t\n        \n\t\t\t\t<div id=\"ngg-image-2\" class=\"ngg-gallery-thumbnail-box\" >\n\t\t\t\t        <div class=\"ngg-gallery-thumbnail\">\n            <a href=\"https:\/\/www.freimarianne.ch\/wp-content\/gallery\/locarno-9-3-19\/IMG_8028.jpg\"\n               title=\"Blick auf Locarno\"\n               data-src=\"https:\/\/www.freimarianne.ch\/wp-content\/gallery\/locarno-9-3-19\/IMG_8028.jpg\"\n               data-thumbnail=\"https:\/\/www.freimarianne.ch\/wp-content\/gallery\/locarno-9-3-19\/thumbs\/thumbs_IMG_8028.jpg\"\n               data-image-id=\"20383\"\n               data-title=\"Blick auf Locarno\"\n               data-description=\"Blick auf Locarno\"\n               data-image-slug=\"img_8028-1\"\n               class=\"shutterset_35887\">\n                <img\n                    title=\"Blick auf Locarno\"\n                    alt=\"Blick auf Locarno\"\n                    src=\"https:\/\/www.freimarianne.ch\/wp-content\/gallery\/locarno-9-3-19\/thumbs\/thumbs_IMG_8028.jpg\"\n                    width=\"100\"\n                    height=\"75\"\n                    style=\"max-width:100%;\"\n                \/>\n            <\/a>\n        <\/div>\n\t\t\t\t\t\t\t<\/div> \n\t\t\t\n        \n\t\t\t\t<div id=\"ngg-image-3\" class=\"ngg-gallery-thumbnail-box\" >\n\t\t\t\t        <div class=\"ngg-gallery-thumbnail\">\n            <a href=\"https:\/\/www.freimarianne.ch\/wp-content\/gallery\/locarno-9-3-19\/IMG_8031.jpg\"\n               title=\"Sentiero Collina alta; ein malerischer Weg\"\n               data-src=\"https:\/\/www.freimarianne.ch\/wp-content\/gallery\/locarno-9-3-19\/IMG_8031.jpg\"\n               data-thumbnail=\"https:\/\/www.freimarianne.ch\/wp-content\/gallery\/locarno-9-3-19\/thumbs\/thumbs_IMG_8031.jpg\"\n               data-image-id=\"20384\"\n               data-title=\"Sentiero Collina alta; ein malerischer Weg\"\n               data-description=\"Sentiero Collina alta; ein malerischer Weg\"\n               data-image-slug=\"img_8031-2\"\n               class=\"shutterset_35887\">\n                <img\n                    title=\"Sentiero Collina alta; ein malerischer Weg\"\n                    alt=\"Sentiero Collina alta; ein malerischer Weg\"\n                    src=\"https:\/\/www.freimarianne.ch\/wp-content\/gallery\/locarno-9-3-19\/thumbs\/thumbs_IMG_8031.jpg\"\n                    width=\"100\"\n                    height=\"75\"\n                    style=\"max-width:100%;\"\n                \/>\n            <\/a>\n        <\/div>\n\t\t\t\t\t\t\t<\/div> \n\t\t\t\n        \n\t\t\t\t<div id=\"ngg-image-4\" class=\"ngg-gallery-thumbnail-box\" >\n\t\t\t\t        <div class=\"ngg-gallery-thumbnail\">\n            <a href=\"https:\/\/www.freimarianne.ch\/wp-content\/gallery\/locarno-9-3-19\/IMG_8035.jpg\"\n               title=\"Ponte Romano\"\n               data-src=\"https:\/\/www.freimarianne.ch\/wp-content\/gallery\/locarno-9-3-19\/IMG_8035.jpg\"\n               data-thumbnail=\"https:\/\/www.freimarianne.ch\/wp-content\/gallery\/locarno-9-3-19\/thumbs\/thumbs_IMG_8035.jpg\"\n               data-image-id=\"20385\"\n               data-title=\"Ponte Romano\"\n               data-description=\"Ponte Romano\"\n               data-image-slug=\"img_8035\"\n               class=\"shutterset_35887\">\n                <img\n                    title=\"Ponte Romano\"\n                    alt=\"Ponte Romano\"\n                    src=\"https:\/\/www.freimarianne.ch\/wp-content\/gallery\/locarno-9-3-19\/thumbs\/thumbs_IMG_8035.jpg\"\n                    width=\"100\"\n                    height=\"75\"\n                    style=\"max-width:100%;\"\n                \/>\n            <\/a>\n        <\/div>\n\t\t\t\t\t\t\t<\/div> \n\t\t\t\n        \n\t\t\t\t<div id=\"ngg-image-5\" class=\"ngg-gallery-thumbnail-box\" >\n\t\t\t\t        <div class=\"ngg-gallery-thumbnail\">\n            <a href=\"https:\/\/www.freimarianne.ch\/wp-content\/gallery\/locarno-9-3-19\/IMG_8036.jpg\"\n               title=\"Wasserfall beim Ponte Romano\"\n               data-src=\"https:\/\/www.freimarianne.ch\/wp-content\/gallery\/locarno-9-3-19\/IMG_8036.jpg\"\n               data-thumbnail=\"https:\/\/www.freimarianne.ch\/wp-content\/gallery\/locarno-9-3-19\/thumbs\/thumbs_IMG_8036.jpg\"\n               data-image-id=\"20386\"\n               data-title=\"Wasserfall beim Ponte Romano\"\n               data-description=\"Wasserfall beim Ponte Romano\"\n               data-image-slug=\"img_8036-2\"\n               class=\"shutterset_35887\">\n                <img\n                    title=\"Wasserfall beim Ponte Romano\"\n                    alt=\"Wasserfall beim Ponte Romano\"\n                    src=\"https:\/\/www.freimarianne.ch\/wp-content\/gallery\/locarno-9-3-19\/thumbs\/thumbs_IMG_8036.jpg\"\n                    width=\"100\"\n                    height=\"75\"\n                    style=\"max-width:100%;\"\n                \/>\n            <\/a>\n        <\/div>\n\t\t\t\t\t\t\t<\/div> \n\t\t\t\n        \n\t\t\t\t<div id=\"ngg-image-6\" class=\"ngg-gallery-thumbnail-box\" >\n\t\t\t\t        <div class=\"ngg-gallery-thumbnail\">\n            <a href=\"https:\/\/www.freimarianne.ch\/wp-content\/gallery\/locarno-9-3-19\/IMG_8038.jpg\"\n               title=\"Ponte Romano\"\n               data-src=\"https:\/\/www.freimarianne.ch\/wp-content\/gallery\/locarno-9-3-19\/IMG_8038.jpg\"\n               data-thumbnail=\"https:\/\/www.freimarianne.ch\/wp-content\/gallery\/locarno-9-3-19\/thumbs\/thumbs_IMG_8038.jpg\"\n               data-image-id=\"20387\"\n               data-title=\"Ponte Romano\"\n               data-description=\"Ponte Romano\"\n               data-image-slug=\"img_8038-3\"\n               class=\"shutterset_35887\">\n                <img\n                    title=\"Ponte Romano\"\n                    alt=\"Ponte Romano\"\n                    src=\"https:\/\/www.freimarianne.ch\/wp-content\/gallery\/locarno-9-3-19\/thumbs\/thumbs_IMG_8038.jpg\"\n                    width=\"100\"\n                    height=\"75\"\n                    style=\"max-width:100%;\"\n                \/>\n            <\/a>\n        <\/div>\n\t\t\t\t\t\t\t<\/div> \n\t\t\t\n        \n\t\t\t\t<div id=\"ngg-image-7\" class=\"ngg-gallery-thumbnail-box\" >\n\t\t\t\t        <div class=\"ngg-gallery-thumbnail\">\n            <a href=\"https:\/\/www.freimarianne.ch\/wp-content\/gallery\/locarno-9-3-19\/IMG_8041.jpg\"\n               title=\"Sentiero Collina alta; ein malerischer Weg\"\n               data-src=\"https:\/\/www.freimarianne.ch\/wp-content\/gallery\/locarno-9-3-19\/IMG_8041.jpg\"\n               data-thumbnail=\"https:\/\/www.freimarianne.ch\/wp-content\/gallery\/locarno-9-3-19\/thumbs\/thumbs_IMG_8041.jpg\"\n               data-image-id=\"20388\"\n               data-title=\"Sentiero Collina alta; ein malerischer Weg\"\n               data-description=\"Sentiero Collina alta; ein malerischer Weg\"\n               data-image-slug=\"img_8041-1\"\n               class=\"shutterset_35887\">\n                <img\n                    title=\"Sentiero Collina alta; ein malerischer Weg\"\n                    alt=\"Sentiero Collina alta; ein malerischer Weg\"\n                    src=\"https:\/\/www.freimarianne.ch\/wp-content\/gallery\/locarno-9-3-19\/thumbs\/thumbs_IMG_8041.jpg\"\n                    width=\"100\"\n                    height=\"75\"\n                    style=\"max-width:100%;\"\n                \/>\n            <\/a>\n        <\/div>\n\t\t\t\t\t\t\t<\/div> \n\t\t\t\n        \n\t\t\t\t<div id=\"ngg-image-8\" class=\"ngg-gallery-thumbnail-box\" >\n\t\t\t\t        <div class=\"ngg-gallery-thumbnail\">\n            <a href=\"https:\/\/www.freimarianne.ch\/wp-content\/gallery\/locarno-9-3-19\/IMG_8042.jpg\"\n               title=\"Sentiero Collina alta; ein malerischer Weg\"\n               data-src=\"https:\/\/www.freimarianne.ch\/wp-content\/gallery\/locarno-9-3-19\/IMG_8042.jpg\"\n               data-thumbnail=\"https:\/\/www.freimarianne.ch\/wp-content\/gallery\/locarno-9-3-19\/thumbs\/thumbs_IMG_8042.jpg\"\n               data-image-id=\"20389\"\n               data-title=\"Sentiero Collina alta; ein malerischer Weg\"\n               data-description=\"Sentiero Collina alta; ein malerischer Weg\"\n               data-image-slug=\"img_8042-5\"\n               class=\"shutterset_35887\">\n                <img\n                    title=\"Sentiero Collina alta; ein malerischer Weg\"\n                    alt=\"Sentiero Collina alta; ein malerischer Weg\"\n                    src=\"https:\/\/www.freimarianne.ch\/wp-content\/gallery\/locarno-9-3-19\/thumbs\/thumbs_IMG_8042.jpg\"\n                    width=\"100\"\n                    height=\"75\"\n                    style=\"max-width:100%;\"\n                \/>\n            <\/a>\n        <\/div>\n\t\t\t\t\t\t\t<\/div> \n\t\t\t\n        \n\t\t\t\t<div id=\"ngg-image-9\" class=\"ngg-gallery-thumbnail-box\" >\n\t\t\t\t        <div class=\"ngg-gallery-thumbnail\">\n            <a href=\"https:\/\/www.freimarianne.ch\/wp-content\/gallery\/locarno-9-3-19\/IMG_8056.jpg\"\n               title=\"Blich in einen Fr\u00fchlingsgarten\"\n               data-src=\"https:\/\/www.freimarianne.ch\/wp-content\/gallery\/locarno-9-3-19\/IMG_8056.jpg\"\n               data-thumbnail=\"https:\/\/www.freimarianne.ch\/wp-content\/gallery\/locarno-9-3-19\/thumbs\/thumbs_IMG_8056.jpg\"\n               data-image-id=\"20390\"\n               data-title=\"Blich in einen Fr\u00c3\u00bchlingsgarten\"\n               data-description=\"Blich in einen Fr\u00fchlingsgarten\"\n               data-image-slug=\"img_8056-4\"\n               class=\"shutterset_35887\">\n                <img\n                    title=\"Blich in einen Fr\u00c3\u00bchlingsgarten\"\n                    alt=\"Blich in einen Fr\u00c3\u00bchlingsgarten\"\n                    src=\"https:\/\/www.freimarianne.ch\/wp-content\/gallery\/locarno-9-3-19\/thumbs\/thumbs_IMG_8056.jpg\"\n                    width=\"100\"\n                    height=\"75\"\n                    style=\"max-width:100%;\"\n                \/>\n            <\/a>\n        <\/div>\n\t\t\t\t\t\t\t<\/div> \n\t\t\t\n        \n\t\t\t\t<div id=\"ngg-image-10\" class=\"ngg-gallery-thumbnail-box\" >\n\t\t\t\t        <div class=\"ngg-gallery-thumbnail\">\n            <a href=\"https:\/\/www.freimarianne.ch\/wp-content\/gallery\/locarno-9-3-19\/IMG_8065.jpg\"\n               title=\"Fr\u00fchling im Tessin\"\n               data-src=\"https:\/\/www.freimarianne.ch\/wp-content\/gallery\/locarno-9-3-19\/IMG_8065.jpg\"\n               data-thumbnail=\"https:\/\/www.freimarianne.ch\/wp-content\/gallery\/locarno-9-3-19\/thumbs\/thumbs_IMG_8065.jpg\"\n               data-image-id=\"20391\"\n               data-title=\"Fr\u00c3\u00bchling im Tessin\"\n               data-description=\"Fr\u00fchling im Tessin\"\n               data-image-slug=\"img_8065-1\"\n               class=\"shutterset_35887\">\n                <img\n                    title=\"Fr\u00c3\u00bchling im Tessin\"\n                    alt=\"Fr\u00c3\u00bchling im Tessin\"\n                    src=\"https:\/\/www.freimarianne.ch\/wp-content\/gallery\/locarno-9-3-19\/thumbs\/thumbs_IMG_8065.jpg\"\n                    width=\"100\"\n                    height=\"75\"\n                    style=\"max-width:100%;\"\n                \/>\n            <\/a>\n        <\/div>\n\t\t\t\t\t\t\t<\/div> \n\t\t\t\n        \n\t\t\t\t<div id=\"ngg-image-11\" class=\"ngg-gallery-thumbnail-box\" >\n\t\t\t\t        <div class=\"ngg-gallery-thumbnail\">\n            <a href=\"https:\/\/www.freimarianne.ch\/wp-content\/gallery\/locarno-9-3-19\/IMG_8066.jpg\"\n               title=\"Fr\u00fchling im Tessin\"\n               data-src=\"https:\/\/www.freimarianne.ch\/wp-content\/gallery\/locarno-9-3-19\/IMG_8066.jpg\"\n               data-thumbnail=\"https:\/\/www.freimarianne.ch\/wp-content\/gallery\/locarno-9-3-19\/thumbs\/thumbs_IMG_8066.jpg\"\n               data-image-id=\"20392\"\n               data-title=\"Fr\u00c3\u00bchling im Tessin\"\n               data-description=\"Fr\u00fchling im Tessin\"\n               data-image-slug=\"img_8066-1\"\n               class=\"shutterset_35887\">\n                <img\n                    title=\"Fr\u00c3\u00bchling im Tessin\"\n                    alt=\"Fr\u00c3\u00bchling im Tessin\"\n                    src=\"https:\/\/www.freimarianne.ch\/wp-content\/gallery\/locarno-9-3-19\/thumbs\/thumbs_IMG_8066.jpg\"\n                    width=\"100\"\n                    height=\"75\"\n                    style=\"max-width:100%;\"\n                \/>\n            <\/a>\n        <\/div>\n\t\t\t\t\t\t\t<\/div> \n\t\t\t\n        \n\t\t\t\t<div id=\"ngg-image-12\" class=\"ngg-gallery-thumbnail-box\" >\n\t\t\t\t        <div class=\"ngg-gallery-thumbnail\">\n            <a href=\"https:\/\/www.freimarianne.ch\/wp-content\/gallery\/locarno-9-3-19\/IMG_8068.jpg\"\n               title=\"Marianne unterwegs\"\n               data-src=\"https:\/\/www.freimarianne.ch\/wp-content\/gallery\/locarno-9-3-19\/IMG_8068.jpg\"\n               data-thumbnail=\"https:\/\/www.freimarianne.ch\/wp-content\/gallery\/locarno-9-3-19\/thumbs\/thumbs_IMG_8068.jpg\"\n               data-image-id=\"20393\"\n               data-title=\"Marianne unterwegs\"\n               data-description=\"Marianne unterwegs\"\n               data-image-slug=\"img_8068-2\"\n               class=\"shutterset_35887\">\n                <img\n                    title=\"Marianne unterwegs\"\n                    alt=\"Marianne unterwegs\"\n                    src=\"https:\/\/www.freimarianne.ch\/wp-content\/gallery\/locarno-9-3-19\/thumbs\/thumbs_IMG_8068.jpg\"\n                    width=\"100\"\n                    height=\"75\"\n                    style=\"max-width:100%;\"\n                \/>\n            <\/a>\n        <\/div>\n\t\t\t\t\t\t\t<\/div> \n\t\t\t\n        \n\t\t\t\t<div id=\"ngg-image-13\" class=\"ngg-gallery-thumbnail-box\" >\n\t\t\t\t        <div class=\"ngg-gallery-thumbnail\">\n            <a href=\"https:\/\/www.freimarianne.ch\/wp-content\/gallery\/locarno-9-3-19\/IMG_8072.jpg\"\n               title=\"Madonna dell Sasso\"\n               data-src=\"https:\/\/www.freimarianne.ch\/wp-content\/gallery\/locarno-9-3-19\/IMG_8072.jpg\"\n               data-thumbnail=\"https:\/\/www.freimarianne.ch\/wp-content\/gallery\/locarno-9-3-19\/thumbs\/thumbs_IMG_8072.jpg\"\n               data-image-id=\"20394\"\n               data-title=\"Madonna dell Sasso\"\n               data-description=\"Madonna dell Sasso\"\n               data-image-slug=\"img_8072-2\"\n               class=\"shutterset_35887\">\n                <img\n                    title=\"Madonna dell Sasso\"\n                    alt=\"Madonna dell Sasso\"\n                    src=\"https:\/\/www.freimarianne.ch\/wp-content\/gallery\/locarno-9-3-19\/thumbs\/thumbs_IMG_8072.jpg\"\n                    width=\"100\"\n                    height=\"75\"\n                    style=\"max-width:100%;\"\n                \/>\n            <\/a>\n        <\/div>\n\t\t\t\t\t\t\t<\/div> \n\t\t\t\n        \n\t\t\t\t<div id=\"ngg-image-14\" class=\"ngg-gallery-thumbnail-box\" >\n\t\t\t\t        <div class=\"ngg-gallery-thumbnail\">\n            <a href=\"https:\/\/www.freimarianne.ch\/wp-content\/gallery\/locarno-9-3-19\/IMG_8073.jpg\"\n               title=\"am Langensee\"\n               data-src=\"https:\/\/www.freimarianne.ch\/wp-content\/gallery\/locarno-9-3-19\/IMG_8073.jpg\"\n               data-thumbnail=\"https:\/\/www.freimarianne.ch\/wp-content\/gallery\/locarno-9-3-19\/thumbs\/thumbs_IMG_8073.jpg\"\n               data-image-id=\"20380\"\n               data-title=\"am Langensee\"\n               data-description=\"am Langensee\"\n               data-image-slug=\"img_8073-2\"\n               class=\"shutterset_35887\">\n                <img\n                    title=\"am Langensee\"\n                    alt=\"am Langensee\"\n                    src=\"https:\/\/www.freimarianne.ch\/wp-content\/gallery\/locarno-9-3-19\/thumbs\/thumbs_IMG_8073.jpg\"\n                    width=\"100\"\n                    height=\"75\"\n                    style=\"max-width:100%;\"\n                \/>\n            <\/a>\n        <\/div>\n\t\t\t\t\t\t\t<\/div> \n\t\t\t\n        \n\t\t\n\t\t<!-- Pagination -->\n\t<div class='ngg-clear'><\/div>\t<\/div>\n<\/p>\n","protected":false},"excerpt":{"rendered":"<p>Sentiero Collina Alta Locarno Nach den vielen Wanderungen im Schnee habe ich Lust auf Fr\u00fchling! Das schlechte Wetter in der Nordsschweiz treibt mich ins Tessin auf den Sentiero Collina Alta Locarno. Ich beginne meine Wanderung im Dorf Contra, das am Anfang des Verzascatals liegt. Den Einstieg finde ich schnell und der Teerabschnitt bis zum Eintritt [&hellip;]<\/p>\n","protected":false},"author":1,"featured_media":0,"parent":35849,"menu_order":1,"comment_status":"closed","ping_status":"closed","template":"","meta":{"ngg_post_thumbnail":0},"_links":{"self":[{"href":"https:\/\/www.freimarianne.ch\/index.php?rest_route=\/wp\/v2\/pages\/35851"}],"collection":[{"href":"https:\/\/www.freimarianne.ch\/index.php?rest_route=\/wp\/v2\/pages"}],"about":[{"href":"https:\/\/www.freimarianne.ch\/index.php?rest_route=\/wp\/v2\/types\/page"}],"author":[{"embeddable":true,"href":"https:\/\/www.freimarianne.ch\/index.php?rest_route=\/wp\/v2\/users\/1"}],"replies":[{"embeddable":true,"href":"https:\/\/www.freimarianne.ch\/index.php?rest_route=%2Fwp%2Fv2%2Fcomments&post=35851"}],"version-history":[{"count":6,"href":"https:\/\/www.freimarianne.ch\/index.php?rest_route=\/wp\/v2\/pages\/35851\/revisions"}],"predecessor-version":[{"id":35892,"href":"https:\/\/www.freimarianne.ch\/index.php?rest_route=\/wp\/v2\/pages\/35851\/revisions\/35892"}],"up":[{"embeddable":true,"href":"https:\/\/www.freimarianne.ch\/index.php?rest_route=\/wp\/v2\/pages\/35849"}],"wp:attachment":[{"href":"https:\/\/www.freimarianne.ch\/index.php?rest_route=%2Fwp%2Fv2%2Fmedia&parent=35851"}],"curies":[{"name":"wp","href":"https:\/\/api.w.org\/{rel}","templated":true}]}}