{"id":35898,"date":"2019-03-27T17:03:18","date_gmt":"2019-03-27T16:03:18","guid":{"rendered":"http:\/\/www.freimarianne.ch\/?page_id=35898"},"modified":"2019-04-03T07:57:40","modified_gmt":"2019-04-03T06:57:40","slug":"pontresina-gr-winterferien-2019","status":"publish","type":"page","link":"https:\/\/www.freimarianne.ch\/?page_id=35898","title":{"rendered":"Pontresina  GR Winterferien 2019"},"content":{"rendered":"<p><strong>Winterferien vom 16.-23.3.2019 im Hotel Engadinerhof in Pontresina<\/strong><\/p>\n<div id=\"attachment_35896\" style=\"width: 510px\" class=\"wp-caption alignleft\"><img aria-describedby=\"caption-attachment-35896\" loading=\"lazy\" class=\"size-full wp-image-35896\" src=\"http:\/\/www.freimarianne.ch\/wp-content\/uploads\/2019\/03\/IMG_8254._pontresina500.jpg\" alt=\"\" width=\"500\" height=\"317\" srcset=\"https:\/\/www.freimarianne.ch\/wp-content\/uploads\/2019\/03\/IMG_8254._pontresina500.jpg 500w, https:\/\/www.freimarianne.ch\/wp-content\/uploads\/2019\/03\/IMG_8254._pontresina500-300x190.jpg 300w, https:\/\/www.freimarianne.ch\/wp-content\/uploads\/2019\/03\/IMG_8254._pontresina500-473x300.jpg 473w\" sizes=\"(max-width: 500px) 100vw, 500px\" \/><p id=\"caption-attachment-35896\" class=\"wp-caption-text\">Fr\u00fchling in Pontresina;<\/p><\/div>\n<p><strong>17.3.2019: Skifahren im Corvatsch Gebiet<\/strong><\/p>\n<p>Sonne, Wolken, teilweise schlechte Sicht<\/p>\n<div id=\"attachment_35967\" style=\"width: 510px\" class=\"wp-caption alignnone\"><img aria-describedby=\"caption-attachment-35967\" loading=\"lazy\" class=\"size-full wp-image-35967\" src=\"http:\/\/www.freimarianne.ch\/wp-content\/uploads\/2019\/04\/IMG_8149._17.3.19_500.jpg\" alt=\"\" width=\"500\" height=\"333\" srcset=\"https:\/\/www.freimarianne.ch\/wp-content\/uploads\/2019\/04\/IMG_8149._17.3.19_500.jpg 500w, https:\/\/www.freimarianne.ch\/wp-content\/uploads\/2019\/04\/IMG_8149._17.3.19_500-300x200.jpg 300w, https:\/\/www.freimarianne.ch\/wp-content\/uploads\/2019\/04\/IMG_8149._17.3.19_500-450x300.jpg 450w\" sizes=\"(max-width: 500px) 100vw, 500px\" \/><p id=\"caption-attachment-35967\" class=\"wp-caption-text\">an der Ova Bernina; Piz Padella 2884m<\/p><\/div>\n<p><strong>18.3.2019: Skifahren im Gebiet Marguns &#8211; Cl\u00fcna<\/strong><\/p>\n<p>Neuschnee, Sonne, Wolken, teilweise schlechte Sicht<\/p>\n<div id=\"attachment_35968\" style=\"width: 510px\" class=\"wp-caption alignleft\"><img aria-describedby=\"caption-attachment-35968\" loading=\"lazy\" class=\"size-full wp-image-35968\" src=\"http:\/\/www.freimarianne.ch\/wp-content\/uploads\/2019\/04\/IMG_8156_18.3.19_500.jpg\" alt=\"\" width=\"500\" height=\"307\" srcset=\"https:\/\/www.freimarianne.ch\/wp-content\/uploads\/2019\/04\/IMG_8156_18.3.19_500.jpg 500w, https:\/\/www.freimarianne.ch\/wp-content\/uploads\/2019\/04\/IMG_8156_18.3.19_500-300x184.jpg 300w, https:\/\/www.freimarianne.ch\/wp-content\/uploads\/2019\/04\/IMG_8156_18.3.19_500-489x300.jpg 489w\" sizes=\"(max-width: 500px) 100vw, 500px\" \/><p id=\"caption-attachment-35968\" class=\"wp-caption-text\">Piz Corviglia 3060m, Piz Gl\u00fcna 3106m, Piz Saluver 3161m<\/p><\/div>\n<p><strong>19.3.2019: Skifahren im Gebiet Corviglia, Piz Nair<\/strong><\/p>\n<p>Sonne, Bilderbuchwetter<\/p>\n<div id=\"attachment_35969\" style=\"width: 510px\" class=\"wp-caption alignleft\"><a href=\"http:\/\/www.freimarianne.ch\/?page_id=35977\"><img aria-describedby=\"caption-attachment-35969\" loading=\"lazy\" class=\"size-full wp-image-35969\" src=\"http:\/\/www.freimarianne.ch\/wp-content\/uploads\/2019\/04\/IMG_8172_19.3.19_500.jpg\" alt=\"\" width=\"500\" height=\"250\" srcset=\"https:\/\/www.freimarianne.ch\/wp-content\/uploads\/2019\/04\/IMG_8172_19.3.19_500.jpg 500w, https:\/\/www.freimarianne.ch\/wp-content\/uploads\/2019\/04\/IMG_8172_19.3.19_500-300x150.jpg 300w\" sizes=\"(max-width: 500px) 100vw, 500px\" \/><\/a><p id=\"caption-attachment-35969\" class=\"wp-caption-text\">SIcht vom Piz Nair 3057m; Piz Albana, Piz Julier<\/p><\/div>\n<p><strong>20.3.2019: Skifahren im Gebiet Corvatsch; Spaziergang auf dem Steinbockweg in Pontresina<\/strong><\/p>\n<p>Sonne, Bilderbuchwetter<\/p>\n<div id=\"attachment_35970\" style=\"width: 510px\" class=\"wp-caption alignleft\"><a href=\"http:\/\/www.freimarianne.ch\/?page_id=35979\"><img aria-describedby=\"caption-attachment-35970\" loading=\"lazy\" class=\"size-full wp-image-35970\" src=\"http:\/\/www.freimarianne.ch\/wp-content\/uploads\/2019\/04\/IMG_8240._20.3.19_500.jpg\" alt=\"\" width=\"500\" height=\"333\" srcset=\"https:\/\/www.freimarianne.ch\/wp-content\/uploads\/2019\/04\/IMG_8240._20.3.19_500.jpg 500w, https:\/\/www.freimarianne.ch\/wp-content\/uploads\/2019\/04\/IMG_8240._20.3.19_500-300x200.jpg 300w, https:\/\/www.freimarianne.ch\/wp-content\/uploads\/2019\/04\/IMG_8240._20.3.19_500-450x300.jpg 450w\" sizes=\"(max-width: 500px) 100vw, 500px\" \/><\/a><p id=\"caption-attachment-35970\" class=\"wp-caption-text\">SIcht vom Corvatsch 3303m; Piz Cam 2634m, Piz Duan 3131m, ganz hi Monte Rosa und Mischabelgruppe, Getscherhorn 3107m<\/p><\/div>\n<p><strong>21.3.2019: Skifahren auf der Diavolezza; Spaziergang auf Muottas Muragl<\/strong><\/p>\n<p>Sonne, Bilderbuchwetter<\/p>\n<div id=\"attachment_35971\" style=\"width: 510px\" class=\"wp-caption alignleft\"><a href=\"http:\/\/www.freimarianne.ch\/?page_id=35983\"><img aria-describedby=\"caption-attachment-35971\" loading=\"lazy\" class=\"size-full wp-image-35971\" src=\"http:\/\/www.freimarianne.ch\/wp-content\/uploads\/2019\/04\/IMG_8286_21.3.19_500.jpg\" alt=\"\" width=\"500\" height=\"333\" srcset=\"https:\/\/www.freimarianne.ch\/wp-content\/uploads\/2019\/04\/IMG_8286_21.3.19_500.jpg 500w, https:\/\/www.freimarianne.ch\/wp-content\/uploads\/2019\/04\/IMG_8286_21.3.19_500-300x200.jpg 300w, https:\/\/www.freimarianne.ch\/wp-content\/uploads\/2019\/04\/IMG_8286_21.3.19_500-450x300.jpg 450w\" sizes=\"(max-width: 500px) 100vw, 500px\" \/><\/a><p id=\"caption-attachment-35971\" class=\"wp-caption-text\">Marianne auf der Diavolezza 2878m; Piz Cambrena 3602m, Piz Pal\u00fc Ost 3882m, Piz Pal\u00fc 3908m, Piz Pal\u00fc West 3823m, Bella Vista Ost 3799m, Bellavista 3890m, Bella Vista West 3922m<\/p><\/div>\n<p><strong>22.3.2019:Skifahren im Gebiet Furtschellas &#8211; Corvatsch &#8211; Surlej<\/strong><\/p>\n<p>Sonne, Bilderbuchwetter<\/p>\n<div id=\"attachment_35972\" style=\"width: 510px\" class=\"wp-caption alignleft\"><img aria-describedby=\"caption-attachment-35972\" loading=\"lazy\" class=\"size-full wp-image-35972\" src=\"http:\/\/www.freimarianne.ch\/wp-content\/uploads\/2019\/04\/IMG_8384_22.3.19_500.jpg\" alt=\"\" width=\"500\" height=\"333\" srcset=\"https:\/\/www.freimarianne.ch\/wp-content\/uploads\/2019\/04\/IMG_8384_22.3.19_500.jpg 500w, https:\/\/www.freimarianne.ch\/wp-content\/uploads\/2019\/04\/IMG_8384_22.3.19_500-300x200.jpg 300w, https:\/\/www.freimarianne.ch\/wp-content\/uploads\/2019\/04\/IMG_8384_22.3.19_500-450x300.jpg 450w\" sizes=\"(max-width: 500px) 100vw, 500px\" \/><p id=\"caption-attachment-35972\" class=\"wp-caption-text\">bei Furtschellas Bergstation 2800m ; Blick gegen das Corvatsch Gebiet; Fil da las Furtschellas<\/p><\/div>\n","protected":false},"excerpt":{"rendered":"<p>Winterferien vom 16.-23.3.2019 im Hotel Engadinerhof in Pontresina 17.3.2019: Skifahren im Corvatsch Gebiet Sonne, Wolken, teilweise schlechte Sicht 18.3.2019: Skifahren im Gebiet Marguns &#8211; Cl\u00fcna Neuschnee, Sonne, Wolken, teilweise schlechte Sicht 19.3.2019: Skifahren im Gebiet Corviglia, Piz Nair Sonne, Bilderbuchwetter 20.3.2019: Skifahren im Gebiet Corvatsch; Spaziergang auf dem Steinbockweg in Pontresina Sonne, Bilderbuchwetter 21.3.2019: Skifahren [&hellip;]<\/p>\n","protected":false},"author":1,"featured_media":0,"parent":35849,"menu_order":2,"comment_status":"closed","ping_status":"closed","template":"","meta":{"ngg_post_thumbnail":0},"_links":{"self":[{"href":"https:\/\/www.freimarianne.ch\/index.php?rest_route=\/wp\/v2\/pages\/35898"}],"collection":[{"href":"https:\/\/www.freimarianne.ch\/index.php?rest_route=\/wp\/v2\/pages"}],"about":[{"href":"https:\/\/www.freimarianne.ch\/index.php?rest_route=\/wp\/v2\/types\/page"}],"author":[{"embeddable":true,"href":"https:\/\/www.freimarianne.ch\/index.php?rest_route=\/wp\/v2\/users\/1"}],"replies":[{"embeddable":true,"href":"https:\/\/www.freimarianne.ch\/index.php?rest_route=%2Fwp%2Fv2%2Fcomments&post=35898"}],"version-history":[{"count":8,"href":"https:\/\/www.freimarianne.ch\/index.php?rest_route=\/wp\/v2\/pages\/35898\/revisions"}],"predecessor-version":[{"id":36113,"href":"https:\/\/www.freimarianne.ch\/index.php?rest_route=\/wp\/v2\/pages\/35898\/revisions\/36113"}],"up":[{"embeddable":true,"href":"https:\/\/www.freimarianne.ch\/index.php?rest_route=\/wp\/v2\/pages\/35849"}],"wp:attachment":[{"href":"https:\/\/www.freimarianne.ch\/index.php?rest_route=%2Fwp%2Fv2%2Fmedia&parent=35898"}],"curies":[{"name":"wp","href":"https:\/\/api.w.org\/{rel}","templated":true}]}}