{"id":3653,"date":"2013-03-09T18:02:10","date_gmt":"2013-03-09T17:02:10","guid":{"rendered":"http:\/\/www.freimarianne.ch\/?page_id=3653"},"modified":"2013-03-11T11:59:39","modified_gmt":"2013-03-11T10:59:39","slug":"kandersteg-be-7-3-2013","status":"publish","type":"page","link":"https:\/\/www.freimarianne.ch\/?page_id=3653","title":{"rendered":"Kandersteg, BE 7.3.2013"},"content":{"rendered":"<p><strong>Winterwanderung<\/strong> H\u00f6htour<br \/>\nEine  Wandrung bei leider nicht optimalen Wetter &#8211; und Schneebedingungen.<br \/>\nEntlang der Kander &#8211; H\u00f6hwald &#8211; Aussichtspunkt &#8220;Risetenegg&#8221; &#8211; B\u00fctschels &#8211; entlang der Kander  bis Filfalle &#8211; auf der anderen Talseite  zur\u00fcck nach Kandersteg. Einkehr im historischen Gasthof &#8220;Ruedihus&#8221;<br \/>\n<img loading=\"lazy\" src=\"http:\/\/www.freimarianne.ch\/wp-content\/uploads\/2013\/03\/IMG_2939Kandersteg7.jpg\" alt=\"\" title=\"IMG_2939Kandersteg7\" width=\"500\" height=\"375\" class=\"alignright size-full wp-image-3655\" srcset=\"https:\/\/www.freimarianne.ch\/wp-content\/uploads\/2013\/03\/IMG_2939Kandersteg7.jpg 500w, https:\/\/www.freimarianne.ch\/wp-content\/uploads\/2013\/03\/IMG_2939Kandersteg7-300x225.jpg 300w, https:\/\/www.freimarianne.ch\/wp-content\/uploads\/2013\/03\/IMG_2939Kandersteg7-400x300.jpg 400w\" sizes=\"(max-width: 500px) 100vw, 500px\" \/><\/a><br \/>\n<!-- index.php -->\n<div\n\tclass=\"ngg-galleryoverview ngg-ajax-pagination-none\"\n\tid=\"ngg-gallery-63a4992c6af84ff4bfc9dacf625645ce-1\">\n\n    \t<div class=\"slideshowlink\">\n        <a href='https:\/\/www.freimarianne.ch\/index.php\/nggallery\/slideshow?page_id=3653'>[Show as slideshow]<\/a>\n\t\t\n\t<\/div>\n\t\t\t<!-- Thumbnails -->\n\t\t\t\t<div id=\"ngg-image-0\" class=\"ngg-gallery-thumbnail-box\" >\n\t\t\t\t        <div class=\"ngg-gallery-thumbnail\">\n            <a href=\"https:\/\/www.freimarianne.ch\/wp-content\/gallery\/kandersteg-7-3-2013\/img_2939.jpg\"\n               title=\"\"\n               data-src=\"https:\/\/www.freimarianne.ch\/wp-content\/gallery\/kandersteg-7-3-2013\/img_2939.jpg\"\n               data-thumbnail=\"https:\/\/www.freimarianne.ch\/wp-content\/gallery\/kandersteg-7-3-2013\/thumbs\/thumbs_img_2939.jpg\"\n               data-image-id=\"6401\"\n               data-title=\"img_2939\"\n               data-description=\"\"\n               data-image-slug=\"img_2939\"\n               class=\"shutterset_63a4992c6af84ff4bfc9dacf625645ce\">\n                <img\n                    title=\"img_2939\"\n                    alt=\"img_2939\"\n                    src=\"https:\/\/www.freimarianne.ch\/wp-content\/gallery\/kandersteg-7-3-2013\/cache\/img_2939.jpg-nggid046401-ngg0dyn-100x75x100-00f0w010c010r110f110r010t010.jpg\"\n                    width=\"100\"\n                    height=\"75\"\n                    style=\"max-width:100%;\"\n                \/>\n            <\/a>\n        <\/div>\n\t\t\t\t\t\t\t<\/div> \n\t\t\t\n                            \n\t\t\t\t<div id=\"ngg-image-1\" class=\"ngg-gallery-thumbnail-box\" >\n\t\t\t\t        <div class=\"ngg-gallery-thumbnail\">\n            <a href=\"https:\/\/www.freimarianne.ch\/wp-content\/gallery\/kandersteg-7-3-2013\/img_2940.jpg\"\n               title=\"\"\n               data-src=\"https:\/\/www.freimarianne.ch\/wp-content\/gallery\/kandersteg-7-3-2013\/img_2940.jpg\"\n               data-thumbnail=\"https:\/\/www.freimarianne.ch\/wp-content\/gallery\/kandersteg-7-3-2013\/thumbs\/thumbs_img_2940.jpg\"\n               data-image-id=\"6402\"\n               data-title=\"img_2940\"\n               data-description=\"\"\n               data-image-slug=\"img_2940-2\"\n               class=\"shutterset_63a4992c6af84ff4bfc9dacf625645ce\">\n                <img\n                    title=\"img_2940\"\n                    alt=\"img_2940\"\n                    src=\"https:\/\/www.freimarianne.ch\/wp-content\/gallery\/kandersteg-7-3-2013\/cache\/img_2940.jpg-nggid046402-ngg0dyn-100x75x100-00f0w010c010r110f110r010t010.jpg\"\n                    width=\"93\"\n                    height=\"75\"\n                    style=\"max-width:100%;\"\n                \/>\n            <\/a>\n        <\/div>\n\t\t\t\t\t\t\t<\/div> \n\t\t\t\n                            \n\t\t\t\t<div id=\"ngg-image-2\" class=\"ngg-gallery-thumbnail-box\" >\n\t\t\t\t        <div class=\"ngg-gallery-thumbnail\">\n            <a href=\"https:\/\/www.freimarianne.ch\/wp-content\/gallery\/kandersteg-7-3-2013\/img_2942.jpg\"\n               title=\"\"\n               data-src=\"https:\/\/www.freimarianne.ch\/wp-content\/gallery\/kandersteg-7-3-2013\/img_2942.jpg\"\n               data-thumbnail=\"https:\/\/www.freimarianne.ch\/wp-content\/gallery\/kandersteg-7-3-2013\/thumbs\/thumbs_img_2942.jpg\"\n               data-image-id=\"6403\"\n               data-title=\"img_2942\"\n               data-description=\"\"\n               data-image-slug=\"img_2942-2\"\n               class=\"shutterset_63a4992c6af84ff4bfc9dacf625645ce\">\n                <img\n                    title=\"img_2942\"\n                    alt=\"img_2942\"\n                    src=\"https:\/\/www.freimarianne.ch\/wp-content\/gallery\/kandersteg-7-3-2013\/cache\/img_2942.jpg-nggid046403-ngg0dyn-100x75x100-00f0w010c010r110f110r010t010.jpg\"\n                    width=\"100\"\n                    height=\"75\"\n                    style=\"max-width:100%;\"\n                \/>\n            <\/a>\n        <\/div>\n\t\t\t\t\t\t\t<\/div> \n\t\t\t\n                            \n\t\t\t\t<div id=\"ngg-image-3\" class=\"ngg-gallery-thumbnail-box\" >\n\t\t\t\t        <div class=\"ngg-gallery-thumbnail\">\n            <a href=\"https:\/\/www.freimarianne.ch\/wp-content\/gallery\/kandersteg-7-3-2013\/img_2945.jpg\"\n               title=\"\"\n               data-src=\"https:\/\/www.freimarianne.ch\/wp-content\/gallery\/kandersteg-7-3-2013\/img_2945.jpg\"\n               data-thumbnail=\"https:\/\/www.freimarianne.ch\/wp-content\/gallery\/kandersteg-7-3-2013\/thumbs\/thumbs_img_2945.jpg\"\n               data-image-id=\"6404\"\n               data-title=\"img_2945\"\n               data-description=\"\"\n               data-image-slug=\"img_2945-2\"\n               class=\"shutterset_63a4992c6af84ff4bfc9dacf625645ce\">\n                <img\n                    title=\"img_2945\"\n                    alt=\"img_2945\"\n                    src=\"https:\/\/www.freimarianne.ch\/wp-content\/gallery\/kandersteg-7-3-2013\/cache\/img_2945.jpg-nggid046404-ngg0dyn-100x75x100-00f0w010c010r110f110r010t010.jpg\"\n                    width=\"100\"\n                    height=\"75\"\n                    style=\"max-width:100%;\"\n                \/>\n            <\/a>\n        <\/div>\n\t\t\t\t\t\t\t<\/div> \n\t\t\t\n                                    <br style=\"clear: both\" \/>\n                    \n\t\t\t\t<div id=\"ngg-image-4\" class=\"ngg-gallery-thumbnail-box\" >\n\t\t\t\t        <div class=\"ngg-gallery-thumbnail\">\n            <a href=\"https:\/\/www.freimarianne.ch\/wp-content\/gallery\/kandersteg-7-3-2013\/img_2952.jpg\"\n               title=\"\"\n               data-src=\"https:\/\/www.freimarianne.ch\/wp-content\/gallery\/kandersteg-7-3-2013\/img_2952.jpg\"\n               data-thumbnail=\"https:\/\/www.freimarianne.ch\/wp-content\/gallery\/kandersteg-7-3-2013\/thumbs\/thumbs_img_2952.jpg\"\n               data-image-id=\"6405\"\n               data-title=\"img_2952\"\n               data-description=\"\"\n               data-image-slug=\"img_2952\"\n               class=\"shutterset_63a4992c6af84ff4bfc9dacf625645ce\">\n                <img\n                    title=\"img_2952\"\n                    alt=\"img_2952\"\n                    src=\"https:\/\/www.freimarianne.ch\/wp-content\/gallery\/kandersteg-7-3-2013\/cache\/img_2952.jpg-nggid046405-ngg0dyn-100x75x100-00f0w010c010r110f110r010t010.jpg\"\n                    width=\"100\"\n                    height=\"75\"\n                    style=\"max-width:100%;\"\n                \/>\n            <\/a>\n        <\/div>\n\t\t\t\t\t\t\t<\/div> \n\t\t\t\n                            \n\t\t\t\t<div id=\"ngg-image-5\" class=\"ngg-gallery-thumbnail-box\" >\n\t\t\t\t        <div class=\"ngg-gallery-thumbnail\">\n            <a href=\"https:\/\/www.freimarianne.ch\/wp-content\/gallery\/kandersteg-7-3-2013\/img_2953.jpg\"\n               title=\"\"\n               data-src=\"https:\/\/www.freimarianne.ch\/wp-content\/gallery\/kandersteg-7-3-2013\/img_2953.jpg\"\n               data-thumbnail=\"https:\/\/www.freimarianne.ch\/wp-content\/gallery\/kandersteg-7-3-2013\/thumbs\/thumbs_img_2953.jpg\"\n               data-image-id=\"6406\"\n               data-title=\"img_2953\"\n               data-description=\"\"\n               data-image-slug=\"img_2953\"\n               class=\"shutterset_63a4992c6af84ff4bfc9dacf625645ce\">\n                <img\n                    title=\"img_2953\"\n                    alt=\"img_2953\"\n                    src=\"https:\/\/www.freimarianne.ch\/wp-content\/gallery\/kandersteg-7-3-2013\/cache\/img_2953.jpg-nggid046406-ngg0dyn-100x75x100-00f0w010c010r110f110r010t010.jpg\"\n                    width=\"100\"\n                    height=\"75\"\n                    style=\"max-width:100%;\"\n                \/>\n            <\/a>\n        <\/div>\n\t\t\t\t\t\t\t<\/div> \n\t\t\t\n                            \n\t\t\t\t<div id=\"ngg-image-6\" class=\"ngg-gallery-thumbnail-box\" >\n\t\t\t\t        <div class=\"ngg-gallery-thumbnail\">\n            <a href=\"https:\/\/www.freimarianne.ch\/wp-content\/gallery\/kandersteg-7-3-2013\/img_2954.jpg\"\n               title=\"\"\n               data-src=\"https:\/\/www.freimarianne.ch\/wp-content\/gallery\/kandersteg-7-3-2013\/img_2954.jpg\"\n               data-thumbnail=\"https:\/\/www.freimarianne.ch\/wp-content\/gallery\/kandersteg-7-3-2013\/thumbs\/thumbs_img_2954.jpg\"\n               data-image-id=\"6407\"\n               data-title=\"img_2954\"\n               data-description=\"\"\n               data-image-slug=\"img_2954-2\"\n               class=\"shutterset_63a4992c6af84ff4bfc9dacf625645ce\">\n                <img\n                    title=\"img_2954\"\n                    alt=\"img_2954\"\n                    src=\"https:\/\/www.freimarianne.ch\/wp-content\/gallery\/kandersteg-7-3-2013\/cache\/img_2954.jpg-nggid046407-ngg0dyn-100x75x100-00f0w010c010r110f110r010t010.jpg\"\n                    width=\"100\"\n                    height=\"75\"\n                    style=\"max-width:100%;\"\n                \/>\n            <\/a>\n        <\/div>\n\t\t\t\t\t\t\t<\/div> \n\t\t\t\n                            \n\t\t\t\t<div id=\"ngg-image-7\" class=\"ngg-gallery-thumbnail-box\" >\n\t\t\t\t        <div class=\"ngg-gallery-thumbnail\">\n            <a href=\"https:\/\/www.freimarianne.ch\/wp-content\/gallery\/kandersteg-7-3-2013\/img_2959.jpg\"\n               title=\"\"\n               data-src=\"https:\/\/www.freimarianne.ch\/wp-content\/gallery\/kandersteg-7-3-2013\/img_2959.jpg\"\n               data-thumbnail=\"https:\/\/www.freimarianne.ch\/wp-content\/gallery\/kandersteg-7-3-2013\/thumbs\/thumbs_img_2959.jpg\"\n               data-image-id=\"6408\"\n               data-title=\"img_2959\"\n               data-description=\"\"\n               data-image-slug=\"img_2959\"\n               class=\"shutterset_63a4992c6af84ff4bfc9dacf625645ce\">\n                <img\n                    title=\"img_2959\"\n                    alt=\"img_2959\"\n                    src=\"https:\/\/www.freimarianne.ch\/wp-content\/gallery\/kandersteg-7-3-2013\/cache\/img_2959.jpg-nggid046408-ngg0dyn-100x75x100-00f0w010c010r110f110r010t010.jpg\"\n                    width=\"100\"\n                    height=\"75\"\n                    style=\"max-width:100%;\"\n                \/>\n            <\/a>\n        <\/div>\n\t\t\t\t\t\t\t<\/div> \n\t\t\t\n                                    <br style=\"clear: both\" \/>\n                    \n\t\t\n\t\t<!-- Pagination -->\n\t<div class='ngg-clear'><\/div>\t<\/div>\n<\/p>\n","protected":false},"excerpt":{"rendered":"<p>Winterwanderung H\u00f6htour Eine Wandrung bei leider nicht optimalen Wetter &#8211; und Schneebedingungen. Entlang der Kander &#8211; H\u00f6hwald &#8211; Aussichtspunkt &#8220;Risetenegg&#8221; &#8211; B\u00fctschels &#8211; entlang der Kander bis Filfalle &#8211; auf der anderen Talseite zur\u00fcck nach Kandersteg. Einkehr im historischen Gasthof &#8220;Ruedihus&#8221;<\/p>\n","protected":false},"author":1,"featured_media":0,"parent":3491,"menu_order":15,"comment_status":"closed","ping_status":"closed","template":"","meta":{"ngg_post_thumbnail":0},"_links":{"self":[{"href":"https:\/\/www.freimarianne.ch\/index.php?rest_route=\/wp\/v2\/pages\/3653"}],"collection":[{"href":"https:\/\/www.freimarianne.ch\/index.php?rest_route=\/wp\/v2\/pages"}],"about":[{"href":"https:\/\/www.freimarianne.ch\/index.php?rest_route=\/wp\/v2\/types\/page"}],"author":[{"embeddable":true,"href":"https:\/\/www.freimarianne.ch\/index.php?rest_route=\/wp\/v2\/users\/1"}],"replies":[{"embeddable":true,"href":"https:\/\/www.freimarianne.ch\/index.php?rest_route=%2Fwp%2Fv2%2Fcomments&post=3653"}],"version-history":[{"count":6,"href":"https:\/\/www.freimarianne.ch\/index.php?rest_route=\/wp\/v2\/pages\/3653\/revisions"}],"predecessor-version":[{"id":3677,"href":"https:\/\/www.freimarianne.ch\/index.php?rest_route=\/wp\/v2\/pages\/3653\/revisions\/3677"}],"up":[{"embeddable":true,"href":"https:\/\/www.freimarianne.ch\/index.php?rest_route=\/wp\/v2\/pages\/3491"}],"wp:attachment":[{"href":"https:\/\/www.freimarianne.ch\/index.php?rest_route=%2Fwp%2Fv2%2Fmedia&parent=3653"}],"curies":[{"name":"wp","href":"https:\/\/api.w.org\/{rel}","templated":true}]}}