{"id":37190,"date":"2019-06-11T10:28:40","date_gmt":"2019-06-11T09:28:40","guid":{"rendered":"http:\/\/www.freimarianne.ch\/?page_id=37190"},"modified":"2019-06-11T10:54:15","modified_gmt":"2019-06-11T09:54:15","slug":"rigi-lu-31-5-2019","status":"publish","type":"page","link":"https:\/\/www.freimarianne.ch\/?page_id=37190","title":{"rendered":"Rigi   LU  31.5.2019"},"content":{"rendered":"<p><strong>Wanderung auf der Rigi: Von Rigi Kaltbad\u00a0 zur Rigi Scheidegg<\/strong><\/p>\n<p><img loading=\"lazy\" class=\"size-full wp-image-37184\" src=\"http:\/\/www.freimarianne.ch\/wp-content\/uploads\/2019\/06\/IMG_0760_rigi500.jpg\" alt=\"\" width=\"500\" height=\"333\" srcset=\"https:\/\/www.freimarianne.ch\/wp-content\/uploads\/2019\/06\/IMG_0760_rigi500.jpg 500w, https:\/\/www.freimarianne.ch\/wp-content\/uploads\/2019\/06\/IMG_0760_rigi500-300x200.jpg 300w, https:\/\/www.freimarianne.ch\/wp-content\/uploads\/2019\/06\/IMG_0760_rigi500-450x300.jpg 450w\" sizes=\"(max-width: 500px) 100vw, 500px\" \/><br \/>\nBlick auf B\u00fcrgenstock und Matthorn und Pilatus<\/p>\n<p>Der sch\u00f6ne Tag ist geeignet f\u00fcr eine leichte Wanderung ( wegen meinem Knie) von Rigi Kaltbad hin\u00fcber zur Rigi Scheidegg.<br \/>\nWir gehem auf dem Felsenweg und geniessen die pr\u00e4chtige Aussicht. Wir sehen unterwegs viele Fr\u00fchlingsblumen und nocht etliche Schneefelder.<br \/>\nAuf den Wiesen der Scheidegg bl\u00fchen weisse Krokusse.<br \/>\nWir haben noch Zeit f\u00fcr eine Einkehr im Restaurant, bevor wir mit der Seilbahn hinunter zum Chr\u00e4bel fahren.<\/p>\n<p><!-- index.php -->\n<div\n\tclass=\"ngg-galleryoverview ngg-ajax-pagination-none\"\n\tid=\"ngg-gallery-37294-1\">\n\n    \t<div class=\"slideshowlink\">\n        <a href='https:\/\/www.freimarianne.ch\/index.php\/nggallery\/slideshow?page_id=37190'>[Show as slideshow]<\/a>\n\t\t\n\t<\/div>\n\t\t\t<!-- Thumbnails -->\n\t\t\t\t<div id=\"ngg-image-0\" class=\"ngg-gallery-thumbnail-box\" >\n\t\t\t\t        <div class=\"ngg-gallery-thumbnail\">\n            <a href=\"https:\/\/www.freimarianne.ch\/wp-content\/gallery\/rgii-31-5-2019\/IMG_0743.jpg\"\n               title=\"Urirotstock  2928m, Hinter Schlossberg 3132m, Gross Spannort 3198m, Engelberger Rotstock 2818m, Oberberg 2782m, Ruchstock 2814m, Titlis 3238m,  Gross S\u00e4ttelistock 2636m; vo Schwalmis, Hoh Brisen. Brisen\"\n               data-src=\"https:\/\/www.freimarianne.ch\/wp-content\/gallery\/rgii-31-5-2019\/IMG_0743.jpg\"\n               data-thumbnail=\"https:\/\/www.freimarianne.ch\/wp-content\/gallery\/rgii-31-5-2019\/thumbs\/thumbs_IMG_0743.jpg\"\n               data-image-id=\"20897\"\n               data-title=\"Urirotstock  2928m, Hinter Schlossberg 3132m, Gross Spannort 3198m, Engelberger Rotstock 2818m, Oberberg 2782m, Ruchstock 2814m, Titlis 3238m,  Gross S\u00c3\u00a4ttelistock 2636m; vo Schwalmis, Hoh Brisen. Brisen\"\n               data-description=\"Urirotstock  2928m, Hinter Schlossberg 3132m, Gross Spannort 3198m, Engelberger Rotstock 2818m, Oberberg 2782m, Ruchstock 2814m, Titlis 3238m,  Gross S\u00e4ttelistock 2636m; vo Schwalmis, Hoh Brisen. Brisen\"\n               data-image-slug=\"img_0743-3\"\n               class=\"shutterset_37294\">\n                <img\n                    title=\"Urirotstock  2928m, Hinter Schlossberg 3132m, Gross Spannort 3198m, Engelberger Rotstock 2818m, Oberberg 2782m, Ruchstock 2814m, Titlis 3238m,  Gross S\u00c3\u00a4ttelistock 2636m; vo Schwalmis, Hoh Brisen. Brisen\"\n                    alt=\"Urirotstock  2928m, Hinter Schlossberg 3132m, Gross Spannort 3198m, Engelberger Rotstock 2818m, Oberberg 2782m, Ruchstock 2814m, Titlis 3238m,  Gross S\u00c3\u00a4ttelistock 2636m; vo Schwalmis, Hoh Brisen. Brisen\"\n                    src=\"https:\/\/www.freimarianne.ch\/wp-content\/gallery\/rgii-31-5-2019\/thumbs\/thumbs_IMG_0743.jpg\"\n                    width=\"100\"\n                    height=\"75\"\n                    style=\"max-width:100%;\"\n                \/>\n            <\/a>\n        <\/div>\n\t\t\t\t\t\t\t<\/div> \n\t\t\t\n        \n\t\t\t\t<div id=\"ngg-image-1\" class=\"ngg-gallery-thumbnail-box\" >\n\t\t\t\t        <div class=\"ngg-gallery-thumbnail\">\n            <a href=\"https:\/\/www.freimarianne.ch\/wp-content\/gallery\/rgii-31-5-2019\/IMG_0748.jpg\"\n               title=\"Alpenidyll\"\n               data-src=\"https:\/\/www.freimarianne.ch\/wp-content\/gallery\/rgii-31-5-2019\/IMG_0748.jpg\"\n               data-thumbnail=\"https:\/\/www.freimarianne.ch\/wp-content\/gallery\/rgii-31-5-2019\/thumbs\/thumbs_IMG_0748.jpg\"\n               data-image-id=\"20910\"\n               data-title=\"Alpenidyll\"\n               data-description=\"Alpenidyll\"\n               data-image-slug=\"img_0748\"\n               class=\"shutterset_37294\">\n                <img\n                    title=\"Alpenidyll\"\n                    alt=\"Alpenidyll\"\n                    src=\"https:\/\/www.freimarianne.ch\/wp-content\/gallery\/rgii-31-5-2019\/thumbs\/thumbs_IMG_0748.jpg\"\n                    width=\"100\"\n                    height=\"75\"\n                    style=\"max-width:100%;\"\n                \/>\n            <\/a>\n        <\/div>\n\t\t\t\t\t\t\t<\/div> \n\t\t\t\n        \n\t\t\t\t<div id=\"ngg-image-2\" class=\"ngg-gallery-thumbnail-box\" >\n\t\t\t\t        <div class=\"ngg-gallery-thumbnail\">\n            <a href=\"https:\/\/www.freimarianne.ch\/wp-content\/gallery\/rgii-31-5-2019\/IMG_0749.jpg\"\n               title=\"Gitzihorn, Brunnistock 2952m,Uri Rotstock 2798m, Schlossberg 2759m, Gr.Spannort 3198m,Wissigstock 2887m, Engelberger Rotstock 2818m, Fleckistock 3417m, Ruchstock 2814m, Laucherenstock 2639m,  vorne: Brisen; Titlis 323m, Gross S\u00e4ttelistock 2636m\"\n               data-src=\"https:\/\/www.freimarianne.ch\/wp-content\/gallery\/rgii-31-5-2019\/IMG_0749.jpg\"\n               data-thumbnail=\"https:\/\/www.freimarianne.ch\/wp-content\/gallery\/rgii-31-5-2019\/thumbs\/thumbs_IMG_0749.jpg\"\n               data-image-id=\"20909\"\n               data-title=\"Gitzihorn, Brunnistock 2952m,Uri Rotstock 2798m, Schlossberg 2759m, Gr.Spannort 3198m,Wissigstock 2887m, Engelberger Rotstock 2818m, Fleckistock 3417m, Ruchstock 2814m, Laucherenstock 2639m,  vorne: Brisen; Titlis 323m, Gross S\u00c3\u00a4ttelistock 2636m\"\n               data-description=\"Gitzihorn, Brunnistock 2952m,Uri Rotstock 2798m, Schlossberg 2759m, Gr.Spannort 3198m,Wissigstock 2887m, Engelberger Rotstock 2818m, Fleckistock 3417m, Ruchstock 2814m, Laucherenstock 2639m,  vorne: Brisen; Titlis 323m, Gross S\u00e4ttelistock 2636m\"\n               data-image-slug=\"img_0749-3\"\n               class=\"shutterset_37294\">\n                <img\n                    title=\"Gitzihorn, Brunnistock 2952m,Uri Rotstock 2798m, Schlossberg 2759m, Gr.Spannort 3198m,Wissigstock 2887m, Engelberger Rotstock 2818m, Fleckistock 3417m, Ruchstock 2814m, Laucherenstock 2639m,  vorne: Brisen; Titlis 323m, Gross S\u00c3\u00a4ttelistock 2636m\"\n                    alt=\"Gitzihorn, Brunnistock 2952m,Uri Rotstock 2798m, Schlossberg 2759m, Gr.Spannort 3198m,Wissigstock 2887m, Engelberger Rotstock 2818m, Fleckistock 3417m, Ruchstock 2814m, Laucherenstock 2639m,  vorne: Brisen; Titlis 323m, Gross S\u00c3\u00a4ttelistock 2636m\"\n                    src=\"https:\/\/www.freimarianne.ch\/wp-content\/gallery\/rgii-31-5-2019\/thumbs\/thumbs_IMG_0749.jpg\"\n                    width=\"100\"\n                    height=\"75\"\n                    style=\"max-width:100%;\"\n                \/>\n            <\/a>\n        <\/div>\n\t\t\t\t\t\t\t<\/div> \n\t\t\t\n        \n\t\t\t\t<div id=\"ngg-image-3\" class=\"ngg-gallery-thumbnail-box\" >\n\t\t\t\t        <div class=\"ngg-gallery-thumbnail\">\n            <a href=\"https:\/\/www.freimarianne.ch\/wp-content\/gallery\/rgii-31-5-2019\/IMG_0759.jpg\"\n               title=\"am Felsenweg mit Unterbauen-und Oberbauenstock\"\n               data-src=\"https:\/\/www.freimarianne.ch\/wp-content\/gallery\/rgii-31-5-2019\/IMG_0759.jpg\"\n               data-thumbnail=\"https:\/\/www.freimarianne.ch\/wp-content\/gallery\/rgii-31-5-2019\/thumbs\/thumbs_IMG_0759.jpg\"\n               data-image-id=\"20908\"\n               data-title=\"am Felsenweg mit Unterbauen-und Oberbauenstock\"\n               data-description=\"am Felsenweg mit Unterbauen-und Oberbauenstock\"\n               data-image-slug=\"img_0759-1\"\n               class=\"shutterset_37294\">\n                <img\n                    title=\"am Felsenweg mit Unterbauen-und Oberbauenstock\"\n                    alt=\"am Felsenweg mit Unterbauen-und Oberbauenstock\"\n                    src=\"https:\/\/www.freimarianne.ch\/wp-content\/gallery\/rgii-31-5-2019\/thumbs\/thumbs_IMG_0759.jpg\"\n                    width=\"100\"\n                    height=\"75\"\n                    style=\"max-width:100%;\"\n                \/>\n            <\/a>\n        <\/div>\n\t\t\t\t\t\t\t<\/div> \n\t\t\t\n        \n\t\t\t\t<div id=\"ngg-image-4\" class=\"ngg-gallery-thumbnail-box\" >\n\t\t\t\t        <div class=\"ngg-gallery-thumbnail\">\n            <a href=\"https:\/\/www.freimarianne.ch\/wp-content\/gallery\/rgii-31-5-2019\/IMG_0764.jpg\"\n               title=\"Fr\u00fchlungsenzianen, Gentiana verna\"\n               data-src=\"https:\/\/www.freimarianne.ch\/wp-content\/gallery\/rgii-31-5-2019\/IMG_0764.jpg\"\n               data-thumbnail=\"https:\/\/www.freimarianne.ch\/wp-content\/gallery\/rgii-31-5-2019\/thumbs\/thumbs_IMG_0764.jpg\"\n               data-image-id=\"20907\"\n               data-title=\"Fr\u00c3\u00bchlungsenzianen, Gentiana verna\"\n               data-description=\"Fr\u00fchlungsenzianen, Gentiana verna\"\n               data-image-slug=\"img_0764-2\"\n               class=\"shutterset_37294\">\n                <img\n                    title=\"Fr\u00c3\u00bchlungsenzianen, Gentiana verna\"\n                    alt=\"Fr\u00c3\u00bchlungsenzianen, Gentiana verna\"\n                    src=\"https:\/\/www.freimarianne.ch\/wp-content\/gallery\/rgii-31-5-2019\/thumbs\/thumbs_IMG_0764.jpg\"\n                    width=\"100\"\n                    height=\"75\"\n                    style=\"max-width:100%;\"\n                \/>\n            <\/a>\n        <\/div>\n\t\t\t\t\t\t\t<\/div> \n\t\t\t\n        \n\t\t\t\t<div id=\"ngg-image-5\" class=\"ngg-gallery-thumbnail-box\" >\n\t\t\t\t        <div class=\"ngg-gallery-thumbnail\">\n            <a href=\"https:\/\/www.freimarianne.ch\/wp-content\/gallery\/rgii-31-5-2019\/IMG_0765.jpg\"\n               title=\"Soldanella alpina; Echtes Alpengl\u00f6ckchen, Primulaceae\"\n               data-src=\"https:\/\/www.freimarianne.ch\/wp-content\/gallery\/rgii-31-5-2019\/IMG_0765.jpg\"\n               data-thumbnail=\"https:\/\/www.freimarianne.ch\/wp-content\/gallery\/rgii-31-5-2019\/thumbs\/thumbs_IMG_0765.jpg\"\n               data-image-id=\"20906\"\n               data-title=\"Soldanella alpina; Echtes Alpengl\u00c3\u00b6ckchen, Primulaceae\"\n               data-description=\"Soldanella alpina; Echtes Alpengl\u00f6ckchen, Primulaceae\"\n               data-image-slug=\"img_0765-3\"\n               class=\"shutterset_37294\">\n                <img\n                    title=\"Soldanella alpina; Echtes Alpengl\u00c3\u00b6ckchen, Primulaceae\"\n                    alt=\"Soldanella alpina; Echtes Alpengl\u00c3\u00b6ckchen, Primulaceae\"\n                    src=\"https:\/\/www.freimarianne.ch\/wp-content\/gallery\/rgii-31-5-2019\/thumbs\/thumbs_IMG_0765.jpg\"\n                    width=\"100\"\n                    height=\"75\"\n                    style=\"max-width:100%;\"\n                \/>\n            <\/a>\n        <\/div>\n\t\t\t\t\t\t\t<\/div> \n\t\t\t\n        \n\t\t\t\t<div id=\"ngg-image-6\" class=\"ngg-gallery-thumbnail-box\" >\n\t\t\t\t        <div class=\"ngg-gallery-thumbnail\">\n            <a href=\"https:\/\/www.freimarianne.ch\/wp-content\/gallery\/rgii-31-5-2019\/IMG_0767.jpg\"\n               title=\"Gentiana acaulis,Silikatenzian\"\n               data-src=\"https:\/\/www.freimarianne.ch\/wp-content\/gallery\/rgii-31-5-2019\/IMG_0767.jpg\"\n               data-thumbnail=\"https:\/\/www.freimarianne.ch\/wp-content\/gallery\/rgii-31-5-2019\/thumbs\/thumbs_IMG_0767.jpg\"\n               data-image-id=\"20905\"\n               data-title=\"Gentiana acaulis,Silikatenzian\"\n               data-description=\"Gentiana acaulis,Silikatenzian\"\n               data-image-slug=\"img_0767-4\"\n               class=\"shutterset_37294\">\n                <img\n                    title=\"Gentiana acaulis,Silikatenzian\"\n                    alt=\"Gentiana acaulis,Silikatenzian\"\n                    src=\"https:\/\/www.freimarianne.ch\/wp-content\/gallery\/rgii-31-5-2019\/thumbs\/thumbs_IMG_0767.jpg\"\n                    width=\"100\"\n                    height=\"75\"\n                    style=\"max-width:100%;\"\n                \/>\n            <\/a>\n        <\/div>\n\t\t\t\t\t\t\t<\/div> \n\t\t\t\n        \n\t\t\t\t<div id=\"ngg-image-7\" class=\"ngg-gallery-thumbnail-box\" >\n\t\t\t\t        <div class=\"ngg-gallery-thumbnail\">\n            <a href=\"https:\/\/www.freimarianne.ch\/wp-content\/gallery\/rgii-31-5-2019\/IMG_0768.jpg\"\n               title=\"Mehlprimel, Primula farinose, Primulaceae\"\n               data-src=\"https:\/\/www.freimarianne.ch\/wp-content\/gallery\/rgii-31-5-2019\/IMG_0768.jpg\"\n               data-thumbnail=\"https:\/\/www.freimarianne.ch\/wp-content\/gallery\/rgii-31-5-2019\/thumbs\/thumbs_IMG_0768.jpg\"\n               data-image-id=\"20904\"\n               data-title=\"Mehlprimel, Primula farinose, Primulaceae\"\n               data-description=\"Mehlprimel, Primula farinose, Primulaceae\"\n               data-image-slug=\"img_0768-1\"\n               class=\"shutterset_37294\">\n                <img\n                    title=\"Mehlprimel, Primula farinose, Primulaceae\"\n                    alt=\"Mehlprimel, Primula farinose, Primulaceae\"\n                    src=\"https:\/\/www.freimarianne.ch\/wp-content\/gallery\/rgii-31-5-2019\/thumbs\/thumbs_IMG_0768.jpg\"\n                    width=\"100\"\n                    height=\"75\"\n                    style=\"max-width:100%;\"\n                \/>\n            <\/a>\n        <\/div>\n\t\t\t\t\t\t\t<\/div> \n\t\t\t\n        \n\t\t\t\t<div id=\"ngg-image-8\" class=\"ngg-gallery-thumbnail-box\" >\n\t\t\t\t        <div class=\"ngg-gallery-thumbnail\">\n            <a href=\"https:\/\/www.freimarianne.ch\/wp-content\/gallery\/rgii-31-5-2019\/IMG_0769.jpg\"\n               title=\"Aurikel, Primula auricula, Primulaceae\"\n               data-src=\"https:\/\/www.freimarianne.ch\/wp-content\/gallery\/rgii-31-5-2019\/IMG_0769.jpg\"\n               data-thumbnail=\"https:\/\/www.freimarianne.ch\/wp-content\/gallery\/rgii-31-5-2019\/thumbs\/thumbs_IMG_0769.jpg\"\n               data-image-id=\"20903\"\n               data-title=\"Aurikel, Primula auricula, Primulaceae\"\n               data-description=\"Aurikel, Primula auricula, Primulaceae\"\n               data-image-slug=\"img_0769-2\"\n               class=\"shutterset_37294\">\n                <img\n                    title=\"Aurikel, Primula auricula, Primulaceae\"\n                    alt=\"Aurikel, Primula auricula, Primulaceae\"\n                    src=\"https:\/\/www.freimarianne.ch\/wp-content\/gallery\/rgii-31-5-2019\/thumbs\/thumbs_IMG_0769.jpg\"\n                    width=\"100\"\n                    height=\"75\"\n                    style=\"max-width:100%;\"\n                \/>\n            <\/a>\n        <\/div>\n\t\t\t\t\t\t\t<\/div> \n\t\t\t\n        \n\t\t\t\t<div id=\"ngg-image-9\" class=\"ngg-gallery-thumbnail-box\" >\n\t\t\t\t        <div class=\"ngg-gallery-thumbnail\">\n            <a href=\"https:\/\/www.freimarianne.ch\/wp-content\/gallery\/rgii-31-5-2019\/IMG_0771.jpg\"\n               title=\"auf dem Weg gegen Rigi Scheidegg\"\n               data-src=\"https:\/\/www.freimarianne.ch\/wp-content\/gallery\/rgii-31-5-2019\/IMG_0771.jpg\"\n               data-thumbnail=\"https:\/\/www.freimarianne.ch\/wp-content\/gallery\/rgii-31-5-2019\/thumbs\/thumbs_IMG_0771.jpg\"\n               data-image-id=\"20902\"\n               data-title=\"auf dem Weg gegen Rigi Scheidegg\"\n               data-description=\"auf dem Weg gegen Rigi Scheidegg\"\n               data-image-slug=\"img_0771-1\"\n               class=\"shutterset_37294\">\n                <img\n                    title=\"auf dem Weg gegen Rigi Scheidegg\"\n                    alt=\"auf dem Weg gegen Rigi Scheidegg\"\n                    src=\"https:\/\/www.freimarianne.ch\/wp-content\/gallery\/rgii-31-5-2019\/thumbs\/thumbs_IMG_0771.jpg\"\n                    width=\"100\"\n                    height=\"75\"\n                    style=\"max-width:100%;\"\n                \/>\n            <\/a>\n        <\/div>\n\t\t\t\t\t\t\t<\/div> \n\t\t\t\n        \n\t\t\t\t<div id=\"ngg-image-10\" class=\"ngg-gallery-thumbnail-box\" >\n\t\t\t\t        <div class=\"ngg-gallery-thumbnail\">\n            <a href=\"https:\/\/www.freimarianne.ch\/wp-content\/gallery\/rgii-31-5-2019\/IMG_0783.jpg\"\n               title=\"Krokusse\"\n               data-src=\"https:\/\/www.freimarianne.ch\/wp-content\/gallery\/rgii-31-5-2019\/IMG_0783.jpg\"\n               data-thumbnail=\"https:\/\/www.freimarianne.ch\/wp-content\/gallery\/rgii-31-5-2019\/thumbs\/thumbs_IMG_0783.jpg\"\n               data-image-id=\"20901\"\n               data-title=\"Krokusse\"\n               data-description=\"Krokusse\"\n               data-image-slug=\"img_0783-1\"\n               class=\"shutterset_37294\">\n                <img\n                    title=\"Krokusse\"\n                    alt=\"Krokusse\"\n                    src=\"https:\/\/www.freimarianne.ch\/wp-content\/gallery\/rgii-31-5-2019\/thumbs\/thumbs_IMG_0783.jpg\"\n                    width=\"100\"\n                    height=\"75\"\n                    style=\"max-width:100%;\"\n                \/>\n            <\/a>\n        <\/div>\n\t\t\t\t\t\t\t<\/div> \n\t\t\t\n        \n\t\t\t\t<div id=\"ngg-image-11\" class=\"ngg-gallery-thumbnail-box\" >\n\t\t\t\t        <div class=\"ngg-gallery-thumbnail\">\n            <a href=\"https:\/\/www.freimarianne.ch\/wp-content\/gallery\/rgii-31-5-2019\/IMG_0787.jpg\"\n               title=\"Blick auf Zugersee und Wildspitz\"\n               data-src=\"https:\/\/www.freimarianne.ch\/wp-content\/gallery\/rgii-31-5-2019\/IMG_0787.jpg\"\n               data-thumbnail=\"https:\/\/www.freimarianne.ch\/wp-content\/gallery\/rgii-31-5-2019\/thumbs\/thumbs_IMG_0787.jpg\"\n               data-image-id=\"20900\"\n               data-title=\"Blick auf Zugersee und Wildspitz\"\n               data-description=\"Blick auf Zugersee und Wildspitz\"\n               data-image-slug=\"img_0787\"\n               class=\"shutterset_37294\">\n                <img\n                    title=\"Blick auf Zugersee und Wildspitz\"\n                    alt=\"Blick auf Zugersee und Wildspitz\"\n                    src=\"https:\/\/www.freimarianne.ch\/wp-content\/gallery\/rgii-31-5-2019\/thumbs\/thumbs_IMG_0787.jpg\"\n                    width=\"100\"\n                    height=\"75\"\n                    style=\"max-width:100%;\"\n                \/>\n            <\/a>\n        <\/div>\n\t\t\t\t\t\t\t<\/div> \n\t\t\t\n        \n\t\t\t\t<div id=\"ngg-image-12\" class=\"ngg-gallery-thumbnail-box\" >\n\t\t\t\t        <div class=\"ngg-gallery-thumbnail\">\n            <a href=\"https:\/\/www.freimarianne.ch\/wp-content\/gallery\/rgii-31-5-2019\/IMG_0792.jpg\"\n               title=\"vo re Schwalmis; Urirotstock  2928m, Hinter Schlossberg 3132m, Gross Spannort 3198m,  vo Oberbauenstock, hi Wissigstock 2887m, Engelberger Rotstock 2818m, Hasenstock 2729m,Oberberg 2782m, Ruchstock 2814m\"\n               data-src=\"https:\/\/www.freimarianne.ch\/wp-content\/gallery\/rgii-31-5-2019\/IMG_0792.jpg\"\n               data-thumbnail=\"https:\/\/www.freimarianne.ch\/wp-content\/gallery\/rgii-31-5-2019\/thumbs\/thumbs_IMG_0792.jpg\"\n               data-image-id=\"20899\"\n               data-title=\"vo re Schwalmis; Urirotstock  2928m, Hinter Schlossberg 3132m, Gross Spannort 3198m,  vo Oberbauenstock, hi Wissigstock 2887m, Engelberger Rotstock 2818m, Hasenstock 2729m,Oberberg 2782m, Ruchstock 2814m\"\n               data-description=\"vo re Schwalmis; Urirotstock  2928m, Hinter Schlossberg 3132m, Gross Spannort 3198m,  vo Oberbauenstock, hi Wissigstock 2887m, Engelberger Rotstock 2818m, Hasenstock 2729m,Oberberg 2782m, Ruchstock 2814m\"\n               data-image-slug=\"img_0792-1\"\n               class=\"shutterset_37294\">\n                <img\n                    title=\"vo re Schwalmis; Urirotstock  2928m, Hinter Schlossberg 3132m, Gross Spannort 3198m,  vo Oberbauenstock, hi Wissigstock 2887m, Engelberger Rotstock 2818m, Hasenstock 2729m,Oberberg 2782m, Ruchstock 2814m\"\n                    alt=\"vo re Schwalmis; Urirotstock  2928m, Hinter Schlossberg 3132m, Gross Spannort 3198m,  vo Oberbauenstock, hi Wissigstock 2887m, Engelberger Rotstock 2818m, Hasenstock 2729m,Oberberg 2782m, Ruchstock 2814m\"\n                    src=\"https:\/\/www.freimarianne.ch\/wp-content\/gallery\/rgii-31-5-2019\/thumbs\/thumbs_IMG_0792.jpg\"\n                    width=\"100\"\n                    height=\"75\"\n                    style=\"max-width:100%;\"\n                \/>\n            <\/a>\n        <\/div>\n\t\t\t\t\t\t\t<\/div> \n\t\t\t\n        \n\t\t\t\t<div id=\"ngg-image-13\" class=\"ngg-gallery-thumbnail-box\" >\n\t\t\t\t        <div class=\"ngg-gallery-thumbnail\">\n            <a href=\"https:\/\/www.freimarianne.ch\/wp-content\/gallery\/rgii-31-5-2019\/IMG_0794.jpg\"\n               title=\"Kapelle auf der Rigi Scheidegg\"\n               data-src=\"https:\/\/www.freimarianne.ch\/wp-content\/gallery\/rgii-31-5-2019\/IMG_0794.jpg\"\n               data-thumbnail=\"https:\/\/www.freimarianne.ch\/wp-content\/gallery\/rgii-31-5-2019\/thumbs\/thumbs_IMG_0794.jpg\"\n               data-image-id=\"20898\"\n               data-title=\"Kapelle auf der Rigi Scheidegg\"\n               data-description=\"Kapelle auf der Rigi Scheidegg\"\n               data-image-slug=\"img_0794-4\"\n               class=\"shutterset_37294\">\n                <img\n                    title=\"Kapelle auf der Rigi Scheidegg\"\n                    alt=\"Kapelle auf der Rigi Scheidegg\"\n                    src=\"https:\/\/www.freimarianne.ch\/wp-content\/gallery\/rgii-31-5-2019\/thumbs\/thumbs_IMG_0794.jpg\"\n                    width=\"100\"\n                    height=\"75\"\n                    style=\"max-width:100%;\"\n                \/>\n            <\/a>\n        <\/div>\n\t\t\t\t\t\t\t<\/div> \n\t\t\t\n        \n\t\t\n\t\t<!-- Pagination -->\n\t<div class='ngg-clear'><\/div>\t<\/div>\n<\/p>\n","protected":false},"excerpt":{"rendered":"<p>Wanderung auf der Rigi: Von Rigi Kaltbad\u00a0 zur Rigi Scheidegg Blick auf B\u00fcrgenstock und Matthorn und Pilatus Der sch\u00f6ne Tag ist geeignet f\u00fcr eine leichte Wanderung ( wegen meinem Knie) von Rigi Kaltbad hin\u00fcber zur Rigi Scheidegg. Wir gehem auf dem Felsenweg und geniessen die pr\u00e4chtige Aussicht. Wir sehen unterwegs viele Fr\u00fchlingsblumen und nocht etliche [&hellip;]<\/p>\n","protected":false},"author":1,"featured_media":0,"parent":35849,"menu_order":12,"comment_status":"closed","ping_status":"closed","template":"","meta":{"ngg_post_thumbnail":0},"_links":{"self":[{"href":"https:\/\/www.freimarianne.ch\/index.php?rest_route=\/wp\/v2\/pages\/37190"}],"collection":[{"href":"https:\/\/www.freimarianne.ch\/index.php?rest_route=\/wp\/v2\/pages"}],"about":[{"href":"https:\/\/www.freimarianne.ch\/index.php?rest_route=\/wp\/v2\/types\/page"}],"author":[{"embeddable":true,"href":"https:\/\/www.freimarianne.ch\/index.php?rest_route=\/wp\/v2\/users\/1"}],"replies":[{"embeddable":true,"href":"https:\/\/www.freimarianne.ch\/index.php?rest_route=%2Fwp%2Fv2%2Fcomments&post=37190"}],"version-history":[{"count":6,"href":"https:\/\/www.freimarianne.ch\/index.php?rest_route=\/wp\/v2\/pages\/37190\/revisions"}],"predecessor-version":[{"id":37295,"href":"https:\/\/www.freimarianne.ch\/index.php?rest_route=\/wp\/v2\/pages\/37190\/revisions\/37295"}],"up":[{"embeddable":true,"href":"https:\/\/www.freimarianne.ch\/index.php?rest_route=\/wp\/v2\/pages\/35849"}],"wp:attachment":[{"href":"https:\/\/www.freimarianne.ch\/index.php?rest_route=%2Fwp%2Fv2%2Fmedia&parent=37190"}],"curies":[{"name":"wp","href":"https:\/\/api.w.org\/{rel}","templated":true}]}}