{"id":37196,"date":"2019-06-11T10:37:17","date_gmt":"2019-06-11T09:37:17","guid":{"rendered":"http:\/\/www.freimarianne.ch\/?page_id=37196"},"modified":"2019-06-11T10:59:12","modified_gmt":"2019-06-11T09:59:12","slug":"luderenalp-be-1-6-2019","status":"publish","type":"page","link":"https:\/\/www.freimarianne.ch\/?page_id=37196","title":{"rendered":"L\u00fcderenalp  BE  1.6.2019"},"content":{"rendered":"<p><strong>Wanderung auf der L\u00fcderenalp<\/strong><\/p>\n<p><img loading=\"lazy\" class=\"size-full wp-image-37185\" src=\"http:\/\/www.freimarianne.ch\/wp-content\/uploads\/2019\/06\/IMG_0806_lu\u0308derenalp_500.jpg\" alt=\"\" width=\"500\" height=\"333\" srcset=\"https:\/\/www.freimarianne.ch\/wp-content\/uploads\/2019\/06\/IMG_0806_lu\u0308derenalp_500.jpg 500w, https:\/\/www.freimarianne.ch\/wp-content\/uploads\/2019\/06\/IMG_0806_lu\u0308derenalp_500-300x200.jpg 300w, https:\/\/www.freimarianne.ch\/wp-content\/uploads\/2019\/06\/IMG_0806_lu\u0308derenalp_500-450x300.jpg 450w\" sizes=\"(max-width: 500px) 100vw, 500px\" \/><br \/>\nein sch\u00f6ner Wiesenpfad; Oberrislau 1170m<\/p>\n<p>Ein wundersch\u00f6ner Fr\u00fchsommertag im Emmental! Wir fahren auf die L\u00fcderenalp 1144m, um von dort ein St\u00fcck auf dem Alpenpanoramaweg in Richtung Napf zu gehen. Die Alpensicht ist heute morgen ganz gut. Wir wandern durch die sattgr\u00fcne Landschaft, anfangs auf breiten Weg dann auf schmalen Pfaden teils durch Wald, teils durch Wiesen bis zur ersten Abzweigung Hohmattg\u00e4tterli.<br \/>\nWir gehen noch aus dem Wald hinaus und halten dann unsere Mittagspause auf einer Art von Pass, von wo man noch auf einen Aussichtspunkt gehen k\u00f6nnte. Da ich meinem l\u00e4dierten Knie nicht allzuviel zumuten kann, machen wir uns dann wieder auf den R\u00fcckweg zur L\u00fcderenalp, wo es noch zu einem Bier reicht, bevor wir mit dem Bus wieder hinunter nach Langnau im Emmental fahren.<br \/>\nDies war eine sehr sch\u00f6ne Wanderung in einer pr\u00e4chtigen Landschaft.<\/p>\n<p>Laut Schweizmobil:<br \/>\nDistanz: 8.92km; Aufstieg= Abstieg: 424m; Wander zeit ca. 3h<\/p>\n<p><a href=\"https:\/\/map.schweizmobil.ch\/?lang=de&amp;bgLayer=pk&amp;logo=yes&amp;season=summer&amp;resolution=5&amp;E=2631207&amp;N=1205157&amp;trackId=5515913&amp;layers=Station\">Karte Schweizmobil:<\/a><\/p>\n<p><!-- index.php -->\n<div\n\tclass=\"ngg-galleryoverview ngg-ajax-pagination-none\"\n\tid=\"ngg-gallery-37300-1\">\n\n    \t<div class=\"slideshowlink\">\n        <a href='https:\/\/www.freimarianne.ch\/index.php\/nggallery\/slideshow?page_id=37196'>[Show as slideshow]<\/a>\n\t\t\n\t<\/div>\n\t\t\t<!-- Thumbnails -->\n\t\t\t\t<div id=\"ngg-image-0\" class=\"ngg-gallery-thumbnail-box\" >\n\t\t\t\t        <div class=\"ngg-gallery-thumbnail\">\n            <a href=\"https:\/\/www.freimarianne.ch\/wp-content\/gallery\/luderenalp-1-6-2019\/IMG_0799.jpg\"\n               title=\"Wetterhorn 3701m, Lauteraarhorn 4042m, Schreckhorn 4078m, Finsteraarhorn 4274m,  Fiescherh\u00f6rner, Eiger 3970m, M\u00f6nch 4178m, Jungfrau 4158m\"\n               data-src=\"https:\/\/www.freimarianne.ch\/wp-content\/gallery\/luderenalp-1-6-2019\/IMG_0799.jpg\"\n               data-thumbnail=\"https:\/\/www.freimarianne.ch\/wp-content\/gallery\/luderenalp-1-6-2019\/thumbs\/thumbs_IMG_0799.jpg\"\n               data-image-id=\"20922\"\n               data-title=\"Wetterhorn 3701m, Lauteraarhorn 4042m, Schreckhorn 4078m, Finsteraarhorn 4274m,  Fiescherh\u00c3\u00b6rner, Eiger 3970m, M\u00c3\u00b6nch 4178m, Jungfrau 4158m\"\n               data-description=\"Wetterhorn 3701m, Lauteraarhorn 4042m, Schreckhorn 4078m, Finsteraarhorn 4274m,  Fiescherh\u00f6rner, Eiger 3970m, M\u00f6nch 4178m, Jungfrau 4158m\"\n               data-image-slug=\"img_0799\"\n               class=\"shutterset_37300\">\n                <img\n                    title=\"Wetterhorn 3701m, Lauteraarhorn 4042m, Schreckhorn 4078m, Finsteraarhorn 4274m,  Fiescherh\u00c3\u00b6rner, Eiger 3970m, M\u00c3\u00b6nch 4178m, Jungfrau 4158m\"\n                    alt=\"Wetterhorn 3701m, Lauteraarhorn 4042m, Schreckhorn 4078m, Finsteraarhorn 4274m,  Fiescherh\u00c3\u00b6rner, Eiger 3970m, M\u00c3\u00b6nch 4178m, Jungfrau 4158m\"\n                    src=\"https:\/\/www.freimarianne.ch\/wp-content\/gallery\/luderenalp-1-6-2019\/thumbs\/thumbs_IMG_0799.jpg\"\n                    width=\"100\"\n                    height=\"75\"\n                    style=\"max-width:100%;\"\n                \/>\n            <\/a>\n        <\/div>\n\t\t\t\t\t\t\t<\/div> \n\t\t\t\n        \n\t\t\t\t<div id=\"ngg-image-1\" class=\"ngg-gallery-thumbnail-box\" >\n\t\t\t\t        <div class=\"ngg-gallery-thumbnail\">\n            <a href=\"https:\/\/www.freimarianne.ch\/wp-content\/gallery\/luderenalp-1-6-2019\/IMG_0804.jpg\"\n               title=\"Oberrislau 1170m\"\n               data-src=\"https:\/\/www.freimarianne.ch\/wp-content\/gallery\/luderenalp-1-6-2019\/IMG_0804.jpg\"\n               data-thumbnail=\"https:\/\/www.freimarianne.ch\/wp-content\/gallery\/luderenalp-1-6-2019\/thumbs\/thumbs_IMG_0804.jpg\"\n               data-image-id=\"20921\"\n               data-title=\"Oberrislau 1170m\"\n               data-description=\"Oberrislau 1170m\"\n               data-image-slug=\"img_0804-4\"\n               class=\"shutterset_37300\">\n                <img\n                    title=\"Oberrislau 1170m\"\n                    alt=\"Oberrislau 1170m\"\n                    src=\"https:\/\/www.freimarianne.ch\/wp-content\/gallery\/luderenalp-1-6-2019\/thumbs\/thumbs_IMG_0804.jpg\"\n                    width=\"100\"\n                    height=\"75\"\n                    style=\"max-width:100%;\"\n                \/>\n            <\/a>\n        <\/div>\n\t\t\t\t\t\t\t<\/div> \n\t\t\t\n        \n\t\t\t\t<div id=\"ngg-image-2\" class=\"ngg-gallery-thumbnail-box\" >\n\t\t\t\t        <div class=\"ngg-gallery-thumbnail\">\n            <a href=\"https:\/\/www.freimarianne.ch\/wp-content\/gallery\/luderenalp-1-6-2019\/IMG_0807.jpg\"\n               title=\"ein Blick zur\u00fcck\"\n               data-src=\"https:\/\/www.freimarianne.ch\/wp-content\/gallery\/luderenalp-1-6-2019\/IMG_0807.jpg\"\n               data-thumbnail=\"https:\/\/www.freimarianne.ch\/wp-content\/gallery\/luderenalp-1-6-2019\/thumbs\/thumbs_IMG_0807.jpg\"\n               data-image-id=\"20920\"\n               data-title=\"ein Blick zur\u00c3\u00bcck\"\n               data-description=\"ein Blick zur\u00fcck\"\n               data-image-slug=\"img_0807\"\n               class=\"shutterset_37300\">\n                <img\n                    title=\"ein Blick zur\u00c3\u00bcck\"\n                    alt=\"ein Blick zur\u00c3\u00bcck\"\n                    src=\"https:\/\/www.freimarianne.ch\/wp-content\/gallery\/luderenalp-1-6-2019\/thumbs\/thumbs_IMG_0807.jpg\"\n                    width=\"100\"\n                    height=\"75\"\n                    style=\"max-width:100%;\"\n                \/>\n            <\/a>\n        <\/div>\n\t\t\t\t\t\t\t<\/div> \n\t\t\t\n        \n\t\t\t\t<div id=\"ngg-image-3\" class=\"ngg-gallery-thumbnail-box\" >\n\t\t\t\t        <div class=\"ngg-gallery-thumbnail\">\n            <a href=\"https:\/\/www.freimarianne.ch\/wp-content\/gallery\/luderenalp-1-6-2019\/IMG_0808.jpg\"\n               title=\"Hof  Oberrislau 1170m\"\n               data-src=\"https:\/\/www.freimarianne.ch\/wp-content\/gallery\/luderenalp-1-6-2019\/IMG_0808.jpg\"\n               data-thumbnail=\"https:\/\/www.freimarianne.ch\/wp-content\/gallery\/luderenalp-1-6-2019\/thumbs\/thumbs_IMG_0808.jpg\"\n               data-image-id=\"20919\"\n               data-title=\"Hof  Oberrislau 1170m\"\n               data-description=\"Hof  Oberrislau 1170m\"\n               data-image-slug=\"img_0808-1\"\n               class=\"shutterset_37300\">\n                <img\n                    title=\"Hof  Oberrislau 1170m\"\n                    alt=\"Hof  Oberrislau 1170m\"\n                    src=\"https:\/\/www.freimarianne.ch\/wp-content\/gallery\/luderenalp-1-6-2019\/thumbs\/thumbs_IMG_0808.jpg\"\n                    width=\"100\"\n                    height=\"75\"\n                    style=\"max-width:100%;\"\n                \/>\n            <\/a>\n        <\/div>\n\t\t\t\t\t\t\t<\/div> \n\t\t\t\n        \n\t\t\t\t<div id=\"ngg-image-4\" class=\"ngg-gallery-thumbnail-box\" >\n\t\t\t\t        <div class=\"ngg-gallery-thumbnail\">\n            <a href=\"https:\/\/www.freimarianne.ch\/wp-content\/gallery\/luderenalp-1-6-2019\/IMG_0812.jpg\"\n               title=\"alles gr\u00fcn\"\n               data-src=\"https:\/\/www.freimarianne.ch\/wp-content\/gallery\/luderenalp-1-6-2019\/IMG_0812.jpg\"\n               data-thumbnail=\"https:\/\/www.freimarianne.ch\/wp-content\/gallery\/luderenalp-1-6-2019\/thumbs\/thumbs_IMG_0812.jpg\"\n               data-image-id=\"20918\"\n               data-title=\"alles gr\u00c3\u00bcn\"\n               data-description=\"alles gr\u00fcn\"\n               data-image-slug=\"img_0812-2\"\n               class=\"shutterset_37300\">\n                <img\n                    title=\"alles gr\u00c3\u00bcn\"\n                    alt=\"alles gr\u00c3\u00bcn\"\n                    src=\"https:\/\/www.freimarianne.ch\/wp-content\/gallery\/luderenalp-1-6-2019\/thumbs\/thumbs_IMG_0812.jpg\"\n                    width=\"100\"\n                    height=\"75\"\n                    style=\"max-width:100%;\"\n                \/>\n            <\/a>\n        <\/div>\n\t\t\t\t\t\t\t<\/div> \n\t\t\t\n        \n\t\t\t\t<div id=\"ngg-image-5\" class=\"ngg-gallery-thumbnail-box\" >\n\t\t\t\t        <div class=\"ngg-gallery-thumbnail\">\n            <a href=\"https:\/\/www.freimarianne.ch\/wp-content\/gallery\/luderenalp-1-6-2019\/IMG_0815.jpg\"\n               title=\"um den Rotchnubel herum\"\n               data-src=\"https:\/\/www.freimarianne.ch\/wp-content\/gallery\/luderenalp-1-6-2019\/IMG_0815.jpg\"\n               data-thumbnail=\"https:\/\/www.freimarianne.ch\/wp-content\/gallery\/luderenalp-1-6-2019\/thumbs\/thumbs_IMG_0815.jpg\"\n               data-image-id=\"20917\"\n               data-title=\"um den Rotchnubel herum\"\n               data-description=\"um den Rotchnubel herum\"\n               data-image-slug=\"img_0815-2\"\n               class=\"shutterset_37300\">\n                <img\n                    title=\"um den Rotchnubel herum\"\n                    alt=\"um den Rotchnubel herum\"\n                    src=\"https:\/\/www.freimarianne.ch\/wp-content\/gallery\/luderenalp-1-6-2019\/thumbs\/thumbs_IMG_0815.jpg\"\n                    width=\"100\"\n                    height=\"75\"\n                    style=\"max-width:100%;\"\n                \/>\n            <\/a>\n        <\/div>\n\t\t\t\t\t\t\t<\/div> \n\t\t\t\n        \n\t\t\t\t<div id=\"ngg-image-6\" class=\"ngg-gallery-thumbnail-box\" >\n\t\t\t\t        <div class=\"ngg-gallery-thumbnail\">\n            <a href=\"https:\/\/www.freimarianne.ch\/wp-content\/gallery\/luderenalp-1-6-2019\/IMG_0818.jpg\"\n               title=\"Hohmattg\u00e4tterli\"\n               data-src=\"https:\/\/www.freimarianne.ch\/wp-content\/gallery\/luderenalp-1-6-2019\/IMG_0818.jpg\"\n               data-thumbnail=\"https:\/\/www.freimarianne.ch\/wp-content\/gallery\/luderenalp-1-6-2019\/thumbs\/thumbs_IMG_0818.jpg\"\n               data-image-id=\"20916\"\n               data-title=\"Hohmattg\u00c3\u00a4tterli\"\n               data-description=\"Hohmattg\u00e4tterli\"\n               data-image-slug=\"img_0818-3\"\n               class=\"shutterset_37300\">\n                <img\n                    title=\"Hohmattg\u00c3\u00a4tterli\"\n                    alt=\"Hohmattg\u00c3\u00a4tterli\"\n                    src=\"https:\/\/www.freimarianne.ch\/wp-content\/gallery\/luderenalp-1-6-2019\/thumbs\/thumbs_IMG_0818.jpg\"\n                    width=\"100\"\n                    height=\"75\"\n                    style=\"max-width:100%;\"\n                \/>\n            <\/a>\n        <\/div>\n\t\t\t\t\t\t\t<\/div> \n\t\t\t\n        \n\t\t\t\t<div id=\"ngg-image-7\" class=\"ngg-gallery-thumbnail-box\" >\n\t\t\t\t        <div class=\"ngg-gallery-thumbnail\">\n            <a href=\"https:\/\/www.freimarianne.ch\/wp-content\/gallery\/luderenalp-1-6-2019\/IMG_0820.jpg\"\n               title=\"Sicht vom Hohmattg\u00e4tterli\"\n               data-src=\"https:\/\/www.freimarianne.ch\/wp-content\/gallery\/luderenalp-1-6-2019\/IMG_0820.jpg\"\n               data-thumbnail=\"https:\/\/www.freimarianne.ch\/wp-content\/gallery\/luderenalp-1-6-2019\/thumbs\/thumbs_IMG_0820.jpg\"\n               data-image-id=\"20915\"\n               data-title=\"Sicht vom Hohmattg\u00c3\u00a4tterli\"\n               data-description=\"Sicht vom Hohmattg\u00e4tterli\"\n               data-image-slug=\"img_0820-2\"\n               class=\"shutterset_37300\">\n                <img\n                    title=\"Sicht vom Hohmattg\u00c3\u00a4tterli\"\n                    alt=\"Sicht vom Hohmattg\u00c3\u00a4tterli\"\n                    src=\"https:\/\/www.freimarianne.ch\/wp-content\/gallery\/luderenalp-1-6-2019\/thumbs\/thumbs_IMG_0820.jpg\"\n                    width=\"100\"\n                    height=\"75\"\n                    style=\"max-width:100%;\"\n                \/>\n            <\/a>\n        <\/div>\n\t\t\t\t\t\t\t<\/div> \n\t\t\t\n        \n\t\t\t\t<div id=\"ngg-image-8\" class=\"ngg-gallery-thumbnail-box\" >\n\t\t\t\t        <div class=\"ngg-gallery-thumbnail\">\n            <a href=\"https:\/\/www.freimarianne.ch\/wp-content\/gallery\/luderenalp-1-6-2019\/IMG_0827.jpg\"\n               title=\"auf dem R\u00fcckweg\"\n               data-src=\"https:\/\/www.freimarianne.ch\/wp-content\/gallery\/luderenalp-1-6-2019\/IMG_0827.jpg\"\n               data-thumbnail=\"https:\/\/www.freimarianne.ch\/wp-content\/gallery\/luderenalp-1-6-2019\/thumbs\/thumbs_IMG_0827.jpg\"\n               data-image-id=\"20914\"\n               data-title=\"auf dem R\u00c3\u00bcckweg\"\n               data-description=\"auf dem R\u00fcckweg\"\n               data-image-slug=\"img_0827-2\"\n               class=\"shutterset_37300\">\n                <img\n                    title=\"auf dem R\u00c3\u00bcckweg\"\n                    alt=\"auf dem R\u00c3\u00bcckweg\"\n                    src=\"https:\/\/www.freimarianne.ch\/wp-content\/gallery\/luderenalp-1-6-2019\/thumbs\/thumbs_IMG_0827.jpg\"\n                    width=\"100\"\n                    height=\"75\"\n                    style=\"max-width:100%;\"\n                \/>\n            <\/a>\n        <\/div>\n\t\t\t\t\t\t\t<\/div> \n\t\t\t\n        \n\t\t\t\t<div id=\"ngg-image-9\" class=\"ngg-gallery-thumbnail-box\" >\n\t\t\t\t        <div class=\"ngg-gallery-thumbnail\">\n            <a href=\"https:\/\/www.freimarianne.ch\/wp-content\/gallery\/luderenalp-1-6-2019\/IMG_0833.jpg\"\n               title=\"Bruni auf dem R\u00fcckweg\"\n               data-src=\"https:\/\/www.freimarianne.ch\/wp-content\/gallery\/luderenalp-1-6-2019\/IMG_0833.jpg\"\n               data-thumbnail=\"https:\/\/www.freimarianne.ch\/wp-content\/gallery\/luderenalp-1-6-2019\/thumbs\/thumbs_IMG_0833.jpg\"\n               data-image-id=\"20913\"\n               data-title=\"Bruni auf dem R\u00c3\u00bcckweg\"\n               data-description=\"Bruni auf dem R\u00fcckweg\"\n               data-image-slug=\"img_0833-2\"\n               class=\"shutterset_37300\">\n                <img\n                    title=\"Bruni auf dem R\u00c3\u00bcckweg\"\n                    alt=\"Bruni auf dem R\u00c3\u00bcckweg\"\n                    src=\"https:\/\/www.freimarianne.ch\/wp-content\/gallery\/luderenalp-1-6-2019\/thumbs\/thumbs_IMG_0833.jpg\"\n                    width=\"100\"\n                    height=\"75\"\n                    style=\"max-width:100%;\"\n                \/>\n            <\/a>\n        <\/div>\n\t\t\t\t\t\t\t<\/div> \n\t\t\t\n        \n\t\t\t\t<div id=\"ngg-image-10\" class=\"ngg-gallery-thumbnail-box\" >\n\t\t\t\t        <div class=\"ngg-gallery-thumbnail\">\n            <a href=\"https:\/\/www.freimarianne.ch\/wp-content\/gallery\/luderenalp-1-6-2019\/IMG_0834.jpg\"\n               title=\"Hof  Oberrislau 1170m\"\n               data-src=\"https:\/\/www.freimarianne.ch\/wp-content\/gallery\/luderenalp-1-6-2019\/IMG_0834.jpg\"\n               data-thumbnail=\"https:\/\/www.freimarianne.ch\/wp-content\/gallery\/luderenalp-1-6-2019\/thumbs\/thumbs_IMG_0834.jpg\"\n               data-image-id=\"20912\"\n               data-title=\"Hof  Oberrislau 1170m\"\n               data-description=\"Hof  Oberrislau 1170m\"\n               data-image-slug=\"img_0834-1\"\n               class=\"shutterset_37300\">\n                <img\n                    title=\"Hof  Oberrislau 1170m\"\n                    alt=\"Hof  Oberrislau 1170m\"\n                    src=\"https:\/\/www.freimarianne.ch\/wp-content\/gallery\/luderenalp-1-6-2019\/thumbs\/thumbs_IMG_0834.jpg\"\n                    width=\"100\"\n                    height=\"75\"\n                    style=\"max-width:100%;\"\n                \/>\n            <\/a>\n        <\/div>\n\t\t\t\t\t\t\t<\/div> \n\t\t\t\n        \n\t\t\t\t<div id=\"ngg-image-11\" class=\"ngg-gallery-thumbnail-box\" >\n\t\t\t\t        <div class=\"ngg-gallery-thumbnail\">\n            <a href=\"https:\/\/www.freimarianne.ch\/wp-content\/gallery\/luderenalp-1-6-2019\/IMG_0835.jpg\"\n               title=\"Hof  Oberrislau 1170m\"\n               data-src=\"https:\/\/www.freimarianne.ch\/wp-content\/gallery\/luderenalp-1-6-2019\/IMG_0835.jpg\"\n               data-thumbnail=\"https:\/\/www.freimarianne.ch\/wp-content\/gallery\/luderenalp-1-6-2019\/thumbs\/thumbs_IMG_0835.jpg\"\n               data-image-id=\"20911\"\n               data-title=\"Hof  Oberrislau 1170m\"\n               data-description=\"Hof  Oberrislau 1170m\"\n               data-image-slug=\"img_0835-4\"\n               class=\"shutterset_37300\">\n                <img\n                    title=\"Hof  Oberrislau 1170m\"\n                    alt=\"Hof  Oberrislau 1170m\"\n                    src=\"https:\/\/www.freimarianne.ch\/wp-content\/gallery\/luderenalp-1-6-2019\/thumbs\/thumbs_IMG_0835.jpg\"\n                    width=\"100\"\n                    height=\"75\"\n                    style=\"max-width:100%;\"\n                \/>\n            <\/a>\n        <\/div>\n\t\t\t\t\t\t\t<\/div> \n\t\t\t\n        \n\t\t\n\t\t<!-- Pagination -->\n\t<div class='ngg-clear'><\/div>\t<\/div>\n<\/p>\n","protected":false},"excerpt":{"rendered":"<p>Wanderung auf der L\u00fcderenalp ein sch\u00f6ner Wiesenpfad; Oberrislau 1170m Ein wundersch\u00f6ner Fr\u00fchsommertag im Emmental! Wir fahren auf die L\u00fcderenalp 1144m, um von dort ein St\u00fcck auf dem Alpenpanoramaweg in Richtung Napf zu gehen. Die Alpensicht ist heute morgen ganz gut. Wir wandern durch die sattgr\u00fcne Landschaft, anfangs auf breiten Weg dann auf schmalen Pfaden teils [&hellip;]<\/p>\n","protected":false},"author":1,"featured_media":0,"parent":37187,"menu_order":1,"comment_status":"closed","ping_status":"closed","template":"","meta":{"ngg_post_thumbnail":0},"_links":{"self":[{"href":"https:\/\/www.freimarianne.ch\/index.php?rest_route=\/wp\/v2\/pages\/37196"}],"collection":[{"href":"https:\/\/www.freimarianne.ch\/index.php?rest_route=\/wp\/v2\/pages"}],"about":[{"href":"https:\/\/www.freimarianne.ch\/index.php?rest_route=\/wp\/v2\/types\/page"}],"author":[{"embeddable":true,"href":"https:\/\/www.freimarianne.ch\/index.php?rest_route=\/wp\/v2\/users\/1"}],"replies":[{"embeddable":true,"href":"https:\/\/www.freimarianne.ch\/index.php?rest_route=%2Fwp%2Fv2%2Fcomments&post=37196"}],"version-history":[{"count":2,"href":"https:\/\/www.freimarianne.ch\/index.php?rest_route=\/wp\/v2\/pages\/37196\/revisions"}],"predecessor-version":[{"id":37301,"href":"https:\/\/www.freimarianne.ch\/index.php?rest_route=\/wp\/v2\/pages\/37196\/revisions\/37301"}],"up":[{"embeddable":true,"href":"https:\/\/www.freimarianne.ch\/index.php?rest_route=\/wp\/v2\/pages\/37187"}],"wp:attachment":[{"href":"https:\/\/www.freimarianne.ch\/index.php?rest_route=%2Fwp%2Fv2%2Fmedia&parent=37196"}],"curies":[{"name":"wp","href":"https:\/\/api.w.org\/{rel}","templated":true}]}}