{"id":37361,"date":"2019-06-21T08:17:13","date_gmt":"2019-06-21T07:17:13","guid":{"rendered":"http:\/\/www.freimarianne.ch\/?page_id=37361"},"modified":"2019-06-21T08:34:54","modified_gmt":"2019-06-21T07:34:54","slug":"grachen-vs-18-6-2019","status":"publish","type":"page","link":"https:\/\/www.freimarianne.ch\/?page_id=37361","title":{"rendered":"Gr\u00e4chen  VS  18.6.2019"},"content":{"rendered":"<p><strong>Wanderung an der Eggeri und Chilcheri Suone<\/strong><\/p>\n<p><img loading=\"lazy\" class=\"size-full wp-image-37357\" src=\"http:\/\/www.freimarianne.ch\/wp-content\/uploads\/2019\/06\/gra\u0308chen500.jpg\" alt=\"\" width=\"500\" height=\"333\" srcset=\"https:\/\/www.freimarianne.ch\/wp-content\/uploads\/2019\/06\/gra\u0308chen500.jpg 500w, https:\/\/www.freimarianne.ch\/wp-content\/uploads\/2019\/06\/gra\u0308chen500-300x200.jpg 300w, https:\/\/www.freimarianne.ch\/wp-content\/uploads\/2019\/06\/gra\u0308chen500-450x300.jpg 450w\" sizes=\"(max-width: 500px) 100vw, 500px\" \/><br \/>\nan der Eggeri, die kein Wasser f\u00fchrt<\/p>\n<p>Heute sind 11 Personen von der Gruppe Alpenblick in Gr\u00e4chen unterwegs. Das Wetter ist gut und die W\u00e4rme ist im Bergwald gut zu ertragen.<br \/>\nWir wandern von Gr\u00e4chen, Bina hinauf zum Hohtschuggen, wo wir trotz Versprechen, dass das Restaurant offen habe, vor verschlossener T\u00fcr stehen. So gibt es eine Rast ohne einen Startkaffee. Dann geht es an den Aufstieg im Bergwald hinauf zur Eggeri Suone, die leider kein Wasser f\u00fchrt. Beim Picknickplatz \u00c4bnet halten wir unsere Mittagsrast und wandern dann weiter der Eggeri entlang bis zur Abzweigung zur Chilcheri Suone, die uns doch noch das Erlebnis einer funktionierenden Suone beschert. Vor Gasenried wechseln wir zur Riederi Suone, der wir bis zur Wasserfassung folgen, um dann hinunter nach Gasenried zu gehen, wo wir um 15.40h das Postauto nach St.Niklaus besteigen k\u00f6nnen. In Visp haben wir eine halbe Stunde Zeit, um zusammen etwas zu trinken, um dann um 17.28h den direkten Zug nach Basel zu besteigen.<br \/>\nDies war eine sehr sch\u00f6ne Wanderung, die sicher allen gefallen hat.<br \/>\nHerzlichen Dank f\u00fcrs Mitmachen.<\/p>\n<p>Laut Schweizmobil:<br \/>\nDistanz: 12.23km; Aufstieg: 525m; Abstieg: 417m; Wanderzeit: 3 h 45min<\/p>\n<p><a href=\"https:\/\/map.schweizmobil.ch\/?lang=de&amp;bgLayer=pk&amp;logo=yes&amp;season=summer&amp;resolution=10&amp;E=2631126&amp;N=1115849&amp;layers=Station&amp;trackId=5611960\">Karte Schweizmobil:<\/a><\/p>\n<p><!-- index.php -->\n<div\n\tclass=\"ngg-galleryoverview ngg-ajax-pagination-none\"\n\tid=\"ngg-gallery-37442-1\">\n\n    \t<div class=\"slideshowlink\">\n        <a href='https:\/\/www.freimarianne.ch\/index.php\/nggallery\/slideshow?page_id=37361'>[Show as slideshow]<\/a>\n\t\t\n\t<\/div>\n\t\t\t<!-- Thumbnails -->\n\t\t\t\t<div id=\"ngg-image-0\" class=\"ngg-gallery-thumbnail-box\" >\n\t\t\t\t        <div class=\"ngg-gallery-thumbnail\">\n            <a href=\"https:\/\/www.freimarianne.ch\/wp-content\/gallery\/grachen-18-6-19\/IMG_1148.jpg\"\n               title=\"Wanderweg  von Bina aus\"\n               data-src=\"https:\/\/www.freimarianne.ch\/wp-content\/gallery\/grachen-18-6-19\/IMG_1148.jpg\"\n               data-thumbnail=\"https:\/\/www.freimarianne.ch\/wp-content\/gallery\/grachen-18-6-19\/thumbs\/thumbs_IMG_1148.jpg\"\n               data-image-id=\"20993\"\n               data-title=\"Wanderweg  von Bina aus\"\n               data-description=\"Wanderweg  von Bina aus\"\n               data-image-slug=\"img_1148-5\"\n               class=\"shutterset_37442\">\n                <img\n                    title=\"Wanderweg  von Bina aus\"\n                    alt=\"Wanderweg  von Bina aus\"\n                    src=\"https:\/\/www.freimarianne.ch\/wp-content\/gallery\/grachen-18-6-19\/thumbs\/thumbs_IMG_1148.jpg\"\n                    width=\"100\"\n                    height=\"75\"\n                    style=\"max-width:100%;\"\n                \/>\n            <\/a>\n        <\/div>\n\t\t\t\t\t\t\t<\/div> \n\t\t\t\n        \n\t\t\t\t<div id=\"ngg-image-1\" class=\"ngg-gallery-thumbnail-box\" >\n\t\t\t\t        <div class=\"ngg-gallery-thumbnail\">\n            <a href=\"https:\/\/www.freimarianne.ch\/wp-content\/gallery\/grachen-18-6-19\/IMG_1149.jpg\"\n               title=\"wundersch\u00f6ne Walliser Landschaft; Wasuhorn,Sparruhorn, Schwarzhorn\"\n               data-src=\"https:\/\/www.freimarianne.ch\/wp-content\/gallery\/grachen-18-6-19\/IMG_1149.jpg\"\n               data-thumbnail=\"https:\/\/www.freimarianne.ch\/wp-content\/gallery\/grachen-18-6-19\/thumbs\/thumbs_IMG_1149.jpg\"\n               data-image-id=\"20992\"\n               data-title=\"wundersch\u00c3\u00b6ne Walliser Landschaft; Wasuhorn,Sparruhorn, Schwarzhorn\"\n               data-description=\"wundersch\u00f6ne Walliser Landschaft; Wasuhorn,Sparruhorn, Schwarzhorn\"\n               data-image-slug=\"img_1149-1\"\n               class=\"shutterset_37442\">\n                <img\n                    title=\"wundersch\u00c3\u00b6ne Walliser Landschaft; Wasuhorn,Sparruhorn, Schwarzhorn\"\n                    alt=\"wundersch\u00c3\u00b6ne Walliser Landschaft; Wasuhorn,Sparruhorn, Schwarzhorn\"\n                    src=\"https:\/\/www.freimarianne.ch\/wp-content\/gallery\/grachen-18-6-19\/thumbs\/thumbs_IMG_1149.jpg\"\n                    width=\"100\"\n                    height=\"75\"\n                    style=\"max-width:100%;\"\n                \/>\n            <\/a>\n        <\/div>\n\t\t\t\t\t\t\t<\/div> \n\t\t\t\n        \n\t\t\t\t<div id=\"ngg-image-2\" class=\"ngg-gallery-thumbnail-box\" >\n\t\t\t\t        <div class=\"ngg-gallery-thumbnail\">\n            <a href=\"https:\/\/www.freimarianne.ch\/wp-content\/gallery\/grachen-18-6-19\/IMG_1151.jpg\"\n               title=\"Gruppe auf dem Weg nach Hohtschuggen\"\n               data-src=\"https:\/\/www.freimarianne.ch\/wp-content\/gallery\/grachen-18-6-19\/IMG_1151.jpg\"\n               data-thumbnail=\"https:\/\/www.freimarianne.ch\/wp-content\/gallery\/grachen-18-6-19\/thumbs\/thumbs_IMG_1151.jpg\"\n               data-image-id=\"20991\"\n               data-title=\"Gruppe auf dem Weg nach Hohtschuggen\"\n               data-description=\"Gruppe auf dem Weg nach Hohtschuggen\"\n               data-image-slug=\"img_1151-3\"\n               class=\"shutterset_37442\">\n                <img\n                    title=\"Gruppe auf dem Weg nach Hohtschuggen\"\n                    alt=\"Gruppe auf dem Weg nach Hohtschuggen\"\n                    src=\"https:\/\/www.freimarianne.ch\/wp-content\/gallery\/grachen-18-6-19\/thumbs\/thumbs_IMG_1151.jpg\"\n                    width=\"100\"\n                    height=\"75\"\n                    style=\"max-width:100%;\"\n                \/>\n            <\/a>\n        <\/div>\n\t\t\t\t\t\t\t<\/div> \n\t\t\t\n        \n\t\t\t\t<div id=\"ngg-image-3\" class=\"ngg-gallery-thumbnail-box\" >\n\t\t\t\t        <div class=\"ngg-gallery-thumbnail\">\n            <a href=\"https:\/\/www.freimarianne.ch\/wp-content\/gallery\/grachen-18-6-19\/IMG_1155.jpg\"\n               title=\"putzige Schwarznasenschafe\"\n               data-src=\"https:\/\/www.freimarianne.ch\/wp-content\/gallery\/grachen-18-6-19\/IMG_1155.jpg\"\n               data-thumbnail=\"https:\/\/www.freimarianne.ch\/wp-content\/gallery\/grachen-18-6-19\/thumbs\/thumbs_IMG_1155.jpg\"\n               data-image-id=\"20990\"\n               data-title=\"putzige Schwarznasenschafe\"\n               data-description=\"putzige Schwarznasenschafe\"\n               data-image-slug=\"img_1155-1\"\n               class=\"shutterset_37442\">\n                <img\n                    title=\"putzige Schwarznasenschafe\"\n                    alt=\"putzige Schwarznasenschafe\"\n                    src=\"https:\/\/www.freimarianne.ch\/wp-content\/gallery\/grachen-18-6-19\/thumbs\/thumbs_IMG_1155.jpg\"\n                    width=\"100\"\n                    height=\"75\"\n                    style=\"max-width:100%;\"\n                \/>\n            <\/a>\n        <\/div>\n\t\t\t\t\t\t\t<\/div> \n\t\t\t\n        \n\t\t\t\t<div id=\"ngg-image-4\" class=\"ngg-gallery-thumbnail-box\" >\n\t\t\t\t        <div class=\"ngg-gallery-thumbnail\">\n            <a href=\"https:\/\/www.freimarianne.ch\/wp-content\/gallery\/grachen-18-6-19\/IMG_1159.jpg\"\n               title=\"beim Aufstieg\"\n               data-src=\"https:\/\/www.freimarianne.ch\/wp-content\/gallery\/grachen-18-6-19\/IMG_1159.jpg\"\n               data-thumbnail=\"https:\/\/www.freimarianne.ch\/wp-content\/gallery\/grachen-18-6-19\/thumbs\/thumbs_IMG_1159.jpg\"\n               data-image-id=\"20989\"\n               data-title=\"beim Aufstieg\"\n               data-description=\"beim Aufstieg\"\n               data-image-slug=\"img_1159-4\"\n               class=\"shutterset_37442\">\n                <img\n                    title=\"beim Aufstieg\"\n                    alt=\"beim Aufstieg\"\n                    src=\"https:\/\/www.freimarianne.ch\/wp-content\/gallery\/grachen-18-6-19\/thumbs\/thumbs_IMG_1159.jpg\"\n                    width=\"100\"\n                    height=\"75\"\n                    style=\"max-width:100%;\"\n                \/>\n            <\/a>\n        <\/div>\n\t\t\t\t\t\t\t<\/div> \n\t\t\t\n        \n\t\t\t\t<div id=\"ngg-image-5\" class=\"ngg-gallery-thumbnail-box\" >\n\t\t\t\t        <div class=\"ngg-gallery-thumbnail\">\n            <a href=\"https:\/\/www.freimarianne.ch\/wp-content\/gallery\/grachen-18-6-19\/IMG_1162.jpg\"\n               title=\"dike Gruppe unterwegs\"\n               data-src=\"https:\/\/www.freimarianne.ch\/wp-content\/gallery\/grachen-18-6-19\/IMG_1162.jpg\"\n               data-thumbnail=\"https:\/\/www.freimarianne.ch\/wp-content\/gallery\/grachen-18-6-19\/thumbs\/thumbs_IMG_1162.jpg\"\n               data-image-id=\"20988\"\n               data-title=\"dike Gruppe unterwegs\"\n               data-description=\"dike Gruppe unterwegs\"\n               data-image-slug=\"img_1162-1\"\n               class=\"shutterset_37442\">\n                <img\n                    title=\"dike Gruppe unterwegs\"\n                    alt=\"dike Gruppe unterwegs\"\n                    src=\"https:\/\/www.freimarianne.ch\/wp-content\/gallery\/grachen-18-6-19\/thumbs\/thumbs_IMG_1162.jpg\"\n                    width=\"100\"\n                    height=\"75\"\n                    style=\"max-width:100%;\"\n                \/>\n            <\/a>\n        <\/div>\n\t\t\t\t\t\t\t<\/div> \n\t\t\t\n        \n\t\t\t\t<div id=\"ngg-image-6\" class=\"ngg-gallery-thumbnail-box\" >\n\t\t\t\t        <div class=\"ngg-gallery-thumbnail\">\n            <a href=\"https:\/\/www.freimarianne.ch\/wp-content\/gallery\/grachen-18-6-19\/IMG_1163.jpg\"\n               title=\"die Gruppe unterwegs\"\n               data-src=\"https:\/\/www.freimarianne.ch\/wp-content\/gallery\/grachen-18-6-19\/IMG_1163.jpg\"\n               data-thumbnail=\"https:\/\/www.freimarianne.ch\/wp-content\/gallery\/grachen-18-6-19\/thumbs\/thumbs_IMG_1163.jpg\"\n               data-image-id=\"20987\"\n               data-title=\"die Gruppe unterwegs\"\n               data-description=\"die Gruppe unterwegs\"\n               data-image-slug=\"img_1163\"\n               class=\"shutterset_37442\">\n                <img\n                    title=\"die Gruppe unterwegs\"\n                    alt=\"die Gruppe unterwegs\"\n                    src=\"https:\/\/www.freimarianne.ch\/wp-content\/gallery\/grachen-18-6-19\/thumbs\/thumbs_IMG_1163.jpg\"\n                    width=\"100\"\n                    height=\"75\"\n                    style=\"max-width:100%;\"\n                \/>\n            <\/a>\n        <\/div>\n\t\t\t\t\t\t\t<\/div> \n\t\t\t\n        \n\t\t\t\t<div id=\"ngg-image-7\" class=\"ngg-gallery-thumbnail-box\" >\n\t\t\t\t        <div class=\"ngg-gallery-thumbnail\">\n            <a href=\"https:\/\/www.freimarianne.ch\/wp-content\/gallery\/grachen-18-6-19\/IMG_1166.jpg\"\n               title=\"Hohtschuggen 1619m; geschlossen\"\n               data-src=\"https:\/\/www.freimarianne.ch\/wp-content\/gallery\/grachen-18-6-19\/IMG_1166.jpg\"\n               data-thumbnail=\"https:\/\/www.freimarianne.ch\/wp-content\/gallery\/grachen-18-6-19\/thumbs\/thumbs_IMG_1166.jpg\"\n               data-image-id=\"20986\"\n               data-title=\"Hohtschuggen 1619m; geschlossen\"\n               data-description=\"Hohtschuggen 1619m; geschlossen\"\n               data-image-slug=\"img_1166\"\n               class=\"shutterset_37442\">\n                <img\n                    title=\"Hohtschuggen 1619m; geschlossen\"\n                    alt=\"Hohtschuggen 1619m; geschlossen\"\n                    src=\"https:\/\/www.freimarianne.ch\/wp-content\/gallery\/grachen-18-6-19\/thumbs\/thumbs_IMG_1166.jpg\"\n                    width=\"100\"\n                    height=\"75\"\n                    style=\"max-width:100%;\"\n                \/>\n            <\/a>\n        <\/div>\n\t\t\t\t\t\t\t<\/div> \n\t\t\t\n        \n\t\t\t\t<div id=\"ngg-image-8\" class=\"ngg-gallery-thumbnail-box\" >\n\t\t\t\t        <div class=\"ngg-gallery-thumbnail\">\n            <a href=\"https:\/\/www.freimarianne.ch\/wp-content\/gallery\/grachen-18-6-19\/IMG_1167.jpg\"\n               title=\"Blick vom Hohtschuggen nach  Visp; li Bietschhorn,; mi Breithorn, Gredetschhorn, Schilthorn,Aljahorn, G\u00e4rsthorn; re Fussh\u00f6rner, Wannenhorn\"\n               data-src=\"https:\/\/www.freimarianne.ch\/wp-content\/gallery\/grachen-18-6-19\/IMG_1167.jpg\"\n               data-thumbnail=\"https:\/\/www.freimarianne.ch\/wp-content\/gallery\/grachen-18-6-19\/thumbs\/thumbs_IMG_1167.jpg\"\n               data-image-id=\"20985\"\n               data-title=\"Blick vom Hohtschuggen nach  Visp; li Bietschhorn,; mi Breithorn, Gredetschhorn, Schilthorn,Aljahorn, G\u00c3\u00a4rsthorn; re Fussh\u00c3\u00b6rner, Wannenhorn\"\n               data-description=\"Blick vom Hohtschuggen nach  Visp; li Bietschhorn,; mi Breithorn, Gredetschhorn, Schilthorn,Aljahorn, G\u00e4rsthorn; re Fussh\u00f6rner, Wannenhorn\"\n               data-image-slug=\"img_1167-5\"\n               class=\"shutterset_37442\">\n                <img\n                    title=\"Blick vom Hohtschuggen nach  Visp; li Bietschhorn,; mi Breithorn, Gredetschhorn, Schilthorn,Aljahorn, G\u00c3\u00a4rsthorn; re Fussh\u00c3\u00b6rner, Wannenhorn\"\n                    alt=\"Blick vom Hohtschuggen nach  Visp; li Bietschhorn,; mi Breithorn, Gredetschhorn, Schilthorn,Aljahorn, G\u00c3\u00a4rsthorn; re Fussh\u00c3\u00b6rner, Wannenhorn\"\n                    src=\"https:\/\/www.freimarianne.ch\/wp-content\/gallery\/grachen-18-6-19\/thumbs\/thumbs_IMG_1167.jpg\"\n                    width=\"100\"\n                    height=\"75\"\n                    style=\"max-width:100%;\"\n                \/>\n            <\/a>\n        <\/div>\n\t\t\t\t\t\t\t<\/div> \n\t\t\t\n        \n\t\t\t\t<div id=\"ngg-image-9\" class=\"ngg-gallery-thumbnail-box\" >\n\t\t\t\t        <div class=\"ngg-gallery-thumbnail\">\n            <a href=\"https:\/\/www.freimarianne.ch\/wp-content\/gallery\/grachen-18-6-19\/IMG_1178.jpg\"\n               title=\"Gruppenbild bei \u00c4bnet\"\n               data-src=\"https:\/\/www.freimarianne.ch\/wp-content\/gallery\/grachen-18-6-19\/IMG_1178.jpg\"\n               data-thumbnail=\"https:\/\/www.freimarianne.ch\/wp-content\/gallery\/grachen-18-6-19\/thumbs\/thumbs_IMG_1178.jpg\"\n               data-image-id=\"20984\"\n               data-title=\"Gruppenbild bei \u00c3\u0084bnet\"\n               data-description=\"Gruppenbild bei \u00c4bnet\"\n               data-image-slug=\"img_1178-2\"\n               class=\"shutterset_37442\">\n                <img\n                    title=\"Gruppenbild bei \u00c3\u0084bnet\"\n                    alt=\"Gruppenbild bei \u00c3\u0084bnet\"\n                    src=\"https:\/\/www.freimarianne.ch\/wp-content\/gallery\/grachen-18-6-19\/thumbs\/thumbs_IMG_1178.jpg\"\n                    width=\"100\"\n                    height=\"75\"\n                    style=\"max-width:100%;\"\n                \/>\n            <\/a>\n        <\/div>\n\t\t\t\t\t\t\t<\/div> \n\t\t\t\n        \n\t\t\t\t<div id=\"ngg-image-10\" class=\"ngg-gallery-thumbnail-box\" >\n\t\t\t\t        <div class=\"ngg-gallery-thumbnail\">\n            <a href=\"https:\/\/www.freimarianne.ch\/wp-content\/gallery\/grachen-18-6-19\/IMG_1183.jpg\"\n               title=\"die erstenAlpenrose bl\u00fchen\"\n               data-src=\"https:\/\/www.freimarianne.ch\/wp-content\/gallery\/grachen-18-6-19\/IMG_1183.jpg\"\n               data-thumbnail=\"https:\/\/www.freimarianne.ch\/wp-content\/gallery\/grachen-18-6-19\/thumbs\/thumbs_IMG_1183.jpg\"\n               data-image-id=\"20983\"\n               data-title=\"die erstenAlpenrose bl\u00c3\u00bchen\"\n               data-description=\"die erstenAlpenrose bl\u00fchen\"\n               data-image-slug=\"img_1183-2\"\n               class=\"shutterset_37442\">\n                <img\n                    title=\"die erstenAlpenrose bl\u00c3\u00bchen\"\n                    alt=\"die erstenAlpenrose bl\u00c3\u00bchen\"\n                    src=\"https:\/\/www.freimarianne.ch\/wp-content\/gallery\/grachen-18-6-19\/thumbs\/thumbs_IMG_1183.jpg\"\n                    width=\"100\"\n                    height=\"75\"\n                    style=\"max-width:100%;\"\n                \/>\n            <\/a>\n        <\/div>\n\t\t\t\t\t\t\t<\/div> \n\t\t\t\n        \n\t\t\t\t<div id=\"ngg-image-11\" class=\"ngg-gallery-thumbnail-box\" >\n\t\t\t\t        <div class=\"ngg-gallery-thumbnail\">\n            <a href=\"https:\/\/www.freimarianne.ch\/wp-content\/gallery\/grachen-18-6-19\/IMG_1186.jpg\"\n               title=\"Blick auif Brunegghorn und die Barrh\u00f6rner\"\n               data-src=\"https:\/\/www.freimarianne.ch\/wp-content\/gallery\/grachen-18-6-19\/IMG_1186.jpg\"\n               data-thumbnail=\"https:\/\/www.freimarianne.ch\/wp-content\/gallery\/grachen-18-6-19\/thumbs\/thumbs_IMG_1186.jpg\"\n               data-image-id=\"20982\"\n               data-title=\"Blick auif Brunegghorn und die Barrh\u00c3\u00b6rner\"\n               data-description=\"Blick auif Brunegghorn und die Barrh\u00f6rner\"\n               data-image-slug=\"img_1186-1\"\n               class=\"shutterset_37442\">\n                <img\n                    title=\"Blick auif Brunegghorn und die Barrh\u00c3\u00b6rner\"\n                    alt=\"Blick auif Brunegghorn und die Barrh\u00c3\u00b6rner\"\n                    src=\"https:\/\/www.freimarianne.ch\/wp-content\/gallery\/grachen-18-6-19\/thumbs\/thumbs_IMG_1186.jpg\"\n                    width=\"100\"\n                    height=\"75\"\n                    style=\"max-width:100%;\"\n                \/>\n            <\/a>\n        <\/div>\n\t\t\t\t\t\t\t<\/div> \n\t\t\t\n        \n\t\t\t\t<div id=\"ngg-image-12\" class=\"ngg-gallery-thumbnail-box\" >\n\t\t\t\t        <div class=\"ngg-gallery-thumbnail\">\n            <a href=\"https:\/\/www.freimarianne.ch\/wp-content\/gallery\/grachen-18-6-19\/IMG_1188.jpg\"\n               title=\"die Kapelle bei Gasenried\"\n               data-src=\"https:\/\/www.freimarianne.ch\/wp-content\/gallery\/grachen-18-6-19\/IMG_1188.jpg\"\n               data-thumbnail=\"https:\/\/www.freimarianne.ch\/wp-content\/gallery\/grachen-18-6-19\/thumbs\/thumbs_IMG_1188.jpg\"\n               data-image-id=\"20981\"\n               data-title=\"die Kapelle bei Gasenried\"\n               data-description=\"die Kapelle bei Gasenried\"\n               data-image-slug=\"img_1188-2\"\n               class=\"shutterset_37442\">\n                <img\n                    title=\"die Kapelle bei Gasenried\"\n                    alt=\"die Kapelle bei Gasenried\"\n                    src=\"https:\/\/www.freimarianne.ch\/wp-content\/gallery\/grachen-18-6-19\/thumbs\/thumbs_IMG_1188.jpg\"\n                    width=\"100\"\n                    height=\"75\"\n                    style=\"max-width:100%;\"\n                \/>\n            <\/a>\n        <\/div>\n\t\t\t\t\t\t\t<\/div> \n\t\t\t\n        \n\t\t\n\t\t<!-- Pagination -->\n\t<div class='ngg-clear'><\/div>\t<\/div>\n<\/p>\n","protected":false},"excerpt":{"rendered":"<p>Wanderung an der Eggeri und Chilcheri Suone an der Eggeri, die kein Wasser f\u00fchrt Heute sind 11 Personen von der Gruppe Alpenblick in Gr\u00e4chen unterwegs. Das Wetter ist gut und die W\u00e4rme ist im Bergwald gut zu ertragen. Wir wandern von Gr\u00e4chen, Bina hinauf zum Hohtschuggen, wo wir trotz Versprechen, dass das Restaurant offen habe, [&hellip;]<\/p>\n","protected":false},"author":1,"featured_media":0,"parent":37187,"menu_order":5,"comment_status":"closed","ping_status":"closed","template":"","meta":{"ngg_post_thumbnail":0},"_links":{"self":[{"href":"https:\/\/www.freimarianne.ch\/index.php?rest_route=\/wp\/v2\/pages\/37361"}],"collection":[{"href":"https:\/\/www.freimarianne.ch\/index.php?rest_route=\/wp\/v2\/pages"}],"about":[{"href":"https:\/\/www.freimarianne.ch\/index.php?rest_route=\/wp\/v2\/types\/page"}],"author":[{"embeddable":true,"href":"https:\/\/www.freimarianne.ch\/index.php?rest_route=\/wp\/v2\/users\/1"}],"replies":[{"embeddable":true,"href":"https:\/\/www.freimarianne.ch\/index.php?rest_route=%2Fwp%2Fv2%2Fcomments&post=37361"}],"version-history":[{"count":5,"href":"https:\/\/www.freimarianne.ch\/index.php?rest_route=\/wp\/v2\/pages\/37361\/revisions"}],"predecessor-version":[{"id":37446,"href":"https:\/\/www.freimarianne.ch\/index.php?rest_route=\/wp\/v2\/pages\/37361\/revisions\/37446"}],"up":[{"embeddable":true,"href":"https:\/\/www.freimarianne.ch\/index.php?rest_route=\/wp\/v2\/pages\/37187"}],"wp:attachment":[{"href":"https:\/\/www.freimarianne.ch\/index.php?rest_route=%2Fwp%2Fv2%2Fmedia&parent=37361"}],"curies":[{"name":"wp","href":"https:\/\/api.w.org\/{rel}","templated":true}]}}