{"id":37614,"date":"2019-07-09T09:35:31","date_gmt":"2019-07-09T08:35:31","guid":{"rendered":"http:\/\/www.freimarianne.ch\/?page_id=37614"},"modified":"2019-07-09T09:44:52","modified_gmt":"2019-07-09T08:44:52","slug":"grosssee-auf-seeben-sg-4-7-2019","status":"publish","type":"page","link":"https:\/\/www.freimarianne.ch\/?page_id=37614","title":{"rendered":"Grosssee auf Seeben     SG  4.7.2019"},"content":{"rendered":"<p><strong>Wanderung in den Flumserbergen<\/strong><\/p>\n<p>Von Tannenbodenalp an den Grosssee und Heusee<\/p>\n<div id=\"attachment_37613\" style=\"width: 510px\" class=\"wp-caption alignleft\"><img aria-describedby=\"caption-attachment-37613\" loading=\"lazy\" class=\"size-full wp-image-37613\" src=\"http:\/\/www.freimarianne.ch\/wp-content\/uploads\/2019\/07\/IMG_1728_seebensee_500.jpg\" alt=\"\" width=\"500\" height=\"333\" srcset=\"https:\/\/www.freimarianne.ch\/wp-content\/uploads\/2019\/07\/IMG_1728_seebensee_500.jpg 500w, https:\/\/www.freimarianne.ch\/wp-content\/uploads\/2019\/07\/IMG_1728_seebensee_500-300x200.jpg 300w, https:\/\/www.freimarianne.ch\/wp-content\/uploads\/2019\/07\/IMG_1728_seebensee_500-450x300.jpg 450w\" sizes=\"(max-width: 500px) 100vw, 500px\" \/><p id=\"caption-attachment-37613\" class=\"wp-caption-text\">Sicht auf Churfirsten und Walensee<\/p><\/div>\n<p>Die Flumserberge sind eine Alternative in letzter Minute! Eigentlich wollte ich ins Pizolgebiet. Aber das Wetter ist zu wenig gut f\u00fcr Panoramafotos. So fahre ich auf die Flumserberge und wandere hinauf nach Seeben zum Grosssee und Heusee. Hier hinten h\u00e4ngen die Wolken an den Bergen und es ist eher eine tr\u00fcbe Stimmung. Aber die Landschaft ist immer sehr sch\u00f6n hier oben. Man muss aber in dieser Jahreszeit immer mit K\u00fchen rechnen und muss froh sein, wenn es keine Mutterk\u00fche sind.<br \/>\nAuf der Tannenbodenalp gibt es eine grosse Baustelle. Die Maschgenkammlbahn wird neu gebaut!<br \/>\nDies war eine kleine Wanderung, die\u00a0 meinem l\u00e4dierten Knie Rechnung trug.<\/p>\n<p><!-- index.php -->\n<div\n\tclass=\"ngg-galleryoverview ngg-ajax-pagination-none\"\n\tid=\"ngg-gallery-37638-1\">\n\n    \t<div class=\"slideshowlink\">\n        <a href='https:\/\/www.freimarianne.ch\/index.php\/nggallery\/slideshow?page_id=37614'>[Show as slideshow]<\/a>\n\t\t\n\t<\/div>\n\t\t\t<!-- Thumbnails -->\n\t\t\t\t<div id=\"ngg-image-0\" class=\"ngg-gallery-thumbnail-box\" >\n\t\t\t\t        <div class=\"ngg-gallery-thumbnail\">\n            <a href=\"https:\/\/www.freimarianne.ch\/wp-content\/gallery\/flumserberg-4-7-19\/IMG_1722.jpg\"\n               title=\"es gibt viele K\u00fche auf den Flumserbergen; Churfirsten\"\n               data-src=\"https:\/\/www.freimarianne.ch\/wp-content\/gallery\/flumserberg-4-7-19\/IMG_1722.jpg\"\n               data-thumbnail=\"https:\/\/www.freimarianne.ch\/wp-content\/gallery\/flumserberg-4-7-19\/thumbs\/thumbs_IMG_1722.jpg\"\n               data-image-id=\"21067\"\n               data-title=\"es gibt viele K\u00c3\u00bche auf den Flumserbergen; Churfirsten\"\n               data-description=\"es gibt viele K\u00fche auf den Flumserbergen; Churfirsten\"\n               data-image-slug=\"img_1722-1\"\n               class=\"shutterset_37638\">\n                <img\n                    title=\"es gibt viele K\u00c3\u00bche auf den Flumserbergen; Churfirsten\"\n                    alt=\"es gibt viele K\u00c3\u00bche auf den Flumserbergen; Churfirsten\"\n                    src=\"https:\/\/www.freimarianne.ch\/wp-content\/gallery\/flumserberg-4-7-19\/thumbs\/thumbs_IMG_1722.jpg\"\n                    width=\"100\"\n                    height=\"75\"\n                    style=\"max-width:100%;\"\n                \/>\n            <\/a>\n        <\/div>\n\t\t\t\t\t\t\t<\/div> \n\t\t\t\n        \n\t\t\t\t<div id=\"ngg-image-1\" class=\"ngg-gallery-thumbnail-box\" >\n\t\t\t\t        <div class=\"ngg-gallery-thumbnail\">\n            <a href=\"https:\/\/www.freimarianne.ch\/wp-content\/gallery\/flumserberg-4-7-19\/IMG_1727.jpg\"\n               title=\"Winkelzahn 1558m  mit Churfirsten\"\n               data-src=\"https:\/\/www.freimarianne.ch\/wp-content\/gallery\/flumserberg-4-7-19\/IMG_1727.jpg\"\n               data-thumbnail=\"https:\/\/www.freimarianne.ch\/wp-content\/gallery\/flumserberg-4-7-19\/thumbs\/thumbs_IMG_1727.jpg\"\n               data-image-id=\"21066\"\n               data-title=\"Winkelzahn 1558m  mit Churfirsten\"\n               data-description=\"Winkelzahn 1558m  mit Churfirsten\"\n               data-image-slug=\"img_1727-2\"\n               class=\"shutterset_37638\">\n                <img\n                    title=\"Winkelzahn 1558m  mit Churfirsten\"\n                    alt=\"Winkelzahn 1558m  mit Churfirsten\"\n                    src=\"https:\/\/www.freimarianne.ch\/wp-content\/gallery\/flumserberg-4-7-19\/thumbs\/thumbs_IMG_1727.jpg\"\n                    width=\"100\"\n                    height=\"75\"\n                    style=\"max-width:100%;\"\n                \/>\n            <\/a>\n        <\/div>\n\t\t\t\t\t\t\t<\/div> \n\t\t\t\n        \n\t\t\t\t<div id=\"ngg-image-2\" class=\"ngg-gallery-thumbnail-box\" >\n\t\t\t\t        <div class=\"ngg-gallery-thumbnail\">\n            <a href=\"https:\/\/www.freimarianne.ch\/wp-content\/gallery\/flumserberg-4-7-19\/IMG_1736.jpg\"\n               title=\"Seebensee; S\u00e4chsmoor 2196m, Cuncels 1935m, Chli G\u00fcslen 1868m\"\n               data-src=\"https:\/\/www.freimarianne.ch\/wp-content\/gallery\/flumserberg-4-7-19\/IMG_1736.jpg\"\n               data-thumbnail=\"https:\/\/www.freimarianne.ch\/wp-content\/gallery\/flumserberg-4-7-19\/thumbs\/thumbs_IMG_1736.jpg\"\n               data-image-id=\"21065\"\n               data-title=\"Seebensee; S\u00c3\u00a4chsmoor 2196m, Cuncels 1935m, Chli G\u00c3\u00bcslen 1868m\"\n               data-description=\"Seebensee; S\u00e4chsmoor 2196m, Cuncels 1935m, Chli G\u00fcslen 1868m\"\n               data-image-slug=\"img_1736-2\"\n               class=\"shutterset_37638\">\n                <img\n                    title=\"Seebensee; S\u00c3\u00a4chsmoor 2196m, Cuncels 1935m, Chli G\u00c3\u00bcslen 1868m\"\n                    alt=\"Seebensee; S\u00c3\u00a4chsmoor 2196m, Cuncels 1935m, Chli G\u00c3\u00bcslen 1868m\"\n                    src=\"https:\/\/www.freimarianne.ch\/wp-content\/gallery\/flumserberg-4-7-19\/thumbs\/thumbs_IMG_1736.jpg\"\n                    width=\"100\"\n                    height=\"75\"\n                    style=\"max-width:100%;\"\n                \/>\n            <\/a>\n        <\/div>\n\t\t\t\t\t\t\t<\/div> \n\t\t\t\n        \n\t\t\t\t<div id=\"ngg-image-3\" class=\"ngg-gallery-thumbnail-box\" >\n\t\t\t\t        <div class=\"ngg-gallery-thumbnail\">\n            <a href=\"https:\/\/www.freimarianne.ch\/wp-content\/gallery\/flumserberg-4-7-19\/IMG_1737.jpg\"\n               title=\"am Grosssee\"\n               data-src=\"https:\/\/www.freimarianne.ch\/wp-content\/gallery\/flumserberg-4-7-19\/IMG_1737.jpg\"\n               data-thumbnail=\"https:\/\/www.freimarianne.ch\/wp-content\/gallery\/flumserberg-4-7-19\/thumbs\/thumbs_IMG_1737.jpg\"\n               data-image-id=\"21064\"\n               data-title=\"am Grosssee\"\n               data-description=\"am Grosssee\"\n               data-image-slug=\"img_1737-3\"\n               class=\"shutterset_37638\">\n                <img\n                    title=\"am Grosssee\"\n                    alt=\"am Grosssee\"\n                    src=\"https:\/\/www.freimarianne.ch\/wp-content\/gallery\/flumserberg-4-7-19\/thumbs\/thumbs_IMG_1737.jpg\"\n                    width=\"100\"\n                    height=\"75\"\n                    style=\"max-width:100%;\"\n                \/>\n            <\/a>\n        <\/div>\n\t\t\t\t\t\t\t<\/div> \n\t\t\t\n        \n\t\t\t\t<div id=\"ngg-image-4\" class=\"ngg-gallery-thumbnail-box\" >\n\t\t\t\t        <div class=\"ngg-gallery-thumbnail\">\n            <a href=\"https:\/\/www.freimarianne.ch\/wp-content\/gallery\/flumserberg-4-7-19\/IMG_1738.jpg\"\n               title=\"der Heusee\"\n               data-src=\"https:\/\/www.freimarianne.ch\/wp-content\/gallery\/flumserberg-4-7-19\/IMG_1738.jpg\"\n               data-thumbnail=\"https:\/\/www.freimarianne.ch\/wp-content\/gallery\/flumserberg-4-7-19\/thumbs\/thumbs_IMG_1738.jpg\"\n               data-image-id=\"21063\"\n               data-title=\"der Heusee\"\n               data-description=\"der Heusee\"\n               data-image-slug=\"img_1738-1\"\n               class=\"shutterset_37638\">\n                <img\n                    title=\"der Heusee\"\n                    alt=\"der Heusee\"\n                    src=\"https:\/\/www.freimarianne.ch\/wp-content\/gallery\/flumserberg-4-7-19\/thumbs\/thumbs_IMG_1738.jpg\"\n                    width=\"100\"\n                    height=\"75\"\n                    style=\"max-width:100%;\"\n                \/>\n            <\/a>\n        <\/div>\n\t\t\t\t\t\t\t<\/div> \n\t\t\t\n        \n\t\t\t\t<div id=\"ngg-image-5\" class=\"ngg-gallery-thumbnail-box\" >\n\t\t\t\t        <div class=\"ngg-gallery-thumbnail\">\n            <a href=\"https:\/\/www.freimarianne.ch\/wp-content\/gallery\/flumserberg-4-7-19\/IMG_1743.jpg\"\n               title=\"ALPENROSE\"\n               data-src=\"https:\/\/www.freimarianne.ch\/wp-content\/gallery\/flumserberg-4-7-19\/IMG_1743.jpg\"\n               data-thumbnail=\"https:\/\/www.freimarianne.ch\/wp-content\/gallery\/flumserberg-4-7-19\/thumbs\/thumbs_IMG_1743.jpg\"\n               data-image-id=\"21062\"\n               data-title=\"ALPENROSE\"\n               data-description=\"ALPENROSE\"\n               data-image-slug=\"img_1743-1\"\n               class=\"shutterset_37638\">\n                <img\n                    title=\"ALPENROSE\"\n                    alt=\"ALPENROSE\"\n                    src=\"https:\/\/www.freimarianne.ch\/wp-content\/gallery\/flumserberg-4-7-19\/thumbs\/thumbs_IMG_1743.jpg\"\n                    width=\"100\"\n                    height=\"75\"\n                    style=\"max-width:100%;\"\n                \/>\n            <\/a>\n        <\/div>\n\t\t\t\t\t\t\t<\/div> \n\t\t\t\n        \n\t\t\t\t<div id=\"ngg-image-6\" class=\"ngg-gallery-thumbnail-box\" >\n\t\t\t\t        <div class=\"ngg-gallery-thumbnail\">\n            <a href=\"https:\/\/www.freimarianne.ch\/wp-content\/gallery\/flumserberg-4-7-19\/IMG_1744.jpg\"\n               title=\"Sicht auf Winkelzahn; SIchelchamm, Gamsberg, Fuilfirst, Chrummenstein, Alvier, Gauschla\"\n               data-src=\"https:\/\/www.freimarianne.ch\/wp-content\/gallery\/flumserberg-4-7-19\/IMG_1744.jpg\"\n               data-thumbnail=\"https:\/\/www.freimarianne.ch\/wp-content\/gallery\/flumserberg-4-7-19\/thumbs\/thumbs_IMG_1744.jpg\"\n               data-image-id=\"21061\"\n               data-title=\"Sicht auf Winkelzahn; SIchelchamm, Gamsberg, Fuilfirst, Chrummenstein, Alvier, Gauschla\"\n               data-description=\"Sicht auf Winkelzahn; SIchelchamm, Gamsberg, Fuilfirst, Chrummenstein, Alvier, Gauschla\"\n               data-image-slug=\"img_1744-2\"\n               class=\"shutterset_37638\">\n                <img\n                    title=\"Sicht auf Winkelzahn; SIchelchamm, Gamsberg, Fuilfirst, Chrummenstein, Alvier, Gauschla\"\n                    alt=\"Sicht auf Winkelzahn; SIchelchamm, Gamsberg, Fuilfirst, Chrummenstein, Alvier, Gauschla\"\n                    src=\"https:\/\/www.freimarianne.ch\/wp-content\/gallery\/flumserberg-4-7-19\/thumbs\/thumbs_IMG_1744.jpg\"\n                    width=\"100\"\n                    height=\"75\"\n                    style=\"max-width:100%;\"\n                \/>\n            <\/a>\n        <\/div>\n\t\t\t\t\t\t\t<\/div> \n\t\t\t\n        \n\t\t\t\t<div id=\"ngg-image-7\" class=\"ngg-gallery-thumbnail-box\" >\n\t\t\t\t        <div class=\"ngg-gallery-thumbnail\">\n            <a href=\"https:\/\/www.freimarianne.ch\/wp-content\/gallery\/flumserberg-4-7-19\/IMG_1746.jpg\"\n               title=\"Winkelzahn 1558m\"\n               data-src=\"https:\/\/www.freimarianne.ch\/wp-content\/gallery\/flumserberg-4-7-19\/IMG_1746.jpg\"\n               data-thumbnail=\"https:\/\/www.freimarianne.ch\/wp-content\/gallery\/flumserberg-4-7-19\/thumbs\/thumbs_IMG_1746.jpg\"\n               data-image-id=\"21060\"\n               data-title=\"Winkelzahn 1558m\"\n               data-description=\"Winkelzahn 1558m\"\n               data-image-slug=\"img_1746-2\"\n               class=\"shutterset_37638\">\n                <img\n                    title=\"Winkelzahn 1558m\"\n                    alt=\"Winkelzahn 1558m\"\n                    src=\"https:\/\/www.freimarianne.ch\/wp-content\/gallery\/flumserberg-4-7-19\/thumbs\/thumbs_IMG_1746.jpg\"\n                    width=\"100\"\n                    height=\"75\"\n                    style=\"max-width:100%;\"\n                \/>\n            <\/a>\n        <\/div>\n\t\t\t\t\t\t\t<\/div> \n\t\t\t\n        \n\t\t\t\t<div id=\"ngg-image-8\" class=\"ngg-gallery-thumbnail-box\" >\n\t\t\t\t        <div class=\"ngg-gallery-thumbnail\">\n            <a href=\"https:\/\/www.freimarianne.ch\/wp-content\/gallery\/flumserberg-4-7-19\/IMG_1753.jpg\"\n               title=\"H\u00f6chst 2024m, Sichelchamm 2269m, Gamsberg 2385m, Sicjhl\u00f6i 2320m, Rosswis 2334m, P. 2321m, Chli Fulfirst 2372m, Fulfirst 2384m, P. 2289m, G\u00e4rtlichopf 2298m\"\n               data-src=\"https:\/\/www.freimarianne.ch\/wp-content\/gallery\/flumserberg-4-7-19\/IMG_1753.jpg\"\n               data-thumbnail=\"https:\/\/www.freimarianne.ch\/wp-content\/gallery\/flumserberg-4-7-19\/thumbs\/thumbs_IMG_1753.jpg\"\n               data-image-id=\"21059\"\n               data-title=\"H\u00c3\u00b6chst 2024m, Sichelchamm 2269m, Gamsberg 2385m, Sicjhl\u00c3\u00b6i 2320m, Rosswis 2334m, P. 2321m, Chli Fulfirst 2372m, Fulfirst 2384m, P. 2289m, G\u00c3\u00a4rtlichopf 2298m\"\n               data-description=\"H\u00f6chst 2024m, Sichelchamm 2269m, Gamsberg 2385m, Sicjhl\u00f6i 2320m, Rosswis 2334m, P. 2321m, Chli Fulfirst 2372m, Fulfirst 2384m, P. 2289m, G\u00e4rtlichopf 2298m\"\n               data-image-slug=\"img_1753-5\"\n               class=\"shutterset_37638\">\n                <img\n                    title=\"H\u00c3\u00b6chst 2024m, Sichelchamm 2269m, Gamsberg 2385m, Sicjhl\u00c3\u00b6i 2320m, Rosswis 2334m, P. 2321m, Chli Fulfirst 2372m, Fulfirst 2384m, P. 2289m, G\u00c3\u00a4rtlichopf 2298m\"\n                    alt=\"H\u00c3\u00b6chst 2024m, Sichelchamm 2269m, Gamsberg 2385m, Sicjhl\u00c3\u00b6i 2320m, Rosswis 2334m, P. 2321m, Chli Fulfirst 2372m, Fulfirst 2384m, P. 2289m, G\u00c3\u00a4rtlichopf 2298m\"\n                    src=\"https:\/\/www.freimarianne.ch\/wp-content\/gallery\/flumserberg-4-7-19\/thumbs\/thumbs_IMG_1753.jpg\"\n                    width=\"100\"\n                    height=\"75\"\n                    style=\"max-width:100%;\"\n                \/>\n            <\/a>\n        <\/div>\n\t\t\t\t\t\t\t<\/div> \n\t\t\t\n        \n\t\t\t\t<div id=\"ngg-image-9\" class=\"ngg-gallery-thumbnail-box\" >\n\t\t\t\t        <div class=\"ngg-gallery-thumbnail\">\n            <a href=\"https:\/\/www.freimarianne.ch\/wp-content\/gallery\/flumserberg-4-7-19\/IMG_1757.jpg\"\n               title=\"es gibt viele K\u00fche auf den Flumserbergen\"\n               data-src=\"https:\/\/www.freimarianne.ch\/wp-content\/gallery\/flumserberg-4-7-19\/IMG_1757.jpg\"\n               data-thumbnail=\"https:\/\/www.freimarianne.ch\/wp-content\/gallery\/flumserberg-4-7-19\/thumbs\/thumbs_IMG_1757.jpg\"\n               data-image-id=\"21058\"\n               data-title=\"es gibt viele K\u00c3\u00bche auf den Flumserbergen\"\n               data-description=\"es gibt viele K\u00fche auf den Flumserbergen\"\n               data-image-slug=\"img_1757-4\"\n               class=\"shutterset_37638\">\n                <img\n                    title=\"es gibt viele K\u00c3\u00bche auf den Flumserbergen\"\n                    alt=\"es gibt viele K\u00c3\u00bche auf den Flumserbergen\"\n                    src=\"https:\/\/www.freimarianne.ch\/wp-content\/gallery\/flumserberg-4-7-19\/thumbs\/thumbs_IMG_1757.jpg\"\n                    width=\"100\"\n                    height=\"75\"\n                    style=\"max-width:100%;\"\n                \/>\n            <\/a>\n        <\/div>\n\t\t\t\t\t\t\t<\/div> \n\t\t\t\n        \n\t\t\n\t\t<!-- Pagination -->\n\t<div class='ngg-clear'><\/div>\t<\/div>\n<\/p>\n","protected":false},"excerpt":{"rendered":"<p>Wanderung in den Flumserbergen Von Tannenbodenalp an den Grosssee und Heusee Die Flumserberge sind eine Alternative in letzter Minute! Eigentlich wollte ich ins Pizolgebiet. Aber das Wetter ist zu wenig gut f\u00fcr Panoramafotos. So fahre ich auf die Flumserberge und wandere hinauf nach Seeben zum Grosssee und Heusee. Hier hinten h\u00e4ngen die Wolken an den [&hellip;]<\/p>\n","protected":false},"author":1,"featured_media":0,"parent":37187,"menu_order":10,"comment_status":"closed","ping_status":"closed","template":"","meta":{"ngg_post_thumbnail":0},"_links":{"self":[{"href":"https:\/\/www.freimarianne.ch\/index.php?rest_route=\/wp\/v2\/pages\/37614"}],"collection":[{"href":"https:\/\/www.freimarianne.ch\/index.php?rest_route=\/wp\/v2\/pages"}],"about":[{"href":"https:\/\/www.freimarianne.ch\/index.php?rest_route=\/wp\/v2\/types\/page"}],"author":[{"embeddable":true,"href":"https:\/\/www.freimarianne.ch\/index.php?rest_route=\/wp\/v2\/users\/1"}],"replies":[{"embeddable":true,"href":"https:\/\/www.freimarianne.ch\/index.php?rest_route=%2Fwp%2Fv2%2Fcomments&post=37614"}],"version-history":[{"count":4,"href":"https:\/\/www.freimarianne.ch\/index.php?rest_route=\/wp\/v2\/pages\/37614\/revisions"}],"predecessor-version":[{"id":37641,"href":"https:\/\/www.freimarianne.ch\/index.php?rest_route=\/wp\/v2\/pages\/37614\/revisions\/37641"}],"up":[{"embeddable":true,"href":"https:\/\/www.freimarianne.ch\/index.php?rest_route=\/wp\/v2\/pages\/37187"}],"wp:attachment":[{"href":"https:\/\/www.freimarianne.ch\/index.php?rest_route=%2Fwp%2Fv2%2Fmedia&parent=37614"}],"curies":[{"name":"wp","href":"https:\/\/api.w.org\/{rel}","templated":true}]}}