{"id":3766,"date":"2013-04-17T07:10:54","date_gmt":"2013-04-17T06:10:54","guid":{"rendered":"http:\/\/www.freimarianne.ch\/?page_id=3766"},"modified":"2013-04-17T08:51:47","modified_gmt":"2013-04-17T07:51:47","slug":"imihubel-be-16-4-2013","status":"publish","type":"page","link":"https:\/\/www.freimarianne.ch\/?page_id=3766","title":{"rendered":"Imihubel, BE  16.4.2013"},"content":{"rendered":"<p><strong>Fr\u00fchlingswanderung<\/strong> mit dem Akzentforum<br \/>\nvon Zimmerwald auf den Imihubel- B\u00fctschelegg und hinunter nach Toffen im G\u00fcrbetal.<br \/>\n<img loading=\"lazy\" src=\"http:\/\/www.freimarianne.ch\/wp-content\/uploads\/2013\/04\/IMG_3589_imih_16.4.jpg\" alt=\"\" title=\"IMG_3589_imih_16.4\" width=\"500\" height=\"375\" class=\"aligncenter size-full wp-image-3775\" srcset=\"https:\/\/www.freimarianne.ch\/wp-content\/uploads\/2013\/04\/IMG_3589_imih_16.4.jpg 500w, https:\/\/www.freimarianne.ch\/wp-content\/uploads\/2013\/04\/IMG_3589_imih_16.4-300x225.jpg 300w, https:\/\/www.freimarianne.ch\/wp-content\/uploads\/2013\/04\/IMG_3589_imih_16.4-400x300.jpg 400w\" sizes=\"(max-width: 500px) 100vw, 500px\" \/><\/a><\/p>\n<p>Der Fr\u00fchling hat nun doch Einzug gehalten und wir konnten  unsere  Wanderung am Ersatzdatum durchf\u00fchren.<br \/>\nWir waren leider nur  eine kleine Gruppe.<br \/>\nWir beginnen unsere Wanderung in Zimmerwald 856m, einem Dorf auf dem L\u00e4ngenberg  bei Bern.  Ein sch\u00f6nes Panorama mit den Berneralpen wird uns auf der ganzen Wanderung begleiten.  Ohne einen Kaffeehalt geht es gleich los!<br \/>\nWie wandern gem\u00fctlich \u00fcber Obermuhleren  hinunter zur Bachm\u00fchle und dann hinauf \u00fcber Ratzenberg zum Imihubel.<br \/>\nWir geniessen die sch\u00f6ne Sicht auf die gr\u00fcnen H\u00fcgel des L\u00e4ngenberges mit seinen verstreuten Bauernh\u00f6fen.<br \/>\nDer Gupf des Imihubels  981m ist mit einem Zaun abgesperrt ( Stierenweide). Aber der Stier ist noch nicht auf der Weide!  Die sportliche Gruppe kriecht unter dem Hag durch und  kommt dadurch zu einem Rastplatz mir Aussicht auf besagtes Panorama. Nach der Mittagsrast  wandern wir weiter \u00fcber Uecht mit seinem Observatorium und dann durch den Wald zur B\u00fctschelegg , wo wir im Restaurant einkehren k\u00f6nnen.<br \/>\nWir verbringen eine gem\u00fctliche Stunde draussen an der Sonne . Die Lust auf Kaffee ist vielen vergangen. Nun ist ein Bierchen angesagt.<br \/>\nDie Strecke hinunter nach Toffen im G\u00fcrbetal f\u00fchrt uns  zuerst auf  Pfaden durch den Wald bis wir  vor Oberfeld wieder auf die gr\u00fcnen Wiesen treffen. Auf einem angenehmen Weg wandern wir \u00fcber Obertoffen mit seinen neuen Speichern hinunter nach Toffen, wo das Schloss  der erste Blickfang ist.<br \/>\nDa wir gen\u00fcgend Zeit haben reicht es noch zu einem k\u00fchlen Bier im Dorf.<br \/>\nUm 16.00 nehmen wir die S-Bahn nach Bern.<br \/>\nSch\u00f6n, dass nun die Wandersaison begonnen hat.<br \/>\nWir k\u00f6nnen uns schon auf die Narzissenwanderung im Mai freuen.<br \/>\n<!-- index.php -->\n<div\n\tclass=\"ngg-galleryoverview ngg-ajax-pagination-none\"\n\tid=\"ngg-gallery-eb21e6170186991451e609af4618bdd1-1\">\n\n    \t<div class=\"slideshowlink\">\n        <a href='https:\/\/www.freimarianne.ch\/index.php\/nggallery\/slideshow?page_id=3766'>[Show as slideshow]<\/a>\n\t\t\n\t<\/div>\n\t\t\t<!-- Thumbnails -->\n\t\t\t\t<div id=\"ngg-image-0\" class=\"ngg-gallery-thumbnail-box\" >\n\t\t\t\t        <div class=\"ngg-gallery-thumbnail\">\n            <a href=\"https:\/\/www.freimarianne.ch\/wp-content\/gallery\/imihubel-16-4-13\/img_3588.jpg\"\n               title=\"\"\n               data-src=\"https:\/\/www.freimarianne.ch\/wp-content\/gallery\/imihubel-16-4-13\/img_3588.jpg\"\n               data-thumbnail=\"https:\/\/www.freimarianne.ch\/wp-content\/gallery\/imihubel-16-4-13\/thumbs\/thumbs_img_3588.jpg\"\n               data-image-id=\"6535\"\n               data-title=\"img_3588\"\n               data-description=\"\"\n               data-image-slug=\"img_3588-2\"\n               class=\"shutterset_eb21e6170186991451e609af4618bdd1\">\n                <img\n                    title=\"img_3588\"\n                    alt=\"img_3588\"\n                    src=\"https:\/\/www.freimarianne.ch\/wp-content\/gallery\/imihubel-16-4-13\/cache\/img_3588.jpg-nggid046535-ngg0dyn-100x75x100-00f0w010c010r110f110r010t010.jpg\"\n                    width=\"100\"\n                    height=\"75\"\n                    style=\"max-width:100%;\"\n                \/>\n            <\/a>\n        <\/div>\n\t\t\t\t\t\t\t<\/div> \n\t\t\t\n                            \n\t\t\t\t<div id=\"ngg-image-1\" class=\"ngg-gallery-thumbnail-box\" >\n\t\t\t\t        <div class=\"ngg-gallery-thumbnail\">\n            <a href=\"https:\/\/www.freimarianne.ch\/wp-content\/gallery\/imihubel-16-4-13\/img_3590.jpg\"\n               title=\"\"\n               data-src=\"https:\/\/www.freimarianne.ch\/wp-content\/gallery\/imihubel-16-4-13\/img_3590.jpg\"\n               data-thumbnail=\"https:\/\/www.freimarianne.ch\/wp-content\/gallery\/imihubel-16-4-13\/thumbs\/thumbs_img_3590.jpg\"\n               data-image-id=\"6536\"\n               data-title=\"img_3590\"\n               data-description=\"\"\n               data-image-slug=\"img_3590-3\"\n               class=\"shutterset_eb21e6170186991451e609af4618bdd1\">\n                <img\n                    title=\"img_3590\"\n                    alt=\"img_3590\"\n                    src=\"https:\/\/www.freimarianne.ch\/wp-content\/gallery\/imihubel-16-4-13\/cache\/img_3590.jpg-nggid046536-ngg0dyn-100x75x100-00f0w010c010r110f110r010t010.jpg\"\n                    width=\"100\"\n                    height=\"75\"\n                    style=\"max-width:100%;\"\n                \/>\n            <\/a>\n        <\/div>\n\t\t\t\t\t\t\t<\/div> \n\t\t\t\n                            \n\t\t\t\t<div id=\"ngg-image-2\" class=\"ngg-gallery-thumbnail-box\" >\n\t\t\t\t        <div class=\"ngg-gallery-thumbnail\">\n            <a href=\"https:\/\/www.freimarianne.ch\/wp-content\/gallery\/imihubel-16-4-13\/img_3592.jpg\"\n               title=\"\"\n               data-src=\"https:\/\/www.freimarianne.ch\/wp-content\/gallery\/imihubel-16-4-13\/img_3592.jpg\"\n               data-thumbnail=\"https:\/\/www.freimarianne.ch\/wp-content\/gallery\/imihubel-16-4-13\/thumbs\/thumbs_img_3592.jpg\"\n               data-image-id=\"6537\"\n               data-title=\"img_3592\"\n               data-description=\"\"\n               data-image-slug=\"img_3592-2\"\n               class=\"shutterset_eb21e6170186991451e609af4618bdd1\">\n                <img\n                    title=\"img_3592\"\n                    alt=\"img_3592\"\n                    src=\"https:\/\/www.freimarianne.ch\/wp-content\/gallery\/imihubel-16-4-13\/cache\/img_3592.jpg-nggid046537-ngg0dyn-100x75x100-00f0w010c010r110f110r010t010.jpg\"\n                    width=\"100\"\n                    height=\"75\"\n                    style=\"max-width:100%;\"\n                \/>\n            <\/a>\n        <\/div>\n\t\t\t\t\t\t\t<\/div> \n\t\t\t\n                            \n\t\t\t\t<div id=\"ngg-image-3\" class=\"ngg-gallery-thumbnail-box\" >\n\t\t\t\t        <div class=\"ngg-gallery-thumbnail\">\n            <a href=\"https:\/\/www.freimarianne.ch\/wp-content\/gallery\/imihubel-16-4-13\/img_3595.jpg\"\n               title=\"\"\n               data-src=\"https:\/\/www.freimarianne.ch\/wp-content\/gallery\/imihubel-16-4-13\/img_3595.jpg\"\n               data-thumbnail=\"https:\/\/www.freimarianne.ch\/wp-content\/gallery\/imihubel-16-4-13\/thumbs\/thumbs_img_3595.jpg\"\n               data-image-id=\"6538\"\n               data-title=\"img_3595\"\n               data-description=\"\"\n               data-image-slug=\"img_3595\"\n               class=\"shutterset_eb21e6170186991451e609af4618bdd1\">\n                <img\n                    title=\"img_3595\"\n                    alt=\"img_3595\"\n                    src=\"https:\/\/www.freimarianne.ch\/wp-content\/gallery\/imihubel-16-4-13\/cache\/img_3595.jpg-nggid046538-ngg0dyn-100x75x100-00f0w010c010r110f110r010t010.jpg\"\n                    width=\"100\"\n                    height=\"71\"\n                    style=\"max-width:100%;\"\n                \/>\n            <\/a>\n        <\/div>\n\t\t\t\t\t\t\t<\/div> \n\t\t\t\n                                    <br style=\"clear: both\" \/>\n                    \n\t\t\t\t<div id=\"ngg-image-4\" class=\"ngg-gallery-thumbnail-box\" >\n\t\t\t\t        <div class=\"ngg-gallery-thumbnail\">\n            <a href=\"https:\/\/www.freimarianne.ch\/wp-content\/gallery\/imihubel-16-4-13\/img_3599.jpg\"\n               title=\"\"\n               data-src=\"https:\/\/www.freimarianne.ch\/wp-content\/gallery\/imihubel-16-4-13\/img_3599.jpg\"\n               data-thumbnail=\"https:\/\/www.freimarianne.ch\/wp-content\/gallery\/imihubel-16-4-13\/thumbs\/thumbs_img_3599.jpg\"\n               data-image-id=\"6539\"\n               data-title=\"img_3599\"\n               data-description=\"\"\n               data-image-slug=\"img_3599-2\"\n               class=\"shutterset_eb21e6170186991451e609af4618bdd1\">\n                <img\n                    title=\"img_3599\"\n                    alt=\"img_3599\"\n                    src=\"https:\/\/www.freimarianne.ch\/wp-content\/gallery\/imihubel-16-4-13\/cache\/img_3599.jpg-nggid046539-ngg0dyn-100x75x100-00f0w010c010r110f110r010t010.jpg\"\n                    width=\"100\"\n                    height=\"55\"\n                    style=\"max-width:100%;\"\n                \/>\n            <\/a>\n        <\/div>\n\t\t\t\t\t\t\t<\/div> \n\t\t\t\n                            \n\t\t\t\t<div id=\"ngg-image-5\" class=\"ngg-gallery-thumbnail-box\" >\n\t\t\t\t        <div class=\"ngg-gallery-thumbnail\">\n            <a href=\"https:\/\/www.freimarianne.ch\/wp-content\/gallery\/imihubel-16-4-13\/img_3601.jpg\"\n               title=\"\"\n               data-src=\"https:\/\/www.freimarianne.ch\/wp-content\/gallery\/imihubel-16-4-13\/img_3601.jpg\"\n               data-thumbnail=\"https:\/\/www.freimarianne.ch\/wp-content\/gallery\/imihubel-16-4-13\/thumbs\/thumbs_img_3601.jpg\"\n               data-image-id=\"6540\"\n               data-title=\"img_3601\"\n               data-description=\"\"\n               data-image-slug=\"img_3601-2\"\n               class=\"shutterset_eb21e6170186991451e609af4618bdd1\">\n                <img\n                    title=\"img_3601\"\n                    alt=\"img_3601\"\n                    src=\"https:\/\/www.freimarianne.ch\/wp-content\/gallery\/imihubel-16-4-13\/cache\/img_3601.jpg-nggid046540-ngg0dyn-100x75x100-00f0w010c010r110f110r010t010.jpg\"\n                    width=\"100\"\n                    height=\"75\"\n                    style=\"max-width:100%;\"\n                \/>\n            <\/a>\n        <\/div>\n\t\t\t\t\t\t\t<\/div> \n\t\t\t\n                            \n\t\t\t\t<div id=\"ngg-image-6\" class=\"ngg-gallery-thumbnail-box\" >\n\t\t\t\t        <div class=\"ngg-gallery-thumbnail\">\n            <a href=\"https:\/\/www.freimarianne.ch\/wp-content\/gallery\/imihubel-16-4-13\/img_3602.jpg\"\n               title=\"\"\n               data-src=\"https:\/\/www.freimarianne.ch\/wp-content\/gallery\/imihubel-16-4-13\/img_3602.jpg\"\n               data-thumbnail=\"https:\/\/www.freimarianne.ch\/wp-content\/gallery\/imihubel-16-4-13\/thumbs\/thumbs_img_3602.jpg\"\n               data-image-id=\"6541\"\n               data-title=\"img_3602\"\n               data-description=\"\"\n               data-image-slug=\"img_3602-2\"\n               class=\"shutterset_eb21e6170186991451e609af4618bdd1\">\n                <img\n                    title=\"img_3602\"\n                    alt=\"img_3602\"\n                    src=\"https:\/\/www.freimarianne.ch\/wp-content\/gallery\/imihubel-16-4-13\/cache\/img_3602.jpg-nggid046541-ngg0dyn-100x75x100-00f0w010c010r110f110r010t010.jpg\"\n                    width=\"100\"\n                    height=\"75\"\n                    style=\"max-width:100%;\"\n                \/>\n            <\/a>\n        <\/div>\n\t\t\t\t\t\t\t<\/div> \n\t\t\t\n                            \n\t\t\n\t\t<!-- Pagination -->\n\t<div class='ngg-clear'><\/div>\t<\/div>\n<\/p>\n","protected":false},"excerpt":{"rendered":"<p>Fr\u00fchlingswanderung mit dem Akzentforum von Zimmerwald auf den Imihubel- B\u00fctschelegg und hinunter nach Toffen im G\u00fcrbetal. Der Fr\u00fchling hat nun doch Einzug gehalten und wir konnten unsere Wanderung am Ersatzdatum durchf\u00fchren. Wir waren leider nur eine kleine Gruppe. Wir beginnen unsere Wanderung in Zimmerwald 856m, einem Dorf auf dem L\u00e4ngenberg bei Bern. Ein sch\u00f6nes Panorama [&hellip;]<\/p>\n","protected":false},"author":1,"featured_media":0,"parent":3720,"menu_order":4,"comment_status":"closed","ping_status":"closed","template":"","meta":{"ngg_post_thumbnail":0},"_links":{"self":[{"href":"https:\/\/www.freimarianne.ch\/index.php?rest_route=\/wp\/v2\/pages\/3766"}],"collection":[{"href":"https:\/\/www.freimarianne.ch\/index.php?rest_route=\/wp\/v2\/pages"}],"about":[{"href":"https:\/\/www.freimarianne.ch\/index.php?rest_route=\/wp\/v2\/types\/page"}],"author":[{"embeddable":true,"href":"https:\/\/www.freimarianne.ch\/index.php?rest_route=\/wp\/v2\/users\/1"}],"replies":[{"embeddable":true,"href":"https:\/\/www.freimarianne.ch\/index.php?rest_route=%2Fwp%2Fv2%2Fcomments&post=3766"}],"version-history":[{"count":9,"href":"https:\/\/www.freimarianne.ch\/index.php?rest_route=\/wp\/v2\/pages\/3766\/revisions"}],"predecessor-version":[{"id":3782,"href":"https:\/\/www.freimarianne.ch\/index.php?rest_route=\/wp\/v2\/pages\/3766\/revisions\/3782"}],"up":[{"embeddable":true,"href":"https:\/\/www.freimarianne.ch\/index.php?rest_route=\/wp\/v2\/pages\/3720"}],"wp:attachment":[{"href":"https:\/\/www.freimarianne.ch\/index.php?rest_route=%2Fwp%2Fv2%2Fmedia&parent=3766"}],"curies":[{"name":"wp","href":"https:\/\/api.w.org\/{rel}","templated":true}]}}