{"id":37692,"date":"2019-07-24T14:43:15","date_gmt":"2019-07-24T13:43:15","guid":{"rendered":"http:\/\/www.freimarianne.ch\/?page_id=37692"},"modified":"2019-07-24T14:58:54","modified_gmt":"2019-07-24T13:58:54","slug":"bantiger-be-23-7-2019","status":"publish","type":"page","link":"https:\/\/www.freimarianne.ch\/?page_id=37692","title":{"rendered":"Bantiger  BE  23.7.2019"},"content":{"rendered":"<p><strong>Wanderung auf den Bantiger Fernsehturm<\/strong><br \/>\nmit der Gruppe &#8220;Alpenblick<\/p>\n<p><img loading=\"lazy\" class=\"size-full wp-image-37682\" src=\"http:\/\/www.freimarianne.ch\/wp-content\/uploads\/2019\/07\/IMG_1937._bantiger_500.jpg\" alt=\"\" width=\"500\" height=\"333\" srcset=\"https:\/\/www.freimarianne.ch\/wp-content\/uploads\/2019\/07\/IMG_1937._bantiger_500.jpg 500w, https:\/\/www.freimarianne.ch\/wp-content\/uploads\/2019\/07\/IMG_1937._bantiger_500-300x200.jpg 300w, https:\/\/www.freimarianne.ch\/wp-content\/uploads\/2019\/07\/IMG_1937._bantiger_500-450x300.jpg 450w\" sizes=\"(max-width: 500px) 100vw, 500px\" \/><\/p>\n<p>Blick zur\u00fcck auf den Bantiger<\/p>\n<p>Heute findet die Ersatzwanderung f\u00fcr die \u201eGibel\u201c Wanderung statt und zwar f\u00fchrt diese nun zum Bantiger Fernsehturm bei Bern.<br \/>\nEs ist erstaunlich wie man auch in Stadtn\u00e4he eine Wanderung findet, die meist \u00fcber Wanderwege durch Wiesen, an Bauernh\u00f6fen vorbei und im schattigen Wald hinauf zum Turm f\u00fchrt, den wir schon so oft vom Zug aus gesehen haben. Es ist heute sehr heiss und wir sind froh, dass wir oben beim Turm am Waldrand am Schatten sitzen k\u00f6nnen, wo die Hitze noch ertr\u00e4glich ist. Bei diesem Wetter kann man nat\u00fcrlich keine gute Panoramasicht vom Turm aus erwarten! Dazu muss man noch einmal im Herbst hier hinaufkommen.<br \/>\nDie sch\u00f6ne Wanderung endet, wo sie auch begonnen hat und zwar im Gartenrestauran Sternen in Bolligen!<br \/>\nHerzlichen Dank an Brigitte f\u00fcr die Planung und Durchf\u00fchrung dieser Wanderung.<\/p>\n<p>Laut Schweizmobil:<br \/>\nDistanz: 7.50 Km; Aufstieg=Abstieg: 417m; Wanderzeit:2h 31 min<\/p>\n<p><a href=\"https:\/\/map.schweizmobil.ch\/?lang=de&amp;bgLayer=pk&amp;logo=yes&amp;season=summer&amp;resolution=2.5&amp;E=2605662&amp;N=1202941&amp;layers=Station&amp;trackId=5791662\">Karte Schweizmobil:<\/a><\/p>\n<p><!-- index.php -->\n<div\n\tclass=\"ngg-galleryoverview ngg-ajax-pagination-none\"\n\tid=\"ngg-gallery-37778-1\">\n\n    \t<div class=\"slideshowlink\">\n        <a href='https:\/\/www.freimarianne.ch\/index.php\/nggallery\/slideshow?page_id=37692'>[Show as slideshow]<\/a>\n\t\t\n\t<\/div>\n\t\t\t<!-- Thumbnails -->\n\t\t\t\t<div id=\"ngg-image-0\" class=\"ngg-gallery-thumbnail-box\" >\n\t\t\t\t        <div class=\"ngg-gallery-thumbnail\">\n            <a href=\"https:\/\/www.freimarianne.ch\/wp-content\/gallery\/bantiger-23-7-19\/IMG_1922.jpg\"\n               title=\"unterwegs gegen Bantigen\"\n               data-src=\"https:\/\/www.freimarianne.ch\/wp-content\/gallery\/bantiger-23-7-19\/IMG_1922.jpg\"\n               data-thumbnail=\"https:\/\/www.freimarianne.ch\/wp-content\/gallery\/bantiger-23-7-19\/thumbs\/thumbs_IMG_1922.jpg\"\n               data-image-id=\"21118\"\n               data-title=\"unterwegs gegen Bantigen\"\n               data-description=\"unterwegs gegen Bantigen\"\n               data-image-slug=\"img_1922-2\"\n               class=\"shutterset_37778\">\n                <img\n                    title=\"unterwegs gegen Bantigen\"\n                    alt=\"unterwegs gegen Bantigen\"\n                    src=\"https:\/\/www.freimarianne.ch\/wp-content\/gallery\/bantiger-23-7-19\/thumbs\/thumbs_IMG_1922.jpg\"\n                    width=\"100\"\n                    height=\"75\"\n                    style=\"max-width:100%;\"\n                \/>\n            <\/a>\n        <\/div>\n\t\t\t\t\t\t\t<\/div> \n\t\t\t\n        \n\t\t\t\t<div id=\"ngg-image-1\" class=\"ngg-gallery-thumbnail-box\" >\n\t\t\t\t        <div class=\"ngg-gallery-thumbnail\">\n            <a href=\"https:\/\/www.freimarianne.ch\/wp-content\/gallery\/bantiger-23-7-19\/IMG_1923.jpg\"\n               title=\"Bauernhaus bei Bantigen\"\n               data-src=\"https:\/\/www.freimarianne.ch\/wp-content\/gallery\/bantiger-23-7-19\/IMG_1923.jpg\"\n               data-thumbnail=\"https:\/\/www.freimarianne.ch\/wp-content\/gallery\/bantiger-23-7-19\/thumbs\/thumbs_IMG_1923.jpg\"\n               data-image-id=\"21117\"\n               data-title=\"Bauernhaus bei Bantigen\"\n               data-description=\"Bauernhaus bei Bantigen\"\n               data-image-slug=\"img_1923-4\"\n               class=\"shutterset_37778\">\n                <img\n                    title=\"Bauernhaus bei Bantigen\"\n                    alt=\"Bauernhaus bei Bantigen\"\n                    src=\"https:\/\/www.freimarianne.ch\/wp-content\/gallery\/bantiger-23-7-19\/thumbs\/thumbs_IMG_1923.jpg\"\n                    width=\"100\"\n                    height=\"75\"\n                    style=\"max-width:100%;\"\n                \/>\n            <\/a>\n        <\/div>\n\t\t\t\t\t\t\t<\/div> \n\t\t\t\n        \n\t\t\t\t<div id=\"ngg-image-2\" class=\"ngg-gallery-thumbnail-box\" >\n\t\t\t\t        <div class=\"ngg-gallery-thumbnail\">\n            <a href=\"https:\/\/www.freimarianne.ch\/wp-content\/gallery\/bantiger-23-7-19\/IMG_1925.jpg\"\n               title=\"und schon sind wir im Gr\u00fcnen\"\n               data-src=\"https:\/\/www.freimarianne.ch\/wp-content\/gallery\/bantiger-23-7-19\/IMG_1925.jpg\"\n               data-thumbnail=\"https:\/\/www.freimarianne.ch\/wp-content\/gallery\/bantiger-23-7-19\/thumbs\/thumbs_IMG_1925.jpg\"\n               data-image-id=\"21116\"\n               data-title=\"und schon sind wir im Gr\u00c3\u00bcnen\"\n               data-description=\"und schon sind wir im Gr\u00fcnen\"\n               data-image-slug=\"img_1925\"\n               class=\"shutterset_37778\">\n                <img\n                    title=\"und schon sind wir im Gr\u00c3\u00bcnen\"\n                    alt=\"und schon sind wir im Gr\u00c3\u00bcnen\"\n                    src=\"https:\/\/www.freimarianne.ch\/wp-content\/gallery\/bantiger-23-7-19\/thumbs\/thumbs_IMG_1925.jpg\"\n                    width=\"100\"\n                    height=\"75\"\n                    style=\"max-width:100%;\"\n                \/>\n            <\/a>\n        <\/div>\n\t\t\t\t\t\t\t<\/div> \n\t\t\t\n        \n\t\t\t\t<div id=\"ngg-image-3\" class=\"ngg-gallery-thumbnail-box\" >\n\t\t\t\t        <div class=\"ngg-gallery-thumbnail\">\n            <a href=\"https:\/\/www.freimarianne.ch\/wp-content\/gallery\/bantiger-23-7-19\/IMG_1927.jpg\"\n               title=\"Blick zur\u00fcck auf Bantigen\"\n               data-src=\"https:\/\/www.freimarianne.ch\/wp-content\/gallery\/bantiger-23-7-19\/IMG_1927.jpg\"\n               data-thumbnail=\"https:\/\/www.freimarianne.ch\/wp-content\/gallery\/bantiger-23-7-19\/thumbs\/thumbs_IMG_1927.jpg\"\n               data-image-id=\"21115\"\n               data-title=\"Blick zur\u00c3\u00bcck auf Bantigen\"\n               data-description=\"Blick zur\u00fcck auf Bantigen\"\n               data-image-slug=\"img_1927-1\"\n               class=\"shutterset_37778\">\n                <img\n                    title=\"Blick zur\u00c3\u00bcck auf Bantigen\"\n                    alt=\"Blick zur\u00c3\u00bcck auf Bantigen\"\n                    src=\"https:\/\/www.freimarianne.ch\/wp-content\/gallery\/bantiger-23-7-19\/thumbs\/thumbs_IMG_1927.jpg\"\n                    width=\"100\"\n                    height=\"75\"\n                    style=\"max-width:100%;\"\n                \/>\n            <\/a>\n        <\/div>\n\t\t\t\t\t\t\t<\/div> \n\t\t\t\n        \n\t\t\t\t<div id=\"ngg-image-4\" class=\"ngg-gallery-thumbnail-box\" >\n\t\t\t\t        <div class=\"ngg-gallery-thumbnail\">\n            <a href=\"https:\/\/www.freimarianne.ch\/wp-content\/gallery\/bantiger-23-7-19\/IMG_1928.jpg\"\n               title=\"unterwegs\"\n               data-src=\"https:\/\/www.freimarianne.ch\/wp-content\/gallery\/bantiger-23-7-19\/IMG_1928.jpg\"\n               data-thumbnail=\"https:\/\/www.freimarianne.ch\/wp-content\/gallery\/bantiger-23-7-19\/thumbs\/thumbs_IMG_1928.jpg\"\n               data-image-id=\"21114\"\n               data-title=\"unterwegs\"\n               data-description=\"unterwegs\"\n               data-image-slug=\"img_1928-7\"\n               class=\"shutterset_37778\">\n                <img\n                    title=\"unterwegs\"\n                    alt=\"unterwegs\"\n                    src=\"https:\/\/www.freimarianne.ch\/wp-content\/gallery\/bantiger-23-7-19\/thumbs\/thumbs_IMG_1928.jpg\"\n                    width=\"100\"\n                    height=\"75\"\n                    style=\"max-width:100%;\"\n                \/>\n            <\/a>\n        <\/div>\n\t\t\t\t\t\t\t<\/div> \n\t\t\t\n        \n\t\t\t\t<div id=\"ngg-image-5\" class=\"ngg-gallery-thumbnail-box\" >\n\t\t\t\t        <div class=\"ngg-gallery-thumbnail\">\n            <a href=\"https:\/\/www.freimarianne.ch\/wp-content\/gallery\/bantiger-23-7-19\/IMG_1933.jpg\"\n               title=\"Abstieg vom Bantiger\"\n               data-src=\"https:\/\/www.freimarianne.ch\/wp-content\/gallery\/bantiger-23-7-19\/IMG_1933.jpg\"\n               data-thumbnail=\"https:\/\/www.freimarianne.ch\/wp-content\/gallery\/bantiger-23-7-19\/thumbs\/thumbs_IMG_1933.jpg\"\n               data-image-id=\"21113\"\n               data-title=\"Abstieg vom Bantiger\"\n               data-description=\"Abstieg vom Bantiger\"\n               data-image-slug=\"img_1933\"\n               class=\"shutterset_37778\">\n                <img\n                    title=\"Abstieg vom Bantiger\"\n                    alt=\"Abstieg vom Bantiger\"\n                    src=\"https:\/\/www.freimarianne.ch\/wp-content\/gallery\/bantiger-23-7-19\/thumbs\/thumbs_IMG_1933.jpg\"\n                    width=\"100\"\n                    height=\"75\"\n                    style=\"max-width:100%;\"\n                \/>\n            <\/a>\n        <\/div>\n\t\t\t\t\t\t\t<\/div> \n\t\t\t\n        \n\t\t\t\t<div id=\"ngg-image-6\" class=\"ngg-gallery-thumbnail-box\" >\n\t\t\t\t        <div class=\"ngg-gallery-thumbnail\">\n            <a href=\"https:\/\/www.freimarianne.ch\/wp-content\/gallery\/bantiger-23-7-19\/IMG_1939.jpg\"\n               title=\"Blick auf den Gurten\"\n               data-src=\"https:\/\/www.freimarianne.ch\/wp-content\/gallery\/bantiger-23-7-19\/IMG_1939.jpg\"\n               data-thumbnail=\"https:\/\/www.freimarianne.ch\/wp-content\/gallery\/bantiger-23-7-19\/thumbs\/thumbs_IMG_1939.jpg\"\n               data-image-id=\"21112\"\n               data-title=\"Blick auf den Gurten\"\n               data-description=\"Blick auf den Gurten\"\n               data-image-slug=\"img_1939-5\"\n               class=\"shutterset_37778\">\n                <img\n                    title=\"Blick auf den Gurten\"\n                    alt=\"Blick auf den Gurten\"\n                    src=\"https:\/\/www.freimarianne.ch\/wp-content\/gallery\/bantiger-23-7-19\/thumbs\/thumbs_IMG_1939.jpg\"\n                    width=\"100\"\n                    height=\"75\"\n                    style=\"max-width:100%;\"\n                \/>\n            <\/a>\n        <\/div>\n\t\t\t\t\t\t\t<\/div> \n\t\t\t\n        \n\t\t\t\t<div id=\"ngg-image-7\" class=\"ngg-gallery-thumbnail-box\" >\n\t\t\t\t        <div class=\"ngg-gallery-thumbnail\">\n            <a href=\"https:\/\/www.freimarianne.ch\/wp-content\/gallery\/bantiger-23-7-19\/IMG_1940.jpg\"\n               title=\"wir kommen gegen Bantigen\"\n               data-src=\"https:\/\/www.freimarianne.ch\/wp-content\/gallery\/bantiger-23-7-19\/IMG_1940.jpg\"\n               data-thumbnail=\"https:\/\/www.freimarianne.ch\/wp-content\/gallery\/bantiger-23-7-19\/thumbs\/thumbs_IMG_1940.jpg\"\n               data-image-id=\"21111\"\n               data-title=\"wir kommen gegen Bantigen\"\n               data-description=\"wir kommen gegen Bantigen\"\n               data-image-slug=\"img_1940-3\"\n               class=\"shutterset_37778\">\n                <img\n                    title=\"wir kommen gegen Bantigen\"\n                    alt=\"wir kommen gegen Bantigen\"\n                    src=\"https:\/\/www.freimarianne.ch\/wp-content\/gallery\/bantiger-23-7-19\/thumbs\/thumbs_IMG_1940.jpg\"\n                    width=\"100\"\n                    height=\"75\"\n                    style=\"max-width:100%;\"\n                \/>\n            <\/a>\n        <\/div>\n\t\t\t\t\t\t\t<\/div> \n\t\t\t\n        \n\t\t\t\t<div id=\"ngg-image-8\" class=\"ngg-gallery-thumbnail-box\" >\n\t\t\t\t        <div class=\"ngg-gallery-thumbnail\">\n            <a href=\"https:\/\/www.freimarianne.ch\/wp-content\/gallery\/bantiger-23-7-19\/IMG_1944.jpg\"\n               title=\"Blick ins Gr\u00fcne\"\n               data-src=\"https:\/\/www.freimarianne.ch\/wp-content\/gallery\/bantiger-23-7-19\/IMG_1944.jpg\"\n               data-thumbnail=\"https:\/\/www.freimarianne.ch\/wp-content\/gallery\/bantiger-23-7-19\/thumbs\/thumbs_IMG_1944.jpg\"\n               data-image-id=\"21110\"\n               data-title=\"Blick ins Gr\u00c3\u00bcne\"\n               data-description=\"Blick ins Gr\u00fcne\"\n               data-image-slug=\"img_1944-1\"\n               class=\"shutterset_37778\">\n                <img\n                    title=\"Blick ins Gr\u00c3\u00bcne\"\n                    alt=\"Blick ins Gr\u00c3\u00bcne\"\n                    src=\"https:\/\/www.freimarianne.ch\/wp-content\/gallery\/bantiger-23-7-19\/thumbs\/thumbs_IMG_1944.jpg\"\n                    width=\"100\"\n                    height=\"75\"\n                    style=\"max-width:100%;\"\n                \/>\n            <\/a>\n        <\/div>\n\t\t\t\t\t\t\t<\/div> \n\t\t\t\n        \n\t\t\n\t\t<!-- Pagination -->\n\t<div class='ngg-clear'><\/div>\t<\/div>\n<\/p>\n","protected":false},"excerpt":{"rendered":"<p>Wanderung auf den Bantiger Fernsehturm mit der Gruppe &#8220;Alpenblick Blick zur\u00fcck auf den Bantiger Heute findet die Ersatzwanderung f\u00fcr die \u201eGibel\u201c Wanderung statt und zwar f\u00fchrt diese nun zum Bantiger Fernsehturm bei Bern. Es ist erstaunlich wie man auch in Stadtn\u00e4he eine Wanderung findet, die meist \u00fcber Wanderwege durch Wiesen, an Bauernh\u00f6fen vorbei und im [&hellip;]<\/p>\n","protected":false},"author":1,"featured_media":0,"parent":37187,"menu_order":13,"comment_status":"closed","ping_status":"closed","template":"","meta":{"ngg_post_thumbnail":0},"_links":{"self":[{"href":"https:\/\/www.freimarianne.ch\/index.php?rest_route=\/wp\/v2\/pages\/37692"}],"collection":[{"href":"https:\/\/www.freimarianne.ch\/index.php?rest_route=\/wp\/v2\/pages"}],"about":[{"href":"https:\/\/www.freimarianne.ch\/index.php?rest_route=\/wp\/v2\/types\/page"}],"author":[{"embeddable":true,"href":"https:\/\/www.freimarianne.ch\/index.php?rest_route=\/wp\/v2\/users\/1"}],"replies":[{"embeddable":true,"href":"https:\/\/www.freimarianne.ch\/index.php?rest_route=%2Fwp%2Fv2%2Fcomments&post=37692"}],"version-history":[{"count":5,"href":"https:\/\/www.freimarianne.ch\/index.php?rest_route=\/wp\/v2\/pages\/37692\/revisions"}],"predecessor-version":[{"id":37780,"href":"https:\/\/www.freimarianne.ch\/index.php?rest_route=\/wp\/v2\/pages\/37692\/revisions\/37780"}],"up":[{"embeddable":true,"href":"https:\/\/www.freimarianne.ch\/index.php?rest_route=\/wp\/v2\/pages\/37187"}],"wp:attachment":[{"href":"https:\/\/www.freimarianne.ch\/index.php?rest_route=%2Fwp%2Fv2%2Fmedia&parent=37692"}],"curies":[{"name":"wp","href":"https:\/\/api.w.org\/{rel}","templated":true}]}}