{"id":38525,"date":"2019-09-15T10:41:19","date_gmt":"2019-09-15T09:41:19","guid":{"rendered":"http:\/\/www.freimarianne.ch\/?page_id=38525"},"modified":"2019-09-15T10:54:37","modified_gmt":"2019-09-15T09:54:37","slug":"zermatt-vs-12-9-2019","status":"publish","type":"page","link":"https:\/\/www.freimarianne.ch\/?page_id=38525","title":{"rendered":"Zermatt   VS  12.9.2019"},"content":{"rendered":"<p><strong>Zermatt &#8211; Furi &#8211; Zmutt &#8211; Zermatt<\/strong><\/p>\n<div id=\"attachment_38518\" style=\"width: 510px\" class=\"wp-caption alignleft\"><img aria-describedby=\"caption-attachment-38518\" loading=\"lazy\" class=\"size-full wp-image-38518\" src=\"http:\/\/www.freimarianne.ch\/wp-content\/uploads\/2019\/09\/IMG_3083_zermatt500.jpg\" alt=\"\" width=\"500\" height=\"333\" srcset=\"https:\/\/www.freimarianne.ch\/wp-content\/uploads\/2019\/09\/IMG_3083_zermatt500.jpg 500w, https:\/\/www.freimarianne.ch\/wp-content\/uploads\/2019\/09\/IMG_3083_zermatt500-300x200.jpg 300w, https:\/\/www.freimarianne.ch\/wp-content\/uploads\/2019\/09\/IMG_3083_zermatt500-450x300.jpg 450w\" sizes=\"(max-width: 500px) 100vw, 500px\" \/><p id=\"caption-attachment-38518\" class=\"wp-caption-text\">in Blatten 1740m; Matterhorn 4478m<\/p><\/div>\n<p>Wir verbringen einen pr\u00e4chtigen Sp\u00e4tsommertag in Zermatt.<br \/>\nWir wandern auf dem sch\u00f6nen Wanderweg \u00fcber Blatten und Zum See hinauf nach Furi. Von dort steigen wir noch etwas auf, um dann auf einer Br\u00fccke hinten im Tal nach Zmutt zu gelangen, wo wir einkehren und die Ferien Stimmung geniessen. Auf einem sch\u00f6nen Wanderweg gelangen wir wieder hinunter nach Zermatt.<br \/>\nLeider habe ich bei dieser leichten Wanderung Probleme mit dem Knie gehabt.<\/p>\n<p>Laut Schweizmobil:<br \/>\nDistanz: 9.19km; Aufstieg=Abstieg:426m; Wanderzeit: 2h 48 min<\/p>\n<p><a href=\"https:\/\/map.schweizmobil.ch\/?lang=de&amp;bgLayer=pk&amp;logo=yes&amp;season=summer&amp;resolution=5&amp;E=2622646&amp;N=1095759&amp;layers=Wanderland%2CStation&amp;trackId=6063975\">Karte Schweizmobil:<\/a><\/p>\n<p><!-- index.php -->\n<div\n\tclass=\"ngg-galleryoverview ngg-ajax-pagination-none\"\n\tid=\"ngg-gallery-38610-1\">\n\n    \t<div class=\"slideshowlink\">\n        <a href='https:\/\/www.freimarianne.ch\/index.php\/nggallery\/slideshow?page_id=38525'>[Show as slideshow]<\/a>\n\t\t\n\t<\/div>\n\t\t\t<!-- Thumbnails -->\n\t\t\t\t<div id=\"ngg-image-0\" class=\"ngg-gallery-thumbnail-box\" >\n\t\t\t\t        <div class=\"ngg-gallery-thumbnail\">\n            <a href=\"https:\/\/www.freimarianne.ch\/wp-content\/gallery\/zermatt-12-19-19\/IMG_3066.jpg\"\n               title=\"Matterhorn 4478m\"\n               data-src=\"https:\/\/www.freimarianne.ch\/wp-content\/gallery\/zermatt-12-19-19\/IMG_3066.jpg\"\n               data-thumbnail=\"https:\/\/www.freimarianne.ch\/wp-content\/gallery\/zermatt-12-19-19\/thumbs\/thumbs_IMG_3066.jpg\"\n               data-image-id=\"21438\"\n               data-title=\"Matterhorn 4478m\"\n               data-description=\"Matterhorn 4478m\"\n               data-image-slug=\"img_3066-4\"\n               class=\"shutterset_38610\">\n                <img\n                    title=\"Matterhorn 4478m\"\n                    alt=\"Matterhorn 4478m\"\n                    src=\"https:\/\/www.freimarianne.ch\/wp-content\/gallery\/zermatt-12-19-19\/thumbs\/thumbs_IMG_3066.jpg\"\n                    width=\"100\"\n                    height=\"75\"\n                    style=\"max-width:100%;\"\n                \/>\n            <\/a>\n        <\/div>\n\t\t\t\t\t\t\t<\/div> \n\t\t\t\n        \n\t\t\t\t<div id=\"ngg-image-1\" class=\"ngg-gallery-thumbnail-box\" >\n\t\t\t\t        <div class=\"ngg-gallery-thumbnail\">\n            <a href=\"https:\/\/www.freimarianne.ch\/wp-content\/gallery\/zermatt-12-19-19\/IMG_3077.jpg\"\n               title=\"in Blatten  1740m; Matterhorn 4478m\"\n               data-src=\"https:\/\/www.freimarianne.ch\/wp-content\/gallery\/zermatt-12-19-19\/IMG_3077.jpg\"\n               data-thumbnail=\"https:\/\/www.freimarianne.ch\/wp-content\/gallery\/zermatt-12-19-19\/thumbs\/thumbs_IMG_3077.jpg\"\n               data-image-id=\"21439\"\n               data-title=\"in Blatten  1740m; Matterhorn 4478m\"\n               data-description=\"in Blatten  1740m; Matterhorn 4478m\"\n               data-image-slug=\"img_3077-2\"\n               class=\"shutterset_38610\">\n                <img\n                    title=\"in Blatten  1740m; Matterhorn 4478m\"\n                    alt=\"in Blatten  1740m; Matterhorn 4478m\"\n                    src=\"https:\/\/www.freimarianne.ch\/wp-content\/gallery\/zermatt-12-19-19\/thumbs\/thumbs_IMG_3077.jpg\"\n                    width=\"100\"\n                    height=\"75\"\n                    style=\"max-width:100%;\"\n                \/>\n            <\/a>\n        <\/div>\n\t\t\t\t\t\t\t<\/div> \n\t\t\t\n        \n\t\t\t\t<div id=\"ngg-image-2\" class=\"ngg-gallery-thumbnail-box\" >\n\t\t\t\t        <div class=\"ngg-gallery-thumbnail\">\n            <a href=\"https:\/\/www.freimarianne.ch\/wp-content\/gallery\/zermatt-12-19-19\/IMG_3081.jpg\"\n               title=\"in Blatten  1740m; Matterhorn 4478m\"\n               data-src=\"https:\/\/www.freimarianne.ch\/wp-content\/gallery\/zermatt-12-19-19\/IMG_3081.jpg\"\n               data-thumbnail=\"https:\/\/www.freimarianne.ch\/wp-content\/gallery\/zermatt-12-19-19\/thumbs\/thumbs_IMG_3081.jpg\"\n               data-image-id=\"21440\"\n               data-title=\"Version 2\"\n               data-description=\"in Blatten  1740m; Matterhorn 4478m\"\n               data-image-slug=\"img_3081-3\"\n               class=\"shutterset_38610\">\n                <img\n                    title=\"Version 2\"\n                    alt=\"Version 2\"\n                    src=\"https:\/\/www.freimarianne.ch\/wp-content\/gallery\/zermatt-12-19-19\/thumbs\/thumbs_IMG_3081.jpg\"\n                    width=\"100\"\n                    height=\"75\"\n                    style=\"max-width:100%;\"\n                \/>\n            <\/a>\n        <\/div>\n\t\t\t\t\t\t\t<\/div> \n\t\t\t\n        \n\t\t\t\t<div id=\"ngg-image-3\" class=\"ngg-gallery-thumbnail-box\" >\n\t\t\t\t        <div class=\"ngg-gallery-thumbnail\">\n            <a href=\"https:\/\/www.freimarianne.ch\/wp-content\/gallery\/zermatt-12-19-19\/IMG_3085.jpg\"\n               title=\"Blatten  1740m; T\u00e4schorn, Dom, vo Rothorn 3103m; hi Rimpfischhorn 4199m\"\n               data-src=\"https:\/\/www.freimarianne.ch\/wp-content\/gallery\/zermatt-12-19-19\/IMG_3085.jpg\"\n               data-thumbnail=\"https:\/\/www.freimarianne.ch\/wp-content\/gallery\/zermatt-12-19-19\/thumbs\/thumbs_IMG_3085.jpg\"\n               data-image-id=\"21441\"\n               data-title=\"Blatten  1740m; T\u00c3\u00a4schorn, Dom, vo Rothorn 3103m; hi Rimpfischhorn 4199m\"\n               data-description=\"Blatten  1740m; T\u00e4schorn, Dom, vo Rothorn 3103m; hi Rimpfischhorn 4199m\"\n               data-image-slug=\"img_3085-4\"\n               class=\"shutterset_38610\">\n                <img\n                    title=\"Blatten  1740m; T\u00c3\u00a4schorn, Dom, vo Rothorn 3103m; hi Rimpfischhorn 4199m\"\n                    alt=\"Blatten  1740m; T\u00c3\u00a4schorn, Dom, vo Rothorn 3103m; hi Rimpfischhorn 4199m\"\n                    src=\"https:\/\/www.freimarianne.ch\/wp-content\/gallery\/zermatt-12-19-19\/thumbs\/thumbs_IMG_3085.jpg\"\n                    width=\"100\"\n                    height=\"75\"\n                    style=\"max-width:100%;\"\n                \/>\n            <\/a>\n        <\/div>\n\t\t\t\t\t\t\t<\/div> \n\t\t\t\n        \n\t\t\t\t<div id=\"ngg-image-4\" class=\"ngg-gallery-thumbnail-box\" >\n\t\t\t\t        <div class=\"ngg-gallery-thumbnail\">\n            <a href=\"https:\/\/www.freimarianne.ch\/wp-content\/gallery\/zermatt-12-19-19\/IMG_3092.jpg\"\n               title=\"Blick auf Weiler zum See 1763m\"\n               data-src=\"https:\/\/www.freimarianne.ch\/wp-content\/gallery\/zermatt-12-19-19\/IMG_3092.jpg\"\n               data-thumbnail=\"https:\/\/www.freimarianne.ch\/wp-content\/gallery\/zermatt-12-19-19\/thumbs\/thumbs_IMG_3092.jpg\"\n               data-image-id=\"21442\"\n               data-title=\"Blick auf Weiler zum See 1763m\"\n               data-description=\"Blick auf Weiler zum See 1763m\"\n               data-image-slug=\"img_3092-3\"\n               class=\"shutterset_38610\">\n                <img\n                    title=\"Blick auf Weiler zum See 1763m\"\n                    alt=\"Blick auf Weiler zum See 1763m\"\n                    src=\"https:\/\/www.freimarianne.ch\/wp-content\/gallery\/zermatt-12-19-19\/thumbs\/thumbs_IMG_3092.jpg\"\n                    width=\"100\"\n                    height=\"75\"\n                    style=\"max-width:100%;\"\n                \/>\n            <\/a>\n        <\/div>\n\t\t\t\t\t\t\t<\/div> \n\t\t\t\n        \n\t\t\t\t<div id=\"ngg-image-5\" class=\"ngg-gallery-thumbnail-box\" >\n\t\t\t\t        <div class=\"ngg-gallery-thumbnail\">\n            <a href=\"https:\/\/www.freimarianne.ch\/wp-content\/gallery\/zermatt-12-19-19\/IMG_3096.jpg\"\n               title=\"Blick auf T\u00e4schhorn, Dom und re Rothorn\"\n               data-src=\"https:\/\/www.freimarianne.ch\/wp-content\/gallery\/zermatt-12-19-19\/IMG_3096.jpg\"\n               data-thumbnail=\"https:\/\/www.freimarianne.ch\/wp-content\/gallery\/zermatt-12-19-19\/thumbs\/thumbs_IMG_3096.jpg\"\n               data-image-id=\"21443\"\n               data-title=\"Blick auf T\u00c3\u00a4schhorn, Dom und re Rothorn\"\n               data-description=\"Blick auf T\u00e4schhorn, Dom und re Rothorn\"\n               data-image-slug=\"img_3096-4\"\n               class=\"shutterset_38610\">\n                <img\n                    title=\"Blick auf T\u00c3\u00a4schhorn, Dom und re Rothorn\"\n                    alt=\"Blick auf T\u00c3\u00a4schhorn, Dom und re Rothorn\"\n                    src=\"https:\/\/www.freimarianne.ch\/wp-content\/gallery\/zermatt-12-19-19\/thumbs\/thumbs_IMG_3096.jpg\"\n                    width=\"100\"\n                    height=\"75\"\n                    style=\"max-width:100%;\"\n                \/>\n            <\/a>\n        <\/div>\n\t\t\t\t\t\t\t<\/div> \n\t\t\t\n        \n\t\t\t\t<div id=\"ngg-image-6\" class=\"ngg-gallery-thumbnail-box\" >\n\t\t\t\t        <div class=\"ngg-gallery-thumbnail\">\n            <a href=\"https:\/\/www.freimarianne.ch\/wp-content\/gallery\/zermatt-12-19-19\/IMG_3100.jpg\"\n               title=\"Zmutt 1915m; vo Rothorn 3103m; hi Rimpfischhorn 4199m, Strahlhorn 4190m, Adlerhorn 3988m\"\n               data-src=\"https:\/\/www.freimarianne.ch\/wp-content\/gallery\/zermatt-12-19-19\/IMG_3100.jpg\"\n               data-thumbnail=\"https:\/\/www.freimarianne.ch\/wp-content\/gallery\/zermatt-12-19-19\/thumbs\/thumbs_IMG_3100.jpg\"\n               data-image-id=\"21444\"\n               data-title=\"Zmutt 1915m; vo Rothorn 3103m; hi Rimpfischhorn 4199m, Strahlhorn 4190m, Adlerhorn 3988m\"\n               data-description=\"Zmutt 1915m; vo Rothorn 3103m; hi Rimpfischhorn 4199m, Strahlhorn 4190m, Adlerhorn 3988m\"\n               data-image-slug=\"img_3100-4\"\n               class=\"shutterset_38610\">\n                <img\n                    title=\"Zmutt 1915m; vo Rothorn 3103m; hi Rimpfischhorn 4199m, Strahlhorn 4190m, Adlerhorn 3988m\"\n                    alt=\"Zmutt 1915m; vo Rothorn 3103m; hi Rimpfischhorn 4199m, Strahlhorn 4190m, Adlerhorn 3988m\"\n                    src=\"https:\/\/www.freimarianne.ch\/wp-content\/gallery\/zermatt-12-19-19\/thumbs\/thumbs_IMG_3100.jpg\"\n                    width=\"100\"\n                    height=\"75\"\n                    style=\"max-width:100%;\"\n                \/>\n            <\/a>\n        <\/div>\n\t\t\t\t\t\t\t<\/div> \n\t\t\t\n        \n\t\t\t\t<div id=\"ngg-image-7\" class=\"ngg-gallery-thumbnail-box\" >\n\t\t\t\t        <div class=\"ngg-gallery-thumbnail\">\n            <a href=\"https:\/\/www.freimarianne.ch\/wp-content\/gallery\/zermatt-12-19-19\/IMG_3105.jpg\"\n               title=\"Zmutt 1915m; Wiesen mit Herbstzeitlosen; Rimpfischhorn 4199m, Strahlhorn 4190m, Adlerhorn 3988m;\"\n               data-src=\"https:\/\/www.freimarianne.ch\/wp-content\/gallery\/zermatt-12-19-19\/IMG_3105.jpg\"\n               data-thumbnail=\"https:\/\/www.freimarianne.ch\/wp-content\/gallery\/zermatt-12-19-19\/thumbs\/thumbs_IMG_3105.jpg\"\n               data-image-id=\"21445\"\n               data-title=\"Zmutt 1915m; Wiesen mit Herbstzeitlosen; Rimpfischhorn 4199m, Strahlhorn 4190m, Adlerhorn 3988m;\"\n               data-description=\"Zmutt 1915m; Wiesen mit Herbstzeitlosen; Rimpfischhorn 4199m, Strahlhorn 4190m, Adlerhorn 3988m;\"\n               data-image-slug=\"img_3105\"\n               class=\"shutterset_38610\">\n                <img\n                    title=\"Zmutt 1915m; Wiesen mit Herbstzeitlosen; Rimpfischhorn 4199m, Strahlhorn 4190m, Adlerhorn 3988m;\"\n                    alt=\"Zmutt 1915m; Wiesen mit Herbstzeitlosen; Rimpfischhorn 4199m, Strahlhorn 4190m, Adlerhorn 3988m;\"\n                    src=\"https:\/\/www.freimarianne.ch\/wp-content\/gallery\/zermatt-12-19-19\/thumbs\/thumbs_IMG_3105.jpg\"\n                    width=\"100\"\n                    height=\"75\"\n                    style=\"max-width:100%;\"\n                \/>\n            <\/a>\n        <\/div>\n\t\t\t\t\t\t\t<\/div> \n\t\t\t\n        \n\t\t\t\t<div id=\"ngg-image-8\" class=\"ngg-gallery-thumbnail-box\" >\n\t\t\t\t        <div class=\"ngg-gallery-thumbnail\">\n            <a href=\"https:\/\/www.freimarianne.ch\/wp-content\/gallery\/zermatt-12-19-19\/IMG_3115.jpg\"\n               title=\"Blick zur\u00fcck auf Zmutt 1915m,\"\n               data-src=\"https:\/\/www.freimarianne.ch\/wp-content\/gallery\/zermatt-12-19-19\/IMG_3115.jpg\"\n               data-thumbnail=\"https:\/\/www.freimarianne.ch\/wp-content\/gallery\/zermatt-12-19-19\/thumbs\/thumbs_IMG_3115.jpg\"\n               data-image-id=\"21446\"\n               data-title=\"Blick zur\u00c3\u00bcck auf Zmutt 1915m,\"\n               data-description=\"Blick zur\u00fcck auf Zmutt 1915m,\"\n               data-image-slug=\"img_3115-1\"\n               class=\"shutterset_38610\">\n                <img\n                    title=\"Blick zur\u00c3\u00bcck auf Zmutt 1915m,\"\n                    alt=\"Blick zur\u00c3\u00bcck auf Zmutt 1915m,\"\n                    src=\"https:\/\/www.freimarianne.ch\/wp-content\/gallery\/zermatt-12-19-19\/thumbs\/thumbs_IMG_3115.jpg\"\n                    width=\"100\"\n                    height=\"75\"\n                    style=\"max-width:100%;\"\n                \/>\n            <\/a>\n        <\/div>\n\t\t\t\t\t\t\t<\/div> \n\t\t\t\n        \n\t\t\t\t<div id=\"ngg-image-9\" class=\"ngg-gallery-thumbnail-box\" >\n\t\t\t\t        <div class=\"ngg-gallery-thumbnail\">\n            <a href=\"https:\/\/www.freimarianne.ch\/wp-content\/gallery\/zermatt-12-19-19\/IMG_3116.jpg\"\n               title=\"Castor und Pollux im Zoom\"\n               data-src=\"https:\/\/www.freimarianne.ch\/wp-content\/gallery\/zermatt-12-19-19\/IMG_3116.jpg\"\n               data-thumbnail=\"https:\/\/www.freimarianne.ch\/wp-content\/gallery\/zermatt-12-19-19\/thumbs\/thumbs_IMG_3116.jpg\"\n               data-image-id=\"21447\"\n               data-title=\"Castor und Pollux im Zoom\"\n               data-description=\"Castor und Pollux im Zoom\"\n               data-image-slug=\"img_3116-1\"\n               class=\"shutterset_38610\">\n                <img\n                    title=\"Castor und Pollux im Zoom\"\n                    alt=\"Castor und Pollux im Zoom\"\n                    src=\"https:\/\/www.freimarianne.ch\/wp-content\/gallery\/zermatt-12-19-19\/thumbs\/thumbs_IMG_3116.jpg\"\n                    width=\"100\"\n                    height=\"75\"\n                    style=\"max-width:100%;\"\n                \/>\n            <\/a>\n        <\/div>\n\t\t\t\t\t\t\t<\/div> \n\t\t\t\n        \n\t\t\t\t<div id=\"ngg-image-10\" class=\"ngg-gallery-thumbnail-box\" >\n\t\t\t\t        <div class=\"ngg-gallery-thumbnail\">\n            <a href=\"https:\/\/www.freimarianne.ch\/wp-content\/gallery\/zermatt-12-19-19\/IMG_3120.jpg\"\n               title=\"Matterhorn 4478m im Gegenlicht\"\n               data-src=\"https:\/\/www.freimarianne.ch\/wp-content\/gallery\/zermatt-12-19-19\/IMG_3120.jpg\"\n               data-thumbnail=\"https:\/\/www.freimarianne.ch\/wp-content\/gallery\/zermatt-12-19-19\/thumbs\/thumbs_IMG_3120.jpg\"\n               data-image-id=\"21448\"\n               data-title=\"Version 3\"\n               data-description=\"Matterhorn 4478m im Gegenlicht\"\n               data-image-slug=\"img_3120-3\"\n               class=\"shutterset_38610\">\n                <img\n                    title=\"Version 3\"\n                    alt=\"Version 3\"\n                    src=\"https:\/\/www.freimarianne.ch\/wp-content\/gallery\/zermatt-12-19-19\/thumbs\/thumbs_IMG_3120.jpg\"\n                    width=\"100\"\n                    height=\"75\"\n                    style=\"max-width:100%;\"\n                \/>\n            <\/a>\n        <\/div>\n\t\t\t\t\t\t\t<\/div> \n\t\t\t\n        \n\t\t\t\t<div id=\"ngg-image-11\" class=\"ngg-gallery-thumbnail-box\" >\n\t\t\t\t        <div class=\"ngg-gallery-thumbnail\">\n            <a href=\"https:\/\/www.freimarianne.ch\/wp-content\/gallery\/zermatt-12-19-19\/IMG_3121.jpg\"\n               title=\"Matterhorn 4478m im Gegenlicht\"\n               data-src=\"https:\/\/www.freimarianne.ch\/wp-content\/gallery\/zermatt-12-19-19\/IMG_3121.jpg\"\n               data-thumbnail=\"https:\/\/www.freimarianne.ch\/wp-content\/gallery\/zermatt-12-19-19\/thumbs\/thumbs_IMG_3121.jpg\"\n               data-image-id=\"21449\"\n               data-title=\"Matterhorn 4478m im Gegenlicht\"\n               data-description=\"Matterhorn 4478m im Gegenlicht\"\n               data-image-slug=\"img_3121-6\"\n               class=\"shutterset_38610\">\n                <img\n                    title=\"Matterhorn 4478m im Gegenlicht\"\n                    alt=\"Matterhorn 4478m im Gegenlicht\"\n                    src=\"https:\/\/www.freimarianne.ch\/wp-content\/gallery\/zermatt-12-19-19\/thumbs\/thumbs_IMG_3121.jpg\"\n                    width=\"100\"\n                    height=\"75\"\n                    style=\"max-width:100%;\"\n                \/>\n            <\/a>\n        <\/div>\n\t\t\t\t\t\t\t<\/div> \n\t\t\t\n        \n\t\t\t\t<div id=\"ngg-image-12\" class=\"ngg-gallery-thumbnail-box\" >\n\t\t\t\t        <div class=\"ngg-gallery-thumbnail\">\n            <a href=\"https:\/\/www.freimarianne.ch\/wp-content\/gallery\/zermatt-12-19-19\/IMG_3127.jpg\"\n               title=\"Blick zur\u00fcck auf das Matterhorn 4478m; Wiesen voller Herbstzeitlosen\"\n               data-src=\"https:\/\/www.freimarianne.ch\/wp-content\/gallery\/zermatt-12-19-19\/IMG_3127.jpg\"\n               data-thumbnail=\"https:\/\/www.freimarianne.ch\/wp-content\/gallery\/zermatt-12-19-19\/thumbs\/thumbs_IMG_3127.jpg\"\n               data-image-id=\"21450\"\n               data-title=\"Blick zur\u00c3\u00bcck auf das Matterhorn 4478m; Wiesen voller Herbstzeitlosen\"\n               data-description=\"Blick zur\u00fcck auf das Matterhorn 4478m; Wiesen voller Herbstzeitlosen\"\n               data-image-slug=\"img_3127\"\n               class=\"shutterset_38610\">\n                <img\n                    title=\"Blick zur\u00c3\u00bcck auf das Matterhorn 4478m; Wiesen voller Herbstzeitlosen\"\n                    alt=\"Blick zur\u00c3\u00bcck auf das Matterhorn 4478m; Wiesen voller Herbstzeitlosen\"\n                    src=\"https:\/\/www.freimarianne.ch\/wp-content\/gallery\/zermatt-12-19-19\/thumbs\/thumbs_IMG_3127.jpg\"\n                    width=\"100\"\n                    height=\"75\"\n                    style=\"max-width:100%;\"\n                \/>\n            <\/a>\n        <\/div>\n\t\t\t\t\t\t\t<\/div> \n\t\t\t\n        \n\t\t\n\t\t<!-- Pagination -->\n\t<div class='ngg-clear'><\/div>\t<\/div>\n<\/p>\n","protected":false},"excerpt":{"rendered":"<p>Zermatt &#8211; Furi &#8211; Zmutt &#8211; Zermatt Wir verbringen einen pr\u00e4chtigen Sp\u00e4tsommertag in Zermatt. Wir wandern auf dem sch\u00f6nen Wanderweg \u00fcber Blatten und Zum See hinauf nach Furi. Von dort steigen wir noch etwas auf, um dann auf einer Br\u00fccke hinten im Tal nach Zmutt zu gelangen, wo wir einkehren und die Ferien Stimmung geniessen. [&hellip;]<\/p>\n","protected":false},"author":1,"featured_media":0,"parent":38413,"menu_order":3,"comment_status":"closed","ping_status":"closed","template":"","meta":{"ngg_post_thumbnail":0},"_links":{"self":[{"href":"https:\/\/www.freimarianne.ch\/index.php?rest_route=\/wp\/v2\/pages\/38525"}],"collection":[{"href":"https:\/\/www.freimarianne.ch\/index.php?rest_route=\/wp\/v2\/pages"}],"about":[{"href":"https:\/\/www.freimarianne.ch\/index.php?rest_route=\/wp\/v2\/types\/page"}],"author":[{"embeddable":true,"href":"https:\/\/www.freimarianne.ch\/index.php?rest_route=\/wp\/v2\/users\/1"}],"replies":[{"embeddable":true,"href":"https:\/\/www.freimarianne.ch\/index.php?rest_route=%2Fwp%2Fv2%2Fcomments&post=38525"}],"version-history":[{"count":8,"href":"https:\/\/www.freimarianne.ch\/index.php?rest_route=\/wp\/v2\/pages\/38525\/revisions"}],"predecessor-version":[{"id":38614,"href":"https:\/\/www.freimarianne.ch\/index.php?rest_route=\/wp\/v2\/pages\/38525\/revisions\/38614"}],"up":[{"embeddable":true,"href":"https:\/\/www.freimarianne.ch\/index.php?rest_route=\/wp\/v2\/pages\/38413"}],"wp:attachment":[{"href":"https:\/\/www.freimarianne.ch\/index.php?rest_route=%2Fwp%2Fv2%2Fmedia&parent=38525"}],"curies":[{"name":"wp","href":"https:\/\/api.w.org\/{rel}","templated":true}]}}