{"id":39342,"date":"2019-12-26T15:27:38","date_gmt":"2019-12-26T14:27:38","guid":{"rendered":"http:\/\/www.freimarianne.ch\/?page_id=39342"},"modified":"2019-12-26T15:33:45","modified_gmt":"2019-12-26T14:33:45","slug":"fiescheralp-vs-25-12-2019","status":"publish","type":"page","link":"https:\/\/www.freimarianne.ch\/?page_id=39342","title":{"rendered":"Fiescheralp  VS  25.12.2019"},"content":{"rendered":"<p><strong>Schneeschuhwanderung auf der Fiescheralp<\/strong><\/p>\n<p><img loading=\"lazy\" class=\"size-full wp-image-39341\" src=\"http:\/\/www.freimarianne.ch\/wp-content\/uploads\/2019\/12\/IMG_4225_fiesch12.19_500.jpeg\" alt=\"\" width=\"500\" height=\"334\" srcset=\"https:\/\/www.freimarianne.ch\/wp-content\/uploads\/2019\/12\/IMG_4225_fiesch12.19_500.jpeg 500w, https:\/\/www.freimarianne.ch\/wp-content\/uploads\/2019\/12\/IMG_4225_fiesch12.19_500-300x200.jpeg 300w, https:\/\/www.freimarianne.ch\/wp-content\/uploads\/2019\/12\/IMG_4225_fiesch12.19_500-449x300.jpeg 449w\" sizes=\"(max-width: 500px) 100vw, 500px\" \/><br \/>\nAlphubel 4206m, Mischabelgruppe, Matterhorn<\/p>\n<p>Heute am Weihnachtstag soll es im Wallis sch\u00f6n sein!<br \/>\nMit der neuen Gondelbahn von neuen Bahnhof Fiesch aus, fahren wir hinauf auf die Fiescheralp,wo uns wie immer ein grossartiges Panorama erwartet. Wir begeben uns auf den Winterwanderweg hin\u00fcber zur Bettmeralp. Als uns das Gehen im eher weichen Schnee zu m\u00fchsam wird, holen wir unsere Schneeschuhe hervor, die uns auf dem Rest der Wanderung gute Dienste leisten. Vor dem Abstieg gegen die Furrih\u00fctte wechseln wir auf den Panoramaweg, der uns weiter hinauf und im Gebiet Chieboden wieder zur\u00fcck auf die Fiescheralp bringt. Auf diesem Wegabschnitt kommen wir nach dem letzten Anstieg in eine grosse Wolke und sehen fast nichts mehr. Den Stecken entlang finden wir wieder zur\u00fcck zur Fiescheralp. Nun haben wir genug. Wir fahren hinunter nach Fiesch und mit dem Zug nach Betten, wo wir die Seilbahn hinauf auf die Bettmeralp nehmen. Hier ist es sonnig und wir k\u00f6nnen noch einen kleinen Winterspaziergang machen, bevor wir wieder ins Tal fahren.<\/p>\n<p>Dies war eine sch\u00f6ne aber nicht lange Wanderung. Wir haben den Sonnenschein und die pr\u00e4chtige Landschaft genossen und nat\u00fcrlich den Schnee.<\/p>\n<p><!-- index.php -->\n<div\n\tclass=\"ngg-galleryoverview ngg-ajax-pagination-none\"\n\tid=\"ngg-gallery-39370-1\">\n\n    \t<div class=\"slideshowlink\">\n        <a href='https:\/\/www.freimarianne.ch\/index.php\/nggallery\/slideshow?page_id=39342'>[Show as slideshow]<\/a>\n\t\t\n\t<\/div>\n\t\t\t<!-- Thumbnails -->\n\t\t\t\t<div id=\"ngg-image-0\" class=\"ngg-gallery-thumbnail-box\" >\n\t\t\t\t        <div class=\"ngg-gallery-thumbnail\">\n            <a href=\"https:\/\/www.freimarianne.ch\/wp-content\/gallery\/fiescheralp-25-12-19\/IMG_4212.jpeg\"\n               title=\"\"\n               data-src=\"https:\/\/www.freimarianne.ch\/wp-content\/gallery\/fiescheralp-25-12-19\/IMG_4212.jpeg\"\n               data-thumbnail=\"https:\/\/www.freimarianne.ch\/wp-content\/gallery\/fiescheralp-25-12-19\/thumbs\/thumbs_IMG_4212.jpeg\"\n               data-image-id=\"21721\"\n               data-title=\"IMG_4212\"\n               data-description=\"\"\n               data-image-slug=\"img_4212-2\"\n               class=\"shutterset_39370\">\n                <img\n                    title=\"IMG_4212\"\n                    alt=\"IMG_4212\"\n                    src=\"https:\/\/www.freimarianne.ch\/wp-content\/gallery\/fiescheralp-25-12-19\/thumbs\/thumbs_IMG_4212.jpeg\"\n                    width=\"100\"\n                    height=\"75\"\n                    style=\"max-width:100%;\"\n                \/>\n            <\/a>\n        <\/div>\n\t\t\t\t\t\t\t<\/div> \n\t\t\t\n        \n\t\t\t\t<div id=\"ngg-image-1\" class=\"ngg-gallery-thumbnail-box\" >\n\t\t\t\t        <div class=\"ngg-gallery-thumbnail\">\n            <a href=\"https:\/\/www.freimarianne.ch\/wp-content\/gallery\/fiescheralp-25-12-19\/IMG_4215.jpeg\"\n               title=\"pl\u00f6tzlich sind die Wolken da\"\n               data-src=\"https:\/\/www.freimarianne.ch\/wp-content\/gallery\/fiescheralp-25-12-19\/IMG_4215.jpeg\"\n               data-thumbnail=\"https:\/\/www.freimarianne.ch\/wp-content\/gallery\/fiescheralp-25-12-19\/thumbs\/thumbs_IMG_4215.jpeg\"\n               data-image-id=\"21731\"\n               data-title=\"IMG_4215\"\n               data-description=\"pl\u00f6tzlich sind die Wolken da\"\n               data-image-slug=\"img_4215-2\"\n               class=\"shutterset_39370\">\n                <img\n                    title=\"IMG_4215\"\n                    alt=\"IMG_4215\"\n                    src=\"https:\/\/www.freimarianne.ch\/wp-content\/gallery\/fiescheralp-25-12-19\/thumbs\/thumbs_IMG_4215.jpeg\"\n                    width=\"100\"\n                    height=\"75\"\n                    style=\"max-width:100%;\"\n                \/>\n            <\/a>\n        <\/div>\n\t\t\t\t\t\t\t<\/div> \n\t\t\t\n        \n\t\t\t\t<div id=\"ngg-image-2\" class=\"ngg-gallery-thumbnail-box\" >\n\t\t\t\t        <div class=\"ngg-gallery-thumbnail\">\n            <a href=\"https:\/\/www.freimarianne.ch\/wp-content\/gallery\/fiescheralp-25-12-19\/IMG_4216.jpeg\"\n               title=\"einsame Schneelandschaft\"\n               data-src=\"https:\/\/www.freimarianne.ch\/wp-content\/gallery\/fiescheralp-25-12-19\/IMG_4216.jpeg\"\n               data-thumbnail=\"https:\/\/www.freimarianne.ch\/wp-content\/gallery\/fiescheralp-25-12-19\/thumbs\/thumbs_IMG_4216.jpeg\"\n               data-image-id=\"21730\"\n               data-title=\"IMG_4216\"\n               data-description=\"einsame Schneelandschaft\"\n               data-image-slug=\"img_4216-1\"\n               class=\"shutterset_39370\">\n                <img\n                    title=\"IMG_4216\"\n                    alt=\"IMG_4216\"\n                    src=\"https:\/\/www.freimarianne.ch\/wp-content\/gallery\/fiescheralp-25-12-19\/thumbs\/thumbs_IMG_4216.jpeg\"\n                    width=\"100\"\n                    height=\"75\"\n                    style=\"max-width:100%;\"\n                \/>\n            <\/a>\n        <\/div>\n\t\t\t\t\t\t\t<\/div> \n\t\t\t\n        \n\t\t\t\t<div id=\"ngg-image-3\" class=\"ngg-gallery-thumbnail-box\" >\n\t\t\t\t        <div class=\"ngg-gallery-thumbnail\">\n            <a href=\"https:\/\/www.freimarianne.ch\/wp-content\/gallery\/fiescheralp-25-12-19\/IMG_4222.jpeg\"\n               title=\"F\u00f6hnlinsen;mi Matterhorn und Weisshorn\"\n               data-src=\"https:\/\/www.freimarianne.ch\/wp-content\/gallery\/fiescheralp-25-12-19\/IMG_4222.jpeg\"\n               data-thumbnail=\"https:\/\/www.freimarianne.ch\/wp-content\/gallery\/fiescheralp-25-12-19\/thumbs\/thumbs_IMG_4222.jpeg\"\n               data-image-id=\"21729\"\n               data-title=\"IMG_4222\"\n               data-description=\"F\u00f6hnlinsen;mi Matterhorn und Weisshorn\"\n               data-image-slug=\"img_4222-5\"\n               class=\"shutterset_39370\">\n                <img\n                    title=\"IMG_4222\"\n                    alt=\"IMG_4222\"\n                    src=\"https:\/\/www.freimarianne.ch\/wp-content\/gallery\/fiescheralp-25-12-19\/thumbs\/thumbs_IMG_4222.jpeg\"\n                    width=\"100\"\n                    height=\"75\"\n                    style=\"max-width:100%;\"\n                \/>\n            <\/a>\n        <\/div>\n\t\t\t\t\t\t\t<\/div> \n\t\t\t\n        \n\t\t\t\t<div id=\"ngg-image-4\" class=\"ngg-gallery-thumbnail-box\" >\n\t\t\t\t        <div class=\"ngg-gallery-thumbnail\">\n            <a href=\"https:\/\/www.freimarianne.ch\/wp-content\/gallery\/fiescheralp-25-12-19\/IMG_4223.jpeg\"\n               title=\"li vo Ernergalen; re vo Eggerhorn; hi der lange Grat vom Holzjihorn; re hi die Schinh\u00f6rner und Grampielhorn\"\n               data-src=\"https:\/\/www.freimarianne.ch\/wp-content\/gallery\/fiescheralp-25-12-19\/IMG_4223.jpeg\"\n               data-thumbnail=\"https:\/\/www.freimarianne.ch\/wp-content\/gallery\/fiescheralp-25-12-19\/thumbs\/thumbs_IMG_4223.jpeg\"\n               data-image-id=\"21728\"\n               data-title=\"IMG_4223\"\n               data-description=\"li vo Ernergalen; re vo Eggerhorn; hi der lange Grat vom Holzjihorn; re hi die Schinh\u00f6rner und Grampielhorn\"\n               data-image-slug=\"img_4223-4\"\n               class=\"shutterset_39370\">\n                <img\n                    title=\"IMG_4223\"\n                    alt=\"IMG_4223\"\n                    src=\"https:\/\/www.freimarianne.ch\/wp-content\/gallery\/fiescheralp-25-12-19\/thumbs\/thumbs_IMG_4223.jpeg\"\n                    width=\"100\"\n                    height=\"75\"\n                    style=\"max-width:100%;\"\n                \/>\n            <\/a>\n        <\/div>\n\t\t\t\t\t\t\t<\/div> \n\t\t\t\n        \n\t\t\t\t<div id=\"ngg-image-5\" class=\"ngg-gallery-thumbnail-box\" >\n\t\t\t\t        <div class=\"ngg-gallery-thumbnail\">\n            <a href=\"https:\/\/www.freimarianne.ch\/wp-content\/gallery\/fiescheralp-25-12-19\/IMG_4230.jpeg\"\n               title=\"Marianne auf der Fiescheralp mit Matterhorn und Weisshorn, G\u00e4esthorn, Schilthorn und Alpjahorn\"\n               data-src=\"https:\/\/www.freimarianne.ch\/wp-content\/gallery\/fiescheralp-25-12-19\/IMG_4230.jpeg\"\n               data-thumbnail=\"https:\/\/www.freimarianne.ch\/wp-content\/gallery\/fiescheralp-25-12-19\/thumbs\/thumbs_IMG_4230.jpeg\"\n               data-image-id=\"21727\"\n               data-title=\"IMG_4230\"\n               data-description=\"Marianne auf der Fiescheralp mit Matterhorn und Weisshorn, G\u00e4esthorn, Schilthorn und Alpjahorn\"\n               data-image-slug=\"img_4230-1\"\n               class=\"shutterset_39370\">\n                <img\n                    title=\"IMG_4230\"\n                    alt=\"IMG_4230\"\n                    src=\"https:\/\/www.freimarianne.ch\/wp-content\/gallery\/fiescheralp-25-12-19\/thumbs\/thumbs_IMG_4230.jpeg\"\n                    width=\"100\"\n                    height=\"75\"\n                    style=\"max-width:100%;\"\n                \/>\n            <\/a>\n        <\/div>\n\t\t\t\t\t\t\t<\/div> \n\t\t\t\n        \n\t\t\t\t<div id=\"ngg-image-6\" class=\"ngg-gallery-thumbnail-box\" >\n\t\t\t\t        <div class=\"ngg-gallery-thumbnail\">\n            <a href=\"https:\/\/www.freimarianne.ch\/wp-content\/gallery\/fiescheralp-25-12-19\/IMG_4231.jpeg\"\n               title=\"unsere Route: Matterhorn, Weisshorn, G\u00e4rsthorn, Schilthorn und Alpjahorn\"\n               data-src=\"https:\/\/www.freimarianne.ch\/wp-content\/gallery\/fiescheralp-25-12-19\/IMG_4231.jpeg\"\n               data-thumbnail=\"https:\/\/www.freimarianne.ch\/wp-content\/gallery\/fiescheralp-25-12-19\/thumbs\/thumbs_IMG_4231.jpeg\"\n               data-image-id=\"21726\"\n               data-title=\"IMG_4231\"\n               data-description=\"unsere Route: Matterhorn, Weisshorn, G\u00e4rsthorn, Schilthorn und Alpjahorn\"\n               data-image-slug=\"img_4231-4\"\n               class=\"shutterset_39370\">\n                <img\n                    title=\"IMG_4231\"\n                    alt=\"IMG_4231\"\n                    src=\"https:\/\/www.freimarianne.ch\/wp-content\/gallery\/fiescheralp-25-12-19\/thumbs\/thumbs_IMG_4231.jpeg\"\n                    width=\"100\"\n                    height=\"75\"\n                    style=\"max-width:100%;\"\n                \/>\n            <\/a>\n        <\/div>\n\t\t\t\t\t\t\t<\/div> \n\t\t\t\n        \n\t\t\t\t<div id=\"ngg-image-7\" class=\"ngg-gallery-thumbnail-box\" >\n\t\t\t\t        <div class=\"ngg-gallery-thumbnail\">\n            <a href=\"https:\/\/www.freimarianne.ch\/wp-content\/gallery\/fiescheralp-25-12-19\/IMG_4236.jpeg\"\n               title=\"auf der Bettmeralp ;\"\n               data-src=\"https:\/\/www.freimarianne.ch\/wp-content\/gallery\/fiescheralp-25-12-19\/IMG_4236.jpeg\"\n               data-thumbnail=\"https:\/\/www.freimarianne.ch\/wp-content\/gallery\/fiescheralp-25-12-19\/thumbs\/thumbs_IMG_4236.jpeg\"\n               data-image-id=\"21725\"\n               data-title=\"IMG_4236\"\n               data-description=\"auf der Bettmeralp ;\"\n               data-image-slug=\"img_4236-2\"\n               class=\"shutterset_39370\">\n                <img\n                    title=\"IMG_4236\"\n                    alt=\"IMG_4236\"\n                    src=\"https:\/\/www.freimarianne.ch\/wp-content\/gallery\/fiescheralp-25-12-19\/thumbs\/thumbs_IMG_4236.jpeg\"\n                    width=\"100\"\n                    height=\"75\"\n                    style=\"max-width:100%;\"\n                \/>\n            <\/a>\n        <\/div>\n\t\t\t\t\t\t\t<\/div> \n\t\t\t\n        \n\t\t\t\t<div id=\"ngg-image-8\" class=\"ngg-gallery-thumbnail-box\" >\n\t\t\t\t        <div class=\"ngg-gallery-thumbnail\">\n            <a href=\"https:\/\/www.freimarianne.ch\/wp-content\/gallery\/fiescheralp-25-12-19\/IMG_4240.jpeg\"\n               title=\"auf der Bettmeralp: Weismies und Fletschhorn\"\n               data-src=\"https:\/\/www.freimarianne.ch\/wp-content\/gallery\/fiescheralp-25-12-19\/IMG_4240.jpeg\"\n               data-thumbnail=\"https:\/\/www.freimarianne.ch\/wp-content\/gallery\/fiescheralp-25-12-19\/thumbs\/thumbs_IMG_4240.jpeg\"\n               data-image-id=\"21724\"\n               data-title=\"IMG_4240\"\n               data-description=\"auf der Bettmeralp: Weismies und Fletschhorn\"\n               data-image-slug=\"img_4240-1\"\n               class=\"shutterset_39370\">\n                <img\n                    title=\"IMG_4240\"\n                    alt=\"IMG_4240\"\n                    src=\"https:\/\/www.freimarianne.ch\/wp-content\/gallery\/fiescheralp-25-12-19\/thumbs\/thumbs_IMG_4240.jpeg\"\n                    width=\"100\"\n                    height=\"75\"\n                    style=\"max-width:100%;\"\n                \/>\n            <\/a>\n        <\/div>\n\t\t\t\t\t\t\t<\/div> \n\t\t\t\n        \n\t\t\t\t<div id=\"ngg-image-9\" class=\"ngg-gallery-thumbnail-box\" >\n\t\t\t\t        <div class=\"ngg-gallery-thumbnail\">\n            <a href=\"https:\/\/www.freimarianne.ch\/wp-content\/gallery\/fiescheralp-25-12-19\/IMG_4242.jpeg\"\n               title=\"li Blinnenhorn 3373m, Rappehorn 3158m, Turbhorn 3245m;  re vo Eggerhorn, hi Ofenhorn\"\n               data-src=\"https:\/\/www.freimarianne.ch\/wp-content\/gallery\/fiescheralp-25-12-19\/IMG_4242.jpeg\"\n               data-thumbnail=\"https:\/\/www.freimarianne.ch\/wp-content\/gallery\/fiescheralp-25-12-19\/thumbs\/thumbs_IMG_4242.jpeg\"\n               data-image-id=\"21723\"\n               data-title=\"IMG_4242\"\n               data-description=\"li Blinnenhorn 3373m, Rappehorn 3158m, Turbhorn 3245m;  re vo Eggerhorn, hi Ofenhorn\"\n               data-image-slug=\"img_4242-1\"\n               class=\"shutterset_39370\">\n                <img\n                    title=\"IMG_4242\"\n                    alt=\"IMG_4242\"\n                    src=\"https:\/\/www.freimarianne.ch\/wp-content\/gallery\/fiescheralp-25-12-19\/thumbs\/thumbs_IMG_4242.jpeg\"\n                    width=\"100\"\n                    height=\"75\"\n                    style=\"max-width:100%;\"\n                \/>\n            <\/a>\n        <\/div>\n\t\t\t\t\t\t\t<\/div> \n\t\t\t\n        \n\t\t\t\t<div id=\"ngg-image-10\" class=\"ngg-gallery-thumbnail-box\" >\n\t\t\t\t        <div class=\"ngg-gallery-thumbnail\">\n            <a href=\"https:\/\/www.freimarianne.ch\/wp-content\/gallery\/fiescheralp-25-12-19\/IMG_4243.jpeg\"\n               title=\"Bettmeralp\"\n               data-src=\"https:\/\/www.freimarianne.ch\/wp-content\/gallery\/fiescheralp-25-12-19\/IMG_4243.jpeg\"\n               data-thumbnail=\"https:\/\/www.freimarianne.ch\/wp-content\/gallery\/fiescheralp-25-12-19\/thumbs\/thumbs_IMG_4243.jpeg\"\n               data-image-id=\"21722\"\n               data-title=\"IMG_4243\"\n               data-description=\"Bettmeralp\"\n               data-image-slug=\"img_4243-3\"\n               class=\"shutterset_39370\">\n                <img\n                    title=\"IMG_4243\"\n                    alt=\"IMG_4243\"\n                    src=\"https:\/\/www.freimarianne.ch\/wp-content\/gallery\/fiescheralp-25-12-19\/thumbs\/thumbs_IMG_4243.jpeg\"\n                    width=\"100\"\n                    height=\"75\"\n                    style=\"max-width:100%;\"\n                \/>\n            <\/a>\n        <\/div>\n\t\t\t\t\t\t\t<\/div> \n\t\t\t\n        \n\t\t\n\t\t<!-- Pagination -->\n\t<div class='ngg-clear'><\/div>\t<\/div>\n<\/p>\n<p>&nbsp;<\/p>\n","protected":false},"excerpt":{"rendered":"<p>Schneeschuhwanderung auf der Fiescheralp Alphubel 4206m, Mischabelgruppe, Matterhorn Heute am Weihnachtstag soll es im Wallis sch\u00f6n sein! Mit der neuen Gondelbahn von neuen Bahnhof Fiesch aus, fahren wir hinauf auf die Fiescheralp,wo uns wie immer ein grossartiges Panorama erwartet. Wir begeben uns auf den Winterwanderweg hin\u00fcber zur Bettmeralp. Als uns das Gehen im eher weichen [&hellip;]<\/p>\n","protected":false},"author":1,"featured_media":0,"parent":39217,"menu_order":3,"comment_status":"closed","ping_status":"closed","template":"","meta":{"ngg_post_thumbnail":0},"_links":{"self":[{"href":"https:\/\/www.freimarianne.ch\/index.php?rest_route=\/wp\/v2\/pages\/39342"}],"collection":[{"href":"https:\/\/www.freimarianne.ch\/index.php?rest_route=\/wp\/v2\/pages"}],"about":[{"href":"https:\/\/www.freimarianne.ch\/index.php?rest_route=\/wp\/v2\/types\/page"}],"author":[{"embeddable":true,"href":"https:\/\/www.freimarianne.ch\/index.php?rest_route=\/wp\/v2\/users\/1"}],"replies":[{"embeddable":true,"href":"https:\/\/www.freimarianne.ch\/index.php?rest_route=%2Fwp%2Fv2%2Fcomments&post=39342"}],"version-history":[{"count":4,"href":"https:\/\/www.freimarianne.ch\/index.php?rest_route=\/wp\/v2\/pages\/39342\/revisions"}],"predecessor-version":[{"id":39371,"href":"https:\/\/www.freimarianne.ch\/index.php?rest_route=\/wp\/v2\/pages\/39342\/revisions\/39371"}],"up":[{"embeddable":true,"href":"https:\/\/www.freimarianne.ch\/index.php?rest_route=\/wp\/v2\/pages\/39217"}],"wp:attachment":[{"href":"https:\/\/www.freimarianne.ch\/index.php?rest_route=%2Fwp%2Fv2%2Fmedia&parent=39342"}],"curies":[{"name":"wp","href":"https:\/\/api.w.org\/{rel}","templated":true}]}}