{"id":39385,"date":"2020-01-07T15:38:34","date_gmt":"2020-01-07T14:38:34","guid":{"rendered":"http:\/\/www.freimarianne.ch\/?page_id=39385"},"modified":"2020-01-17T15:45:38","modified_gmt":"2020-01-17T14:45:38","slug":"burgenstock-lu-nw-31-12-2019","status":"publish","type":"page","link":"https:\/\/www.freimarianne.ch\/?page_id=39385","title":{"rendered":"B\u00fcrgenstock  LU \/ NW  31.12.2019"},"content":{"rendered":"<p><strong>Wanderung auf dem B\u00fcrgenstock<\/strong><\/p>\n<p><img loading=\"lazy\" class=\"size-full wp-image-39375\" src=\"http:\/\/www.freimarianne.ch\/wp-content\/uploads\/2020\/01\/IMG_4489._bu\u0308rgenstock500.jpeg\" alt=\"\" width=\"500\" height=\"334\" srcset=\"https:\/\/www.freimarianne.ch\/wp-content\/uploads\/2020\/01\/IMG_4489._bu\u0308rgenstock500.jpeg 500w, https:\/\/www.freimarianne.ch\/wp-content\/uploads\/2020\/01\/IMG_4489._bu\u0308rgenstock500-300x200.jpeg 300w, https:\/\/www.freimarianne.ch\/wp-content\/uploads\/2020\/01\/IMG_4489._bu\u0308rgenstock500-449x300.jpeg 449w\" sizes=\"(max-width: 500px) 100vw, 500px\" \/><br \/>\nTomlishorn 2128m, Pilatus 2118m<\/p>\n<p>Ein Alternativprogramm f\u00fcr den letzten Tag des Jahres 2019! Bis fast hinauf nach Obb\u00fcrgen befinden wir uns unter einer Hochnebeldecke. Im Dorf angekommen, haben wir freie Sicht auf das Matthorn und den Pilatus. Wir freuen uns \u00fcber den Sonnenschein und den blauen Himmel. Wir wandern im Schatten im gr\u00fcnen Talgrund \u00fcber Boden hinauf gegen den B\u00fcrgenstock, wo wir unterhalb der H\u00e4user eine Bank finden, um die Mittagsrast zu halten. Dann begeben wir und hinauf zum Aussichtpunkt, der die Sicht nach Norden frei gibt. Nur die Rigi und ein paar wenige Berggrate sind \u00fcber dem Nebelmeer zu sehen! Auf der Promenade m\u00fcssen wir bis Honegg auf Teer gehen und sind nun nicht mehr allein. Bei Honegg bietet sich eine pr\u00e4chtige Aussicht hin\u00fcber zum Gersauerstock, Fronalpstock und Nieder -und Oberbauenstock. Auch sie sind die wenigen Gipfel, die aus dem Nebelmeer aufragen. Wir finden einen Weg im Wald zur\u00fcck, der uns wieder zum \u201eResort\u201c bringt. Auf der grossen Terrasse bestaunen wir den Weihnachtsbaum und die Aussicht. Dann steigen wir hinunter nach Obb\u00fcrgen.<\/p>\n<p>Laut Schweizmobil:<br \/>\nDistanz: 10.42km; Aufstieg=Abstieg: 384m; Wanderzeit: 2h 55 min<br \/>\n<a href=\"https:\/\/map.schweizmobil.ch\/?lang=de&amp;photos=yes&amp;bgLayer=pk&amp;logo=yes&amp;season=summer&amp;resolution=5&amp;E=2671164&amp;N=1204697&amp;layers=Wanderland%2CStation&amp;trackId=6329352\">Karte Schweizmobil:<\/a><\/p>\n<p><!-- index.php -->\n<div\n\tclass=\"ngg-galleryoverview ngg-ajax-pagination-none\"\n\tid=\"ngg-gallery-39529-1\">\n\n    \t<div class=\"slideshowlink\">\n        <a href='https:\/\/www.freimarianne.ch\/index.php\/nggallery\/slideshow?page_id=39385'>[Show as slideshow]<\/a>\n\t\t\n\t<\/div>\n\t\t\t<!-- Thumbnails -->\n\t\t\t\t<div id=\"ngg-image-0\" class=\"ngg-gallery-thumbnail-box\" >\n\t\t\t\t        <div class=\"ngg-gallery-thumbnail\">\n            <a href=\"https:\/\/www.freimarianne.ch\/wp-content\/gallery\/burgenstock-31-12-19\/IMG_4461.jpeg\"\n               title=\"in Obb\u00fcrgen; Matthorn 2040m, Pilatus 2118m\"\n               data-src=\"https:\/\/www.freimarianne.ch\/wp-content\/gallery\/burgenstock-31-12-19\/IMG_4461.jpeg\"\n               data-thumbnail=\"https:\/\/www.freimarianne.ch\/wp-content\/gallery\/burgenstock-31-12-19\/thumbs\/thumbs_IMG_4461.jpeg\"\n               data-image-id=\"21780\"\n               data-title=\"IMG_4461\"\n               data-description=\"in Obb\u00fcrgen; Matthorn 2040m, Pilatus 2118m\"\n               data-image-slug=\"img_4461\"\n               class=\"shutterset_39529\">\n                <img\n                    title=\"IMG_4461\"\n                    alt=\"IMG_4461\"\n                    src=\"https:\/\/www.freimarianne.ch\/wp-content\/gallery\/burgenstock-31-12-19\/thumbs\/thumbs_IMG_4461.jpeg\"\n                    width=\"100\"\n                    height=\"75\"\n                    style=\"max-width:100%;\"\n                \/>\n            <\/a>\n        <\/div>\n\t\t\t\t\t\t\t<\/div> \n\t\t\t\n        \n\t\t\t\t<div id=\"ngg-image-1\" class=\"ngg-gallery-thumbnail-box\" >\n\t\t\t\t        <div class=\"ngg-gallery-thumbnail\">\n            <a href=\"https:\/\/www.freimarianne.ch\/wp-content\/gallery\/burgenstock-31-12-19\/IMG_4464.jpeg\"\n               title=\"Blick von Obb\u00fcrgen auf; Wildg\u00e4rst, G\u00e4rsthorn, Arnihaggen, vo Giswilerstock? Brienzerrothornkette\"\n               data-src=\"https:\/\/www.freimarianne.ch\/wp-content\/gallery\/burgenstock-31-12-19\/IMG_4464.jpeg\"\n               data-thumbnail=\"https:\/\/www.freimarianne.ch\/wp-content\/gallery\/burgenstock-31-12-19\/thumbs\/thumbs_IMG_4464.jpeg\"\n               data-image-id=\"21779\"\n               data-title=\"IMG_4464\"\n               data-description=\"Blick von Obb\u00fcrgen auf; Wildg\u00e4rst, G\u00e4rsthorn, Arnihaggen, vo Giswilerstock? Brienzerrothornkette\"\n               data-image-slug=\"img_4464-2\"\n               class=\"shutterset_39529\">\n                <img\n                    title=\"IMG_4464\"\n                    alt=\"IMG_4464\"\n                    src=\"https:\/\/www.freimarianne.ch\/wp-content\/gallery\/burgenstock-31-12-19\/thumbs\/thumbs_IMG_4464.jpeg\"\n                    width=\"100\"\n                    height=\"75\"\n                    style=\"max-width:100%;\"\n                \/>\n            <\/a>\n        <\/div>\n\t\t\t\t\t\t\t<\/div> \n\t\t\t\n        \n\t\t\t\t<div id=\"ngg-image-2\" class=\"ngg-gallery-thumbnail-box\" >\n\t\t\t\t        <div class=\"ngg-gallery-thumbnail\">\n            <a href=\"https:\/\/www.freimarianne.ch\/wp-content\/gallery\/burgenstock-31-12-19\/IMG_4468.jpeg\"\n               title=\"fast auf dem B\u00fcrgenstock\"\n               data-src=\"https:\/\/www.freimarianne.ch\/wp-content\/gallery\/burgenstock-31-12-19\/IMG_4468.jpeg\"\n               data-thumbnail=\"https:\/\/www.freimarianne.ch\/wp-content\/gallery\/burgenstock-31-12-19\/thumbs\/thumbs_IMG_4468.jpeg\"\n               data-image-id=\"21778\"\n               data-title=\"IMG_4468\"\n               data-description=\"fast auf dem B\u00fcrgenstock\"\n               data-image-slug=\"img_4468-2\"\n               class=\"shutterset_39529\">\n                <img\n                    title=\"IMG_4468\"\n                    alt=\"IMG_4468\"\n                    src=\"https:\/\/www.freimarianne.ch\/wp-content\/gallery\/burgenstock-31-12-19\/thumbs\/thumbs_IMG_4468.jpeg\"\n                    width=\"100\"\n                    height=\"75\"\n                    style=\"max-width:100%;\"\n                \/>\n            <\/a>\n        <\/div>\n\t\t\t\t\t\t\t<\/div> \n\t\t\t\n        \n\t\t\t\t<div id=\"ngg-image-3\" class=\"ngg-gallery-thumbnail-box\" >\n\t\t\t\t        <div class=\"ngg-gallery-thumbnail\">\n            <a href=\"https:\/\/www.freimarianne.ch\/wp-content\/gallery\/burgenstock-31-12-19\/IMG_4470.jpeg\"\n               title=\"Obb\u00fcrgen in Nebel\"\n               data-src=\"https:\/\/www.freimarianne.ch\/wp-content\/gallery\/burgenstock-31-12-19\/IMG_4470.jpeg\"\n               data-thumbnail=\"https:\/\/www.freimarianne.ch\/wp-content\/gallery\/burgenstock-31-12-19\/thumbs\/thumbs_IMG_4470.jpeg\"\n               data-image-id=\"21777\"\n               data-title=\"IMG_4470\"\n               data-description=\"Obb\u00fcrgen in Nebel\"\n               data-image-slug=\"img_4470-2\"\n               class=\"shutterset_39529\">\n                <img\n                    title=\"IMG_4470\"\n                    alt=\"IMG_4470\"\n                    src=\"https:\/\/www.freimarianne.ch\/wp-content\/gallery\/burgenstock-31-12-19\/thumbs\/thumbs_IMG_4470.jpeg\"\n                    width=\"100\"\n                    height=\"75\"\n                    style=\"max-width:100%;\"\n                \/>\n            <\/a>\n        <\/div>\n\t\t\t\t\t\t\t<\/div> \n\t\t\t\n        \n\t\t\t\t<div id=\"ngg-image-4\" class=\"ngg-gallery-thumbnail-box\" >\n\t\t\t\t        <div class=\"ngg-gallery-thumbnail\">\n            <a href=\"https:\/\/www.freimarianne.ch\/wp-content\/gallery\/burgenstock-31-12-19\/IMG_4473.jpeg\"\n               title=\"die Kapelle auf dem B\u00fcrgenstock\"\n               data-src=\"https:\/\/www.freimarianne.ch\/wp-content\/gallery\/burgenstock-31-12-19\/IMG_4473.jpeg\"\n               data-thumbnail=\"https:\/\/www.freimarianne.ch\/wp-content\/gallery\/burgenstock-31-12-19\/thumbs\/thumbs_IMG_4473.jpeg\"\n               data-image-id=\"21776\"\n               data-title=\"IMG_4473\"\n               data-description=\"die Kapelle auf dem B\u00fcrgenstock\"\n               data-image-slug=\"img_4473-2\"\n               class=\"shutterset_39529\">\n                <img\n                    title=\"IMG_4473\"\n                    alt=\"IMG_4473\"\n                    src=\"https:\/\/www.freimarianne.ch\/wp-content\/gallery\/burgenstock-31-12-19\/thumbs\/thumbs_IMG_4473.jpeg\"\n                    width=\"100\"\n                    height=\"75\"\n                    style=\"max-width:100%;\"\n                \/>\n            <\/a>\n        <\/div>\n\t\t\t\t\t\t\t<\/div> \n\t\t\t\n        \n\t\t\t\t<div id=\"ngg-image-5\" class=\"ngg-gallery-thumbnail-box\" >\n\t\t\t\t        <div class=\"ngg-gallery-thumbnail\">\n            <a href=\"https:\/\/www.freimarianne.ch\/wp-content\/gallery\/burgenstock-31-12-19\/IMG_4474.jpeg\"\n               title=\"Nebelmeer\"\n               data-src=\"https:\/\/www.freimarianne.ch\/wp-content\/gallery\/burgenstock-31-12-19\/IMG_4474.jpeg\"\n               data-thumbnail=\"https:\/\/www.freimarianne.ch\/wp-content\/gallery\/burgenstock-31-12-19\/thumbs\/thumbs_IMG_4474.jpeg\"\n               data-image-id=\"21775\"\n               data-title=\"IMG_4474\"\n               data-description=\"Nebelmeer\"\n               data-image-slug=\"img_4474-1\"\n               class=\"shutterset_39529\">\n                <img\n                    title=\"IMG_4474\"\n                    alt=\"IMG_4474\"\n                    src=\"https:\/\/www.freimarianne.ch\/wp-content\/gallery\/burgenstock-31-12-19\/thumbs\/thumbs_IMG_4474.jpeg\"\n                    width=\"100\"\n                    height=\"75\"\n                    style=\"max-width:100%;\"\n                \/>\n            <\/a>\n        <\/div>\n\t\t\t\t\t\t\t<\/div> \n\t\t\t\n        \n\t\t\t\t<div id=\"ngg-image-6\" class=\"ngg-gallery-thumbnail-box\" >\n\t\t\t\t        <div class=\"ngg-gallery-thumbnail\">\n            <a href=\"https:\/\/www.freimarianne.ch\/wp-content\/gallery\/burgenstock-31-12-19\/IMG_4482.jpeg\"\n               title=\"Blick auf Pilatus\"\n               data-src=\"https:\/\/www.freimarianne.ch\/wp-content\/gallery\/burgenstock-31-12-19\/IMG_4482.jpeg\"\n               data-thumbnail=\"https:\/\/www.freimarianne.ch\/wp-content\/gallery\/burgenstock-31-12-19\/thumbs\/thumbs_IMG_4482.jpeg\"\n               data-image-id=\"21774\"\n               data-title=\"IMG_4482\"\n               data-description=\"Blick auf Pilatus\"\n               data-image-slug=\"img_4482-2\"\n               class=\"shutterset_39529\">\n                <img\n                    title=\"IMG_4482\"\n                    alt=\"IMG_4482\"\n                    src=\"https:\/\/www.freimarianne.ch\/wp-content\/gallery\/burgenstock-31-12-19\/thumbs\/thumbs_IMG_4482.jpeg\"\n                    width=\"100\"\n                    height=\"75\"\n                    style=\"max-width:100%;\"\n                \/>\n            <\/a>\n        <\/div>\n\t\t\t\t\t\t\t<\/div> \n\t\t\t\n        \n\t\t\t\t<div id=\"ngg-image-7\" class=\"ngg-gallery-thumbnail-box\" >\n\t\t\t\t        <div class=\"ngg-gallery-thumbnail\">\n            <a href=\"https:\/\/www.freimarianne.ch\/wp-content\/gallery\/burgenstock-31-12-19\/IMG_4484.jpeg\"\n               title=\"Rigi,  Gersauerstock ,Fronalpstock,\"\n               data-src=\"https:\/\/www.freimarianne.ch\/wp-content\/gallery\/burgenstock-31-12-19\/IMG_4484.jpeg\"\n               data-thumbnail=\"https:\/\/www.freimarianne.ch\/wp-content\/gallery\/burgenstock-31-12-19\/thumbs\/thumbs_IMG_4484.jpeg\"\n               data-image-id=\"21773\"\n               data-title=\"IMG_4484\"\n               data-description=\"Rigi,  Gersauerstock ,Fronalpstock,\"\n               data-image-slug=\"img_4484-1\"\n               class=\"shutterset_39529\">\n                <img\n                    title=\"IMG_4484\"\n                    alt=\"IMG_4484\"\n                    src=\"https:\/\/www.freimarianne.ch\/wp-content\/gallery\/burgenstock-31-12-19\/thumbs\/thumbs_IMG_4484.jpeg\"\n                    width=\"100\"\n                    height=\"75\"\n                    style=\"max-width:100%;\"\n                \/>\n            <\/a>\n        <\/div>\n\t\t\t\t\t\t\t<\/div> \n\t\t\t\n        \n\t\t\t\t<div id=\"ngg-image-8\" class=\"ngg-gallery-thumbnail-box\" >\n\t\t\t\t        <div class=\"ngg-gallery-thumbnail\">\n            <a href=\"https:\/\/www.freimarianne.ch\/wp-content\/gallery\/burgenstock-31-12-19\/IMG_4485.jpeg\"\n               title=\"Nebelmmer;\"\n               data-src=\"https:\/\/www.freimarianne.ch\/wp-content\/gallery\/burgenstock-31-12-19\/IMG_4485.jpeg\"\n               data-thumbnail=\"https:\/\/www.freimarianne.ch\/wp-content\/gallery\/burgenstock-31-12-19\/thumbs\/thumbs_IMG_4485.jpeg\"\n               data-image-id=\"21772\"\n               data-title=\"IMG_4485\"\n               data-description=\"Nebelmmer;\"\n               data-image-slug=\"img_4485-2\"\n               class=\"shutterset_39529\">\n                <img\n                    title=\"IMG_4485\"\n                    alt=\"IMG_4485\"\n                    src=\"https:\/\/www.freimarianne.ch\/wp-content\/gallery\/burgenstock-31-12-19\/thumbs\/thumbs_IMG_4485.jpeg\"\n                    width=\"100\"\n                    height=\"75\"\n                    style=\"max-width:100%;\"\n                \/>\n            <\/a>\n        <\/div>\n\t\t\t\t\t\t\t<\/div> \n\t\t\t\n        \n\t\t\t\t<div id=\"ngg-image-9\" class=\"ngg-gallery-thumbnail-box\" >\n\t\t\t\t        <div class=\"ngg-gallery-thumbnail\">\n            <a href=\"https:\/\/www.freimarianne.ch\/wp-content\/gallery\/burgenstock-31-12-19\/IMG_4488.jpeg\"\n               title=\"Gersauerstock\"\n               data-src=\"https:\/\/www.freimarianne.ch\/wp-content\/gallery\/burgenstock-31-12-19\/IMG_4488.jpeg\"\n               data-thumbnail=\"https:\/\/www.freimarianne.ch\/wp-content\/gallery\/burgenstock-31-12-19\/thumbs\/thumbs_IMG_4488.jpeg\"\n               data-image-id=\"21771\"\n               data-title=\"IMG_4488\"\n               data-description=\"Gersauerstock\"\n               data-image-slug=\"img_4488-2\"\n               class=\"shutterset_39529\">\n                <img\n                    title=\"IMG_4488\"\n                    alt=\"IMG_4488\"\n                    src=\"https:\/\/www.freimarianne.ch\/wp-content\/gallery\/burgenstock-31-12-19\/thumbs\/thumbs_IMG_4488.jpeg\"\n                    width=\"100\"\n                    height=\"75\"\n                    style=\"max-width:100%;\"\n                \/>\n            <\/a>\n        <\/div>\n\t\t\t\t\t\t\t<\/div> \n\t\t\t\n        \n\t\t\t\t<div id=\"ngg-image-10\" class=\"ngg-gallery-thumbnail-box\" >\n\t\t\t\t        <div class=\"ngg-gallery-thumbnail\">\n            <a href=\"https:\/\/www.freimarianne.ch\/wp-content\/gallery\/burgenstock-31-12-19\/IMG_4490.jpeg\"\n               title=\"Honegg mit Oberbauenstock\"\n               data-src=\"https:\/\/www.freimarianne.ch\/wp-content\/gallery\/burgenstock-31-12-19\/IMG_4490.jpeg\"\n               data-thumbnail=\"https:\/\/www.freimarianne.ch\/wp-content\/gallery\/burgenstock-31-12-19\/thumbs\/thumbs_IMG_4490.jpeg\"\n               data-image-id=\"21770\"\n               data-title=\"IMG_4490\"\n               data-description=\"Honegg mit Oberbauenstock\"\n               data-image-slug=\"img_4490-4\"\n               class=\"shutterset_39529\">\n                <img\n                    title=\"IMG_4490\"\n                    alt=\"IMG_4490\"\n                    src=\"https:\/\/www.freimarianne.ch\/wp-content\/gallery\/burgenstock-31-12-19\/thumbs\/thumbs_IMG_4490.jpeg\"\n                    width=\"100\"\n                    height=\"75\"\n                    style=\"max-width:100%;\"\n                \/>\n            <\/a>\n        <\/div>\n\t\t\t\t\t\t\t<\/div> \n\t\t\t\n        \n\t\t\t\t<div id=\"ngg-image-11\" class=\"ngg-gallery-thumbnail-box\" >\n\t\t\t\t        <div class=\"ngg-gallery-thumbnail\">\n            <a href=\"https:\/\/www.freimarianne.ch\/wp-content\/gallery\/burgenstock-31-12-19\/IMG_4495.jpeg\"\n               title=\"Marianne auf dem B\u00fcrgenstock   mit Nebelmeer\"\n               data-src=\"https:\/\/www.freimarianne.ch\/wp-content\/gallery\/burgenstock-31-12-19\/IMG_4495.jpeg\"\n               data-thumbnail=\"https:\/\/www.freimarianne.ch\/wp-content\/gallery\/burgenstock-31-12-19\/thumbs\/thumbs_IMG_4495.jpeg\"\n               data-image-id=\"21769\"\n               data-title=\"IMG_4495\"\n               data-description=\"Marianne auf dem B\u00fcrgenstock   mit Nebelmeer\"\n               data-image-slug=\"img_4495-1\"\n               class=\"shutterset_39529\">\n                <img\n                    title=\"IMG_4495\"\n                    alt=\"IMG_4495\"\n                    src=\"https:\/\/www.freimarianne.ch\/wp-content\/gallery\/burgenstock-31-12-19\/thumbs\/thumbs_IMG_4495.jpeg\"\n                    width=\"100\"\n                    height=\"75\"\n                    style=\"max-width:100%;\"\n                \/>\n            <\/a>\n        <\/div>\n\t\t\t\t\t\t\t<\/div> \n\t\t\t\n        \n\t\t\t\t<div id=\"ngg-image-12\" class=\"ngg-gallery-thumbnail-box\" >\n\t\t\t\t        <div class=\"ngg-gallery-thumbnail\">\n            <a href=\"https:\/\/www.freimarianne.ch\/wp-content\/gallery\/burgenstock-31-12-19\/IMG_4502.jpeg\"\n               title=\"Sicht vom B\u00fcrgenstock gegen Nieder-und Oberbauenstock\"\n               data-src=\"https:\/\/www.freimarianne.ch\/wp-content\/gallery\/burgenstock-31-12-19\/IMG_4502.jpeg\"\n               data-thumbnail=\"https:\/\/www.freimarianne.ch\/wp-content\/gallery\/burgenstock-31-12-19\/thumbs\/thumbs_IMG_4502.jpeg\"\n               data-image-id=\"21768\"\n               data-title=\"IMG_4502\"\n               data-description=\"Sicht vom B\u00fcrgenstock gegen Nieder-und Oberbauenstock\"\n               data-image-slug=\"img_4502-2\"\n               class=\"shutterset_39529\">\n                <img\n                    title=\"IMG_4502\"\n                    alt=\"IMG_4502\"\n                    src=\"https:\/\/www.freimarianne.ch\/wp-content\/gallery\/burgenstock-31-12-19\/thumbs\/thumbs_IMG_4502.jpeg\"\n                    width=\"100\"\n                    height=\"75\"\n                    style=\"max-width:100%;\"\n                \/>\n            <\/a>\n        <\/div>\n\t\t\t\t\t\t\t<\/div> \n\t\t\t\n        \n\t\t\t\t<div id=\"ngg-image-13\" class=\"ngg-gallery-thumbnail-box\" >\n\t\t\t\t        <div class=\"ngg-gallery-thumbnail\">\n            <a href=\"https:\/\/www.freimarianne.ch\/wp-content\/gallery\/burgenstock-31-12-19\/IMG_4509.jpeg\"\n               title=\"Nebelmeer;  Matthorn 2040m, Pilatus 2118m\"\n               data-src=\"https:\/\/www.freimarianne.ch\/wp-content\/gallery\/burgenstock-31-12-19\/IMG_4509.jpeg\"\n               data-thumbnail=\"https:\/\/www.freimarianne.ch\/wp-content\/gallery\/burgenstock-31-12-19\/thumbs\/thumbs_IMG_4509.jpeg\"\n               data-image-id=\"21767\"\n               data-title=\"IMG_4509\"\n               data-description=\"Nebelmeer;  Matthorn 2040m, Pilatus 2118m\"\n               data-image-slug=\"img_4509\"\n               class=\"shutterset_39529\">\n                <img\n                    title=\"IMG_4509\"\n                    alt=\"IMG_4509\"\n                    src=\"https:\/\/www.freimarianne.ch\/wp-content\/gallery\/burgenstock-31-12-19\/thumbs\/thumbs_IMG_4509.jpeg\"\n                    width=\"100\"\n                    height=\"75\"\n                    style=\"max-width:100%;\"\n                \/>\n            <\/a>\n        <\/div>\n\t\t\t\t\t\t\t<\/div> \n\t\t\t\n        \n\t\t\n\t\t<!-- Pagination -->\n\t<div class='ngg-clear'><\/div>\t<\/div>\n<\/p>\n","protected":false},"excerpt":{"rendered":"<p>Wanderung auf dem B\u00fcrgenstock Tomlishorn 2128m, Pilatus 2118m Ein Alternativprogramm f\u00fcr den letzten Tag des Jahres 2019! Bis fast hinauf nach Obb\u00fcrgen befinden wir uns unter einer Hochnebeldecke. Im Dorf angekommen, haben wir freie Sicht auf das Matthorn und den Pilatus. Wir freuen uns \u00fcber den Sonnenschein und den blauen Himmel. Wir wandern im Schatten [&hellip;]<\/p>\n","protected":false},"author":1,"featured_media":0,"parent":39217,"menu_order":6,"comment_status":"closed","ping_status":"closed","template":"","meta":{"ngg_post_thumbnail":0},"_links":{"self":[{"href":"https:\/\/www.freimarianne.ch\/index.php?rest_route=\/wp\/v2\/pages\/39385"}],"collection":[{"href":"https:\/\/www.freimarianne.ch\/index.php?rest_route=\/wp\/v2\/pages"}],"about":[{"href":"https:\/\/www.freimarianne.ch\/index.php?rest_route=\/wp\/v2\/types\/page"}],"author":[{"embeddable":true,"href":"https:\/\/www.freimarianne.ch\/index.php?rest_route=\/wp\/v2\/users\/1"}],"replies":[{"embeddable":true,"href":"https:\/\/www.freimarianne.ch\/index.php?rest_route=%2Fwp%2Fv2%2Fcomments&post=39385"}],"version-history":[{"count":5,"href":"https:\/\/www.freimarianne.ch\/index.php?rest_route=\/wp\/v2\/pages\/39385\/revisions"}],"predecessor-version":[{"id":39633,"href":"https:\/\/www.freimarianne.ch\/index.php?rest_route=\/wp\/v2\/pages\/39385\/revisions\/39633"}],"up":[{"embeddable":true,"href":"https:\/\/www.freimarianne.ch\/index.php?rest_route=\/wp\/v2\/pages\/39217"}],"wp:attachment":[{"href":"https:\/\/www.freimarianne.ch\/index.php?rest_route=%2Fwp%2Fv2%2Fmedia&parent=39385"}],"curies":[{"name":"wp","href":"https:\/\/api.w.org\/{rel}","templated":true}]}}