{"id":39536,"date":"2020-01-15T09:24:52","date_gmt":"2020-01-15T08:24:52","guid":{"rendered":"http:\/\/www.freimarianne.ch\/?page_id=39536"},"modified":"2020-10-16T09:52:53","modified_gmt":"2020-10-16T08:52:53","slug":"klewenalp-lu-9-1-2020","status":"publish","type":"page","link":"https:\/\/www.freimarianne.ch\/?page_id=39536","title":{"rendered":"Klewenalp  NW  9.1.2020"},"content":{"rendered":"<p><strong>Winterwanderung von der Klewenalp \u00fcber Tannib\u00fcel zur Stockh\u00fctte<\/strong><\/p>\n<p><img loading=\"lazy\" class=\"size-full wp-image-39534\" src=\"http:\/\/www.freimarianne.ch\/wp-content\/uploads\/2020\/01\/IMG_4669_klewenalp500.jpeg\" alt=\"\" width=\"500\" height=\"334\" srcset=\"https:\/\/www.freimarianne.ch\/wp-content\/uploads\/2020\/01\/IMG_4669_klewenalp500.jpeg 500w, https:\/\/www.freimarianne.ch\/wp-content\/uploads\/2020\/01\/IMG_4669_klewenalp500-300x200.jpeg 300w, https:\/\/www.freimarianne.ch\/wp-content\/uploads\/2020\/01\/IMG_4669_klewenalp500-449x300.jpeg 449w\" sizes=\"(max-width: 500px) 100vw, 500px\" \/> im Schatten: Nieder -und Oberbauenstock<\/p>\n<p>Heute ist eine eher kurze Wanderung geplant, um den Weg von der Klewenalp hin\u00fcber zur Stockh\u00fctte kennenzulernen. Es ist mir schon bewusst, dass ich da ein langes St\u00fcck im Schatten gehen werde. So geniesse ich zuerst den Sonnenschein auf der Klewenalp, wo nicht allzuviel Schnee liegt. Hinter dem Klewenstock wird es dann schattig. Ich erinnere mich an die Skifabahrten hinunter zum Skilift! Aber weiter bin ich auf dem Wanderweg nie gekommen. Aber die Skipiste zur Stockh\u00fctte habe ich in guter Erinnerung. Leider liegt bei der Stockh\u00fctte kein Schnee mehr und die Umgebung wirkt eher fr\u00fchlingshaft. Nach einer Kaffeepause fahre ich mit der Gondelbahn hinunter nach Emmetten, wo ich den Bus nach Stans nehme.<\/p>\n<p>Laut Schweizmobil:<br \/>\nDistanz; 5.44km; Aufstieg: 85m; Abstieg:398m; Wanderzeit 1h 30min (Sommer)<\/p>\n<p><a href=\"https:\/\/map.schweizmobil.ch\/?lang=de&amp;photos=yes&amp;bgLayer=pk&amp;logo=yes&amp;season=winter&amp;resolution=5&amp;E=2679984&amp;N=1198882&amp;layers=Winterhiking&amp;trackId=6344922\">Karte Schweizmobil:<\/a><\/p>\n<p><!-- index.php -->\n<div\n\tclass=\"ngg-galleryoverview ngg-ajax-pagination-none\"\n\tid=\"ngg-gallery-39626-1\">\n\n    \t<div class=\"slideshowlink\">\n        <a href='https:\/\/www.freimarianne.ch\/index.php\/nggallery\/slideshow?page_id=39536'>[Show as slideshow]<\/a>\n\t\t\n\t<\/div>\n\t\t\t<!-- Thumbnails -->\n\t\t\t\t<div id=\"ngg-image-0\" class=\"ngg-gallery-thumbnail-box\" >\n\t\t\t\t        <div class=\"ngg-gallery-thumbnail\">\n            <a href=\"https:\/\/www.freimarianne.ch\/wp-content\/gallery\/klewenalp-9-1-20\/IMG_4664.jpeg\"\n               title=\"Blick auf Musenalp und Buochserhorn\"\n               data-src=\"https:\/\/www.freimarianne.ch\/wp-content\/gallery\/klewenalp-9-1-20\/IMG_4664.jpeg\"\n               data-thumbnail=\"https:\/\/www.freimarianne.ch\/wp-content\/gallery\/klewenalp-9-1-20\/thumbs\/thumbs_IMG_4664.jpeg\"\n               data-image-id=\"21794\"\n               data-title=\"IMG_4664\"\n               data-description=\"Blick auf Musenalp und Buochserhorn\"\n               data-image-slug=\"img_4664-4\"\n               class=\"shutterset_39626\">\n                <img\n                    title=\"IMG_4664\"\n                    alt=\"IMG_4664\"\n                    src=\"https:\/\/www.freimarianne.ch\/wp-content\/gallery\/klewenalp-9-1-20\/thumbs\/thumbs_IMG_4664.jpeg\"\n                    width=\"100\"\n                    height=\"75\"\n                    style=\"max-width:100%;\"\n                \/>\n            <\/a>\n        <\/div>\n\t\t\t\t\t\t\t<\/div> \n\t\t\t\n        \n\t\t\t\t<div id=\"ngg-image-1\" class=\"ngg-gallery-thumbnail-box\" >\n\t\t\t\t        <div class=\"ngg-gallery-thumbnail\">\n            <a href=\"https:\/\/www.freimarianne.ch\/wp-content\/gallery\/klewenalp-9-1-20\/IMG_4665.jpeg\"\n               title=\"Blick auf den Vierwaldst\u00e4ttersee\"\n               data-src=\"https:\/\/www.freimarianne.ch\/wp-content\/gallery\/klewenalp-9-1-20\/IMG_4665.jpeg\"\n               data-thumbnail=\"https:\/\/www.freimarianne.ch\/wp-content\/gallery\/klewenalp-9-1-20\/thumbs\/thumbs_IMG_4665.jpeg\"\n               data-image-id=\"21802\"\n               data-title=\"IMG_4665\"\n               data-description=\"Blick auf den Vierwaldst\u00e4ttersee\"\n               data-image-slug=\"img_4665-3\"\n               class=\"shutterset_39626\">\n                <img\n                    title=\"IMG_4665\"\n                    alt=\"IMG_4665\"\n                    src=\"https:\/\/www.freimarianne.ch\/wp-content\/gallery\/klewenalp-9-1-20\/thumbs\/thumbs_IMG_4665.jpeg\"\n                    width=\"100\"\n                    height=\"75\"\n                    style=\"max-width:100%;\"\n                \/>\n            <\/a>\n        <\/div>\n\t\t\t\t\t\t\t<\/div> \n\t\t\t\n        \n\t\t\t\t<div id=\"ngg-image-2\" class=\"ngg-gallery-thumbnail-box\" >\n\t\t\t\t        <div class=\"ngg-gallery-thumbnail\">\n            <a href=\"https:\/\/www.freimarianne.ch\/wp-content\/gallery\/klewenalp-9-1-20\/IMG_4666.jpeg\"\n               title=\"Blick zur\u00fcck auf die Klewenalp Station\"\n               data-src=\"https:\/\/www.freimarianne.ch\/wp-content\/gallery\/klewenalp-9-1-20\/IMG_4666.jpeg\"\n               data-thumbnail=\"https:\/\/www.freimarianne.ch\/wp-content\/gallery\/klewenalp-9-1-20\/thumbs\/thumbs_IMG_4666.jpeg\"\n               data-image-id=\"21801\"\n               data-title=\"IMG_4666\"\n               data-description=\"Blick zur\u00fcck auf die Klewenalp Station\"\n               data-image-slug=\"img_4666-1\"\n               class=\"shutterset_39626\">\n                <img\n                    title=\"IMG_4666\"\n                    alt=\"IMG_4666\"\n                    src=\"https:\/\/www.freimarianne.ch\/wp-content\/gallery\/klewenalp-9-1-20\/thumbs\/thumbs_IMG_4666.jpeg\"\n                    width=\"100\"\n                    height=\"75\"\n                    style=\"max-width:100%;\"\n                \/>\n            <\/a>\n        <\/div>\n\t\t\t\t\t\t\t<\/div> \n\t\t\t\n        \n\t\t\t\t<div id=\"ngg-image-3\" class=\"ngg-gallery-thumbnail-box\" >\n\t\t\t\t        <div class=\"ngg-gallery-thumbnail\">\n            <a href=\"https:\/\/www.freimarianne.ch\/wp-content\/gallery\/klewenalp-9-1-20\/IMG_4671.jpeg\"\n               title=\"im Schatten: Oberbauenstock und Schwalmis\"\n               data-src=\"https:\/\/www.freimarianne.ch\/wp-content\/gallery\/klewenalp-9-1-20\/IMG_4671.jpeg\"\n               data-thumbnail=\"https:\/\/www.freimarianne.ch\/wp-content\/gallery\/klewenalp-9-1-20\/thumbs\/thumbs_IMG_4671.jpeg\"\n               data-image-id=\"21800\"\n               data-title=\"IMG_4671\"\n               data-description=\"im Schatten: Oberbauenstock und Schwalmis\"\n               data-image-slug=\"img_4671-4\"\n               class=\"shutterset_39626\">\n                <img\n                    title=\"IMG_4671\"\n                    alt=\"IMG_4671\"\n                    src=\"https:\/\/www.freimarianne.ch\/wp-content\/gallery\/klewenalp-9-1-20\/thumbs\/thumbs_IMG_4671.jpeg\"\n                    width=\"100\"\n                    height=\"75\"\n                    style=\"max-width:100%;\"\n                \/>\n            <\/a>\n        <\/div>\n\t\t\t\t\t\t\t<\/div> \n\t\t\t\n        \n\t\t\t\t<div id=\"ngg-image-4\" class=\"ngg-gallery-thumbnail-box\" >\n\t\t\t\t        <div class=\"ngg-gallery-thumbnail\">\n            <a href=\"https:\/\/www.freimarianne.ch\/wp-content\/gallery\/klewenalp-9-1-20\/IMG_4673.jpeg\"\n               title=\"Marianne  im Schatten, Niederbauenstock\"\n               data-src=\"https:\/\/www.freimarianne.ch\/wp-content\/gallery\/klewenalp-9-1-20\/IMG_4673.jpeg\"\n               data-thumbnail=\"https:\/\/www.freimarianne.ch\/wp-content\/gallery\/klewenalp-9-1-20\/thumbs\/thumbs_IMG_4673.jpeg\"\n               data-image-id=\"21799\"\n               data-title=\"IMG_4673\"\n               data-description=\"Marianne  im Schatten, Niederbauenstock\"\n               data-image-slug=\"img_4673-4\"\n               class=\"shutterset_39626\">\n                <img\n                    title=\"IMG_4673\"\n                    alt=\"IMG_4673\"\n                    src=\"https:\/\/www.freimarianne.ch\/wp-content\/gallery\/klewenalp-9-1-20\/thumbs\/thumbs_IMG_4673.jpeg\"\n                    width=\"100\"\n                    height=\"75\"\n                    style=\"max-width:100%;\"\n                \/>\n            <\/a>\n        <\/div>\n\t\t\t\t\t\t\t<\/div> \n\t\t\t\n        \n\t\t\t\t<div id=\"ngg-image-5\" class=\"ngg-gallery-thumbnail-box\" >\n\t\t\t\t        <div class=\"ngg-gallery-thumbnail\">\n            <a href=\"https:\/\/www.freimarianne.ch\/wp-content\/gallery\/klewenalp-9-1-20\/IMG_4682.jpeg\"\n               title=\"Marianne bei der Stockh\u00fctte  mit  Nieder - und Oberbauen\"\n               data-src=\"https:\/\/www.freimarianne.ch\/wp-content\/gallery\/klewenalp-9-1-20\/IMG_4682.jpeg\"\n               data-thumbnail=\"https:\/\/www.freimarianne.ch\/wp-content\/gallery\/klewenalp-9-1-20\/thumbs\/thumbs_IMG_4682.jpeg\"\n               data-image-id=\"21798\"\n               data-title=\"IMG_4682\"\n               data-description=\"Marianne bei der Stockh\u00fctte  mit  Nieder - und Oberbauen\"\n               data-image-slug=\"img_4682-2\"\n               class=\"shutterset_39626\">\n                <img\n                    title=\"IMG_4682\"\n                    alt=\"IMG_4682\"\n                    src=\"https:\/\/www.freimarianne.ch\/wp-content\/gallery\/klewenalp-9-1-20\/thumbs\/thumbs_IMG_4682.jpeg\"\n                    width=\"100\"\n                    height=\"75\"\n                    style=\"max-width:100%;\"\n                \/>\n            <\/a>\n        <\/div>\n\t\t\t\t\t\t\t<\/div> \n\t\t\t\n        \n\t\t\t\t<div id=\"ngg-image-6\" class=\"ngg-gallery-thumbnail-box\" >\n\t\t\t\t        <div class=\"ngg-gallery-thumbnail\">\n            <a href=\"https:\/\/www.freimarianne.ch\/wp-content\/gallery\/klewenalp-9-1-20\/IMG_4684.jpeg\"\n               title=\"bei der Stockh\u00fctte  mit  den beiden Mythen und  Niederbauen\"\n               data-src=\"https:\/\/www.freimarianne.ch\/wp-content\/gallery\/klewenalp-9-1-20\/IMG_4684.jpeg\"\n               data-thumbnail=\"https:\/\/www.freimarianne.ch\/wp-content\/gallery\/klewenalp-9-1-20\/thumbs\/thumbs_IMG_4684.jpeg\"\n               data-image-id=\"21797\"\n               data-title=\"IMG_4684\"\n               data-description=\"bei der Stockh\u00fctte  mit  den beiden Mythen und  Niederbauen\"\n               data-image-slug=\"img_4684-1\"\n               class=\"shutterset_39626\">\n                <img\n                    title=\"IMG_4684\"\n                    alt=\"IMG_4684\"\n                    src=\"https:\/\/www.freimarianne.ch\/wp-content\/gallery\/klewenalp-9-1-20\/thumbs\/thumbs_IMG_4684.jpeg\"\n                    width=\"100\"\n                    height=\"75\"\n                    style=\"max-width:100%;\"\n                \/>\n            <\/a>\n        <\/div>\n\t\t\t\t\t\t\t<\/div> \n\t\t\t\n        \n\t\t\t\t<div id=\"ngg-image-7\" class=\"ngg-gallery-thumbnail-box\" >\n\t\t\t\t        <div class=\"ngg-gallery-thumbnail\">\n            <a href=\"https:\/\/www.freimarianne.ch\/wp-content\/gallery\/klewenalp-9-1-20\/IMG_4687-88.jpeg\"\n               title=\"Rigi Hohfluh, die beidenMythen und Fronalpstock\"\n               data-src=\"https:\/\/www.freimarianne.ch\/wp-content\/gallery\/klewenalp-9-1-20\/IMG_4687-88.jpeg\"\n               data-thumbnail=\"https:\/\/www.freimarianne.ch\/wp-content\/gallery\/klewenalp-9-1-20\/thumbs\/thumbs_IMG_4687-88.jpeg\"\n               data-image-id=\"21796\"\n               data-title=\"IMG_4687-88\"\n               data-description=\"Rigi Hohfluh, die beidenMythen und Fronalpstock\"\n               data-image-slug=\"img_4687-88\"\n               class=\"shutterset_39626\">\n                <img\n                    title=\"IMG_4687-88\"\n                    alt=\"IMG_4687-88\"\n                    src=\"https:\/\/www.freimarianne.ch\/wp-content\/gallery\/klewenalp-9-1-20\/thumbs\/thumbs_IMG_4687-88.jpeg\"\n                    width=\"100\"\n                    height=\"75\"\n                    style=\"max-width:100%;\"\n                \/>\n            <\/a>\n        <\/div>\n\t\t\t\t\t\t\t<\/div> \n\t\t\t\n        \n\t\t\t\t<div id=\"ngg-image-8\" class=\"ngg-gallery-thumbnail-box\" >\n\t\t\t\t        <div class=\"ngg-gallery-thumbnail\">\n            <a href=\"https:\/\/www.freimarianne.ch\/wp-content\/gallery\/klewenalp-9-1-20\/IMG_4689.jpeg\"\n               title=\"Niederbauen\"\n               data-src=\"https:\/\/www.freimarianne.ch\/wp-content\/gallery\/klewenalp-9-1-20\/IMG_4689.jpeg\"\n               data-thumbnail=\"https:\/\/www.freimarianne.ch\/wp-content\/gallery\/klewenalp-9-1-20\/thumbs\/thumbs_IMG_4689.jpeg\"\n               data-image-id=\"21795\"\n               data-title=\"IMG_4689\"\n               data-description=\"Niederbauen\"\n               data-image-slug=\"img_4689\"\n               class=\"shutterset_39626\">\n                <img\n                    title=\"IMG_4689\"\n                    alt=\"IMG_4689\"\n                    src=\"https:\/\/www.freimarianne.ch\/wp-content\/gallery\/klewenalp-9-1-20\/thumbs\/thumbs_IMG_4689.jpeg\"\n                    width=\"100\"\n                    height=\"75\"\n                    style=\"max-width:100%;\"\n                \/>\n            <\/a>\n        <\/div>\n\t\t\t\t\t\t\t<\/div> \n\t\t\t\n        \n\t\t\n\t\t<!-- Pagination -->\n\t<div class='ngg-clear'><\/div>\t<\/div>\n<\/p>\n","protected":false},"excerpt":{"rendered":"<p>Winterwanderung von der Klewenalp \u00fcber Tannib\u00fcel zur Stockh\u00fctte im Schatten: Nieder -und Oberbauenstock Heute ist eine eher kurze Wanderung geplant, um den Weg von der Klewenalp hin\u00fcber zur Stockh\u00fctte kennenzulernen. Es ist mir schon bewusst, dass ich da ein langes St\u00fcck im Schatten gehen werde. So geniesse ich zuerst den Sonnenschein auf der Klewenalp, wo [&hellip;]<\/p>\n","protected":false},"author":1,"featured_media":0,"parent":39217,"menu_order":8,"comment_status":"closed","ping_status":"closed","template":"","meta":{"ngg_post_thumbnail":0},"_links":{"self":[{"href":"https:\/\/www.freimarianne.ch\/index.php?rest_route=\/wp\/v2\/pages\/39536"}],"collection":[{"href":"https:\/\/www.freimarianne.ch\/index.php?rest_route=\/wp\/v2\/pages"}],"about":[{"href":"https:\/\/www.freimarianne.ch\/index.php?rest_route=\/wp\/v2\/types\/page"}],"author":[{"embeddable":true,"href":"https:\/\/www.freimarianne.ch\/index.php?rest_route=\/wp\/v2\/users\/1"}],"replies":[{"embeddable":true,"href":"https:\/\/www.freimarianne.ch\/index.php?rest_route=%2Fwp%2Fv2%2Fcomments&post=39536"}],"version-history":[{"count":7,"href":"https:\/\/www.freimarianne.ch\/index.php?rest_route=\/wp\/v2\/pages\/39536\/revisions"}],"predecessor-version":[{"id":44899,"href":"https:\/\/www.freimarianne.ch\/index.php?rest_route=\/wp\/v2\/pages\/39536\/revisions\/44899"}],"up":[{"embeddable":true,"href":"https:\/\/www.freimarianne.ch\/index.php?rest_route=\/wp\/v2\/pages\/39217"}],"wp:attachment":[{"href":"https:\/\/www.freimarianne.ch\/index.php?rest_route=%2Fwp%2Fv2%2Fmedia&parent=39536"}],"curies":[{"name":"wp","href":"https:\/\/api.w.org\/{rel}","templated":true}]}}