{"id":39767,"date":"2020-02-02T11:28:09","date_gmt":"2020-02-02T10:28:09","guid":{"rendered":"http:\/\/www.freimarianne.ch\/?page_id=39767"},"modified":"2020-02-02T11:37:55","modified_gmt":"2020-02-02T10:37:55","slug":"appenzell-gonten-ai-31-1-2020","status":"publish","type":"page","link":"https:\/\/www.freimarianne.ch\/?page_id=39767","title":{"rendered":"Appenzell &#8211; Gonten  AI   31.1.2020"},"content":{"rendered":"<p><strong>Wanderung von Appenzell nach\u00a0 Gonten<\/strong><\/p>\n<p><img loading=\"lazy\" class=\"size-full wp-image-39766\" src=\"http:\/\/www.freimarianne.ch\/wp-content\/uploads\/2020\/02\/Appenzell_500.jpeg\" alt=\"\" width=\"500\" height=\"334\" srcset=\"https:\/\/www.freimarianne.ch\/wp-content\/uploads\/2020\/02\/Appenzell_500.jpeg 500w, https:\/\/www.freimarianne.ch\/wp-content\/uploads\/2020\/02\/Appenzell_500-300x200.jpeg 300w, https:\/\/www.freimarianne.ch\/wp-content\/uploads\/2020\/02\/Appenzell_500-449x300.jpeg 449w\" sizes=\"(max-width: 500px) 100vw, 500px\" \/><br \/>\ndie Weiher im Moos<\/p>\n<p>Eigentlich ist heute die Route von Appenzell nach Urn\u00e4sch geplant. Am Vortag ist in dieser Gegend Schnee gefallen, aber es ist nicht mehr viel davon \u00fcbrig. Da der Boden gefroren ist, kann die N\u00e4sse nicht abfliessen und wir m\u00fcssen zumeist in einem sehr nassen Gel\u00e4nde gehen, was uns auch bewegt, diese Wanderung bereits in Gonten abzubrechen, wobei auch der einsetzende Regen ein weiterer Grund dazu war.<br \/>\nWir wandern von Appenzell hinaus, queren die alte Steinbr\u00fccke \u00fcber den Kaubach und steigen dem Hang entlang gegen Sommerau, wobei wir \u00fcber feuchte Wiesen gehen.<br \/>\nBei Gontenbad queren wir das Geleise der Appenzellerbahn. Hier gibt es viele Wegweiser. Wir wandern nun \u00fcber nassen Wiesen hinaus ins Moos, wo sich auch einige Teiche neben dem Golfplatz befinden. In dieser Gegend sind Winterwanderwege, Schneeschuhtrails und Langlaufloipen ausgeschildert! Aber was n\u00fctzen diese, wenn der Schnee fehlt!<br \/>\nIch kann mir gut vorstellen, wie sch\u00f6n es w\u00e4re hier im Schnee zu gehen.<br \/>\nLeider kommt auch Regen auf und wir m\u00fcssen \u00fcber durchweichte Wiesen gehen, sodass wir schliesslich unsere Wanderung in Gonten abbrechen. Gl\u00fccklicherweise haben wir bald einen Zug nach Gossau.<br \/>\nDie heutige Wanderung war ein Versuch und wir haben das Terrain kennengelernt. Wer weiss, ob in dieser Gegen diesen Winter noch gen\u00fcgend Schnee f\u00e4llt!<\/p>\n<p>Laut Schweizmobil:<br \/>\nDistanz: 6.73km; Aufstieg: 194m; Abstieg: 74m; Wanderzeit: 1h 45 min<\/p>\n<p><a href=\"https:\/\/map.schweizmobil.ch\/?lang=de&amp;photos=yes&amp;bgLayer=pk&amp;logo=yes&amp;season=summer&amp;resolution=5&amp;E=2746662&amp;N=1243987&amp;layers=Wanderland&amp;trackId=6394629\">Karte Schweizmobil:<\/a><\/p>\n<p><!-- index.php -->\n<div\n\tclass=\"ngg-galleryoverview ngg-ajax-pagination-none\"\n\tid=\"ngg-gallery-39787-1\">\n\n    \t<div class=\"slideshowlink\">\n        <a href='https:\/\/www.freimarianne.ch\/index.php\/nggallery\/slideshow?page_id=39767'>[Show as slideshow]<\/a>\n\t\t\n\t<\/div>\n\t\t\t<!-- Thumbnails -->\n\t\t\t\t<div id=\"ngg-image-0\" class=\"ngg-gallery-thumbnail-box\" >\n\t\t\t\t        <div class=\"ngg-gallery-thumbnail\">\n            <a href=\"https:\/\/www.freimarianne.ch\/wp-content\/gallery\/appenzell-gonten-31-1-20\/IMG_5038.jpeg\"\n               title=\"F\u00e4hnerenspitz 1505m, Kamor 1751m, Hoher Kasten 1791m\"\n               data-src=\"https:\/\/www.freimarianne.ch\/wp-content\/gallery\/appenzell-gonten-31-1-20\/IMG_5038.jpeg\"\n               data-thumbnail=\"https:\/\/www.freimarianne.ch\/wp-content\/gallery\/appenzell-gonten-31-1-20\/thumbs\/thumbs_IMG_5038.jpeg\"\n               data-image-id=\"21886\"\n               data-title=\"IMG_5038\"\n               data-description=\"F\u00e4hnerenspitz 1505m, Kamor 1751m, Hoher Kasten 1791m\"\n               data-image-slug=\"img_5038-2\"\n               class=\"shutterset_39787\">\n                <img\n                    title=\"IMG_5038\"\n                    alt=\"IMG_5038\"\n                    src=\"https:\/\/www.freimarianne.ch\/wp-content\/gallery\/appenzell-gonten-31-1-20\/thumbs\/thumbs_IMG_5038.jpeg\"\n                    width=\"100\"\n                    height=\"75\"\n                    style=\"max-width:100%;\"\n                \/>\n            <\/a>\n        <\/div>\n\t\t\t\t\t\t\t<\/div> \n\t\t\t\n        \n\t\t\t\t<div id=\"ngg-image-1\" class=\"ngg-gallery-thumbnail-box\" >\n\t\t\t\t        <div class=\"ngg-gallery-thumbnail\">\n            <a href=\"https:\/\/www.freimarianne.ch\/wp-content\/gallery\/appenzell-gonten-31-1-20\/IMG_5039.jpeg\"\n               title=\"alte Kesselism\u00fchlebr\u00fccke  \u00fcber den Kaubach\"\n               data-src=\"https:\/\/www.freimarianne.ch\/wp-content\/gallery\/appenzell-gonten-31-1-20\/IMG_5039.jpeg\"\n               data-thumbnail=\"https:\/\/www.freimarianne.ch\/wp-content\/gallery\/appenzell-gonten-31-1-20\/thumbs\/thumbs_IMG_5039.jpeg\"\n               data-image-id=\"21885\"\n               data-title=\"IMG_5039\"\n               data-description=\"alte Kesselism\u00fchlebr\u00fccke  \u00fcber den Kaubach\"\n               data-image-slug=\"img_5039-1\"\n               class=\"shutterset_39787\">\n                <img\n                    title=\"IMG_5039\"\n                    alt=\"IMG_5039\"\n                    src=\"https:\/\/www.freimarianne.ch\/wp-content\/gallery\/appenzell-gonten-31-1-20\/thumbs\/thumbs_IMG_5039.jpeg\"\n                    width=\"100\"\n                    height=\"75\"\n                    style=\"max-width:100%;\"\n                \/>\n            <\/a>\n        <\/div>\n\t\t\t\t\t\t\t<\/div> \n\t\t\t\n        \n\t\t\t\t<div id=\"ngg-image-2\" class=\"ngg-gallery-thumbnail-box\" >\n\t\t\t\t        <div class=\"ngg-gallery-thumbnail\">\n            <a href=\"https:\/\/www.freimarianne.ch\/wp-content\/gallery\/appenzell-gonten-31-1-20\/IMG_5051.jpeg\"\n               title=\"viele M\u00f6glichkeiten bei Schnee!!\"\n               data-src=\"https:\/\/www.freimarianne.ch\/wp-content\/gallery\/appenzell-gonten-31-1-20\/IMG_5051.jpeg\"\n               data-thumbnail=\"https:\/\/www.freimarianne.ch\/wp-content\/gallery\/appenzell-gonten-31-1-20\/thumbs\/thumbs_IMG_5051.jpeg\"\n               data-image-id=\"21884\"\n               data-title=\"IMG_5051\"\n               data-description=\"viele M\u00f6glichkeiten bei Schnee!!\"\n               data-image-slug=\"img_5051\"\n               class=\"shutterset_39787\">\n                <img\n                    title=\"IMG_5051\"\n                    alt=\"IMG_5051\"\n                    src=\"https:\/\/www.freimarianne.ch\/wp-content\/gallery\/appenzell-gonten-31-1-20\/thumbs\/thumbs_IMG_5051.jpeg\"\n                    width=\"100\"\n                    height=\"75\"\n                    style=\"max-width:100%;\"\n                \/>\n            <\/a>\n        <\/div>\n\t\t\t\t\t\t\t<\/div> \n\t\t\t\n        \n\t\t\t\t<div id=\"ngg-image-3\" class=\"ngg-gallery-thumbnail-box\" >\n\t\t\t\t        <div class=\"ngg-gallery-thumbnail\">\n            <a href=\"https:\/\/www.freimarianne.ch\/wp-content\/gallery\/appenzell-gonten-31-1-20\/IMG_5054.jpeg\"\n               title=\"Gontenbad  893m\"\n               data-src=\"https:\/\/www.freimarianne.ch\/wp-content\/gallery\/appenzell-gonten-31-1-20\/IMG_5054.jpeg\"\n               data-thumbnail=\"https:\/\/www.freimarianne.ch\/wp-content\/gallery\/appenzell-gonten-31-1-20\/thumbs\/thumbs_IMG_5054.jpeg\"\n               data-image-id=\"21883\"\n               data-title=\"IMG_5054\"\n               data-description=\"Gontenbad  893m\"\n               data-image-slug=\"img_5054-5\"\n               class=\"shutterset_39787\">\n                <img\n                    title=\"IMG_5054\"\n                    alt=\"IMG_5054\"\n                    src=\"https:\/\/www.freimarianne.ch\/wp-content\/gallery\/appenzell-gonten-31-1-20\/thumbs\/thumbs_IMG_5054.jpeg\"\n                    width=\"100\"\n                    height=\"75\"\n                    style=\"max-width:100%;\"\n                \/>\n            <\/a>\n        <\/div>\n\t\t\t\t\t\t\t<\/div> \n\t\t\t\n        \n\t\t\t\t<div id=\"ngg-image-4\" class=\"ngg-gallery-thumbnail-box\" >\n\t\t\t\t        <div class=\"ngg-gallery-thumbnail\">\n            <a href=\"https:\/\/www.freimarianne.ch\/wp-content\/gallery\/appenzell-gonten-31-1-20\/IMG_5055.jpeg\"\n               title=\"die Weiher im Moos\"\n               data-src=\"https:\/\/www.freimarianne.ch\/wp-content\/gallery\/appenzell-gonten-31-1-20\/IMG_5055.jpeg\"\n               data-thumbnail=\"https:\/\/www.freimarianne.ch\/wp-content\/gallery\/appenzell-gonten-31-1-20\/thumbs\/thumbs_IMG_5055.jpeg\"\n               data-image-id=\"21882\"\n               data-title=\"IMG_5055\"\n               data-description=\"die Weiher im Moos\"\n               data-image-slug=\"img_5055-3\"\n               class=\"shutterset_39787\">\n                <img\n                    title=\"IMG_5055\"\n                    alt=\"IMG_5055\"\n                    src=\"https:\/\/www.freimarianne.ch\/wp-content\/gallery\/appenzell-gonten-31-1-20\/thumbs\/thumbs_IMG_5055.jpeg\"\n                    width=\"100\"\n                    height=\"75\"\n                    style=\"max-width:100%;\"\n                \/>\n            <\/a>\n        <\/div>\n\t\t\t\t\t\t\t<\/div> \n\t\t\t\n        \n\t\t\t\t<div id=\"ngg-image-5\" class=\"ngg-gallery-thumbnail-box\" >\n\t\t\t\t        <div class=\"ngg-gallery-thumbnail\">\n            <a href=\"https:\/\/www.freimarianne.ch\/wp-content\/gallery\/appenzell-gonten-31-1-20\/IMG_5059.jpeg\"\n               title=\"im nassen Moos\"\n               data-src=\"https:\/\/www.freimarianne.ch\/wp-content\/gallery\/appenzell-gonten-31-1-20\/IMG_5059.jpeg\"\n               data-thumbnail=\"https:\/\/www.freimarianne.ch\/wp-content\/gallery\/appenzell-gonten-31-1-20\/thumbs\/thumbs_IMG_5059.jpeg\"\n               data-image-id=\"21881\"\n               data-title=\"IMG_5059\"\n               data-description=\"im nassen Moos\"\n               data-image-slug=\"img_5059-2\"\n               class=\"shutterset_39787\">\n                <img\n                    title=\"IMG_5059\"\n                    alt=\"IMG_5059\"\n                    src=\"https:\/\/www.freimarianne.ch\/wp-content\/gallery\/appenzell-gonten-31-1-20\/thumbs\/thumbs_IMG_5059.jpeg\"\n                    width=\"100\"\n                    height=\"75\"\n                    style=\"max-width:100%;\"\n                \/>\n            <\/a>\n        <\/div>\n\t\t\t\t\t\t\t<\/div> \n\t\t\t\n        \n\t\t\t\t<div id=\"ngg-image-6\" class=\"ngg-gallery-thumbnail-box\" >\n\t\t\t\t        <div class=\"ngg-gallery-thumbnail\">\n            <a href=\"https:\/\/www.freimarianne.ch\/wp-content\/gallery\/appenzell-gonten-31-1-20\/IMG_5066.jpeg\"\n               title=\"\u00fcber das Moos gegen Gonten\"\n               data-src=\"https:\/\/www.freimarianne.ch\/wp-content\/gallery\/appenzell-gonten-31-1-20\/IMG_5066.jpeg\"\n               data-thumbnail=\"https:\/\/www.freimarianne.ch\/wp-content\/gallery\/appenzell-gonten-31-1-20\/thumbs\/thumbs_IMG_5066.jpeg\"\n               data-image-id=\"21880\"\n               data-title=\"IMG_5066\"\n               data-description=\"\u00fcber das Moos gegen Gonten\"\n               data-image-slug=\"img_5066-2\"\n               class=\"shutterset_39787\">\n                <img\n                    title=\"IMG_5066\"\n                    alt=\"IMG_5066\"\n                    src=\"https:\/\/www.freimarianne.ch\/wp-content\/gallery\/appenzell-gonten-31-1-20\/thumbs\/thumbs_IMG_5066.jpeg\"\n                    width=\"100\"\n                    height=\"75\"\n                    style=\"max-width:100%;\"\n                \/>\n            <\/a>\n        <\/div>\n\t\t\t\t\t\t\t<\/div> \n\t\t\t\n        \n\t\t\n\t\t<!-- Pagination -->\n\t<div class='ngg-clear'><\/div>\t<\/div>\n<\/p>\n","protected":false},"excerpt":{"rendered":"<p>Wanderung von Appenzell nach\u00a0 Gonten die Weiher im Moos Eigentlich ist heute die Route von Appenzell nach Urn\u00e4sch geplant. Am Vortag ist in dieser Gegend Schnee gefallen, aber es ist nicht mehr viel davon \u00fcbrig. Da der Boden gefroren ist, kann die N\u00e4sse nicht abfliessen und wir m\u00fcssen zumeist in einem sehr nassen Gel\u00e4nde gehen, [&hellip;]<\/p>\n","protected":false},"author":1,"featured_media":0,"parent":39217,"menu_order":13,"comment_status":"closed","ping_status":"closed","template":"","meta":{"ngg_post_thumbnail":0},"_links":{"self":[{"href":"https:\/\/www.freimarianne.ch\/index.php?rest_route=\/wp\/v2\/pages\/39767"}],"collection":[{"href":"https:\/\/www.freimarianne.ch\/index.php?rest_route=\/wp\/v2\/pages"}],"about":[{"href":"https:\/\/www.freimarianne.ch\/index.php?rest_route=\/wp\/v2\/types\/page"}],"author":[{"embeddable":true,"href":"https:\/\/www.freimarianne.ch\/index.php?rest_route=\/wp\/v2\/users\/1"}],"replies":[{"embeddable":true,"href":"https:\/\/www.freimarianne.ch\/index.php?rest_route=%2Fwp%2Fv2%2Fcomments&post=39767"}],"version-history":[{"count":6,"href":"https:\/\/www.freimarianne.ch\/index.php?rest_route=\/wp\/v2\/pages\/39767\/revisions"}],"predecessor-version":[{"id":39790,"href":"https:\/\/www.freimarianne.ch\/index.php?rest_route=\/wp\/v2\/pages\/39767\/revisions\/39790"}],"up":[{"embeddable":true,"href":"https:\/\/www.freimarianne.ch\/index.php?rest_route=\/wp\/v2\/pages\/39217"}],"wp:attachment":[{"href":"https:\/\/www.freimarianne.ch\/index.php?rest_route=%2Fwp%2Fv2%2Fmedia&parent=39767"}],"curies":[{"name":"wp","href":"https:\/\/api.w.org\/{rel}","templated":true}]}}