{"id":40235,"date":"2020-05-01T10:36:34","date_gmt":"2020-05-01T09:36:34","guid":{"rendered":"http:\/\/www.freimarianne.ch\/?page_id=40235"},"modified":"2020-05-24T09:49:51","modified_gmt":"2020-05-24T08:49:51","slug":"lockdown-page-marz-april-2020","status":"publish","type":"page","link":"https:\/\/www.freimarianne.ch\/?page_id=40235","title":{"rendered":"Lockdown Page   M\u00e4rz -April 2020"},"content":{"rendered":"<p><strong>Lockdown ab 17. M\u00e4rz 2020<\/strong><br \/>\nEine noch nie dagewesene Zeit !<br \/>\nMein Radius beschr\u00e4nkt sich rund um Allschwil.Das Gebiet erstreckt sich bis nach Sch\u00f6nenbuch, Biel &#8211; Benken und Oberwil. Ich gehe die altbekannten Wege, die ich in letzter Zeit nicht mehr gegangen bin und erleben wieder einmal die Sch\u00f6nheit der n\u00e4heren Umgebung.<\/p>\n<p>Hier einige Impressionen\u00a0 von dieser Zeit.<\/p>\n<p><img loading=\"lazy\" class=\"alignleft wp-image-40261\" src=\"http:\/\/www.freimarianne.ch\/wp-content\/uploads\/2020\/05\/COLLAGE-02jpg-300x300.jpg\" alt=\"\" width=\"560\" height=\"560\" srcset=\"https:\/\/www.freimarianne.ch\/wp-content\/uploads\/2020\/05\/COLLAGE-02jpg-300x300.jpg 300w, https:\/\/www.freimarianne.ch\/wp-content\/uploads\/2020\/05\/COLLAGE-02jpg-1024x1024.jpg 1024w, https:\/\/www.freimarianne.ch\/wp-content\/uploads\/2020\/05\/COLLAGE-02jpg-768x768.jpg 768w, https:\/\/www.freimarianne.ch\/wp-content\/uploads\/2020\/05\/COLLAGE-02jpg.jpg 1104w\" sizes=\"(max-width: 560px) 100vw, 560px\" \/><\/p>\n<p><img loading=\"lazy\" class=\"alignleft size-large wp-image-40261\" src=\"http:\/\/www.freimarianne.ch\/wp-content\/uploads\/2020\/05\/COLLAGE-02jpg-1024x1024.jpg\" alt=\"\" width=\"1024\" height=\"1024\" srcset=\"https:\/\/www.freimarianne.ch\/wp-content\/uploads\/2020\/05\/COLLAGE-02jpg-1024x1024.jpg 1024w, https:\/\/www.freimarianne.ch\/wp-content\/uploads\/2020\/05\/COLLAGE-02jpg-300x300.jpg 300w, https:\/\/www.freimarianne.ch\/wp-content\/uploads\/2020\/05\/COLLAGE-02jpg-768x768.jpg 768w, https:\/\/www.freimarianne.ch\/wp-content\/uploads\/2020\/05\/COLLAGE-02jpg.jpg 1104w\" sizes=\"(max-width: 1024px) 100vw, 1024px\" \/><img loading=\"lazy\" class=\"alignleft size-large wp-image-40260\" src=\"http:\/\/www.freimarianne.ch\/wp-content\/uploads\/2020\/05\/COLLAGE_lock01-1024x1024.jpg\" alt=\"\" width=\"1024\" height=\"1024\" srcset=\"https:\/\/www.freimarianne.ch\/wp-content\/uploads\/2020\/05\/COLLAGE_lock01-1024x1024.jpg 1024w, https:\/\/www.freimarianne.ch\/wp-content\/uploads\/2020\/05\/COLLAGE_lock01-300x300.jpg 300w, https:\/\/www.freimarianne.ch\/wp-content\/uploads\/2020\/05\/COLLAGE_lock01-768x768.jpg 768w, https:\/\/www.freimarianne.ch\/wp-content\/uploads\/2020\/05\/COLLAGE_lock01.jpg 1107w\" sizes=\"(max-width: 1024px) 100vw, 1024px\" \/><\/p>\n","protected":false},"excerpt":{"rendered":"<p>Lockdown ab 17. M\u00e4rz 2020 Eine noch nie dagewesene Zeit ! Mein Radius beschr\u00e4nkt sich rund um Allschwil.Das Gebiet erstreckt sich bis nach Sch\u00f6nenbuch, Biel &#8211; Benken und Oberwil. Ich gehe die altbekannten Wege, die ich in letzter Zeit nicht mehr gegangen bin und erleben wieder einmal die Sch\u00f6nheit der n\u00e4heren Umgebung. Hier einige Impressionen\u00a0 [&hellip;]<\/p>\n","protected":false},"author":1,"featured_media":0,"parent":40177,"menu_order":4,"comment_status":"closed","ping_status":"closed","template":"","meta":{"ngg_post_thumbnail":0},"_links":{"self":[{"href":"https:\/\/www.freimarianne.ch\/index.php?rest_route=\/wp\/v2\/pages\/40235"}],"collection":[{"href":"https:\/\/www.freimarianne.ch\/index.php?rest_route=\/wp\/v2\/pages"}],"about":[{"href":"https:\/\/www.freimarianne.ch\/index.php?rest_route=\/wp\/v2\/types\/page"}],"author":[{"embeddable":true,"href":"https:\/\/www.freimarianne.ch\/index.php?rest_route=\/wp\/v2\/users\/1"}],"replies":[{"embeddable":true,"href":"https:\/\/www.freimarianne.ch\/index.php?rest_route=%2Fwp%2Fv2%2Fcomments&post=40235"}],"version-history":[{"count":16,"href":"https:\/\/www.freimarianne.ch\/index.php?rest_route=\/wp\/v2\/pages\/40235\/revisions"}],"predecessor-version":[{"id":40350,"href":"https:\/\/www.freimarianne.ch\/index.php?rest_route=\/wp\/v2\/pages\/40235\/revisions\/40350"}],"up":[{"embeddable":true,"href":"https:\/\/www.freimarianne.ch\/index.php?rest_route=\/wp\/v2\/pages\/40177"}],"wp:attachment":[{"href":"https:\/\/www.freimarianne.ch\/index.php?rest_route=%2Fwp%2Fv2%2Fmedia&parent=40235"}],"curies":[{"name":"wp","href":"https:\/\/api.w.org\/{rel}","templated":true}]}}