{"id":40239,"date":"2020-05-01T10:42:10","date_gmt":"2020-05-01T09:42:10","guid":{"rendered":"http:\/\/www.freimarianne.ch\/?page_id=40239"},"modified":"2020-05-01T10:49:23","modified_gmt":"2020-05-01T09:49:23","slug":"hottwil-schwaderloch-29-4-2020","status":"publish","type":"page","link":"https:\/\/www.freimarianne.ch\/?page_id=40239","title":{"rendered":"Hottwil &#8211; Schwaderloch  29.4.2020"},"content":{"rendered":"<p><strong>Hottwil in Mettauertal &#8211; Schwaderloch<\/strong><\/p>\n<p><img loading=\"lazy\" class=\"alignleft size-full wp-image-40241\" src=\"http:\/\/www.freimarianne.ch\/wp-content\/uploads\/2020\/05\/hottwil-4.20_500.jpeg\" alt=\"\" width=\"500\" height=\"334\" srcset=\"https:\/\/www.freimarianne.ch\/wp-content\/uploads\/2020\/05\/hottwil-4.20_500.jpeg 500w, https:\/\/www.freimarianne.ch\/wp-content\/uploads\/2020\/05\/hottwil-4.20_500-300x200.jpeg 300w, https:\/\/www.freimarianne.ch\/wp-content\/uploads\/2020\/05\/hottwil-4.20_500-449x300.jpeg 449w\" sizes=\"(max-width: 500px) 100vw, 500px\" \/><\/p>\n<p>Heute wagen wir uns trotz Lockdown zum ersten Mal nach nach mehr 6 Wochen auf eine Wanderung.<br \/>\nWir m\u00f6chten auch sehen, wie wenig Leute unterwegs sind. Nach meiner Erfahrung hatte es wenig Leute im Tram und in der S-Bahn nach Laufenburg. Im Postauto nach Hottwil im Mettauertal waren wir die einzigen Fahrg\u00e4ste.<br \/>\nNat\u00fcrlich ist das Wetter heute nicht sehr gut, weswegen wir dann auf unserer Wanderung keinen Menschen antraffen. In Hottwil folgen wir den Zeichen \u201e Fl\u00f6sserweg\u201c ( gelbe Wegweiser gibt es hier keine).Anfangs auf Teer, dann auf Naturstr\u00e4sschen wandern wir durch die Abh\u00e4nge des gr\u00fcnen Mettauertals.Wir kommen \u00fcber Oedenholz und Bossenhus und erreichen dann den Aussichtspunkt Wandflue, von wo wir hinunter auf Leibstatt mit dem AKW sehen. Wir geniessen hier die momentane sonnige Aufhellung und wandern dann hinunter gegen Schwaderloch am Rhein,wobei wir noch in einen kurzen Regenschauer kommen. Unten \u00eem Tal ist dann bereits wieder sonnig und warm. Hier nehmen wir den Bus nach Laufenburg.<\/p>\n<p>Fazit dieser Wanderung: Man kann schon unterwegs sein mit dem \u00d6V, obwohl wir im Bus gelesen haben, dass Leute \u00fcber 65 ebendiesen \u00d6V nicht ben\u00fctzen sollten ! Aber wir k\u00f6nnen doch nicht den ganzen Sommer \u00fcber zuhause bleiben ! Ausserdem haben wir ein GA, das wir auch benutzen wollen. Mit den neuen Lockerungen werden wir dann Gesichtsmasken im \u00d6V tragen.<\/p>\n<p>Laut Schweizmobil:<br \/>\nDistanz: 9.51km; Aufstieg: 232m; Abstieg: 332m; Wanderzeit: 2h 27min<\/p>\n<p><a href=\"https:\/\/map.schweizmobil.ch\/?lang=de&amp;photos=yes&amp;logo=yes&amp;season=summer&amp;bgLayer=pk&amp;resolution=7.14&amp;E=2654372&amp;N=1268752&amp;layers=Wanderland%2CStation&amp;trackId=6726528\">Karte Schweizmobil:<\/a><\/p>\n<p><!-- index.php -->\n<div\n\tclass=\"ngg-galleryoverview ngg-ajax-pagination-none\"\n\tid=\"ngg-gallery-40258-1\">\n\n    \t<div class=\"slideshowlink\">\n        <a href='https:\/\/www.freimarianne.ch\/index.php\/nggallery\/slideshow?page_id=40239'>[Show as slideshow]<\/a>\n\t\t\n\t<\/div>\n\t\t\t<!-- Thumbnails -->\n\t\t\t\t<div id=\"ngg-image-0\" class=\"ngg-gallery-thumbnail-box\" >\n\t\t\t\t        <div class=\"ngg-gallery-thumbnail\">\n            <a href=\"https:\/\/www.freimarianne.ch\/wp-content\/gallery\/hottwil-29-4-20\/IMG_5695.jpeg\"\n               title=\"Hottwil\"\n               data-src=\"https:\/\/www.freimarianne.ch\/wp-content\/gallery\/hottwil-29-4-20\/IMG_5695.jpeg\"\n               data-thumbnail=\"https:\/\/www.freimarianne.ch\/wp-content\/gallery\/hottwil-29-4-20\/thumbs\/thumbs_IMG_5695.jpeg\"\n               data-image-id=\"22053\"\n               data-title=\"IMG_5695\"\n               data-description=\"Hottwil\"\n               data-image-slug=\"img_5695-2\"\n               class=\"shutterset_40258\">\n                <img\n                    title=\"IMG_5695\"\n                    alt=\"IMG_5695\"\n                    src=\"https:\/\/www.freimarianne.ch\/wp-content\/gallery\/hottwil-29-4-20\/thumbs\/thumbs_IMG_5695.jpeg\"\n                    width=\"100\"\n                    height=\"75\"\n                    style=\"max-width:100%;\"\n                \/>\n            <\/a>\n        <\/div>\n\t\t\t\t\t\t\t<\/div> \n\t\t\t\n        \n\t\t\t\t<div id=\"ngg-image-1\" class=\"ngg-gallery-thumbnail-box\" >\n\t\t\t\t        <div class=\"ngg-gallery-thumbnail\">\n            <a href=\"https:\/\/www.freimarianne.ch\/wp-content\/gallery\/hottwil-29-4-20\/IMG_5697.jpeg\"\n               title=\"Wiesen Bocksbart, Tragopogon pratensis, Asteraceae\"\n               data-src=\"https:\/\/www.freimarianne.ch\/wp-content\/gallery\/hottwil-29-4-20\/IMG_5697.jpeg\"\n               data-thumbnail=\"https:\/\/www.freimarianne.ch\/wp-content\/gallery\/hottwil-29-4-20\/thumbs\/thumbs_IMG_5697.jpeg\"\n               data-image-id=\"22054\"\n               data-title=\"IMG_5697\"\n               data-description=\"Wiesen Bocksbart, Tragopogon pratensis, Asteraceae\"\n               data-image-slug=\"img_5697-3\"\n               class=\"shutterset_40258\">\n                <img\n                    title=\"IMG_5697\"\n                    alt=\"IMG_5697\"\n                    src=\"https:\/\/www.freimarianne.ch\/wp-content\/gallery\/hottwil-29-4-20\/thumbs\/thumbs_IMG_5697.jpeg\"\n                    width=\"100\"\n                    height=\"75\"\n                    style=\"max-width:100%;\"\n                \/>\n            <\/a>\n        <\/div>\n\t\t\t\t\t\t\t<\/div> \n\t\t\t\n        \n\t\t\t\t<div id=\"ngg-image-2\" class=\"ngg-gallery-thumbnail-box\" >\n\t\t\t\t        <div class=\"ngg-gallery-thumbnail\">\n            <a href=\"https:\/\/www.freimarianne.ch\/wp-content\/gallery\/hottwil-29-4-20\/IMG_5699.jpeg\"\n               title=\"wundersch\u00f6ne, gr\u00fcne Landschaft\"\n               data-src=\"https:\/\/www.freimarianne.ch\/wp-content\/gallery\/hottwil-29-4-20\/IMG_5699.jpeg\"\n               data-thumbnail=\"https:\/\/www.freimarianne.ch\/wp-content\/gallery\/hottwil-29-4-20\/thumbs\/thumbs_IMG_5699.jpeg\"\n               data-image-id=\"22055\"\n               data-title=\"IMG_5699\"\n               data-description=\"wundersch\u00f6ne, gr\u00fcne Landschaft\"\n               data-image-slug=\"img_5699-3\"\n               class=\"shutterset_40258\">\n                <img\n                    title=\"IMG_5699\"\n                    alt=\"IMG_5699\"\n                    src=\"https:\/\/www.freimarianne.ch\/wp-content\/gallery\/hottwil-29-4-20\/thumbs\/thumbs_IMG_5699.jpeg\"\n                    width=\"100\"\n                    height=\"75\"\n                    style=\"max-width:100%;\"\n                \/>\n            <\/a>\n        <\/div>\n\t\t\t\t\t\t\t<\/div> \n\t\t\t\n        \n\t\t\t\t<div id=\"ngg-image-3\" class=\"ngg-gallery-thumbnail-box\" >\n\t\t\t\t        <div class=\"ngg-gallery-thumbnail\">\n            <a href=\"https:\/\/www.freimarianne.ch\/wp-content\/gallery\/hottwil-29-4-20\/IMG_5700.jpeg\"\n               title=\"Blick auf Wil\"\n               data-src=\"https:\/\/www.freimarianne.ch\/wp-content\/gallery\/hottwil-29-4-20\/IMG_5700.jpeg\"\n               data-thumbnail=\"https:\/\/www.freimarianne.ch\/wp-content\/gallery\/hottwil-29-4-20\/thumbs\/thumbs_IMG_5700.jpeg\"\n               data-image-id=\"22056\"\n               data-title=\"IMG_5700\"\n               data-description=\"Blick auf Wil\"\n               data-image-slug=\"img_5700-1\"\n               class=\"shutterset_40258\">\n                <img\n                    title=\"IMG_5700\"\n                    alt=\"IMG_5700\"\n                    src=\"https:\/\/www.freimarianne.ch\/wp-content\/gallery\/hottwil-29-4-20\/thumbs\/thumbs_IMG_5700.jpeg\"\n                    width=\"100\"\n                    height=\"75\"\n                    style=\"max-width:100%;\"\n                \/>\n            <\/a>\n        <\/div>\n\t\t\t\t\t\t\t<\/div> \n\t\t\t\n        \n\t\t\t\t<div id=\"ngg-image-4\" class=\"ngg-gallery-thumbnail-box\" >\n\t\t\t\t        <div class=\"ngg-gallery-thumbnail\">\n            <a href=\"https:\/\/www.freimarianne.ch\/wp-content\/gallery\/hottwil-29-4-20\/IMG_5703.jpeg\"\n               title=\"Blick auf Wil\"\n               data-src=\"https:\/\/www.freimarianne.ch\/wp-content\/gallery\/hottwil-29-4-20\/IMG_5703.jpeg\"\n               data-thumbnail=\"https:\/\/www.freimarianne.ch\/wp-content\/gallery\/hottwil-29-4-20\/thumbs\/thumbs_IMG_5703.jpeg\"\n               data-image-id=\"22057\"\n               data-title=\"IMG_5703\"\n               data-description=\"Blick auf Wil\"\n               data-image-slug=\"img_5703-5\"\n               class=\"shutterset_40258\">\n                <img\n                    title=\"IMG_5703\"\n                    alt=\"IMG_5703\"\n                    src=\"https:\/\/www.freimarianne.ch\/wp-content\/gallery\/hottwil-29-4-20\/thumbs\/thumbs_IMG_5703.jpeg\"\n                    width=\"100\"\n                    height=\"75\"\n                    style=\"max-width:100%;\"\n                \/>\n            <\/a>\n        <\/div>\n\t\t\t\t\t\t\t<\/div> \n\t\t\t\n        \n\t\t\t\t<div id=\"ngg-image-5\" class=\"ngg-gallery-thumbnail-box\" >\n\t\t\t\t        <div class=\"ngg-gallery-thumbnail\">\n            <a href=\"https:\/\/www.freimarianne.ch\/wp-content\/gallery\/hottwil-29-4-20\/IMG_5708.jpeg\"\n               title=\"Blick auf das AKW Leibstatt\"\n               data-src=\"https:\/\/www.freimarianne.ch\/wp-content\/gallery\/hottwil-29-4-20\/IMG_5708.jpeg\"\n               data-thumbnail=\"https:\/\/www.freimarianne.ch\/wp-content\/gallery\/hottwil-29-4-20\/thumbs\/thumbs_IMG_5708.jpeg\"\n               data-image-id=\"22058\"\n               data-title=\"IMG_5708\"\n               data-description=\"Blick auf das AKW Leibstatt\"\n               data-image-slug=\"img_5708-1\"\n               class=\"shutterset_40258\">\n                <img\n                    title=\"IMG_5708\"\n                    alt=\"IMG_5708\"\n                    src=\"https:\/\/www.freimarianne.ch\/wp-content\/gallery\/hottwil-29-4-20\/thumbs\/thumbs_IMG_5708.jpeg\"\n                    width=\"100\"\n                    height=\"75\"\n                    style=\"max-width:100%;\"\n                \/>\n            <\/a>\n        <\/div>\n\t\t\t\t\t\t\t<\/div> \n\t\t\t\n        \n\t\t\n\t\t<!-- Pagination -->\n\t<div class='ngg-clear'><\/div>\t<\/div>\n<\/p>\n","protected":false},"excerpt":{"rendered":"<p>Hottwil in Mettauertal &#8211; Schwaderloch Heute wagen wir uns trotz Lockdown zum ersten Mal nach nach mehr 6 Wochen auf eine Wanderung. Wir m\u00f6chten auch sehen, wie wenig Leute unterwegs sind. Nach meiner Erfahrung hatte es wenig Leute im Tram und in der S-Bahn nach Laufenburg. Im Postauto nach Hottwil im Mettauertal waren wir die [&hellip;]<\/p>\n","protected":false},"author":1,"featured_media":0,"parent":40177,"menu_order":5,"comment_status":"closed","ping_status":"closed","template":"","meta":{"ngg_post_thumbnail":0},"_links":{"self":[{"href":"https:\/\/www.freimarianne.ch\/index.php?rest_route=\/wp\/v2\/pages\/40239"}],"collection":[{"href":"https:\/\/www.freimarianne.ch\/index.php?rest_route=\/wp\/v2\/pages"}],"about":[{"href":"https:\/\/www.freimarianne.ch\/index.php?rest_route=\/wp\/v2\/types\/page"}],"author":[{"embeddable":true,"href":"https:\/\/www.freimarianne.ch\/index.php?rest_route=\/wp\/v2\/users\/1"}],"replies":[{"embeddable":true,"href":"https:\/\/www.freimarianne.ch\/index.php?rest_route=%2Fwp%2Fv2%2Fcomments&post=40239"}],"version-history":[{"count":4,"href":"https:\/\/www.freimarianne.ch\/index.php?rest_route=\/wp\/v2\/pages\/40239\/revisions"}],"predecessor-version":[{"id":40259,"href":"https:\/\/www.freimarianne.ch\/index.php?rest_route=\/wp\/v2\/pages\/40239\/revisions\/40259"}],"up":[{"embeddable":true,"href":"https:\/\/www.freimarianne.ch\/index.php?rest_route=\/wp\/v2\/pages\/40177"}],"wp:attachment":[{"href":"https:\/\/www.freimarianne.ch\/index.php?rest_route=%2Fwp%2Fv2%2Fmedia&parent=40239"}],"curies":[{"name":"wp","href":"https:\/\/api.w.org\/{rel}","templated":true}]}}