{"id":40861,"date":"2020-06-19T15:17:04","date_gmt":"2020-06-19T14:17:04","guid":{"rendered":"http:\/\/www.freimarianne.ch\/?page_id=40861"},"modified":"2020-06-19T15:28:43","modified_gmt":"2020-06-19T14:28:43","slug":"lenzerheide-gr-18-6-2020","status":"publish","type":"page","link":"https:\/\/www.freimarianne.ch\/?page_id=40861","title":{"rendered":"Lenzerheide  GR  18.6.2020"},"content":{"rendered":"<p><strong>Route: Lai Riva &#8211; Spoina &#8211; Tgantieni &#8211; Lenzerheide <\/strong><\/p>\n<p><img loading=\"lazy\" class=\"size-full wp-image-40851\" src=\"http:\/\/www.freimarianne.ch\/wp-content\/uploads\/2020\/06\/IMG_1471._lenzerheide500.jpeg\" alt=\"\" width=\"500\" height=\"321\" srcset=\"https:\/\/www.freimarianne.ch\/wp-content\/uploads\/2020\/06\/IMG_1471._lenzerheide500.jpeg 500w, https:\/\/www.freimarianne.ch\/wp-content\/uploads\/2020\/06\/IMG_1471._lenzerheide500-300x193.jpeg 300w, https:\/\/www.freimarianne.ch\/wp-content\/uploads\/2020\/06\/IMG_1471._lenzerheide500-467x300.jpeg 467w\" sizes=\"(max-width: 500px) 100vw, 500px\" \/><br \/>\nLenzerheide mit See 1484m<\/p>\n<p>Wir sind heute inbezug auf das Wetter optimistisch und werden auch diesbez\u00fcglich nicht entt\u00e4uscht !<br \/>\nWir beginnen unsere Wanderung auf der Lenzerheide bei der Haltestelle Lai Riva und wandern \u00fcber den Damm nach Fadeil. Hier nehmen wir den Weg nach Spoina unter die F\u00fcsse, der hinauf nach Pedra Grossa f\u00fchrt. Von dort zweigen wir ab auf den Weg nach Spoina, von wo es weiter hinaufgeht zum Panoramaweg hin\u00fcber nach Tgantieni. Unterwegs halten wir unsere Mittagspause auf einer Bank und geniessen den Sonnenschein und die pr\u00e4chtige Aussicht. Zeitweise sind die Bergspitzen von Parpaner Weisshorn und &#8211; Rothorn und Lenzerhorn in den Wolken verschwunden. Bei Tgantieni nehmen wir den Wanderweg hinunter auf die Lenzerheide und m\u00fcssen am Schluss noch eine Strecke Hartbelag bew\u00e4ltigen.<br \/>\nDies war eine sehr sch\u00f6ne Wanderung, die wir f\u00fcr die Gruppe \u201eAlpenblick \u201e vorgelaufen haben.<\/p>\n<p>Laut Schweizmobil:<br \/>\nDistanz: 8.69km; Aufstieg= Abstieg: 405m; Wanderzeit: 2h 40min<\/p>\n<p><a href=\"https:\/\/map.schweizmobil.ch\/?lang=de&amp;land=wanderland&amp;route=761&amp;photos=yes&amp;logo=yes&amp;season=summer&amp;resolution=3.62&amp;E=2760783&amp;N=1177653&amp;bgLayer=pk&amp;layers=Wanderland%2CStation&amp;trackId=7167104\">Karte Schweizmobil:<\/a><\/p>\n<p><!-- index.php -->\n<div\n\tclass=\"ngg-galleryoverview ngg-ajax-pagination-none\"\n\tid=\"ngg-gallery-41008-1\">\n\n    \t<div class=\"slideshowlink\">\n        <a href='https:\/\/www.freimarianne.ch\/index.php\/nggallery\/slideshow?page_id=40861'>[Show as slideshow]<\/a>\n\t\t\n\t<\/div>\n\t\t\t<!-- Thumbnails -->\n\t\t\t\t<div id=\"ngg-image-0\" class=\"ngg-gallery-thumbnail-box\" >\n\t\t\t\t        <div class=\"ngg-gallery-thumbnail\">\n            <a href=\"https:\/\/www.freimarianne.ch\/wp-content\/gallery\/lenzerheide-18-6-20\/IMG_6485.jpeg\"\n               title=\"Lenzerheide See\"\n               data-src=\"https:\/\/www.freimarianne.ch\/wp-content\/gallery\/lenzerheide-18-6-20\/IMG_6485.jpeg\"\n               data-thumbnail=\"https:\/\/www.freimarianne.ch\/wp-content\/gallery\/lenzerheide-18-6-20\/thumbs\/thumbs_IMG_6485.jpeg\"\n               data-image-id=\"22324\"\n               data-title=\"IMG_6485\"\n               data-description=\"Lenzerheide See\"\n               data-image-slug=\"img_6485-2\"\n               class=\"shutterset_41008\">\n                <img\n                    title=\"IMG_6485\"\n                    alt=\"IMG_6485\"\n                    src=\"https:\/\/www.freimarianne.ch\/wp-content\/gallery\/lenzerheide-18-6-20\/thumbs\/thumbs_IMG_6485.jpeg\"\n                    width=\"100\"\n                    height=\"75\"\n                    style=\"max-width:100%;\"\n                \/>\n            <\/a>\n        <\/div>\n\t\t\t\t\t\t\t<\/div> \n\t\t\t\n        \n\t\t\t\t<div id=\"ngg-image-1\" class=\"ngg-gallery-thumbnail-box\" >\n\t\t\t\t        <div class=\"ngg-gallery-thumbnail\">\n            <a href=\"https:\/\/www.freimarianne.ch\/wp-content\/gallery\/lenzerheide-18-6-20\/IMG_6489.jpeg\"\n               title=\"Abzweigung nach Spoina\"\n               data-src=\"https:\/\/www.freimarianne.ch\/wp-content\/gallery\/lenzerheide-18-6-20\/IMG_6489.jpeg\"\n               data-thumbnail=\"https:\/\/www.freimarianne.ch\/wp-content\/gallery\/lenzerheide-18-6-20\/thumbs\/thumbs_IMG_6489.jpeg\"\n               data-image-id=\"22325\"\n               data-title=\"IMG_6489\"\n               data-description=\"Abzweigung nach Spoina\"\n               data-image-slug=\"img_6489\"\n               class=\"shutterset_41008\">\n                <img\n                    title=\"IMG_6489\"\n                    alt=\"IMG_6489\"\n                    src=\"https:\/\/www.freimarianne.ch\/wp-content\/gallery\/lenzerheide-18-6-20\/thumbs\/thumbs_IMG_6489.jpeg\"\n                    width=\"100\"\n                    height=\"75\"\n                    style=\"max-width:100%;\"\n                \/>\n            <\/a>\n        <\/div>\n\t\t\t\t\t\t\t<\/div> \n\t\t\t\n        \n\t\t\t\t<div id=\"ngg-image-2\" class=\"ngg-gallery-thumbnail-box\" >\n\t\t\t\t        <div class=\"ngg-gallery-thumbnail\">\n            <a href=\"https:\/\/www.freimarianne.ch\/wp-content\/gallery\/lenzerheide-18-6-20\/IMG_6490.jpeg\"\n               title=\"Spoina 1704m\"\n               data-src=\"https:\/\/www.freimarianne.ch\/wp-content\/gallery\/lenzerheide-18-6-20\/IMG_6490.jpeg\"\n               data-thumbnail=\"https:\/\/www.freimarianne.ch\/wp-content\/gallery\/lenzerheide-18-6-20\/thumbs\/thumbs_IMG_6490.jpeg\"\n               data-image-id=\"22326\"\n               data-title=\"IMG_6490\"\n               data-description=\"Spoina 1704m\"\n               data-image-slug=\"img_6490-1\"\n               class=\"shutterset_41008\">\n                <img\n                    title=\"IMG_6490\"\n                    alt=\"IMG_6490\"\n                    src=\"https:\/\/www.freimarianne.ch\/wp-content\/gallery\/lenzerheide-18-6-20\/thumbs\/thumbs_IMG_6490.jpeg\"\n                    width=\"100\"\n                    height=\"75\"\n                    style=\"max-width:100%;\"\n                \/>\n            <\/a>\n        <\/div>\n\t\t\t\t\t\t\t<\/div> \n\t\t\t\n        \n\t\t\t\t<div id=\"ngg-image-3\" class=\"ngg-gallery-thumbnail-box\" >\n\t\t\t\t        <div class=\"ngg-gallery-thumbnail\">\n            <a href=\"https:\/\/www.freimarianne.ch\/wp-content\/gallery\/lenzerheide-18-6-20\/IMG_6495.jpeg\"\n               title=\"nette K\u00e4lbchen\"\n               data-src=\"https:\/\/www.freimarianne.ch\/wp-content\/gallery\/lenzerheide-18-6-20\/IMG_6495.jpeg\"\n               data-thumbnail=\"https:\/\/www.freimarianne.ch\/wp-content\/gallery\/lenzerheide-18-6-20\/thumbs\/thumbs_IMG_6495.jpeg\"\n               data-image-id=\"22327\"\n               data-title=\"IMG_6495\"\n               data-description=\"nette K\u00e4lbchen\"\n               data-image-slug=\"img_6495\"\n               class=\"shutterset_41008\">\n                <img\n                    title=\"IMG_6495\"\n                    alt=\"IMG_6495\"\n                    src=\"https:\/\/www.freimarianne.ch\/wp-content\/gallery\/lenzerheide-18-6-20\/thumbs\/thumbs_IMG_6495.jpeg\"\n                    width=\"100\"\n                    height=\"75\"\n                    style=\"max-width:100%;\"\n                \/>\n            <\/a>\n        <\/div>\n\t\t\t\t\t\t\t<\/div> \n\t\t\t\n        \n\t\t\t\t<div id=\"ngg-image-4\" class=\"ngg-gallery-thumbnail-box\" >\n\t\t\t\t        <div class=\"ngg-gallery-thumbnail\">\n            <a href=\"https:\/\/www.freimarianne.ch\/wp-content\/gallery\/lenzerheide-18-6-20\/IMG_6504.jpeg\"\n               title=\"Lenzerheide; hi  Pizza Naira 2870m, Piz Mez 2729m\"\n               data-src=\"https:\/\/www.freimarianne.ch\/wp-content\/gallery\/lenzerheide-18-6-20\/IMG_6504.jpeg\"\n               data-thumbnail=\"https:\/\/www.freimarianne.ch\/wp-content\/gallery\/lenzerheide-18-6-20\/thumbs\/thumbs_IMG_6504.jpeg\"\n               data-image-id=\"22328\"\n               data-title=\"IMG_6504\"\n               data-description=\"Lenzerheide; hi  Pizza Naira 2870m, Piz Mez 2729m\"\n               data-image-slug=\"img_6504\"\n               class=\"shutterset_41008\">\n                <img\n                    title=\"IMG_6504\"\n                    alt=\"IMG_6504\"\n                    src=\"https:\/\/www.freimarianne.ch\/wp-content\/gallery\/lenzerheide-18-6-20\/thumbs\/thumbs_IMG_6504.jpeg\"\n                    width=\"100\"\n                    height=\"75\"\n                    style=\"max-width:100%;\"\n                \/>\n            <\/a>\n        <\/div>\n\t\t\t\t\t\t\t<\/div> \n\t\t\t\n        \n\t\t\t\t<div id=\"ngg-image-5\" class=\"ngg-gallery-thumbnail-box\" >\n\t\t\t\t        <div class=\"ngg-gallery-thumbnail\">\n            <a href=\"https:\/\/www.freimarianne.ch\/wp-content\/gallery\/lenzerheide-18-6-20\/IMG_6507.jpeg\"\n               title=\"G\u00fcrgaletsch 2441m, Malkoff 2358m, Marchtschuggen 2417m, Parpaner Schwarzhorn 2683m, Parpaner Rothorn 2861m, Aroser Rothorn  2980m\"\n               data-src=\"https:\/\/www.freimarianne.ch\/wp-content\/gallery\/lenzerheide-18-6-20\/IMG_6507.jpeg\"\n               data-thumbnail=\"https:\/\/www.freimarianne.ch\/wp-content\/gallery\/lenzerheide-18-6-20\/thumbs\/thumbs_IMG_6507.jpeg\"\n               data-image-id=\"22329\"\n               data-title=\"IMG_6507\"\n               data-description=\"G\u00fcrgaletsch 2441m, Malkoff 2358m, Marchtschuggen 2417m, Parpaner Schwarzhorn 2683m, Parpaner Rothorn 2861m, Aroser Rothorn  2980m\"\n               data-image-slug=\"img_6507-1\"\n               class=\"shutterset_41008\">\n                <img\n                    title=\"IMG_6507\"\n                    alt=\"IMG_6507\"\n                    src=\"https:\/\/www.freimarianne.ch\/wp-content\/gallery\/lenzerheide-18-6-20\/thumbs\/thumbs_IMG_6507.jpeg\"\n                    width=\"100\"\n                    height=\"75\"\n                    style=\"max-width:100%;\"\n                \/>\n            <\/a>\n        <\/div>\n\t\t\t\t\t\t\t<\/div> \n\t\t\t\n        \n\t\t\t\t<div id=\"ngg-image-6\" class=\"ngg-gallery-thumbnail-box\" >\n\t\t\t\t        <div class=\"ngg-gallery-thumbnail\">\n            <a href=\"https:\/\/www.freimarianne.ch\/wp-content\/gallery\/lenzerheide-18-6-20\/IMG_6513.jpeg\"\n               title=\"hinunter nach  Lenzerheide; Piz Danis 2497m\"\n               data-src=\"https:\/\/www.freimarianne.ch\/wp-content\/gallery\/lenzerheide-18-6-20\/IMG_6513.jpeg\"\n               data-thumbnail=\"https:\/\/www.freimarianne.ch\/wp-content\/gallery\/lenzerheide-18-6-20\/thumbs\/thumbs_IMG_6513.jpeg\"\n               data-image-id=\"22330\"\n               data-title=\"IMG_6513\"\n               data-description=\"hinunter nach  Lenzerheide; Piz Danis 2497m\"\n               data-image-slug=\"img_6513\"\n               class=\"shutterset_41008\">\n                <img\n                    title=\"IMG_6513\"\n                    alt=\"IMG_6513\"\n                    src=\"https:\/\/www.freimarianne.ch\/wp-content\/gallery\/lenzerheide-18-6-20\/thumbs\/thumbs_IMG_6513.jpeg\"\n                    width=\"100\"\n                    height=\"75\"\n                    style=\"max-width:100%;\"\n                \/>\n            <\/a>\n        <\/div>\n\t\t\t\t\t\t\t<\/div> \n\t\t\t\n        \n\t\t\t\t<div id=\"ngg-image-7\" class=\"ngg-gallery-thumbnail-box\" >\n\t\t\t\t        <div class=\"ngg-gallery-thumbnail\">\n            <a href=\"https:\/\/www.freimarianne.ch\/wp-content\/gallery\/lenzerheide-18-6-20\/IMG_6518.jpeg\"\n               title=\"arpaner Rothorn 2861m, Aroser Rothorn  2980m, Pizza Naira 2870m, Piz Mez 2729m, Piz Mosch 2729m, Lenzerhorn 2906m\"\n               data-src=\"https:\/\/www.freimarianne.ch\/wp-content\/gallery\/lenzerheide-18-6-20\/IMG_6518.jpeg\"\n               data-thumbnail=\"https:\/\/www.freimarianne.ch\/wp-content\/gallery\/lenzerheide-18-6-20\/thumbs\/thumbs_IMG_6518.jpeg\"\n               data-image-id=\"22331\"\n               data-title=\"IMG_6518\"\n               data-description=\"arpaner Rothorn 2861m, Aroser Rothorn  2980m, Pizza Naira 2870m, Piz Mez 2729m, Piz Mosch 2729m, Lenzerhorn 2906m\"\n               data-image-slug=\"img_6518-3\"\n               class=\"shutterset_41008\">\n                <img\n                    title=\"IMG_6518\"\n                    alt=\"IMG_6518\"\n                    src=\"https:\/\/www.freimarianne.ch\/wp-content\/gallery\/lenzerheide-18-6-20\/thumbs\/thumbs_IMG_6518.jpeg\"\n                    width=\"100\"\n                    height=\"75\"\n                    style=\"max-width:100%;\"\n                \/>\n            <\/a>\n        <\/div>\n\t\t\t\t\t\t\t<\/div> \n\t\t\t\n        \n\t\t\t\t<div id=\"ngg-image-8\" class=\"ngg-gallery-thumbnail-box\" >\n\t\t\t\t        <div class=\"ngg-gallery-thumbnail\">\n            <a href=\"https:\/\/www.freimarianne.ch\/wp-content\/gallery\/lenzerheide-18-6-20\/IMG_6522.jpeg\"\n               title=\"hinunter auf die Lenzerheide;  Pizza Naira 2870m, Piz Mez 2729m, Lenzerhorn 2906m, Piz Linard 2767m\"\n               data-src=\"https:\/\/www.freimarianne.ch\/wp-content\/gallery\/lenzerheide-18-6-20\/IMG_6522.jpeg\"\n               data-thumbnail=\"https:\/\/www.freimarianne.ch\/wp-content\/gallery\/lenzerheide-18-6-20\/thumbs\/thumbs_IMG_6522.jpeg\"\n               data-image-id=\"22332\"\n               data-title=\"IMG_6522\"\n               data-description=\"hinunter auf die Lenzerheide;  Pizza Naira 2870m, Piz Mez 2729m, Lenzerhorn 2906m, Piz Linard 2767m\"\n               data-image-slug=\"img_6522\"\n               class=\"shutterset_41008\">\n                <img\n                    title=\"IMG_6522\"\n                    alt=\"IMG_6522\"\n                    src=\"https:\/\/www.freimarianne.ch\/wp-content\/gallery\/lenzerheide-18-6-20\/thumbs\/thumbs_IMG_6522.jpeg\"\n                    width=\"100\"\n                    height=\"75\"\n                    style=\"max-width:100%;\"\n                \/>\n            <\/a>\n        <\/div>\n\t\t\t\t\t\t\t<\/div> \n\t\t\t\n        \n\t\t\n\t\t<!-- Pagination -->\n\t<div class='ngg-clear'><\/div>\t<\/div>\n<\/p>\n<p><!-- index.php -->\n<div\n\tclass=\"ngg-galleryoverview ngg-ajax-pagination-none\"\n\tid=\"ngg-gallery-41009-1\">\n\n    \t<div class=\"slideshowlink\">\n        <a href='https:\/\/www.freimarianne.ch\/index.php\/nggallery\/slideshow?page_id=40861'>[Show as slideshow]<\/a>\n\t\t\n\t<\/div>\n\t\t\t<!-- Thumbnails -->\n\t\t\t\t<div id=\"ngg-image-0\" class=\"ngg-gallery-thumbnail-box\" >\n\t\t\t\t        <div class=\"ngg-gallery-thumbnail\">\n            <a href=\"https:\/\/www.freimarianne.ch\/wp-content\/gallery\/lenzerheide-iph-18-6-20\/IMG_1471.jpeg\"\n               title=\"Lenzerheide  mit See  1484m\"\n               data-src=\"https:\/\/www.freimarianne.ch\/wp-content\/gallery\/lenzerheide-iph-18-6-20\/IMG_1471.jpeg\"\n               data-thumbnail=\"https:\/\/www.freimarianne.ch\/wp-content\/gallery\/lenzerheide-iph-18-6-20\/thumbs\/thumbs_IMG_1471.jpeg\"\n               data-image-id=\"22333\"\n               data-title=\"IMG_1471\"\n               data-description=\"Lenzerheide  mit See  1484m\"\n               data-image-slug=\"img_1471-4\"\n               class=\"shutterset_41009\">\n                <img\n                    title=\"IMG_1471\"\n                    alt=\"IMG_1471\"\n                    src=\"https:\/\/www.freimarianne.ch\/wp-content\/gallery\/lenzerheide-iph-18-6-20\/thumbs\/thumbs_IMG_1471.jpeg\"\n                    width=\"100\"\n                    height=\"75\"\n                    style=\"max-width:100%;\"\n                \/>\n            <\/a>\n        <\/div>\n\t\t\t\t\t\t\t<\/div> \n\t\t\t\n        \n\t\t\t\t<div id=\"ngg-image-1\" class=\"ngg-gallery-thumbnail-box\" >\n\t\t\t\t        <div class=\"ngg-gallery-thumbnail\">\n            <a href=\"https:\/\/www.freimarianne.ch\/wp-content\/gallery\/lenzerheide-iph-18-6-20\/IMG_1473.jpeg\"\n               title=\"Lenzerheide\"\n               data-src=\"https:\/\/www.freimarianne.ch\/wp-content\/gallery\/lenzerheide-iph-18-6-20\/IMG_1473.jpeg\"\n               data-thumbnail=\"https:\/\/www.freimarianne.ch\/wp-content\/gallery\/lenzerheide-iph-18-6-20\/thumbs\/thumbs_IMG_1473.jpeg\"\n               data-image-id=\"22334\"\n               data-title=\"IMG_1473\"\n               data-description=\"Lenzerheide\"\n               data-image-slug=\"img_1473-2\"\n               class=\"shutterset_41009\">\n                <img\n                    title=\"IMG_1473\"\n                    alt=\"IMG_1473\"\n                    src=\"https:\/\/www.freimarianne.ch\/wp-content\/gallery\/lenzerheide-iph-18-6-20\/thumbs\/thumbs_IMG_1473.jpeg\"\n                    width=\"100\"\n                    height=\"75\"\n                    style=\"max-width:100%;\"\n                \/>\n            <\/a>\n        <\/div>\n\t\t\t\t\t\t\t<\/div> \n\t\t\t\n        \n\t\t\t\t<div id=\"ngg-image-2\" class=\"ngg-gallery-thumbnail-box\" >\n\t\t\t\t        <div class=\"ngg-gallery-thumbnail\">\n            <a href=\"https:\/\/www.freimarianne.ch\/wp-content\/gallery\/lenzerheide-iph-18-6-20\/IMG_1474.jpeg\"\n               title=\"\"\n               data-src=\"https:\/\/www.freimarianne.ch\/wp-content\/gallery\/lenzerheide-iph-18-6-20\/IMG_1474.jpeg\"\n               data-thumbnail=\"https:\/\/www.freimarianne.ch\/wp-content\/gallery\/lenzerheide-iph-18-6-20\/thumbs\/thumbs_IMG_1474.jpeg\"\n               data-image-id=\"22335\"\n               data-title=\"IMG_1474\"\n               data-description=\"\"\n               data-image-slug=\"img_1474-2\"\n               class=\"shutterset_41009\">\n                <img\n                    title=\"IMG_1474\"\n                    alt=\"IMG_1474\"\n                    src=\"https:\/\/www.freimarianne.ch\/wp-content\/gallery\/lenzerheide-iph-18-6-20\/thumbs\/thumbs_IMG_1474.jpeg\"\n                    width=\"100\"\n                    height=\"75\"\n                    style=\"max-width:100%;\"\n                \/>\n            <\/a>\n        <\/div>\n\t\t\t\t\t\t\t<\/div> \n\t\t\t\n        \n\t\t\t\t<div id=\"ngg-image-3\" class=\"ngg-gallery-thumbnail-box\" >\n\t\t\t\t        <div class=\"ngg-gallery-thumbnail\">\n            <a href=\"https:\/\/www.freimarianne.ch\/wp-content\/gallery\/lenzerheide-iph-18-6-20\/IMG_1475.jpeg\"\n               title=\"das Speicherbecken\"\n               data-src=\"https:\/\/www.freimarianne.ch\/wp-content\/gallery\/lenzerheide-iph-18-6-20\/IMG_1475.jpeg\"\n               data-thumbnail=\"https:\/\/www.freimarianne.ch\/wp-content\/gallery\/lenzerheide-iph-18-6-20\/thumbs\/thumbs_IMG_1475.jpeg\"\n               data-image-id=\"22336\"\n               data-title=\"IMG_1475\"\n               data-description=\"das Speicherbecken\"\n               data-image-slug=\"img_1475-1\"\n               class=\"shutterset_41009\">\n                <img\n                    title=\"IMG_1475\"\n                    alt=\"IMG_1475\"\n                    src=\"https:\/\/www.freimarianne.ch\/wp-content\/gallery\/lenzerheide-iph-18-6-20\/thumbs\/thumbs_IMG_1475.jpeg\"\n                    width=\"100\"\n                    height=\"75\"\n                    style=\"max-width:100%;\"\n                \/>\n            <\/a>\n        <\/div>\n\t\t\t\t\t\t\t<\/div> \n\t\t\t\n        \n\t\t\t\t<div id=\"ngg-image-4\" class=\"ngg-gallery-thumbnail-box\" >\n\t\t\t\t        <div class=\"ngg-gallery-thumbnail\">\n            <a href=\"https:\/\/www.freimarianne.ch\/wp-content\/gallery\/lenzerheide-iph-18-6-20\/IMG_1479.jpeg\"\n               title=\"Lenzerheide  mit See  1484m\"\n               data-src=\"https:\/\/www.freimarianne.ch\/wp-content\/gallery\/lenzerheide-iph-18-6-20\/IMG_1479.jpeg\"\n               data-thumbnail=\"https:\/\/www.freimarianne.ch\/wp-content\/gallery\/lenzerheide-iph-18-6-20\/thumbs\/thumbs_IMG_1479.jpeg\"\n               data-image-id=\"22337\"\n               data-title=\"IMG_1479\"\n               data-description=\"Lenzerheide  mit See  1484m\"\n               data-image-slug=\"img_1479-4\"\n               class=\"shutterset_41009\">\n                <img\n                    title=\"IMG_1479\"\n                    alt=\"IMG_1479\"\n                    src=\"https:\/\/www.freimarianne.ch\/wp-content\/gallery\/lenzerheide-iph-18-6-20\/thumbs\/thumbs_IMG_1479.jpeg\"\n                    width=\"100\"\n                    height=\"75\"\n                    style=\"max-width:100%;\"\n                \/>\n            <\/a>\n        <\/div>\n\t\t\t\t\t\t\t<\/div> \n\t\t\t\n        \n\t\t\t\t<div id=\"ngg-image-5\" class=\"ngg-gallery-thumbnail-box\" >\n\t\t\t\t        <div class=\"ngg-gallery-thumbnail\">\n            <a href=\"https:\/\/www.freimarianne.ch\/wp-content\/gallery\/lenzerheide-iph-18-6-20\/IMG_1482.jpeg\"\n               title=\"Lenzerheide\"\n               data-src=\"https:\/\/www.freimarianne.ch\/wp-content\/gallery\/lenzerheide-iph-18-6-20\/IMG_1482.jpeg\"\n               data-thumbnail=\"https:\/\/www.freimarianne.ch\/wp-content\/gallery\/lenzerheide-iph-18-6-20\/thumbs\/thumbs_IMG_1482.jpeg\"\n               data-image-id=\"22338\"\n               data-title=\"IMG_1482\"\n               data-description=\"Lenzerheide\"\n               data-image-slug=\"img_1482-2\"\n               class=\"shutterset_41009\">\n                <img\n                    title=\"IMG_1482\"\n                    alt=\"IMG_1482\"\n                    src=\"https:\/\/www.freimarianne.ch\/wp-content\/gallery\/lenzerheide-iph-18-6-20\/thumbs\/thumbs_IMG_1482.jpeg\"\n                    width=\"100\"\n                    height=\"75\"\n                    style=\"max-width:100%;\"\n                \/>\n            <\/a>\n        <\/div>\n\t\t\t\t\t\t\t<\/div> \n\t\t\t\n        \n\t\t\t\t<div id=\"ngg-image-6\" class=\"ngg-gallery-thumbnail-box\" >\n\t\t\t\t        <div class=\"ngg-gallery-thumbnail\">\n            <a href=\"https:\/\/www.freimarianne.ch\/wp-content\/gallery\/lenzerheide-iph-18-6-20\/IMG_1489.jpeg\"\n               title=\"Lenzerheide\"\n               data-src=\"https:\/\/www.freimarianne.ch\/wp-content\/gallery\/lenzerheide-iph-18-6-20\/IMG_1489.jpeg\"\n               data-thumbnail=\"https:\/\/www.freimarianne.ch\/wp-content\/gallery\/lenzerheide-iph-18-6-20\/thumbs\/thumbs_IMG_1489.jpeg\"\n               data-image-id=\"22339\"\n               data-title=\"IMG_1489\"\n               data-description=\"Lenzerheide\"\n               data-image-slug=\"img_1489-2\"\n               class=\"shutterset_41009\">\n                <img\n                    title=\"IMG_1489\"\n                    alt=\"IMG_1489\"\n                    src=\"https:\/\/www.freimarianne.ch\/wp-content\/gallery\/lenzerheide-iph-18-6-20\/thumbs\/thumbs_IMG_1489.jpeg\"\n                    width=\"100\"\n                    height=\"75\"\n                    style=\"max-width:100%;\"\n                \/>\n            <\/a>\n        <\/div>\n\t\t\t\t\t\t\t<\/div> \n\t\t\t\n        \n\t\t\n\t\t<!-- Pagination -->\n\t<div class='ngg-clear'><\/div>\t<\/div>\n<\/p>\n","protected":false},"excerpt":{"rendered":"<p>Route: Lai Riva &#8211; Spoina &#8211; Tgantieni &#8211; Lenzerheide Lenzerheide mit See 1484m Wir sind heute inbezug auf das Wetter optimistisch und werden auch diesbez\u00fcglich nicht entt\u00e4uscht ! Wir beginnen unsere Wanderung auf der Lenzerheide bei der Haltestelle Lai Riva und wandern \u00fcber den Damm nach Fadeil. Hier nehmen wir den Weg nach Spoina unter [&hellip;]<\/p>\n","protected":false},"author":1,"featured_media":0,"parent":40733,"menu_order":5,"comment_status":"closed","ping_status":"closed","template":"","meta":{"ngg_post_thumbnail":0},"_links":{"self":[{"href":"https:\/\/www.freimarianne.ch\/index.php?rest_route=\/wp\/v2\/pages\/40861"}],"collection":[{"href":"https:\/\/www.freimarianne.ch\/index.php?rest_route=\/wp\/v2\/pages"}],"about":[{"href":"https:\/\/www.freimarianne.ch\/index.php?rest_route=\/wp\/v2\/types\/page"}],"author":[{"embeddable":true,"href":"https:\/\/www.freimarianne.ch\/index.php?rest_route=\/wp\/v2\/users\/1"}],"replies":[{"embeddable":true,"href":"https:\/\/www.freimarianne.ch\/index.php?rest_route=%2Fwp%2Fv2%2Fcomments&post=40861"}],"version-history":[{"count":2,"href":"https:\/\/www.freimarianne.ch\/index.php?rest_route=\/wp\/v2\/pages\/40861\/revisions"}],"predecessor-version":[{"id":41010,"href":"https:\/\/www.freimarianne.ch\/index.php?rest_route=\/wp\/v2\/pages\/40861\/revisions\/41010"}],"up":[{"embeddable":true,"href":"https:\/\/www.freimarianne.ch\/index.php?rest_route=\/wp\/v2\/pages\/40733"}],"wp:attachment":[{"href":"https:\/\/www.freimarianne.ch\/index.php?rest_route=%2Fwp%2Fv2%2Fmedia&parent=40861"}],"curies":[{"name":"wp","href":"https:\/\/api.w.org\/{rel}","templated":true}]}}