{"id":4133,"date":"2013-07-11T10:35:06","date_gmt":"2013-07-11T09:35:06","guid":{"rendered":"http:\/\/www.freimarianne.ch\/?page_id=4133"},"modified":"2013-07-20T07:35:23","modified_gmt":"2013-07-20T06:35:23","slug":"montenegro-19-5-2013","status":"publish","type":"page","link":"https:\/\/www.freimarianne.ch\/?page_id=4133","title":{"rendered":"Montenegro 19.5.2013"},"content":{"rendered":"<p><strong>Bucht von Kotor, Lovcen Gebirg<\/strong>e<br \/>\n<img loading=\"lazy\" src=\"http:\/\/www.freimarianne.ch\/wp-content\/uploads\/2013\/07\/IMG_4350_titel_02.jpg\" alt=\"IMG_4350_titel_02\" width=\"500\" height=\"375\" class=\"aligncenter size-full wp-image-4202\" srcset=\"https:\/\/www.freimarianne.ch\/wp-content\/uploads\/2013\/07\/IMG_4350_titel_02.jpg 500w, https:\/\/www.freimarianne.ch\/wp-content\/uploads\/2013\/07\/IMG_4350_titel_02-300x225.jpg 300w, https:\/\/www.freimarianne.ch\/wp-content\/uploads\/2013\/07\/IMG_4350_titel_02-400x300.jpg 400w\" sizes=\"(max-width: 500px) 100vw, 500px\" \/><\/a><br \/>\nFahrt zum Krstac Pass 940m oberhalb Kotor. Wanderung durch Karst Gel\u00e4nde und Geb\u00fcsch bis in einem Sattel wo bei einem kurze Abstieg die Anwendung der H\u00e4nde ben\u00f6tigt wird. Wir erreichen die Pestingrad Klippe, die einen atemberaubenden Tiefblick auf die Bucht und die Stadt fast 1000m unterhalb von uns bietet. Zur\u00fcck gehen wir auf demselben Weg. Fahrt zur\u00fcck nach Kotor oder zu Fuss auf einem zuerst steilen Weg hinunter nach Kotor. Im mitteleren Teil geht es \u00fcber eine alten Milit\u00e4rstrasse, bevor die alten Kotor Bergmauern durch ein Loch betreten werden. Diese Mauern erstrecken sich 250m den Berg hoch und etliche Treppen m\u00fcssen abgestiegen werden bis wir die Stadt erreichen.<br \/>\n10km, \u2191100m, \u2193100m, 3:00Std. oder 14km, \u2191100m, \u21931000m, 5:00Std.<br \/>\n<!-- index.php -->\n<div\n\tclass=\"ngg-galleryoverview ngg-ajax-pagination-none\"\n\tid=\"ngg-gallery-ed4a6575b2066126be6ec9a32eb3cff6-1\">\n\n    \t<div class=\"slideshowlink\">\n        <a href='https:\/\/www.freimarianne.ch\/index.php\/nggallery\/slideshow?page_id=4133'>[Show as slideshow]<\/a>\n\t\t\n\t<\/div>\n\t\t\t<!-- Thumbnails -->\n\t\t\t\t<div id=\"ngg-image-0\" class=\"ngg-gallery-thumbnail-box\" >\n\t\t\t\t        <div class=\"ngg-gallery-thumbnail\">\n            <a href=\"https:\/\/www.freimarianne.ch\/wp-content\/gallery\/montenegro-19-5-13\/img_4223.jpg\"\n               title=\"\"\n               data-src=\"https:\/\/www.freimarianne.ch\/wp-content\/gallery\/montenegro-19-5-13\/img_4223.jpg\"\n               data-thumbnail=\"https:\/\/www.freimarianne.ch\/wp-content\/gallery\/montenegro-19-5-13\/thumbs\/thumbs_img_4223.jpg\"\n               data-image-id=\"6815\"\n               data-title=\"img_4223\"\n               data-description=\"\"\n               data-image-slug=\"img_4223-2\"\n               class=\"shutterset_ed4a6575b2066126be6ec9a32eb3cff6\">\n                <img\n                    title=\"img_4223\"\n                    alt=\"img_4223\"\n                    src=\"https:\/\/www.freimarianne.ch\/wp-content\/gallery\/montenegro-19-5-13\/cache\/img_4223.jpg-nggid046815-ngg0dyn-100x75x100-00f0w010c010r110f110r010t010.jpg\"\n                    width=\"56\"\n                    height=\"75\"\n                    style=\"max-width:100%;\"\n                \/>\n            <\/a>\n        <\/div>\n\t\t\t\t\t\t\t<\/div> \n\t\t\t\n                            \n\t\t\t\t<div id=\"ngg-image-1\" class=\"ngg-gallery-thumbnail-box\" >\n\t\t\t\t        <div class=\"ngg-gallery-thumbnail\">\n            <a href=\"https:\/\/www.freimarianne.ch\/wp-content\/gallery\/montenegro-19-5-13\/img_4224.jpg\"\n               title=\"\"\n               data-src=\"https:\/\/www.freimarianne.ch\/wp-content\/gallery\/montenegro-19-5-13\/img_4224.jpg\"\n               data-thumbnail=\"https:\/\/www.freimarianne.ch\/wp-content\/gallery\/montenegro-19-5-13\/thumbs\/thumbs_img_4224.jpg\"\n               data-image-id=\"6816\"\n               data-title=\"img_4224\"\n               data-description=\"\"\n               data-image-slug=\"img_4224-2\"\n               class=\"shutterset_ed4a6575b2066126be6ec9a32eb3cff6\">\n                <img\n                    title=\"img_4224\"\n                    alt=\"img_4224\"\n                    src=\"https:\/\/www.freimarianne.ch\/wp-content\/gallery\/montenegro-19-5-13\/cache\/img_4224.jpg-nggid046816-ngg0dyn-100x75x100-00f0w010c010r110f110r010t010.jpg\"\n                    width=\"56\"\n                    height=\"75\"\n                    style=\"max-width:100%;\"\n                \/>\n            <\/a>\n        <\/div>\n\t\t\t\t\t\t\t<\/div> \n\t\t\t\n                            \n\t\t\t\t<div id=\"ngg-image-2\" class=\"ngg-gallery-thumbnail-box\" >\n\t\t\t\t        <div class=\"ngg-gallery-thumbnail\">\n            <a href=\"https:\/\/www.freimarianne.ch\/wp-content\/gallery\/montenegro-19-5-13\/img_4231.jpg\"\n               title=\"\"\n               data-src=\"https:\/\/www.freimarianne.ch\/wp-content\/gallery\/montenegro-19-5-13\/img_4231.jpg\"\n               data-thumbnail=\"https:\/\/www.freimarianne.ch\/wp-content\/gallery\/montenegro-19-5-13\/thumbs\/thumbs_img_4231.jpg\"\n               data-image-id=\"6817\"\n               data-title=\"img_4231\"\n               data-description=\"\"\n               data-image-slug=\"img_4231\"\n               class=\"shutterset_ed4a6575b2066126be6ec9a32eb3cff6\">\n                <img\n                    title=\"img_4231\"\n                    alt=\"img_4231\"\n                    src=\"https:\/\/www.freimarianne.ch\/wp-content\/gallery\/montenegro-19-5-13\/cache\/img_4231.jpg-nggid046817-ngg0dyn-100x75x100-00f0w010c010r110f110r010t010.jpg\"\n                    width=\"100\"\n                    height=\"75\"\n                    style=\"max-width:100%;\"\n                \/>\n            <\/a>\n        <\/div>\n\t\t\t\t\t\t\t<\/div> \n\t\t\t\n                            \n\t\t\t\t<div id=\"ngg-image-3\" class=\"ngg-gallery-thumbnail-box\" >\n\t\t\t\t        <div class=\"ngg-gallery-thumbnail\">\n            <a href=\"https:\/\/www.freimarianne.ch\/wp-content\/gallery\/montenegro-19-5-13\/img_4256.jpg\"\n               title=\"\"\n               data-src=\"https:\/\/www.freimarianne.ch\/wp-content\/gallery\/montenegro-19-5-13\/img_4256.jpg\"\n               data-thumbnail=\"https:\/\/www.freimarianne.ch\/wp-content\/gallery\/montenegro-19-5-13\/thumbs\/thumbs_img_4256.jpg\"\n               data-image-id=\"6818\"\n               data-title=\"img_4256\"\n               data-description=\"\"\n               data-image-slug=\"img_4256\"\n               class=\"shutterset_ed4a6575b2066126be6ec9a32eb3cff6\">\n                <img\n                    title=\"img_4256\"\n                    alt=\"img_4256\"\n                    src=\"https:\/\/www.freimarianne.ch\/wp-content\/gallery\/montenegro-19-5-13\/cache\/img_4256.jpg-nggid046818-ngg0dyn-100x75x100-00f0w010c010r110f110r010t010.jpg\"\n                    width=\"100\"\n                    height=\"75\"\n                    style=\"max-width:100%;\"\n                \/>\n            <\/a>\n        <\/div>\n\t\t\t\t\t\t\t<\/div> \n\t\t\t\n                                    <br style=\"clear: both\" \/>\n                    \n\t\t\t\t<div id=\"ngg-image-4\" class=\"ngg-gallery-thumbnail-box\" >\n\t\t\t\t        <div class=\"ngg-gallery-thumbnail\">\n            <a href=\"https:\/\/www.freimarianne.ch\/wp-content\/gallery\/montenegro-19-5-13\/img_4265.jpg\"\n               title=\"\"\n               data-src=\"https:\/\/www.freimarianne.ch\/wp-content\/gallery\/montenegro-19-5-13\/img_4265.jpg\"\n               data-thumbnail=\"https:\/\/www.freimarianne.ch\/wp-content\/gallery\/montenegro-19-5-13\/thumbs\/thumbs_img_4265.jpg\"\n               data-image-id=\"6819\"\n               data-title=\"img_4265\"\n               data-description=\"\"\n               data-image-slug=\"img_4265\"\n               class=\"shutterset_ed4a6575b2066126be6ec9a32eb3cff6\">\n                <img\n                    title=\"img_4265\"\n                    alt=\"img_4265\"\n                    src=\"https:\/\/www.freimarianne.ch\/wp-content\/gallery\/montenegro-19-5-13\/cache\/img_4265.jpg-nggid046819-ngg0dyn-100x75x100-00f0w010c010r110f110r010t010.jpg\"\n                    width=\"100\"\n                    height=\"75\"\n                    style=\"max-width:100%;\"\n                \/>\n            <\/a>\n        <\/div>\n\t\t\t\t\t\t\t<\/div> \n\t\t\t\n                            \n\t\t\t\t<div id=\"ngg-image-5\" class=\"ngg-gallery-thumbnail-box\" >\n\t\t\t\t        <div class=\"ngg-gallery-thumbnail\">\n            <a href=\"https:\/\/www.freimarianne.ch\/wp-content\/gallery\/montenegro-19-5-13\/img_4273.jpg\"\n               title=\"\"\n               data-src=\"https:\/\/www.freimarianne.ch\/wp-content\/gallery\/montenegro-19-5-13\/img_4273.jpg\"\n               data-thumbnail=\"https:\/\/www.freimarianne.ch\/wp-content\/gallery\/montenegro-19-5-13\/thumbs\/thumbs_img_4273.jpg\"\n               data-image-id=\"6820\"\n               data-title=\"img_4273\"\n               data-description=\"\"\n               data-image-slug=\"img_4273\"\n               class=\"shutterset_ed4a6575b2066126be6ec9a32eb3cff6\">\n                <img\n                    title=\"img_4273\"\n                    alt=\"img_4273\"\n                    src=\"https:\/\/www.freimarianne.ch\/wp-content\/gallery\/montenegro-19-5-13\/cache\/img_4273.jpg-nggid046820-ngg0dyn-100x75x100-00f0w010c010r110f110r010t010.jpg\"\n                    width=\"100\"\n                    height=\"75\"\n                    style=\"max-width:100%;\"\n                \/>\n            <\/a>\n        <\/div>\n\t\t\t\t\t\t\t<\/div> \n\t\t\t\n                            \n\t\t\t\t<div id=\"ngg-image-6\" class=\"ngg-gallery-thumbnail-box\" >\n\t\t\t\t        <div class=\"ngg-gallery-thumbnail\">\n            <a href=\"https:\/\/www.freimarianne.ch\/wp-content\/gallery\/montenegro-19-5-13\/img_4274.jpg\"\n               title=\"\"\n               data-src=\"https:\/\/www.freimarianne.ch\/wp-content\/gallery\/montenegro-19-5-13\/img_4274.jpg\"\n               data-thumbnail=\"https:\/\/www.freimarianne.ch\/wp-content\/gallery\/montenegro-19-5-13\/thumbs\/thumbs_img_4274.jpg\"\n               data-image-id=\"6821\"\n               data-title=\"img_4274\"\n               data-description=\"\"\n               data-image-slug=\"img_4274\"\n               class=\"shutterset_ed4a6575b2066126be6ec9a32eb3cff6\">\n                <img\n                    title=\"img_4274\"\n                    alt=\"img_4274\"\n                    src=\"https:\/\/www.freimarianne.ch\/wp-content\/gallery\/montenegro-19-5-13\/cache\/img_4274.jpg-nggid046821-ngg0dyn-100x75x100-00f0w010c010r110f110r010t010.jpg\"\n                    width=\"100\"\n                    height=\"75\"\n                    style=\"max-width:100%;\"\n                \/>\n            <\/a>\n        <\/div>\n\t\t\t\t\t\t\t<\/div> \n\t\t\t\n                            \n\t\t\t\t<div id=\"ngg-image-7\" class=\"ngg-gallery-thumbnail-box\" >\n\t\t\t\t        <div class=\"ngg-gallery-thumbnail\">\n            <a href=\"https:\/\/www.freimarianne.ch\/wp-content\/gallery\/montenegro-19-5-13\/img_4282.jpg\"\n               title=\"\"\n               data-src=\"https:\/\/www.freimarianne.ch\/wp-content\/gallery\/montenegro-19-5-13\/img_4282.jpg\"\n               data-thumbnail=\"https:\/\/www.freimarianne.ch\/wp-content\/gallery\/montenegro-19-5-13\/thumbs\/thumbs_img_4282.jpg\"\n               data-image-id=\"6822\"\n               data-title=\"img_4282\"\n               data-description=\"\"\n               data-image-slug=\"img_4282\"\n               class=\"shutterset_ed4a6575b2066126be6ec9a32eb3cff6\">\n                <img\n                    title=\"img_4282\"\n                    alt=\"img_4282\"\n                    src=\"https:\/\/www.freimarianne.ch\/wp-content\/gallery\/montenegro-19-5-13\/cache\/img_4282.jpg-nggid046822-ngg0dyn-100x75x100-00f0w010c010r110f110r010t010.jpg\"\n                    width=\"100\"\n                    height=\"75\"\n                    style=\"max-width:100%;\"\n                \/>\n            <\/a>\n        <\/div>\n\t\t\t\t\t\t\t<\/div> \n\t\t\t\n                                    <br style=\"clear: both\" \/>\n                    \n\t\t\t\t<div id=\"ngg-image-8\" class=\"ngg-gallery-thumbnail-box\" >\n\t\t\t\t        <div class=\"ngg-gallery-thumbnail\">\n            <a href=\"https:\/\/www.freimarianne.ch\/wp-content\/gallery\/montenegro-19-5-13\/img_4287.jpg\"\n               title=\"\"\n               data-src=\"https:\/\/www.freimarianne.ch\/wp-content\/gallery\/montenegro-19-5-13\/img_4287.jpg\"\n               data-thumbnail=\"https:\/\/www.freimarianne.ch\/wp-content\/gallery\/montenegro-19-5-13\/thumbs\/thumbs_img_4287.jpg\"\n               data-image-id=\"6823\"\n               data-title=\"img_4287\"\n               data-description=\"\"\n               data-image-slug=\"img_4287\"\n               class=\"shutterset_ed4a6575b2066126be6ec9a32eb3cff6\">\n                <img\n                    title=\"img_4287\"\n                    alt=\"img_4287\"\n                    src=\"https:\/\/www.freimarianne.ch\/wp-content\/gallery\/montenegro-19-5-13\/cache\/img_4287.jpg-nggid046823-ngg0dyn-100x75x100-00f0w010c010r110f110r010t010.jpg\"\n                    width=\"100\"\n                    height=\"75\"\n                    style=\"max-width:100%;\"\n                \/>\n            <\/a>\n        <\/div>\n\t\t\t\t\t\t\t<\/div> \n\t\t\t\n                            \n\t\t\t\t<div id=\"ngg-image-9\" class=\"ngg-gallery-thumbnail-box\" >\n\t\t\t\t        <div class=\"ngg-gallery-thumbnail\">\n            <a href=\"https:\/\/www.freimarianne.ch\/wp-content\/gallery\/montenegro-19-5-13\/img_4294.jpg\"\n               title=\"\"\n               data-src=\"https:\/\/www.freimarianne.ch\/wp-content\/gallery\/montenegro-19-5-13\/img_4294.jpg\"\n               data-thumbnail=\"https:\/\/www.freimarianne.ch\/wp-content\/gallery\/montenegro-19-5-13\/thumbs\/thumbs_img_4294.jpg\"\n               data-image-id=\"6824\"\n               data-title=\"img_4294\"\n               data-description=\"\"\n               data-image-slug=\"img_4294\"\n               class=\"shutterset_ed4a6575b2066126be6ec9a32eb3cff6\">\n                <img\n                    title=\"img_4294\"\n                    alt=\"img_4294\"\n                    src=\"https:\/\/www.freimarianne.ch\/wp-content\/gallery\/montenegro-19-5-13\/cache\/img_4294.jpg-nggid046824-ngg0dyn-100x75x100-00f0w010c010r110f110r010t010.jpg\"\n                    width=\"100\"\n                    height=\"75\"\n                    style=\"max-width:100%;\"\n                \/>\n            <\/a>\n        <\/div>\n\t\t\t\t\t\t\t<\/div> \n\t\t\t\n                            \n\t\t\t\t<div id=\"ngg-image-10\" class=\"ngg-gallery-thumbnail-box\" >\n\t\t\t\t        <div class=\"ngg-gallery-thumbnail\">\n            <a href=\"https:\/\/www.freimarianne.ch\/wp-content\/gallery\/montenegro-19-5-13\/img_4295.jpg\"\n               title=\"\"\n               data-src=\"https:\/\/www.freimarianne.ch\/wp-content\/gallery\/montenegro-19-5-13\/img_4295.jpg\"\n               data-thumbnail=\"https:\/\/www.freimarianne.ch\/wp-content\/gallery\/montenegro-19-5-13\/thumbs\/thumbs_img_4295.jpg\"\n               data-image-id=\"6825\"\n               data-title=\"img_4295\"\n               data-description=\"\"\n               data-image-slug=\"img_4295-2\"\n               class=\"shutterset_ed4a6575b2066126be6ec9a32eb3cff6\">\n                <img\n                    title=\"img_4295\"\n                    alt=\"img_4295\"\n                    src=\"https:\/\/www.freimarianne.ch\/wp-content\/gallery\/montenegro-19-5-13\/cache\/img_4295.jpg-nggid046825-ngg0dyn-100x75x100-00f0w010c010r110f110r010t010.jpg\"\n                    width=\"56\"\n                    height=\"75\"\n                    style=\"max-width:100%;\"\n                \/>\n            <\/a>\n        <\/div>\n\t\t\t\t\t\t\t<\/div> \n\t\t\t\n                            \n\t\t\t\t<div id=\"ngg-image-11\" class=\"ngg-gallery-thumbnail-box\" >\n\t\t\t\t        <div class=\"ngg-gallery-thumbnail\">\n            <a href=\"https:\/\/www.freimarianne.ch\/wp-content\/gallery\/montenegro-19-5-13\/img_4299.jpg\"\n               title=\"\"\n               data-src=\"https:\/\/www.freimarianne.ch\/wp-content\/gallery\/montenegro-19-5-13\/img_4299.jpg\"\n               data-thumbnail=\"https:\/\/www.freimarianne.ch\/wp-content\/gallery\/montenegro-19-5-13\/thumbs\/thumbs_img_4299.jpg\"\n               data-image-id=\"6826\"\n               data-title=\"img_4299\"\n               data-description=\"\"\n               data-image-slug=\"img_4299-2\"\n               class=\"shutterset_ed4a6575b2066126be6ec9a32eb3cff6\">\n                <img\n                    title=\"img_4299\"\n                    alt=\"img_4299\"\n                    src=\"https:\/\/www.freimarianne.ch\/wp-content\/gallery\/montenegro-19-5-13\/cache\/img_4299.jpg-nggid046826-ngg0dyn-100x75x100-00f0w010c010r110f110r010t010.jpg\"\n                    width=\"100\"\n                    height=\"75\"\n                    style=\"max-width:100%;\"\n                \/>\n            <\/a>\n        <\/div>\n\t\t\t\t\t\t\t<\/div> \n\t\t\t\n                                    <br style=\"clear: both\" \/>\n                    \n\t\t\t\t<div id=\"ngg-image-12\" class=\"ngg-gallery-thumbnail-box\" >\n\t\t\t\t        <div class=\"ngg-gallery-thumbnail\">\n            <a href=\"https:\/\/www.freimarianne.ch\/wp-content\/gallery\/montenegro-19-5-13\/img_4311.jpg\"\n               title=\"\"\n               data-src=\"https:\/\/www.freimarianne.ch\/wp-content\/gallery\/montenegro-19-5-13\/img_4311.jpg\"\n               data-thumbnail=\"https:\/\/www.freimarianne.ch\/wp-content\/gallery\/montenegro-19-5-13\/thumbs\/thumbs_img_4311.jpg\"\n               data-image-id=\"6827\"\n               data-title=\"img_4311\"\n               data-description=\"\"\n               data-image-slug=\"img_4311-2\"\n               class=\"shutterset_ed4a6575b2066126be6ec9a32eb3cff6\">\n                <img\n                    title=\"img_4311\"\n                    alt=\"img_4311\"\n                    src=\"https:\/\/www.freimarianne.ch\/wp-content\/gallery\/montenegro-19-5-13\/cache\/img_4311.jpg-nggid046827-ngg0dyn-100x75x100-00f0w010c010r110f110r010t010.jpg\"\n                    width=\"100\"\n                    height=\"75\"\n                    style=\"max-width:100%;\"\n                \/>\n            <\/a>\n        <\/div>\n\t\t\t\t\t\t\t<\/div> \n\t\t\t\n                            \n\t\t\t\t<div id=\"ngg-image-13\" class=\"ngg-gallery-thumbnail-box\" >\n\t\t\t\t        <div class=\"ngg-gallery-thumbnail\">\n            <a href=\"https:\/\/www.freimarianne.ch\/wp-content\/gallery\/montenegro-19-5-13\/img_4314.jpg\"\n               title=\"\"\n               data-src=\"https:\/\/www.freimarianne.ch\/wp-content\/gallery\/montenegro-19-5-13\/img_4314.jpg\"\n               data-thumbnail=\"https:\/\/www.freimarianne.ch\/wp-content\/gallery\/montenegro-19-5-13\/thumbs\/thumbs_img_4314.jpg\"\n               data-image-id=\"6828\"\n               data-title=\"img_4314\"\n               data-description=\"\"\n               data-image-slug=\"img_4314-3\"\n               class=\"shutterset_ed4a6575b2066126be6ec9a32eb3cff6\">\n                <img\n                    title=\"img_4314\"\n                    alt=\"img_4314\"\n                    src=\"https:\/\/www.freimarianne.ch\/wp-content\/gallery\/montenegro-19-5-13\/cache\/img_4314.jpg-nggid046828-ngg0dyn-100x75x100-00f0w010c010r110f110r010t010.jpg\"\n                    width=\"100\"\n                    height=\"75\"\n                    style=\"max-width:100%;\"\n                \/>\n            <\/a>\n        <\/div>\n\t\t\t\t\t\t\t<\/div> \n\t\t\t\n                            \n\t\t\t\t<div id=\"ngg-image-14\" class=\"ngg-gallery-thumbnail-box\" >\n\t\t\t\t        <div class=\"ngg-gallery-thumbnail\">\n            <a href=\"https:\/\/www.freimarianne.ch\/wp-content\/gallery\/montenegro-19-5-13\/img_4322.jpg\"\n               title=\"\"\n               data-src=\"https:\/\/www.freimarianne.ch\/wp-content\/gallery\/montenegro-19-5-13\/img_4322.jpg\"\n               data-thumbnail=\"https:\/\/www.freimarianne.ch\/wp-content\/gallery\/montenegro-19-5-13\/thumbs\/thumbs_img_4322.jpg\"\n               data-image-id=\"6829\"\n               data-title=\"img_4322\"\n               data-description=\"\"\n               data-image-slug=\"img_4322-2\"\n               class=\"shutterset_ed4a6575b2066126be6ec9a32eb3cff6\">\n                <img\n                    title=\"img_4322\"\n                    alt=\"img_4322\"\n                    src=\"https:\/\/www.freimarianne.ch\/wp-content\/gallery\/montenegro-19-5-13\/cache\/img_4322.jpg-nggid046829-ngg0dyn-100x75x100-00f0w010c010r110f110r010t010.jpg\"\n                    width=\"56\"\n                    height=\"75\"\n                    style=\"max-width:100%;\"\n                \/>\n            <\/a>\n        <\/div>\n\t\t\t\t\t\t\t<\/div> \n\t\t\t\n                            \n\t\t\t\t<div id=\"ngg-image-15\" class=\"ngg-gallery-thumbnail-box\" >\n\t\t\t\t        <div class=\"ngg-gallery-thumbnail\">\n            <a href=\"https:\/\/www.freimarianne.ch\/wp-content\/gallery\/montenegro-19-5-13\/img_4336.jpg\"\n               title=\"\"\n               data-src=\"https:\/\/www.freimarianne.ch\/wp-content\/gallery\/montenegro-19-5-13\/img_4336.jpg\"\n               data-thumbnail=\"https:\/\/www.freimarianne.ch\/wp-content\/gallery\/montenegro-19-5-13\/thumbs\/thumbs_img_4336.jpg\"\n               data-image-id=\"6830\"\n               data-title=\"img_4336\"\n               data-description=\"\"\n               data-image-slug=\"img_4336\"\n               class=\"shutterset_ed4a6575b2066126be6ec9a32eb3cff6\">\n                <img\n                    title=\"img_4336\"\n                    alt=\"img_4336\"\n                    src=\"https:\/\/www.freimarianne.ch\/wp-content\/gallery\/montenegro-19-5-13\/cache\/img_4336.jpg-nggid046830-ngg0dyn-100x75x100-00f0w010c010r110f110r010t010.jpg\"\n                    width=\"56\"\n                    height=\"75\"\n                    style=\"max-width:100%;\"\n                \/>\n            <\/a>\n        <\/div>\n\t\t\t\t\t\t\t<\/div> \n\t\t\t\n                                    <br style=\"clear: both\" \/>\n                    \n\t\t\t\t<div id=\"ngg-image-16\" class=\"ngg-gallery-thumbnail-box\" >\n\t\t\t\t        <div class=\"ngg-gallery-thumbnail\">\n            <a href=\"https:\/\/www.freimarianne.ch\/wp-content\/gallery\/montenegro-19-5-13\/img_4341.jpg\"\n               title=\"\"\n               data-src=\"https:\/\/www.freimarianne.ch\/wp-content\/gallery\/montenegro-19-5-13\/img_4341.jpg\"\n               data-thumbnail=\"https:\/\/www.freimarianne.ch\/wp-content\/gallery\/montenegro-19-5-13\/thumbs\/thumbs_img_4341.jpg\"\n               data-image-id=\"6831\"\n               data-title=\"img_4341\"\n               data-description=\"\"\n               data-image-slug=\"img_4341-3\"\n               class=\"shutterset_ed4a6575b2066126be6ec9a32eb3cff6\">\n                <img\n                    title=\"img_4341\"\n                    alt=\"img_4341\"\n                    src=\"https:\/\/www.freimarianne.ch\/wp-content\/gallery\/montenegro-19-5-13\/cache\/img_4341.jpg-nggid046831-ngg0dyn-100x75x100-00f0w010c010r110f110r010t010.jpg\"\n                    width=\"100\"\n                    height=\"62\"\n                    style=\"max-width:100%;\"\n                \/>\n            <\/a>\n        <\/div>\n\t\t\t\t\t\t\t<\/div> \n\t\t\t\n                            \n\t\t\t\t<div id=\"ngg-image-17\" class=\"ngg-gallery-thumbnail-box\" >\n\t\t\t\t        <div class=\"ngg-gallery-thumbnail\">\n            <a href=\"https:\/\/www.freimarianne.ch\/wp-content\/gallery\/montenegro-19-5-13\/img_4350.jpg\"\n               title=\"\"\n               data-src=\"https:\/\/www.freimarianne.ch\/wp-content\/gallery\/montenegro-19-5-13\/img_4350.jpg\"\n               data-thumbnail=\"https:\/\/www.freimarianne.ch\/wp-content\/gallery\/montenegro-19-5-13\/thumbs\/thumbs_img_4350.jpg\"\n               data-image-id=\"6832\"\n               data-title=\"img_4350\"\n               data-description=\"\"\n               data-image-slug=\"img_4350-3\"\n               class=\"shutterset_ed4a6575b2066126be6ec9a32eb3cff6\">\n                <img\n                    title=\"img_4350\"\n                    alt=\"img_4350\"\n                    src=\"https:\/\/www.freimarianne.ch\/wp-content\/gallery\/montenegro-19-5-13\/cache\/img_4350.jpg-nggid046832-ngg0dyn-100x75x100-00f0w010c010r110f110r010t010.jpg\"\n                    width=\"100\"\n                    height=\"75\"\n                    style=\"max-width:100%;\"\n                \/>\n            <\/a>\n        <\/div>\n\t\t\t\t\t\t\t<\/div> \n\t\t\t\n                            \n\t\t\n\t\t<!-- Pagination -->\n\t<div class='ngg-clear'><\/div>\t<\/div>\n<\/p>\n","protected":false},"excerpt":{"rendered":"<p>Bucht von Kotor, Lovcen Gebirge Fahrt zum Krstac Pass 940m oberhalb Kotor. Wanderung durch Karst Gel\u00e4nde und Geb\u00fcsch bis in einem Sattel wo bei einem kurze Abstieg die Anwendung der H\u00e4nde ben\u00f6tigt wird. Wir erreichen die Pestingrad Klippe, die einen atemberaubenden Tiefblick auf die Bucht und die Stadt fast 1000m unterhalb von uns bietet. Zur\u00fcck [&hellip;]<\/p>\n","protected":false},"author":1,"featured_media":0,"parent":3874,"menu_order":2,"comment_status":"closed","ping_status":"closed","template":"","meta":{"ngg_post_thumbnail":0},"_links":{"self":[{"href":"https:\/\/www.freimarianne.ch\/index.php?rest_route=\/wp\/v2\/pages\/4133"}],"collection":[{"href":"https:\/\/www.freimarianne.ch\/index.php?rest_route=\/wp\/v2\/pages"}],"about":[{"href":"https:\/\/www.freimarianne.ch\/index.php?rest_route=\/wp\/v2\/types\/page"}],"author":[{"embeddable":true,"href":"https:\/\/www.freimarianne.ch\/index.php?rest_route=\/wp\/v2\/users\/1"}],"replies":[{"embeddable":true,"href":"https:\/\/www.freimarianne.ch\/index.php?rest_route=%2Fwp%2Fv2%2Fcomments&post=4133"}],"version-history":[{"count":8,"href":"https:\/\/www.freimarianne.ch\/index.php?rest_route=\/wp\/v2\/pages\/4133\/revisions"}],"predecessor-version":[{"id":4259,"href":"https:\/\/www.freimarianne.ch\/index.php?rest_route=\/wp\/v2\/pages\/4133\/revisions\/4259"}],"up":[{"embeddable":true,"href":"https:\/\/www.freimarianne.ch\/index.php?rest_route=\/wp\/v2\/pages\/3874"}],"wp:attachment":[{"href":"https:\/\/www.freimarianne.ch\/index.php?rest_route=%2Fwp%2Fv2%2Fmedia&parent=4133"}],"curies":[{"name":"wp","href":"https:\/\/api.w.org\/{rel}","templated":true}]}}