{"id":4135,"date":"2013-07-11T10:37:58","date_gmt":"2013-07-11T09:37:58","guid":{"rendered":"http:\/\/www.freimarianne.ch\/?page_id=4135"},"modified":"2013-07-20T07:03:27","modified_gmt":"2013-07-20T06:03:27","slug":"montenegro-20-5-2013","status":"publish","type":"page","link":"https:\/\/www.freimarianne.ch\/?page_id=4135","title":{"rendered":"Montenegro 20.5.2013"},"content":{"rendered":"<p><strong>Vrmac Halbinsel- Perast<\/strong><br \/>\n<img loading=\"lazy\" src=\"http:\/\/www.freimarianne.ch\/wp-content\/uploads\/2013\/07\/IMG_4452_titel_03.jpg\" alt=\"IMG_4452_titel_03\" width=\"500\" height=\"375\" class=\"aligncenter size-full wp-image-4203\" srcset=\"https:\/\/www.freimarianne.ch\/wp-content\/uploads\/2013\/07\/IMG_4452_titel_03.jpg 500w, https:\/\/www.freimarianne.ch\/wp-content\/uploads\/2013\/07\/IMG_4452_titel_03-300x225.jpg 300w, https:\/\/www.freimarianne.ch\/wp-content\/uploads\/2013\/07\/IMG_4452_titel_03-400x300.jpg 400w\" sizes=\"(max-width: 500px) 100vw, 500px\" \/><\/a><br \/>\nFahrt oder Aufstieg auf einer sch\u00f6n angelegten Milit\u00e4rstrasse zur zerfallenen Vrmac Festung in einem lichten Pinienwald auf der Halbinsel in der Bucht von Kotor. Wanderung entlang dem Bergr\u00fccken mit sch\u00f6nen Aussichten auf beide Seiten bis zum Uebergang Vrdola (Rother 7). Abstieg nach Gornje Stoliv, ein verlassenes Bergdorf (Rother 9) und weiter nach Stoliv. Nur ein paar Schiffsminuten von Stoliv entfernt liegt das Inselchen \u201eGospa od Skrpjela\u201c. Die Insel ist k\u00fcnstlich aus Steinen entstanden, die auf ein unterseeisches Riff aufgesch\u00fcttet wurden. Sehenswert sind die im Jahre 1630 erbaute Barockkirche mit mehr als 70 \u00d6lgem\u00e4lden aus der zweiten H\u00e4lfte des 17. Jahrhunderts und das Museum mit griechischen und lateinischen Inschriften, sowie Waffen und Votivbilder von Peraster Seeleuten aus dem 16. bis 19. Jahrhundert. Nach der Besichtigung des Inselchens fahren wir nach Perast.<br \/>\n10.5km, \u2191200m, \u2193680m, 4:00Std. oder 12.5km, \u2191680m, \u2193680m, 6:00Std.<\/p>\n<!-- index.php -->\n<div\n\tclass=\"ngg-galleryoverview ngg-ajax-pagination-none\"\n\tid=\"ngg-gallery-41017fd1992177596fab03b79c03925c-1\">\n\n    \t<div class=\"slideshowlink\">\n        <a href='https:\/\/www.freimarianne.ch\/index.php\/nggallery\/slideshow?page_id=4135'>[Show as slideshow]<\/a>\n\t\t\n\t<\/div>\n\t\t\t<!-- Thumbnails -->\n\t\t\t\t<div id=\"ngg-image-0\" class=\"ngg-gallery-thumbnail-box\" >\n\t\t\t\t        <div class=\"ngg-gallery-thumbnail\">\n            <a href=\"https:\/\/www.freimarianne.ch\/wp-content\/gallery\/montenegro-20-5-13\/img_4382.jpg\"\n               title=\"\"\n               data-src=\"https:\/\/www.freimarianne.ch\/wp-content\/gallery\/montenegro-20-5-13\/img_4382.jpg\"\n               data-thumbnail=\"https:\/\/www.freimarianne.ch\/wp-content\/gallery\/montenegro-20-5-13\/thumbs\/thumbs_img_4382.jpg\"\n               data-image-id=\"6833\"\n               data-title=\"img_4382\"\n               data-description=\"\"\n               data-image-slug=\"img_4382\"\n               class=\"shutterset_41017fd1992177596fab03b79c03925c\">\n                <img\n                    title=\"img_4382\"\n                    alt=\"img_4382\"\n                    src=\"https:\/\/www.freimarianne.ch\/wp-content\/gallery\/montenegro-20-5-13\/cache\/img_4382.jpg-nggid046833-ngg0dyn-100x75x100-00f0w010c010r110f110r010t010.jpg\"\n                    width=\"100\"\n                    height=\"75\"\n                    style=\"max-width:100%;\"\n                \/>\n            <\/a>\n        <\/div>\n\t\t\t\t\t\t\t<\/div> \n\t\t\t\n                            \n\t\t\t\t<div id=\"ngg-image-1\" class=\"ngg-gallery-thumbnail-box\" >\n\t\t\t\t        <div class=\"ngg-gallery-thumbnail\">\n            <a href=\"https:\/\/www.freimarianne.ch\/wp-content\/gallery\/montenegro-20-5-13\/img_4386.jpg\"\n               title=\"\"\n               data-src=\"https:\/\/www.freimarianne.ch\/wp-content\/gallery\/montenegro-20-5-13\/img_4386.jpg\"\n               data-thumbnail=\"https:\/\/www.freimarianne.ch\/wp-content\/gallery\/montenegro-20-5-13\/thumbs\/thumbs_img_4386.jpg\"\n               data-image-id=\"6834\"\n               data-title=\"img_4386\"\n               data-description=\"\"\n               data-image-slug=\"img_4386\"\n               class=\"shutterset_41017fd1992177596fab03b79c03925c\">\n                <img\n                    title=\"img_4386\"\n                    alt=\"img_4386\"\n                    src=\"https:\/\/www.freimarianne.ch\/wp-content\/gallery\/montenegro-20-5-13\/cache\/img_4386.jpg-nggid046834-ngg0dyn-100x75x100-00f0w010c010r110f110r010t010.jpg\"\n                    width=\"100\"\n                    height=\"75\"\n                    style=\"max-width:100%;\"\n                \/>\n            <\/a>\n        <\/div>\n\t\t\t\t\t\t\t<\/div> \n\t\t\t\n                            \n\t\t\t\t<div id=\"ngg-image-2\" class=\"ngg-gallery-thumbnail-box\" >\n\t\t\t\t        <div class=\"ngg-gallery-thumbnail\">\n            <a href=\"https:\/\/www.freimarianne.ch\/wp-content\/gallery\/montenegro-20-5-13\/img_4390.jpg\"\n               title=\"\"\n               data-src=\"https:\/\/www.freimarianne.ch\/wp-content\/gallery\/montenegro-20-5-13\/img_4390.jpg\"\n               data-thumbnail=\"https:\/\/www.freimarianne.ch\/wp-content\/gallery\/montenegro-20-5-13\/thumbs\/thumbs_img_4390.jpg\"\n               data-image-id=\"6835\"\n               data-title=\"img_4390\"\n               data-description=\"\"\n               data-image-slug=\"img_4390-2\"\n               class=\"shutterset_41017fd1992177596fab03b79c03925c\">\n                <img\n                    title=\"img_4390\"\n                    alt=\"img_4390\"\n                    src=\"https:\/\/www.freimarianne.ch\/wp-content\/gallery\/montenegro-20-5-13\/cache\/img_4390.jpg-nggid046835-ngg0dyn-100x75x100-00f0w010c010r110f110r010t010.jpg\"\n                    width=\"100\"\n                    height=\"75\"\n                    style=\"max-width:100%;\"\n                \/>\n            <\/a>\n        <\/div>\n\t\t\t\t\t\t\t<\/div> \n\t\t\t\n                            \n\t\t\t\t<div id=\"ngg-image-3\" class=\"ngg-gallery-thumbnail-box\" >\n\t\t\t\t        <div class=\"ngg-gallery-thumbnail\">\n            <a href=\"https:\/\/www.freimarianne.ch\/wp-content\/gallery\/montenegro-20-5-13\/img_4395.jpg\"\n               title=\"\"\n               data-src=\"https:\/\/www.freimarianne.ch\/wp-content\/gallery\/montenegro-20-5-13\/img_4395.jpg\"\n               data-thumbnail=\"https:\/\/www.freimarianne.ch\/wp-content\/gallery\/montenegro-20-5-13\/thumbs\/thumbs_img_4395.jpg\"\n               data-image-id=\"6836\"\n               data-title=\"img_4395\"\n               data-description=\"\"\n               data-image-slug=\"img_4395\"\n               class=\"shutterset_41017fd1992177596fab03b79c03925c\">\n                <img\n                    title=\"img_4395\"\n                    alt=\"img_4395\"\n                    src=\"https:\/\/www.freimarianne.ch\/wp-content\/gallery\/montenegro-20-5-13\/cache\/img_4395.jpg-nggid046836-ngg0dyn-100x75x100-00f0w010c010r110f110r010t010.jpg\"\n                    width=\"100\"\n                    height=\"75\"\n                    style=\"max-width:100%;\"\n                \/>\n            <\/a>\n        <\/div>\n\t\t\t\t\t\t\t<\/div> \n\t\t\t\n                                    <br style=\"clear: both\" \/>\n                    \n\t\t\t\t<div id=\"ngg-image-4\" class=\"ngg-gallery-thumbnail-box\" >\n\t\t\t\t        <div class=\"ngg-gallery-thumbnail\">\n            <a href=\"https:\/\/www.freimarianne.ch\/wp-content\/gallery\/montenegro-20-5-13\/img_4403.jpg\"\n               title=\"\"\n               data-src=\"https:\/\/www.freimarianne.ch\/wp-content\/gallery\/montenegro-20-5-13\/img_4403.jpg\"\n               data-thumbnail=\"https:\/\/www.freimarianne.ch\/wp-content\/gallery\/montenegro-20-5-13\/thumbs\/thumbs_img_4403.jpg\"\n               data-image-id=\"6837\"\n               data-title=\"img_4403\"\n               data-description=\"\"\n               data-image-slug=\"img_4403\"\n               class=\"shutterset_41017fd1992177596fab03b79c03925c\">\n                <img\n                    title=\"img_4403\"\n                    alt=\"img_4403\"\n                    src=\"https:\/\/www.freimarianne.ch\/wp-content\/gallery\/montenegro-20-5-13\/cache\/img_4403.jpg-nggid046837-ngg0dyn-100x75x100-00f0w010c010r110f110r010t010.jpg\"\n                    width=\"100\"\n                    height=\"75\"\n                    style=\"max-width:100%;\"\n                \/>\n            <\/a>\n        <\/div>\n\t\t\t\t\t\t\t<\/div> \n\t\t\t\n                            \n\t\t\t\t<div id=\"ngg-image-5\" class=\"ngg-gallery-thumbnail-box\" >\n\t\t\t\t        <div class=\"ngg-gallery-thumbnail\">\n            <a href=\"https:\/\/www.freimarianne.ch\/wp-content\/gallery\/montenegro-20-5-13\/img_4405.jpg\"\n               title=\"\"\n               data-src=\"https:\/\/www.freimarianne.ch\/wp-content\/gallery\/montenegro-20-5-13\/img_4405.jpg\"\n               data-thumbnail=\"https:\/\/www.freimarianne.ch\/wp-content\/gallery\/montenegro-20-5-13\/thumbs\/thumbs_img_4405.jpg\"\n               data-image-id=\"6838\"\n               data-title=\"img_4405\"\n               data-description=\"\"\n               data-image-slug=\"img_4405\"\n               class=\"shutterset_41017fd1992177596fab03b79c03925c\">\n                <img\n                    title=\"img_4405\"\n                    alt=\"img_4405\"\n                    src=\"https:\/\/www.freimarianne.ch\/wp-content\/gallery\/montenegro-20-5-13\/cache\/img_4405.jpg-nggid046838-ngg0dyn-100x75x100-00f0w010c010r110f110r010t010.jpg\"\n                    width=\"100\"\n                    height=\"75\"\n                    style=\"max-width:100%;\"\n                \/>\n            <\/a>\n        <\/div>\n\t\t\t\t\t\t\t<\/div> \n\t\t\t\n                            \n\t\t\t\t<div id=\"ngg-image-6\" class=\"ngg-gallery-thumbnail-box\" >\n\t\t\t\t        <div class=\"ngg-gallery-thumbnail\">\n            <a href=\"https:\/\/www.freimarianne.ch\/wp-content\/gallery\/montenegro-20-5-13\/img_4432.jpg\"\n               title=\"\"\n               data-src=\"https:\/\/www.freimarianne.ch\/wp-content\/gallery\/montenegro-20-5-13\/img_4432.jpg\"\n               data-thumbnail=\"https:\/\/www.freimarianne.ch\/wp-content\/gallery\/montenegro-20-5-13\/thumbs\/thumbs_img_4432.jpg\"\n               data-image-id=\"6839\"\n               data-title=\"img_4432\"\n               data-description=\"\"\n               data-image-slug=\"img_4432-4\"\n               class=\"shutterset_41017fd1992177596fab03b79c03925c\">\n                <img\n                    title=\"img_4432\"\n                    alt=\"img_4432\"\n                    src=\"https:\/\/www.freimarianne.ch\/wp-content\/gallery\/montenegro-20-5-13\/cache\/img_4432.jpg-nggid046839-ngg0dyn-100x75x100-00f0w010c010r110f110r010t010.jpg\"\n                    width=\"100\"\n                    height=\"75\"\n                    style=\"max-width:100%;\"\n                \/>\n            <\/a>\n        <\/div>\n\t\t\t\t\t\t\t<\/div> \n\t\t\t\n                            \n\t\t\t\t<div id=\"ngg-image-7\" class=\"ngg-gallery-thumbnail-box\" >\n\t\t\t\t        <div class=\"ngg-gallery-thumbnail\">\n            <a href=\"https:\/\/www.freimarianne.ch\/wp-content\/gallery\/montenegro-20-5-13\/img_4435.jpg\"\n               title=\"\"\n               data-src=\"https:\/\/www.freimarianne.ch\/wp-content\/gallery\/montenegro-20-5-13\/img_4435.jpg\"\n               data-thumbnail=\"https:\/\/www.freimarianne.ch\/wp-content\/gallery\/montenegro-20-5-13\/thumbs\/thumbs_img_4435.jpg\"\n               data-image-id=\"6840\"\n               data-title=\"img_4435\"\n               data-description=\"\"\n               data-image-slug=\"img_4435\"\n               class=\"shutterset_41017fd1992177596fab03b79c03925c\">\n                <img\n                    title=\"img_4435\"\n                    alt=\"img_4435\"\n                    src=\"https:\/\/www.freimarianne.ch\/wp-content\/gallery\/montenegro-20-5-13\/cache\/img_4435.jpg-nggid046840-ngg0dyn-100x75x100-00f0w010c010r110f110r010t010.jpg\"\n                    width=\"100\"\n                    height=\"75\"\n                    style=\"max-width:100%;\"\n                \/>\n            <\/a>\n        <\/div>\n\t\t\t\t\t\t\t<\/div> \n\t\t\t\n                                    <br style=\"clear: both\" \/>\n                    \n\t\t\t\t<div id=\"ngg-image-8\" class=\"ngg-gallery-thumbnail-box\" >\n\t\t\t\t        <div class=\"ngg-gallery-thumbnail\">\n            <a href=\"https:\/\/www.freimarianne.ch\/wp-content\/gallery\/montenegro-20-5-13\/img_4436.jpg\"\n               title=\"\"\n               data-src=\"https:\/\/www.freimarianne.ch\/wp-content\/gallery\/montenegro-20-5-13\/img_4436.jpg\"\n               data-thumbnail=\"https:\/\/www.freimarianne.ch\/wp-content\/gallery\/montenegro-20-5-13\/thumbs\/thumbs_img_4436.jpg\"\n               data-image-id=\"6841\"\n               data-title=\"img_4436\"\n               data-description=\"\"\n               data-image-slug=\"img_4436\"\n               class=\"shutterset_41017fd1992177596fab03b79c03925c\">\n                <img\n                    title=\"img_4436\"\n                    alt=\"img_4436\"\n                    src=\"https:\/\/www.freimarianne.ch\/wp-content\/gallery\/montenegro-20-5-13\/cache\/img_4436.jpg-nggid046841-ngg0dyn-100x75x100-00f0w010c010r110f110r010t010.jpg\"\n                    width=\"100\"\n                    height=\"75\"\n                    style=\"max-width:100%;\"\n                \/>\n            <\/a>\n        <\/div>\n\t\t\t\t\t\t\t<\/div> \n\t\t\t\n                            \n\t\t\t\t<div id=\"ngg-image-9\" class=\"ngg-gallery-thumbnail-box\" >\n\t\t\t\t        <div class=\"ngg-gallery-thumbnail\">\n            <a href=\"https:\/\/www.freimarianne.ch\/wp-content\/gallery\/montenegro-20-5-13\/img_4444.jpg\"\n               title=\"\"\n               data-src=\"https:\/\/www.freimarianne.ch\/wp-content\/gallery\/montenegro-20-5-13\/img_4444.jpg\"\n               data-thumbnail=\"https:\/\/www.freimarianne.ch\/wp-content\/gallery\/montenegro-20-5-13\/thumbs\/thumbs_img_4444.jpg\"\n               data-image-id=\"6842\"\n               data-title=\"img_4444\"\n               data-description=\"\"\n               data-image-slug=\"img_4444-2\"\n               class=\"shutterset_41017fd1992177596fab03b79c03925c\">\n                <img\n                    title=\"img_4444\"\n                    alt=\"img_4444\"\n                    src=\"https:\/\/www.freimarianne.ch\/wp-content\/gallery\/montenegro-20-5-13\/cache\/img_4444.jpg-nggid046842-ngg0dyn-100x75x100-00f0w010c010r110f110r010t010.jpg\"\n                    width=\"56\"\n                    height=\"75\"\n                    style=\"max-width:100%;\"\n                \/>\n            <\/a>\n        <\/div>\n\t\t\t\t\t\t\t<\/div> \n\t\t\t\n                            \n\t\t\t\t<div id=\"ngg-image-10\" class=\"ngg-gallery-thumbnail-box\" >\n\t\t\t\t        <div class=\"ngg-gallery-thumbnail\">\n            <a href=\"https:\/\/www.freimarianne.ch\/wp-content\/gallery\/montenegro-20-5-13\/img_4445_01.jpg\"\n               title=\"\"\n               data-src=\"https:\/\/www.freimarianne.ch\/wp-content\/gallery\/montenegro-20-5-13\/img_4445_01.jpg\"\n               data-thumbnail=\"https:\/\/www.freimarianne.ch\/wp-content\/gallery\/montenegro-20-5-13\/thumbs\/thumbs_img_4445_01.jpg\"\n               data-image-id=\"6843\"\n               data-title=\"img_4445_01\"\n               data-description=\"\"\n               data-image-slug=\"img_4445_01\"\n               class=\"shutterset_41017fd1992177596fab03b79c03925c\">\n                <img\n                    title=\"img_4445_01\"\n                    alt=\"img_4445_01\"\n                    src=\"https:\/\/www.freimarianne.ch\/wp-content\/gallery\/montenegro-20-5-13\/cache\/img_4445_01.jpg-nggid046843-ngg0dyn-100x75x100-00f0w010c010r110f110r010t010.jpg\"\n                    width=\"100\"\n                    height=\"52\"\n                    style=\"max-width:100%;\"\n                \/>\n            <\/a>\n        <\/div>\n\t\t\t\t\t\t\t<\/div> \n\t\t\t\n                            \n\t\t\t\t<div id=\"ngg-image-11\" class=\"ngg-gallery-thumbnail-box\" >\n\t\t\t\t        <div class=\"ngg-gallery-thumbnail\">\n            <a href=\"https:\/\/www.freimarianne.ch\/wp-content\/gallery\/montenegro-20-5-13\/img_4452.jpg\"\n               title=\"\"\n               data-src=\"https:\/\/www.freimarianne.ch\/wp-content\/gallery\/montenegro-20-5-13\/img_4452.jpg\"\n               data-thumbnail=\"https:\/\/www.freimarianne.ch\/wp-content\/gallery\/montenegro-20-5-13\/thumbs\/thumbs_img_4452.jpg\"\n               data-image-id=\"6844\"\n               data-title=\"img_4452\"\n               data-description=\"\"\n               data-image-slug=\"img_4452-2\"\n               class=\"shutterset_41017fd1992177596fab03b79c03925c\">\n                <img\n                    title=\"img_4452\"\n                    alt=\"img_4452\"\n                    src=\"https:\/\/www.freimarianne.ch\/wp-content\/gallery\/montenegro-20-5-13\/cache\/img_4452.jpg-nggid046844-ngg0dyn-100x75x100-00f0w010c010r110f110r010t010.jpg\"\n                    width=\"100\"\n                    height=\"75\"\n                    style=\"max-width:100%;\"\n                \/>\n            <\/a>\n        <\/div>\n\t\t\t\t\t\t\t<\/div> \n\t\t\t\n                                    <br style=\"clear: both\" \/>\n                    \n\t\t\t\t<div id=\"ngg-image-12\" class=\"ngg-gallery-thumbnail-box\" >\n\t\t\t\t        <div class=\"ngg-gallery-thumbnail\">\n            <a href=\"https:\/\/www.freimarianne.ch\/wp-content\/gallery\/montenegro-20-5-13\/img_4459.jpg\"\n               title=\"\"\n               data-src=\"https:\/\/www.freimarianne.ch\/wp-content\/gallery\/montenegro-20-5-13\/img_4459.jpg\"\n               data-thumbnail=\"https:\/\/www.freimarianne.ch\/wp-content\/gallery\/montenegro-20-5-13\/thumbs\/thumbs_img_4459.jpg\"\n               data-image-id=\"6845\"\n               data-title=\"img_4459\"\n               data-description=\"\"\n               data-image-slug=\"img_4459\"\n               class=\"shutterset_41017fd1992177596fab03b79c03925c\">\n                <img\n                    title=\"img_4459\"\n                    alt=\"img_4459\"\n                    src=\"https:\/\/www.freimarianne.ch\/wp-content\/gallery\/montenegro-20-5-13\/cache\/img_4459.jpg-nggid046845-ngg0dyn-100x75x100-00f0w010c010r110f110r010t010.jpg\"\n                    width=\"100\"\n                    height=\"75\"\n                    style=\"max-width:100%;\"\n                \/>\n            <\/a>\n        <\/div>\n\t\t\t\t\t\t\t<\/div> \n\t\t\t\n                            \n\t\t\t\t<div id=\"ngg-image-13\" class=\"ngg-gallery-thumbnail-box\" >\n\t\t\t\t        <div class=\"ngg-gallery-thumbnail\">\n            <a href=\"https:\/\/www.freimarianne.ch\/wp-content\/gallery\/montenegro-20-5-13\/img_4480.jpg\"\n               title=\"\"\n               data-src=\"https:\/\/www.freimarianne.ch\/wp-content\/gallery\/montenegro-20-5-13\/img_4480.jpg\"\n               data-thumbnail=\"https:\/\/www.freimarianne.ch\/wp-content\/gallery\/montenegro-20-5-13\/thumbs\/thumbs_img_4480.jpg\"\n               data-image-id=\"6846\"\n               data-title=\"img_4480\"\n               data-description=\"\"\n               data-image-slug=\"img_4480-2\"\n               class=\"shutterset_41017fd1992177596fab03b79c03925c\">\n                <img\n                    title=\"img_4480\"\n                    alt=\"img_4480\"\n                    src=\"https:\/\/www.freimarianne.ch\/wp-content\/gallery\/montenegro-20-5-13\/cache\/img_4480.jpg-nggid046846-ngg0dyn-100x75x100-00f0w010c010r110f110r010t010.jpg\"\n                    width=\"100\"\n                    height=\"75\"\n                    style=\"max-width:100%;\"\n                \/>\n            <\/a>\n        <\/div>\n\t\t\t\t\t\t\t<\/div> \n\t\t\t\n                            \n\t\t\t\t<div id=\"ngg-image-14\" class=\"ngg-gallery-thumbnail-box\" >\n\t\t\t\t        <div class=\"ngg-gallery-thumbnail\">\n            <a href=\"https:\/\/www.freimarianne.ch\/wp-content\/gallery\/montenegro-20-5-13\/img_4486.jpg\"\n               title=\"\"\n               data-src=\"https:\/\/www.freimarianne.ch\/wp-content\/gallery\/montenegro-20-5-13\/img_4486.jpg\"\n               data-thumbnail=\"https:\/\/www.freimarianne.ch\/wp-content\/gallery\/montenegro-20-5-13\/thumbs\/thumbs_img_4486.jpg\"\n               data-image-id=\"6847\"\n               data-title=\"img_4486\"\n               data-description=\"\"\n               data-image-slug=\"img_4486\"\n               class=\"shutterset_41017fd1992177596fab03b79c03925c\">\n                <img\n                    title=\"img_4486\"\n                    alt=\"img_4486\"\n                    src=\"https:\/\/www.freimarianne.ch\/wp-content\/gallery\/montenegro-20-5-13\/cache\/img_4486.jpg-nggid046847-ngg0dyn-100x75x100-00f0w010c010r110f110r010t010.jpg\"\n                    width=\"100\"\n                    height=\"75\"\n                    style=\"max-width:100%;\"\n                \/>\n            <\/a>\n        <\/div>\n\t\t\t\t\t\t\t<\/div> \n\t\t\t\n                            \n\t\t\t\t<div id=\"ngg-image-15\" class=\"ngg-gallery-thumbnail-box\" >\n\t\t\t\t        <div class=\"ngg-gallery-thumbnail\">\n            <a href=\"https:\/\/www.freimarianne.ch\/wp-content\/gallery\/montenegro-20-5-13\/img_4491.jpg\"\n               title=\"\"\n               data-src=\"https:\/\/www.freimarianne.ch\/wp-content\/gallery\/montenegro-20-5-13\/img_4491.jpg\"\n               data-thumbnail=\"https:\/\/www.freimarianne.ch\/wp-content\/gallery\/montenegro-20-5-13\/thumbs\/thumbs_img_4491.jpg\"\n               data-image-id=\"6848\"\n               data-title=\"img_4491\"\n               data-description=\"\"\n               data-image-slug=\"img_4491-2\"\n               class=\"shutterset_41017fd1992177596fab03b79c03925c\">\n                <img\n                    title=\"img_4491\"\n                    alt=\"img_4491\"\n                    src=\"https:\/\/www.freimarianne.ch\/wp-content\/gallery\/montenegro-20-5-13\/cache\/img_4491.jpg-nggid046848-ngg0dyn-100x75x100-00f0w010c010r110f110r010t010.jpg\"\n                    width=\"100\"\n                    height=\"75\"\n                    style=\"max-width:100%;\"\n                \/>\n            <\/a>\n        <\/div>\n\t\t\t\t\t\t\t<\/div> \n\t\t\t\n                                    <br style=\"clear: both\" \/>\n                    \n\t\t\t\t<div id=\"ngg-image-16\" class=\"ngg-gallery-thumbnail-box\" >\n\t\t\t\t        <div class=\"ngg-gallery-thumbnail\">\n            <a href=\"https:\/\/www.freimarianne.ch\/wp-content\/gallery\/montenegro-20-5-13\/img_4498.jpg\"\n               title=\"\"\n               data-src=\"https:\/\/www.freimarianne.ch\/wp-content\/gallery\/montenegro-20-5-13\/img_4498.jpg\"\n               data-thumbnail=\"https:\/\/www.freimarianne.ch\/wp-content\/gallery\/montenegro-20-5-13\/thumbs\/thumbs_img_4498.jpg\"\n               data-image-id=\"6849\"\n               data-title=\"img_4498\"\n               data-description=\"\"\n               data-image-slug=\"img_4498\"\n               class=\"shutterset_41017fd1992177596fab03b79c03925c\">\n                <img\n                    title=\"img_4498\"\n                    alt=\"img_4498\"\n                    src=\"https:\/\/www.freimarianne.ch\/wp-content\/gallery\/montenegro-20-5-13\/cache\/img_4498.jpg-nggid046849-ngg0dyn-100x75x100-00f0w010c010r110f110r010t010.jpg\"\n                    width=\"100\"\n                    height=\"75\"\n                    style=\"max-width:100%;\"\n                \/>\n            <\/a>\n        <\/div>\n\t\t\t\t\t\t\t<\/div> \n\t\t\t\n                            \n\t\t\t\t<div id=\"ngg-image-17\" class=\"ngg-gallery-thumbnail-box\" >\n\t\t\t\t        <div class=\"ngg-gallery-thumbnail\">\n            <a href=\"https:\/\/www.freimarianne.ch\/wp-content\/gallery\/montenegro-20-5-13\/img_4508.jpg\"\n               title=\"\"\n               data-src=\"https:\/\/www.freimarianne.ch\/wp-content\/gallery\/montenegro-20-5-13\/img_4508.jpg\"\n               data-thumbnail=\"https:\/\/www.freimarianne.ch\/wp-content\/gallery\/montenegro-20-5-13\/thumbs\/thumbs_img_4508.jpg\"\n               data-image-id=\"6850\"\n               data-title=\"img_4508\"\n               data-description=\"\"\n               data-image-slug=\"img_4508\"\n               class=\"shutterset_41017fd1992177596fab03b79c03925c\">\n                <img\n                    title=\"img_4508\"\n                    alt=\"img_4508\"\n                    src=\"https:\/\/www.freimarianne.ch\/wp-content\/gallery\/montenegro-20-5-13\/cache\/img_4508.jpg-nggid046850-ngg0dyn-100x75x100-00f0w010c010r110f110r010t010.jpg\"\n                    width=\"100\"\n                    height=\"75\"\n                    style=\"max-width:100%;\"\n                \/>\n            <\/a>\n        <\/div>\n\t\t\t\t\t\t\t<\/div> \n\t\t\t\n                            \n\t\t\n\t\t<!-- Pagination -->\n\t<div class='ngg-clear'><\/div>\t<\/div>\n\n","protected":false},"excerpt":{"rendered":"<p>Vrmac Halbinsel- Perast Fahrt oder Aufstieg auf einer sch\u00f6n angelegten Milit\u00e4rstrasse zur zerfallenen Vrmac Festung in einem lichten Pinienwald auf der Halbinsel in der Bucht von Kotor. Wanderung entlang dem Bergr\u00fccken mit sch\u00f6nen Aussichten auf beide Seiten bis zum Uebergang Vrdola (Rother 7). Abstieg nach Gornje Stoliv, ein verlassenes Bergdorf (Rother 9) und weiter nach [&hellip;]<\/p>\n","protected":false},"author":1,"featured_media":0,"parent":3874,"menu_order":3,"comment_status":"closed","ping_status":"closed","template":"","meta":{"ngg_post_thumbnail":0},"_links":{"self":[{"href":"https:\/\/www.freimarianne.ch\/index.php?rest_route=\/wp\/v2\/pages\/4135"}],"collection":[{"href":"https:\/\/www.freimarianne.ch\/index.php?rest_route=\/wp\/v2\/pages"}],"about":[{"href":"https:\/\/www.freimarianne.ch\/index.php?rest_route=\/wp\/v2\/types\/page"}],"author":[{"embeddable":true,"href":"https:\/\/www.freimarianne.ch\/index.php?rest_route=\/wp\/v2\/users\/1"}],"replies":[{"embeddable":true,"href":"https:\/\/www.freimarianne.ch\/index.php?rest_route=%2Fwp%2Fv2%2Fcomments&post=4135"}],"version-history":[{"count":12,"href":"https:\/\/www.freimarianne.ch\/index.php?rest_route=\/wp\/v2\/pages\/4135\/revisions"}],"predecessor-version":[{"id":4234,"href":"https:\/\/www.freimarianne.ch\/index.php?rest_route=\/wp\/v2\/pages\/4135\/revisions\/4234"}],"up":[{"embeddable":true,"href":"https:\/\/www.freimarianne.ch\/index.php?rest_route=\/wp\/v2\/pages\/3874"}],"wp:attachment":[{"href":"https:\/\/www.freimarianne.ch\/index.php?rest_route=%2Fwp%2Fv2%2Fmedia&parent=4135"}],"curies":[{"name":"wp","href":"https:\/\/api.w.org\/{rel}","templated":true}]}}