{"id":4139,"date":"2013-07-11T10:39:58","date_gmt":"2013-07-11T09:39:58","guid":{"rendered":"http:\/\/www.freimarianne.ch\/?page_id=4139"},"modified":"2013-07-20T07:15:56","modified_gmt":"2013-07-20T06:15:56","slug":"montenegro-22-5-2013","status":"publish","type":"page","link":"https:\/\/www.freimarianne.ch\/?page_id=4139","title":{"rendered":"Montenegro 22.5.2013"},"content":{"rendered":"<p><strong>Perast \u2013 Plu\u017eine  \u2013 Crkvicko Polje im Piva Gebirge<\/strong><br \/>\nSchlechtes Wetter!<br \/>\n<img loading=\"lazy\" src=\"http:\/\/www.freimarianne.ch\/wp-content\/uploads\/2013\/07\/IMG_4646_monten-23.jpg\" alt=\"IMG_4646_monten-23\" width=\"500\" height=\"375\" class=\"aligncenter size-full wp-image-4162\" srcset=\"https:\/\/www.freimarianne.ch\/wp-content\/uploads\/2013\/07\/IMG_4646_monten-23.jpg 500w, https:\/\/www.freimarianne.ch\/wp-content\/uploads\/2013\/07\/IMG_4646_monten-23-300x225.jpg 300w, https:\/\/www.freimarianne.ch\/wp-content\/uploads\/2013\/07\/IMG_4646_monten-23-400x300.jpg 400w\" sizes=\"(max-width: 500px) 100vw, 500px\" \/><\/a><br \/>\nTransfer via Niksic nach Pluzine im Piva Canyon. Fast 18 km lang zieht sich das Band des tiefblauen Stausees durch das immer enger werdende Tal bis zur dramatisch-gewaltigen Staumauer kurz vor dem Grenz\u00fcbergang nach Bosnien. Kurz vor Pluzine besuchen  wir das 1583 gebaute Piva Kloster, das vor allem wegen seiner \u00fcberaus reichen Innenausstattung und seiner Fresken bemerkenswert ist. Weiterfahrt  nach Crkvicko Polje, eine eher gef\u00e4hrliche Fahrt auf enger Bergstrasse. Bei str\u00f6menden Regen kommen wir heil an  und verteilen uns in die H\u00fctten des Camps und in die Zimmer des ehemaligen Milit\u00e4rspitals.<br \/>\n <!-- index.php -->\n<div\n\tclass=\"ngg-galleryoverview ngg-ajax-pagination-none\"\n\tid=\"ngg-gallery-e89ea6a715173cfe21877f467853c73e-1\">\n\n    \t<div class=\"slideshowlink\">\n        <a href='https:\/\/www.freimarianne.ch\/index.php\/nggallery\/slideshow?page_id=4139'>[Show as slideshow]<\/a>\n\t\t\n\t<\/div>\n\t\t\t<!-- Thumbnails -->\n\t\t\t\t<div id=\"ngg-image-0\" class=\"ngg-gallery-thumbnail-box\" >\n\t\t\t\t        <div class=\"ngg-gallery-thumbnail\">\n            <a href=\"https:\/\/www.freimarianne.ch\/wp-content\/gallery\/montenegro-22-5-13\/img_4599.jpg\"\n               title=\"\"\n               data-src=\"https:\/\/www.freimarianne.ch\/wp-content\/gallery\/montenegro-22-5-13\/img_4599.jpg\"\n               data-thumbnail=\"https:\/\/www.freimarianne.ch\/wp-content\/gallery\/montenegro-22-5-13\/thumbs\/thumbs_img_4599.jpg\"\n               data-image-id=\"6864\"\n               data-title=\"img_4599\"\n               data-description=\"\"\n               data-image-slug=\"img_4599\"\n               class=\"shutterset_e89ea6a715173cfe21877f467853c73e\">\n                <img\n                    title=\"img_4599\"\n                    alt=\"img_4599\"\n                    src=\"https:\/\/www.freimarianne.ch\/wp-content\/gallery\/montenegro-22-5-13\/cache\/img_4599.jpg-nggid046864-ngg0dyn-100x75x100-00f0w010c010r110f110r010t010.jpg\"\n                    width=\"100\"\n                    height=\"75\"\n                    style=\"max-width:100%;\"\n                \/>\n            <\/a>\n        <\/div>\n\t\t\t\t\t\t\t<\/div> \n\t\t\t\n                            \n\t\t\t\t<div id=\"ngg-image-1\" class=\"ngg-gallery-thumbnail-box\" >\n\t\t\t\t        <div class=\"ngg-gallery-thumbnail\">\n            <a href=\"https:\/\/www.freimarianne.ch\/wp-content\/gallery\/montenegro-22-5-13\/img_4601.jpg\"\n               title=\"\"\n               data-src=\"https:\/\/www.freimarianne.ch\/wp-content\/gallery\/montenegro-22-5-13\/img_4601.jpg\"\n               data-thumbnail=\"https:\/\/www.freimarianne.ch\/wp-content\/gallery\/montenegro-22-5-13\/thumbs\/thumbs_img_4601.jpg\"\n               data-image-id=\"6865\"\n               data-title=\"img_4601\"\n               data-description=\"\"\n               data-image-slug=\"img_4601\"\n               class=\"shutterset_e89ea6a715173cfe21877f467853c73e\">\n                <img\n                    title=\"img_4601\"\n                    alt=\"img_4601\"\n                    src=\"https:\/\/www.freimarianne.ch\/wp-content\/gallery\/montenegro-22-5-13\/cache\/img_4601.jpg-nggid046865-ngg0dyn-100x75x100-00f0w010c010r110f110r010t010.jpg\"\n                    width=\"100\"\n                    height=\"75\"\n                    style=\"max-width:100%;\"\n                \/>\n            <\/a>\n        <\/div>\n\t\t\t\t\t\t\t<\/div> \n\t\t\t\n                            \n\t\t\t\t<div id=\"ngg-image-2\" class=\"ngg-gallery-thumbnail-box\" >\n\t\t\t\t        <div class=\"ngg-gallery-thumbnail\">\n            <a href=\"https:\/\/www.freimarianne.ch\/wp-content\/gallery\/montenegro-22-5-13\/img_4606.jpg\"\n               title=\"\"\n               data-src=\"https:\/\/www.freimarianne.ch\/wp-content\/gallery\/montenegro-22-5-13\/img_4606.jpg\"\n               data-thumbnail=\"https:\/\/www.freimarianne.ch\/wp-content\/gallery\/montenegro-22-5-13\/thumbs\/thumbs_img_4606.jpg\"\n               data-image-id=\"6866\"\n               data-title=\"img_4606\"\n               data-description=\"\"\n               data-image-slug=\"img_4606-2\"\n               class=\"shutterset_e89ea6a715173cfe21877f467853c73e\">\n                <img\n                    title=\"img_4606\"\n                    alt=\"img_4606\"\n                    src=\"https:\/\/www.freimarianne.ch\/wp-content\/gallery\/montenegro-22-5-13\/cache\/img_4606.jpg-nggid046866-ngg0dyn-100x75x100-00f0w010c010r110f110r010t010.jpg\"\n                    width=\"100\"\n                    height=\"75\"\n                    style=\"max-width:100%;\"\n                \/>\n            <\/a>\n        <\/div>\n\t\t\t\t\t\t\t<\/div> \n\t\t\t\n                            \n\t\t\t\t<div id=\"ngg-image-3\" class=\"ngg-gallery-thumbnail-box\" >\n\t\t\t\t        <div class=\"ngg-gallery-thumbnail\">\n            <a href=\"https:\/\/www.freimarianne.ch\/wp-content\/gallery\/montenegro-22-5-13\/img_4608.jpg\"\n               title=\"\"\n               data-src=\"https:\/\/www.freimarianne.ch\/wp-content\/gallery\/montenegro-22-5-13\/img_4608.jpg\"\n               data-thumbnail=\"https:\/\/www.freimarianne.ch\/wp-content\/gallery\/montenegro-22-5-13\/thumbs\/thumbs_img_4608.jpg\"\n               data-image-id=\"6867\"\n               data-title=\"img_4608\"\n               data-description=\"\"\n               data-image-slug=\"img_4608-2\"\n               class=\"shutterset_e89ea6a715173cfe21877f467853c73e\">\n                <img\n                    title=\"img_4608\"\n                    alt=\"img_4608\"\n                    src=\"https:\/\/www.freimarianne.ch\/wp-content\/gallery\/montenegro-22-5-13\/cache\/img_4608.jpg-nggid046867-ngg0dyn-100x75x100-00f0w010c010r110f110r010t010.jpg\"\n                    width=\"100\"\n                    height=\"75\"\n                    style=\"max-width:100%;\"\n                \/>\n            <\/a>\n        <\/div>\n\t\t\t\t\t\t\t<\/div> \n\t\t\t\n                                    <br style=\"clear: both\" \/>\n                    \n\t\t\t\t<div id=\"ngg-image-4\" class=\"ngg-gallery-thumbnail-box\" >\n\t\t\t\t        <div class=\"ngg-gallery-thumbnail\">\n            <a href=\"https:\/\/www.freimarianne.ch\/wp-content\/gallery\/montenegro-22-5-13\/img_4634.jpg\"\n               title=\"\"\n               data-src=\"https:\/\/www.freimarianne.ch\/wp-content\/gallery\/montenegro-22-5-13\/img_4634.jpg\"\n               data-thumbnail=\"https:\/\/www.freimarianne.ch\/wp-content\/gallery\/montenegro-22-5-13\/thumbs\/thumbs_img_4634.jpg\"\n               data-image-id=\"6868\"\n               data-title=\"img_4634\"\n               data-description=\"\"\n               data-image-slug=\"img_4634\"\n               class=\"shutterset_e89ea6a715173cfe21877f467853c73e\">\n                <img\n                    title=\"img_4634\"\n                    alt=\"img_4634\"\n                    src=\"https:\/\/www.freimarianne.ch\/wp-content\/gallery\/montenegro-22-5-13\/cache\/img_4634.jpg-nggid046868-ngg0dyn-100x75x100-00f0w010c010r110f110r010t010.jpg\"\n                    width=\"100\"\n                    height=\"75\"\n                    style=\"max-width:100%;\"\n                \/>\n            <\/a>\n        <\/div>\n\t\t\t\t\t\t\t<\/div> \n\t\t\t\n                            \n\t\t\n\t\t<!-- Pagination -->\n\t<div class='ngg-clear'><\/div>\t<\/div>\n<\/p>\n","protected":false},"excerpt":{"rendered":"<p>Perast \u2013 Plu\u017eine \u2013 Crkvicko Polje im Piva Gebirge Schlechtes Wetter! Transfer via Niksic nach Pluzine im Piva Canyon. Fast 18 km lang zieht sich das Band des tiefblauen Stausees durch das immer enger werdende Tal bis zur dramatisch-gewaltigen Staumauer kurz vor dem Grenz\u00fcbergang nach Bosnien. Kurz vor Pluzine besuchen wir das 1583 gebaute Piva [&hellip;]<\/p>\n","protected":false},"author":1,"featured_media":0,"parent":3874,"menu_order":5,"comment_status":"closed","ping_status":"closed","template":"","meta":{"ngg_post_thumbnail":0},"_links":{"self":[{"href":"https:\/\/www.freimarianne.ch\/index.php?rest_route=\/wp\/v2\/pages\/4139"}],"collection":[{"href":"https:\/\/www.freimarianne.ch\/index.php?rest_route=\/wp\/v2\/pages"}],"about":[{"href":"https:\/\/www.freimarianne.ch\/index.php?rest_route=\/wp\/v2\/types\/page"}],"author":[{"embeddable":true,"href":"https:\/\/www.freimarianne.ch\/index.php?rest_route=\/wp\/v2\/users\/1"}],"replies":[{"embeddable":true,"href":"https:\/\/www.freimarianne.ch\/index.php?rest_route=%2Fwp%2Fv2%2Fcomments&post=4139"}],"version-history":[{"count":8,"href":"https:\/\/www.freimarianne.ch\/index.php?rest_route=\/wp\/v2\/pages\/4139\/revisions"}],"predecessor-version":[{"id":4244,"href":"https:\/\/www.freimarianne.ch\/index.php?rest_route=\/wp\/v2\/pages\/4139\/revisions\/4244"}],"up":[{"embeddable":true,"href":"https:\/\/www.freimarianne.ch\/index.php?rest_route=\/wp\/v2\/pages\/3874"}],"wp:attachment":[{"href":"https:\/\/www.freimarianne.ch\/index.php?rest_route=%2Fwp%2Fv2%2Fmedia&parent=4139"}],"curies":[{"name":"wp","href":"https:\/\/api.w.org\/{rel}","templated":true}]}}