{"id":47111,"date":"2021-01-26T10:59:11","date_gmt":"2021-01-26T09:59:11","guid":{"rendered":"http:\/\/www.freimarianne.ch\/?page_id=47111"},"modified":"2021-01-26T11:00:39","modified_gmt":"2021-01-26T10:00:39","slug":"riederalp-bettmeralp-18-1-2021","status":"publish","type":"page","link":"https:\/\/www.freimarianne.ch\/?page_id=47111","title":{"rendered":"Riederalp- Bettmeralp  18.1.2021"},"content":{"rendered":"<p><strong>Schneeschuhwanderung von der Riederalp auf die Bettmeralp<\/strong><br \/>\nKeine Fotos<\/p>\n<p>Ich dachte, dass das Wetter auf der Riederalp\u00a0 besser sei. Als ich bei Visp vorbeifuhr sah ich, dass es im\u00a0 Saasertal und im Unterwallis sonnig war. Eigentlich h\u00e4tte ich umsteigen sollen, denn gegen das Oberwallis sah es nicht gut aus.<br \/>\nNun ja, ich fuhr weiter. Im M\u00f6rel benutzte ich die Gondelbahn\u00a0 hinauf auf Riederalp West und wurde vom dichten Nebel und sehr viel Schnee empfangen!<br \/>\nIch ziehe gleich die\u00a0 Schneeschuhe an und mache mich auf den Weg hinauf auf die Riederfurka.\u00a0 Im Dorf hat es sehr viel Schnee. Im\u00a0 Nebel steige ich den Weg hinauf. Nach den letzten H\u00e4usern ist der Weg nicht mehr gebahnt und ich stehe vor einer Spur im tiefen Schnee, von der ich nicht sehe, wo sie hinf\u00fchrt.<br \/>\nAlso kehre ich um und wandere \u00fcber den Golfplatz und bewundere die verschneiten, schemenhaften B\u00e4ume. Am Dorfende sehe ich, dass der Weg hin\u00fcber zur Bettmeralp &#8211; eigenltich ein Winterwanderweg- gespurt ist.Ich beschliesse, doch noch etwas zu leisten und steige hinauf\u00a0\u00a0 zur Scheeboduegg 2080m.\u00a0 Der Weg ist ausgesteckt aber\u00a0 nicht immer ganz eindeutig. Oben muss man den Weg hinter dem Skilift\u00a0 suchen. Sp\u00e4ter\u00a0 sind Stecken\u00a0 in zwei verschiedene Richtungen ausgesteckt. Zum Gl\u00fcck kommen noch andere Personen und es wird klar. dass man hinunter zur Wasserfassung gehen muss.\u00a0\u00a0 Dort unten wird es pl\u00f6tzlich heller und man sieht die Bettmeralp. Nun ist alles klar ! Ich erreiche oben bei der Skistation das Dorf und gehe dann hinunter zu Seilbahn. Da ich fr\u00fch bin, 1400h hat\u00a0 es wenig Leute.<\/p>\n<p>Laut Schweuzmobil:<br \/>\nDistanz: 6.06km; Aufstieg=Abstieg: 226m; Wanderzeit: 1h 42min (Sommer)<br \/>\nIch war ca. 3 Stunden unterwegs.<\/p>\n","protected":false},"excerpt":{"rendered":"<p>Schneeschuhwanderung von der Riederalp auf die Bettmeralp Keine Fotos Ich dachte, dass das Wetter auf der Riederalp\u00a0 besser sei. Als ich bei Visp vorbeifuhr sah ich, dass es im\u00a0 Saasertal und im Unterwallis sonnig war. Eigentlich h\u00e4tte ich umsteigen sollen, denn gegen das Oberwallis sah es nicht gut aus. Nun ja, ich fuhr weiter. Im [&hellip;]<\/p>\n","protected":false},"author":1,"featured_media":0,"parent":46065,"menu_order":12,"comment_status":"closed","ping_status":"closed","template":"","meta":{"ngg_post_thumbnail":0},"_links":{"self":[{"href":"https:\/\/www.freimarianne.ch\/index.php?rest_route=\/wp\/v2\/pages\/47111"}],"collection":[{"href":"https:\/\/www.freimarianne.ch\/index.php?rest_route=\/wp\/v2\/pages"}],"about":[{"href":"https:\/\/www.freimarianne.ch\/index.php?rest_route=\/wp\/v2\/types\/page"}],"author":[{"embeddable":true,"href":"https:\/\/www.freimarianne.ch\/index.php?rest_route=\/wp\/v2\/users\/1"}],"replies":[{"embeddable":true,"href":"https:\/\/www.freimarianne.ch\/index.php?rest_route=%2Fwp%2Fv2%2Fcomments&post=47111"}],"version-history":[{"count":3,"href":"https:\/\/www.freimarianne.ch\/index.php?rest_route=\/wp\/v2\/pages\/47111\/revisions"}],"predecessor-version":[{"id":47114,"href":"https:\/\/www.freimarianne.ch\/index.php?rest_route=\/wp\/v2\/pages\/47111\/revisions\/47114"}],"up":[{"embeddable":true,"href":"https:\/\/www.freimarianne.ch\/index.php?rest_route=\/wp\/v2\/pages\/46065"}],"wp:attachment":[{"href":"https:\/\/www.freimarianne.ch\/index.php?rest_route=%2Fwp%2Fv2%2Fmedia&parent=47111"}],"curies":[{"name":"wp","href":"https:\/\/api.w.org\/{rel}","templated":true}]}}