{"id":47419,"date":"2021-02-28T16:13:22","date_gmt":"2021-02-28T15:13:22","guid":{"rendered":"http:\/\/www.freimarianne.ch\/?page_id=47419"},"modified":"2021-03-01T11:37:14","modified_gmt":"2021-03-01T10:37:14","slug":"heiligkreuz-lu-15-2-2021","status":"publish","type":"page","link":"https:\/\/www.freimarianne.ch\/?page_id=47419","title":{"rendered":"Heiligkreuz   LU  15.2.2021"},"content":{"rendered":"<p><strong>Winterwanderung auf den First<\/strong><\/p>\n<p><img loading=\"lazy\" src=\"http:\/\/www.freimarianne.ch\/wp-content\/uploads\/2021\/02\/IMG_5481_Heiligkrez-500.jpeg\" alt=\"\" class=\"size-full wp-image-47402\" width=\"500\" height=\"376\" srcset=\"https:\/\/www.freimarianne.ch\/wp-content\/uploads\/2021\/02\/IMG_5481_Heiligkrez-500.jpeg 500w, https:\/\/www.freimarianne.ch\/wp-content\/uploads\/2021\/02\/IMG_5481_Heiligkrez-500-300x226.jpeg 300w, https:\/\/www.freimarianne.ch\/wp-content\/uploads\/2021\/02\/IMG_5481_Heiligkrez-500-399x300.jpeg 399w\" sizes=\"(max-width: 500px) 100vw, 500px\" \/> auf der Reistegg  1257m<\/p>\n<p>Wir fahren heute ins Entlebuch nach Heiligkreuz  1128m, wo wir um 11.43h ankommen.  Das Wetter  ist einigermassen gut. Aber wir k\u00f6nnen nicht allzuviel erwarten heute. Wir marschieren gleich  auf dem Str\u00e4sschen  neben dem Skilift  los vorbei  in RIchtung Reistegg 1257m.  Um 12.16h sind wir oben  und wir k\u00f6nnen sogar einige Fotos bei Sonnenschein machen. Dann geht es weiter und wir steigen  im   steilen Abhang des  Haslerhowalds  hinauf zum First 1431m. Leider ist es an unseren Ziel   bedeckt und kalt, sodass unsere Mittagspause auf dem Balken einer Schauckel nicht sehr lange w\u00e4hrt. Wir folgen dann den rosa Stecken hinunter zum P. 1308m. Dort wendet sich der Weg nach links und wir gehen unterhalb der Skipiste zur\u00fcck  gegen Heiligkreuz,14h.  Auf einer Bank machen wir nochmals eine Rast, um die lange Wartezeit auf den Bus  zu \u00fcberbr\u00fccken. Als es zu kalt wird besuchen wir  noch die Kirche.<br>\nUm 15.13h k\u00f6nnen wir dann den Bus nach Sch\u00fcpfheim besteigen.<br>\nDies war eine eher kurze Winterwanderung.<\/p>\n<p>Laut Schweizmobil:<br>\nDistanz: 6.25km;  Aufstieg=Abstieg: 328m; Wanderzeit: 2h ( Sommer)<\/p>\n<p><a href=\"https:\/\/map.schweizmobil.ch\/?lang=de&amp;photos=yes&amp;bgLayer=pk&amp;logo=yes&amp;season=winter&amp;resolution=2.24&amp;E=2646775&amp;N=1199363&amp;trackId=1876576184&amp;layers=Winterhiking\">Karte Schweizmobil:<\/a><\/p>\n\n\n<!-- index.php -->\n<div\n\tclass=\"ngg-galleryoverview ngg-ajax-pagination-none\"\n\tid=\"ngg-gallery-2bac134b8c103e06ff1be86c5121aed4-1\">\n\n    \t<div class=\"slideshowlink\">\n        <a href='https:\/\/www.freimarianne.ch\/index.php\/nggallery\/slideshow?page_id=47419'>[Show as slideshow]<\/a>\n\t\t\n\t<\/div>\n\t\t\t<!-- Thumbnails -->\n\t\t\t\t<div id=\"ngg-image-0\" class=\"ngg-gallery-thumbnail-box\" >\n\t\t\t\t        <div class=\"ngg-gallery-thumbnail\">\n            <a href=\"https:\/\/www.freimarianne.ch\/wp-content\/gallery\/heiligkreuz-15-2-21\/IMG_1466.jpeg\"\n               title=\"auf dem R\u00fcckweg\"\n               data-src=\"https:\/\/www.freimarianne.ch\/wp-content\/gallery\/heiligkreuz-15-2-21\/IMG_1466.jpeg\"\n               data-thumbnail=\"https:\/\/www.freimarianne.ch\/wp-content\/gallery\/heiligkreuz-15-2-21\/thumbs\/thumbs_IMG_1466.jpeg\"\n               data-image-id=\"25107\"\n               data-title=\"IMG_1466\"\n               data-description=\"auf dem R\u00fcckweg\"\n               data-image-slug=\"img_1466-2\"\n               class=\"shutterset_2bac134b8c103e06ff1be86c5121aed4\">\n                <img\n                    title=\"IMG_1466\"\n                    alt=\"IMG_1466\"\n                    src=\"https:\/\/www.freimarianne.ch\/wp-content\/gallery\/heiligkreuz-15-2-21\/cache\/IMG_1466.jpeg-nggid0525107-ngg0dyn-100x75x100-00f0w010c010r110f110r010t010.jpeg\"\n                    width=\"100\"\n                    height=\"67\"\n                    style=\"max-width:100%;\"\n                \/>\n            <\/a>\n        <\/div>\n\t\t\t\t\t\t\t<\/div> \n\t\t\t\n                            \n\t\t\t\t<div id=\"ngg-image-1\" class=\"ngg-gallery-thumbnail-box\" >\n\t\t\t\t        <div class=\"ngg-gallery-thumbnail\">\n            <a href=\"https:\/\/www.freimarianne.ch\/wp-content\/gallery\/heiligkreuz-15-2-21\/IMG_1462.jpeg\"\n               title=\"das Restaurant auf dem First 1364m\"\n               data-src=\"https:\/\/www.freimarianne.ch\/wp-content\/gallery\/heiligkreuz-15-2-21\/IMG_1462.jpeg\"\n               data-thumbnail=\"https:\/\/www.freimarianne.ch\/wp-content\/gallery\/heiligkreuz-15-2-21\/thumbs\/thumbs_IMG_1462.jpeg\"\n               data-image-id=\"25108\"\n               data-title=\"IMG_1462\"\n               data-description=\"das Restaurant auf dem First 1364m\"\n               data-image-slug=\"img_1462\"\n               class=\"shutterset_2bac134b8c103e06ff1be86c5121aed4\">\n                <img\n                    title=\"IMG_1462\"\n                    alt=\"IMG_1462\"\n                    src=\"https:\/\/www.freimarianne.ch\/wp-content\/gallery\/heiligkreuz-15-2-21\/cache\/IMG_1462.jpeg-nggid0525108-ngg0dyn-100x75x100-00f0w010c010r110f110r010t010.jpeg\"\n                    width=\"100\"\n                    height=\"68\"\n                    style=\"max-width:100%;\"\n                \/>\n            <\/a>\n        <\/div>\n\t\t\t\t\t\t\t<\/div> \n\t\t\t\n                            \n\t\t\t\t<div id=\"ngg-image-2\" class=\"ngg-gallery-thumbnail-box\" >\n\t\t\t\t        <div class=\"ngg-gallery-thumbnail\">\n            <a href=\"https:\/\/www.freimarianne.ch\/wp-content\/gallery\/heiligkreuz-15-2-21\/IMG_1459.jpeg\"\n               title=\"Reistegg 1257m; kurzer Sonnenschein\"\n               data-src=\"https:\/\/www.freimarianne.ch\/wp-content\/gallery\/heiligkreuz-15-2-21\/IMG_1459.jpeg\"\n               data-thumbnail=\"https:\/\/www.freimarianne.ch\/wp-content\/gallery\/heiligkreuz-15-2-21\/thumbs\/thumbs_IMG_1459.jpeg\"\n               data-image-id=\"25109\"\n               data-title=\"IMG_1459\"\n               data-description=\"Reistegg 1257m; kurzer Sonnenschein\"\n               data-image-slug=\"img_1459-1\"\n               class=\"shutterset_2bac134b8c103e06ff1be86c5121aed4\">\n                <img\n                    title=\"IMG_1459\"\n                    alt=\"IMG_1459\"\n                    src=\"https:\/\/www.freimarianne.ch\/wp-content\/gallery\/heiligkreuz-15-2-21\/cache\/IMG_1459.jpeg-nggid0525109-ngg0dyn-100x75x100-00f0w010c010r110f110r010t010.jpeg\"\n                    width=\"100\"\n                    height=\"67\"\n                    style=\"max-width:100%;\"\n                \/>\n            <\/a>\n        <\/div>\n\t\t\t\t\t\t\t<\/div> \n\t\t\t\n                            \n\t\t\t\t<div id=\"ngg-image-3\" class=\"ngg-gallery-thumbnail-box\" >\n\t\t\t\t        <div class=\"ngg-gallery-thumbnail\">\n            <a href=\"https:\/\/www.freimarianne.ch\/wp-content\/gallery\/heiligkreuz-15-2-21\/IMG_1474.jpeg\"\n               title=\"hinunter nach Heilgkreuz\"\n               data-src=\"https:\/\/www.freimarianne.ch\/wp-content\/gallery\/heiligkreuz-15-2-21\/IMG_1474.jpeg\"\n               data-thumbnail=\"https:\/\/www.freimarianne.ch\/wp-content\/gallery\/heiligkreuz-15-2-21\/thumbs\/thumbs_IMG_1474.jpeg\"\n               data-image-id=\"25110\"\n               data-title=\"IMG_1474\"\n               data-description=\"hinunter nach Heilgkreuz\"\n               data-image-slug=\"img_1474-3\"\n               class=\"shutterset_2bac134b8c103e06ff1be86c5121aed4\">\n                <img\n                    title=\"IMG_1474\"\n                    alt=\"IMG_1474\"\n                    src=\"https:\/\/www.freimarianne.ch\/wp-content\/gallery\/heiligkreuz-15-2-21\/cache\/IMG_1474.jpeg-nggid0525110-ngg0dyn-100x75x100-00f0w010c010r110f110r010t010.jpeg\"\n                    width=\"100\"\n                    height=\"67\"\n                    style=\"max-width:100%;\"\n                \/>\n            <\/a>\n        <\/div>\n\t\t\t\t\t\t\t<\/div> \n\t\t\t\n                                    <br style=\"clear: both\" \/>\n                    \n\t\t\t\t<div id=\"ngg-image-4\" class=\"ngg-gallery-thumbnail-box\" >\n\t\t\t\t        <div class=\"ngg-gallery-thumbnail\">\n            <a href=\"https:\/\/www.freimarianne.ch\/wp-content\/gallery\/heiligkreuz-15-2-21\/IMG_1464.jpeg\"\n               title=\"Blick vom auf dem First 1364m;\"\n               data-src=\"https:\/\/www.freimarianne.ch\/wp-content\/gallery\/heiligkreuz-15-2-21\/IMG_1464.jpeg\"\n               data-thumbnail=\"https:\/\/www.freimarianne.ch\/wp-content\/gallery\/heiligkreuz-15-2-21\/thumbs\/thumbs_IMG_1464.jpeg\"\n               data-image-id=\"25111\"\n               data-title=\"IMG_1464\"\n               data-description=\"Blick vom auf dem First 1364m;\"\n               data-image-slug=\"img_1464\"\n               class=\"shutterset_2bac134b8c103e06ff1be86c5121aed4\">\n                <img\n                    title=\"IMG_1464\"\n                    alt=\"IMG_1464\"\n                    src=\"https:\/\/www.freimarianne.ch\/wp-content\/gallery\/heiligkreuz-15-2-21\/cache\/IMG_1464.jpeg-nggid0525111-ngg0dyn-100x75x100-00f0w010c010r110f110r010t010.jpeg\"\n                    width=\"100\"\n                    height=\"67\"\n                    style=\"max-width:100%;\"\n                \/>\n            <\/a>\n        <\/div>\n\t\t\t\t\t\t\t<\/div> \n\t\t\t\n                            \n\t\t\t\t<div id=\"ngg-image-5\" class=\"ngg-gallery-thumbnail-box\" >\n\t\t\t\t        <div class=\"ngg-gallery-thumbnail\">\n            <a href=\"https:\/\/www.freimarianne.ch\/wp-content\/gallery\/heiligkreuz-15-2-21\/IMG_1469.jpeg\"\n               title=\"Wegkreuz\"\n               data-src=\"https:\/\/www.freimarianne.ch\/wp-content\/gallery\/heiligkreuz-15-2-21\/IMG_1469.jpeg\"\n               data-thumbnail=\"https:\/\/www.freimarianne.ch\/wp-content\/gallery\/heiligkreuz-15-2-21\/thumbs\/thumbs_IMG_1469.jpeg\"\n               data-image-id=\"25112\"\n               data-title=\"IMG_1469\"\n               data-description=\"Wegkreuz\"\n               data-image-slug=\"img_1469-5\"\n               class=\"shutterset_2bac134b8c103e06ff1be86c5121aed4\">\n                <img\n                    title=\"IMG_1469\"\n                    alt=\"IMG_1469\"\n                    src=\"https:\/\/www.freimarianne.ch\/wp-content\/gallery\/heiligkreuz-15-2-21\/cache\/IMG_1469.jpeg-nggid0525112-ngg0dyn-100x75x100-00f0w010c010r110f110r010t010.jpeg\"\n                    width=\"100\"\n                    height=\"67\"\n                    style=\"max-width:100%;\"\n                \/>\n            <\/a>\n        <\/div>\n\t\t\t\t\t\t\t<\/div> \n\t\t\t\n                            \n\t\t\t\t<div id=\"ngg-image-6\" class=\"ngg-gallery-thumbnail-box\" >\n\t\t\t\t        <div class=\"ngg-gallery-thumbnail\">\n            <a href=\"https:\/\/www.freimarianne.ch\/wp-content\/gallery\/heiligkreuz-15-2-21\/IMG_1456.jpeg\"\n               title=\"gegen die Reistegg\"\n               data-src=\"https:\/\/www.freimarianne.ch\/wp-content\/gallery\/heiligkreuz-15-2-21\/IMG_1456.jpeg\"\n               data-thumbnail=\"https:\/\/www.freimarianne.ch\/wp-content\/gallery\/heiligkreuz-15-2-21\/thumbs\/thumbs_IMG_1456.jpeg\"\n               data-image-id=\"25113\"\n               data-title=\"IMG_1456\"\n               data-description=\"gegen die Reistegg\"\n               data-image-slug=\"img_1456\"\n               class=\"shutterset_2bac134b8c103e06ff1be86c5121aed4\">\n                <img\n                    title=\"IMG_1456\"\n                    alt=\"IMG_1456\"\n                    src=\"https:\/\/www.freimarianne.ch\/wp-content\/gallery\/heiligkreuz-15-2-21\/cache\/IMG_1456.jpeg-nggid0525113-ngg0dyn-100x75x100-00f0w010c010r110f110r010t010.jpeg\"\n                    width=\"100\"\n                    height=\"67\"\n                    style=\"max-width:100%;\"\n                \/>\n            <\/a>\n        <\/div>\n\t\t\t\t\t\t\t<\/div> \n\t\t\t\n                            \n\t\t\t\t<div id=\"ngg-image-7\" class=\"ngg-gallery-thumbnail-box\" >\n\t\t\t\t        <div class=\"ngg-gallery-thumbnail\">\n            <a href=\"https:\/\/www.freimarianne.ch\/wp-content\/gallery\/heiligkreuz-15-2-21\/IMG_1454.jpeg\"\n               title=\"es wird heller\"\n               data-src=\"https:\/\/www.freimarianne.ch\/wp-content\/gallery\/heiligkreuz-15-2-21\/IMG_1454.jpeg\"\n               data-thumbnail=\"https:\/\/www.freimarianne.ch\/wp-content\/gallery\/heiligkreuz-15-2-21\/thumbs\/thumbs_IMG_1454.jpeg\"\n               data-image-id=\"25114\"\n               data-title=\"IMG_1454\"\n               data-description=\"es wird heller\"\n               data-image-slug=\"img_1454-1\"\n               class=\"shutterset_2bac134b8c103e06ff1be86c5121aed4\">\n                <img\n                    title=\"IMG_1454\"\n                    alt=\"IMG_1454\"\n                    src=\"https:\/\/www.freimarianne.ch\/wp-content\/gallery\/heiligkreuz-15-2-21\/cache\/IMG_1454.jpeg-nggid0525114-ngg0dyn-100x75x100-00f0w010c010r110f110r010t010.jpeg\"\n                    width=\"100\"\n                    height=\"67\"\n                    style=\"max-width:100%;\"\n                \/>\n            <\/a>\n        <\/div>\n\t\t\t\t\t\t\t<\/div> \n\t\t\t\n                                    <br style=\"clear: both\" \/>\n                    \n\t\t\t\t<div id=\"ngg-image-8\" class=\"ngg-gallery-thumbnail-box\" >\n\t\t\t\t        <div class=\"ngg-gallery-thumbnail\">\n            <a href=\"https:\/\/www.freimarianne.ch\/wp-content\/gallery\/heiligkreuz-15-2-21\/IMG_1457.jpeg\"\n               title=\"Blick hinunter auf Heiligkreuz\"\n               data-src=\"https:\/\/www.freimarianne.ch\/wp-content\/gallery\/heiligkreuz-15-2-21\/IMG_1457.jpeg\"\n               data-thumbnail=\"https:\/\/www.freimarianne.ch\/wp-content\/gallery\/heiligkreuz-15-2-21\/thumbs\/thumbs_IMG_1457.jpeg\"\n               data-image-id=\"25115\"\n               data-title=\"IMG_1457\"\n               data-description=\"Blick hinunter auf Heiligkreuz\"\n               data-image-slug=\"img_1457-3\"\n               class=\"shutterset_2bac134b8c103e06ff1be86c5121aed4\">\n                <img\n                    title=\"IMG_1457\"\n                    alt=\"IMG_1457\"\n                    src=\"https:\/\/www.freimarianne.ch\/wp-content\/gallery\/heiligkreuz-15-2-21\/cache\/IMG_1457.jpeg-nggid0525115-ngg0dyn-100x75x100-00f0w010c010r110f110r010t010.jpeg\"\n                    width=\"100\"\n                    height=\"67\"\n                    style=\"max-width:100%;\"\n                \/>\n            <\/a>\n        <\/div>\n\t\t\t\t\t\t\t<\/div> \n\t\t\t\n                            \n\t\t\t\t<div id=\"ngg-image-9\" class=\"ngg-gallery-thumbnail-box\" >\n\t\t\t\t        <div class=\"ngg-gallery-thumbnail\">\n            <a href=\"https:\/\/www.freimarianne.ch\/wp-content\/gallery\/heiligkreuz-15-2-21\/IMG_1451.jpeg\"\n               title=\"die Kirche von Heiligkreuz\"\n               data-src=\"https:\/\/www.freimarianne.ch\/wp-content\/gallery\/heiligkreuz-15-2-21\/IMG_1451.jpeg\"\n               data-thumbnail=\"https:\/\/www.freimarianne.ch\/wp-content\/gallery\/heiligkreuz-15-2-21\/thumbs\/thumbs_IMG_1451.jpeg\"\n               data-image-id=\"25116\"\n               data-title=\"IMG_1451\"\n               data-description=\"die Kirche von Heiligkreuz\"\n               data-image-slug=\"img_1451-1\"\n               class=\"shutterset_2bac134b8c103e06ff1be86c5121aed4\">\n                <img\n                    title=\"IMG_1451\"\n                    alt=\"IMG_1451\"\n                    src=\"https:\/\/www.freimarianne.ch\/wp-content\/gallery\/heiligkreuz-15-2-21\/cache\/IMG_1451.jpeg-nggid0525116-ngg0dyn-100x75x100-00f0w010c010r110f110r010t010.jpeg\"\n                    width=\"100\"\n                    height=\"67\"\n                    style=\"max-width:100%;\"\n                \/>\n            <\/a>\n        <\/div>\n\t\t\t\t\t\t\t<\/div> \n\t\t\t\n                            \n\t\t\n\t\t<!-- Pagination -->\n\t<div class='ngg-clear'><\/div>\t<\/div>\n\n\n\n\n<!-- index.php -->\n<div\n\tclass=\"ngg-galleryoverview ngg-ajax-pagination-none\"\n\tid=\"ngg-gallery-7dff8df939e7df236456253f3f846ec2-1\">\n\n    \t<div class=\"slideshowlink\">\n        <a href='https:\/\/www.freimarianne.ch\/index.php\/nggallery\/slideshow?page_id=47419'>[Show as slideshow]<\/a>\n\t\t\n\t<\/div>\n\t\t\t<!-- Thumbnails -->\n\t\t\t\t<div id=\"ngg-image-0\" class=\"ngg-gallery-thumbnail-box\" >\n\t\t\t\t        <div class=\"ngg-gallery-thumbnail\">\n            <a href=\"https:\/\/www.freimarianne.ch\/wp-content\/gallery\/hemberg-iph-15-2-21\/IMG_5487.jpeg\"\n               title=\"\"\n               data-src=\"https:\/\/www.freimarianne.ch\/wp-content\/gallery\/hemberg-iph-15-2-21\/IMG_5487.jpeg\"\n               data-thumbnail=\"https:\/\/www.freimarianne.ch\/wp-content\/gallery\/hemberg-iph-15-2-21\/thumbs\/thumbs_IMG_5487.jpeg\"\n               data-image-id=\"25118\"\n               data-title=\"IMG_5487\"\n               data-description=\"\"\n               data-image-slug=\"img_5487-4\"\n               class=\"shutterset_7dff8df939e7df236456253f3f846ec2\">\n                <img\n                    title=\"IMG_5487\"\n                    alt=\"IMG_5487\"\n                    src=\"https:\/\/www.freimarianne.ch\/wp-content\/gallery\/hemberg-iph-15-2-21\/cache\/IMG_5487.jpeg-nggid0525118-ngg0dyn-100x75x100-00f0w010c010r110f110r010t010.jpeg\"\n                    width=\"97\"\n                    height=\"75\"\n                    style=\"max-width:100%;\"\n                \/>\n            <\/a>\n        <\/div>\n\t\t\t\t\t\t\t<\/div> \n\t\t\t\n                            \n\t\t\t\t<div id=\"ngg-image-1\" class=\"ngg-gallery-thumbnail-box\" >\n\t\t\t\t        <div class=\"ngg-gallery-thumbnail\">\n            <a href=\"https:\/\/www.freimarianne.ch\/wp-content\/gallery\/hemberg-iph-15-2-21\/IMG_5488.jpeg\"\n               title=\"Blick von der Reistegg  1257m ins Emmental\"\n               data-src=\"https:\/\/www.freimarianne.ch\/wp-content\/gallery\/hemberg-iph-15-2-21\/IMG_5488.jpeg\"\n               data-thumbnail=\"https:\/\/www.freimarianne.ch\/wp-content\/gallery\/hemberg-iph-15-2-21\/thumbs\/thumbs_IMG_5488.jpeg\"\n               data-image-id=\"25121\"\n               data-title=\"IMG_5488\"\n               data-description=\"Blick von der Reistegg  1257m ins Emmental\"\n               data-image-slug=\"img_5488-2\"\n               class=\"shutterset_7dff8df939e7df236456253f3f846ec2\">\n                <img\n                    title=\"IMG_5488\"\n                    alt=\"IMG_5488\"\n                    src=\"https:\/\/www.freimarianne.ch\/wp-content\/gallery\/hemberg-iph-15-2-21\/cache\/IMG_5488.jpeg-nggid0525121-ngg0dyn-100x75x100-00f0w010c010r110f110r010t010.jpeg\"\n                    width=\"100\"\n                    height=\"75\"\n                    style=\"max-width:100%;\"\n                \/>\n            <\/a>\n        <\/div>\n\t\t\t\t\t\t\t<\/div> \n\t\t\t\n                            \n\t\t\t\t<div id=\"ngg-image-2\" class=\"ngg-gallery-thumbnail-box\" >\n\t\t\t\t        <div class=\"ngg-gallery-thumbnail\">\n            <a href=\"https:\/\/www.freimarianne.ch\/wp-content\/gallery\/hemberg-iph-15-2-21\/IMG_5492.jpeg\"\n               title=\"Blick vom First  1364m\"\n               data-src=\"https:\/\/www.freimarianne.ch\/wp-content\/gallery\/hemberg-iph-15-2-21\/IMG_5492.jpeg\"\n               data-thumbnail=\"https:\/\/www.freimarianne.ch\/wp-content\/gallery\/hemberg-iph-15-2-21\/thumbs\/thumbs_IMG_5492.jpeg\"\n               data-image-id=\"25120\"\n               data-title=\"IMG_5492\"\n               data-description=\"Blick vom First  1364m\"\n               data-image-slug=\"img_5492-1\"\n               class=\"shutterset_7dff8df939e7df236456253f3f846ec2\">\n                <img\n                    title=\"IMG_5492\"\n                    alt=\"IMG_5492\"\n                    src=\"https:\/\/www.freimarianne.ch\/wp-content\/gallery\/hemberg-iph-15-2-21\/cache\/IMG_5492.jpeg-nggid0525120-ngg0dyn-100x75x100-00f0w010c010r110f110r010t010.jpeg\"\n                    width=\"100\"\n                    height=\"56\"\n                    style=\"max-width:100%;\"\n                \/>\n            <\/a>\n        <\/div>\n\t\t\t\t\t\t\t<\/div> \n\t\t\t\n                            \n\t\t\t\t<div id=\"ngg-image-3\" class=\"ngg-gallery-thumbnail-box\" >\n\t\t\t\t        <div class=\"ngg-gallery-thumbnail\">\n            <a href=\"https:\/\/www.freimarianne.ch\/wp-content\/gallery\/hemberg-iph-15-2-21\/IMG_5493.jpeg\"\n               title=\"Blick vom First  1364m\"\n               data-src=\"https:\/\/www.freimarianne.ch\/wp-content\/gallery\/hemberg-iph-15-2-21\/IMG_5493.jpeg\"\n               data-thumbnail=\"https:\/\/www.freimarianne.ch\/wp-content\/gallery\/hemberg-iph-15-2-21\/thumbs\/thumbs_IMG_5493.jpeg\"\n               data-image-id=\"25119\"\n               data-title=\"IMG_5493\"\n               data-description=\"Blick vom First  1364m\"\n               data-image-slug=\"img_5493-4\"\n               class=\"shutterset_7dff8df939e7df236456253f3f846ec2\">\n                <img\n                    title=\"IMG_5493\"\n                    alt=\"IMG_5493\"\n                    src=\"https:\/\/www.freimarianne.ch\/wp-content\/gallery\/hemberg-iph-15-2-21\/cache\/IMG_5493.jpeg-nggid0525119-ngg0dyn-100x75x100-00f0w010c010r110f110r010t010.jpeg\"\n                    width=\"100\"\n                    height=\"56\"\n                    style=\"max-width:100%;\"\n                \/>\n            <\/a>\n        <\/div>\n\t\t\t\t\t\t\t<\/div> \n\t\t\t\n                                    <br style=\"clear: both\" \/>\n                    \n\t\t\t\t<div id=\"ngg-image-4\" class=\"ngg-gallery-thumbnail-box\" >\n\t\t\t\t        <div class=\"ngg-gallery-thumbnail\">\n            <a href=\"https:\/\/www.freimarianne.ch\/wp-content\/gallery\/hemberg-iph-15-2-21\/IMG_5494.jpeg\"\n               title=\"Blick vom First  1364m\"\n               data-src=\"https:\/\/www.freimarianne.ch\/wp-content\/gallery\/hemberg-iph-15-2-21\/IMG_5494.jpeg\"\n               data-thumbnail=\"https:\/\/www.freimarianne.ch\/wp-content\/gallery\/hemberg-iph-15-2-21\/thumbs\/thumbs_IMG_5494.jpeg\"\n               data-image-id=\"25117\"\n               data-title=\"IMG_5494\"\n               data-description=\"Blick vom First  1364m\"\n               data-image-slug=\"img_5494-3\"\n               class=\"shutterset_7dff8df939e7df236456253f3f846ec2\">\n                <img\n                    title=\"IMG_5494\"\n                    alt=\"IMG_5494\"\n                    src=\"https:\/\/www.freimarianne.ch\/wp-content\/gallery\/hemberg-iph-15-2-21\/cache\/IMG_5494.jpeg-nggid0525117-ngg0dyn-100x75x100-00f0w010c010r110f110r010t010.jpeg\"\n                    width=\"100\"\n                    height=\"73\"\n                    style=\"max-width:100%;\"\n                \/>\n            <\/a>\n        <\/div>\n\t\t\t\t\t\t\t<\/div> \n\t\t\t\n                            \n\t\t\n\t\t<!-- Pagination -->\n\t<div class='ngg-clear'><\/div>\t<\/div>\n\n","protected":false},"excerpt":{"rendered":"<p>Winterwanderung auf den First auf der Reistegg 1257m Wir fahren heute ins Entlebuch nach Heiligkreuz 1128m, wo wir um 11.43h ankommen. Das Wetter ist einigermassen gut. Aber wir k\u00f6nnen nicht allzuviel erwarten heute. Wir marschieren gleich auf dem Str\u00e4sschen neben dem Skilift los vorbei in RIchtung Reistegg 1257m. Um 12.16h sind wir oben und wir [&hellip;]<\/p>\n","protected":false},"author":1,"featured_media":0,"parent":46065,"menu_order":20,"comment_status":"closed","ping_status":"closed","template":"","meta":{"ngg_post_thumbnail":0},"_links":{"self":[{"href":"https:\/\/www.freimarianne.ch\/index.php?rest_route=\/wp\/v2\/pages\/47419"}],"collection":[{"href":"https:\/\/www.freimarianne.ch\/index.php?rest_route=\/wp\/v2\/pages"}],"about":[{"href":"https:\/\/www.freimarianne.ch\/index.php?rest_route=\/wp\/v2\/types\/page"}],"author":[{"embeddable":true,"href":"https:\/\/www.freimarianne.ch\/index.php?rest_route=\/wp\/v2\/users\/1"}],"replies":[{"embeddable":true,"href":"https:\/\/www.freimarianne.ch\/index.php?rest_route=%2Fwp%2Fv2%2Fcomments&post=47419"}],"version-history":[{"count":6,"href":"https:\/\/www.freimarianne.ch\/index.php?rest_route=\/wp\/v2\/pages\/47419\/revisions"}],"predecessor-version":[{"id":47895,"href":"https:\/\/www.freimarianne.ch\/index.php?rest_route=\/wp\/v2\/pages\/47419\/revisions\/47895"}],"up":[{"embeddable":true,"href":"https:\/\/www.freimarianne.ch\/index.php?rest_route=\/wp\/v2\/pages\/46065"}],"wp:attachment":[{"href":"https:\/\/www.freimarianne.ch\/index.php?rest_route=%2Fwp%2Fv2%2Fmedia&parent=47419"}],"curies":[{"name":"wp","href":"https:\/\/api.w.org\/{rel}","templated":true}]}}