{"id":4825,"date":"2013-12-23T10:47:48","date_gmt":"2013-12-23T09:47:48","guid":{"rendered":"http:\/\/www.freimarianne.ch\/?page_id=4825"},"modified":"2013-12-29T09:05:35","modified_gmt":"2013-12-29T08:05:35","slug":"janzi-glauberberg-21-12-2013","status":"publish","type":"page","link":"https:\/\/www.freimarianne.ch\/?page_id=4825","title":{"rendered":"J\u00e4nzi, Glauberberg 21.12.2013"},"content":{"rendered":"<p><strong>Leichte Schneeschuhwanderung<\/strong> mit dem Novartis Sportclub<br \/>\nVon  Landis auf dem Glauberberg \u00fcber Schwendi Kaltbad und Eggh\u00fctte auf den J\u00e4nzi 1737m und zur\u00fcck. Wir verbringen einige Stunden bei Sonnenschein \u00fcber der Nebeldecke.Das Panorama vom J\u00e4nzi aus ist grossartig.<br \/>\n<img loading=\"lazy\" src=\"http:\/\/www.freimarianne.ch\/wp-content\/uploads\/2013\/12\/IMG_0410_ja\u0308nzi_12-13_500.jpg\" alt=\"IMG_0410_ja\u0308nzi_12-13_500\" width=\"500\" height=\"375\" class=\"aligncenter size-full wp-image-4829\" srcset=\"https:\/\/www.freimarianne.ch\/wp-content\/uploads\/2013\/12\/IMG_0410_ja\u0308nzi_12-13_500.jpg 500w, https:\/\/www.freimarianne.ch\/wp-content\/uploads\/2013\/12\/IMG_0410_ja\u0308nzi_12-13_500-300x225.jpg 300w, https:\/\/www.freimarianne.ch\/wp-content\/uploads\/2013\/12\/IMG_0410_ja\u0308nzi_12-13_500-400x300.jpg 400w\" sizes=\"(max-width: 500px) 100vw, 500px\" \/><\/a><br \/>\n <!-- index.php -->\n<div\n\tclass=\"ngg-galleryoverview ngg-ajax-pagination-none\"\n\tid=\"ngg-gallery-b81b99586945afcd4e787d4b2f51ed53-1\">\n\n    \t<div class=\"slideshowlink\">\n        <a href='https:\/\/www.freimarianne.ch\/index.php\/nggallery\/slideshow?page_id=4825'>[Show as slideshow]<\/a>\n\t\t\n\t<\/div>\n\t\t\t<!-- Thumbnails -->\n\t\t\t\t<div id=\"ngg-image-0\" class=\"ngg-gallery-thumbnail-box\" >\n\t\t\t\t        <div class=\"ngg-gallery-thumbnail\">\n            <a href=\"https:\/\/www.freimarianne.ch\/wp-content\/gallery\/janzi-21-12-13\/img_0379.jpg\"\n               title=\"\"\n               data-src=\"https:\/\/www.freimarianne.ch\/wp-content\/gallery\/janzi-21-12-13\/img_0379.jpg\"\n               data-thumbnail=\"https:\/\/www.freimarianne.ch\/wp-content\/gallery\/janzi-21-12-13\/thumbs\/thumbs_img_0379.jpg\"\n               data-image-id=\"7763\"\n               data-title=\"img_0379\"\n               data-description=\"\"\n               data-image-slug=\"img_0379-2\"\n               class=\"shutterset_b81b99586945afcd4e787d4b2f51ed53\">\n                <img\n                    title=\"img_0379\"\n                    alt=\"img_0379\"\n                    src=\"https:\/\/www.freimarianne.ch\/wp-content\/gallery\/janzi-21-12-13\/cache\/img_0379.jpg-nggid047763-ngg0dyn-100x75x100-00f0w010c010r110f110r010t010.jpg\"\n                    width=\"100\"\n                    height=\"75\"\n                    style=\"max-width:100%;\"\n                \/>\n            <\/a>\n        <\/div>\n\t\t\t\t\t\t\t<\/div> \n\t\t\t\n                            \n\t\t\t\t<div id=\"ngg-image-1\" class=\"ngg-gallery-thumbnail-box\" >\n\t\t\t\t        <div class=\"ngg-gallery-thumbnail\">\n            <a href=\"https:\/\/www.freimarianne.ch\/wp-content\/gallery\/janzi-21-12-13\/img_0384.jpg\"\n               title=\"\"\n               data-src=\"https:\/\/www.freimarianne.ch\/wp-content\/gallery\/janzi-21-12-13\/img_0384.jpg\"\n               data-thumbnail=\"https:\/\/www.freimarianne.ch\/wp-content\/gallery\/janzi-21-12-13\/thumbs\/thumbs_img_0384.jpg\"\n               data-image-id=\"7764\"\n               data-title=\"img_0384\"\n               data-description=\"\"\n               data-image-slug=\"img_0384-2\"\n               class=\"shutterset_b81b99586945afcd4e787d4b2f51ed53\">\n                <img\n                    title=\"img_0384\"\n                    alt=\"img_0384\"\n                    src=\"https:\/\/www.freimarianne.ch\/wp-content\/gallery\/janzi-21-12-13\/cache\/img_0384.jpg-nggid047764-ngg0dyn-100x75x100-00f0w010c010r110f110r010t010.jpg\"\n                    width=\"100\"\n                    height=\"75\"\n                    style=\"max-width:100%;\"\n                \/>\n            <\/a>\n        <\/div>\n\t\t\t\t\t\t\t<\/div> \n\t\t\t\n                            \n\t\t\t\t<div id=\"ngg-image-2\" class=\"ngg-gallery-thumbnail-box\" >\n\t\t\t\t        <div class=\"ngg-gallery-thumbnail\">\n            <a href=\"https:\/\/www.freimarianne.ch\/wp-content\/gallery\/janzi-21-12-13\/img_0388.jpg\"\n               title=\"\"\n               data-src=\"https:\/\/www.freimarianne.ch\/wp-content\/gallery\/janzi-21-12-13\/img_0388.jpg\"\n               data-thumbnail=\"https:\/\/www.freimarianne.ch\/wp-content\/gallery\/janzi-21-12-13\/thumbs\/thumbs_img_0388.jpg\"\n               data-image-id=\"7765\"\n               data-title=\"img_0388\"\n               data-description=\"\"\n               data-image-slug=\"img_0388-2\"\n               class=\"shutterset_b81b99586945afcd4e787d4b2f51ed53\">\n                <img\n                    title=\"img_0388\"\n                    alt=\"img_0388\"\n                    src=\"https:\/\/www.freimarianne.ch\/wp-content\/gallery\/janzi-21-12-13\/cache\/img_0388.jpg-nggid047765-ngg0dyn-100x75x100-00f0w010c010r110f110r010t010.jpg\"\n                    width=\"100\"\n                    height=\"75\"\n                    style=\"max-width:100%;\"\n                \/>\n            <\/a>\n        <\/div>\n\t\t\t\t\t\t\t<\/div> \n\t\t\t\n                            \n\t\t\t\t<div id=\"ngg-image-3\" class=\"ngg-gallery-thumbnail-box\" >\n\t\t\t\t        <div class=\"ngg-gallery-thumbnail\">\n            <a href=\"https:\/\/www.freimarianne.ch\/wp-content\/gallery\/janzi-21-12-13\/img_0389.jpg\"\n               title=\"\"\n               data-src=\"https:\/\/www.freimarianne.ch\/wp-content\/gallery\/janzi-21-12-13\/img_0389.jpg\"\n               data-thumbnail=\"https:\/\/www.freimarianne.ch\/wp-content\/gallery\/janzi-21-12-13\/thumbs\/thumbs_img_0389.jpg\"\n               data-image-id=\"7766\"\n               data-title=\"img_0389\"\n               data-description=\"\"\n               data-image-slug=\"img_0389\"\n               class=\"shutterset_b81b99586945afcd4e787d4b2f51ed53\">\n                <img\n                    title=\"img_0389\"\n                    alt=\"img_0389\"\n                    src=\"https:\/\/www.freimarianne.ch\/wp-content\/gallery\/janzi-21-12-13\/cache\/img_0389.jpg-nggid047766-ngg0dyn-100x75x100-00f0w010c010r110f110r010t010.jpg\"\n                    width=\"100\"\n                    height=\"75\"\n                    style=\"max-width:100%;\"\n                \/>\n            <\/a>\n        <\/div>\n\t\t\t\t\t\t\t<\/div> \n\t\t\t\n                                    <br style=\"clear: both\" \/>\n                    \n\t\t\t\t<div id=\"ngg-image-4\" class=\"ngg-gallery-thumbnail-box\" >\n\t\t\t\t        <div class=\"ngg-gallery-thumbnail\">\n            <a href=\"https:\/\/www.freimarianne.ch\/wp-content\/gallery\/janzi-21-12-13\/img_0404.jpg\"\n               title=\"\"\n               data-src=\"https:\/\/www.freimarianne.ch\/wp-content\/gallery\/janzi-21-12-13\/img_0404.jpg\"\n               data-thumbnail=\"https:\/\/www.freimarianne.ch\/wp-content\/gallery\/janzi-21-12-13\/thumbs\/thumbs_img_0404.jpg\"\n               data-image-id=\"7767\"\n               data-title=\"img_0404\"\n               data-description=\"\"\n               data-image-slug=\"img_0404-2\"\n               class=\"shutterset_b81b99586945afcd4e787d4b2f51ed53\">\n                <img\n                    title=\"img_0404\"\n                    alt=\"img_0404\"\n                    src=\"https:\/\/www.freimarianne.ch\/wp-content\/gallery\/janzi-21-12-13\/cache\/img_0404.jpg-nggid047767-ngg0dyn-100x75x100-00f0w010c010r110f110r010t010.jpg\"\n                    width=\"100\"\n                    height=\"75\"\n                    style=\"max-width:100%;\"\n                \/>\n            <\/a>\n        <\/div>\n\t\t\t\t\t\t\t<\/div> \n\t\t\t\n                            \n\t\t\t\t<div id=\"ngg-image-5\" class=\"ngg-gallery-thumbnail-box\" >\n\t\t\t\t        <div class=\"ngg-gallery-thumbnail\">\n            <a href=\"https:\/\/www.freimarianne.ch\/wp-content\/gallery\/janzi-21-12-13\/img_0407.jpg\"\n               title=\"\"\n               data-src=\"https:\/\/www.freimarianne.ch\/wp-content\/gallery\/janzi-21-12-13\/img_0407.jpg\"\n               data-thumbnail=\"https:\/\/www.freimarianne.ch\/wp-content\/gallery\/janzi-21-12-13\/thumbs\/thumbs_img_0407.jpg\"\n               data-image-id=\"7768\"\n               data-title=\"img_0407\"\n               data-description=\"\"\n               data-image-slug=\"img_0407-2\"\n               class=\"shutterset_b81b99586945afcd4e787d4b2f51ed53\">\n                <img\n                    title=\"img_0407\"\n                    alt=\"img_0407\"\n                    src=\"https:\/\/www.freimarianne.ch\/wp-content\/gallery\/janzi-21-12-13\/cache\/img_0407.jpg-nggid047768-ngg0dyn-100x75x100-00f0w010c010r110f110r010t010.jpg\"\n                    width=\"100\"\n                    height=\"75\"\n                    style=\"max-width:100%;\"\n                \/>\n            <\/a>\n        <\/div>\n\t\t\t\t\t\t\t<\/div> \n\t\t\t\n                            \n\t\t\t\t<div id=\"ngg-image-6\" class=\"ngg-gallery-thumbnail-box\" >\n\t\t\t\t        <div class=\"ngg-gallery-thumbnail\">\n            <a href=\"https:\/\/www.freimarianne.ch\/wp-content\/gallery\/janzi-21-12-13\/img_0409.jpg\"\n               title=\"\"\n               data-src=\"https:\/\/www.freimarianne.ch\/wp-content\/gallery\/janzi-21-12-13\/img_0409.jpg\"\n               data-thumbnail=\"https:\/\/www.freimarianne.ch\/wp-content\/gallery\/janzi-21-12-13\/thumbs\/thumbs_img_0409.jpg\"\n               data-image-id=\"7769\"\n               data-title=\"img_0409\"\n               data-description=\"\"\n               data-image-slug=\"img_0409-3\"\n               class=\"shutterset_b81b99586945afcd4e787d4b2f51ed53\">\n                <img\n                    title=\"img_0409\"\n                    alt=\"img_0409\"\n                    src=\"https:\/\/www.freimarianne.ch\/wp-content\/gallery\/janzi-21-12-13\/cache\/img_0409.jpg-nggid047769-ngg0dyn-100x75x100-00f0w010c010r110f110r010t010.jpg\"\n                    width=\"100\"\n                    height=\"75\"\n                    style=\"max-width:100%;\"\n                \/>\n            <\/a>\n        <\/div>\n\t\t\t\t\t\t\t<\/div> \n\t\t\t\n                            \n\t\t\t\t<div id=\"ngg-image-7\" class=\"ngg-gallery-thumbnail-box\" >\n\t\t\t\t        <div class=\"ngg-gallery-thumbnail\">\n            <a href=\"https:\/\/www.freimarianne.ch\/wp-content\/gallery\/janzi-21-12-13\/img_0413.jpg\"\n               title=\"\"\n               data-src=\"https:\/\/www.freimarianne.ch\/wp-content\/gallery\/janzi-21-12-13\/img_0413.jpg\"\n               data-thumbnail=\"https:\/\/www.freimarianne.ch\/wp-content\/gallery\/janzi-21-12-13\/thumbs\/thumbs_img_0413.jpg\"\n               data-image-id=\"7770\"\n               data-title=\"img_0413\"\n               data-description=\"\"\n               data-image-slug=\"img_0413-2\"\n               class=\"shutterset_b81b99586945afcd4e787d4b2f51ed53\">\n                <img\n                    title=\"img_0413\"\n                    alt=\"img_0413\"\n                    src=\"https:\/\/www.freimarianne.ch\/wp-content\/gallery\/janzi-21-12-13\/cache\/img_0413.jpg-nggid047770-ngg0dyn-100x75x100-00f0w010c010r110f110r010t010.jpg\"\n                    width=\"100\"\n                    height=\"75\"\n                    style=\"max-width:100%;\"\n                \/>\n            <\/a>\n        <\/div>\n\t\t\t\t\t\t\t<\/div> \n\t\t\t\n                                    <br style=\"clear: both\" \/>\n                    \n\t\t\t\t<div id=\"ngg-image-8\" class=\"ngg-gallery-thumbnail-box\" >\n\t\t\t\t        <div class=\"ngg-gallery-thumbnail\">\n            <a href=\"https:\/\/www.freimarianne.ch\/wp-content\/gallery\/janzi-21-12-13\/img_0414.jpg\"\n               title=\"\"\n               data-src=\"https:\/\/www.freimarianne.ch\/wp-content\/gallery\/janzi-21-12-13\/img_0414.jpg\"\n               data-thumbnail=\"https:\/\/www.freimarianne.ch\/wp-content\/gallery\/janzi-21-12-13\/thumbs\/thumbs_img_0414.jpg\"\n               data-image-id=\"7771\"\n               data-title=\"img_0414\"\n               data-description=\"\"\n               data-image-slug=\"img_0414-5\"\n               class=\"shutterset_b81b99586945afcd4e787d4b2f51ed53\">\n                <img\n                    title=\"img_0414\"\n                    alt=\"img_0414\"\n                    src=\"https:\/\/www.freimarianne.ch\/wp-content\/gallery\/janzi-21-12-13\/cache\/img_0414.jpg-nggid047771-ngg0dyn-100x75x100-00f0w010c010r110f110r010t010.jpg\"\n                    width=\"100\"\n                    height=\"75\"\n                    style=\"max-width:100%;\"\n                \/>\n            <\/a>\n        <\/div>\n\t\t\t\t\t\t\t<\/div> \n\t\t\t\n                            \n\t\t\t\t<div id=\"ngg-image-9\" class=\"ngg-gallery-thumbnail-box\" >\n\t\t\t\t        <div class=\"ngg-gallery-thumbnail\">\n            <a href=\"https:\/\/www.freimarianne.ch\/wp-content\/gallery\/janzi-21-12-13\/img_0418.jpg\"\n               title=\"\"\n               data-src=\"https:\/\/www.freimarianne.ch\/wp-content\/gallery\/janzi-21-12-13\/img_0418.jpg\"\n               data-thumbnail=\"https:\/\/www.freimarianne.ch\/wp-content\/gallery\/janzi-21-12-13\/thumbs\/thumbs_img_0418.jpg\"\n               data-image-id=\"7772\"\n               data-title=\"img_0418\"\n               data-description=\"\"\n               data-image-slug=\"img_0418-2\"\n               class=\"shutterset_b81b99586945afcd4e787d4b2f51ed53\">\n                <img\n                    title=\"img_0418\"\n                    alt=\"img_0418\"\n                    src=\"https:\/\/www.freimarianne.ch\/wp-content\/gallery\/janzi-21-12-13\/cache\/img_0418.jpg-nggid047772-ngg0dyn-100x75x100-00f0w010c010r110f110r010t010.jpg\"\n                    width=\"100\"\n                    height=\"75\"\n                    style=\"max-width:100%;\"\n                \/>\n            <\/a>\n        <\/div>\n\t\t\t\t\t\t\t<\/div> \n\t\t\t\n                            \n\t\t\t\t<div id=\"ngg-image-10\" class=\"ngg-gallery-thumbnail-box\" >\n\t\t\t\t        <div class=\"ngg-gallery-thumbnail\">\n            <a href=\"https:\/\/www.freimarianne.ch\/wp-content\/gallery\/janzi-21-12-13\/img_0425.jpg\"\n               title=\"\"\n               data-src=\"https:\/\/www.freimarianne.ch\/wp-content\/gallery\/janzi-21-12-13\/img_0425.jpg\"\n               data-thumbnail=\"https:\/\/www.freimarianne.ch\/wp-content\/gallery\/janzi-21-12-13\/thumbs\/thumbs_img_0425.jpg\"\n               data-image-id=\"7773\"\n               data-title=\"img_0425\"\n               data-description=\"\"\n               data-image-slug=\"img_0425-2\"\n               class=\"shutterset_b81b99586945afcd4e787d4b2f51ed53\">\n                <img\n                    title=\"img_0425\"\n                    alt=\"img_0425\"\n                    src=\"https:\/\/www.freimarianne.ch\/wp-content\/gallery\/janzi-21-12-13\/cache\/img_0425.jpg-nggid047773-ngg0dyn-100x75x100-00f0w010c010r110f110r010t010.jpg\"\n                    width=\"100\"\n                    height=\"75\"\n                    style=\"max-width:100%;\"\n                \/>\n            <\/a>\n        <\/div>\n\t\t\t\t\t\t\t<\/div> \n\t\t\t\n                            \n\t\t\t\t<div id=\"ngg-image-11\" class=\"ngg-gallery-thumbnail-box\" >\n\t\t\t\t        <div class=\"ngg-gallery-thumbnail\">\n            <a href=\"https:\/\/www.freimarianne.ch\/wp-content\/gallery\/janzi-21-12-13\/img_0432.jpg\"\n               title=\"\"\n               data-src=\"https:\/\/www.freimarianne.ch\/wp-content\/gallery\/janzi-21-12-13\/img_0432.jpg\"\n               data-thumbnail=\"https:\/\/www.freimarianne.ch\/wp-content\/gallery\/janzi-21-12-13\/thumbs\/thumbs_img_0432.jpg\"\n               data-image-id=\"7774\"\n               data-title=\"img_0432\"\n               data-description=\"\"\n               data-image-slug=\"img_0432-2\"\n               class=\"shutterset_b81b99586945afcd4e787d4b2f51ed53\">\n                <img\n                    title=\"img_0432\"\n                    alt=\"img_0432\"\n                    src=\"https:\/\/www.freimarianne.ch\/wp-content\/gallery\/janzi-21-12-13\/cache\/img_0432.jpg-nggid047774-ngg0dyn-100x75x100-00f0w010c010r110f110r010t010.jpg\"\n                    width=\"100\"\n                    height=\"75\"\n                    style=\"max-width:100%;\"\n                \/>\n            <\/a>\n        <\/div>\n\t\t\t\t\t\t\t<\/div> \n\t\t\t\n                                    <br style=\"clear: both\" \/>\n                    \n\t\t\n\t\t<!-- Pagination -->\n\t<div class='ngg-clear'><\/div>\t<\/div>\n<\/p>\n","protected":false},"excerpt":{"rendered":"<p>Leichte Schneeschuhwanderung mit dem Novartis Sportclub Von Landis auf dem Glauberberg \u00fcber Schwendi Kaltbad und Eggh\u00fctte auf den J\u00e4nzi 1737m und zur\u00fcck. Wir verbringen einige Stunden bei Sonnenschein \u00fcber der Nebeldecke.Das Panorama vom J\u00e4nzi aus ist grossartig.<\/p>\n","protected":false},"author":1,"featured_media":0,"parent":3491,"menu_order":21,"comment_status":"closed","ping_status":"closed","template":"","meta":{"ngg_post_thumbnail":0},"_links":{"self":[{"href":"https:\/\/www.freimarianne.ch\/index.php?rest_route=\/wp\/v2\/pages\/4825"}],"collection":[{"href":"https:\/\/www.freimarianne.ch\/index.php?rest_route=\/wp\/v2\/pages"}],"about":[{"href":"https:\/\/www.freimarianne.ch\/index.php?rest_route=\/wp\/v2\/types\/page"}],"author":[{"embeddable":true,"href":"https:\/\/www.freimarianne.ch\/index.php?rest_route=\/wp\/v2\/users\/1"}],"replies":[{"embeddable":true,"href":"https:\/\/www.freimarianne.ch\/index.php?rest_route=%2Fwp%2Fv2%2Fcomments&post=4825"}],"version-history":[{"count":11,"href":"https:\/\/www.freimarianne.ch\/index.php?rest_route=\/wp\/v2\/pages\/4825\/revisions"}],"predecessor-version":[{"id":4841,"href":"https:\/\/www.freimarianne.ch\/index.php?rest_route=\/wp\/v2\/pages\/4825\/revisions\/4841"}],"up":[{"embeddable":true,"href":"https:\/\/www.freimarianne.ch\/index.php?rest_route=\/wp\/v2\/pages\/3491"}],"wp:attachment":[{"href":"https:\/\/www.freimarianne.ch\/index.php?rest_route=%2Fwp%2Fv2%2Fmedia&parent=4825"}],"curies":[{"name":"wp","href":"https:\/\/api.w.org\/{rel}","templated":true}]}}