{"id":4932,"date":"2014-02-10T10:16:50","date_gmt":"2014-02-10T09:16:50","guid":{"rendered":"http:\/\/www.freimarianne.ch\/?page_id=4932"},"modified":"2014-02-11T10:25:37","modified_gmt":"2014-02-11T09:25:37","slug":"val-mustair-gr-1-7-2-2014","status":"publish","type":"page","link":"https:\/\/www.freimarianne.ch\/?page_id=4932","title":{"rendered":"Val M\u00fcstair, GR  1-7.2.2014"},"content":{"rendered":"<p><strong>Schneeschuhtourenwoche im Val M\u00fcstair<\/strong> (M\u00fcnstertal) vom 1-7-Februar 2014.<br \/>\nWir haben einen Tourenleiter, Isidor Sepp, der uns diese Woche durch die Gegend f\u00fchren wird.<br \/>\nHerr Isidor Sepp betreibt einen Biobauernhof, Pauraria Puntetta (<a href=\"http:\/\/www.puntetta.ch\">www.puntetta.ch<\/a>)   im Ort M\u00fcstair.  Im Winter  bringt  er Touristen auf Schneeschuhen  das M\u00fcnstertal  n\u00e4her.<br \/>\nMan kann ihn  ihn telefonisch \u00fcber 081 858 71 35 oder per e.mail , <a href=\"mailto:info@puntetta.ch\">info@puntetta.ch<\/a> erreichen. Die f\u00fcnf Tourentage,die wir  mit ihm verbracht haben  waren ein grosses Erlebnis. Wir waren eine nette Gruppe  und hatten es sehr gut zusammen.<br \/>\n<img loading=\"lazy\" src=\"http:\/\/www.freimarianne.ch\/wp-content\/uploads\/2014\/02\/IMG_0996_titel_mu\u0308st_5001.jpg\" alt=\"IMG_0996_titel_mu\u0308st_500\" width=\"500\" height=\"375\" class=\"aligncenter size-full wp-image-4983\" srcset=\"https:\/\/www.freimarianne.ch\/wp-content\/uploads\/2014\/02\/IMG_0996_titel_mu\u0308st_5001.jpg 500w, https:\/\/www.freimarianne.ch\/wp-content\/uploads\/2014\/02\/IMG_0996_titel_mu\u0308st_5001-300x225.jpg 300w, https:\/\/www.freimarianne.ch\/wp-content\/uploads\/2014\/02\/IMG_0996_titel_mu\u0308st_5001-400x300.jpg 400w\" sizes=\"(max-width: 500px) 100vw, 500px\" \/><\/a><br \/>\n<strong>1.2.14<\/strong> <strong>Von Valchava nach Fuldera<\/strong><br \/>\nEs ist eine lange Reise von Basel nach Valchava im M\u00fcnstertal!<br \/>\nDas Tal ist tief verschneit und neblig.<br \/>\nNach der Ankunft und dem Zimmerbezug im Hotel Central machen wir ein  kleine Tour mit den Schneeschuhen von Valchava nach Fuldera. Einkehr in der Ustaria da la Staila.  Die einen  gehen wieder zu Fuss zur\u00fcck, die anderen nehmen den Bus.<br \/>\n[slideshow_deploy id=&#8217;4931&#8217;&#093;<\/p>\n","protected":false},"excerpt":{"rendered":"<p>Schneeschuhtourenwoche im Val M\u00fcstair (M\u00fcnstertal) vom 1-7-Februar 2014. Wir haben einen Tourenleiter, Isidor Sepp, der uns diese Woche durch die Gegend f\u00fchren wird. Herr Isidor Sepp betreibt einen Biobauernhof, Pauraria Puntetta (www.puntetta.ch) im Ort M\u00fcstair. Im Winter bringt er Touristen auf Schneeschuhen das M\u00fcnstertal n\u00e4her. Man kann ihn ihn telefonisch \u00fcber 081 858 71 35 [&hellip;]<\/p>\n","protected":false},"author":1,"featured_media":0,"parent":4769,"menu_order":6,"comment_status":"closed","ping_status":"closed","template":"","meta":{"ngg_post_thumbnail":0},"_links":{"self":[{"href":"https:\/\/www.freimarianne.ch\/index.php?rest_route=\/wp\/v2\/pages\/4932"}],"collection":[{"href":"https:\/\/www.freimarianne.ch\/index.php?rest_route=\/wp\/v2\/pages"}],"about":[{"href":"https:\/\/www.freimarianne.ch\/index.php?rest_route=\/wp\/v2\/types\/page"}],"author":[{"embeddable":true,"href":"https:\/\/www.freimarianne.ch\/index.php?rest_route=\/wp\/v2\/users\/1"}],"replies":[{"embeddable":true,"href":"https:\/\/www.freimarianne.ch\/index.php?rest_route=%2Fwp%2Fv2%2Fcomments&post=4932"}],"version-history":[{"count":14,"href":"https:\/\/www.freimarianne.ch\/index.php?rest_route=\/wp\/v2\/pages\/4932\/revisions"}],"predecessor-version":[{"id":4985,"href":"https:\/\/www.freimarianne.ch\/index.php?rest_route=\/wp\/v2\/pages\/4932\/revisions\/4985"}],"up":[{"embeddable":true,"href":"https:\/\/www.freimarianne.ch\/index.php?rest_route=\/wp\/v2\/pages\/4769"}],"wp:attachment":[{"href":"https:\/\/www.freimarianne.ch\/index.php?rest_route=%2Fwp%2Fv2%2Fmedia&parent=4932"}],"curies":[{"name":"wp","href":"https:\/\/api.w.org\/{rel}","templated":true}]}}