{"id":5007,"date":"2014-02-25T10:13:59","date_gmt":"2014-02-25T09:13:59","guid":{"rendered":"http:\/\/www.freimarianne.ch\/?page_id=5007"},"modified":"2015-01-03T09:35:22","modified_gmt":"2015-01-03T08:35:22","slug":"5007-2","status":"publish","type":"page","link":"https:\/\/www.freimarianne.ch\/?page_id=5007","title":{"rendered":"Guggersh\u00f6rnli, BE  20.2.2014"},"content":{"rendered":"<p><strong>Winterwanderung<\/strong> in Guggisberg 1115m.<br \/>\nSuche nach Sonne und Schnee.<br \/>\n\u00dcber das Guggersh\u00f6rnli 1283m und den Schwendelberg 1296m nach Riffenmatt 1083m.<br \/>\n<img loading=\"lazy\" class=\"aligncenter size-full wp-image-5008\" src=\"http:\/\/www.freimarianne.ch\/wp-content\/uploads\/2014\/02\/IMG_1281_guggisberg_500.jpg\" alt=\"IMG_1281_guggisberg_500\" width=\"500\" height=\"375\" srcset=\"https:\/\/www.freimarianne.ch\/wp-content\/uploads\/2014\/02\/IMG_1281_guggisberg_500.jpg 500w, https:\/\/www.freimarianne.ch\/wp-content\/uploads\/2014\/02\/IMG_1281_guggisberg_500-300x225.jpg 300w, https:\/\/www.freimarianne.ch\/wp-content\/uploads\/2014\/02\/IMG_1281_guggisberg_500-400x300.jpg 400w\" sizes=\"(max-width: 500px) 100vw, 500px\" \/><\/p>\n<p>Eigentlich wollte ich die ausgeschilderte Tour um das H\u00f6rnli machen aber ich fand den Weg nicht. Ich benutzte den Sommerwanderweg, der zum Ausssichtspunkt auf dem Guggersh\u00f6rnli f\u00fchrte, wo sich eine sch\u00f6ne Sicht bietet auf die Berneralpen und vor allem auf die Fribourger Alpen im Gebiet des Schwarzsees.<\/p>\n<p>Der Abstieg vom Schwendelberg war steil und ich brauchte die St\u00f6cke und die Schneekrallen. Unten am Waldrand war nichts mehr vom Weg zu sehen. Alte Schneeschuhspuren brachten mich sicher durch die tiefen Schnee hinunter nach Riffenmatt, wo ich das Postauto erwischte, das mich wieder nach Schwarzenburg brachte.<\/p>\n<p>Dies Wanderung war sehr kurz aber ich konnte die Sonne, die Einsamkeit und die Sicht geniessen. In K\u00f6niz stieg ich aus dem Zug und wanderte hinauf zum Gurten und von dort hinab nach Kehrsatz.<\/p>\n<p><!-- index.php -->\n<div\n\tclass=\"ngg-galleryoverview ngg-ajax-pagination-none\"\n\tid=\"ngg-gallery-8704-1\">\n\n    \t<div class=\"slideshowlink\">\n        <a href='https:\/\/www.freimarianne.ch\/index.php\/nggallery\/slideshow?page_id=5007'>[Show as slideshow]<\/a>\n\t\t\n\t<\/div>\n\t\t\t<!-- Thumbnails -->\n\t\t\t\t<div id=\"ngg-image-0\" class=\"ngg-gallery-thumbnail-box\" >\n\t\t\t\t        <div class=\"ngg-gallery-thumbnail\">\n            <a href=\"https:\/\/www.freimarianne.ch\/wp-content\/gallery\/guggisberg-20-2-14\/img_1253.jpg\"\n               title=\"\"\n               data-src=\"https:\/\/www.freimarianne.ch\/wp-content\/gallery\/guggisberg-20-2-14\/img_1253.jpg\"\n               data-thumbnail=\"https:\/\/www.freimarianne.ch\/wp-content\/gallery\/guggisberg-20-2-14\/thumbs\/thumbs_img_1253.jpg\"\n               data-image-id=\"8015\"\n               data-title=\"img_1253\"\n               data-description=\"\"\n               data-image-slug=\"img_1253\"\n               class=\"shutterset_8704\">\n                <img\n                    title=\"img_1253\"\n                    alt=\"img_1253\"\n                    src=\"https:\/\/www.freimarianne.ch\/wp-content\/gallery\/guggisberg-20-2-14\/thumbs\/thumbs_img_1253.jpg\"\n                    width=\"100\"\n                    height=\"75\"\n                    style=\"max-width:100%;\"\n                \/>\n            <\/a>\n        <\/div>\n\t\t\t\t\t\t\t<\/div> \n\t\t\t\n        \n\t\t\t\t<div id=\"ngg-image-1\" class=\"ngg-gallery-thumbnail-box\" >\n\t\t\t\t        <div class=\"ngg-gallery-thumbnail\">\n            <a href=\"https:\/\/www.freimarianne.ch\/wp-content\/gallery\/guggisberg-20-2-14\/img_1260.jpg\"\n               title=\"\"\n               data-src=\"https:\/\/www.freimarianne.ch\/wp-content\/gallery\/guggisberg-20-2-14\/img_1260.jpg\"\n               data-thumbnail=\"https:\/\/www.freimarianne.ch\/wp-content\/gallery\/guggisberg-20-2-14\/thumbs\/thumbs_img_1260.jpg\"\n               data-image-id=\"8016\"\n               data-title=\"img_1260\"\n               data-description=\"\"\n               data-image-slug=\"img_1260-2\"\n               class=\"shutterset_8704\">\n                <img\n                    title=\"img_1260\"\n                    alt=\"img_1260\"\n                    src=\"https:\/\/www.freimarianne.ch\/wp-content\/gallery\/guggisberg-20-2-14\/thumbs\/thumbs_img_1260.jpg\"\n                    width=\"100\"\n                    height=\"75\"\n                    style=\"max-width:100%;\"\n                \/>\n            <\/a>\n        <\/div>\n\t\t\t\t\t\t\t<\/div> \n\t\t\t\n        \n\t\t\t\t<div id=\"ngg-image-2\" class=\"ngg-gallery-thumbnail-box\" >\n\t\t\t\t        <div class=\"ngg-gallery-thumbnail\">\n            <a href=\"https:\/\/www.freimarianne.ch\/wp-content\/gallery\/guggisberg-20-2-14\/img_1267.jpg\"\n               title=\"\"\n               data-src=\"https:\/\/www.freimarianne.ch\/wp-content\/gallery\/guggisberg-20-2-14\/img_1267.jpg\"\n               data-thumbnail=\"https:\/\/www.freimarianne.ch\/wp-content\/gallery\/guggisberg-20-2-14\/thumbs\/thumbs_img_1267.jpg\"\n               data-image-id=\"8017\"\n               data-title=\"img_1267\"\n               data-description=\"\"\n               data-image-slug=\"img_1267\"\n               class=\"shutterset_8704\">\n                <img\n                    title=\"img_1267\"\n                    alt=\"img_1267\"\n                    src=\"https:\/\/www.freimarianne.ch\/wp-content\/gallery\/guggisberg-20-2-14\/thumbs\/thumbs_img_1267.jpg\"\n                    width=\"100\"\n                    height=\"75\"\n                    style=\"max-width:100%;\"\n                \/>\n            <\/a>\n        <\/div>\n\t\t\t\t\t\t\t<\/div> \n\t\t\t\n        \n\t\t\t\t<div id=\"ngg-image-3\" class=\"ngg-gallery-thumbnail-box\" >\n\t\t\t\t        <div class=\"ngg-gallery-thumbnail\">\n            <a href=\"https:\/\/www.freimarianne.ch\/wp-content\/gallery\/guggisberg-20-2-14\/img_1269.jpg\"\n               title=\"\"\n               data-src=\"https:\/\/www.freimarianne.ch\/wp-content\/gallery\/guggisberg-20-2-14\/img_1269.jpg\"\n               data-thumbnail=\"https:\/\/www.freimarianne.ch\/wp-content\/gallery\/guggisberg-20-2-14\/thumbs\/thumbs_img_1269.jpg\"\n               data-image-id=\"8018\"\n               data-title=\"img_1269\"\n               data-description=\"\"\n               data-image-slug=\"img_1269-2\"\n               class=\"shutterset_8704\">\n                <img\n                    title=\"img_1269\"\n                    alt=\"img_1269\"\n                    src=\"https:\/\/www.freimarianne.ch\/wp-content\/gallery\/guggisberg-20-2-14\/thumbs\/thumbs_img_1269.jpg\"\n                    width=\"100\"\n                    height=\"75\"\n                    style=\"max-width:100%;\"\n                \/>\n            <\/a>\n        <\/div>\n\t\t\t\t\t\t\t<\/div> \n\t\t\t\n        \n\t\t\t\t<div id=\"ngg-image-4\" class=\"ngg-gallery-thumbnail-box\" >\n\t\t\t\t        <div class=\"ngg-gallery-thumbnail\">\n            <a href=\"https:\/\/www.freimarianne.ch\/wp-content\/gallery\/guggisberg-20-2-14\/img_1276.jpg\"\n               title=\"\"\n               data-src=\"https:\/\/www.freimarianne.ch\/wp-content\/gallery\/guggisberg-20-2-14\/img_1276.jpg\"\n               data-thumbnail=\"https:\/\/www.freimarianne.ch\/wp-content\/gallery\/guggisberg-20-2-14\/thumbs\/thumbs_img_1276.jpg\"\n               data-image-id=\"8019\"\n               data-title=\"img_1276\"\n               data-description=\"\"\n               data-image-slug=\"img_1276\"\n               class=\"shutterset_8704\">\n                <img\n                    title=\"img_1276\"\n                    alt=\"img_1276\"\n                    src=\"https:\/\/www.freimarianne.ch\/wp-content\/gallery\/guggisberg-20-2-14\/thumbs\/thumbs_img_1276.jpg\"\n                    width=\"100\"\n                    height=\"75\"\n                    style=\"max-width:100%;\"\n                \/>\n            <\/a>\n        <\/div>\n\t\t\t\t\t\t\t<\/div> \n\t\t\t\n        \n\t\t\t\t<div id=\"ngg-image-5\" class=\"ngg-gallery-thumbnail-box\" >\n\t\t\t\t        <div class=\"ngg-gallery-thumbnail\">\n            <a href=\"https:\/\/www.freimarianne.ch\/wp-content\/gallery\/guggisberg-20-2-14\/img_1284.jpg\"\n               title=\"\"\n               data-src=\"https:\/\/www.freimarianne.ch\/wp-content\/gallery\/guggisberg-20-2-14\/img_1284.jpg\"\n               data-thumbnail=\"https:\/\/www.freimarianne.ch\/wp-content\/gallery\/guggisberg-20-2-14\/thumbs\/thumbs_img_1284.jpg\"\n               data-image-id=\"8020\"\n               data-title=\"img_1284\"\n               data-description=\"\"\n               data-image-slug=\"img_1284\"\n               class=\"shutterset_8704\">\n                <img\n                    title=\"img_1284\"\n                    alt=\"img_1284\"\n                    src=\"https:\/\/www.freimarianne.ch\/wp-content\/gallery\/guggisberg-20-2-14\/thumbs\/thumbs_img_1284.jpg\"\n                    width=\"100\"\n                    height=\"75\"\n                    style=\"max-width:100%;\"\n                \/>\n            <\/a>\n        <\/div>\n\t\t\t\t\t\t\t<\/div> \n\t\t\t\n        \n\t\t\t\t<div id=\"ngg-image-6\" class=\"ngg-gallery-thumbnail-box\" >\n\t\t\t\t        <div class=\"ngg-gallery-thumbnail\">\n            <a href=\"https:\/\/www.freimarianne.ch\/wp-content\/gallery\/guggisberg-20-2-14\/img_1289.jpg\"\n               title=\"\"\n               data-src=\"https:\/\/www.freimarianne.ch\/wp-content\/gallery\/guggisberg-20-2-14\/img_1289.jpg\"\n               data-thumbnail=\"https:\/\/www.freimarianne.ch\/wp-content\/gallery\/guggisberg-20-2-14\/thumbs\/thumbs_img_1289.jpg\"\n               data-image-id=\"8021\"\n               data-title=\"img_1289\"\n               data-description=\"\"\n               data-image-slug=\"img_1289-2\"\n               class=\"shutterset_8704\">\n                <img\n                    title=\"img_1289\"\n                    alt=\"img_1289\"\n                    src=\"https:\/\/www.freimarianne.ch\/wp-content\/gallery\/guggisberg-20-2-14\/thumbs\/thumbs_img_1289.jpg\"\n                    width=\"100\"\n                    height=\"75\"\n                    style=\"max-width:100%;\"\n                \/>\n            <\/a>\n        <\/div>\n\t\t\t\t\t\t\t<\/div> \n\t\t\t\n        \n\t\t\t\t<div id=\"ngg-image-7\" class=\"ngg-gallery-thumbnail-box\" >\n\t\t\t\t        <div class=\"ngg-gallery-thumbnail\">\n            <a href=\"https:\/\/www.freimarianne.ch\/wp-content\/gallery\/guggisberg-20-2-14\/img_1291.jpg\"\n               title=\"\"\n               data-src=\"https:\/\/www.freimarianne.ch\/wp-content\/gallery\/guggisberg-20-2-14\/img_1291.jpg\"\n               data-thumbnail=\"https:\/\/www.freimarianne.ch\/wp-content\/gallery\/guggisberg-20-2-14\/thumbs\/thumbs_img_1291.jpg\"\n               data-image-id=\"8022\"\n               data-title=\"img_1291\"\n               data-description=\"\"\n               data-image-slug=\"img_1291-3\"\n               class=\"shutterset_8704\">\n                <img\n                    title=\"img_1291\"\n                    alt=\"img_1291\"\n                    src=\"https:\/\/www.freimarianne.ch\/wp-content\/gallery\/guggisberg-20-2-14\/thumbs\/thumbs_img_1291.jpg\"\n                    width=\"100\"\n                    height=\"75\"\n                    style=\"max-width:100%;\"\n                \/>\n            <\/a>\n        <\/div>\n\t\t\t\t\t\t\t<\/div> \n\t\t\t\n        \n\t\t\t\t<div id=\"ngg-image-8\" class=\"ngg-gallery-thumbnail-box\" >\n\t\t\t\t        <div class=\"ngg-gallery-thumbnail\">\n            <a href=\"https:\/\/www.freimarianne.ch\/wp-content\/gallery\/guggisberg-20-2-14\/img_1297.jpg\"\n               title=\"\"\n               data-src=\"https:\/\/www.freimarianne.ch\/wp-content\/gallery\/guggisberg-20-2-14\/img_1297.jpg\"\n               data-thumbnail=\"https:\/\/www.freimarianne.ch\/wp-content\/gallery\/guggisberg-20-2-14\/thumbs\/thumbs_img_1297.jpg\"\n               data-image-id=\"8023\"\n               data-title=\"img_1297\"\n               data-description=\"\"\n               data-image-slug=\"img_1297-2\"\n               class=\"shutterset_8704\">\n                <img\n                    title=\"img_1297\"\n                    alt=\"img_1297\"\n                    src=\"https:\/\/www.freimarianne.ch\/wp-content\/gallery\/guggisberg-20-2-14\/thumbs\/thumbs_img_1297.jpg\"\n                    width=\"100\"\n                    height=\"75\"\n                    style=\"max-width:100%;\"\n                \/>\n            <\/a>\n        <\/div>\n\t\t\t\t\t\t\t<\/div> \n\t\t\t\n        \n\t\t\t\t<div id=\"ngg-image-9\" class=\"ngg-gallery-thumbnail-box\" >\n\t\t\t\t        <div class=\"ngg-gallery-thumbnail\">\n            <a href=\"https:\/\/www.freimarianne.ch\/wp-content\/gallery\/guggisberg-20-2-14\/img_1299.jpg\"\n               title=\"\"\n               data-src=\"https:\/\/www.freimarianne.ch\/wp-content\/gallery\/guggisberg-20-2-14\/img_1299.jpg\"\n               data-thumbnail=\"https:\/\/www.freimarianne.ch\/wp-content\/gallery\/guggisberg-20-2-14\/thumbs\/thumbs_img_1299.jpg\"\n               data-image-id=\"8024\"\n               data-title=\"img_1299\"\n               data-description=\"\"\n               data-image-slug=\"img_1299\"\n               class=\"shutterset_8704\">\n                <img\n                    title=\"img_1299\"\n                    alt=\"img_1299\"\n                    src=\"https:\/\/www.freimarianne.ch\/wp-content\/gallery\/guggisberg-20-2-14\/thumbs\/thumbs_img_1299.jpg\"\n                    width=\"100\"\n                    height=\"75\"\n                    style=\"max-width:100%;\"\n                \/>\n            <\/a>\n        <\/div>\n\t\t\t\t\t\t\t<\/div> \n\t\t\t\n        \n\t\t\n\t\t<!-- Pagination -->\n\t<div class='ngg-clear'><\/div>\t<\/div>\n<\/p>\n","protected":false},"excerpt":{"rendered":"<p>Winterwanderung in Guggisberg 1115m. Suche nach Sonne und Schnee. \u00dcber das Guggersh\u00f6rnli 1283m und den Schwendelberg 1296m nach Riffenmatt 1083m. Eigentlich wollte ich die ausgeschilderte Tour um das H\u00f6rnli machen aber ich fand den Weg nicht. Ich benutzte den Sommerwanderweg, der zum Ausssichtspunkt auf dem Guggersh\u00f6rnli f\u00fchrte, wo sich eine sch\u00f6ne Sicht bietet auf die [&hellip;]<\/p>\n","protected":false},"author":1,"featured_media":0,"parent":4769,"menu_order":8,"comment_status":"closed","ping_status":"closed","template":"","meta":{"ngg_post_thumbnail":0},"_links":{"self":[{"href":"https:\/\/www.freimarianne.ch\/index.php?rest_route=\/wp\/v2\/pages\/5007"}],"collection":[{"href":"https:\/\/www.freimarianne.ch\/index.php?rest_route=\/wp\/v2\/pages"}],"about":[{"href":"https:\/\/www.freimarianne.ch\/index.php?rest_route=\/wp\/v2\/types\/page"}],"author":[{"embeddable":true,"href":"https:\/\/www.freimarianne.ch\/index.php?rest_route=\/wp\/v2\/users\/1"}],"replies":[{"embeddable":true,"href":"https:\/\/www.freimarianne.ch\/index.php?rest_route=%2Fwp%2Fv2%2Fcomments&post=5007"}],"version-history":[{"count":5,"href":"https:\/\/www.freimarianne.ch\/index.php?rest_route=\/wp\/v2\/pages\/5007\/revisions"}],"predecessor-version":[{"id":8706,"href":"https:\/\/www.freimarianne.ch\/index.php?rest_route=\/wp\/v2\/pages\/5007\/revisions\/8706"}],"up":[{"embeddable":true,"href":"https:\/\/www.freimarianne.ch\/index.php?rest_route=\/wp\/v2\/pages\/4769"}],"wp:attachment":[{"href":"https:\/\/www.freimarianne.ch\/index.php?rest_route=%2Fwp%2Fv2%2Fmedia&parent=5007"}],"curies":[{"name":"wp","href":"https:\/\/api.w.org\/{rel}","templated":true}]}}