{"id":5082,"date":"2014-03-23T11:54:05","date_gmt":"2014-03-23T10:54:05","guid":{"rendered":"http:\/\/www.freimarianne.ch\/?page_id=5082"},"modified":"2015-01-03T09:46:32","modified_gmt":"2015-01-03T08:46:32","slug":"rigi-scheidegg-rigi-staffel-11-3-2014","status":"publish","type":"page","link":"https:\/\/www.freimarianne.ch\/?page_id=5082","title":{"rendered":"Rigi-Scheidegg &#8211; Rigi Staffel 11.3.2014"},"content":{"rendered":"<p><strong>Winterwanderung<\/strong> mit dem Akzentforum<br \/>\nVon Rigi-Scheidegg nach Rigi Kaltbad. \u00dcber Ch\u00e4nzeli zum Staffel.<br \/>\n<img loading=\"lazy\" class=\"aligncenter size-full wp-image-5091\" src=\"http:\/\/www.freimarianne.ch\/wp-content\/uploads\/2014\/03\/IMG_1592_rigi_11.3.jpg\" alt=\"IMG_1592_rigi_11.3\" width=\"500\" height=\"375\" srcset=\"https:\/\/www.freimarianne.ch\/wp-content\/uploads\/2014\/03\/IMG_1592_rigi_11.3.jpg 500w, https:\/\/www.freimarianne.ch\/wp-content\/uploads\/2014\/03\/IMG_1592_rigi_11.3-300x225.jpg 300w, https:\/\/www.freimarianne.ch\/wp-content\/uploads\/2014\/03\/IMG_1592_rigi_11.3-400x300.jpg 400w\" sizes=\"(max-width: 500px) 100vw, 500px\" \/><br \/>\nNach einem Kaffee im Berghaus Rigi- Scheidegg machen wir uns auf den Weg. Der Himmel ist mit weissen Schleierwolken bedeckt, was aber inbezug auf die Bergsicht nichts ausmacht. Wir wandern \u00fcber Hinter- Dossen und Chli Dossen nach Unterstetten, wo wir einen Trinkhalt beim grossen Unterstand halten. Dann wird es eine Zeit lang windig und wir ziehen die Kapuzen \u00fcber. Bald sind wir wieder im Windschatten und umrunden den W\u00fcrzenstock um nach Rigi First zu gelangen. Von dort aus marschieren wir Richtung Rigi Kaltbad. Bald finden wir gen\u00fcgend Sitzb\u00e4nke f\u00fcr die Mittagsrast &#8211; mit Sicht auf die Berge. Wir nehmen dann den Rest des Weges in Angriff. Wir steigen hinauf zum Ch\u00e4nzeli, das uns heute keine grosse Aussicht bietet und weiter hinauf auf den Gratweg, der zur Rigi Staffelh\u00f6he und dann zum Rigi Staffel f\u00fchrt. Hier wollen die meisten die Wanderung mit einem Kaffeehalt beenden. Die beiden Leiterinnen steigen mit zwei Unetnwegten noch hiauf auf den Rigi Kulm, wo sich nun eine bessere Aussicht bietet. Die Gruppe vereint sich wieder in der Rigi Bahn.<br \/>\nDies war eine richtige Winterwanderung, die hoffentlich allen gefallen hat. Das beste Wetter l\u00e4sst sich leider nicht bestellen! Danke allen f\u00fcrs Mitmachen.<br \/>\nMarianne<br \/>\n<!-- index.php -->\n<div\n\tclass=\"ngg-galleryoverview ngg-ajax-pagination-none\"\n\tid=\"ngg-gallery-8725-1\">\n\n    \t<div class=\"slideshowlink\">\n        <a href='https:\/\/www.freimarianne.ch\/index.php\/nggallery\/slideshow?page_id=5082'>[Show as slideshow]<\/a>\n\t\t\n\t<\/div>\n\t\t\t<!-- Thumbnails -->\n\t\t\t\t<div id=\"ngg-image-0\" class=\"ngg-gallery-thumbnail-box\" >\n\t\t\t\t        <div class=\"ngg-gallery-thumbnail\">\n            <a href=\"https:\/\/www.freimarianne.ch\/wp-content\/gallery\/rigi-11-3-14\/img_1586.jpg\"\n               title=\"\"\n               data-src=\"https:\/\/www.freimarianne.ch\/wp-content\/gallery\/rigi-11-3-14\/img_1586.jpg\"\n               data-thumbnail=\"https:\/\/www.freimarianne.ch\/wp-content\/gallery\/rigi-11-3-14\/thumbs\/thumbs_img_1586.jpg\"\n               data-image-id=\"8129\"\n               data-title=\"img_1586\"\n               data-description=\"\"\n               data-image-slug=\"img_1586\"\n               class=\"shutterset_8725\">\n                <img\n                    title=\"img_1586\"\n                    alt=\"img_1586\"\n                    src=\"https:\/\/www.freimarianne.ch\/wp-content\/gallery\/rigi-11-3-14\/thumbs\/thumbs_img_1586.jpg\"\n                    width=\"100\"\n                    height=\"75\"\n                    style=\"max-width:100%;\"\n                \/>\n            <\/a>\n        <\/div>\n\t\t\t\t\t\t\t<\/div> \n\t\t\t\n        \n\t\t\t\t<div id=\"ngg-image-1\" class=\"ngg-gallery-thumbnail-box\" >\n\t\t\t\t        <div class=\"ngg-gallery-thumbnail\">\n            <a href=\"https:\/\/www.freimarianne.ch\/wp-content\/gallery\/rigi-11-3-14\/img_1592.jpg\"\n               title=\"\"\n               data-src=\"https:\/\/www.freimarianne.ch\/wp-content\/gallery\/rigi-11-3-14\/img_1592.jpg\"\n               data-thumbnail=\"https:\/\/www.freimarianne.ch\/wp-content\/gallery\/rigi-11-3-14\/thumbs\/thumbs_img_1592.jpg\"\n               data-image-id=\"8130\"\n               data-title=\"img_1592\"\n               data-description=\"\"\n               data-image-slug=\"img_1592\"\n               class=\"shutterset_8725\">\n                <img\n                    title=\"img_1592\"\n                    alt=\"img_1592\"\n                    src=\"https:\/\/www.freimarianne.ch\/wp-content\/gallery\/rigi-11-3-14\/thumbs\/thumbs_img_1592.jpg\"\n                    width=\"100\"\n                    height=\"75\"\n                    style=\"max-width:100%;\"\n                \/>\n            <\/a>\n        <\/div>\n\t\t\t\t\t\t\t<\/div> \n\t\t\t\n        \n\t\t\t\t<div id=\"ngg-image-2\" class=\"ngg-gallery-thumbnail-box\" >\n\t\t\t\t        <div class=\"ngg-gallery-thumbnail\">\n            <a href=\"https:\/\/www.freimarianne.ch\/wp-content\/gallery\/rigi-11-3-14\/img_1594.jpg\"\n               title=\"\"\n               data-src=\"https:\/\/www.freimarianne.ch\/wp-content\/gallery\/rigi-11-3-14\/img_1594.jpg\"\n               data-thumbnail=\"https:\/\/www.freimarianne.ch\/wp-content\/gallery\/rigi-11-3-14\/thumbs\/thumbs_img_1594.jpg\"\n               data-image-id=\"8131\"\n               data-title=\"img_1594\"\n               data-description=\"\"\n               data-image-slug=\"img_1594\"\n               class=\"shutterset_8725\">\n                <img\n                    title=\"img_1594\"\n                    alt=\"img_1594\"\n                    src=\"https:\/\/www.freimarianne.ch\/wp-content\/gallery\/rigi-11-3-14\/thumbs\/thumbs_img_1594.jpg\"\n                    width=\"100\"\n                    height=\"75\"\n                    style=\"max-width:100%;\"\n                \/>\n            <\/a>\n        <\/div>\n\t\t\t\t\t\t\t<\/div> \n\t\t\t\n        \n\t\t\t\t<div id=\"ngg-image-3\" class=\"ngg-gallery-thumbnail-box\" >\n\t\t\t\t        <div class=\"ngg-gallery-thumbnail\">\n            <a href=\"https:\/\/www.freimarianne.ch\/wp-content\/gallery\/rigi-11-3-14\/img_1600.jpg\"\n               title=\"\"\n               data-src=\"https:\/\/www.freimarianne.ch\/wp-content\/gallery\/rigi-11-3-14\/img_1600.jpg\"\n               data-thumbnail=\"https:\/\/www.freimarianne.ch\/wp-content\/gallery\/rigi-11-3-14\/thumbs\/thumbs_img_1600.jpg\"\n               data-image-id=\"8132\"\n               data-title=\"img_1600\"\n               data-description=\"\"\n               data-image-slug=\"img_1600-2\"\n               class=\"shutterset_8725\">\n                <img\n                    title=\"img_1600\"\n                    alt=\"img_1600\"\n                    src=\"https:\/\/www.freimarianne.ch\/wp-content\/gallery\/rigi-11-3-14\/thumbs\/thumbs_img_1600.jpg\"\n                    width=\"100\"\n                    height=\"75\"\n                    style=\"max-width:100%;\"\n                \/>\n            <\/a>\n        <\/div>\n\t\t\t\t\t\t\t<\/div> \n\t\t\t\n        \n\t\t\t\t<div id=\"ngg-image-4\" class=\"ngg-gallery-thumbnail-box\" >\n\t\t\t\t        <div class=\"ngg-gallery-thumbnail\">\n            <a href=\"https:\/\/www.freimarianne.ch\/wp-content\/gallery\/rigi-11-3-14\/img_1603.jpg\"\n               title=\"\"\n               data-src=\"https:\/\/www.freimarianne.ch\/wp-content\/gallery\/rigi-11-3-14\/img_1603.jpg\"\n               data-thumbnail=\"https:\/\/www.freimarianne.ch\/wp-content\/gallery\/rigi-11-3-14\/thumbs\/thumbs_img_1603.jpg\"\n               data-image-id=\"8133\"\n               data-title=\"img_1603\"\n               data-description=\"\"\n               data-image-slug=\"img_1603\"\n               class=\"shutterset_8725\">\n                <img\n                    title=\"img_1603\"\n                    alt=\"img_1603\"\n                    src=\"https:\/\/www.freimarianne.ch\/wp-content\/gallery\/rigi-11-3-14\/thumbs\/thumbs_img_1603.jpg\"\n                    width=\"100\"\n                    height=\"75\"\n                    style=\"max-width:100%;\"\n                \/>\n            <\/a>\n        <\/div>\n\t\t\t\t\t\t\t<\/div> \n\t\t\t\n        \n\t\t\t\t<div id=\"ngg-image-5\" class=\"ngg-gallery-thumbnail-box\" >\n\t\t\t\t        <div class=\"ngg-gallery-thumbnail\">\n            <a href=\"https:\/\/www.freimarianne.ch\/wp-content\/gallery\/rigi-11-3-14\/img_1605.jpg\"\n               title=\"\"\n               data-src=\"https:\/\/www.freimarianne.ch\/wp-content\/gallery\/rigi-11-3-14\/img_1605.jpg\"\n               data-thumbnail=\"https:\/\/www.freimarianne.ch\/wp-content\/gallery\/rigi-11-3-14\/thumbs\/thumbs_img_1605.jpg\"\n               data-image-id=\"8134\"\n               data-title=\"img_1605\"\n               data-description=\"\"\n               data-image-slug=\"img_1605\"\n               class=\"shutterset_8725\">\n                <img\n                    title=\"img_1605\"\n                    alt=\"img_1605\"\n                    src=\"https:\/\/www.freimarianne.ch\/wp-content\/gallery\/rigi-11-3-14\/thumbs\/thumbs_img_1605.jpg\"\n                    width=\"100\"\n                    height=\"75\"\n                    style=\"max-width:100%;\"\n                \/>\n            <\/a>\n        <\/div>\n\t\t\t\t\t\t\t<\/div> \n\t\t\t\n        \n\t\t\t\t<div id=\"ngg-image-6\" class=\"ngg-gallery-thumbnail-box\" >\n\t\t\t\t        <div class=\"ngg-gallery-thumbnail\">\n            <a href=\"https:\/\/www.freimarianne.ch\/wp-content\/gallery\/rigi-11-3-14\/img_1610.jpg\"\n               title=\"\"\n               data-src=\"https:\/\/www.freimarianne.ch\/wp-content\/gallery\/rigi-11-3-14\/img_1610.jpg\"\n               data-thumbnail=\"https:\/\/www.freimarianne.ch\/wp-content\/gallery\/rigi-11-3-14\/thumbs\/thumbs_img_1610.jpg\"\n               data-image-id=\"8135\"\n               data-title=\"img_1610\"\n               data-description=\"\"\n               data-image-slug=\"img_1610-2\"\n               class=\"shutterset_8725\">\n                <img\n                    title=\"img_1610\"\n                    alt=\"img_1610\"\n                    src=\"https:\/\/www.freimarianne.ch\/wp-content\/gallery\/rigi-11-3-14\/thumbs\/thumbs_img_1610.jpg\"\n                    width=\"100\"\n                    height=\"75\"\n                    style=\"max-width:100%;\"\n                \/>\n            <\/a>\n        <\/div>\n\t\t\t\t\t\t\t<\/div> \n\t\t\t\n        \n\t\t\t\t<div id=\"ngg-image-7\" class=\"ngg-gallery-thumbnail-box\" >\n\t\t\t\t        <div class=\"ngg-gallery-thumbnail\">\n            <a href=\"https:\/\/www.freimarianne.ch\/wp-content\/gallery\/rigi-11-3-14\/img_1612.jpg\"\n               title=\"\"\n               data-src=\"https:\/\/www.freimarianne.ch\/wp-content\/gallery\/rigi-11-3-14\/img_1612.jpg\"\n               data-thumbnail=\"https:\/\/www.freimarianne.ch\/wp-content\/gallery\/rigi-11-3-14\/thumbs\/thumbs_img_1612.jpg\"\n               data-image-id=\"8136\"\n               data-title=\"img_1612\"\n               data-description=\"\"\n               data-image-slug=\"img_1612\"\n               class=\"shutterset_8725\">\n                <img\n                    title=\"img_1612\"\n                    alt=\"img_1612\"\n                    src=\"https:\/\/www.freimarianne.ch\/wp-content\/gallery\/rigi-11-3-14\/thumbs\/thumbs_img_1612.jpg\"\n                    width=\"100\"\n                    height=\"75\"\n                    style=\"max-width:100%;\"\n                \/>\n            <\/a>\n        <\/div>\n\t\t\t\t\t\t\t<\/div> \n\t\t\t\n        \n\t\t\t\t<div id=\"ngg-image-8\" class=\"ngg-gallery-thumbnail-box\" >\n\t\t\t\t        <div class=\"ngg-gallery-thumbnail\">\n            <a href=\"https:\/\/www.freimarianne.ch\/wp-content\/gallery\/rigi-11-3-14\/img_1644.jpg\"\n               title=\"\"\n               data-src=\"https:\/\/www.freimarianne.ch\/wp-content\/gallery\/rigi-11-3-14\/img_1644.jpg\"\n               data-thumbnail=\"https:\/\/www.freimarianne.ch\/wp-content\/gallery\/rigi-11-3-14\/thumbs\/thumbs_img_1644.jpg\"\n               data-image-id=\"8137\"\n               data-title=\"img_1644\"\n               data-description=\"\"\n               data-image-slug=\"img_1644\"\n               class=\"shutterset_8725\">\n                <img\n                    title=\"img_1644\"\n                    alt=\"img_1644\"\n                    src=\"https:\/\/www.freimarianne.ch\/wp-content\/gallery\/rigi-11-3-14\/thumbs\/thumbs_img_1644.jpg\"\n                    width=\"100\"\n                    height=\"75\"\n                    style=\"max-width:100%;\"\n                \/>\n            <\/a>\n        <\/div>\n\t\t\t\t\t\t\t<\/div> \n\t\t\t\n        \n\t\t\t\t<div id=\"ngg-image-9\" class=\"ngg-gallery-thumbnail-box\" >\n\t\t\t\t        <div class=\"ngg-gallery-thumbnail\">\n            <a href=\"https:\/\/www.freimarianne.ch\/wp-content\/gallery\/rigi-11-3-14\/img_1648.jpg\"\n               title=\"\"\n               data-src=\"https:\/\/www.freimarianne.ch\/wp-content\/gallery\/rigi-11-3-14\/img_1648.jpg\"\n               data-thumbnail=\"https:\/\/www.freimarianne.ch\/wp-content\/gallery\/rigi-11-3-14\/thumbs\/thumbs_img_1648.jpg\"\n               data-image-id=\"8138\"\n               data-title=\"img_1648\"\n               data-description=\"\"\n               data-image-slug=\"img_1648\"\n               class=\"shutterset_8725\">\n                <img\n                    title=\"img_1648\"\n                    alt=\"img_1648\"\n                    src=\"https:\/\/www.freimarianne.ch\/wp-content\/gallery\/rigi-11-3-14\/thumbs\/thumbs_img_1648.jpg\"\n                    width=\"100\"\n                    height=\"75\"\n                    style=\"max-width:100%;\"\n                \/>\n            <\/a>\n        <\/div>\n\t\t\t\t\t\t\t<\/div> \n\t\t\t\n        \n\t\t\n\t\t<!-- Pagination -->\n\t<div class='ngg-clear'><\/div>\t<\/div>\n<\/p>\n","protected":false},"excerpt":{"rendered":"<p>Winterwanderung mit dem Akzentforum Von Rigi-Scheidegg nach Rigi Kaltbad. \u00dcber Ch\u00e4nzeli zum Staffel. Nach einem Kaffee im Berghaus Rigi- Scheidegg machen wir uns auf den Weg. Der Himmel ist mit weissen Schleierwolken bedeckt, was aber inbezug auf die Bergsicht nichts ausmacht. Wir wandern \u00fcber Hinter- Dossen und Chli Dossen nach Unterstetten, wo wir einen Trinkhalt [&hellip;]<\/p>\n","protected":false},"author":1,"featured_media":0,"parent":4769,"menu_order":15,"comment_status":"closed","ping_status":"closed","template":"","meta":{"ngg_post_thumbnail":0},"_links":{"self":[{"href":"https:\/\/www.freimarianne.ch\/index.php?rest_route=\/wp\/v2\/pages\/5082"}],"collection":[{"href":"https:\/\/www.freimarianne.ch\/index.php?rest_route=\/wp\/v2\/pages"}],"about":[{"href":"https:\/\/www.freimarianne.ch\/index.php?rest_route=\/wp\/v2\/types\/page"}],"author":[{"embeddable":true,"href":"https:\/\/www.freimarianne.ch\/index.php?rest_route=\/wp\/v2\/users\/1"}],"replies":[{"embeddable":true,"href":"https:\/\/www.freimarianne.ch\/index.php?rest_route=%2Fwp%2Fv2%2Fcomments&post=5082"}],"version-history":[{"count":7,"href":"https:\/\/www.freimarianne.ch\/index.php?rest_route=\/wp\/v2\/pages\/5082\/revisions"}],"predecessor-version":[{"id":8728,"href":"https:\/\/www.freimarianne.ch\/index.php?rest_route=\/wp\/v2\/pages\/5082\/revisions\/8728"}],"up":[{"embeddable":true,"href":"https:\/\/www.freimarianne.ch\/index.php?rest_route=\/wp\/v2\/pages\/4769"}],"wp:attachment":[{"href":"https:\/\/www.freimarianne.ch\/index.php?rest_route=%2Fwp%2Fv2%2Fmedia&parent=5082"}],"curies":[{"name":"wp","href":"https:\/\/api.w.org\/{rel}","templated":true}]}}