{"id":5086,"date":"2014-03-23T11:58:07","date_gmt":"2014-03-23T10:58:07","guid":{"rendered":"http:\/\/www.freimarianne.ch\/?page_id=5086"},"modified":"2015-01-03T09:50:19","modified_gmt":"2015-01-03T08:50:19","slug":"kandersteg-be-14-3-2014","status":"publish","type":"page","link":"https:\/\/www.freimarianne.ch\/?page_id=5086","title":{"rendered":"Kandersteg, BE 14.3.2014"},"content":{"rendered":"<p><strong>Winterwanderung<\/strong> in Kandersteg: H\u00f6htour.<br \/>\nEntlang der Kander &#8211; H\u00f6hwald &#8211; Aussichtspunkt &#8220;Risetenegg&#8221; &#8211; B\u00fctschel- Ruedihus &#8211; Bahnhof Kandersteg.<br \/>\n<img loading=\"lazy\" class=\"aligncenter size-full wp-image-5093\" src=\"http:\/\/www.freimarianne.ch\/wp-content\/uploads\/2014\/03\/IMG_9399_kandersteg_17.3.jpg\" alt=\"IMG_9399_kandersteg_17.3\" width=\"500\" height=\"333\" srcset=\"https:\/\/www.freimarianne.ch\/wp-content\/uploads\/2014\/03\/IMG_9399_kandersteg_17.3.jpg 500w, https:\/\/www.freimarianne.ch\/wp-content\/uploads\/2014\/03\/IMG_9399_kandersteg_17.3-300x199.jpg 300w, https:\/\/www.freimarianne.ch\/wp-content\/uploads\/2014\/03\/IMG_9399_kandersteg_17.3-450x300.jpg 450w\" sizes=\"(max-width: 500px) 100vw, 500px\" \/><br \/>\n<!-- index.php -->\n<div\n\tclass=\"ngg-galleryoverview ngg-ajax-pagination-none\"\n\tid=\"ngg-gallery-8733-1\">\n\n    \t<div class=\"slideshowlink\">\n        <a href='https:\/\/www.freimarianne.ch\/index.php\/nggallery\/slideshow?page_id=5086'>[Show as slideshow]<\/a>\n\t\t\n\t<\/div>\n\t\t\t<!-- Thumbnails -->\n\t\t\t\t<div id=\"ngg-image-0\" class=\"ngg-gallery-thumbnail-box\" >\n\t\t\t\t        <div class=\"ngg-gallery-thumbnail\">\n            <a href=\"https:\/\/www.freimarianne.ch\/wp-content\/gallery\/kandersteg-14-3-14\/img_9372.jpg\"\n               title=\"\"\n               data-src=\"https:\/\/www.freimarianne.ch\/wp-content\/gallery\/kandersteg-14-3-14\/img_9372.jpg\"\n               data-thumbnail=\"https:\/\/www.freimarianne.ch\/wp-content\/gallery\/kandersteg-14-3-14\/thumbs\/thumbs_img_9372.jpg\"\n               data-image-id=\"8166\"\n               data-title=\"img_9372\"\n               data-description=\"\"\n               data-image-slug=\"img_9372-2\"\n               class=\"shutterset_8733\">\n                <img\n                    title=\"img_9372\"\n                    alt=\"img_9372\"\n                    src=\"https:\/\/www.freimarianne.ch\/wp-content\/gallery\/kandersteg-14-3-14\/thumbs\/thumbs_img_9372.jpg\"\n                    width=\"100\"\n                    height=\"75\"\n                    style=\"max-width:100%;\"\n                \/>\n            <\/a>\n        <\/div>\n\t\t\t\t\t\t\t<\/div> \n\t\t\t\n        \n\t\t\t\t<div id=\"ngg-image-1\" class=\"ngg-gallery-thumbnail-box\" >\n\t\t\t\t        <div class=\"ngg-gallery-thumbnail\">\n            <a href=\"https:\/\/www.freimarianne.ch\/wp-content\/gallery\/kandersteg-14-3-14\/img_9374.jpg\"\n               title=\"\"\n               data-src=\"https:\/\/www.freimarianne.ch\/wp-content\/gallery\/kandersteg-14-3-14\/img_9374.jpg\"\n               data-thumbnail=\"https:\/\/www.freimarianne.ch\/wp-content\/gallery\/kandersteg-14-3-14\/thumbs\/thumbs_img_9374.jpg\"\n               data-image-id=\"8167\"\n               data-title=\"img_9374\"\n               data-description=\"\"\n               data-image-slug=\"img_9374-2\"\n               class=\"shutterset_8733\">\n                <img\n                    title=\"img_9374\"\n                    alt=\"img_9374\"\n                    src=\"https:\/\/www.freimarianne.ch\/wp-content\/gallery\/kandersteg-14-3-14\/thumbs\/thumbs_img_9374.jpg\"\n                    width=\"100\"\n                    height=\"75\"\n                    style=\"max-width:100%;\"\n                \/>\n            <\/a>\n        <\/div>\n\t\t\t\t\t\t\t<\/div> \n\t\t\t\n        \n\t\t\t\t<div id=\"ngg-image-2\" class=\"ngg-gallery-thumbnail-box\" >\n\t\t\t\t        <div class=\"ngg-gallery-thumbnail\">\n            <a href=\"https:\/\/www.freimarianne.ch\/wp-content\/gallery\/kandersteg-14-3-14\/img_9379.jpg\"\n               title=\"\"\n               data-src=\"https:\/\/www.freimarianne.ch\/wp-content\/gallery\/kandersteg-14-3-14\/img_9379.jpg\"\n               data-thumbnail=\"https:\/\/www.freimarianne.ch\/wp-content\/gallery\/kandersteg-14-3-14\/thumbs\/thumbs_img_9379.jpg\"\n               data-image-id=\"8168\"\n               data-title=\"img_9379\"\n               data-description=\"\"\n               data-image-slug=\"img_9379\"\n               class=\"shutterset_8733\">\n                <img\n                    title=\"img_9379\"\n                    alt=\"img_9379\"\n                    src=\"https:\/\/www.freimarianne.ch\/wp-content\/gallery\/kandersteg-14-3-14\/thumbs\/thumbs_img_9379.jpg\"\n                    width=\"100\"\n                    height=\"75\"\n                    style=\"max-width:100%;\"\n                \/>\n            <\/a>\n        <\/div>\n\t\t\t\t\t\t\t<\/div> \n\t\t\t\n        \n\t\t\t\t<div id=\"ngg-image-3\" class=\"ngg-gallery-thumbnail-box\" >\n\t\t\t\t        <div class=\"ngg-gallery-thumbnail\">\n            <a href=\"https:\/\/www.freimarianne.ch\/wp-content\/gallery\/kandersteg-14-3-14\/img_9383.jpg\"\n               title=\"\"\n               data-src=\"https:\/\/www.freimarianne.ch\/wp-content\/gallery\/kandersteg-14-3-14\/img_9383.jpg\"\n               data-thumbnail=\"https:\/\/www.freimarianne.ch\/wp-content\/gallery\/kandersteg-14-3-14\/thumbs\/thumbs_img_9383.jpg\"\n               data-image-id=\"8169\"\n               data-title=\"img_9383\"\n               data-description=\"\"\n               data-image-slug=\"img_9383\"\n               class=\"shutterset_8733\">\n                <img\n                    title=\"img_9383\"\n                    alt=\"img_9383\"\n                    src=\"https:\/\/www.freimarianne.ch\/wp-content\/gallery\/kandersteg-14-3-14\/thumbs\/thumbs_img_9383.jpg\"\n                    width=\"100\"\n                    height=\"75\"\n                    style=\"max-width:100%;\"\n                \/>\n            <\/a>\n        <\/div>\n\t\t\t\t\t\t\t<\/div> \n\t\t\t\n        \n\t\t\t\t<div id=\"ngg-image-4\" class=\"ngg-gallery-thumbnail-box\" >\n\t\t\t\t        <div class=\"ngg-gallery-thumbnail\">\n            <a href=\"https:\/\/www.freimarianne.ch\/wp-content\/gallery\/kandersteg-14-3-14\/img_9390.jpg\"\n               title=\"\"\n               data-src=\"https:\/\/www.freimarianne.ch\/wp-content\/gallery\/kandersteg-14-3-14\/img_9390.jpg\"\n               data-thumbnail=\"https:\/\/www.freimarianne.ch\/wp-content\/gallery\/kandersteg-14-3-14\/thumbs\/thumbs_img_9390.jpg\"\n               data-image-id=\"8170\"\n               data-title=\"img_9390\"\n               data-description=\"\"\n               data-image-slug=\"img_9390-2\"\n               class=\"shutterset_8733\">\n                <img\n                    title=\"img_9390\"\n                    alt=\"img_9390\"\n                    src=\"https:\/\/www.freimarianne.ch\/wp-content\/gallery\/kandersteg-14-3-14\/thumbs\/thumbs_img_9390.jpg\"\n                    width=\"100\"\n                    height=\"75\"\n                    style=\"max-width:100%;\"\n                \/>\n            <\/a>\n        <\/div>\n\t\t\t\t\t\t\t<\/div> \n\t\t\t\n        \n\t\t\t\t<div id=\"ngg-image-5\" class=\"ngg-gallery-thumbnail-box\" >\n\t\t\t\t        <div class=\"ngg-gallery-thumbnail\">\n            <a href=\"https:\/\/www.freimarianne.ch\/wp-content\/gallery\/kandersteg-14-3-14\/img_9395.jpg\"\n               title=\"\"\n               data-src=\"https:\/\/www.freimarianne.ch\/wp-content\/gallery\/kandersteg-14-3-14\/img_9395.jpg\"\n               data-thumbnail=\"https:\/\/www.freimarianne.ch\/wp-content\/gallery\/kandersteg-14-3-14\/thumbs\/thumbs_img_9395.jpg\"\n               data-image-id=\"8171\"\n               data-title=\"img_9395\"\n               data-description=\"\"\n               data-image-slug=\"img_9395-2\"\n               class=\"shutterset_8733\">\n                <img\n                    title=\"img_9395\"\n                    alt=\"img_9395\"\n                    src=\"https:\/\/www.freimarianne.ch\/wp-content\/gallery\/kandersteg-14-3-14\/thumbs\/thumbs_img_9395.jpg\"\n                    width=\"100\"\n                    height=\"75\"\n                    style=\"max-width:100%;\"\n                \/>\n            <\/a>\n        <\/div>\n\t\t\t\t\t\t\t<\/div> \n\t\t\t\n        \n\t\t\t\t<div id=\"ngg-image-6\" class=\"ngg-gallery-thumbnail-box\" >\n\t\t\t\t        <div class=\"ngg-gallery-thumbnail\">\n            <a href=\"https:\/\/www.freimarianne.ch\/wp-content\/gallery\/kandersteg-14-3-14\/img_9398.jpg\"\n               title=\"\"\n               data-src=\"https:\/\/www.freimarianne.ch\/wp-content\/gallery\/kandersteg-14-3-14\/img_9398.jpg\"\n               data-thumbnail=\"https:\/\/www.freimarianne.ch\/wp-content\/gallery\/kandersteg-14-3-14\/thumbs\/thumbs_img_9398.jpg\"\n               data-image-id=\"8172\"\n               data-title=\"img_9398\"\n               data-description=\"\"\n               data-image-slug=\"img_9398-3\"\n               class=\"shutterset_8733\">\n                <img\n                    title=\"img_9398\"\n                    alt=\"img_9398\"\n                    src=\"https:\/\/www.freimarianne.ch\/wp-content\/gallery\/kandersteg-14-3-14\/thumbs\/thumbs_img_9398.jpg\"\n                    width=\"100\"\n                    height=\"75\"\n                    style=\"max-width:100%;\"\n                \/>\n            <\/a>\n        <\/div>\n\t\t\t\t\t\t\t<\/div> \n\t\t\t\n        \n\t\t\t\t<div id=\"ngg-image-7\" class=\"ngg-gallery-thumbnail-box\" >\n\t\t\t\t        <div class=\"ngg-gallery-thumbnail\">\n            <a href=\"https:\/\/www.freimarianne.ch\/wp-content\/gallery\/kandersteg-14-3-14\/img_9401.jpg\"\n               title=\"\"\n               data-src=\"https:\/\/www.freimarianne.ch\/wp-content\/gallery\/kandersteg-14-3-14\/img_9401.jpg\"\n               data-thumbnail=\"https:\/\/www.freimarianne.ch\/wp-content\/gallery\/kandersteg-14-3-14\/thumbs\/thumbs_img_9401.jpg\"\n               data-image-id=\"8173\"\n               data-title=\"img_9401\"\n               data-description=\"\"\n               data-image-slug=\"img_9401\"\n               class=\"shutterset_8733\">\n                <img\n                    title=\"img_9401\"\n                    alt=\"img_9401\"\n                    src=\"https:\/\/www.freimarianne.ch\/wp-content\/gallery\/kandersteg-14-3-14\/thumbs\/thumbs_img_9401.jpg\"\n                    width=\"100\"\n                    height=\"75\"\n                    style=\"max-width:100%;\"\n                \/>\n            <\/a>\n        <\/div>\n\t\t\t\t\t\t\t<\/div> \n\t\t\t\n        \n\t\t\t\t<div id=\"ngg-image-8\" class=\"ngg-gallery-thumbnail-box\" >\n\t\t\t\t        <div class=\"ngg-gallery-thumbnail\">\n            <a href=\"https:\/\/www.freimarianne.ch\/wp-content\/gallery\/kandersteg-14-3-14\/img_9402.jpg\"\n               title=\"\"\n               data-src=\"https:\/\/www.freimarianne.ch\/wp-content\/gallery\/kandersteg-14-3-14\/img_9402.jpg\"\n               data-thumbnail=\"https:\/\/www.freimarianne.ch\/wp-content\/gallery\/kandersteg-14-3-14\/thumbs\/thumbs_img_9402.jpg\"\n               data-image-id=\"8174\"\n               data-title=\"img_9402\"\n               data-description=\"\"\n               data-image-slug=\"img_9402-2\"\n               class=\"shutterset_8733\">\n                <img\n                    title=\"img_9402\"\n                    alt=\"img_9402\"\n                    src=\"https:\/\/www.freimarianne.ch\/wp-content\/gallery\/kandersteg-14-3-14\/thumbs\/thumbs_img_9402.jpg\"\n                    width=\"100\"\n                    height=\"75\"\n                    style=\"max-width:100%;\"\n                \/>\n            <\/a>\n        <\/div>\n\t\t\t\t\t\t\t<\/div> \n\t\t\t\n        \n\t\t\t\t<div id=\"ngg-image-9\" class=\"ngg-gallery-thumbnail-box\" >\n\t\t\t\t        <div class=\"ngg-gallery-thumbnail\">\n            <a href=\"https:\/\/www.freimarianne.ch\/wp-content\/gallery\/kandersteg-14-3-14\/img_9403.jpg\"\n               title=\"\"\n               data-src=\"https:\/\/www.freimarianne.ch\/wp-content\/gallery\/kandersteg-14-3-14\/img_9403.jpg\"\n               data-thumbnail=\"https:\/\/www.freimarianne.ch\/wp-content\/gallery\/kandersteg-14-3-14\/thumbs\/thumbs_img_9403.jpg\"\n               data-image-id=\"8175\"\n               data-title=\"img_9403\"\n               data-description=\"\"\n               data-image-slug=\"img_9403-2\"\n               class=\"shutterset_8733\">\n                <img\n                    title=\"img_9403\"\n                    alt=\"img_9403\"\n                    src=\"https:\/\/www.freimarianne.ch\/wp-content\/gallery\/kandersteg-14-3-14\/thumbs\/thumbs_img_9403.jpg\"\n                    width=\"100\"\n                    height=\"75\"\n                    style=\"max-width:100%;\"\n                \/>\n            <\/a>\n        <\/div>\n\t\t\t\t\t\t\t<\/div> \n\t\t\t\n        \n\t\t\n\t\t<!-- Pagination -->\n\t<div class='ngg-clear'><\/div>\t<\/div>\n<\/p>\n","protected":false},"excerpt":{"rendered":"<p>Winterwanderung in Kandersteg: H\u00f6htour. Entlang der Kander &#8211; H\u00f6hwald &#8211; Aussichtspunkt &#8220;Risetenegg&#8221; &#8211; B\u00fctschel- Ruedihus &#8211; Bahnhof Kandersteg. [Show as slideshow]<\/p>\n","protected":false},"author":1,"featured_media":0,"parent":4769,"menu_order":17,"comment_status":"closed","ping_status":"closed","template":"","meta":{"ngg_post_thumbnail":0},"_links":{"self":[{"href":"https:\/\/www.freimarianne.ch\/index.php?rest_route=\/wp\/v2\/pages\/5086"}],"collection":[{"href":"https:\/\/www.freimarianne.ch\/index.php?rest_route=\/wp\/v2\/pages"}],"about":[{"href":"https:\/\/www.freimarianne.ch\/index.php?rest_route=\/wp\/v2\/types\/page"}],"author":[{"embeddable":true,"href":"https:\/\/www.freimarianne.ch\/index.php?rest_route=\/wp\/v2\/users\/1"}],"replies":[{"embeddable":true,"href":"https:\/\/www.freimarianne.ch\/index.php?rest_route=%2Fwp%2Fv2%2Fcomments&post=5086"}],"version-history":[{"count":6,"href":"https:\/\/www.freimarianne.ch\/index.php?rest_route=\/wp\/v2\/pages\/5086\/revisions"}],"predecessor-version":[{"id":8735,"href":"https:\/\/www.freimarianne.ch\/index.php?rest_route=\/wp\/v2\/pages\/5086\/revisions\/8735"}],"up":[{"embeddable":true,"href":"https:\/\/www.freimarianne.ch\/index.php?rest_route=\/wp\/v2\/pages\/4769"}],"wp:attachment":[{"href":"https:\/\/www.freimarianne.ch\/index.php?rest_route=%2Fwp%2Fv2%2Fmedia&parent=5086"}],"curies":[{"name":"wp","href":"https:\/\/api.w.org\/{rel}","templated":true}]}}