{"id":5166,"date":"2014-04-06T08:42:05","date_gmt":"2014-04-06T07:42:05","guid":{"rendered":"http:\/\/www.freimarianne.ch\/?page_id=5166"},"modified":"2019-03-12T10:25:54","modified_gmt":"2019-03-12T09:25:54","slug":"fruhling-2014","status":"publish","type":"page","link":"https:\/\/www.freimarianne.ch\/?page_id=5166","title":{"rendered":"Fr\u00fchling 2014"},"content":{"rendered":"<p><strong>Wanderungen im Fr\u00fchling 2014<\/strong><\/p>\n<p><img loading=\"lazy\" src=\"http:\/\/www.freimarianne.ch\/wp-content\/uploads\/2014\/04\/IMG_2108_fru\u0308hlin14_500.jpg\" alt=\"IMG_2108_fru\u0308hlin14_500\" width=\"500\" height=\"375\" class=\"aligncenter size-full wp-image-5168\" srcset=\"https:\/\/www.freimarianne.ch\/wp-content\/uploads\/2014\/04\/IMG_2108_fru\u0308hlin14_500.jpg 500w, https:\/\/www.freimarianne.ch\/wp-content\/uploads\/2014\/04\/IMG_2108_fru\u0308hlin14_500-300x225.jpg 300w, https:\/\/www.freimarianne.ch\/wp-content\/uploads\/2014\/04\/IMG_2108_fru\u0308hlin14_500-400x300.jpg 400w\" sizes=\"(max-width: 500px) 100vw, 500px\" \/><\/a><br \/>\nFr\u00fchlings-Schl\u00fcsselblume, Primula veris<\/p>\n<p><img loading=\"lazy\" src=\"http:\/\/www.freimarianne.ch\/wp-content\/uploads\/2014\/04\/IMG_2162_fru\u0308hling14_500.jpg\" alt=\"IMG_2162_fru\u0308hling14_500\" width=\"500\" height=\"375\" class=\"aligncenter size-full wp-image-5198\" srcset=\"https:\/\/www.freimarianne.ch\/wp-content\/uploads\/2014\/04\/IMG_2162_fru\u0308hling14_500.jpg 500w, https:\/\/www.freimarianne.ch\/wp-content\/uploads\/2014\/04\/IMG_2162_fru\u0308hling14_500-300x225.jpg 300w, https:\/\/www.freimarianne.ch\/wp-content\/uploads\/2014\/04\/IMG_2162_fru\u0308hling14_500-400x300.jpg 400w\" sizes=\"(max-width: 500px) 100vw, 500px\" \/><\/a><\/p>\n<p><img loading=\"lazy\" src=\"http:\/\/www.freimarianne.ch\/wp-content\/uploads\/2014\/04\/IMG_2426_fru\u0308hl14_500.jpg\" alt=\"IMG_2426_fru\u0308hl14_500\" width=\"500\" height=\"375\" class=\"aligncenter size-full wp-image-5204\" srcset=\"https:\/\/www.freimarianne.ch\/wp-content\/uploads\/2014\/04\/IMG_2426_fru\u0308hl14_500.jpg 500w, https:\/\/www.freimarianne.ch\/wp-content\/uploads\/2014\/04\/IMG_2426_fru\u0308hl14_500-300x225.jpg 300w, https:\/\/www.freimarianne.ch\/wp-content\/uploads\/2014\/04\/IMG_2426_fru\u0308hl14_500-400x300.jpg 400w\" sizes=\"(max-width: 500px) 100vw, 500px\" \/><\/a><br \/>\nFr\u00fchlingslichtblume, Colchium bulbocodium ( Eischoll,VS)<\/p>\n","protected":false},"excerpt":{"rendered":"<p>Wanderungen im Fr\u00fchling 2014 Fr\u00fchlings-Schl\u00fcsselblume, Primula veris Fr\u00fchlingslichtblume, Colchium bulbocodium ( Eischoll,VS)<\/p>\n","protected":false},"author":1,"featured_media":0,"parent":420,"menu_order":5,"comment_status":"closed","ping_status":"closed","template":"","meta":{"ngg_post_thumbnail":0},"_links":{"self":[{"href":"https:\/\/www.freimarianne.ch\/index.php?rest_route=\/wp\/v2\/pages\/5166"}],"collection":[{"href":"https:\/\/www.freimarianne.ch\/index.php?rest_route=\/wp\/v2\/pages"}],"about":[{"href":"https:\/\/www.freimarianne.ch\/index.php?rest_route=\/wp\/v2\/types\/page"}],"author":[{"embeddable":true,"href":"https:\/\/www.freimarianne.ch\/index.php?rest_route=\/wp\/v2\/users\/1"}],"replies":[{"embeddable":true,"href":"https:\/\/www.freimarianne.ch\/index.php?rest_route=%2Fwp%2Fv2%2Fcomments&post=5166"}],"version-history":[{"count":8,"href":"https:\/\/www.freimarianne.ch\/index.php?rest_route=\/wp\/v2\/pages\/5166\/revisions"}],"predecessor-version":[{"id":5209,"href":"https:\/\/www.freimarianne.ch\/index.php?rest_route=\/wp\/v2\/pages\/5166\/revisions\/5209"}],"up":[{"embeddable":true,"href":"https:\/\/www.freimarianne.ch\/index.php?rest_route=\/wp\/v2\/pages\/420"}],"wp:attachment":[{"href":"https:\/\/www.freimarianne.ch\/index.php?rest_route=%2Fwp%2Fv2%2Fmedia&parent=5166"}],"curies":[{"name":"wp","href":"https:\/\/api.w.org\/{rel}","templated":true}]}}