{"id":5170,"date":"2014-04-06T08:45:08","date_gmt":"2014-04-06T07:45:08","guid":{"rendered":"http:\/\/www.freimarianne.ch\/?page_id=5170"},"modified":"2014-04-21T09:06:32","modified_gmt":"2014-04-21T08:06:32","slug":"delemont-erschwil-3-4-2014","status":"publish","type":"page","link":"https:\/\/www.freimarianne.ch\/?page_id=5170","title":{"rendered":"D\u00e9l\u00e9mont &#8211; Erschwil 3.4.2014"},"content":{"rendered":"<p><strong>Jurawanderung<\/strong><br \/>\nWanderung von D\u00e9l\u00e9mont zum Roc de Courroux 823m &#8211; Mettemberg &#8211; Ober Fringeli &#8211; Welschg\u00e4tterli &#8211; Erschwil.<br \/>\nDistanz: 20.4 km; Aufstieg: 1005m; Abstieg: 954m; Marschzeit 7.07 h<br \/>\n<img loading=\"lazy\" src=\"http:\/\/www.freimarianne.ch\/wp-content\/uploads\/2014\/04\/IMG_2103_delemont-500.jpg\" alt=\"IMG_2103_delemont-500\" width=\"500\" height=\"375\" class=\"aligncenter size-full wp-image-5174\" srcset=\"https:\/\/www.freimarianne.ch\/wp-content\/uploads\/2014\/04\/IMG_2103_delemont-500.jpg 500w, https:\/\/www.freimarianne.ch\/wp-content\/uploads\/2014\/04\/IMG_2103_delemont-500-300x225.jpg 300w, https:\/\/www.freimarianne.ch\/wp-content\/uploads\/2014\/04\/IMG_2103_delemont-500-400x300.jpg 400w\" sizes=\"(max-width: 500px) 100vw, 500px\" \/><\/a><\/p>\n","protected":false},"excerpt":{"rendered":"<p>Jurawanderung Wanderung von D\u00e9l\u00e9mont zum Roc de Courroux 823m &#8211; Mettemberg &#8211; Ober Fringeli &#8211; Welschg\u00e4tterli &#8211; Erschwil. Distanz: 20.4 km; Aufstieg: 1005m; Abstieg: 954m; Marschzeit 7.07 h<\/p>\n","protected":false},"author":1,"featured_media":0,"parent":5166,"menu_order":1,"comment_status":"closed","ping_status":"closed","template":"","meta":{"ngg_post_thumbnail":0},"_links":{"self":[{"href":"https:\/\/www.freimarianne.ch\/index.php?rest_route=\/wp\/v2\/pages\/5170"}],"collection":[{"href":"https:\/\/www.freimarianne.ch\/index.php?rest_route=\/wp\/v2\/pages"}],"about":[{"href":"https:\/\/www.freimarianne.ch\/index.php?rest_route=\/wp\/v2\/types\/page"}],"author":[{"embeddable":true,"href":"https:\/\/www.freimarianne.ch\/index.php?rest_route=\/wp\/v2\/users\/1"}],"replies":[{"embeddable":true,"href":"https:\/\/www.freimarianne.ch\/index.php?rest_route=%2Fwp%2Fv2%2Fcomments&post=5170"}],"version-history":[{"count":3,"href":"https:\/\/www.freimarianne.ch\/index.php?rest_route=\/wp\/v2\/pages\/5170\/revisions"}],"predecessor-version":[{"id":5176,"href":"https:\/\/www.freimarianne.ch\/index.php?rest_route=\/wp\/v2\/pages\/5170\/revisions\/5176"}],"up":[{"embeddable":true,"href":"https:\/\/www.freimarianne.ch\/index.php?rest_route=\/wp\/v2\/pages\/5166"}],"wp:attachment":[{"href":"https:\/\/www.freimarianne.ch\/index.php?rest_route=%2Fwp%2Fv2%2Fmedia&parent=5170"}],"curies":[{"name":"wp","href":"https:\/\/api.w.org\/{rel}","templated":true}]}}