{"id":5189,"date":"2014-04-08T06:57:59","date_gmt":"2014-04-08T05:57:59","guid":{"rendered":"http:\/\/www.freimarianne.ch\/?page_id=5189"},"modified":"2015-01-03T11:10:42","modified_gmt":"2015-01-03T10:10:42","slug":"thunersee-7-4-2014","status":"publish","type":"page","link":"https:\/\/www.freimarianne.ch\/?page_id=5189","title":{"rendered":"Thunersee  7.4.2014"},"content":{"rendered":"<p><strong>Wanderung<\/strong> von D\u00e4rligen 567m auf die Meielisalp 801m und \u00fcber die neue H\u00e4ngebr\u00fccke \u00fcber den Spissibach auf dem Panoramaweg nach Krattigen.<br \/>\n<img loading=\"lazy\" class=\"aligncenter size-full wp-image-5197\" src=\"http:\/\/www.freimarianne.ch\/wp-content\/uploads\/2014\/04\/IMG_2160_thunersee_500.jpg\" alt=\"IMG_2160_thunersee_500\" width=\"500\" height=\"328\" srcset=\"https:\/\/www.freimarianne.ch\/wp-content\/uploads\/2014\/04\/IMG_2160_thunersee_500.jpg 500w, https:\/\/www.freimarianne.ch\/wp-content\/uploads\/2014\/04\/IMG_2160_thunersee_500-300x196.jpg 300w, https:\/\/www.freimarianne.ch\/wp-content\/uploads\/2014\/04\/IMG_2160_thunersee_500-457x300.jpg 457w\" sizes=\"(max-width: 500px) 100vw, 500px\" \/><br \/>\nIch nehme den Zug um 7.31 h in Basel und bin um 9.24 h in D\u00e4rligen, wo ich zuerst am See spaziere, um die sch\u00f6ne Stimmung zu geniessen. Um 9.45h laufe ich los und komme \u00fcber Egghubel um 10.29 h auf die Meislisalp 801m. Anfangs verl\u00e4uft der Weg auf Teer aber dann gehe ich auf einem sch\u00f6nen Wanderweg in einer abwechslungsreichen Landschaft. Es gibt viele Waldpartien, auf denen man auf Mergelstrassen geht, um dann zur spektakul\u00e4ren H\u00e4ngebr\u00fccke \u00fcber den Spissibach zu kommen, die das 60m tiefe Tobel \u00fcberspannt.<br \/>\nUnmittelbar nach der Br\u00fccke bl\u00fchen viele Krokusse auf den steilen Wiesen und der Weg ist wieder schmal und abwechslungsreich. Es gibt immer wieder Steigungen und auch einige glitschige Stellen im Wald und \u00fcber einen Bach.<br \/>\nBei Viertelallmi 1075m habe ich den h\u00f6chsten Punkt der Wanderung erreicht. Hier halte ich auch die Mittagspause und erfreue mich der sch\u00f6nen Landschaft mit den Krokus \u00fcbers\u00e4ten Wiesen und dem alles dominierenden Niesen. Zum Hellbode 1000m gehe ich wieder auf Teer. Die Landschaft hier ist sehr reizvoll. Nach Blase 906m komme ich wieder rechts auf einen Wanderweg , dem ich folge. Weiter unten gehe ich Richtung B\u00fcel und erreiche so auf einem Pfad, der zwischen den H\u00e4usern verl\u00e4uft, die Postautohaltestelle Post im Dorf Krattigen 747m um 13.09 h.<br \/>\nDiese Wanderung ist trotz den wenigen geteerten Wegen sehr reizvoll und sehr gut ausgeschildert.<br \/>\nLaut Swissmap:<br \/>\nDistanz: 10.1km; Aufstieg: 677m; Abstieg: 532m; Marschzeit 3.30 h<br \/>\n<!-- index.php -->\n<div\n\tclass=\"ngg-galleryoverview ngg-ajax-pagination-none\"\n\tid=\"ngg-gallery-8798-1\">\n\n    \t<div class=\"slideshowlink\">\n        <a href='https:\/\/www.freimarianne.ch\/index.php\/nggallery\/slideshow?page_id=5189'>[Show as slideshow]<\/a>\n\t\t\n\t<\/div>\n\t\t\t<!-- Thumbnails -->\n\t\t\t\t<div id=\"ngg-image-0\" class=\"ngg-gallery-thumbnail-box\" >\n\t\t\t\t        <div class=\"ngg-gallery-thumbnail\">\n            <a href=\"https:\/\/www.freimarianne.ch\/wp-content\/gallery\/darligen-krattigen-7-4-14\/img_2128.jpg\"\n               title=\"\"\n               data-src=\"https:\/\/www.freimarianne.ch\/wp-content\/gallery\/darligen-krattigen-7-4-14\/img_2128.jpg\"\n               data-thumbnail=\"https:\/\/www.freimarianne.ch\/wp-content\/gallery\/darligen-krattigen-7-4-14\/thumbs\/thumbs_img_2128.jpg\"\n               data-image-id=\"8195\"\n               data-title=\"img_2128\"\n               data-description=\"\"\n               data-image-slug=\"img_2128\"\n               class=\"shutterset_8798\">\n                <img\n                    title=\"img_2128\"\n                    alt=\"img_2128\"\n                    src=\"https:\/\/www.freimarianne.ch\/wp-content\/gallery\/darligen-krattigen-7-4-14\/thumbs\/thumbs_img_2128.jpg\"\n                    width=\"100\"\n                    height=\"75\"\n                    style=\"max-width:100%;\"\n                \/>\n            <\/a>\n        <\/div>\n\t\t\t\t\t\t\t<\/div> \n\t\t\t\n        \n\t\t\t\t<div id=\"ngg-image-1\" class=\"ngg-gallery-thumbnail-box\" >\n\t\t\t\t        <div class=\"ngg-gallery-thumbnail\">\n            <a href=\"https:\/\/www.freimarianne.ch\/wp-content\/gallery\/darligen-krattigen-7-4-14\/img_2130.jpg\"\n               title=\"\"\n               data-src=\"https:\/\/www.freimarianne.ch\/wp-content\/gallery\/darligen-krattigen-7-4-14\/img_2130.jpg\"\n               data-thumbnail=\"https:\/\/www.freimarianne.ch\/wp-content\/gallery\/darligen-krattigen-7-4-14\/thumbs\/thumbs_img_2130.jpg\"\n               data-image-id=\"8196\"\n               data-title=\"img_2130\"\n               data-description=\"\"\n               data-image-slug=\"img_2130-2\"\n               class=\"shutterset_8798\">\n                <img\n                    title=\"img_2130\"\n                    alt=\"img_2130\"\n                    src=\"https:\/\/www.freimarianne.ch\/wp-content\/gallery\/darligen-krattigen-7-4-14\/thumbs\/thumbs_img_2130.jpg\"\n                    width=\"100\"\n                    height=\"75\"\n                    style=\"max-width:100%;\"\n                \/>\n            <\/a>\n        <\/div>\n\t\t\t\t\t\t\t<\/div> \n\t\t\t\n        \n\t\t\t\t<div id=\"ngg-image-2\" class=\"ngg-gallery-thumbnail-box\" >\n\t\t\t\t        <div class=\"ngg-gallery-thumbnail\">\n            <a href=\"https:\/\/www.freimarianne.ch\/wp-content\/gallery\/darligen-krattigen-7-4-14\/img_2137.jpg\"\n               title=\"\"\n               data-src=\"https:\/\/www.freimarianne.ch\/wp-content\/gallery\/darligen-krattigen-7-4-14\/img_2137.jpg\"\n               data-thumbnail=\"https:\/\/www.freimarianne.ch\/wp-content\/gallery\/darligen-krattigen-7-4-14\/thumbs\/thumbs_img_2137.jpg\"\n               data-image-id=\"8197\"\n               data-title=\"img_2137\"\n               data-description=\"\"\n               data-image-slug=\"img_2137\"\n               class=\"shutterset_8798\">\n                <img\n                    title=\"img_2137\"\n                    alt=\"img_2137\"\n                    src=\"https:\/\/www.freimarianne.ch\/wp-content\/gallery\/darligen-krattigen-7-4-14\/thumbs\/thumbs_img_2137.jpg\"\n                    width=\"100\"\n                    height=\"75\"\n                    style=\"max-width:100%;\"\n                \/>\n            <\/a>\n        <\/div>\n\t\t\t\t\t\t\t<\/div> \n\t\t\t\n        \n\t\t\t\t<div id=\"ngg-image-3\" class=\"ngg-gallery-thumbnail-box\" >\n\t\t\t\t        <div class=\"ngg-gallery-thumbnail\">\n            <a href=\"https:\/\/www.freimarianne.ch\/wp-content\/gallery\/darligen-krattigen-7-4-14\/img_2145.jpg\"\n               title=\"\"\n               data-src=\"https:\/\/www.freimarianne.ch\/wp-content\/gallery\/darligen-krattigen-7-4-14\/img_2145.jpg\"\n               data-thumbnail=\"https:\/\/www.freimarianne.ch\/wp-content\/gallery\/darligen-krattigen-7-4-14\/thumbs\/thumbs_img_2145.jpg\"\n               data-image-id=\"8198\"\n               data-title=\"img_2145\"\n               data-description=\"\"\n               data-image-slug=\"img_2145-2\"\n               class=\"shutterset_8798\">\n                <img\n                    title=\"img_2145\"\n                    alt=\"img_2145\"\n                    src=\"https:\/\/www.freimarianne.ch\/wp-content\/gallery\/darligen-krattigen-7-4-14\/thumbs\/thumbs_img_2145.jpg\"\n                    width=\"100\"\n                    height=\"75\"\n                    style=\"max-width:100%;\"\n                \/>\n            <\/a>\n        <\/div>\n\t\t\t\t\t\t\t<\/div> \n\t\t\t\n        \n\t\t\t\t<div id=\"ngg-image-4\" class=\"ngg-gallery-thumbnail-box\" >\n\t\t\t\t        <div class=\"ngg-gallery-thumbnail\">\n            <a href=\"https:\/\/www.freimarianne.ch\/wp-content\/gallery\/darligen-krattigen-7-4-14\/img_2149.jpg\"\n               title=\"\"\n               data-src=\"https:\/\/www.freimarianne.ch\/wp-content\/gallery\/darligen-krattigen-7-4-14\/img_2149.jpg\"\n               data-thumbnail=\"https:\/\/www.freimarianne.ch\/wp-content\/gallery\/darligen-krattigen-7-4-14\/thumbs\/thumbs_img_2149.jpg\"\n               data-image-id=\"8199\"\n               data-title=\"img_2149\"\n               data-description=\"\"\n               data-image-slug=\"img_2149-3\"\n               class=\"shutterset_8798\">\n                <img\n                    title=\"img_2149\"\n                    alt=\"img_2149\"\n                    src=\"https:\/\/www.freimarianne.ch\/wp-content\/gallery\/darligen-krattigen-7-4-14\/thumbs\/thumbs_img_2149.jpg\"\n                    width=\"100\"\n                    height=\"75\"\n                    style=\"max-width:100%;\"\n                \/>\n            <\/a>\n        <\/div>\n\t\t\t\t\t\t\t<\/div> \n\t\t\t\n        \n\t\t\t\t<div id=\"ngg-image-5\" class=\"ngg-gallery-thumbnail-box\" >\n\t\t\t\t        <div class=\"ngg-gallery-thumbnail\">\n            <a href=\"https:\/\/www.freimarianne.ch\/wp-content\/gallery\/darligen-krattigen-7-4-14\/img_2152.jpg\"\n               title=\"\"\n               data-src=\"https:\/\/www.freimarianne.ch\/wp-content\/gallery\/darligen-krattigen-7-4-14\/img_2152.jpg\"\n               data-thumbnail=\"https:\/\/www.freimarianne.ch\/wp-content\/gallery\/darligen-krattigen-7-4-14\/thumbs\/thumbs_img_2152.jpg\"\n               data-image-id=\"8200\"\n               data-title=\"img_2152\"\n               data-description=\"\"\n               data-image-slug=\"img_2152\"\n               class=\"shutterset_8798\">\n                <img\n                    title=\"img_2152\"\n                    alt=\"img_2152\"\n                    src=\"https:\/\/www.freimarianne.ch\/wp-content\/gallery\/darligen-krattigen-7-4-14\/thumbs\/thumbs_img_2152.jpg\"\n                    width=\"100\"\n                    height=\"75\"\n                    style=\"max-width:100%;\"\n                \/>\n            <\/a>\n        <\/div>\n\t\t\t\t\t\t\t<\/div> \n\t\t\t\n        \n\t\t\t\t<div id=\"ngg-image-6\" class=\"ngg-gallery-thumbnail-box\" >\n\t\t\t\t        <div class=\"ngg-gallery-thumbnail\">\n            <a href=\"https:\/\/www.freimarianne.ch\/wp-content\/gallery\/darligen-krattigen-7-4-14\/img_2163.jpg\"\n               title=\"\"\n               data-src=\"https:\/\/www.freimarianne.ch\/wp-content\/gallery\/darligen-krattigen-7-4-14\/img_2163.jpg\"\n               data-thumbnail=\"https:\/\/www.freimarianne.ch\/wp-content\/gallery\/darligen-krattigen-7-4-14\/thumbs\/thumbs_img_2163.jpg\"\n               data-image-id=\"8201\"\n               data-title=\"img_2163\"\n               data-description=\"\"\n               data-image-slug=\"img_2163-2\"\n               class=\"shutterset_8798\">\n                <img\n                    title=\"img_2163\"\n                    alt=\"img_2163\"\n                    src=\"https:\/\/www.freimarianne.ch\/wp-content\/gallery\/darligen-krattigen-7-4-14\/thumbs\/thumbs_img_2163.jpg\"\n                    width=\"100\"\n                    height=\"75\"\n                    style=\"max-width:100%;\"\n                \/>\n            <\/a>\n        <\/div>\n\t\t\t\t\t\t\t<\/div> \n\t\t\t\n        \n\t\t\t\t<div id=\"ngg-image-7\" class=\"ngg-gallery-thumbnail-box\" >\n\t\t\t\t        <div class=\"ngg-gallery-thumbnail\">\n            <a href=\"https:\/\/www.freimarianne.ch\/wp-content\/gallery\/darligen-krattigen-7-4-14\/img_2167.jpg\"\n               title=\"\"\n               data-src=\"https:\/\/www.freimarianne.ch\/wp-content\/gallery\/darligen-krattigen-7-4-14\/img_2167.jpg\"\n               data-thumbnail=\"https:\/\/www.freimarianne.ch\/wp-content\/gallery\/darligen-krattigen-7-4-14\/thumbs\/thumbs_img_2167.jpg\"\n               data-image-id=\"8202\"\n               data-title=\"img_2167\"\n               data-description=\"\"\n               data-image-slug=\"img_2167\"\n               class=\"shutterset_8798\">\n                <img\n                    title=\"img_2167\"\n                    alt=\"img_2167\"\n                    src=\"https:\/\/www.freimarianne.ch\/wp-content\/gallery\/darligen-krattigen-7-4-14\/thumbs\/thumbs_img_2167.jpg\"\n                    width=\"100\"\n                    height=\"75\"\n                    style=\"max-width:100%;\"\n                \/>\n            <\/a>\n        <\/div>\n\t\t\t\t\t\t\t<\/div> \n\t\t\t\n        \n\t\t\t\t<div id=\"ngg-image-8\" class=\"ngg-gallery-thumbnail-box\" >\n\t\t\t\t        <div class=\"ngg-gallery-thumbnail\">\n            <a href=\"https:\/\/www.freimarianne.ch\/wp-content\/gallery\/darligen-krattigen-7-4-14\/img_2170.jpg\"\n               title=\"\"\n               data-src=\"https:\/\/www.freimarianne.ch\/wp-content\/gallery\/darligen-krattigen-7-4-14\/img_2170.jpg\"\n               data-thumbnail=\"https:\/\/www.freimarianne.ch\/wp-content\/gallery\/darligen-krattigen-7-4-14\/thumbs\/thumbs_img_2170.jpg\"\n               data-image-id=\"8203\"\n               data-title=\"img_2170\"\n               data-description=\"\"\n               data-image-slug=\"img_2170-2\"\n               class=\"shutterset_8798\">\n                <img\n                    title=\"img_2170\"\n                    alt=\"img_2170\"\n                    src=\"https:\/\/www.freimarianne.ch\/wp-content\/gallery\/darligen-krattigen-7-4-14\/thumbs\/thumbs_img_2170.jpg\"\n                    width=\"100\"\n                    height=\"75\"\n                    style=\"max-width:100%;\"\n                \/>\n            <\/a>\n        <\/div>\n\t\t\t\t\t\t\t<\/div> \n\t\t\t\n        \n\t\t\t\t<div id=\"ngg-image-9\" class=\"ngg-gallery-thumbnail-box\" >\n\t\t\t\t        <div class=\"ngg-gallery-thumbnail\">\n            <a href=\"https:\/\/www.freimarianne.ch\/wp-content\/gallery\/darligen-krattigen-7-4-14\/img_2176.jpg\"\n               title=\"\"\n               data-src=\"https:\/\/www.freimarianne.ch\/wp-content\/gallery\/darligen-krattigen-7-4-14\/img_2176.jpg\"\n               data-thumbnail=\"https:\/\/www.freimarianne.ch\/wp-content\/gallery\/darligen-krattigen-7-4-14\/thumbs\/thumbs_img_2176.jpg\"\n               data-image-id=\"8204\"\n               data-title=\"img_2176\"\n               data-description=\"\"\n               data-image-slug=\"img_2176\"\n               class=\"shutterset_8798\">\n                <img\n                    title=\"img_2176\"\n                    alt=\"img_2176\"\n                    src=\"https:\/\/www.freimarianne.ch\/wp-content\/gallery\/darligen-krattigen-7-4-14\/thumbs\/thumbs_img_2176.jpg\"\n                    width=\"100\"\n                    height=\"75\"\n                    style=\"max-width:100%;\"\n                \/>\n            <\/a>\n        <\/div>\n\t\t\t\t\t\t\t<\/div> \n\t\t\t\n        \n\t\t\t\t<div id=\"ngg-image-10\" class=\"ngg-gallery-thumbnail-box\" >\n\t\t\t\t        <div class=\"ngg-gallery-thumbnail\">\n            <a href=\"https:\/\/www.freimarianne.ch\/wp-content\/gallery\/darligen-krattigen-7-4-14\/img_2187.jpg\"\n               title=\"\"\n               data-src=\"https:\/\/www.freimarianne.ch\/wp-content\/gallery\/darligen-krattigen-7-4-14\/img_2187.jpg\"\n               data-thumbnail=\"https:\/\/www.freimarianne.ch\/wp-content\/gallery\/darligen-krattigen-7-4-14\/thumbs\/thumbs_img_2187.jpg\"\n               data-image-id=\"8205\"\n               data-title=\"img_2187\"\n               data-description=\"\"\n               data-image-slug=\"img_2187-2\"\n               class=\"shutterset_8798\">\n                <img\n                    title=\"img_2187\"\n                    alt=\"img_2187\"\n                    src=\"https:\/\/www.freimarianne.ch\/wp-content\/gallery\/darligen-krattigen-7-4-14\/thumbs\/thumbs_img_2187.jpg\"\n                    width=\"100\"\n                    height=\"75\"\n                    style=\"max-width:100%;\"\n                \/>\n            <\/a>\n        <\/div>\n\t\t\t\t\t\t\t<\/div> \n\t\t\t\n        \n\t\t\t\t<div id=\"ngg-image-11\" class=\"ngg-gallery-thumbnail-box\" >\n\t\t\t\t        <div class=\"ngg-gallery-thumbnail\">\n            <a href=\"https:\/\/www.freimarianne.ch\/wp-content\/gallery\/darligen-krattigen-7-4-14\/img_2188.jpg\"\n               title=\"\"\n               data-src=\"https:\/\/www.freimarianne.ch\/wp-content\/gallery\/darligen-krattigen-7-4-14\/img_2188.jpg\"\n               data-thumbnail=\"https:\/\/www.freimarianne.ch\/wp-content\/gallery\/darligen-krattigen-7-4-14\/thumbs\/thumbs_img_2188.jpg\"\n               data-image-id=\"8206\"\n               data-title=\"img_2188\"\n               data-description=\"\"\n               data-image-slug=\"img_2188\"\n               class=\"shutterset_8798\">\n                <img\n                    title=\"img_2188\"\n                    alt=\"img_2188\"\n                    src=\"https:\/\/www.freimarianne.ch\/wp-content\/gallery\/darligen-krattigen-7-4-14\/thumbs\/thumbs_img_2188.jpg\"\n                    width=\"100\"\n                    height=\"75\"\n                    style=\"max-width:100%;\"\n                \/>\n            <\/a>\n        <\/div>\n\t\t\t\t\t\t\t<\/div> \n\t\t\t\n        \n\t\t\t\t<div id=\"ngg-image-12\" class=\"ngg-gallery-thumbnail-box\" >\n\t\t\t\t        <div class=\"ngg-gallery-thumbnail\">\n            <a href=\"https:\/\/www.freimarianne.ch\/wp-content\/gallery\/darligen-krattigen-7-4-14\/img_2193.jpg\"\n               title=\"\"\n               data-src=\"https:\/\/www.freimarianne.ch\/wp-content\/gallery\/darligen-krattigen-7-4-14\/img_2193.jpg\"\n               data-thumbnail=\"https:\/\/www.freimarianne.ch\/wp-content\/gallery\/darligen-krattigen-7-4-14\/thumbs\/thumbs_img_2193.jpg\"\n               data-image-id=\"8207\"\n               data-title=\"img_2193\"\n               data-description=\"\"\n               data-image-slug=\"img_2193\"\n               class=\"shutterset_8798\">\n                <img\n                    title=\"img_2193\"\n                    alt=\"img_2193\"\n                    src=\"https:\/\/www.freimarianne.ch\/wp-content\/gallery\/darligen-krattigen-7-4-14\/thumbs\/thumbs_img_2193.jpg\"\n                    width=\"100\"\n                    height=\"75\"\n                    style=\"max-width:100%;\"\n                \/>\n            <\/a>\n        <\/div>\n\t\t\t\t\t\t\t<\/div> \n\t\t\t\n        \n\t\t\t\t<div id=\"ngg-image-13\" class=\"ngg-gallery-thumbnail-box\" >\n\t\t\t\t        <div class=\"ngg-gallery-thumbnail\">\n            <a href=\"https:\/\/www.freimarianne.ch\/wp-content\/gallery\/darligen-krattigen-7-4-14\/img_2197.jpg\"\n               title=\"\"\n               data-src=\"https:\/\/www.freimarianne.ch\/wp-content\/gallery\/darligen-krattigen-7-4-14\/img_2197.jpg\"\n               data-thumbnail=\"https:\/\/www.freimarianne.ch\/wp-content\/gallery\/darligen-krattigen-7-4-14\/thumbs\/thumbs_img_2197.jpg\"\n               data-image-id=\"8208\"\n               data-title=\"img_2197\"\n               data-description=\"\"\n               data-image-slug=\"img_2197\"\n               class=\"shutterset_8798\">\n                <img\n                    title=\"img_2197\"\n                    alt=\"img_2197\"\n                    src=\"https:\/\/www.freimarianne.ch\/wp-content\/gallery\/darligen-krattigen-7-4-14\/thumbs\/thumbs_img_2197.jpg\"\n                    width=\"100\"\n                    height=\"75\"\n                    style=\"max-width:100%;\"\n                \/>\n            <\/a>\n        <\/div>\n\t\t\t\t\t\t\t<\/div> \n\t\t\t\n        \n\t\t\t\t<div id=\"ngg-image-14\" class=\"ngg-gallery-thumbnail-box\" >\n\t\t\t\t        <div class=\"ngg-gallery-thumbnail\">\n            <a href=\"https:\/\/www.freimarianne.ch\/wp-content\/gallery\/darligen-krattigen-7-4-14\/img_2198.jpg\"\n               title=\"\"\n               data-src=\"https:\/\/www.freimarianne.ch\/wp-content\/gallery\/darligen-krattigen-7-4-14\/img_2198.jpg\"\n               data-thumbnail=\"https:\/\/www.freimarianne.ch\/wp-content\/gallery\/darligen-krattigen-7-4-14\/thumbs\/thumbs_img_2198.jpg\"\n               data-image-id=\"8209\"\n               data-title=\"img_2198\"\n               data-description=\"\"\n               data-image-slug=\"img_2198\"\n               class=\"shutterset_8798\">\n                <img\n                    title=\"img_2198\"\n                    alt=\"img_2198\"\n                    src=\"https:\/\/www.freimarianne.ch\/wp-content\/gallery\/darligen-krattigen-7-4-14\/thumbs\/thumbs_img_2198.jpg\"\n                    width=\"100\"\n                    height=\"75\"\n                    style=\"max-width:100%;\"\n                \/>\n            <\/a>\n        <\/div>\n\t\t\t\t\t\t\t<\/div> \n\t\t\t\n        \n\t\t\t\t<div id=\"ngg-image-15\" class=\"ngg-gallery-thumbnail-box\" >\n\t\t\t\t        <div class=\"ngg-gallery-thumbnail\">\n            <a href=\"https:\/\/www.freimarianne.ch\/wp-content\/gallery\/darligen-krattigen-7-4-14\/img_2204.jpg\"\n               title=\"\"\n               data-src=\"https:\/\/www.freimarianne.ch\/wp-content\/gallery\/darligen-krattigen-7-4-14\/img_2204.jpg\"\n               data-thumbnail=\"https:\/\/www.freimarianne.ch\/wp-content\/gallery\/darligen-krattigen-7-4-14\/thumbs\/thumbs_img_2204.jpg\"\n               data-image-id=\"8210\"\n               data-title=\"img_2204\"\n               data-description=\"\"\n               data-image-slug=\"img_2204\"\n               class=\"shutterset_8798\">\n                <img\n                    title=\"img_2204\"\n                    alt=\"img_2204\"\n                    src=\"https:\/\/www.freimarianne.ch\/wp-content\/gallery\/darligen-krattigen-7-4-14\/thumbs\/thumbs_img_2204.jpg\"\n                    width=\"100\"\n                    height=\"75\"\n                    style=\"max-width:100%;\"\n                \/>\n            <\/a>\n        <\/div>\n\t\t\t\t\t\t\t<\/div> \n\t\t\t\n        \n\t\t\t\t<div id=\"ngg-image-16\" class=\"ngg-gallery-thumbnail-box\" >\n\t\t\t\t        <div class=\"ngg-gallery-thumbnail\">\n            <a href=\"https:\/\/www.freimarianne.ch\/wp-content\/gallery\/darligen-krattigen-7-4-14\/img_2206.jpg\"\n               title=\"\"\n               data-src=\"https:\/\/www.freimarianne.ch\/wp-content\/gallery\/darligen-krattigen-7-4-14\/img_2206.jpg\"\n               data-thumbnail=\"https:\/\/www.freimarianne.ch\/wp-content\/gallery\/darligen-krattigen-7-4-14\/thumbs\/thumbs_img_2206.jpg\"\n               data-image-id=\"8211\"\n               data-title=\"img_2206\"\n               data-description=\"\"\n               data-image-slug=\"img_2206-2\"\n               class=\"shutterset_8798\">\n                <img\n                    title=\"img_2206\"\n                    alt=\"img_2206\"\n                    src=\"https:\/\/www.freimarianne.ch\/wp-content\/gallery\/darligen-krattigen-7-4-14\/thumbs\/thumbs_img_2206.jpg\"\n                    width=\"100\"\n                    height=\"75\"\n                    style=\"max-width:100%;\"\n                \/>\n            <\/a>\n        <\/div>\n\t\t\t\t\t\t\t<\/div> \n\t\t\t\n        \n\t\t\n\t\t<!-- Pagination -->\n\t<div class='ngg-clear'><\/div>\t<\/div>\n<\/p>\n","protected":false},"excerpt":{"rendered":"<p>Wanderung von D\u00e4rligen 567m auf die Meielisalp 801m und \u00fcber die neue H\u00e4ngebr\u00fccke \u00fcber den Spissibach auf dem Panoramaweg nach Krattigen. Ich nehme den Zug um 7.31 h in Basel und bin um 9.24 h in D\u00e4rligen, wo ich zuerst am See spaziere, um die sch\u00f6ne Stimmung zu geniessen. Um 9.45h laufe ich los und [&hellip;]<\/p>\n","protected":false},"author":1,"featured_media":0,"parent":5166,"menu_order":3,"comment_status":"closed","ping_status":"closed","template":"","meta":{"ngg_post_thumbnail":0},"_links":{"self":[{"href":"https:\/\/www.freimarianne.ch\/index.php?rest_route=\/wp\/v2\/pages\/5189"}],"collection":[{"href":"https:\/\/www.freimarianne.ch\/index.php?rest_route=\/wp\/v2\/pages"}],"about":[{"href":"https:\/\/www.freimarianne.ch\/index.php?rest_route=\/wp\/v2\/types\/page"}],"author":[{"embeddable":true,"href":"https:\/\/www.freimarianne.ch\/index.php?rest_route=\/wp\/v2\/users\/1"}],"replies":[{"embeddable":true,"href":"https:\/\/www.freimarianne.ch\/index.php?rest_route=%2Fwp%2Fv2%2Fcomments&post=5189"}],"version-history":[{"count":11,"href":"https:\/\/www.freimarianne.ch\/index.php?rest_route=\/wp\/v2\/pages\/5189\/revisions"}],"predecessor-version":[{"id":8799,"href":"https:\/\/www.freimarianne.ch\/index.php?rest_route=\/wp\/v2\/pages\/5189\/revisions\/8799"}],"up":[{"embeddable":true,"href":"https:\/\/www.freimarianne.ch\/index.php?rest_route=\/wp\/v2\/pages\/5166"}],"wp:attachment":[{"href":"https:\/\/www.freimarianne.ch\/index.php?rest_route=%2Fwp%2Fv2%2Fmedia&parent=5189"}],"curies":[{"name":"wp","href":"https:\/\/api.w.org\/{rel}","templated":true}]}}