{"id":5217,"date":"2014-04-20T08:22:01","date_gmt":"2014-04-20T07:22:01","guid":{"rendered":"http:\/\/www.freimarianne.ch\/?page_id=5217"},"modified":"2014-04-23T11:04:36","modified_gmt":"2014-04-23T10:04:36","slug":"belpberg-be-15-4-2014","status":"publish","type":"page","link":"https:\/\/www.freimarianne.ch\/?page_id=5217","title":{"rendered":"Belpberg, BE  15.4.2014"},"content":{"rendered":"<p><strong>Fr\u00fchlingswanderung mit dem Akzentforum<\/strong><br \/>\nVon Belp auf dem Belpberg Chutzen &#8211; Gerzensee &#8211; Kirchdorf<br \/>\n<img loading=\"lazy\" src=\"http:\/\/www.freimarianne.ch\/wp-content\/uploads\/2014\/04\/IMG_2256_belpberg_500.jpg\" alt=\"IMG_2256_belpberg_500\" width=\"500\" height=\"375\" class=\"aligncenter size-full wp-image-5214\" srcset=\"https:\/\/www.freimarianne.ch\/wp-content\/uploads\/2014\/04\/IMG_2256_belpberg_500.jpg 500w, https:\/\/www.freimarianne.ch\/wp-content\/uploads\/2014\/04\/IMG_2256_belpberg_500-300x225.jpg 300w, https:\/\/www.freimarianne.ch\/wp-content\/uploads\/2014\/04\/IMG_2256_belpberg_500-400x300.jpg 400w\" sizes=\"(max-width: 500px) 100vw, 500px\" \/><\/a><br \/>\nWir starten unsere Wanderung in Belp, nachdem wir uns mit einem Kaffee gest\u00e4rkt haben. Im Sonnenschein wandern wir der G\u00fcrbe entlang uns steigen  in der Siedlung Riedli hinauf zum Wanderweg, der im Wald sanft  gegen Tuftern hinauff\u00fchrt. Bald gibt es einen Trinkhalt  und dann geht es weiter durch den Wald hinauf auf den Chutzen 892m, wo wir eine fr\u00fche Mittagsrast halten. Hier oben ist es wegen der Bise recht kalt. Trotzdem geniessen wir die Rast und die Aussicht auf die Stockhornkette. Leider sind die drei Berner Riesen &#8211;  Eiger, M\u00f6nch und Jungfrau von Wolken verdeckt.<br \/>\n\u00dcber offene Wiesen wandern wir auf dem Grat des Berges und kommen an einigen Bauernh\u00f6fen vorbei, wo die Fruchtb\u00e4ume bl\u00fchen und das Vieh auf der Weide ist. Sp\u00e4ter gehen wir durch das Rohrholz und machen einen Bogen nach Norden, um uns dann beim R\u00e4backer  wieder nach S\u00fcden zu wenden. Auf einem schmalen Wiesenpfad erreichen wir den Ort Gerzensee und kommen am alten und neuen Schloss vorbei.<br \/>\nIm grossen Abstand zum idyllischen Gerzensee (nicht zug\u00e4nglich) wandern wir  \u00fcber die Felder nach Kirchdorf. Kurz davor laden zwei Aussichtsb\u00e4nke nochmals zu einer Rast ein. In Kirchdorf kehren wir im  Restaurant Ochsen ein. Ein sch\u00f6ner Ausklang unserer Fr\u00fchlingswanderung!<br \/>\nDanke allen f\u00fcrs Mitkommen!<br \/>\n <!-- index.php -->\n<div\n\tclass=\"ngg-galleryoverview ngg-ajax-pagination-none\"\n\tid=\"ngg-gallery-828eea4465863ac5d7c6d47408d793a2-1\">\n\n    \t<div class=\"slideshowlink\">\n        <a href='https:\/\/www.freimarianne.ch\/index.php\/nggallery\/slideshow?page_id=5217'>[Show as slideshow]<\/a>\n\t\t\n\t<\/div>\n\t\t\t<!-- Thumbnails -->\n\t\t\t\t<div id=\"ngg-image-0\" class=\"ngg-gallery-thumbnail-box\" >\n\t\t\t\t        <div class=\"ngg-gallery-thumbnail\">\n            <a href=\"https:\/\/www.freimarianne.ch\/wp-content\/gallery\/belpberg-15-4-14\/img_0173.jpg\"\n               title=\"\"\n               data-src=\"https:\/\/www.freimarianne.ch\/wp-content\/gallery\/belpberg-15-4-14\/img_0173.jpg\"\n               data-thumbnail=\"https:\/\/www.freimarianne.ch\/wp-content\/gallery\/belpberg-15-4-14\/thumbs\/thumbs_img_0173.jpg\"\n               data-image-id=\"8244\"\n               data-title=\"img_0173\"\n               data-description=\"\"\n               data-image-slug=\"img_0173\"\n               class=\"shutterset_828eea4465863ac5d7c6d47408d793a2\">\n                <img\n                    title=\"img_0173\"\n                    alt=\"img_0173\"\n                    src=\"https:\/\/www.freimarianne.ch\/wp-content\/gallery\/belpberg-15-4-14\/cache\/img_0173.jpg-nggid048244-ngg0dyn-100x75x100-00f0w010c010r110f110r010t010.jpg\"\n                    width=\"100\"\n                    height=\"72\"\n                    style=\"max-width:100%;\"\n                \/>\n            <\/a>\n        <\/div>\n\t\t\t\t\t\t\t<\/div> \n\t\t\t\n                            \n\t\t\t\t<div id=\"ngg-image-1\" class=\"ngg-gallery-thumbnail-box\" >\n\t\t\t\t        <div class=\"ngg-gallery-thumbnail\">\n            <a href=\"https:\/\/www.freimarianne.ch\/wp-content\/gallery\/belpberg-15-4-14\/img_2242.jpg\"\n               title=\"\"\n               data-src=\"https:\/\/www.freimarianne.ch\/wp-content\/gallery\/belpberg-15-4-14\/img_2242.jpg\"\n               data-thumbnail=\"https:\/\/www.freimarianne.ch\/wp-content\/gallery\/belpberg-15-4-14\/thumbs\/thumbs_img_2242.jpg\"\n               data-image-id=\"8245\"\n               data-title=\"img_2242\"\n               data-description=\"\"\n               data-image-slug=\"img_2242\"\n               class=\"shutterset_828eea4465863ac5d7c6d47408d793a2\">\n                <img\n                    title=\"img_2242\"\n                    alt=\"img_2242\"\n                    src=\"https:\/\/www.freimarianne.ch\/wp-content\/gallery\/belpberg-15-4-14\/cache\/img_2242.jpg-nggid048245-ngg0dyn-100x75x100-00f0w010c010r110f110r010t010.jpg\"\n                    width=\"100\"\n                    height=\"52\"\n                    style=\"max-width:100%;\"\n                \/>\n            <\/a>\n        <\/div>\n\t\t\t\t\t\t\t<\/div> \n\t\t\t\n                            \n\t\t\t\t<div id=\"ngg-image-2\" class=\"ngg-gallery-thumbnail-box\" >\n\t\t\t\t        <div class=\"ngg-gallery-thumbnail\">\n            <a href=\"https:\/\/www.freimarianne.ch\/wp-content\/gallery\/belpberg-15-4-14\/img_2243.jpg\"\n               title=\"\"\n               data-src=\"https:\/\/www.freimarianne.ch\/wp-content\/gallery\/belpberg-15-4-14\/img_2243.jpg\"\n               data-thumbnail=\"https:\/\/www.freimarianne.ch\/wp-content\/gallery\/belpberg-15-4-14\/thumbs\/thumbs_img_2243.jpg\"\n               data-image-id=\"8246\"\n               data-title=\"img_2243\"\n               data-description=\"\"\n               data-image-slug=\"img_2243\"\n               class=\"shutterset_828eea4465863ac5d7c6d47408d793a2\">\n                <img\n                    title=\"img_2243\"\n                    alt=\"img_2243\"\n                    src=\"https:\/\/www.freimarianne.ch\/wp-content\/gallery\/belpberg-15-4-14\/cache\/img_2243.jpg-nggid048246-ngg0dyn-100x75x100-00f0w010c010r110f110r010t010.jpg\"\n                    width=\"100\"\n                    height=\"54\"\n                    style=\"max-width:100%;\"\n                \/>\n            <\/a>\n        <\/div>\n\t\t\t\t\t\t\t<\/div> \n\t\t\t\n                            \n\t\t\t\t<div id=\"ngg-image-3\" class=\"ngg-gallery-thumbnail-box\" >\n\t\t\t\t        <div class=\"ngg-gallery-thumbnail\">\n            <a href=\"https:\/\/www.freimarianne.ch\/wp-content\/gallery\/belpberg-15-4-14\/img_2248.jpg\"\n               title=\"\"\n               data-src=\"https:\/\/www.freimarianne.ch\/wp-content\/gallery\/belpberg-15-4-14\/img_2248.jpg\"\n               data-thumbnail=\"https:\/\/www.freimarianne.ch\/wp-content\/gallery\/belpberg-15-4-14\/thumbs\/thumbs_img_2248.jpg\"\n               data-image-id=\"8247\"\n               data-title=\"img_2248\"\n               data-description=\"\"\n               data-image-slug=\"img_2248\"\n               class=\"shutterset_828eea4465863ac5d7c6d47408d793a2\">\n                <img\n                    title=\"img_2248\"\n                    alt=\"img_2248\"\n                    src=\"https:\/\/www.freimarianne.ch\/wp-content\/gallery\/belpberg-15-4-14\/cache\/img_2248.jpg-nggid048247-ngg0dyn-100x75x100-00f0w010c010r110f110r010t010.jpg\"\n                    width=\"100\"\n                    height=\"52\"\n                    style=\"max-width:100%;\"\n                \/>\n            <\/a>\n        <\/div>\n\t\t\t\t\t\t\t<\/div> \n\t\t\t\n                                    <br style=\"clear: both\" \/>\n                    \n\t\t\t\t<div id=\"ngg-image-4\" class=\"ngg-gallery-thumbnail-box\" >\n\t\t\t\t        <div class=\"ngg-gallery-thumbnail\">\n            <a href=\"https:\/\/www.freimarianne.ch\/wp-content\/gallery\/belpberg-15-4-14\/img_2250.jpg\"\n               title=\"\"\n               data-src=\"https:\/\/www.freimarianne.ch\/wp-content\/gallery\/belpberg-15-4-14\/img_2250.jpg\"\n               data-thumbnail=\"https:\/\/www.freimarianne.ch\/wp-content\/gallery\/belpberg-15-4-14\/thumbs\/thumbs_img_2250.jpg\"\n               data-image-id=\"8248\"\n               data-title=\"img_2250\"\n               data-description=\"\"\n               data-image-slug=\"img_2250\"\n               class=\"shutterset_828eea4465863ac5d7c6d47408d793a2\">\n                <img\n                    title=\"img_2250\"\n                    alt=\"img_2250\"\n                    src=\"https:\/\/www.freimarianne.ch\/wp-content\/gallery\/belpberg-15-4-14\/cache\/img_2250.jpg-nggid048248-ngg0dyn-100x75x100-00f0w010c010r110f110r010t010.jpg\"\n                    width=\"100\"\n                    height=\"52\"\n                    style=\"max-width:100%;\"\n                \/>\n            <\/a>\n        <\/div>\n\t\t\t\t\t\t\t<\/div> \n\t\t\t\n                            \n\t\t\t\t<div id=\"ngg-image-5\" class=\"ngg-gallery-thumbnail-box\" >\n\t\t\t\t        <div class=\"ngg-gallery-thumbnail\">\n            <a href=\"https:\/\/www.freimarianne.ch\/wp-content\/gallery\/belpberg-15-4-14\/img_2261.jpg\"\n               title=\"\"\n               data-src=\"https:\/\/www.freimarianne.ch\/wp-content\/gallery\/belpberg-15-4-14\/img_2261.jpg\"\n               data-thumbnail=\"https:\/\/www.freimarianne.ch\/wp-content\/gallery\/belpberg-15-4-14\/thumbs\/thumbs_img_2261.jpg\"\n               data-image-id=\"8249\"\n               data-title=\"img_2261\"\n               data-description=\"\"\n               data-image-slug=\"img_2261\"\n               class=\"shutterset_828eea4465863ac5d7c6d47408d793a2\">\n                <img\n                    title=\"img_2261\"\n                    alt=\"img_2261\"\n                    src=\"https:\/\/www.freimarianne.ch\/wp-content\/gallery\/belpberg-15-4-14\/cache\/img_2261.jpg-nggid048249-ngg0dyn-100x75x100-00f0w010c010r110f110r010t010.jpg\"\n                    width=\"100\"\n                    height=\"75\"\n                    style=\"max-width:100%;\"\n                \/>\n            <\/a>\n        <\/div>\n\t\t\t\t\t\t\t<\/div> \n\t\t\t\n                            \n\t\t\t\t<div id=\"ngg-image-6\" class=\"ngg-gallery-thumbnail-box\" >\n\t\t\t\t        <div class=\"ngg-gallery-thumbnail\">\n            <a href=\"https:\/\/www.freimarianne.ch\/wp-content\/gallery\/belpberg-15-4-14\/img_2262.jpg\"\n               title=\"\"\n               data-src=\"https:\/\/www.freimarianne.ch\/wp-content\/gallery\/belpberg-15-4-14\/img_2262.jpg\"\n               data-thumbnail=\"https:\/\/www.freimarianne.ch\/wp-content\/gallery\/belpberg-15-4-14\/thumbs\/thumbs_img_2262.jpg\"\n               data-image-id=\"8250\"\n               data-title=\"img_2262\"\n               data-description=\"\"\n               data-image-slug=\"img_2262-3\"\n               class=\"shutterset_828eea4465863ac5d7c6d47408d793a2\">\n                <img\n                    title=\"img_2262\"\n                    alt=\"img_2262\"\n                    src=\"https:\/\/www.freimarianne.ch\/wp-content\/gallery\/belpberg-15-4-14\/cache\/img_2262.jpg-nggid048250-ngg0dyn-100x75x100-00f0w010c010r110f110r010t010.jpg\"\n                    width=\"100\"\n                    height=\"52\"\n                    style=\"max-width:100%;\"\n                \/>\n            <\/a>\n        <\/div>\n\t\t\t\t\t\t\t<\/div> \n\t\t\t\n                            \n\t\t\t\t<div id=\"ngg-image-7\" class=\"ngg-gallery-thumbnail-box\" >\n\t\t\t\t        <div class=\"ngg-gallery-thumbnail\">\n            <a href=\"https:\/\/www.freimarianne.ch\/wp-content\/gallery\/belpberg-15-4-14\/img_2265.jpg\"\n               title=\"\"\n               data-src=\"https:\/\/www.freimarianne.ch\/wp-content\/gallery\/belpberg-15-4-14\/img_2265.jpg\"\n               data-thumbnail=\"https:\/\/www.freimarianne.ch\/wp-content\/gallery\/belpberg-15-4-14\/thumbs\/thumbs_img_2265.jpg\"\n               data-image-id=\"8251\"\n               data-title=\"img_2265\"\n               data-description=\"\"\n               data-image-slug=\"img_2265-2\"\n               class=\"shutterset_828eea4465863ac5d7c6d47408d793a2\">\n                <img\n                    title=\"img_2265\"\n                    alt=\"img_2265\"\n                    src=\"https:\/\/www.freimarianne.ch\/wp-content\/gallery\/belpberg-15-4-14\/cache\/img_2265.jpg-nggid048251-ngg0dyn-100x75x100-00f0w010c010r110f110r010t010.jpg\"\n                    width=\"100\"\n                    height=\"61\"\n                    style=\"max-width:100%;\"\n                \/>\n            <\/a>\n        <\/div>\n\t\t\t\t\t\t\t<\/div> \n\t\t\t\n                                    <br style=\"clear: both\" \/>\n                    \n\t\t\t\t<div id=\"ngg-image-8\" class=\"ngg-gallery-thumbnail-box\" >\n\t\t\t\t        <div class=\"ngg-gallery-thumbnail\">\n            <a href=\"https:\/\/www.freimarianne.ch\/wp-content\/gallery\/belpberg-15-4-14\/img_2266.jpg\"\n               title=\"\"\n               data-src=\"https:\/\/www.freimarianne.ch\/wp-content\/gallery\/belpberg-15-4-14\/img_2266.jpg\"\n               data-thumbnail=\"https:\/\/www.freimarianne.ch\/wp-content\/gallery\/belpberg-15-4-14\/thumbs\/thumbs_img_2266.jpg\"\n               data-image-id=\"8252\"\n               data-title=\"img_2266\"\n               data-description=\"\"\n               data-image-slug=\"img_2266-3\"\n               class=\"shutterset_828eea4465863ac5d7c6d47408d793a2\">\n                <img\n                    title=\"img_2266\"\n                    alt=\"img_2266\"\n                    src=\"https:\/\/www.freimarianne.ch\/wp-content\/gallery\/belpberg-15-4-14\/cache\/img_2266.jpg-nggid048252-ngg0dyn-100x75x100-00f0w010c010r110f110r010t010.jpg\"\n                    width=\"100\"\n                    height=\"58\"\n                    style=\"max-width:100%;\"\n                \/>\n            <\/a>\n        <\/div>\n\t\t\t\t\t\t\t<\/div> \n\t\t\t\n                            \n\t\t\t\t<div id=\"ngg-image-9\" class=\"ngg-gallery-thumbnail-box\" >\n\t\t\t\t        <div class=\"ngg-gallery-thumbnail\">\n            <a href=\"https:\/\/www.freimarianne.ch\/wp-content\/gallery\/belpberg-15-4-14\/img_2268.jpg\"\n               title=\"\"\n               data-src=\"https:\/\/www.freimarianne.ch\/wp-content\/gallery\/belpberg-15-4-14\/img_2268.jpg\"\n               data-thumbnail=\"https:\/\/www.freimarianne.ch\/wp-content\/gallery\/belpberg-15-4-14\/thumbs\/thumbs_img_2268.jpg\"\n               data-image-id=\"8253\"\n               data-title=\"img_2268\"\n               data-description=\"\"\n               data-image-slug=\"img_2268-2\"\n               class=\"shutterset_828eea4465863ac5d7c6d47408d793a2\">\n                <img\n                    title=\"img_2268\"\n                    alt=\"img_2268\"\n                    src=\"https:\/\/www.freimarianne.ch\/wp-content\/gallery\/belpberg-15-4-14\/cache\/img_2268.jpg-nggid048253-ngg0dyn-100x75x100-00f0w010c010r110f110r010t010.jpg\"\n                    width=\"100\"\n                    height=\"75\"\n                    style=\"max-width:100%;\"\n                \/>\n            <\/a>\n        <\/div>\n\t\t\t\t\t\t\t<\/div> \n\t\t\t\n                            \n\t\t\n\t\t<!-- Pagination -->\n\t<div class='ngg-clear'><\/div>\t<\/div>\n<\/p>\n","protected":false},"excerpt":{"rendered":"<p>Fr\u00fchlingswanderung mit dem Akzentforum Von Belp auf dem Belpberg Chutzen &#8211; Gerzensee &#8211; Kirchdorf Wir starten unsere Wanderung in Belp, nachdem wir uns mit einem Kaffee gest\u00e4rkt haben. Im Sonnenschein wandern wir der G\u00fcrbe entlang uns steigen in der Siedlung Riedli hinauf zum Wanderweg, der im Wald sanft gegen Tuftern hinauff\u00fchrt. Bald gibt es einen [&hellip;]<\/p>\n","protected":false},"author":1,"featured_media":0,"parent":5166,"menu_order":5,"comment_status":"closed","ping_status":"closed","template":"","meta":{"ngg_post_thumbnail":0},"_links":{"self":[{"href":"https:\/\/www.freimarianne.ch\/index.php?rest_route=\/wp\/v2\/pages\/5217"}],"collection":[{"href":"https:\/\/www.freimarianne.ch\/index.php?rest_route=\/wp\/v2\/pages"}],"about":[{"href":"https:\/\/www.freimarianne.ch\/index.php?rest_route=\/wp\/v2\/types\/page"}],"author":[{"embeddable":true,"href":"https:\/\/www.freimarianne.ch\/index.php?rest_route=\/wp\/v2\/users\/1"}],"replies":[{"embeddable":true,"href":"https:\/\/www.freimarianne.ch\/index.php?rest_route=%2Fwp%2Fv2%2Fcomments&post=5217"}],"version-history":[{"count":7,"href":"https:\/\/www.freimarianne.ch\/index.php?rest_route=\/wp\/v2\/pages\/5217\/revisions"}],"predecessor-version":[{"id":5242,"href":"https:\/\/www.freimarianne.ch\/index.php?rest_route=\/wp\/v2\/pages\/5217\/revisions\/5242"}],"up":[{"embeddable":true,"href":"https:\/\/www.freimarianne.ch\/index.php?rest_route=\/wp\/v2\/pages\/5166"}],"wp:attachment":[{"href":"https:\/\/www.freimarianne.ch\/index.php?rest_route=%2Fwp%2Fv2%2Fmedia&parent=5217"}],"curies":[{"name":"wp","href":"https:\/\/api.w.org\/{rel}","templated":true}]}}