{"id":5219,"date":"2014-04-20T08:27:18","date_gmt":"2014-04-20T07:27:18","guid":{"rendered":"http:\/\/www.freimarianne.ch\/?page_id=5219"},"modified":"2014-08-23T11:02:04","modified_gmt":"2014-08-23T10:02:04","slug":"wasen-i-e-luthern-bad-16-4-2014","status":"publish","type":"page","link":"https:\/\/www.freimarianne.ch\/?page_id=5219","title":{"rendered":"Wasen i. E. &#8211; Luthern  Bad  16.4.2014"},"content":{"rendered":"<p><strong><strong>Fr\u00fchlingswanderung<\/strong> von Wasen i. Emmental nach Luthern Bad,LU<\/strong><br \/>\nWasen 752m, Hornbachegg 1011m, Fritzflue 929m, Ahorn 1140m,<br \/>\nChatzengrat, Ober Scheideg, H\u00f6ch\u00e4nzi 1339m, Nider\u00e4nzi 1233m, Mittler Ey, Luthern Bad 875m.<\/p>\n<p><a href=\"http:\/\/www.freimarianne.ch\/wp-content\/uploads\/2014\/04\/IMG_2307_emmental_500.jpg\"><img loading=\"lazy\" class=\"aligncenter size-full wp-image-5211\" src=\"http:\/\/www.freimarianne.ch\/wp-content\/uploads\/2014\/04\/IMG_2307_emmental_500.jpg\" alt=\"IMG_2307_emmental_500\" width=\"500\" height=\"375\" srcset=\"https:\/\/www.freimarianne.ch\/wp-content\/uploads\/2014\/04\/IMG_2307_emmental_500.jpg 500w, https:\/\/www.freimarianne.ch\/wp-content\/uploads\/2014\/04\/IMG_2307_emmental_500-300x225.jpg 300w, https:\/\/www.freimarianne.ch\/wp-content\/uploads\/2014\/04\/IMG_2307_emmental_500-400x300.jpg 400w\" sizes=\"(max-width: 500px) 100vw, 500px\" \/><\/a>Heute ist ein wundersch\u00f6ner aber kalter Fr\u00fchlingstag. In Wasen angekommen m\u00fcssen wir gleich auf den Grat aufsteigen. Einmal ob en geht es nun im st\u00e4ndigen Auf-und Ab\u00a0 \u00fcber die Eggen und Fluen. Wir sehen ringsum uns lauter gr\u00fcne H\u00fcgel und T\u00e4ler mit vereinzelten H\u00f6fen. Man hat den Eindruck weit weg zu sein von der Zivilisation. Eine Alpensicht gibt es heute nicht.Unter dem Hoch\u00e4nzi halten wir unsere Mittagsrast und dann geht es weiter nachNieder\u00e4nzi, von wo wir nach Luthernbad hinuntersteigen. Wir besuchen noch die\u00a0 Walfahrts Kapelle.<\/p>\n<p>Eine sehr sch\u00f6ne aber lange Wanderung durch eine einsame Gegend.<br \/>\nNach GPS:<br \/>\nDistanz: 18,4km; Aufstieg: 931m; Abstieg: 816m; Marschzeit: 6.03 h; gesamte Dauer: 7.55 h, Rastzeit: 1.52 h<br \/>\nEine sehr sch\u00f6ne aber lange Wanderung durch eine einsame Gegend.<\/p>\n<p><!-- index.php -->\n<div\n\tclass=\"ngg-galleryoverview ngg-ajax-pagination-none\"\n\tid=\"ngg-gallery-6406-1\">\n\n    \t<div class=\"slideshowlink\">\n        <a href='https:\/\/www.freimarianne.ch\/index.php\/nggallery\/slideshow?page_id=5219'>[Show as slideshow]<\/a>\n\t\t\n\t<\/div>\n\t\t\t<!-- Thumbnails -->\n\t\t\t\t<div id=\"ngg-image-0\" class=\"ngg-gallery-thumbnail-box\" >\n\t\t\t\t        <div class=\"ngg-gallery-thumbnail\">\n            <a href=\"https:\/\/www.freimarianne.ch\/wp-content\/gallery\/wasen-luthern-bad-16-4-14\/img_2277.jpg\"\n               title=\"\"\n               data-src=\"https:\/\/www.freimarianne.ch\/wp-content\/gallery\/wasen-luthern-bad-16-4-14\/img_2277.jpg\"\n               data-thumbnail=\"https:\/\/www.freimarianne.ch\/wp-content\/gallery\/wasen-luthern-bad-16-4-14\/thumbs\/thumbs_img_2277.jpg\"\n               data-image-id=\"8227\"\n               data-title=\"img_2277\"\n               data-description=\"\"\n               data-image-slug=\"img_2277-2\"\n               class=\"shutterset_6406\">\n                <img\n                    title=\"img_2277\"\n                    alt=\"img_2277\"\n                    src=\"https:\/\/www.freimarianne.ch\/wp-content\/gallery\/wasen-luthern-bad-16-4-14\/thumbs\/thumbs_img_2277.jpg\"\n                    width=\"100\"\n                    height=\"75\"\n                    style=\"max-width:100%;\"\n                \/>\n            <\/a>\n        <\/div>\n\t\t\t\t\t\t\t<\/div> \n\t\t\t\n        \n\t\t\t\t<div id=\"ngg-image-1\" class=\"ngg-gallery-thumbnail-box\" >\n\t\t\t\t        <div class=\"ngg-gallery-thumbnail\">\n            <a href=\"https:\/\/www.freimarianne.ch\/wp-content\/gallery\/wasen-luthern-bad-16-4-14\/img_2281.jpg\"\n               title=\"\"\n               data-src=\"https:\/\/www.freimarianne.ch\/wp-content\/gallery\/wasen-luthern-bad-16-4-14\/img_2281.jpg\"\n               data-thumbnail=\"https:\/\/www.freimarianne.ch\/wp-content\/gallery\/wasen-luthern-bad-16-4-14\/thumbs\/thumbs_img_2281.jpg\"\n               data-image-id=\"8228\"\n               data-title=\"img_2281\"\n               data-description=\"\"\n               data-image-slug=\"img_2281-2\"\n               class=\"shutterset_6406\">\n                <img\n                    title=\"img_2281\"\n                    alt=\"img_2281\"\n                    src=\"https:\/\/www.freimarianne.ch\/wp-content\/gallery\/wasen-luthern-bad-16-4-14\/thumbs\/thumbs_img_2281.jpg\"\n                    width=\"100\"\n                    height=\"75\"\n                    style=\"max-width:100%;\"\n                \/>\n            <\/a>\n        <\/div>\n\t\t\t\t\t\t\t<\/div> \n\t\t\t\n        \n\t\t\t\t<div id=\"ngg-image-2\" class=\"ngg-gallery-thumbnail-box\" >\n\t\t\t\t        <div class=\"ngg-gallery-thumbnail\">\n            <a href=\"https:\/\/www.freimarianne.ch\/wp-content\/gallery\/wasen-luthern-bad-16-4-14\/img_2290.jpg\"\n               title=\"\"\n               data-src=\"https:\/\/www.freimarianne.ch\/wp-content\/gallery\/wasen-luthern-bad-16-4-14\/img_2290.jpg\"\n               data-thumbnail=\"https:\/\/www.freimarianne.ch\/wp-content\/gallery\/wasen-luthern-bad-16-4-14\/thumbs\/thumbs_img_2290.jpg\"\n               data-image-id=\"8229\"\n               data-title=\"img_2290\"\n               data-description=\"\"\n               data-image-slug=\"img_2290\"\n               class=\"shutterset_6406\">\n                <img\n                    title=\"img_2290\"\n                    alt=\"img_2290\"\n                    src=\"https:\/\/www.freimarianne.ch\/wp-content\/gallery\/wasen-luthern-bad-16-4-14\/thumbs\/thumbs_img_2290.jpg\"\n                    width=\"100\"\n                    height=\"75\"\n                    style=\"max-width:100%;\"\n                \/>\n            <\/a>\n        <\/div>\n\t\t\t\t\t\t\t<\/div> \n\t\t\t\n        \n\t\t\t\t<div id=\"ngg-image-3\" class=\"ngg-gallery-thumbnail-box\" >\n\t\t\t\t        <div class=\"ngg-gallery-thumbnail\">\n            <a href=\"https:\/\/www.freimarianne.ch\/wp-content\/gallery\/wasen-luthern-bad-16-4-14\/img_2295.jpg\"\n               title=\"\"\n               data-src=\"https:\/\/www.freimarianne.ch\/wp-content\/gallery\/wasen-luthern-bad-16-4-14\/img_2295.jpg\"\n               data-thumbnail=\"https:\/\/www.freimarianne.ch\/wp-content\/gallery\/wasen-luthern-bad-16-4-14\/thumbs\/thumbs_img_2295.jpg\"\n               data-image-id=\"8230\"\n               data-title=\"img_2295\"\n               data-description=\"\"\n               data-image-slug=\"img_2295-2\"\n               class=\"shutterset_6406\">\n                <img\n                    title=\"img_2295\"\n                    alt=\"img_2295\"\n                    src=\"https:\/\/www.freimarianne.ch\/wp-content\/gallery\/wasen-luthern-bad-16-4-14\/thumbs\/thumbs_img_2295.jpg\"\n                    width=\"100\"\n                    height=\"75\"\n                    style=\"max-width:100%;\"\n                \/>\n            <\/a>\n        <\/div>\n\t\t\t\t\t\t\t<\/div> \n\t\t\t\n        \n\t\t\t\t<div id=\"ngg-image-4\" class=\"ngg-gallery-thumbnail-box\" >\n\t\t\t\t        <div class=\"ngg-gallery-thumbnail\">\n            <a href=\"https:\/\/www.freimarianne.ch\/wp-content\/gallery\/wasen-luthern-bad-16-4-14\/img_2301.jpg\"\n               title=\"\"\n               data-src=\"https:\/\/www.freimarianne.ch\/wp-content\/gallery\/wasen-luthern-bad-16-4-14\/img_2301.jpg\"\n               data-thumbnail=\"https:\/\/www.freimarianne.ch\/wp-content\/gallery\/wasen-luthern-bad-16-4-14\/thumbs\/thumbs_img_2301.jpg\"\n               data-image-id=\"8231\"\n               data-title=\"img_2301\"\n               data-description=\"\"\n               data-image-slug=\"img_2301-2\"\n               class=\"shutterset_6406\">\n                <img\n                    title=\"img_2301\"\n                    alt=\"img_2301\"\n                    src=\"https:\/\/www.freimarianne.ch\/wp-content\/gallery\/wasen-luthern-bad-16-4-14\/thumbs\/thumbs_img_2301.jpg\"\n                    width=\"100\"\n                    height=\"75\"\n                    style=\"max-width:100%;\"\n                \/>\n            <\/a>\n        <\/div>\n\t\t\t\t\t\t\t<\/div> \n\t\t\t\n        \n\t\t\t\t<div id=\"ngg-image-5\" class=\"ngg-gallery-thumbnail-box\" >\n\t\t\t\t        <div class=\"ngg-gallery-thumbnail\">\n            <a href=\"https:\/\/www.freimarianne.ch\/wp-content\/gallery\/wasen-luthern-bad-16-4-14\/img_2304.jpg\"\n               title=\"\"\n               data-src=\"https:\/\/www.freimarianne.ch\/wp-content\/gallery\/wasen-luthern-bad-16-4-14\/img_2304.jpg\"\n               data-thumbnail=\"https:\/\/www.freimarianne.ch\/wp-content\/gallery\/wasen-luthern-bad-16-4-14\/thumbs\/thumbs_img_2304.jpg\"\n               data-image-id=\"8232\"\n               data-title=\"img_2304\"\n               data-description=\"\"\n               data-image-slug=\"img_2304-2\"\n               class=\"shutterset_6406\">\n                <img\n                    title=\"img_2304\"\n                    alt=\"img_2304\"\n                    src=\"https:\/\/www.freimarianne.ch\/wp-content\/gallery\/wasen-luthern-bad-16-4-14\/thumbs\/thumbs_img_2304.jpg\"\n                    width=\"100\"\n                    height=\"75\"\n                    style=\"max-width:100%;\"\n                \/>\n            <\/a>\n        <\/div>\n\t\t\t\t\t\t\t<\/div> \n\t\t\t\n        \n\t\t\t\t<div id=\"ngg-image-6\" class=\"ngg-gallery-thumbnail-box\" >\n\t\t\t\t        <div class=\"ngg-gallery-thumbnail\">\n            <a href=\"https:\/\/www.freimarianne.ch\/wp-content\/gallery\/wasen-luthern-bad-16-4-14\/img_2307.jpg\"\n               title=\"\"\n               data-src=\"https:\/\/www.freimarianne.ch\/wp-content\/gallery\/wasen-luthern-bad-16-4-14\/img_2307.jpg\"\n               data-thumbnail=\"https:\/\/www.freimarianne.ch\/wp-content\/gallery\/wasen-luthern-bad-16-4-14\/thumbs\/thumbs_img_2307.jpg\"\n               data-image-id=\"8233\"\n               data-title=\"img_2307\"\n               data-description=\"\"\n               data-image-slug=\"img_2307-2\"\n               class=\"shutterset_6406\">\n                <img\n                    title=\"img_2307\"\n                    alt=\"img_2307\"\n                    src=\"https:\/\/www.freimarianne.ch\/wp-content\/gallery\/wasen-luthern-bad-16-4-14\/thumbs\/thumbs_img_2307.jpg\"\n                    width=\"100\"\n                    height=\"75\"\n                    style=\"max-width:100%;\"\n                \/>\n            <\/a>\n        <\/div>\n\t\t\t\t\t\t\t<\/div> \n\t\t\t\n        \n\t\t\t\t<div id=\"ngg-image-7\" class=\"ngg-gallery-thumbnail-box\" >\n\t\t\t\t        <div class=\"ngg-gallery-thumbnail\">\n            <a href=\"https:\/\/www.freimarianne.ch\/wp-content\/gallery\/wasen-luthern-bad-16-4-14\/img_2312.jpg\"\n               title=\"\"\n               data-src=\"https:\/\/www.freimarianne.ch\/wp-content\/gallery\/wasen-luthern-bad-16-4-14\/img_2312.jpg\"\n               data-thumbnail=\"https:\/\/www.freimarianne.ch\/wp-content\/gallery\/wasen-luthern-bad-16-4-14\/thumbs\/thumbs_img_2312.jpg\"\n               data-image-id=\"8234\"\n               data-title=\"img_2312\"\n               data-description=\"\"\n               data-image-slug=\"img_2312-2\"\n               class=\"shutterset_6406\">\n                <img\n                    title=\"img_2312\"\n                    alt=\"img_2312\"\n                    src=\"https:\/\/www.freimarianne.ch\/wp-content\/gallery\/wasen-luthern-bad-16-4-14\/thumbs\/thumbs_img_2312.jpg\"\n                    width=\"100\"\n                    height=\"75\"\n                    style=\"max-width:100%;\"\n                \/>\n            <\/a>\n        <\/div>\n\t\t\t\t\t\t\t<\/div> \n\t\t\t\n        \n\t\t\t\t<div id=\"ngg-image-8\" class=\"ngg-gallery-thumbnail-box\" >\n\t\t\t\t        <div class=\"ngg-gallery-thumbnail\">\n            <a href=\"https:\/\/www.freimarianne.ch\/wp-content\/gallery\/wasen-luthern-bad-16-4-14\/img_2320.jpg\"\n               title=\"\"\n               data-src=\"https:\/\/www.freimarianne.ch\/wp-content\/gallery\/wasen-luthern-bad-16-4-14\/img_2320.jpg\"\n               data-thumbnail=\"https:\/\/www.freimarianne.ch\/wp-content\/gallery\/wasen-luthern-bad-16-4-14\/thumbs\/thumbs_img_2320.jpg\"\n               data-image-id=\"8235\"\n               data-title=\"img_2320\"\n               data-description=\"\"\n               data-image-slug=\"img_2320\"\n               class=\"shutterset_6406\">\n                <img\n                    title=\"img_2320\"\n                    alt=\"img_2320\"\n                    src=\"https:\/\/www.freimarianne.ch\/wp-content\/gallery\/wasen-luthern-bad-16-4-14\/thumbs\/thumbs_img_2320.jpg\"\n                    width=\"100\"\n                    height=\"75\"\n                    style=\"max-width:100%;\"\n                \/>\n            <\/a>\n        <\/div>\n\t\t\t\t\t\t\t<\/div> \n\t\t\t\n        \n\t\t\t\t<div id=\"ngg-image-9\" class=\"ngg-gallery-thumbnail-box\" >\n\t\t\t\t        <div class=\"ngg-gallery-thumbnail\">\n            <a href=\"https:\/\/www.freimarianne.ch\/wp-content\/gallery\/wasen-luthern-bad-16-4-14\/img_2321.jpg\"\n               title=\"\"\n               data-src=\"https:\/\/www.freimarianne.ch\/wp-content\/gallery\/wasen-luthern-bad-16-4-14\/img_2321.jpg\"\n               data-thumbnail=\"https:\/\/www.freimarianne.ch\/wp-content\/gallery\/wasen-luthern-bad-16-4-14\/thumbs\/thumbs_img_2321.jpg\"\n               data-image-id=\"8236\"\n               data-title=\"img_2321\"\n               data-description=\"\"\n               data-image-slug=\"img_2321\"\n               class=\"shutterset_6406\">\n                <img\n                    title=\"img_2321\"\n                    alt=\"img_2321\"\n                    src=\"https:\/\/www.freimarianne.ch\/wp-content\/gallery\/wasen-luthern-bad-16-4-14\/thumbs\/thumbs_img_2321.jpg\"\n                    width=\"100\"\n                    height=\"75\"\n                    style=\"max-width:100%;\"\n                \/>\n            <\/a>\n        <\/div>\n\t\t\t\t\t\t\t<\/div> \n\t\t\t\n        \n\t\t\t\t<div id=\"ngg-image-10\" class=\"ngg-gallery-thumbnail-box\" >\n\t\t\t\t        <div class=\"ngg-gallery-thumbnail\">\n            <a href=\"https:\/\/www.freimarianne.ch\/wp-content\/gallery\/wasen-luthern-bad-16-4-14\/img_2327.jpg\"\n               title=\"\"\n               data-src=\"https:\/\/www.freimarianne.ch\/wp-content\/gallery\/wasen-luthern-bad-16-4-14\/img_2327.jpg\"\n               data-thumbnail=\"https:\/\/www.freimarianne.ch\/wp-content\/gallery\/wasen-luthern-bad-16-4-14\/thumbs\/thumbs_img_2327.jpg\"\n               data-image-id=\"8237\"\n               data-title=\"img_2327\"\n               data-description=\"\"\n               data-image-slug=\"img_2327\"\n               class=\"shutterset_6406\">\n                <img\n                    title=\"img_2327\"\n                    alt=\"img_2327\"\n                    src=\"https:\/\/www.freimarianne.ch\/wp-content\/gallery\/wasen-luthern-bad-16-4-14\/thumbs\/thumbs_img_2327.jpg\"\n                    width=\"100\"\n                    height=\"75\"\n                    style=\"max-width:100%;\"\n                \/>\n            <\/a>\n        <\/div>\n\t\t\t\t\t\t\t<\/div> \n\t\t\t\n        \n\t\t\t\t<div id=\"ngg-image-11\" class=\"ngg-gallery-thumbnail-box\" >\n\t\t\t\t        <div class=\"ngg-gallery-thumbnail\">\n            <a href=\"https:\/\/www.freimarianne.ch\/wp-content\/gallery\/wasen-luthern-bad-16-4-14\/img_2337.jpg\"\n               title=\"\"\n               data-src=\"https:\/\/www.freimarianne.ch\/wp-content\/gallery\/wasen-luthern-bad-16-4-14\/img_2337.jpg\"\n               data-thumbnail=\"https:\/\/www.freimarianne.ch\/wp-content\/gallery\/wasen-luthern-bad-16-4-14\/thumbs\/thumbs_img_2337.jpg\"\n               data-image-id=\"8238\"\n               data-title=\"img_2337\"\n               data-description=\"\"\n               data-image-slug=\"img_2337\"\n               class=\"shutterset_6406\">\n                <img\n                    title=\"img_2337\"\n                    alt=\"img_2337\"\n                    src=\"https:\/\/www.freimarianne.ch\/wp-content\/gallery\/wasen-luthern-bad-16-4-14\/thumbs\/thumbs_img_2337.jpg\"\n                    width=\"100\"\n                    height=\"75\"\n                    style=\"max-width:100%;\"\n                \/>\n            <\/a>\n        <\/div>\n\t\t\t\t\t\t\t<\/div> \n\t\t\t\n        \n\t\t\t\t<div id=\"ngg-image-12\" class=\"ngg-gallery-thumbnail-box\" >\n\t\t\t\t        <div class=\"ngg-gallery-thumbnail\">\n            <a href=\"https:\/\/www.freimarianne.ch\/wp-content\/gallery\/wasen-luthern-bad-16-4-14\/img_2347.jpg\"\n               title=\"\"\n               data-src=\"https:\/\/www.freimarianne.ch\/wp-content\/gallery\/wasen-luthern-bad-16-4-14\/img_2347.jpg\"\n               data-thumbnail=\"https:\/\/www.freimarianne.ch\/wp-content\/gallery\/wasen-luthern-bad-16-4-14\/thumbs\/thumbs_img_2347.jpg\"\n               data-image-id=\"8239\"\n               data-title=\"img_2347\"\n               data-description=\"\"\n               data-image-slug=\"img_2347\"\n               class=\"shutterset_6406\">\n                <img\n                    title=\"img_2347\"\n                    alt=\"img_2347\"\n                    src=\"https:\/\/www.freimarianne.ch\/wp-content\/gallery\/wasen-luthern-bad-16-4-14\/thumbs\/thumbs_img_2347.jpg\"\n                    width=\"100\"\n                    height=\"75\"\n                    style=\"max-width:100%;\"\n                \/>\n            <\/a>\n        <\/div>\n\t\t\t\t\t\t\t<\/div> \n\t\t\t\n        \n\t\t\t\t<div id=\"ngg-image-13\" class=\"ngg-gallery-thumbnail-box\" >\n\t\t\t\t        <div class=\"ngg-gallery-thumbnail\">\n            <a href=\"https:\/\/www.freimarianne.ch\/wp-content\/gallery\/wasen-luthern-bad-16-4-14\/img_2351.jpg\"\n               title=\"\"\n               data-src=\"https:\/\/www.freimarianne.ch\/wp-content\/gallery\/wasen-luthern-bad-16-4-14\/img_2351.jpg\"\n               data-thumbnail=\"https:\/\/www.freimarianne.ch\/wp-content\/gallery\/wasen-luthern-bad-16-4-14\/thumbs\/thumbs_img_2351.jpg\"\n               data-image-id=\"8240\"\n               data-title=\"img_2351\"\n               data-description=\"\"\n               data-image-slug=\"img_2351-2\"\n               class=\"shutterset_6406\">\n                <img\n                    title=\"img_2351\"\n                    alt=\"img_2351\"\n                    src=\"https:\/\/www.freimarianne.ch\/wp-content\/gallery\/wasen-luthern-bad-16-4-14\/thumbs\/thumbs_img_2351.jpg\"\n                    width=\"100\"\n                    height=\"75\"\n                    style=\"max-width:100%;\"\n                \/>\n            <\/a>\n        <\/div>\n\t\t\t\t\t\t\t<\/div> \n\t\t\t\n        \n\t\t\t\t<div id=\"ngg-image-14\" class=\"ngg-gallery-thumbnail-box\" >\n\t\t\t\t        <div class=\"ngg-gallery-thumbnail\">\n            <a href=\"https:\/\/www.freimarianne.ch\/wp-content\/gallery\/wasen-luthern-bad-16-4-14\/img_2366.jpg\"\n               title=\"\"\n               data-src=\"https:\/\/www.freimarianne.ch\/wp-content\/gallery\/wasen-luthern-bad-16-4-14\/img_2366.jpg\"\n               data-thumbnail=\"https:\/\/www.freimarianne.ch\/wp-content\/gallery\/wasen-luthern-bad-16-4-14\/thumbs\/thumbs_img_2366.jpg\"\n               data-image-id=\"8241\"\n               data-title=\"img_2366\"\n               data-description=\"\"\n               data-image-slug=\"img_2366-2\"\n               class=\"shutterset_6406\">\n                <img\n                    title=\"img_2366\"\n                    alt=\"img_2366\"\n                    src=\"https:\/\/www.freimarianne.ch\/wp-content\/gallery\/wasen-luthern-bad-16-4-14\/thumbs\/thumbs_img_2366.jpg\"\n                    width=\"100\"\n                    height=\"75\"\n                    style=\"max-width:100%;\"\n                \/>\n            <\/a>\n        <\/div>\n\t\t\t\t\t\t\t<\/div> \n\t\t\t\n        \n\t\t\t\t<div id=\"ngg-image-15\" class=\"ngg-gallery-thumbnail-box\" >\n\t\t\t\t        <div class=\"ngg-gallery-thumbnail\">\n            <a href=\"https:\/\/www.freimarianne.ch\/wp-content\/gallery\/wasen-luthern-bad-16-4-14\/img_2375.jpg\"\n               title=\"\"\n               data-src=\"https:\/\/www.freimarianne.ch\/wp-content\/gallery\/wasen-luthern-bad-16-4-14\/img_2375.jpg\"\n               data-thumbnail=\"https:\/\/www.freimarianne.ch\/wp-content\/gallery\/wasen-luthern-bad-16-4-14\/thumbs\/thumbs_img_2375.jpg\"\n               data-image-id=\"8242\"\n               data-title=\"img_2375\"\n               data-description=\"\"\n               data-image-slug=\"img_2375\"\n               class=\"shutterset_6406\">\n                <img\n                    title=\"img_2375\"\n                    alt=\"img_2375\"\n                    src=\"https:\/\/www.freimarianne.ch\/wp-content\/gallery\/wasen-luthern-bad-16-4-14\/thumbs\/thumbs_img_2375.jpg\"\n                    width=\"100\"\n                    height=\"75\"\n                    style=\"max-width:100%;\"\n                \/>\n            <\/a>\n        <\/div>\n\t\t\t\t\t\t\t<\/div> \n\t\t\t\n        \n\t\t\t\t<div id=\"ngg-image-16\" class=\"ngg-gallery-thumbnail-box\" >\n\t\t\t\t        <div class=\"ngg-gallery-thumbnail\">\n            <a href=\"https:\/\/www.freimarianne.ch\/wp-content\/gallery\/wasen-luthern-bad-16-4-14\/img_2390.jpg\"\n               title=\"\"\n               data-src=\"https:\/\/www.freimarianne.ch\/wp-content\/gallery\/wasen-luthern-bad-16-4-14\/img_2390.jpg\"\n               data-thumbnail=\"https:\/\/www.freimarianne.ch\/wp-content\/gallery\/wasen-luthern-bad-16-4-14\/thumbs\/thumbs_img_2390.jpg\"\n               data-image-id=\"8243\"\n               data-title=\"img_2390\"\n               data-description=\"\"\n               data-image-slug=\"img_2390-2\"\n               class=\"shutterset_6406\">\n                <img\n                    title=\"img_2390\"\n                    alt=\"img_2390\"\n                    src=\"https:\/\/www.freimarianne.ch\/wp-content\/gallery\/wasen-luthern-bad-16-4-14\/thumbs\/thumbs_img_2390.jpg\"\n                    width=\"100\"\n                    height=\"75\"\n                    style=\"max-width:100%;\"\n                \/>\n            <\/a>\n        <\/div>\n\t\t\t\t\t\t\t<\/div> \n\t\t\t\n        \n\t\t\n\t\t<!-- Pagination -->\n\t<div class='ngg-clear'><\/div>\t<\/div>\n<\/p>\n","protected":false},"excerpt":{"rendered":"<p>Fr\u00fchlingswanderung von Wasen i. Emmental nach Luthern Bad,LU Wasen 752m, Hornbachegg 1011m, Fritzflue 929m, Ahorn 1140m, Chatzengrat, Ober Scheideg, H\u00f6ch\u00e4nzi 1339m, Nider\u00e4nzi 1233m, Mittler Ey, Luthern Bad 875m. Heute ist ein wundersch\u00f6ner aber kalter Fr\u00fchlingstag. In Wasen angekommen m\u00fcssen wir gleich auf den Grat aufsteigen. Einmal ob en geht es nun im st\u00e4ndigen Auf-und Ab\u00a0 [&hellip;]<\/p>\n","protected":false},"author":1,"featured_media":0,"parent":5166,"menu_order":6,"comment_status":"closed","ping_status":"closed","template":"","meta":{"ngg_post_thumbnail":0},"_links":{"self":[{"href":"https:\/\/www.freimarianne.ch\/index.php?rest_route=\/wp\/v2\/pages\/5219"}],"collection":[{"href":"https:\/\/www.freimarianne.ch\/index.php?rest_route=\/wp\/v2\/pages"}],"about":[{"href":"https:\/\/www.freimarianne.ch\/index.php?rest_route=\/wp\/v2\/types\/page"}],"author":[{"embeddable":true,"href":"https:\/\/www.freimarianne.ch\/index.php?rest_route=\/wp\/v2\/users\/1"}],"replies":[{"embeddable":true,"href":"https:\/\/www.freimarianne.ch\/index.php?rest_route=%2Fwp%2Fv2%2Fcomments&post=5219"}],"version-history":[{"count":11,"href":"https:\/\/www.freimarianne.ch\/index.php?rest_route=\/wp\/v2\/pages\/5219\/revisions"}],"predecessor-version":[{"id":6409,"href":"https:\/\/www.freimarianne.ch\/index.php?rest_route=\/wp\/v2\/pages\/5219\/revisions\/6409"}],"up":[{"embeddable":true,"href":"https:\/\/www.freimarianne.ch\/index.php?rest_route=\/wp\/v2\/pages\/5166"}],"wp:attachment":[{"href":"https:\/\/www.freimarianne.ch\/index.php?rest_route=%2Fwp%2Fv2%2Fmedia&parent=5219"}],"curies":[{"name":"wp","href":"https:\/\/api.w.org\/{rel}","templated":true}]}}