{"id":5222,"date":"2014-04-20T08:30:45","date_gmt":"2014-04-20T07:30:45","guid":{"rendered":"http:\/\/www.freimarianne.ch\/?page_id=5222"},"modified":"2015-01-03T11:12:48","modified_gmt":"2015-01-03T10:12:48","slug":"eischoll-vs-18-4-2014","status":"publish","type":"page","link":"https:\/\/www.freimarianne.ch\/?page_id=5222","title":{"rendered":"Eischoll, VS 18.4.2014"},"content":{"rendered":"<p><strong>Fr\u00fchlingswanderung in Eischoll<\/strong><br \/>\n<strong>Lichtblumenpfad<\/strong><br \/>\n<img loading=\"lazy\" class=\"aligncenter size-full wp-image-5213\" src=\"http:\/\/www.freimarianne.ch\/wp-content\/uploads\/2014\/04\/IMG_2400_eischoll500.jpg\" alt=\"IMG_2400_eischoll500\" width=\"500\" height=\"375\" srcset=\"https:\/\/www.freimarianne.ch\/wp-content\/uploads\/2014\/04\/IMG_2400_eischoll500.jpg 500w, https:\/\/www.freimarianne.ch\/wp-content\/uploads\/2014\/04\/IMG_2400_eischoll500-300x225.jpg 300w, https:\/\/www.freimarianne.ch\/wp-content\/uploads\/2014\/04\/IMG_2400_eischoll500-400x300.jpg 400w\" sizes=\"(max-width: 500px) 100vw, 500px\" \/><\/p>\n<p><img loading=\"lazy\" class=\"aligncenter size-full wp-image-5227\" src=\"http:\/\/www.freimarianne.ch\/wp-content\/uploads\/2014\/04\/IMG_2430_lichtblume_500.jpg\" alt=\"IMG_2430_lichtblume_500\" width=\"500\" height=\"375\" srcset=\"https:\/\/www.freimarianne.ch\/wp-content\/uploads\/2014\/04\/IMG_2430_lichtblume_500.jpg 500w, https:\/\/www.freimarianne.ch\/wp-content\/uploads\/2014\/04\/IMG_2430_lichtblume_500-300x225.jpg 300w, https:\/\/www.freimarianne.ch\/wp-content\/uploads\/2014\/04\/IMG_2430_lichtblume_500-400x300.jpg 400w\" sizes=\"(max-width: 500px) 100vw, 500px\" \/><br \/>\nVon Eischoll durch den Wald (teils Wanderweg, teils Waldstrasse) nach Ifil, wo in der Lichtung die Fr\u00fchlingslichtblumen (Colchium bulbocodium) wachsen. Zur\u00fcck auf sch\u00f6nen Wanderweg \u00fcber Ried, \u00c4gerde nach Eischoll.<br \/>\nDie Fr\u00fchlingslichtblumen sind wundersch\u00f6n! Diese kleine Wanderung ist ein Erlebnis.<br \/>\nLeider war das Wetter nicht gut und wir wanderten nicht wie vorgesehen nach Unterb\u00e4ch.<br \/>\n<!-- index.php -->\n<div\n\tclass=\"ngg-galleryoverview ngg-ajax-pagination-none\"\n\tid=\"ngg-gallery-8800-1\">\n\n    \t<div class=\"slideshowlink\">\n        <a href='https:\/\/www.freimarianne.ch\/index.php\/nggallery\/slideshow?page_id=5222'>[Show as slideshow]<\/a>\n\t\t\n\t<\/div>\n\t\t\t<!-- Thumbnails -->\n\t\t\t\t<div id=\"ngg-image-0\" class=\"ngg-gallery-thumbnail-box\" >\n\t\t\t\t        <div class=\"ngg-gallery-thumbnail\">\n            <a href=\"https:\/\/www.freimarianne.ch\/wp-content\/gallery\/eischoll-18-4-14\/img_2394.jpg\"\n               title=\"\"\n               data-src=\"https:\/\/www.freimarianne.ch\/wp-content\/gallery\/eischoll-18-4-14\/img_2394.jpg\"\n               data-thumbnail=\"https:\/\/www.freimarianne.ch\/wp-content\/gallery\/eischoll-18-4-14\/thumbs\/thumbs_img_2394.jpg\"\n               data-image-id=\"8212\"\n               data-title=\"img_2394\"\n               data-description=\"\"\n               data-image-slug=\"img_2394-2\"\n               class=\"shutterset_8800\">\n                <img\n                    title=\"img_2394\"\n                    alt=\"img_2394\"\n                    src=\"https:\/\/www.freimarianne.ch\/wp-content\/gallery\/eischoll-18-4-14\/thumbs\/thumbs_img_2394.jpg\"\n                    width=\"100\"\n                    height=\"75\"\n                    style=\"max-width:100%;\"\n                \/>\n            <\/a>\n        <\/div>\n\t\t\t\t\t\t\t<\/div> \n\t\t\t\n        \n\t\t\t\t<div id=\"ngg-image-1\" class=\"ngg-gallery-thumbnail-box\" >\n\t\t\t\t        <div class=\"ngg-gallery-thumbnail\">\n            <a href=\"https:\/\/www.freimarianne.ch\/wp-content\/gallery\/eischoll-18-4-14\/img_2399.jpg\"\n               title=\"\"\n               data-src=\"https:\/\/www.freimarianne.ch\/wp-content\/gallery\/eischoll-18-4-14\/img_2399.jpg\"\n               data-thumbnail=\"https:\/\/www.freimarianne.ch\/wp-content\/gallery\/eischoll-18-4-14\/thumbs\/thumbs_img_2399.jpg\"\n               data-image-id=\"8213\"\n               data-title=\"img_2399\"\n               data-description=\"\"\n               data-image-slug=\"img_2399-2\"\n               class=\"shutterset_8800\">\n                <img\n                    title=\"img_2399\"\n                    alt=\"img_2399\"\n                    src=\"https:\/\/www.freimarianne.ch\/wp-content\/gallery\/eischoll-18-4-14\/thumbs\/thumbs_img_2399.jpg\"\n                    width=\"100\"\n                    height=\"75\"\n                    style=\"max-width:100%;\"\n                \/>\n            <\/a>\n        <\/div>\n\t\t\t\t\t\t\t<\/div> \n\t\t\t\n        \n\t\t\t\t<div id=\"ngg-image-2\" class=\"ngg-gallery-thumbnail-box\" >\n\t\t\t\t        <div class=\"ngg-gallery-thumbnail\">\n            <a href=\"https:\/\/www.freimarianne.ch\/wp-content\/gallery\/eischoll-18-4-14\/img_2401.jpg\"\n               title=\"\"\n               data-src=\"https:\/\/www.freimarianne.ch\/wp-content\/gallery\/eischoll-18-4-14\/img_2401.jpg\"\n               data-thumbnail=\"https:\/\/www.freimarianne.ch\/wp-content\/gallery\/eischoll-18-4-14\/thumbs\/thumbs_img_2401.jpg\"\n               data-image-id=\"8214\"\n               data-title=\"img_2401\"\n               data-description=\"\"\n               data-image-slug=\"img_2401-2\"\n               class=\"shutterset_8800\">\n                <img\n                    title=\"img_2401\"\n                    alt=\"img_2401\"\n                    src=\"https:\/\/www.freimarianne.ch\/wp-content\/gallery\/eischoll-18-4-14\/thumbs\/thumbs_img_2401.jpg\"\n                    width=\"100\"\n                    height=\"75\"\n                    style=\"max-width:100%;\"\n                \/>\n            <\/a>\n        <\/div>\n\t\t\t\t\t\t\t<\/div> \n\t\t\t\n        \n\t\t\t\t<div id=\"ngg-image-3\" class=\"ngg-gallery-thumbnail-box\" >\n\t\t\t\t        <div class=\"ngg-gallery-thumbnail\">\n            <a href=\"https:\/\/www.freimarianne.ch\/wp-content\/gallery\/eischoll-18-4-14\/img_2402.jpg\"\n               title=\"\"\n               data-src=\"https:\/\/www.freimarianne.ch\/wp-content\/gallery\/eischoll-18-4-14\/img_2402.jpg\"\n               data-thumbnail=\"https:\/\/www.freimarianne.ch\/wp-content\/gallery\/eischoll-18-4-14\/thumbs\/thumbs_img_2402.jpg\"\n               data-image-id=\"8215\"\n               data-title=\"img_2402\"\n               data-description=\"\"\n               data-image-slug=\"img_2402\"\n               class=\"shutterset_8800\">\n                <img\n                    title=\"img_2402\"\n                    alt=\"img_2402\"\n                    src=\"https:\/\/www.freimarianne.ch\/wp-content\/gallery\/eischoll-18-4-14\/thumbs\/thumbs_img_2402.jpg\"\n                    width=\"100\"\n                    height=\"75\"\n                    style=\"max-width:100%;\"\n                \/>\n            <\/a>\n        <\/div>\n\t\t\t\t\t\t\t<\/div> \n\t\t\t\n        \n\t\t\t\t<div id=\"ngg-image-4\" class=\"ngg-gallery-thumbnail-box\" >\n\t\t\t\t        <div class=\"ngg-gallery-thumbnail\">\n            <a href=\"https:\/\/www.freimarianne.ch\/wp-content\/gallery\/eischoll-18-4-14\/img_2409.jpg\"\n               title=\"\"\n               data-src=\"https:\/\/www.freimarianne.ch\/wp-content\/gallery\/eischoll-18-4-14\/img_2409.jpg\"\n               data-thumbnail=\"https:\/\/www.freimarianne.ch\/wp-content\/gallery\/eischoll-18-4-14\/thumbs\/thumbs_img_2409.jpg\"\n               data-image-id=\"8216\"\n               data-title=\"img_2409\"\n               data-description=\"\"\n               data-image-slug=\"img_2409\"\n               class=\"shutterset_8800\">\n                <img\n                    title=\"img_2409\"\n                    alt=\"img_2409\"\n                    src=\"https:\/\/www.freimarianne.ch\/wp-content\/gallery\/eischoll-18-4-14\/thumbs\/thumbs_img_2409.jpg\"\n                    width=\"100\"\n                    height=\"75\"\n                    style=\"max-width:100%;\"\n                \/>\n            <\/a>\n        <\/div>\n\t\t\t\t\t\t\t<\/div> \n\t\t\t\n        \n\t\t\t\t<div id=\"ngg-image-5\" class=\"ngg-gallery-thumbnail-box\" >\n\t\t\t\t        <div class=\"ngg-gallery-thumbnail\">\n            <a href=\"https:\/\/www.freimarianne.ch\/wp-content\/gallery\/eischoll-18-4-14\/img_2413.jpg\"\n               title=\"\"\n               data-src=\"https:\/\/www.freimarianne.ch\/wp-content\/gallery\/eischoll-18-4-14\/img_2413.jpg\"\n               data-thumbnail=\"https:\/\/www.freimarianne.ch\/wp-content\/gallery\/eischoll-18-4-14\/thumbs\/thumbs_img_2413.jpg\"\n               data-image-id=\"8217\"\n               data-title=\"img_2413\"\n               data-description=\"\"\n               data-image-slug=\"img_2413\"\n               class=\"shutterset_8800\">\n                <img\n                    title=\"img_2413\"\n                    alt=\"img_2413\"\n                    src=\"https:\/\/www.freimarianne.ch\/wp-content\/gallery\/eischoll-18-4-14\/thumbs\/thumbs_img_2413.jpg\"\n                    width=\"100\"\n                    height=\"75\"\n                    style=\"max-width:100%;\"\n                \/>\n            <\/a>\n        <\/div>\n\t\t\t\t\t\t\t<\/div> \n\t\t\t\n        \n\t\t\t\t<div id=\"ngg-image-6\" class=\"ngg-gallery-thumbnail-box\" >\n\t\t\t\t        <div class=\"ngg-gallery-thumbnail\">\n            <a href=\"https:\/\/www.freimarianne.ch\/wp-content\/gallery\/eischoll-18-4-14\/img_2418.jpg\"\n               title=\"\"\n               data-src=\"https:\/\/www.freimarianne.ch\/wp-content\/gallery\/eischoll-18-4-14\/img_2418.jpg\"\n               data-thumbnail=\"https:\/\/www.freimarianne.ch\/wp-content\/gallery\/eischoll-18-4-14\/thumbs\/thumbs_img_2418.jpg\"\n               data-image-id=\"8218\"\n               data-title=\"img_2418\"\n               data-description=\"\"\n               data-image-slug=\"img_2418-2\"\n               class=\"shutterset_8800\">\n                <img\n                    title=\"img_2418\"\n                    alt=\"img_2418\"\n                    src=\"https:\/\/www.freimarianne.ch\/wp-content\/gallery\/eischoll-18-4-14\/thumbs\/thumbs_img_2418.jpg\"\n                    width=\"100\"\n                    height=\"75\"\n                    style=\"max-width:100%;\"\n                \/>\n            <\/a>\n        <\/div>\n\t\t\t\t\t\t\t<\/div> \n\t\t\t\n        \n\t\t\t\t<div id=\"ngg-image-7\" class=\"ngg-gallery-thumbnail-box\" >\n\t\t\t\t        <div class=\"ngg-gallery-thumbnail\">\n            <a href=\"https:\/\/www.freimarianne.ch\/wp-content\/gallery\/eischoll-18-4-14\/img_2424.jpg\"\n               title=\"\"\n               data-src=\"https:\/\/www.freimarianne.ch\/wp-content\/gallery\/eischoll-18-4-14\/img_2424.jpg\"\n               data-thumbnail=\"https:\/\/www.freimarianne.ch\/wp-content\/gallery\/eischoll-18-4-14\/thumbs\/thumbs_img_2424.jpg\"\n               data-image-id=\"8219\"\n               data-title=\"img_2424\"\n               data-description=\"\"\n               data-image-slug=\"img_2424-2\"\n               class=\"shutterset_8800\">\n                <img\n                    title=\"img_2424\"\n                    alt=\"img_2424\"\n                    src=\"https:\/\/www.freimarianne.ch\/wp-content\/gallery\/eischoll-18-4-14\/thumbs\/thumbs_img_2424.jpg\"\n                    width=\"100\"\n                    height=\"75\"\n                    style=\"max-width:100%;\"\n                \/>\n            <\/a>\n        <\/div>\n\t\t\t\t\t\t\t<\/div> \n\t\t\t\n        \n\t\t\t\t<div id=\"ngg-image-8\" class=\"ngg-gallery-thumbnail-box\" >\n\t\t\t\t        <div class=\"ngg-gallery-thumbnail\">\n            <a href=\"https:\/\/www.freimarianne.ch\/wp-content\/gallery\/eischoll-18-4-14\/img_2426.jpg\"\n               title=\"\"\n               data-src=\"https:\/\/www.freimarianne.ch\/wp-content\/gallery\/eischoll-18-4-14\/img_2426.jpg\"\n               data-thumbnail=\"https:\/\/www.freimarianne.ch\/wp-content\/gallery\/eischoll-18-4-14\/thumbs\/thumbs_img_2426.jpg\"\n               data-image-id=\"8220\"\n               data-title=\"img_2426\"\n               data-description=\"\"\n               data-image-slug=\"img_2426\"\n               class=\"shutterset_8800\">\n                <img\n                    title=\"img_2426\"\n                    alt=\"img_2426\"\n                    src=\"https:\/\/www.freimarianne.ch\/wp-content\/gallery\/eischoll-18-4-14\/thumbs\/thumbs_img_2426.jpg\"\n                    width=\"100\"\n                    height=\"75\"\n                    style=\"max-width:100%;\"\n                \/>\n            <\/a>\n        <\/div>\n\t\t\t\t\t\t\t<\/div> \n\t\t\t\n        \n\t\t\t\t<div id=\"ngg-image-9\" class=\"ngg-gallery-thumbnail-box\" >\n\t\t\t\t        <div class=\"ngg-gallery-thumbnail\">\n            <a href=\"https:\/\/www.freimarianne.ch\/wp-content\/gallery\/eischoll-18-4-14\/img_2427.jpg\"\n               title=\"\"\n               data-src=\"https:\/\/www.freimarianne.ch\/wp-content\/gallery\/eischoll-18-4-14\/img_2427.jpg\"\n               data-thumbnail=\"https:\/\/www.freimarianne.ch\/wp-content\/gallery\/eischoll-18-4-14\/thumbs\/thumbs_img_2427.jpg\"\n               data-image-id=\"8221\"\n               data-title=\"img_2427\"\n               data-description=\"\"\n               data-image-slug=\"img_2427-2\"\n               class=\"shutterset_8800\">\n                <img\n                    title=\"img_2427\"\n                    alt=\"img_2427\"\n                    src=\"https:\/\/www.freimarianne.ch\/wp-content\/gallery\/eischoll-18-4-14\/thumbs\/thumbs_img_2427.jpg\"\n                    width=\"100\"\n                    height=\"75\"\n                    style=\"max-width:100%;\"\n                \/>\n            <\/a>\n        <\/div>\n\t\t\t\t\t\t\t<\/div> \n\t\t\t\n        \n\t\t\t\t<div id=\"ngg-image-10\" class=\"ngg-gallery-thumbnail-box\" >\n\t\t\t\t        <div class=\"ngg-gallery-thumbnail\">\n            <a href=\"https:\/\/www.freimarianne.ch\/wp-content\/gallery\/eischoll-18-4-14\/img_2430.jpg\"\n               title=\"\"\n               data-src=\"https:\/\/www.freimarianne.ch\/wp-content\/gallery\/eischoll-18-4-14\/img_2430.jpg\"\n               data-thumbnail=\"https:\/\/www.freimarianne.ch\/wp-content\/gallery\/eischoll-18-4-14\/thumbs\/thumbs_img_2430.jpg\"\n               data-image-id=\"8222\"\n               data-title=\"img_2430\"\n               data-description=\"\"\n               data-image-slug=\"img_2430\"\n               class=\"shutterset_8800\">\n                <img\n                    title=\"img_2430\"\n                    alt=\"img_2430\"\n                    src=\"https:\/\/www.freimarianne.ch\/wp-content\/gallery\/eischoll-18-4-14\/thumbs\/thumbs_img_2430.jpg\"\n                    width=\"100\"\n                    height=\"75\"\n                    style=\"max-width:100%;\"\n                \/>\n            <\/a>\n        <\/div>\n\t\t\t\t\t\t\t<\/div> \n\t\t\t\n        \n\t\t\t\t<div id=\"ngg-image-11\" class=\"ngg-gallery-thumbnail-box\" >\n\t\t\t\t        <div class=\"ngg-gallery-thumbnail\">\n            <a href=\"https:\/\/www.freimarianne.ch\/wp-content\/gallery\/eischoll-18-4-14\/img_2436.jpg\"\n               title=\"\"\n               data-src=\"https:\/\/www.freimarianne.ch\/wp-content\/gallery\/eischoll-18-4-14\/img_2436.jpg\"\n               data-thumbnail=\"https:\/\/www.freimarianne.ch\/wp-content\/gallery\/eischoll-18-4-14\/thumbs\/thumbs_img_2436.jpg\"\n               data-image-id=\"8223\"\n               data-title=\"img_2436\"\n               data-description=\"\"\n               data-image-slug=\"img_2436\"\n               class=\"shutterset_8800\">\n                <img\n                    title=\"img_2436\"\n                    alt=\"img_2436\"\n                    src=\"https:\/\/www.freimarianne.ch\/wp-content\/gallery\/eischoll-18-4-14\/thumbs\/thumbs_img_2436.jpg\"\n                    width=\"100\"\n                    height=\"75\"\n                    style=\"max-width:100%;\"\n                \/>\n            <\/a>\n        <\/div>\n\t\t\t\t\t\t\t<\/div> \n\t\t\t\n        \n\t\t\t\t<div id=\"ngg-image-12\" class=\"ngg-gallery-thumbnail-box\" >\n\t\t\t\t        <div class=\"ngg-gallery-thumbnail\">\n            <a href=\"https:\/\/www.freimarianne.ch\/wp-content\/gallery\/eischoll-18-4-14\/img_2447.jpg\"\n               title=\"\"\n               data-src=\"https:\/\/www.freimarianne.ch\/wp-content\/gallery\/eischoll-18-4-14\/img_2447.jpg\"\n               data-thumbnail=\"https:\/\/www.freimarianne.ch\/wp-content\/gallery\/eischoll-18-4-14\/thumbs\/thumbs_img_2447.jpg\"\n               data-image-id=\"8224\"\n               data-title=\"img_2447\"\n               data-description=\"\"\n               data-image-slug=\"img_2447\"\n               class=\"shutterset_8800\">\n                <img\n                    title=\"img_2447\"\n                    alt=\"img_2447\"\n                    src=\"https:\/\/www.freimarianne.ch\/wp-content\/gallery\/eischoll-18-4-14\/thumbs\/thumbs_img_2447.jpg\"\n                    width=\"100\"\n                    height=\"75\"\n                    style=\"max-width:100%;\"\n                \/>\n            <\/a>\n        <\/div>\n\t\t\t\t\t\t\t<\/div> \n\t\t\t\n        \n\t\t\t\t<div id=\"ngg-image-13\" class=\"ngg-gallery-thumbnail-box\" >\n\t\t\t\t        <div class=\"ngg-gallery-thumbnail\">\n            <a href=\"https:\/\/www.freimarianne.ch\/wp-content\/gallery\/eischoll-18-4-14\/img_2461.jpg\"\n               title=\"\"\n               data-src=\"https:\/\/www.freimarianne.ch\/wp-content\/gallery\/eischoll-18-4-14\/img_2461.jpg\"\n               data-thumbnail=\"https:\/\/www.freimarianne.ch\/wp-content\/gallery\/eischoll-18-4-14\/thumbs\/thumbs_img_2461.jpg\"\n               data-image-id=\"8225\"\n               data-title=\"img_2461\"\n               data-description=\"\"\n               data-image-slug=\"img_2461\"\n               class=\"shutterset_8800\">\n                <img\n                    title=\"img_2461\"\n                    alt=\"img_2461\"\n                    src=\"https:\/\/www.freimarianne.ch\/wp-content\/gallery\/eischoll-18-4-14\/thumbs\/thumbs_img_2461.jpg\"\n                    width=\"100\"\n                    height=\"75\"\n                    style=\"max-width:100%;\"\n                \/>\n            <\/a>\n        <\/div>\n\t\t\t\t\t\t\t<\/div> \n\t\t\t\n        \n\t\t\t\t<div id=\"ngg-image-14\" class=\"ngg-gallery-thumbnail-box\" >\n\t\t\t\t        <div class=\"ngg-gallery-thumbnail\">\n            <a href=\"https:\/\/www.freimarianne.ch\/wp-content\/gallery\/eischoll-18-4-14\/img_2468.jpg\"\n               title=\"\"\n               data-src=\"https:\/\/www.freimarianne.ch\/wp-content\/gallery\/eischoll-18-4-14\/img_2468.jpg\"\n               data-thumbnail=\"https:\/\/www.freimarianne.ch\/wp-content\/gallery\/eischoll-18-4-14\/thumbs\/thumbs_img_2468.jpg\"\n               data-image-id=\"8226\"\n               data-title=\"img_2468\"\n               data-description=\"\"\n               data-image-slug=\"img_2468\"\n               class=\"shutterset_8800\">\n                <img\n                    title=\"img_2468\"\n                    alt=\"img_2468\"\n                    src=\"https:\/\/www.freimarianne.ch\/wp-content\/gallery\/eischoll-18-4-14\/thumbs\/thumbs_img_2468.jpg\"\n                    width=\"100\"\n                    height=\"75\"\n                    style=\"max-width:100%;\"\n                \/>\n            <\/a>\n        <\/div>\n\t\t\t\t\t\t\t<\/div> \n\t\t\t\n        \n\t\t\n\t\t<!-- Pagination -->\n\t<div class='ngg-clear'><\/div>\t<\/div>\n<\/p>\n","protected":false},"excerpt":{"rendered":"<p>Fr\u00fchlingswanderung in Eischoll Lichtblumenpfad Von Eischoll durch den Wald (teils Wanderweg, teils Waldstrasse) nach Ifil, wo in der Lichtung die Fr\u00fchlingslichtblumen (Colchium bulbocodium) wachsen. Zur\u00fcck auf sch\u00f6nen Wanderweg \u00fcber Ried, \u00c4gerde nach Eischoll. Die Fr\u00fchlingslichtblumen sind wundersch\u00f6n! Diese kleine Wanderung ist ein Erlebnis. Leider war das Wetter nicht gut und wir wanderten nicht wie vorgesehen [&hellip;]<\/p>\n","protected":false},"author":1,"featured_media":0,"parent":5166,"menu_order":7,"comment_status":"closed","ping_status":"closed","template":"","meta":{"ngg_post_thumbnail":0},"_links":{"self":[{"href":"https:\/\/www.freimarianne.ch\/index.php?rest_route=\/wp\/v2\/pages\/5222"}],"collection":[{"href":"https:\/\/www.freimarianne.ch\/index.php?rest_route=\/wp\/v2\/pages"}],"about":[{"href":"https:\/\/www.freimarianne.ch\/index.php?rest_route=\/wp\/v2\/types\/page"}],"author":[{"embeddable":true,"href":"https:\/\/www.freimarianne.ch\/index.php?rest_route=\/wp\/v2\/users\/1"}],"replies":[{"embeddable":true,"href":"https:\/\/www.freimarianne.ch\/index.php?rest_route=%2Fwp%2Fv2%2Fcomments&post=5222"}],"version-history":[{"count":10,"href":"https:\/\/www.freimarianne.ch\/index.php?rest_route=\/wp\/v2\/pages\/5222\/revisions"}],"predecessor-version":[{"id":8802,"href":"https:\/\/www.freimarianne.ch\/index.php?rest_route=\/wp\/v2\/pages\/5222\/revisions\/8802"}],"up":[{"embeddable":true,"href":"https:\/\/www.freimarianne.ch\/index.php?rest_route=\/wp\/v2\/pages\/5166"}],"wp:attachment":[{"href":"https:\/\/www.freimarianne.ch\/index.php?rest_route=%2Fwp%2Fv2%2Fmedia&parent=5222"}],"curies":[{"name":"wp","href":"https:\/\/api.w.org\/{rel}","templated":true}]}}