{"id":5287,"date":"2014-05-28T07:26:02","date_gmt":"2014-05-28T06:26:02","guid":{"rendered":"http:\/\/www.freimarianne.ch\/?page_id=5287"},"modified":"2015-01-03T11:20:34","modified_gmt":"2015-01-03T10:20:34","slug":"habkern-be-kemmeribodenbad-lu25-5-2014","status":"publish","type":"page","link":"https:\/\/www.freimarianne.ch\/?page_id=5287","title":{"rendered":"Habkern &#8211; Kemmeribodenbad, BE  25.5.2014"},"content":{"rendered":"<p><strong>Bergwanderung<\/strong> von Habkern bei Interlaken \u00fcber die Widegg nach Kemmeribodenbad<\/p>\n<p><img loading=\"lazy\" class=\"aligncenter size-full wp-image-5289\" src=\"http:\/\/www.freimarianne.ch\/wp-content\/uploads\/2014\/05\/IMG_4304_habkern_500.jpg\" alt=\"IMG_4304_habkern_500\" width=\"500\" height=\"375\" srcset=\"https:\/\/www.freimarianne.ch\/wp-content\/uploads\/2014\/05\/IMG_4304_habkern_500.jpg 500w, https:\/\/www.freimarianne.ch\/wp-content\/uploads\/2014\/05\/IMG_4304_habkern_500-300x225.jpg 300w, https:\/\/www.freimarianne.ch\/wp-content\/uploads\/2014\/05\/IMG_4304_habkern_500-400x300.jpg 400w\" sizes=\"(max-width: 500px) 100vw, 500px\" \/><br \/>\nUm 9.30 h bin ich in Habkern. Ich habe vor, heute auf die Lombachalp zu wandern. Ich treffe eine Frau an, die von der Wanderung nach Kemmeribodenbad schw\u00e4rmt, vom welcher in der &#8220;S\u00fcdostschweiz&#8221; k\u00fcrzlich berichtet wurde. Der Wanderweg Richtung Widegg geht gleich steil hinauf und ist ein schmaler Pfad! Ich folge den rotweissen Wanderzeichen, die immer geradeaus nach oben zeigen. Der Weg f\u00fchrt meist \u00fcber Wiesen und scheint kaum begangen zu sein. Zweimal verliert sich die Spur in einem Sumpf ( man geht ohnehin durch nasse Wiesen) (unterhalb Teuftal ). Aber ich kann dank meiner Karte auf das Fahrstr\u00e4sschen nach Teuftal ausweichen. Von hier aus geht es weiter steil hinauf \u00fcber eine Alp ( noch nicht bewirtschaftet) und dann habe ich nochmals etwas M\u00fche, den Weg zum L\u00e4ger 1723m zu finden. Hier oben steht ein Haus, das bewohnt ist. Von Tieren keine Spur. Oberhalb des Hauses liegt der Bolberg, auf den ich aber nicht steige.<br \/>\nVon hier aus k\u00f6nnte man eine Wanderung zur\u00fcck nach Bolsiten machen oder \u00fcber Winterr\u00f6scht 1959m auf die Lombachalp wandern.<br \/>\nW\u00e4re das Wetter etwas freundlicher, h\u00e4tte man eine grossartige Aussicht auf Eiger, M\u00f6nch und Jungfrau und so weiter. Von hier aus sieht man auch hin\u00fcber zum Niesen, Niederhorn und Gemmenalphorn.<br \/>\nDer Blick nach Norden zeigt den Hohgant, Furggeng\u00fctsch, das ausgedehnte Gebiet der Lombachalp und die Brienzerrothornkette.<\/p>\n<p>Ich nehme den Pfad l\u00e4ngs des Bolbergs unter die F\u00fcsse. Hier hat es noch wenige Schneefelder und der Pfad ist teilweise sehr nass. Die die Vegetation zeigt den soeben beginnenden Fr\u00fchling an mit Soldanellen, Enzianen und Krokussen und Mehlprimeln. Dies ist ein sch\u00f6ner Wegabschnitt hin\u00fcber zur Widegg 1707m.<br \/>\nHier halte ich eine kurze Mittagsrast. Dann geht es weiter \u00fcber die Widegg zur Abzweigung nach Spycher, einer Alpstafel mit alten Alph\u00fctten. Hier gibt es eine kurze Rast. Es treibt mich weiter &#8211; man weiss ja nie wie das Wetter sich entwickeln wird. Der Wanderweg f\u00fchrt zuerst durch offenes Gel\u00e4nde und taucht dann ein in den Wald. Teilweise ist der Pfad sehr nass. Eine Tanne liegt quer \u00fcber dem Weg. Wann wird diese zers\u00e4gt? Ich komme \u00fcber Steini 1356m. Nun ist der Wanderweg einer langweiligen Schotterstrasse, auf welcher ich ein halbe Stunde gehe. Ich frage mich, warum diese Wanderung so sehr gelobt wird. Beim Sch\u00e4rpfeberg 1271m komme ich wieder auf einen ruppigen, sehr steinigen Wanderweg. Ziemlich steil geht es hinunter zum Harzisbode und dann kann ich durch das Naturschutzgebiet Birchenmoos zur Teufelsbr\u00fccke \u00fcber die Emma gehen. Hier dr\u00e4ngt sich die junge Emme durch eine tiefe Schlucht. Auf dem Weg dh. Strasse nach Kemmeriboden gibt es eine Abzweigung zum Skulpturenweg mit weichem Untergrund, der angenehm zu gehen ist und auch einen Blick auf den Schrattenkalk gibt \u00fcber den die Emma fliesst. Endlich in Kemmeribodenbad angekommen muss ich zugunsten der Postautofahrt (ich habe nur noch eigne Minuten) auf das Meringue verzichten. Der Sonntagsbetrieb hier ist nicht gerade angenehm nachdem man f\u00fcnf Stunden allein gewandert ist.<br \/>\nLaut Swissmap:<br \/>\nGesamte Wanderung:<br \/>\nDistanz: 15.2km; Aufstieg: 820m; Abstieg: 932m; Marschzeit: 5.05 h<br \/>\nMIt den Pausen war ich 5.30 h unterwegs<\/p>\n<p>Meiner Meinung nach ist die Wanderung bis zur Widegg sehr sch\u00f6n aber der lange Abstieg nach Kemmeriboden ist nicht besonders attraktiv, da er sich sehr in die L\u00e4nge zieht und die Schotterstrasse sehr unangenehm zu gehen ist.<br \/>\n<!-- index.php -->\n<div\n\tclass=\"ngg-galleryoverview ngg-ajax-pagination-none\"\n\tid=\"ngg-gallery-8815-1\">\n\n    \t<div class=\"slideshowlink\">\n        <a href='https:\/\/www.freimarianne.ch\/index.php\/nggallery\/slideshow?page_id=5287'>[Show as slideshow]<\/a>\n\t\t\n\t<\/div>\n\t\t\t<!-- Thumbnails -->\n\t\t\t\t<div id=\"ngg-image-0\" class=\"ngg-gallery-thumbnail-box\" >\n\t\t\t\t        <div class=\"ngg-gallery-thumbnail\">\n            <a href=\"https:\/\/www.freimarianne.ch\/wp-content\/gallery\/habkern-25-5-14\/img_4262.jpg\"\n               title=\"\"\n               data-src=\"https:\/\/www.freimarianne.ch\/wp-content\/gallery\/habkern-25-5-14\/img_4262.jpg\"\n               data-thumbnail=\"https:\/\/www.freimarianne.ch\/wp-content\/gallery\/habkern-25-5-14\/thumbs\/thumbs_img_4262.jpg\"\n               data-image-id=\"8333\"\n               data-title=\"img_4262\"\n               data-description=\"\"\n               data-image-slug=\"img_4262\"\n               class=\"shutterset_8815\">\n                <img\n                    title=\"img_4262\"\n                    alt=\"img_4262\"\n                    src=\"https:\/\/www.freimarianne.ch\/wp-content\/gallery\/habkern-25-5-14\/thumbs\/thumbs_img_4262.jpg\"\n                    width=\"100\"\n                    height=\"75\"\n                    style=\"max-width:100%;\"\n                \/>\n            <\/a>\n        <\/div>\n\t\t\t\t\t\t\t<\/div> \n\t\t\t\n        \n\t\t\t\t<div id=\"ngg-image-1\" class=\"ngg-gallery-thumbnail-box\" >\n\t\t\t\t        <div class=\"ngg-gallery-thumbnail\">\n            <a href=\"https:\/\/www.freimarianne.ch\/wp-content\/gallery\/habkern-25-5-14\/img_4270.jpg\"\n               title=\"\"\n               data-src=\"https:\/\/www.freimarianne.ch\/wp-content\/gallery\/habkern-25-5-14\/img_4270.jpg\"\n               data-thumbnail=\"https:\/\/www.freimarianne.ch\/wp-content\/gallery\/habkern-25-5-14\/thumbs\/thumbs_img_4270.jpg\"\n               data-image-id=\"8334\"\n               data-title=\"img_4270\"\n               data-description=\"\"\n               data-image-slug=\"img_4270\"\n               class=\"shutterset_8815\">\n                <img\n                    title=\"img_4270\"\n                    alt=\"img_4270\"\n                    src=\"https:\/\/www.freimarianne.ch\/wp-content\/gallery\/habkern-25-5-14\/thumbs\/thumbs_img_4270.jpg\"\n                    width=\"100\"\n                    height=\"75\"\n                    style=\"max-width:100%;\"\n                \/>\n            <\/a>\n        <\/div>\n\t\t\t\t\t\t\t<\/div> \n\t\t\t\n        \n\t\t\t\t<div id=\"ngg-image-2\" class=\"ngg-gallery-thumbnail-box\" >\n\t\t\t\t        <div class=\"ngg-gallery-thumbnail\">\n            <a href=\"https:\/\/www.freimarianne.ch\/wp-content\/gallery\/habkern-25-5-14\/img_4276.jpg\"\n               title=\"\"\n               data-src=\"https:\/\/www.freimarianne.ch\/wp-content\/gallery\/habkern-25-5-14\/img_4276.jpg\"\n               data-thumbnail=\"https:\/\/www.freimarianne.ch\/wp-content\/gallery\/habkern-25-5-14\/thumbs\/thumbs_img_4276.jpg\"\n               data-image-id=\"8335\"\n               data-title=\"img_4276\"\n               data-description=\"\"\n               data-image-slug=\"img_4276\"\n               class=\"shutterset_8815\">\n                <img\n                    title=\"img_4276\"\n                    alt=\"img_4276\"\n                    src=\"https:\/\/www.freimarianne.ch\/wp-content\/gallery\/habkern-25-5-14\/thumbs\/thumbs_img_4276.jpg\"\n                    width=\"100\"\n                    height=\"75\"\n                    style=\"max-width:100%;\"\n                \/>\n            <\/a>\n        <\/div>\n\t\t\t\t\t\t\t<\/div> \n\t\t\t\n        \n\t\t\t\t<div id=\"ngg-image-3\" class=\"ngg-gallery-thumbnail-box\" >\n\t\t\t\t        <div class=\"ngg-gallery-thumbnail\">\n            <a href=\"https:\/\/www.freimarianne.ch\/wp-content\/gallery\/habkern-25-5-14\/img_4278.jpg\"\n               title=\"\"\n               data-src=\"https:\/\/www.freimarianne.ch\/wp-content\/gallery\/habkern-25-5-14\/img_4278.jpg\"\n               data-thumbnail=\"https:\/\/www.freimarianne.ch\/wp-content\/gallery\/habkern-25-5-14\/thumbs\/thumbs_img_4278.jpg\"\n               data-image-id=\"8336\"\n               data-title=\"img_4278\"\n               data-description=\"\"\n               data-image-slug=\"img_4278\"\n               class=\"shutterset_8815\">\n                <img\n                    title=\"img_4278\"\n                    alt=\"img_4278\"\n                    src=\"https:\/\/www.freimarianne.ch\/wp-content\/gallery\/habkern-25-5-14\/thumbs\/thumbs_img_4278.jpg\"\n                    width=\"100\"\n                    height=\"75\"\n                    style=\"max-width:100%;\"\n                \/>\n            <\/a>\n        <\/div>\n\t\t\t\t\t\t\t<\/div> \n\t\t\t\n        \n\t\t\t\t<div id=\"ngg-image-4\" class=\"ngg-gallery-thumbnail-box\" >\n\t\t\t\t        <div class=\"ngg-gallery-thumbnail\">\n            <a href=\"https:\/\/www.freimarianne.ch\/wp-content\/gallery\/habkern-25-5-14\/img_4300.jpg\"\n               title=\"\"\n               data-src=\"https:\/\/www.freimarianne.ch\/wp-content\/gallery\/habkern-25-5-14\/img_4300.jpg\"\n               data-thumbnail=\"https:\/\/www.freimarianne.ch\/wp-content\/gallery\/habkern-25-5-14\/thumbs\/thumbs_img_4300.jpg\"\n               data-image-id=\"8337\"\n               data-title=\"img_4300\"\n               data-description=\"\"\n               data-image-slug=\"img_4300\"\n               class=\"shutterset_8815\">\n                <img\n                    title=\"img_4300\"\n                    alt=\"img_4300\"\n                    src=\"https:\/\/www.freimarianne.ch\/wp-content\/gallery\/habkern-25-5-14\/thumbs\/thumbs_img_4300.jpg\"\n                    width=\"100\"\n                    height=\"75\"\n                    style=\"max-width:100%;\"\n                \/>\n            <\/a>\n        <\/div>\n\t\t\t\t\t\t\t<\/div> \n\t\t\t\n        \n\t\t\t\t<div id=\"ngg-image-5\" class=\"ngg-gallery-thumbnail-box\" >\n\t\t\t\t        <div class=\"ngg-gallery-thumbnail\">\n            <a href=\"https:\/\/www.freimarianne.ch\/wp-content\/gallery\/habkern-25-5-14\/img_4309.jpg\"\n               title=\"\"\n               data-src=\"https:\/\/www.freimarianne.ch\/wp-content\/gallery\/habkern-25-5-14\/img_4309.jpg\"\n               data-thumbnail=\"https:\/\/www.freimarianne.ch\/wp-content\/gallery\/habkern-25-5-14\/thumbs\/thumbs_img_4309.jpg\"\n               data-image-id=\"8338\"\n               data-title=\"img_4309\"\n               data-description=\"\"\n               data-image-slug=\"img_4309-2\"\n               class=\"shutterset_8815\">\n                <img\n                    title=\"img_4309\"\n                    alt=\"img_4309\"\n                    src=\"https:\/\/www.freimarianne.ch\/wp-content\/gallery\/habkern-25-5-14\/thumbs\/thumbs_img_4309.jpg\"\n                    width=\"100\"\n                    height=\"75\"\n                    style=\"max-width:100%;\"\n                \/>\n            <\/a>\n        <\/div>\n\t\t\t\t\t\t\t<\/div> \n\t\t\t\n        \n\t\t\t\t<div id=\"ngg-image-6\" class=\"ngg-gallery-thumbnail-box\" >\n\t\t\t\t        <div class=\"ngg-gallery-thumbnail\">\n            <a href=\"https:\/\/www.freimarianne.ch\/wp-content\/gallery\/habkern-25-5-14\/img_4315.jpg\"\n               title=\"\"\n               data-src=\"https:\/\/www.freimarianne.ch\/wp-content\/gallery\/habkern-25-5-14\/img_4315.jpg\"\n               data-thumbnail=\"https:\/\/www.freimarianne.ch\/wp-content\/gallery\/habkern-25-5-14\/thumbs\/thumbs_img_4315.jpg\"\n               data-image-id=\"8339\"\n               data-title=\"img_4315\"\n               data-description=\"\"\n               data-image-slug=\"img_4315-2\"\n               class=\"shutterset_8815\">\n                <img\n                    title=\"img_4315\"\n                    alt=\"img_4315\"\n                    src=\"https:\/\/www.freimarianne.ch\/wp-content\/gallery\/habkern-25-5-14\/thumbs\/thumbs_img_4315.jpg\"\n                    width=\"100\"\n                    height=\"75\"\n                    style=\"max-width:100%;\"\n                \/>\n            <\/a>\n        <\/div>\n\t\t\t\t\t\t\t<\/div> \n\t\t\t\n        \n\t\t\t\t<div id=\"ngg-image-7\" class=\"ngg-gallery-thumbnail-box\" >\n\t\t\t\t        <div class=\"ngg-gallery-thumbnail\">\n            <a href=\"https:\/\/www.freimarianne.ch\/wp-content\/gallery\/habkern-25-5-14\/img_4316.jpg\"\n               title=\"\"\n               data-src=\"https:\/\/www.freimarianne.ch\/wp-content\/gallery\/habkern-25-5-14\/img_4316.jpg\"\n               data-thumbnail=\"https:\/\/www.freimarianne.ch\/wp-content\/gallery\/habkern-25-5-14\/thumbs\/thumbs_img_4316.jpg\"\n               data-image-id=\"8340\"\n               data-title=\"img_4316\"\n               data-description=\"\"\n               data-image-slug=\"img_4316\"\n               class=\"shutterset_8815\">\n                <img\n                    title=\"img_4316\"\n                    alt=\"img_4316\"\n                    src=\"https:\/\/www.freimarianne.ch\/wp-content\/gallery\/habkern-25-5-14\/thumbs\/thumbs_img_4316.jpg\"\n                    width=\"100\"\n                    height=\"75\"\n                    style=\"max-width:100%;\"\n                \/>\n            <\/a>\n        <\/div>\n\t\t\t\t\t\t\t<\/div> \n\t\t\t\n        \n\t\t\t\t<div id=\"ngg-image-8\" class=\"ngg-gallery-thumbnail-box\" >\n\t\t\t\t        <div class=\"ngg-gallery-thumbnail\">\n            <a href=\"https:\/\/www.freimarianne.ch\/wp-content\/gallery\/habkern-25-5-14\/img_4329.jpg\"\n               title=\"\"\n               data-src=\"https:\/\/www.freimarianne.ch\/wp-content\/gallery\/habkern-25-5-14\/img_4329.jpg\"\n               data-thumbnail=\"https:\/\/www.freimarianne.ch\/wp-content\/gallery\/habkern-25-5-14\/thumbs\/thumbs_img_4329.jpg\"\n               data-image-id=\"8341\"\n               data-title=\"img_4329\"\n               data-description=\"\"\n               data-image-slug=\"img_4329\"\n               class=\"shutterset_8815\">\n                <img\n                    title=\"img_4329\"\n                    alt=\"img_4329\"\n                    src=\"https:\/\/www.freimarianne.ch\/wp-content\/gallery\/habkern-25-5-14\/thumbs\/thumbs_img_4329.jpg\"\n                    width=\"100\"\n                    height=\"75\"\n                    style=\"max-width:100%;\"\n                \/>\n            <\/a>\n        <\/div>\n\t\t\t\t\t\t\t<\/div> \n\t\t\t\n        \n\t\t\t\t<div id=\"ngg-image-9\" class=\"ngg-gallery-thumbnail-box\" >\n\t\t\t\t        <div class=\"ngg-gallery-thumbnail\">\n            <a href=\"https:\/\/www.freimarianne.ch\/wp-content\/gallery\/habkern-25-5-14\/img_4336.jpg\"\n               title=\"\"\n               data-src=\"https:\/\/www.freimarianne.ch\/wp-content\/gallery\/habkern-25-5-14\/img_4336.jpg\"\n               data-thumbnail=\"https:\/\/www.freimarianne.ch\/wp-content\/gallery\/habkern-25-5-14\/thumbs\/thumbs_img_4336.jpg\"\n               data-image-id=\"8342\"\n               data-title=\"img_4336\"\n               data-description=\"\"\n               data-image-slug=\"img_4336-2\"\n               class=\"shutterset_8815\">\n                <img\n                    title=\"img_4336\"\n                    alt=\"img_4336\"\n                    src=\"https:\/\/www.freimarianne.ch\/wp-content\/gallery\/habkern-25-5-14\/thumbs\/thumbs_img_4336.jpg\"\n                    width=\"100\"\n                    height=\"75\"\n                    style=\"max-width:100%;\"\n                \/>\n            <\/a>\n        <\/div>\n\t\t\t\t\t\t\t<\/div> \n\t\t\t\n        \n\t\t\t\t<div id=\"ngg-image-10\" class=\"ngg-gallery-thumbnail-box\" >\n\t\t\t\t        <div class=\"ngg-gallery-thumbnail\">\n            <a href=\"https:\/\/www.freimarianne.ch\/wp-content\/gallery\/habkern-25-5-14\/img_4349.jpg\"\n               title=\"\"\n               data-src=\"https:\/\/www.freimarianne.ch\/wp-content\/gallery\/habkern-25-5-14\/img_4349.jpg\"\n               data-thumbnail=\"https:\/\/www.freimarianne.ch\/wp-content\/gallery\/habkern-25-5-14\/thumbs\/thumbs_img_4349.jpg\"\n               data-image-id=\"8343\"\n               data-title=\"img_4349\"\n               data-description=\"\"\n               data-image-slug=\"img_4349\"\n               class=\"shutterset_8815\">\n                <img\n                    title=\"img_4349\"\n                    alt=\"img_4349\"\n                    src=\"https:\/\/www.freimarianne.ch\/wp-content\/gallery\/habkern-25-5-14\/thumbs\/thumbs_img_4349.jpg\"\n                    width=\"100\"\n                    height=\"75\"\n                    style=\"max-width:100%;\"\n                \/>\n            <\/a>\n        <\/div>\n\t\t\t\t\t\t\t<\/div> \n\t\t\t\n        \n\t\t\t\t<div id=\"ngg-image-11\" class=\"ngg-gallery-thumbnail-box\" >\n\t\t\t\t        <div class=\"ngg-gallery-thumbnail\">\n            <a href=\"https:\/\/www.freimarianne.ch\/wp-content\/gallery\/habkern-25-5-14\/img_4362.jpg\"\n               title=\"\"\n               data-src=\"https:\/\/www.freimarianne.ch\/wp-content\/gallery\/habkern-25-5-14\/img_4362.jpg\"\n               data-thumbnail=\"https:\/\/www.freimarianne.ch\/wp-content\/gallery\/habkern-25-5-14\/thumbs\/thumbs_img_4362.jpg\"\n               data-image-id=\"8344\"\n               data-title=\"img_4362\"\n               data-description=\"\"\n               data-image-slug=\"img_4362\"\n               class=\"shutterset_8815\">\n                <img\n                    title=\"img_4362\"\n                    alt=\"img_4362\"\n                    src=\"https:\/\/www.freimarianne.ch\/wp-content\/gallery\/habkern-25-5-14\/thumbs\/thumbs_img_4362.jpg\"\n                    width=\"100\"\n                    height=\"75\"\n                    style=\"max-width:100%;\"\n                \/>\n            <\/a>\n        <\/div>\n\t\t\t\t\t\t\t<\/div> \n\t\t\t\n        \n\t\t\t\t<div id=\"ngg-image-12\" class=\"ngg-gallery-thumbnail-box\" >\n\t\t\t\t        <div class=\"ngg-gallery-thumbnail\">\n            <a href=\"https:\/\/www.freimarianne.ch\/wp-content\/gallery\/habkern-25-5-14\/img_4364.jpg\"\n               title=\"\"\n               data-src=\"https:\/\/www.freimarianne.ch\/wp-content\/gallery\/habkern-25-5-14\/img_4364.jpg\"\n               data-thumbnail=\"https:\/\/www.freimarianne.ch\/wp-content\/gallery\/habkern-25-5-14\/thumbs\/thumbs_img_4364.jpg\"\n               data-image-id=\"8345\"\n               data-title=\"img_4364\"\n               data-description=\"\"\n               data-image-slug=\"img_4364\"\n               class=\"shutterset_8815\">\n                <img\n                    title=\"img_4364\"\n                    alt=\"img_4364\"\n                    src=\"https:\/\/www.freimarianne.ch\/wp-content\/gallery\/habkern-25-5-14\/thumbs\/thumbs_img_4364.jpg\"\n                    width=\"100\"\n                    height=\"75\"\n                    style=\"max-width:100%;\"\n                \/>\n            <\/a>\n        <\/div>\n\t\t\t\t\t\t\t<\/div> \n\t\t\t\n        \n\t\t\t\t<div id=\"ngg-image-13\" class=\"ngg-gallery-thumbnail-box\" >\n\t\t\t\t        <div class=\"ngg-gallery-thumbnail\">\n            <a href=\"https:\/\/www.freimarianne.ch\/wp-content\/gallery\/habkern-25-5-14\/img_4372.jpg\"\n               title=\"\"\n               data-src=\"https:\/\/www.freimarianne.ch\/wp-content\/gallery\/habkern-25-5-14\/img_4372.jpg\"\n               data-thumbnail=\"https:\/\/www.freimarianne.ch\/wp-content\/gallery\/habkern-25-5-14\/thumbs\/thumbs_img_4372.jpg\"\n               data-image-id=\"8346\"\n               data-title=\"img_4372\"\n               data-description=\"\"\n               data-image-slug=\"img_4372-2\"\n               class=\"shutterset_8815\">\n                <img\n                    title=\"img_4372\"\n                    alt=\"img_4372\"\n                    src=\"https:\/\/www.freimarianne.ch\/wp-content\/gallery\/habkern-25-5-14\/thumbs\/thumbs_img_4372.jpg\"\n                    width=\"100\"\n                    height=\"75\"\n                    style=\"max-width:100%;\"\n                \/>\n            <\/a>\n        <\/div>\n\t\t\t\t\t\t\t<\/div> \n\t\t\t\n        \n\t\t\t\t<div id=\"ngg-image-14\" class=\"ngg-gallery-thumbnail-box\" >\n\t\t\t\t        <div class=\"ngg-gallery-thumbnail\">\n            <a href=\"https:\/\/www.freimarianne.ch\/wp-content\/gallery\/habkern-25-5-14\/img_4393.jpg\"\n               title=\"\"\n               data-src=\"https:\/\/www.freimarianne.ch\/wp-content\/gallery\/habkern-25-5-14\/img_4393.jpg\"\n               data-thumbnail=\"https:\/\/www.freimarianne.ch\/wp-content\/gallery\/habkern-25-5-14\/thumbs\/thumbs_img_4393.jpg\"\n               data-image-id=\"8347\"\n               data-title=\"img_4393\"\n               data-description=\"\"\n               data-image-slug=\"img_4393\"\n               class=\"shutterset_8815\">\n                <img\n                    title=\"img_4393\"\n                    alt=\"img_4393\"\n                    src=\"https:\/\/www.freimarianne.ch\/wp-content\/gallery\/habkern-25-5-14\/thumbs\/thumbs_img_4393.jpg\"\n                    width=\"100\"\n                    height=\"75\"\n                    style=\"max-width:100%;\"\n                \/>\n            <\/a>\n        <\/div>\n\t\t\t\t\t\t\t<\/div> \n\t\t\t\n        \n\t\t\t\t<div id=\"ngg-image-15\" class=\"ngg-gallery-thumbnail-box\" >\n\t\t\t\t        <div class=\"ngg-gallery-thumbnail\">\n            <a href=\"https:\/\/www.freimarianne.ch\/wp-content\/gallery\/habkern-25-5-14\/img_4397.jpg\"\n               title=\"\"\n               data-src=\"https:\/\/www.freimarianne.ch\/wp-content\/gallery\/habkern-25-5-14\/img_4397.jpg\"\n               data-thumbnail=\"https:\/\/www.freimarianne.ch\/wp-content\/gallery\/habkern-25-5-14\/thumbs\/thumbs_img_4397.jpg\"\n               data-image-id=\"8348\"\n               data-title=\"img_4397\"\n               data-description=\"\"\n               data-image-slug=\"img_4397-2\"\n               class=\"shutterset_8815\">\n                <img\n                    title=\"img_4397\"\n                    alt=\"img_4397\"\n                    src=\"https:\/\/www.freimarianne.ch\/wp-content\/gallery\/habkern-25-5-14\/thumbs\/thumbs_img_4397.jpg\"\n                    width=\"100\"\n                    height=\"75\"\n                    style=\"max-width:100%;\"\n                \/>\n            <\/a>\n        <\/div>\n\t\t\t\t\t\t\t<\/div> \n\t\t\t\n        \n\t\t\t\t<div id=\"ngg-image-16\" class=\"ngg-gallery-thumbnail-box\" >\n\t\t\t\t        <div class=\"ngg-gallery-thumbnail\">\n            <a href=\"https:\/\/www.freimarianne.ch\/wp-content\/gallery\/habkern-25-5-14\/img_4407.jpg\"\n               title=\"\"\n               data-src=\"https:\/\/www.freimarianne.ch\/wp-content\/gallery\/habkern-25-5-14\/img_4407.jpg\"\n               data-thumbnail=\"https:\/\/www.freimarianne.ch\/wp-content\/gallery\/habkern-25-5-14\/thumbs\/thumbs_img_4407.jpg\"\n               data-image-id=\"8349\"\n               data-title=\"img_4407\"\n               data-description=\"\"\n               data-image-slug=\"img_4407\"\n               class=\"shutterset_8815\">\n                <img\n                    title=\"img_4407\"\n                    alt=\"img_4407\"\n                    src=\"https:\/\/www.freimarianne.ch\/wp-content\/gallery\/habkern-25-5-14\/thumbs\/thumbs_img_4407.jpg\"\n                    width=\"100\"\n                    height=\"75\"\n                    style=\"max-width:100%;\"\n                \/>\n            <\/a>\n        <\/div>\n\t\t\t\t\t\t\t<\/div> \n\t\t\t\n        \n\t\t\n\t\t<!-- Pagination -->\n\t<div class='ngg-clear'><\/div>\t<\/div>\n<\/p>\n","protected":false},"excerpt":{"rendered":"<p>Bergwanderung von Habkern bei Interlaken \u00fcber die Widegg nach Kemmeribodenbad Um 9.30 h bin ich in Habkern. Ich habe vor, heute auf die Lombachalp zu wandern. Ich treffe eine Frau an, die von der Wanderung nach Kemmeribodenbad schw\u00e4rmt, vom welcher in der &#8220;S\u00fcdostschweiz&#8221; k\u00fcrzlich berichtet wurde. Der Wanderweg Richtung Widegg geht gleich steil hinauf und [&hellip;]<\/p>\n","protected":false},"author":1,"featured_media":0,"parent":5166,"menu_order":12,"comment_status":"closed","ping_status":"closed","template":"","meta":{"ngg_post_thumbnail":0},"_links":{"self":[{"href":"https:\/\/www.freimarianne.ch\/index.php?rest_route=\/wp\/v2\/pages\/5287"}],"collection":[{"href":"https:\/\/www.freimarianne.ch\/index.php?rest_route=\/wp\/v2\/pages"}],"about":[{"href":"https:\/\/www.freimarianne.ch\/index.php?rest_route=\/wp\/v2\/types\/page"}],"author":[{"embeddable":true,"href":"https:\/\/www.freimarianne.ch\/index.php?rest_route=\/wp\/v2\/users\/1"}],"replies":[{"embeddable":true,"href":"https:\/\/www.freimarianne.ch\/index.php?rest_route=%2Fwp%2Fv2%2Fcomments&post=5287"}],"version-history":[{"count":10,"href":"https:\/\/www.freimarianne.ch\/index.php?rest_route=\/wp\/v2\/pages\/5287\/revisions"}],"predecessor-version":[{"id":8817,"href":"https:\/\/www.freimarianne.ch\/index.php?rest_route=\/wp\/v2\/pages\/5287\/revisions\/8817"}],"up":[{"embeddable":true,"href":"https:\/\/www.freimarianne.ch\/index.php?rest_route=\/wp\/v2\/pages\/5166"}],"wp:attachment":[{"href":"https:\/\/www.freimarianne.ch\/index.php?rest_route=%2Fwp%2Fv2%2Fmedia&parent=5287"}],"curies":[{"name":"wp","href":"https:\/\/api.w.org\/{rel}","templated":true}]}}