{"id":5305,"date":"2014-06-03T09:48:31","date_gmt":"2014-06-03T08:48:31","guid":{"rendered":"http:\/\/www.freimarianne.ch\/?page_id=5305"},"modified":"2015-01-03T10:34:44","modified_gmt":"2015-01-03T09:34:44","slug":"rossberg-frauenschuhwanderung-1-6-2014","status":"publish","type":"page","link":"https:\/\/www.freimarianne.ch\/?page_id=5305","title":{"rendered":"Rossberg &#8211; Frauenschuhwanderung 1.6.2014"},"content":{"rendered":"<p><strong>Wanderung<\/strong> am Rossberg bei Arth Goldau<br \/>\nmit dem Novartis Sportclub und den Naturfreunden<br \/>\n<img loading=\"lazy\" class=\"aligncenter size-full wp-image-5308\" src=\"http:\/\/www.freimarianne.ch\/wp-content\/uploads\/2014\/06\/IMG_4479_6.jpg\" alt=\"IMG_4479_6\" width=\"500\" height=\"375\" srcset=\"https:\/\/www.freimarianne.ch\/wp-content\/uploads\/2014\/06\/IMG_4479_6.jpg 500w, https:\/\/www.freimarianne.ch\/wp-content\/uploads\/2014\/06\/IMG_4479_6-300x225.jpg 300w, https:\/\/www.freimarianne.ch\/wp-content\/uploads\/2014\/06\/IMG_4479_6-400x300.jpg 400w\" sizes=\"(max-width: 500px) 100vw, 500px\" \/><br \/>\nEine grosse Wandergruppe, die sich aus Mitgliedern des Novartis Sportclubs und der Naturfreunde zusammensetzt, freut sich darauf, die Frauenschuhe ( Cypridedium calceolus) am Rossberg zu sehen.<br \/>\nDer Rossberg, das Felssturzgebiet soll mehr als dreissig Orchideenarten heherbergen.<br \/>\nWir marschieren um 9.45 h in Arth Goldau los und k\u00f6nnen bald einmal in den \u201eSchuttwald\u201ceinsteigen. Der schmale Wanderweg f\u00fchrt steil hinauf . Bei der ersten Querstrasse gibt es eine kurze Rast, um zu trinken und auf die Nachz\u00fcgler zu warten, die mit ihren Fotoapparaten immer noch im Walde auf der Pirsch sind.<br \/>\nNoch haben wir kaum einen Frauenschuh gesehen! Das \u00e4ndert sich aber je weiter wir durch den Wald hinaufsteigen. Immer wieder entdeckt jemand im dichten Waldgr\u00fcn die auffallenden gelben \u201eSchuhe\u201c einzeln oder meist in B\u00fcscheln.<br \/>\nWir gelangen bald auf den Querweg, der zum Bergsturzgebiet und nach Gibsch f\u00fchrt. Hier gibt es eine lange Fotopause und erneutes Warten auf die Nachz\u00fcgler.<br \/>\nVon der Lichtung aus hat man eine Blick auf die Rigikette.<br \/>\nWir gehen weiter auf dem Querweg durch den Wald nach Ober Spitzib\u00fchl 957m, wo wir auf einer mit Felsbl\u00f6cken durchsetzten Wiese unter B\u00e4umen unseren Mittagshalt halten. Dies ist ein wundersch\u00f6ner, lauschiger Ort und wir geniessen den Sonnenschein und das Gebimmel der Kuhglocken.<br \/>\nNach einer Stunde Pause machen wir uns um 13.00 h wieder auf den Weg. Es geht kurz auf dem Str\u00e4sschen bergab und dann steigen wir auf einem teilweise nassen Kuhpfad hinauf auf eine Anh\u00f6he. Von dort aus wandern wir auf einem schmalen Bergpfad durch den Wald hinunter .<br \/>\nWir machen eine kurze Pause bei einem Picknickplatz im Walde. Weiter unten beim einem Aussichtspunkt mit Schweizer Fahne gibt es ein Gruppenbild. Auf einem angenehmen Pfad erreichen wir nach Arth Goldau, wo es am Bahnhof noch zu einer Glac\u00e9 oder zu einem Kaffee reicht.<br \/>\nUm 15.14 h steigen wir in den Zug nach Basel. Wir haben wie auf der Hinfahrt reservierte Pl\u00e4tze.<\/p>\n<p><!-- index.php -->\n<div\n\tclass=\"ngg-galleryoverview ngg-ajax-pagination-none\"\n\tid=\"ngg-gallery-8740-1\">\n\n    \t<div class=\"slideshowlink\">\n        <a href='https:\/\/www.freimarianne.ch\/index.php\/nggallery\/slideshow?page_id=5305'>[Show as slideshow]<\/a>\n\t\t\n\t<\/div>\n\t\t\t<!-- Thumbnails -->\n\t\t\t\t<div id=\"ngg-image-0\" class=\"ngg-gallery-thumbnail-box\" >\n\t\t\t\t        <div class=\"ngg-gallery-thumbnail\">\n            <a href=\"https:\/\/www.freimarianne.ch\/wp-content\/gallery\/rossberg-1-6-14\/img_4458.jpg\"\n               title=\"\"\n               data-src=\"https:\/\/www.freimarianne.ch\/wp-content\/gallery\/rossberg-1-6-14\/img_4458.jpg\"\n               data-thumbnail=\"https:\/\/www.freimarianne.ch\/wp-content\/gallery\/rossberg-1-6-14\/thumbs\/thumbs_img_4458.jpg\"\n               data-image-id=\"8361\"\n               data-title=\"img_4458\"\n               data-description=\"\"\n               data-image-slug=\"img_4458-2\"\n               class=\"shutterset_8740\">\n                <img\n                    title=\"img_4458\"\n                    alt=\"img_4458\"\n                    src=\"https:\/\/www.freimarianne.ch\/wp-content\/gallery\/rossberg-1-6-14\/thumbs\/thumbs_img_4458.jpg\"\n                    width=\"100\"\n                    height=\"75\"\n                    style=\"max-width:100%;\"\n                \/>\n            <\/a>\n        <\/div>\n\t\t\t\t\t\t\t<\/div> \n\t\t\t\n        \n\t\t\t\t<div id=\"ngg-image-1\" class=\"ngg-gallery-thumbnail-box\" >\n\t\t\t\t        <div class=\"ngg-gallery-thumbnail\">\n            <a href=\"https:\/\/www.freimarianne.ch\/wp-content\/gallery\/rossberg-1-6-14\/img_4462.jpg\"\n               title=\"\"\n               data-src=\"https:\/\/www.freimarianne.ch\/wp-content\/gallery\/rossberg-1-6-14\/img_4462.jpg\"\n               data-thumbnail=\"https:\/\/www.freimarianne.ch\/wp-content\/gallery\/rossberg-1-6-14\/thumbs\/thumbs_img_4462.jpg\"\n               data-image-id=\"8362\"\n               data-title=\"img_4462\"\n               data-description=\"\"\n               data-image-slug=\"img_4462-2\"\n               class=\"shutterset_8740\">\n                <img\n                    title=\"img_4462\"\n                    alt=\"img_4462\"\n                    src=\"https:\/\/www.freimarianne.ch\/wp-content\/gallery\/rossberg-1-6-14\/thumbs\/thumbs_img_4462.jpg\"\n                    width=\"100\"\n                    height=\"75\"\n                    style=\"max-width:100%;\"\n                \/>\n            <\/a>\n        <\/div>\n\t\t\t\t\t\t\t<\/div> \n\t\t\t\n        \n\t\t\t\t<div id=\"ngg-image-2\" class=\"ngg-gallery-thumbnail-box\" >\n\t\t\t\t        <div class=\"ngg-gallery-thumbnail\">\n            <a href=\"https:\/\/www.freimarianne.ch\/wp-content\/gallery\/rossberg-1-6-14\/img_4466.jpg\"\n               title=\"\"\n               data-src=\"https:\/\/www.freimarianne.ch\/wp-content\/gallery\/rossberg-1-6-14\/img_4466.jpg\"\n               data-thumbnail=\"https:\/\/www.freimarianne.ch\/wp-content\/gallery\/rossberg-1-6-14\/thumbs\/thumbs_img_4466.jpg\"\n               data-image-id=\"8363\"\n               data-title=\"img_4466\"\n               data-description=\"\"\n               data-image-slug=\"img_4466\"\n               class=\"shutterset_8740\">\n                <img\n                    title=\"img_4466\"\n                    alt=\"img_4466\"\n                    src=\"https:\/\/www.freimarianne.ch\/wp-content\/gallery\/rossberg-1-6-14\/thumbs\/thumbs_img_4466.jpg\"\n                    width=\"100\"\n                    height=\"75\"\n                    style=\"max-width:100%;\"\n                \/>\n            <\/a>\n        <\/div>\n\t\t\t\t\t\t\t<\/div> \n\t\t\t\n        \n\t\t\t\t<div id=\"ngg-image-3\" class=\"ngg-gallery-thumbnail-box\" >\n\t\t\t\t        <div class=\"ngg-gallery-thumbnail\">\n            <a href=\"https:\/\/www.freimarianne.ch\/wp-content\/gallery\/rossberg-1-6-14\/img_4477.jpg\"\n               title=\"\"\n               data-src=\"https:\/\/www.freimarianne.ch\/wp-content\/gallery\/rossberg-1-6-14\/img_4477.jpg\"\n               data-thumbnail=\"https:\/\/www.freimarianne.ch\/wp-content\/gallery\/rossberg-1-6-14\/thumbs\/thumbs_img_4477.jpg\"\n               data-image-id=\"8364\"\n               data-title=\"img_4477\"\n               data-description=\"\"\n               data-image-slug=\"img_4477\"\n               class=\"shutterset_8740\">\n                <img\n                    title=\"img_4477\"\n                    alt=\"img_4477\"\n                    src=\"https:\/\/www.freimarianne.ch\/wp-content\/gallery\/rossberg-1-6-14\/thumbs\/thumbs_img_4477.jpg\"\n                    width=\"100\"\n                    height=\"75\"\n                    style=\"max-width:100%;\"\n                \/>\n            <\/a>\n        <\/div>\n\t\t\t\t\t\t\t<\/div> \n\t\t\t\n        \n\t\t\t\t<div id=\"ngg-image-4\" class=\"ngg-gallery-thumbnail-box\" >\n\t\t\t\t        <div class=\"ngg-gallery-thumbnail\">\n            <a href=\"https:\/\/www.freimarianne.ch\/wp-content\/gallery\/rossberg-1-6-14\/img_4479.jpg\"\n               title=\"\"\n               data-src=\"https:\/\/www.freimarianne.ch\/wp-content\/gallery\/rossberg-1-6-14\/img_4479.jpg\"\n               data-thumbnail=\"https:\/\/www.freimarianne.ch\/wp-content\/gallery\/rossberg-1-6-14\/thumbs\/thumbs_img_4479.jpg\"\n               data-image-id=\"8365\"\n               data-title=\"img_4479\"\n               data-description=\"\"\n               data-image-slug=\"img_4479-2\"\n               class=\"shutterset_8740\">\n                <img\n                    title=\"img_4479\"\n                    alt=\"img_4479\"\n                    src=\"https:\/\/www.freimarianne.ch\/wp-content\/gallery\/rossberg-1-6-14\/thumbs\/thumbs_img_4479.jpg\"\n                    width=\"100\"\n                    height=\"75\"\n                    style=\"max-width:100%;\"\n                \/>\n            <\/a>\n        <\/div>\n\t\t\t\t\t\t\t<\/div> \n\t\t\t\n        \n\t\t\t\t<div id=\"ngg-image-5\" class=\"ngg-gallery-thumbnail-box\" >\n\t\t\t\t        <div class=\"ngg-gallery-thumbnail\">\n            <a href=\"https:\/\/www.freimarianne.ch\/wp-content\/gallery\/rossberg-1-6-14\/img_4483.jpg\"\n               title=\"\"\n               data-src=\"https:\/\/www.freimarianne.ch\/wp-content\/gallery\/rossberg-1-6-14\/img_4483.jpg\"\n               data-thumbnail=\"https:\/\/www.freimarianne.ch\/wp-content\/gallery\/rossberg-1-6-14\/thumbs\/thumbs_img_4483.jpg\"\n               data-image-id=\"8366\"\n               data-title=\"img_4483\"\n               data-description=\"\"\n               data-image-slug=\"img_4483-2\"\n               class=\"shutterset_8740\">\n                <img\n                    title=\"img_4483\"\n                    alt=\"img_4483\"\n                    src=\"https:\/\/www.freimarianne.ch\/wp-content\/gallery\/rossberg-1-6-14\/thumbs\/thumbs_img_4483.jpg\"\n                    width=\"100\"\n                    height=\"75\"\n                    style=\"max-width:100%;\"\n                \/>\n            <\/a>\n        <\/div>\n\t\t\t\t\t\t\t<\/div> \n\t\t\t\n        \n\t\t\t\t<div id=\"ngg-image-6\" class=\"ngg-gallery-thumbnail-box\" >\n\t\t\t\t        <div class=\"ngg-gallery-thumbnail\">\n            <a href=\"https:\/\/www.freimarianne.ch\/wp-content\/gallery\/rossberg-1-6-14\/img_4487.jpg\"\n               title=\"\"\n               data-src=\"https:\/\/www.freimarianne.ch\/wp-content\/gallery\/rossberg-1-6-14\/img_4487.jpg\"\n               data-thumbnail=\"https:\/\/www.freimarianne.ch\/wp-content\/gallery\/rossberg-1-6-14\/thumbs\/thumbs_img_4487.jpg\"\n               data-image-id=\"8367\"\n               data-title=\"img_4487\"\n               data-description=\"\"\n               data-image-slug=\"img_4487\"\n               class=\"shutterset_8740\">\n                <img\n                    title=\"img_4487\"\n                    alt=\"img_4487\"\n                    src=\"https:\/\/www.freimarianne.ch\/wp-content\/gallery\/rossberg-1-6-14\/thumbs\/thumbs_img_4487.jpg\"\n                    width=\"100\"\n                    height=\"75\"\n                    style=\"max-width:100%;\"\n                \/>\n            <\/a>\n        <\/div>\n\t\t\t\t\t\t\t<\/div> \n\t\t\t\n        \n\t\t\t\t<div id=\"ngg-image-7\" class=\"ngg-gallery-thumbnail-box\" >\n\t\t\t\t        <div class=\"ngg-gallery-thumbnail\">\n            <a href=\"https:\/\/www.freimarianne.ch\/wp-content\/gallery\/rossberg-1-6-14\/img_4490.jpg\"\n               title=\"\"\n               data-src=\"https:\/\/www.freimarianne.ch\/wp-content\/gallery\/rossberg-1-6-14\/img_4490.jpg\"\n               data-thumbnail=\"https:\/\/www.freimarianne.ch\/wp-content\/gallery\/rossberg-1-6-14\/thumbs\/thumbs_img_4490.jpg\"\n               data-image-id=\"8368\"\n               data-title=\"img_4490\"\n               data-description=\"\"\n               data-image-slug=\"img_4490\"\n               class=\"shutterset_8740\">\n                <img\n                    title=\"img_4490\"\n                    alt=\"img_4490\"\n                    src=\"https:\/\/www.freimarianne.ch\/wp-content\/gallery\/rossberg-1-6-14\/thumbs\/thumbs_img_4490.jpg\"\n                    width=\"100\"\n                    height=\"75\"\n                    style=\"max-width:100%;\"\n                \/>\n            <\/a>\n        <\/div>\n\t\t\t\t\t\t\t<\/div> \n\t\t\t\n        \n\t\t\t\t<div id=\"ngg-image-8\" class=\"ngg-gallery-thumbnail-box\" >\n\t\t\t\t        <div class=\"ngg-gallery-thumbnail\">\n            <a href=\"https:\/\/www.freimarianne.ch\/wp-content\/gallery\/rossberg-1-6-14\/img_4492.jpg\"\n               title=\"\"\n               data-src=\"https:\/\/www.freimarianne.ch\/wp-content\/gallery\/rossberg-1-6-14\/img_4492.jpg\"\n               data-thumbnail=\"https:\/\/www.freimarianne.ch\/wp-content\/gallery\/rossberg-1-6-14\/thumbs\/thumbs_img_4492.jpg\"\n               data-image-id=\"8369\"\n               data-title=\"img_4492\"\n               data-description=\"\"\n               data-image-slug=\"img_4492\"\n               class=\"shutterset_8740\">\n                <img\n                    title=\"img_4492\"\n                    alt=\"img_4492\"\n                    src=\"https:\/\/www.freimarianne.ch\/wp-content\/gallery\/rossberg-1-6-14\/thumbs\/thumbs_img_4492.jpg\"\n                    width=\"100\"\n                    height=\"75\"\n                    style=\"max-width:100%;\"\n                \/>\n            <\/a>\n        <\/div>\n\t\t\t\t\t\t\t<\/div> \n\t\t\t\n        \n\t\t\t\t<div id=\"ngg-image-9\" class=\"ngg-gallery-thumbnail-box\" >\n\t\t\t\t        <div class=\"ngg-gallery-thumbnail\">\n            <a href=\"https:\/\/www.freimarianne.ch\/wp-content\/gallery\/rossberg-1-6-14\/img_4495.jpg\"\n               title=\"\"\n               data-src=\"https:\/\/www.freimarianne.ch\/wp-content\/gallery\/rossberg-1-6-14\/img_4495.jpg\"\n               data-thumbnail=\"https:\/\/www.freimarianne.ch\/wp-content\/gallery\/rossberg-1-6-14\/thumbs\/thumbs_img_4495.jpg\"\n               data-image-id=\"8370\"\n               data-title=\"img_4495\"\n               data-description=\"\"\n               data-image-slug=\"img_4495\"\n               class=\"shutterset_8740\">\n                <img\n                    title=\"img_4495\"\n                    alt=\"img_4495\"\n                    src=\"https:\/\/www.freimarianne.ch\/wp-content\/gallery\/rossberg-1-6-14\/thumbs\/thumbs_img_4495.jpg\"\n                    width=\"100\"\n                    height=\"75\"\n                    style=\"max-width:100%;\"\n                \/>\n            <\/a>\n        <\/div>\n\t\t\t\t\t\t\t<\/div> \n\t\t\t\n        \n\t\t\n\t\t<!-- Pagination -->\n\t<div class='ngg-clear'><\/div>\t<\/div>\n]<\/p>\n","protected":false},"excerpt":{"rendered":"<p>Wanderung am Rossberg bei Arth Goldau mit dem Novartis Sportclub und den Naturfreunden Eine grosse Wandergruppe, die sich aus Mitgliedern des Novartis Sportclubs und der Naturfreunde zusammensetzt, freut sich darauf, die Frauenschuhe ( Cypridedium calceolus) am Rossberg zu sehen. Der Rossberg, das Felssturzgebiet soll mehr als dreissig Orchideenarten heherbergen. Wir marschieren um 9.45 h in [&hellip;]<\/p>\n","protected":false},"author":1,"featured_media":0,"parent":5303,"menu_order":1,"comment_status":"closed","ping_status":"closed","template":"","meta":{"ngg_post_thumbnail":0},"_links":{"self":[{"href":"https:\/\/www.freimarianne.ch\/index.php?rest_route=\/wp\/v2\/pages\/5305"}],"collection":[{"href":"https:\/\/www.freimarianne.ch\/index.php?rest_route=\/wp\/v2\/pages"}],"about":[{"href":"https:\/\/www.freimarianne.ch\/index.php?rest_route=\/wp\/v2\/types\/page"}],"author":[{"embeddable":true,"href":"https:\/\/www.freimarianne.ch\/index.php?rest_route=\/wp\/v2\/users\/1"}],"replies":[{"embeddable":true,"href":"https:\/\/www.freimarianne.ch\/index.php?rest_route=%2Fwp%2Fv2%2Fcomments&post=5305"}],"version-history":[{"count":11,"href":"https:\/\/www.freimarianne.ch\/index.php?rest_route=\/wp\/v2\/pages\/5305\/revisions"}],"predecessor-version":[{"id":8742,"href":"https:\/\/www.freimarianne.ch\/index.php?rest_route=\/wp\/v2\/pages\/5305\/revisions\/8742"}],"up":[{"embeddable":true,"href":"https:\/\/www.freimarianne.ch\/index.php?rest_route=\/wp\/v2\/pages\/5303"}],"wp:attachment":[{"href":"https:\/\/www.freimarianne.ch\/index.php?rest_route=%2Fwp%2Fv2%2Fmedia&parent=5305"}],"curies":[{"name":"wp","href":"https:\/\/api.w.org\/{rel}","templated":true}]}}