{"id":5335,"date":"2014-06-16T08:42:34","date_gmt":"2014-06-16T07:42:34","guid":{"rendered":"http:\/\/www.freimarianne.ch\/?page_id=5335"},"modified":"2015-01-03T10:38:50","modified_gmt":"2015-01-03T09:38:50","slug":"harderkulm-be-12-6-2014","status":"publish","type":"page","link":"https:\/\/www.freimarianne.ch\/?page_id=5335","title":{"rendered":"Harderkulm, BE 12.6.2014"},"content":{"rendered":"<p><strong>Bergwanderung<\/strong> von Interlaken auf den Harder<\/p>\n<p><img loading=\"lazy\" class=\"aligncenter size-full wp-image-5327\" src=\"http:\/\/www.freimarianne.ch\/wp-content\/uploads\/2014\/06\/IMG_9837_harder_500.jpg\" alt=\"IMG_9837_harder_500\" width=\"500\" height=\"333\" srcset=\"https:\/\/www.freimarianne.ch\/wp-content\/uploads\/2014\/06\/IMG_9837_harder_500.jpg 500w, https:\/\/www.freimarianne.ch\/wp-content\/uploads\/2014\/06\/IMG_9837_harder_500-300x199.jpg 300w, https:\/\/www.freimarianne.ch\/wp-content\/uploads\/2014\/06\/IMG_9837_harder_500-450x300.jpg 450w\" sizes=\"(max-width: 500px) 100vw, 500px\" \/><br \/>\nDer Wanderweg beginnt bei der Harderbahn Talstation 596m. Es geht recht steil hinauf durch den Br\u00fcggwald. Auf 947m h\u00f6he komme ich auf eine Lichtung und dann f\u00fchrt der Weg weiter in den Bleikiwald. Etwas oberhalb gibt es einen sch\u00f6nen Aussichtspunkt, Hardermannli, von wo aus man eine sch\u00f6ne Sicht auf den M\u00f6nch, die Jungfrau, den B\u00e4lleh\u00f6chst Schwalmere, D\u00e4rligengrat und Morgenberghorn hat.<br \/>\nBald ist auch die Hardermatte 1230m erreicht. Nun folgt ein steiler Weg durch den Bergwald hinauf zum Harderkulm 1322m, wo sich das Restaurant befindet. Es gibt eine Aussichtsplattform, der &#8220;skywalk&#8221;, die eine pr\u00e4chtige Aussicht bietet.<br \/>\nAuf dem R\u00fcckweg nehme ich die Richtung Interlaken West. Dies ist ein langer und steiler Abstieg durch den Wald auf einem schlechten Wanderweg ( nicht empfehlenswert)<br \/>\nIch komme bei St. Niklausen 611m aus dem Walde hinaus und muss noch zum Bahnhof marschieren.<br \/>\nLaut Swissmap:<br \/>\nDistanz: 10.6km; Aufstieg: 845m; Abstieg: 842m; Marschzeit: 4.29 h<br \/>\n<!-- index.php -->\n<div\n\tclass=\"ngg-galleryoverview ngg-ajax-pagination-none\"\n\tid=\"ngg-gallery-8749-1\">\n\n    \t<div class=\"slideshowlink\">\n        <a href='https:\/\/www.freimarianne.ch\/index.php\/nggallery\/slideshow?page_id=5335'>[Show as slideshow]<\/a>\n\t\t\n\t<\/div>\n\t\t\t<!-- Thumbnails -->\n\t\t\t\t<div id=\"ngg-image-0\" class=\"ngg-gallery-thumbnail-box\" >\n\t\t\t\t        <div class=\"ngg-gallery-thumbnail\">\n            <a href=\"https:\/\/www.freimarianne.ch\/wp-content\/gallery\/gampel-goppenstein-14-6-14\/img_9821.jpg\"\n               title=\"\"\n               data-src=\"https:\/\/www.freimarianne.ch\/wp-content\/gallery\/gampel-goppenstein-14-6-14\/img_9821.jpg\"\n               data-thumbnail=\"https:\/\/www.freimarianne.ch\/wp-content\/gallery\/gampel-goppenstein-14-6-14\/thumbs\/thumbs_img_9821.jpg\"\n               data-image-id=\"8408\"\n               data-title=\"img_9821\"\n               data-description=\"\"\n               data-image-slug=\"img_9821\"\n               class=\"shutterset_8749\">\n                <img\n                    title=\"img_9821\"\n                    alt=\"img_9821\"\n                    src=\"https:\/\/www.freimarianne.ch\/wp-content\/gallery\/gampel-goppenstein-14-6-14\/thumbs\/thumbs_img_9821.jpg\"\n                    width=\"100\"\n                    height=\"75\"\n                    style=\"max-width:100%;\"\n                \/>\n            <\/a>\n        <\/div>\n\t\t\t\t\t\t\t<\/div> \n\t\t\t\n        \n\t\t\t\t<div id=\"ngg-image-1\" class=\"ngg-gallery-thumbnail-box\" >\n\t\t\t\t        <div class=\"ngg-gallery-thumbnail\">\n            <a href=\"https:\/\/www.freimarianne.ch\/wp-content\/gallery\/gampel-goppenstein-14-6-14\/img_9826.jpg\"\n               title=\"\"\n               data-src=\"https:\/\/www.freimarianne.ch\/wp-content\/gallery\/gampel-goppenstein-14-6-14\/img_9826.jpg\"\n               data-thumbnail=\"https:\/\/www.freimarianne.ch\/wp-content\/gallery\/gampel-goppenstein-14-6-14\/thumbs\/thumbs_img_9826.jpg\"\n               data-image-id=\"8409\"\n               data-title=\"img_9826\"\n               data-description=\"\"\n               data-image-slug=\"img_9826-2\"\n               class=\"shutterset_8749\">\n                <img\n                    title=\"img_9826\"\n                    alt=\"img_9826\"\n                    src=\"https:\/\/www.freimarianne.ch\/wp-content\/gallery\/gampel-goppenstein-14-6-14\/thumbs\/thumbs_img_9826.jpg\"\n                    width=\"100\"\n                    height=\"75\"\n                    style=\"max-width:100%;\"\n                \/>\n            <\/a>\n        <\/div>\n\t\t\t\t\t\t\t<\/div> \n\t\t\t\n        \n\t\t\t\t<div id=\"ngg-image-2\" class=\"ngg-gallery-thumbnail-box\" >\n\t\t\t\t        <div class=\"ngg-gallery-thumbnail\">\n            <a href=\"https:\/\/www.freimarianne.ch\/wp-content\/gallery\/gampel-goppenstein-14-6-14\/img_9836.jpg\"\n               title=\"\"\n               data-src=\"https:\/\/www.freimarianne.ch\/wp-content\/gallery\/gampel-goppenstein-14-6-14\/img_9836.jpg\"\n               data-thumbnail=\"https:\/\/www.freimarianne.ch\/wp-content\/gallery\/gampel-goppenstein-14-6-14\/thumbs\/thumbs_img_9836.jpg\"\n               data-image-id=\"8410\"\n               data-title=\"img_9836\"\n               data-description=\"\"\n               data-image-slug=\"img_9836\"\n               class=\"shutterset_8749\">\n                <img\n                    title=\"img_9836\"\n                    alt=\"img_9836\"\n                    src=\"https:\/\/www.freimarianne.ch\/wp-content\/gallery\/gampel-goppenstein-14-6-14\/thumbs\/thumbs_img_9836.jpg\"\n                    width=\"100\"\n                    height=\"75\"\n                    style=\"max-width:100%;\"\n                \/>\n            <\/a>\n        <\/div>\n\t\t\t\t\t\t\t<\/div> \n\t\t\t\n        \n\t\t\t\t<div id=\"ngg-image-3\" class=\"ngg-gallery-thumbnail-box\" >\n\t\t\t\t        <div class=\"ngg-gallery-thumbnail\">\n            <a href=\"https:\/\/www.freimarianne.ch\/wp-content\/gallery\/gampel-goppenstein-14-6-14\/img_9845.jpg\"\n               title=\"\"\n               data-src=\"https:\/\/www.freimarianne.ch\/wp-content\/gallery\/gampel-goppenstein-14-6-14\/img_9845.jpg\"\n               data-thumbnail=\"https:\/\/www.freimarianne.ch\/wp-content\/gallery\/gampel-goppenstein-14-6-14\/thumbs\/thumbs_img_9845.jpg\"\n               data-image-id=\"8411\"\n               data-title=\"img_9845\"\n               data-description=\"\"\n               data-image-slug=\"img_9845\"\n               class=\"shutterset_8749\">\n                <img\n                    title=\"img_9845\"\n                    alt=\"img_9845\"\n                    src=\"https:\/\/www.freimarianne.ch\/wp-content\/gallery\/gampel-goppenstein-14-6-14\/thumbs\/thumbs_img_9845.jpg\"\n                    width=\"100\"\n                    height=\"75\"\n                    style=\"max-width:100%;\"\n                \/>\n            <\/a>\n        <\/div>\n\t\t\t\t\t\t\t<\/div> \n\t\t\t\n        \n\t\t\t\t<div id=\"ngg-image-4\" class=\"ngg-gallery-thumbnail-box\" >\n\t\t\t\t        <div class=\"ngg-gallery-thumbnail\">\n            <a href=\"https:\/\/www.freimarianne.ch\/wp-content\/gallery\/gampel-goppenstein-14-6-14\/img_9851.jpg\"\n               title=\"\"\n               data-src=\"https:\/\/www.freimarianne.ch\/wp-content\/gallery\/gampel-goppenstein-14-6-14\/img_9851.jpg\"\n               data-thumbnail=\"https:\/\/www.freimarianne.ch\/wp-content\/gallery\/gampel-goppenstein-14-6-14\/thumbs\/thumbs_img_9851.jpg\"\n               data-image-id=\"8412\"\n               data-title=\"img_9851\"\n               data-description=\"\"\n               data-image-slug=\"img_9851\"\n               class=\"shutterset_8749\">\n                <img\n                    title=\"img_9851\"\n                    alt=\"img_9851\"\n                    src=\"https:\/\/www.freimarianne.ch\/wp-content\/gallery\/gampel-goppenstein-14-6-14\/thumbs\/thumbs_img_9851.jpg\"\n                    width=\"100\"\n                    height=\"75\"\n                    style=\"max-width:100%;\"\n                \/>\n            <\/a>\n        <\/div>\n\t\t\t\t\t\t\t<\/div> \n\t\t\t\n        \n\t\t\t\t<div id=\"ngg-image-5\" class=\"ngg-gallery-thumbnail-box\" >\n\t\t\t\t        <div class=\"ngg-gallery-thumbnail\">\n            <a href=\"https:\/\/www.freimarianne.ch\/wp-content\/gallery\/gampel-goppenstein-14-6-14\/img_9857.jpg\"\n               title=\"\"\n               data-src=\"https:\/\/www.freimarianne.ch\/wp-content\/gallery\/gampel-goppenstein-14-6-14\/img_9857.jpg\"\n               data-thumbnail=\"https:\/\/www.freimarianne.ch\/wp-content\/gallery\/gampel-goppenstein-14-6-14\/thumbs\/thumbs_img_9857.jpg\"\n               data-image-id=\"8413\"\n               data-title=\"img_9857\"\n               data-description=\"\"\n               data-image-slug=\"img_9857\"\n               class=\"shutterset_8749\">\n                <img\n                    title=\"img_9857\"\n                    alt=\"img_9857\"\n                    src=\"https:\/\/www.freimarianne.ch\/wp-content\/gallery\/gampel-goppenstein-14-6-14\/thumbs\/thumbs_img_9857.jpg\"\n                    width=\"100\"\n                    height=\"75\"\n                    style=\"max-width:100%;\"\n                \/>\n            <\/a>\n        <\/div>\n\t\t\t\t\t\t\t<\/div> \n\t\t\t\n        \n\t\t\t\t<div id=\"ngg-image-6\" class=\"ngg-gallery-thumbnail-box\" >\n\t\t\t\t        <div class=\"ngg-gallery-thumbnail\">\n            <a href=\"https:\/\/www.freimarianne.ch\/wp-content\/gallery\/gampel-goppenstein-14-6-14\/img_9860.jpg\"\n               title=\"\"\n               data-src=\"https:\/\/www.freimarianne.ch\/wp-content\/gallery\/gampel-goppenstein-14-6-14\/img_9860.jpg\"\n               data-thumbnail=\"https:\/\/www.freimarianne.ch\/wp-content\/gallery\/gampel-goppenstein-14-6-14\/thumbs\/thumbs_img_9860.jpg\"\n               data-image-id=\"8414\"\n               data-title=\"img_9860\"\n               data-description=\"\"\n               data-image-slug=\"img_9860\"\n               class=\"shutterset_8749\">\n                <img\n                    title=\"img_9860\"\n                    alt=\"img_9860\"\n                    src=\"https:\/\/www.freimarianne.ch\/wp-content\/gallery\/gampel-goppenstein-14-6-14\/thumbs\/thumbs_img_9860.jpg\"\n                    width=\"100\"\n                    height=\"75\"\n                    style=\"max-width:100%;\"\n                \/>\n            <\/a>\n        <\/div>\n\t\t\t\t\t\t\t<\/div> \n\t\t\t\n        \n\t\t\t\t<div id=\"ngg-image-7\" class=\"ngg-gallery-thumbnail-box\" >\n\t\t\t\t        <div class=\"ngg-gallery-thumbnail\">\n            <a href=\"https:\/\/www.freimarianne.ch\/wp-content\/gallery\/gampel-goppenstein-14-6-14\/img_9866.jpg\"\n               title=\"\"\n               data-src=\"https:\/\/www.freimarianne.ch\/wp-content\/gallery\/gampel-goppenstein-14-6-14\/img_9866.jpg\"\n               data-thumbnail=\"https:\/\/www.freimarianne.ch\/wp-content\/gallery\/gampel-goppenstein-14-6-14\/thumbs\/thumbs_img_9866.jpg\"\n               data-image-id=\"8415\"\n               data-title=\"img_9866\"\n               data-description=\"\"\n               data-image-slug=\"img_9866-2\"\n               class=\"shutterset_8749\">\n                <img\n                    title=\"img_9866\"\n                    alt=\"img_9866\"\n                    src=\"https:\/\/www.freimarianne.ch\/wp-content\/gallery\/gampel-goppenstein-14-6-14\/thumbs\/thumbs_img_9866.jpg\"\n                    width=\"100\"\n                    height=\"75\"\n                    style=\"max-width:100%;\"\n                \/>\n            <\/a>\n        <\/div>\n\t\t\t\t\t\t\t<\/div> \n\t\t\t\n        \n\t\t\t\t<div id=\"ngg-image-8\" class=\"ngg-gallery-thumbnail-box\" >\n\t\t\t\t        <div class=\"ngg-gallery-thumbnail\">\n            <a href=\"https:\/\/www.freimarianne.ch\/wp-content\/gallery\/gampel-goppenstein-14-6-14\/img_9867.jpg\"\n               title=\"\"\n               data-src=\"https:\/\/www.freimarianne.ch\/wp-content\/gallery\/gampel-goppenstein-14-6-14\/img_9867.jpg\"\n               data-thumbnail=\"https:\/\/www.freimarianne.ch\/wp-content\/gallery\/gampel-goppenstein-14-6-14\/thumbs\/thumbs_img_9867.jpg\"\n               data-image-id=\"8416\"\n               data-title=\"img_9867\"\n               data-description=\"\"\n               data-image-slug=\"img_9867\"\n               class=\"shutterset_8749\">\n                <img\n                    title=\"img_9867\"\n                    alt=\"img_9867\"\n                    src=\"https:\/\/www.freimarianne.ch\/wp-content\/gallery\/gampel-goppenstein-14-6-14\/thumbs\/thumbs_img_9867.jpg\"\n                    width=\"100\"\n                    height=\"75\"\n                    style=\"max-width:100%;\"\n                \/>\n            <\/a>\n        <\/div>\n\t\t\t\t\t\t\t<\/div> \n\t\t\t\n        \n\t\t\n\t\t<!-- Pagination -->\n\t<div class='ngg-clear'><\/div>\t<\/div>\n<\/p>\n","protected":false},"excerpt":{"rendered":"<p>Bergwanderung von Interlaken auf den Harder Der Wanderweg beginnt bei der Harderbahn Talstation 596m. Es geht recht steil hinauf durch den Br\u00fcggwald. Auf 947m h\u00f6he komme ich auf eine Lichtung und dann f\u00fchrt der Weg weiter in den Bleikiwald. Etwas oberhalb gibt es einen sch\u00f6nen Aussichtspunkt, Hardermannli, von wo aus man eine sch\u00f6ne Sicht auf [&hellip;]<\/p>\n","protected":false},"author":1,"featured_media":0,"parent":5303,"menu_order":4,"comment_status":"closed","ping_status":"closed","template":"","meta":{"ngg_post_thumbnail":0},"_links":{"self":[{"href":"https:\/\/www.freimarianne.ch\/index.php?rest_route=\/wp\/v2\/pages\/5335"}],"collection":[{"href":"https:\/\/www.freimarianne.ch\/index.php?rest_route=\/wp\/v2\/pages"}],"about":[{"href":"https:\/\/www.freimarianne.ch\/index.php?rest_route=\/wp\/v2\/types\/page"}],"author":[{"embeddable":true,"href":"https:\/\/www.freimarianne.ch\/index.php?rest_route=\/wp\/v2\/users\/1"}],"replies":[{"embeddable":true,"href":"https:\/\/www.freimarianne.ch\/index.php?rest_route=%2Fwp%2Fv2%2Fcomments&post=5335"}],"version-history":[{"count":4,"href":"https:\/\/www.freimarianne.ch\/index.php?rest_route=\/wp\/v2\/pages\/5335\/revisions"}],"predecessor-version":[{"id":8751,"href":"https:\/\/www.freimarianne.ch\/index.php?rest_route=\/wp\/v2\/pages\/5335\/revisions\/8751"}],"up":[{"embeddable":true,"href":"https:\/\/www.freimarianne.ch\/index.php?rest_route=\/wp\/v2\/pages\/5303"}],"wp:attachment":[{"href":"https:\/\/www.freimarianne.ch\/index.php?rest_route=%2Fwp%2Fv2%2Fmedia&parent=5335"}],"curies":[{"name":"wp","href":"https:\/\/api.w.org\/{rel}","templated":true}]}}