{"id":5448,"date":"2014-07-10T07:08:16","date_gmt":"2014-07-10T06:08:16","guid":{"rendered":"http:\/\/www.freimarianne.ch\/?page_id=5448"},"modified":"2014-07-11T10:19:45","modified_gmt":"2014-07-11T09:19:45","slug":"teneriffa-1-5-2014","status":"publish","type":"page","link":"https:\/\/www.freimarianne.ch\/?page_id=5448","title":{"rendered":"Teneriffa  1.5.2014"},"content":{"rendered":"<p><strong>5. Wandertag<\/strong><br \/>\n<strong>H\u00f6henwanderung im Orotavatal<\/strong><br \/>\nHeute wandern wir durch den weiten Kiefernwald des von Humboldt so gepriesenen Orotava-Tals.  Ein aussichtsreicher und botanisch schlichtweg \u00fcberw\u00e4ltigender H\u00f6hensteig f\u00fchrt uns dicht an den Felsw\u00e4nden des oberen Tals entlang. Hier erfahren wir alles \u00fcber das Geheimnis des Wassers auf der Insel.<br \/>\n<img loading=\"lazy\" src=\"http:\/\/www.freimarianne.ch\/wp-content\/uploads\/2014\/07\/IMG_3080_1.jpg\" alt=\"IMG_3080_1\" width=\"500\" height=\"375\" class=\"aligncenter size-full wp-image-5472\" srcset=\"https:\/\/www.freimarianne.ch\/wp-content\/uploads\/2014\/07\/IMG_3080_1.jpg 500w, https:\/\/www.freimarianne.ch\/wp-content\/uploads\/2014\/07\/IMG_3080_1-300x225.jpg 300w, https:\/\/www.freimarianne.ch\/wp-content\/uploads\/2014\/07\/IMG_3080_1-400x300.jpg 400w\" sizes=\"(max-width: 500px) 100vw, 500px\" \/><\/a><\/p>\n<p>Das Orotavatal ist gar kein eigentliches Tal.Es handelt sich um eine geneigte Ebene mit einer Fl\u00e4che von ca. 10 x 11 Kilometern, deren Entstehung mit einem Tal nichts gemeinsam hat. Das Valle de la Orotava verl\u00e4uft vom Meer bis auf eine H\u00f6he von knapp 2.000 Meter bis fast zum Beginn der Las Ca\u00f1adas mit dem Pico del Tiede.<br \/>\nWie gewohnt  fahren wir um 9.00 mit dem Bus los und starten unsere Wanderung bei La Caldera. Unsere heutige Wanderung f\u00fchrt uns meist durch den Bergwald wo Baumheiden und die Kanarische Kiefern wachsen. Anfangs m\u00fcssen wir etliche H\u00f6henmeter \u00fcberwinden. Dann schwenken wir in einen H\u00f6henpfad ein, der an den Felsw\u00e4nden des Oratvatal verl\u00e4uft. Wir  sehen viele Taginasten ( hellblaue). Der Pfad erinnert  uns an unsere Bergwege &#8211; auch hier gibt es hin und wieder ausgesetzte Stellen und wir m\u00fcssen in manche Taleinschnitte hinein -und wieder hinaus marschieren. Schliesselich steigt der Weg nachmals kr\u00e4ftig an und wir erreichen eine Art von Felskanzel im Walde, wo wir  unsere versp\u00e4tete Mittagsrast halten.<br \/>\nVon hier aus haben wir  eine pr\u00e4chtige Sicht auf den Teide.<br \/>\nDann geht es steil hinunter durch den Kiefernwald und wir kommen nach  einer langen Wanderung auf eine Waldstrasse weder zu  unserem Ausgangspunkt. Mit der Einkehr in der Waldbar wird nichts &#8211; es hat zuviele Leute, da der  1. Mai auch hier ein Feiertag ist.<br \/>\n<!-- index.php -->\n<div\n\tclass=\"ngg-galleryoverview ngg-ajax-pagination-none\"\n\tid=\"ngg-gallery-cb253e0ea1d6b1fec3a0429d4b30525f-1\">\n\n    \t<div class=\"slideshowlink\">\n        <a href='https:\/\/www.freimarianne.ch\/index.php\/nggallery\/slideshow?page_id=5448'>[Show as slideshow]<\/a>\n\t\t\n\t<\/div>\n\t\t\t<!-- Thumbnails -->\n\t\t\t\t<div id=\"ngg-image-0\" class=\"ngg-gallery-thumbnail-box\" >\n\t\t\t\t        <div class=\"ngg-gallery-thumbnail\">\n            <a href=\"https:\/\/www.freimarianne.ch\/wp-content\/gallery\/teneriffa-1-5-14\/img_3043.jpg\"\n               title=\"\"\n               data-src=\"https:\/\/www.freimarianne.ch\/wp-content\/gallery\/teneriffa-1-5-14\/img_3043.jpg\"\n               data-thumbnail=\"https:\/\/www.freimarianne.ch\/wp-content\/gallery\/teneriffa-1-5-14\/thumbs\/thumbs_img_3043.jpg\"\n               data-image-id=\"8657\"\n               data-title=\"img_3043\"\n               data-description=\"\"\n               data-image-slug=\"img_3043\"\n               class=\"shutterset_cb253e0ea1d6b1fec3a0429d4b30525f\">\n                <img\n                    title=\"img_3043\"\n                    alt=\"img_3043\"\n                    src=\"https:\/\/www.freimarianne.ch\/wp-content\/gallery\/teneriffa-1-5-14\/cache\/img_3043.jpg-nggid048657-ngg0dyn-100x75x100-00f0w010c010r110f110r010t010.jpg\"\n                    width=\"100\"\n                    height=\"75\"\n                    style=\"max-width:100%;\"\n                \/>\n            <\/a>\n        <\/div>\n\t\t\t\t\t\t\t<\/div> \n\t\t\t\n                            \n\t\t\t\t<div id=\"ngg-image-1\" class=\"ngg-gallery-thumbnail-box\" >\n\t\t\t\t        <div class=\"ngg-gallery-thumbnail\">\n            <a href=\"https:\/\/www.freimarianne.ch\/wp-content\/gallery\/teneriffa-1-5-14\/img_3047.jpg\"\n               title=\"\"\n               data-src=\"https:\/\/www.freimarianne.ch\/wp-content\/gallery\/teneriffa-1-5-14\/img_3047.jpg\"\n               data-thumbnail=\"https:\/\/www.freimarianne.ch\/wp-content\/gallery\/teneriffa-1-5-14\/thumbs\/thumbs_img_3047.jpg\"\n               data-image-id=\"8658\"\n               data-title=\"img_3047\"\n               data-description=\"\"\n               data-image-slug=\"img_3047\"\n               class=\"shutterset_cb253e0ea1d6b1fec3a0429d4b30525f\">\n                <img\n                    title=\"img_3047\"\n                    alt=\"img_3047\"\n                    src=\"https:\/\/www.freimarianne.ch\/wp-content\/gallery\/teneriffa-1-5-14\/cache\/img_3047.jpg-nggid048658-ngg0dyn-100x75x100-00f0w010c010r110f110r010t010.jpg\"\n                    width=\"100\"\n                    height=\"75\"\n                    style=\"max-width:100%;\"\n                \/>\n            <\/a>\n        <\/div>\n\t\t\t\t\t\t\t<\/div> \n\t\t\t\n                            \n\t\t\t\t<div id=\"ngg-image-2\" class=\"ngg-gallery-thumbnail-box\" >\n\t\t\t\t        <div class=\"ngg-gallery-thumbnail\">\n            <a href=\"https:\/\/www.freimarianne.ch\/wp-content\/gallery\/teneriffa-1-5-14\/img_3054.jpg\"\n               title=\"\"\n               data-src=\"https:\/\/www.freimarianne.ch\/wp-content\/gallery\/teneriffa-1-5-14\/img_3054.jpg\"\n               data-thumbnail=\"https:\/\/www.freimarianne.ch\/wp-content\/gallery\/teneriffa-1-5-14\/thumbs\/thumbs_img_3054.jpg\"\n               data-image-id=\"8659\"\n               data-title=\"img_3054\"\n               data-description=\"\"\n               data-image-slug=\"img_3054\"\n               class=\"shutterset_cb253e0ea1d6b1fec3a0429d4b30525f\">\n                <img\n                    title=\"img_3054\"\n                    alt=\"img_3054\"\n                    src=\"https:\/\/www.freimarianne.ch\/wp-content\/gallery\/teneriffa-1-5-14\/cache\/img_3054.jpg-nggid048659-ngg0dyn-100x75x100-00f0w010c010r110f110r010t010.jpg\"\n                    width=\"100\"\n                    height=\"75\"\n                    style=\"max-width:100%;\"\n                \/>\n            <\/a>\n        <\/div>\n\t\t\t\t\t\t\t<\/div> \n\t\t\t\n                            \n\t\t\t\t<div id=\"ngg-image-3\" class=\"ngg-gallery-thumbnail-box\" >\n\t\t\t\t        <div class=\"ngg-gallery-thumbnail\">\n            <a href=\"https:\/\/www.freimarianne.ch\/wp-content\/gallery\/teneriffa-1-5-14\/img_3064.jpg\"\n               title=\"\"\n               data-src=\"https:\/\/www.freimarianne.ch\/wp-content\/gallery\/teneriffa-1-5-14\/img_3064.jpg\"\n               data-thumbnail=\"https:\/\/www.freimarianne.ch\/wp-content\/gallery\/teneriffa-1-5-14\/thumbs\/thumbs_img_3064.jpg\"\n               data-image-id=\"8660\"\n               data-title=\"img_3064\"\n               data-description=\"\"\n               data-image-slug=\"img_3064-2\"\n               class=\"shutterset_cb253e0ea1d6b1fec3a0429d4b30525f\">\n                <img\n                    title=\"img_3064\"\n                    alt=\"img_3064\"\n                    src=\"https:\/\/www.freimarianne.ch\/wp-content\/gallery\/teneriffa-1-5-14\/cache\/img_3064.jpg-nggid048660-ngg0dyn-100x75x100-00f0w010c010r110f110r010t010.jpg\"\n                    width=\"100\"\n                    height=\"75\"\n                    style=\"max-width:100%;\"\n                \/>\n            <\/a>\n        <\/div>\n\t\t\t\t\t\t\t<\/div> \n\t\t\t\n                                    <br style=\"clear: both\" \/>\n                    \n\t\t\t\t<div id=\"ngg-image-4\" class=\"ngg-gallery-thumbnail-box\" >\n\t\t\t\t        <div class=\"ngg-gallery-thumbnail\">\n            <a href=\"https:\/\/www.freimarianne.ch\/wp-content\/gallery\/teneriffa-1-5-14\/img_3066.jpg\"\n               title=\"\"\n               data-src=\"https:\/\/www.freimarianne.ch\/wp-content\/gallery\/teneriffa-1-5-14\/img_3066.jpg\"\n               data-thumbnail=\"https:\/\/www.freimarianne.ch\/wp-content\/gallery\/teneriffa-1-5-14\/thumbs\/thumbs_img_3066.jpg\"\n               data-image-id=\"8661\"\n               data-title=\"img_3066\"\n               data-description=\"\"\n               data-image-slug=\"img_3066-2\"\n               class=\"shutterset_cb253e0ea1d6b1fec3a0429d4b30525f\">\n                <img\n                    title=\"img_3066\"\n                    alt=\"img_3066\"\n                    src=\"https:\/\/www.freimarianne.ch\/wp-content\/gallery\/teneriffa-1-5-14\/cache\/img_3066.jpg-nggid048661-ngg0dyn-100x75x100-00f0w010c010r110f110r010t010.jpg\"\n                    width=\"100\"\n                    height=\"75\"\n                    style=\"max-width:100%;\"\n                \/>\n            <\/a>\n        <\/div>\n\t\t\t\t\t\t\t<\/div> \n\t\t\t\n                            \n\t\t\t\t<div id=\"ngg-image-5\" class=\"ngg-gallery-thumbnail-box\" >\n\t\t\t\t        <div class=\"ngg-gallery-thumbnail\">\n            <a href=\"https:\/\/www.freimarianne.ch\/wp-content\/gallery\/teneriffa-1-5-14\/img_3069.jpg\"\n               title=\"\"\n               data-src=\"https:\/\/www.freimarianne.ch\/wp-content\/gallery\/teneriffa-1-5-14\/img_3069.jpg\"\n               data-thumbnail=\"https:\/\/www.freimarianne.ch\/wp-content\/gallery\/teneriffa-1-5-14\/thumbs\/thumbs_img_3069.jpg\"\n               data-image-id=\"8662\"\n               data-title=\"img_3069\"\n               data-description=\"\"\n               data-image-slug=\"img_3069\"\n               class=\"shutterset_cb253e0ea1d6b1fec3a0429d4b30525f\">\n                <img\n                    title=\"img_3069\"\n                    alt=\"img_3069\"\n                    src=\"https:\/\/www.freimarianne.ch\/wp-content\/gallery\/teneriffa-1-5-14\/cache\/img_3069.jpg-nggid048662-ngg0dyn-100x75x100-00f0w010c010r110f110r010t010.jpg\"\n                    width=\"100\"\n                    height=\"75\"\n                    style=\"max-width:100%;\"\n                \/>\n            <\/a>\n        <\/div>\n\t\t\t\t\t\t\t<\/div> \n\t\t\t\n                            \n\t\t\t\t<div id=\"ngg-image-6\" class=\"ngg-gallery-thumbnail-box\" >\n\t\t\t\t        <div class=\"ngg-gallery-thumbnail\">\n            <a href=\"https:\/\/www.freimarianne.ch\/wp-content\/gallery\/teneriffa-1-5-14\/img_3070.jpg\"\n               title=\"\"\n               data-src=\"https:\/\/www.freimarianne.ch\/wp-content\/gallery\/teneriffa-1-5-14\/img_3070.jpg\"\n               data-thumbnail=\"https:\/\/www.freimarianne.ch\/wp-content\/gallery\/teneriffa-1-5-14\/thumbs\/thumbs_img_3070.jpg\"\n               data-image-id=\"8663\"\n               data-title=\"img_3070\"\n               data-description=\"\"\n               data-image-slug=\"img_3070\"\n               class=\"shutterset_cb253e0ea1d6b1fec3a0429d4b30525f\">\n                <img\n                    title=\"img_3070\"\n                    alt=\"img_3070\"\n                    src=\"https:\/\/www.freimarianne.ch\/wp-content\/gallery\/teneriffa-1-5-14\/cache\/img_3070.jpg-nggid048663-ngg0dyn-100x75x100-00f0w010c010r110f110r010t010.jpg\"\n                    width=\"100\"\n                    height=\"75\"\n                    style=\"max-width:100%;\"\n                \/>\n            <\/a>\n        <\/div>\n\t\t\t\t\t\t\t<\/div> \n\t\t\t\n                            \n\t\t\t\t<div id=\"ngg-image-7\" class=\"ngg-gallery-thumbnail-box\" >\n\t\t\t\t        <div class=\"ngg-gallery-thumbnail\">\n            <a href=\"https:\/\/www.freimarianne.ch\/wp-content\/gallery\/teneriffa-1-5-14\/img_3075.jpg\"\n               title=\"\"\n               data-src=\"https:\/\/www.freimarianne.ch\/wp-content\/gallery\/teneriffa-1-5-14\/img_3075.jpg\"\n               data-thumbnail=\"https:\/\/www.freimarianne.ch\/wp-content\/gallery\/teneriffa-1-5-14\/thumbs\/thumbs_img_3075.jpg\"\n               data-image-id=\"8664\"\n               data-title=\"img_3075\"\n               data-description=\"\"\n               data-image-slug=\"img_3075-3\"\n               class=\"shutterset_cb253e0ea1d6b1fec3a0429d4b30525f\">\n                <img\n                    title=\"img_3075\"\n                    alt=\"img_3075\"\n                    src=\"https:\/\/www.freimarianne.ch\/wp-content\/gallery\/teneriffa-1-5-14\/cache\/img_3075.jpg-nggid048664-ngg0dyn-100x75x100-00f0w010c010r110f110r010t010.jpg\"\n                    width=\"100\"\n                    height=\"75\"\n                    style=\"max-width:100%;\"\n                \/>\n            <\/a>\n        <\/div>\n\t\t\t\t\t\t\t<\/div> \n\t\t\t\n                                    <br style=\"clear: both\" \/>\n                    \n\t\t\t\t<div id=\"ngg-image-8\" class=\"ngg-gallery-thumbnail-box\" >\n\t\t\t\t        <div class=\"ngg-gallery-thumbnail\">\n            <a href=\"https:\/\/www.freimarianne.ch\/wp-content\/gallery\/teneriffa-1-5-14\/img_3078.jpg\"\n               title=\"\"\n               data-src=\"https:\/\/www.freimarianne.ch\/wp-content\/gallery\/teneriffa-1-5-14\/img_3078.jpg\"\n               data-thumbnail=\"https:\/\/www.freimarianne.ch\/wp-content\/gallery\/teneriffa-1-5-14\/thumbs\/thumbs_img_3078.jpg\"\n               data-image-id=\"8665\"\n               data-title=\"img_3078\"\n               data-description=\"\"\n               data-image-slug=\"img_3078-2\"\n               class=\"shutterset_cb253e0ea1d6b1fec3a0429d4b30525f\">\n                <img\n                    title=\"img_3078\"\n                    alt=\"img_3078\"\n                    src=\"https:\/\/www.freimarianne.ch\/wp-content\/gallery\/teneriffa-1-5-14\/cache\/img_3078.jpg-nggid048665-ngg0dyn-100x75x100-00f0w010c010r110f110r010t010.jpg\"\n                    width=\"100\"\n                    height=\"75\"\n                    style=\"max-width:100%;\"\n                \/>\n            <\/a>\n        <\/div>\n\t\t\t\t\t\t\t<\/div> \n\t\t\t\n                            \n\t\t\t\t<div id=\"ngg-image-9\" class=\"ngg-gallery-thumbnail-box\" >\n\t\t\t\t        <div class=\"ngg-gallery-thumbnail\">\n            <a href=\"https:\/\/www.freimarianne.ch\/wp-content\/gallery\/teneriffa-1-5-14\/img_3083.jpg\"\n               title=\"\"\n               data-src=\"https:\/\/www.freimarianne.ch\/wp-content\/gallery\/teneriffa-1-5-14\/img_3083.jpg\"\n               data-thumbnail=\"https:\/\/www.freimarianne.ch\/wp-content\/gallery\/teneriffa-1-5-14\/thumbs\/thumbs_img_3083.jpg\"\n               data-image-id=\"8666\"\n               data-title=\"img_3083\"\n               data-description=\"\"\n               data-image-slug=\"img_3083-2\"\n               class=\"shutterset_cb253e0ea1d6b1fec3a0429d4b30525f\">\n                <img\n                    title=\"img_3083\"\n                    alt=\"img_3083\"\n                    src=\"https:\/\/www.freimarianne.ch\/wp-content\/gallery\/teneriffa-1-5-14\/cache\/img_3083.jpg-nggid048666-ngg0dyn-100x75x100-00f0w010c010r110f110r010t010.jpg\"\n                    width=\"100\"\n                    height=\"75\"\n                    style=\"max-width:100%;\"\n                \/>\n            <\/a>\n        <\/div>\n\t\t\t\t\t\t\t<\/div> \n\t\t\t\n                            \n\t\t\t\t<div id=\"ngg-image-10\" class=\"ngg-gallery-thumbnail-box\" >\n\t\t\t\t        <div class=\"ngg-gallery-thumbnail\">\n            <a href=\"https:\/\/www.freimarianne.ch\/wp-content\/gallery\/teneriffa-1-5-14\/img_3090.jpg\"\n               title=\"\"\n               data-src=\"https:\/\/www.freimarianne.ch\/wp-content\/gallery\/teneriffa-1-5-14\/img_3090.jpg\"\n               data-thumbnail=\"https:\/\/www.freimarianne.ch\/wp-content\/gallery\/teneriffa-1-5-14\/thumbs\/thumbs_img_3090.jpg\"\n               data-image-id=\"8667\"\n               data-title=\"img_3090\"\n               data-description=\"\"\n               data-image-slug=\"img_3090\"\n               class=\"shutterset_cb253e0ea1d6b1fec3a0429d4b30525f\">\n                <img\n                    title=\"img_3090\"\n                    alt=\"img_3090\"\n                    src=\"https:\/\/www.freimarianne.ch\/wp-content\/gallery\/teneriffa-1-5-14\/cache\/img_3090.jpg-nggid048667-ngg0dyn-100x75x100-00f0w010c010r110f110r010t010.jpg\"\n                    width=\"100\"\n                    height=\"75\"\n                    style=\"max-width:100%;\"\n                \/>\n            <\/a>\n        <\/div>\n\t\t\t\t\t\t\t<\/div> \n\t\t\t\n                            \n\t\t\t\t<div id=\"ngg-image-11\" class=\"ngg-gallery-thumbnail-box\" >\n\t\t\t\t        <div class=\"ngg-gallery-thumbnail\">\n            <a href=\"https:\/\/www.freimarianne.ch\/wp-content\/gallery\/teneriffa-1-5-14\/img_3094.jpg\"\n               title=\"\"\n               data-src=\"https:\/\/www.freimarianne.ch\/wp-content\/gallery\/teneriffa-1-5-14\/img_3094.jpg\"\n               data-thumbnail=\"https:\/\/www.freimarianne.ch\/wp-content\/gallery\/teneriffa-1-5-14\/thumbs\/thumbs_img_3094.jpg\"\n               data-image-id=\"8668\"\n               data-title=\"img_3094\"\n               data-description=\"\"\n               data-image-slug=\"img_3094\"\n               class=\"shutterset_cb253e0ea1d6b1fec3a0429d4b30525f\">\n                <img\n                    title=\"img_3094\"\n                    alt=\"img_3094\"\n                    src=\"https:\/\/www.freimarianne.ch\/wp-content\/gallery\/teneriffa-1-5-14\/cache\/img_3094.jpg-nggid048668-ngg0dyn-100x75x100-00f0w010c010r110f110r010t010.jpg\"\n                    width=\"100\"\n                    height=\"75\"\n                    style=\"max-width:100%;\"\n                \/>\n            <\/a>\n        <\/div>\n\t\t\t\t\t\t\t<\/div> \n\t\t\t\n                                    <br style=\"clear: both\" \/>\n                    \n\t\t\t\t<div id=\"ngg-image-12\" class=\"ngg-gallery-thumbnail-box\" >\n\t\t\t\t        <div class=\"ngg-gallery-thumbnail\">\n            <a href=\"https:\/\/www.freimarianne.ch\/wp-content\/gallery\/teneriffa-1-5-14\/img_3096.jpg\"\n               title=\"\"\n               data-src=\"https:\/\/www.freimarianne.ch\/wp-content\/gallery\/teneriffa-1-5-14\/img_3096.jpg\"\n               data-thumbnail=\"https:\/\/www.freimarianne.ch\/wp-content\/gallery\/teneriffa-1-5-14\/thumbs\/thumbs_img_3096.jpg\"\n               data-image-id=\"8669\"\n               data-title=\"img_3096\"\n               data-description=\"\"\n               data-image-slug=\"img_3096-2\"\n               class=\"shutterset_cb253e0ea1d6b1fec3a0429d4b30525f\">\n                <img\n                    title=\"img_3096\"\n                    alt=\"img_3096\"\n                    src=\"https:\/\/www.freimarianne.ch\/wp-content\/gallery\/teneriffa-1-5-14\/cache\/img_3096.jpg-nggid048669-ngg0dyn-100x75x100-00f0w010c010r110f110r010t010.jpg\"\n                    width=\"100\"\n                    height=\"75\"\n                    style=\"max-width:100%;\"\n                \/>\n            <\/a>\n        <\/div>\n\t\t\t\t\t\t\t<\/div> \n\t\t\t\n                            \n\t\t\t\t<div id=\"ngg-image-13\" class=\"ngg-gallery-thumbnail-box\" >\n\t\t\t\t        <div class=\"ngg-gallery-thumbnail\">\n            <a href=\"https:\/\/www.freimarianne.ch\/wp-content\/gallery\/teneriffa-1-5-14\/img_3099.jpg\"\n               title=\"\"\n               data-src=\"https:\/\/www.freimarianne.ch\/wp-content\/gallery\/teneriffa-1-5-14\/img_3099.jpg\"\n               data-thumbnail=\"https:\/\/www.freimarianne.ch\/wp-content\/gallery\/teneriffa-1-5-14\/thumbs\/thumbs_img_3099.jpg\"\n               data-image-id=\"8670\"\n               data-title=\"img_3099\"\n               data-description=\"\"\n               data-image-slug=\"img_3099\"\n               class=\"shutterset_cb253e0ea1d6b1fec3a0429d4b30525f\">\n                <img\n                    title=\"img_3099\"\n                    alt=\"img_3099\"\n                    src=\"https:\/\/www.freimarianne.ch\/wp-content\/gallery\/teneriffa-1-5-14\/cache\/img_3099.jpg-nggid048670-ngg0dyn-100x75x100-00f0w010c010r110f110r010t010.jpg\"\n                    width=\"100\"\n                    height=\"75\"\n                    style=\"max-width:100%;\"\n                \/>\n            <\/a>\n        <\/div>\n\t\t\t\t\t\t\t<\/div> \n\t\t\t\n                            \n\t\t\t\t<div id=\"ngg-image-14\" class=\"ngg-gallery-thumbnail-box\" >\n\t\t\t\t        <div class=\"ngg-gallery-thumbnail\">\n            <a href=\"https:\/\/www.freimarianne.ch\/wp-content\/gallery\/teneriffa-1-5-14\/img_3101.jpg\"\n               title=\"\"\n               data-src=\"https:\/\/www.freimarianne.ch\/wp-content\/gallery\/teneriffa-1-5-14\/img_3101.jpg\"\n               data-thumbnail=\"https:\/\/www.freimarianne.ch\/wp-content\/gallery\/teneriffa-1-5-14\/thumbs\/thumbs_img_3101.jpg\"\n               data-image-id=\"8671\"\n               data-title=\"img_3101\"\n               data-description=\"\"\n               data-image-slug=\"img_3101\"\n               class=\"shutterset_cb253e0ea1d6b1fec3a0429d4b30525f\">\n                <img\n                    title=\"img_3101\"\n                    alt=\"img_3101\"\n                    src=\"https:\/\/www.freimarianne.ch\/wp-content\/gallery\/teneriffa-1-5-14\/cache\/img_3101.jpg-nggid048671-ngg0dyn-100x75x100-00f0w010c010r110f110r010t010.jpg\"\n                    width=\"100\"\n                    height=\"75\"\n                    style=\"max-width:100%;\"\n                \/>\n            <\/a>\n        <\/div>\n\t\t\t\t\t\t\t<\/div> \n\t\t\t\n                            \n\t\t\n\t\t<!-- Pagination -->\n\t<div class='ngg-clear'><\/div>\t<\/div>\n<\/p>\n","protected":false},"excerpt":{"rendered":"<p>5. Wandertag H\u00f6henwanderung im Orotavatal Heute wandern wir durch den weiten Kiefernwald des von Humboldt so gepriesenen Orotava-Tals. Ein aussichtsreicher und botanisch schlichtweg \u00fcberw\u00e4ltigender H\u00f6hensteig f\u00fchrt uns dicht an den Felsw\u00e4nden des oberen Tals entlang. Hier erfahren wir alles \u00fcber das Geheimnis des Wassers auf der Insel. Das Orotavatal ist gar kein eigentliches Tal.Es handelt [&hellip;]<\/p>\n","protected":false},"author":1,"featured_media":0,"parent":5438,"menu_order":5,"comment_status":"closed","ping_status":"closed","template":"","meta":{"ngg_post_thumbnail":0},"_links":{"self":[{"href":"https:\/\/www.freimarianne.ch\/index.php?rest_route=\/wp\/v2\/pages\/5448"}],"collection":[{"href":"https:\/\/www.freimarianne.ch\/index.php?rest_route=\/wp\/v2\/pages"}],"about":[{"href":"https:\/\/www.freimarianne.ch\/index.php?rest_route=\/wp\/v2\/types\/page"}],"author":[{"embeddable":true,"href":"https:\/\/www.freimarianne.ch\/index.php?rest_route=\/wp\/v2\/users\/1"}],"replies":[{"embeddable":true,"href":"https:\/\/www.freimarianne.ch\/index.php?rest_route=%2Fwp%2Fv2%2Fcomments&post=5448"}],"version-history":[{"count":5,"href":"https:\/\/www.freimarianne.ch\/index.php?rest_route=\/wp\/v2\/pages\/5448\/revisions"}],"predecessor-version":[{"id":5551,"href":"https:\/\/www.freimarianne.ch\/index.php?rest_route=\/wp\/v2\/pages\/5448\/revisions\/5551"}],"up":[{"embeddable":true,"href":"https:\/\/www.freimarianne.ch\/index.php?rest_route=\/wp\/v2\/pages\/5438"}],"wp:attachment":[{"href":"https:\/\/www.freimarianne.ch\/index.php?rest_route=%2Fwp%2Fv2%2Fmedia&parent=5448"}],"curies":[{"name":"wp","href":"https:\/\/api.w.org\/{rel}","templated":true}]}}