{"id":5611,"date":"2014-07-26T16:58:41","date_gmt":"2014-07-26T15:58:41","guid":{"rendered":"http:\/\/www.freimarianne.ch\/?page_id=5611"},"modified":"2015-01-03T10:59:50","modified_gmt":"2015-01-03T09:59:50","slug":"rosenlaui-be-25-7-2014","status":"publish","type":"page","link":"https:\/\/www.freimarianne.ch\/?page_id=5611","title":{"rendered":"Rosenlaui  BE  25.7.2014"},"content":{"rendered":"<p><strong>Bergwanderun<\/strong>g von Zwirgi nach Rosenlaui und zur\u00fcck nach Meiringen<\/p>\n<p><img loading=\"lazy\" class=\"aligncenter size-full wp-image-5613\" src=\"http:\/\/www.freimarianne.ch\/wp-content\/uploads\/2014\/07\/IMG_6069rosenlaui_500.jpg\" alt=\"IMG_6069rosenlaui_500\" width=\"500\" height=\"375\" srcset=\"https:\/\/www.freimarianne.ch\/wp-content\/uploads\/2014\/07\/IMG_6069rosenlaui_500.jpg 500w, https:\/\/www.freimarianne.ch\/wp-content\/uploads\/2014\/07\/IMG_6069rosenlaui_500-300x225.jpg 300w, https:\/\/www.freimarianne.ch\/wp-content\/uploads\/2014\/07\/IMG_6069rosenlaui_500-400x300.jpg 400w\" sizes=\"(max-width: 500px) 100vw, 500px\" \/><\/p>\n<p>Wir beginnen unsere Wanderung in Zwirgi 971m und steigen auf dem sch\u00f6nen, teils nassen Wanderweg, der meist parallel zur Fahrstrasse verl\u00e4uft, hinauf. Leider gibt es einen langen Abschnitt auf Teer-863m- von Pkt 1157m bis Pkt.1223m, was nicht angenehm ist wegen den Autos. Bei Pkt. 1223m befindet sich das Restaurant Chaltbrunnen. Von hier aus kann man auf das Hochmoor Chaltbrunnen gehen.<br \/>\nWir wandern weiter im k\u00fchlen Wald immer begleitet vom lauten Rauschen des Rychenbaches und gelangen \u00fcber die Alp Gschwandtenmad 1303m nach Rosenlaui 1328m, wo das alte Hotel Rosenlaui steht.<br \/>\nJe weiter wir ins Tal hineingehen, desto mehr verschwindet der Rosenlauigletscher aus unserem Blickfeld. Wir gehen noch zum Eingang der Gletscherschlucht, deren Besuch wir auf ein anderes Mal verschieben und machen uns wieder auf den R\u00fcckweg nach Zwirgi und von dort hinunter nach Meiringen.<br \/>\nDies war eine nette Wanderung aber der Teerabschnitt ist unangenehm.<br \/>\nLaut Swissmap:<br \/>\nAufstieg: Zwirgi-Rosenlaui Gletscherschlucht<br \/>\nDistanz: 5.13km; Aufstieg: 402m Abstieg: 31m; Marschzeit: 1.44 h<\/p>\n<p>Abstieg: Gletscherschlucht-Meiringen Bahnhof<br \/>\nDistanz: 7.04km; Aufstieg: 34m; Abstieg: 740m; Marschzeit 2 h<br \/>\nTotal:<br \/>\nDistanz: 12.17km; Aufstieg: 436m; Abstieg: 771m; Marschzeit: ca. 4h<br \/>\n<!-- index.php -->\n<div\n\tclass=\"ngg-galleryoverview ngg-ajax-pagination-none\"\n\tid=\"ngg-gallery-8788-1\">\n\n    \t<div class=\"slideshowlink\">\n        <a href='https:\/\/www.freimarianne.ch\/index.php\/nggallery\/slideshow?page_id=5611'>[Show as slideshow]<\/a>\n\t\t\n\t<\/div>\n\t\t\t<!-- Thumbnails -->\n\t\t\t\t<div id=\"ngg-image-0\" class=\"ngg-gallery-thumbnail-box\" >\n\t\t\t\t        <div class=\"ngg-gallery-thumbnail\">\n            <a href=\"https:\/\/www.freimarianne.ch\/wp-content\/gallery\/rosenlaui-25-7-14\/img_6060.jpg\"\n               title=\"\"\n               data-src=\"https:\/\/www.freimarianne.ch\/wp-content\/gallery\/rosenlaui-25-7-14\/img_6060.jpg\"\n               data-thumbnail=\"https:\/\/www.freimarianne.ch\/wp-content\/gallery\/rosenlaui-25-7-14\/thumbs\/thumbs_img_6060.jpg\"\n               data-image-id=\"9015\"\n               data-title=\"img_6060\"\n               data-description=\"\"\n               data-image-slug=\"img_6060-2\"\n               class=\"shutterset_8788\">\n                <img\n                    title=\"img_6060\"\n                    alt=\"img_6060\"\n                    src=\"https:\/\/www.freimarianne.ch\/wp-content\/gallery\/rosenlaui-25-7-14\/thumbs\/thumbs_img_6060.jpg\"\n                    width=\"100\"\n                    height=\"75\"\n                    style=\"max-width:100%;\"\n                \/>\n            <\/a>\n        <\/div>\n\t\t\t\t\t\t\t<\/div> \n\t\t\t\n        \n\t\t\t\t<div id=\"ngg-image-1\" class=\"ngg-gallery-thumbnail-box\" >\n\t\t\t\t        <div class=\"ngg-gallery-thumbnail\">\n            <a href=\"https:\/\/www.freimarianne.ch\/wp-content\/gallery\/rosenlaui-25-7-14\/img_6068.jpg\"\n               title=\"\"\n               data-src=\"https:\/\/www.freimarianne.ch\/wp-content\/gallery\/rosenlaui-25-7-14\/img_6068.jpg\"\n               data-thumbnail=\"https:\/\/www.freimarianne.ch\/wp-content\/gallery\/rosenlaui-25-7-14\/thumbs\/thumbs_img_6068.jpg\"\n               data-image-id=\"9016\"\n               data-title=\"img_6068\"\n               data-description=\"\"\n               data-image-slug=\"img_6068\"\n               class=\"shutterset_8788\">\n                <img\n                    title=\"img_6068\"\n                    alt=\"img_6068\"\n                    src=\"https:\/\/www.freimarianne.ch\/wp-content\/gallery\/rosenlaui-25-7-14\/thumbs\/thumbs_img_6068.jpg\"\n                    width=\"100\"\n                    height=\"75\"\n                    style=\"max-width:100%;\"\n                \/>\n            <\/a>\n        <\/div>\n\t\t\t\t\t\t\t<\/div> \n\t\t\t\n        \n\t\t\t\t<div id=\"ngg-image-2\" class=\"ngg-gallery-thumbnail-box\" >\n\t\t\t\t        <div class=\"ngg-gallery-thumbnail\">\n            <a href=\"https:\/\/www.freimarianne.ch\/wp-content\/gallery\/rosenlaui-25-7-14\/img_6072.jpg\"\n               title=\"\"\n               data-src=\"https:\/\/www.freimarianne.ch\/wp-content\/gallery\/rosenlaui-25-7-14\/img_6072.jpg\"\n               data-thumbnail=\"https:\/\/www.freimarianne.ch\/wp-content\/gallery\/rosenlaui-25-7-14\/thumbs\/thumbs_img_6072.jpg\"\n               data-image-id=\"9017\"\n               data-title=\"img_6072\"\n               data-description=\"\"\n               data-image-slug=\"img_6072-2\"\n               class=\"shutterset_8788\">\n                <img\n                    title=\"img_6072\"\n                    alt=\"img_6072\"\n                    src=\"https:\/\/www.freimarianne.ch\/wp-content\/gallery\/rosenlaui-25-7-14\/thumbs\/thumbs_img_6072.jpg\"\n                    width=\"100\"\n                    height=\"75\"\n                    style=\"max-width:100%;\"\n                \/>\n            <\/a>\n        <\/div>\n\t\t\t\t\t\t\t<\/div> \n\t\t\t\n        \n\t\t\t\t<div id=\"ngg-image-3\" class=\"ngg-gallery-thumbnail-box\" >\n\t\t\t\t        <div class=\"ngg-gallery-thumbnail\">\n            <a href=\"https:\/\/www.freimarianne.ch\/wp-content\/gallery\/rosenlaui-25-7-14\/img_6075.jpg\"\n               title=\"\"\n               data-src=\"https:\/\/www.freimarianne.ch\/wp-content\/gallery\/rosenlaui-25-7-14\/img_6075.jpg\"\n               data-thumbnail=\"https:\/\/www.freimarianne.ch\/wp-content\/gallery\/rosenlaui-25-7-14\/thumbs\/thumbs_img_6075.jpg\"\n               data-image-id=\"9018\"\n               data-title=\"img_6075\"\n               data-description=\"\"\n               data-image-slug=\"img_6075-2\"\n               class=\"shutterset_8788\">\n                <img\n                    title=\"img_6075\"\n                    alt=\"img_6075\"\n                    src=\"https:\/\/www.freimarianne.ch\/wp-content\/gallery\/rosenlaui-25-7-14\/thumbs\/thumbs_img_6075.jpg\"\n                    width=\"100\"\n                    height=\"75\"\n                    style=\"max-width:100%;\"\n                \/>\n            <\/a>\n        <\/div>\n\t\t\t\t\t\t\t<\/div> \n\t\t\t\n        \n\t\t\t\t<div id=\"ngg-image-4\" class=\"ngg-gallery-thumbnail-box\" >\n\t\t\t\t        <div class=\"ngg-gallery-thumbnail\">\n            <a href=\"https:\/\/www.freimarianne.ch\/wp-content\/gallery\/rosenlaui-25-7-14\/img_6076.jpg\"\n               title=\"\"\n               data-src=\"https:\/\/www.freimarianne.ch\/wp-content\/gallery\/rosenlaui-25-7-14\/img_6076.jpg\"\n               data-thumbnail=\"https:\/\/www.freimarianne.ch\/wp-content\/gallery\/rosenlaui-25-7-14\/thumbs\/thumbs_img_6076.jpg\"\n               data-image-id=\"9019\"\n               data-title=\"img_6076\"\n               data-description=\"\"\n               data-image-slug=\"img_6076-2\"\n               class=\"shutterset_8788\">\n                <img\n                    title=\"img_6076\"\n                    alt=\"img_6076\"\n                    src=\"https:\/\/www.freimarianne.ch\/wp-content\/gallery\/rosenlaui-25-7-14\/thumbs\/thumbs_img_6076.jpg\"\n                    width=\"100\"\n                    height=\"75\"\n                    style=\"max-width:100%;\"\n                \/>\n            <\/a>\n        <\/div>\n\t\t\t\t\t\t\t<\/div> \n\t\t\t\n        \n\t\t\t\t<div id=\"ngg-image-5\" class=\"ngg-gallery-thumbnail-box\" >\n\t\t\t\t        <div class=\"ngg-gallery-thumbnail\">\n            <a href=\"https:\/\/www.freimarianne.ch\/wp-content\/gallery\/rosenlaui-25-7-14\/img_6085.jpg\"\n               title=\"\"\n               data-src=\"https:\/\/www.freimarianne.ch\/wp-content\/gallery\/rosenlaui-25-7-14\/img_6085.jpg\"\n               data-thumbnail=\"https:\/\/www.freimarianne.ch\/wp-content\/gallery\/rosenlaui-25-7-14\/thumbs\/thumbs_img_6085.jpg\"\n               data-image-id=\"9020\"\n               data-title=\"img_6085\"\n               data-description=\"\"\n               data-image-slug=\"img_6085-2\"\n               class=\"shutterset_8788\">\n                <img\n                    title=\"img_6085\"\n                    alt=\"img_6085\"\n                    src=\"https:\/\/www.freimarianne.ch\/wp-content\/gallery\/rosenlaui-25-7-14\/thumbs\/thumbs_img_6085.jpg\"\n                    width=\"100\"\n                    height=\"75\"\n                    style=\"max-width:100%;\"\n                \/>\n            <\/a>\n        <\/div>\n\t\t\t\t\t\t\t<\/div> \n\t\t\t\n        \n\t\t\t\t<div id=\"ngg-image-6\" class=\"ngg-gallery-thumbnail-box\" >\n\t\t\t\t        <div class=\"ngg-gallery-thumbnail\">\n            <a href=\"https:\/\/www.freimarianne.ch\/wp-content\/gallery\/rosenlaui-25-7-14\/img_6091.jpg\"\n               title=\"\"\n               data-src=\"https:\/\/www.freimarianne.ch\/wp-content\/gallery\/rosenlaui-25-7-14\/img_6091.jpg\"\n               data-thumbnail=\"https:\/\/www.freimarianne.ch\/wp-content\/gallery\/rosenlaui-25-7-14\/thumbs\/thumbs_img_6091.jpg\"\n               data-image-id=\"9021\"\n               data-title=\"img_6091\"\n               data-description=\"\"\n               data-image-slug=\"img_6091\"\n               class=\"shutterset_8788\">\n                <img\n                    title=\"img_6091\"\n                    alt=\"img_6091\"\n                    src=\"https:\/\/www.freimarianne.ch\/wp-content\/gallery\/rosenlaui-25-7-14\/thumbs\/thumbs_img_6091.jpg\"\n                    width=\"100\"\n                    height=\"75\"\n                    style=\"max-width:100%;\"\n                \/>\n            <\/a>\n        <\/div>\n\t\t\t\t\t\t\t<\/div> \n\t\t\t\n        \n\t\t\t\t<div id=\"ngg-image-7\" class=\"ngg-gallery-thumbnail-box\" >\n\t\t\t\t        <div class=\"ngg-gallery-thumbnail\">\n            <a href=\"https:\/\/www.freimarianne.ch\/wp-content\/gallery\/rosenlaui-25-7-14\/img_6099.jpg\"\n               title=\"\"\n               data-src=\"https:\/\/www.freimarianne.ch\/wp-content\/gallery\/rosenlaui-25-7-14\/img_6099.jpg\"\n               data-thumbnail=\"https:\/\/www.freimarianne.ch\/wp-content\/gallery\/rosenlaui-25-7-14\/thumbs\/thumbs_img_6099.jpg\"\n               data-image-id=\"9022\"\n               data-title=\"img_6099\"\n               data-description=\"\"\n               data-image-slug=\"img_6099-3\"\n               class=\"shutterset_8788\">\n                <img\n                    title=\"img_6099\"\n                    alt=\"img_6099\"\n                    src=\"https:\/\/www.freimarianne.ch\/wp-content\/gallery\/rosenlaui-25-7-14\/thumbs\/thumbs_img_6099.jpg\"\n                    width=\"100\"\n                    height=\"75\"\n                    style=\"max-width:100%;\"\n                \/>\n            <\/a>\n        <\/div>\n\t\t\t\t\t\t\t<\/div> \n\t\t\t\n        \n\t\t\n\t\t<!-- Pagination -->\n\t<div class='ngg-clear'><\/div>\t<\/div>\n<\/p>\n","protected":false},"excerpt":{"rendered":"<p>Bergwanderung von Zwirgi nach Rosenlaui und zur\u00fcck nach Meiringen Wir beginnen unsere Wanderung in Zwirgi 971m und steigen auf dem sch\u00f6nen, teils nassen Wanderweg, der meist parallel zur Fahrstrasse verl\u00e4uft, hinauf. Leider gibt es einen langen Abschnitt auf Teer-863m- von Pkt 1157m bis Pkt.1223m, was nicht angenehm ist wegen den Autos. Bei Pkt. 1223m befindet [&hellip;]<\/p>\n","protected":false},"author":1,"featured_media":0,"parent":5303,"menu_order":17,"comment_status":"closed","ping_status":"closed","template":"","meta":{"ngg_post_thumbnail":0},"_links":{"self":[{"href":"https:\/\/www.freimarianne.ch\/index.php?rest_route=\/wp\/v2\/pages\/5611"}],"collection":[{"href":"https:\/\/www.freimarianne.ch\/index.php?rest_route=\/wp\/v2\/pages"}],"about":[{"href":"https:\/\/www.freimarianne.ch\/index.php?rest_route=\/wp\/v2\/types\/page"}],"author":[{"embeddable":true,"href":"https:\/\/www.freimarianne.ch\/index.php?rest_route=\/wp\/v2\/users\/1"}],"replies":[{"embeddable":true,"href":"https:\/\/www.freimarianne.ch\/index.php?rest_route=%2Fwp%2Fv2%2Fcomments&post=5611"}],"version-history":[{"count":6,"href":"https:\/\/www.freimarianne.ch\/index.php?rest_route=\/wp\/v2\/pages\/5611\/revisions"}],"predecessor-version":[{"id":8790,"href":"https:\/\/www.freimarianne.ch\/index.php?rest_route=\/wp\/v2\/pages\/5611\/revisions\/8790"}],"up":[{"embeddable":true,"href":"https:\/\/www.freimarianne.ch\/index.php?rest_route=\/wp\/v2\/pages\/5303"}],"wp:attachment":[{"href":"https:\/\/www.freimarianne.ch\/index.php?rest_route=%2Fwp%2Fv2%2Fmedia&parent=5611"}],"curies":[{"name":"wp","href":"https:\/\/api.w.org\/{rel}","templated":true}]}}