{"id":56440,"date":"2021-08-18T07:54:10","date_gmt":"2021-08-18T06:54:10","guid":{"rendered":"http:\/\/www.freimarianne.ch\/?page_id=56440"},"modified":"2021-09-19T07:44:49","modified_gmt":"2021-09-19T06:44:49","slug":"gotthardpass-und-schollenen-ur-14-8-2021","status":"publish","type":"page","link":"https:\/\/www.freimarianne.ch\/?page_id=56440","title":{"rendered":"Gotthardpass und Sch\u00f6llenen  UR  14.8.2021"},"content":{"rendered":"<p><strong>Bergwanderung von Hospental auf den Gotthardpass und&nbsp; Wanderung von Andermatt durch die Sch\u00f6llenenschlucht nach G\u00f6schenen<\/strong><\/p>\n<div id=\"attachment_56434\" style=\"width: 510px\" class=\"wp-caption alignleft\"><img aria-describedby=\"caption-attachment-56434\" loading=\"lazy\" class=\"size-full wp-image-56434\" src=\"http:\/\/www.freimarianne.ch\/wp-content\/uploads\/2021\/08\/IMG_4342_gotthard-14.8_500.jpeg\" alt=\"\" width=\"500\" height=\"334\" srcset=\"https:\/\/www.freimarianne.ch\/wp-content\/uploads\/2021\/08\/IMG_4342_gotthard-14.8_500.jpeg 500w, https:\/\/www.freimarianne.ch\/wp-content\/uploads\/2021\/08\/IMG_4342_gotthard-14.8_500-300x200.jpeg 300w, https:\/\/www.freimarianne.ch\/wp-content\/uploads\/2021\/08\/IMG_4342_gotthard-14.8_500-449x300.jpeg 449w\" sizes=\"(max-width: 500px) 100vw, 500px\" \/><p id=\"caption-attachment-56434\" class=\"wp-caption-text\">Blick zur\u00fcck&nbsp; auf M\u00e4tteli<\/p><\/div>\n\n\n<p>Es war ein spontaner Entscheid von mir, heute auf den Gotthardpass hinauf zu wandern. Der Wetterbericht war gut f\u00fcr diese Gegend und ich habe diese Wanderung noch nie gemacht, bin nur schon einige Male \u00fcber diesen geschichtstr\u00e4chtigen Pass gefahren.<br>Ich beginne meine Wanderung um 9.15h in Hospental Dorf 1462m, was nur mit dem 6.03h Zug ab Basel m\u00f6glich war.<br>Das Dorf Hospental gef\u00e4llt mir sehr gut. Bald komme ich auf einen schmalen Wanderweg, der im Schatten<br>zwischen der Reuss und der Strasse ins Tal hinein f\u00fchrt.<br>Aber schon bald gehe ich wieder an der Sonne auf einem flachen Talabschnitt. Ich komme am Gamssteg 1616m vorbei. Hier zweigt die vor mir gehende Gruppe ab auf den Weg zum Gatscholapass, wo ich auch schon war.<br>Ich wandere weiter ins gr\u00fcne Tal hinein und komme an einem grossen Alpgeb\u00e4ude vorbei. Der Weg steigt allm\u00e4hlich an und icherreiche den grossen L\u00fcftungsschacht des Strassentunnels. Bald bin ich beim Wegweiser M\u00e4tteli 1773m. Ich wandere zun\u00e4chst nochmals auf einem flachen Talabschnitt. In der Ferne aber she ich, dass der Weg ansteigt. Hier weiden K\u00fche und stehen wie \u00fcblich mitten auf dem Weg, sodass ich ihnen ausweichen muss, was mir etwas Zeit kostet, denn ich muss den Hang hinauf und dann wieder hinunter auf den Weg steigen. Der Weg ist mit Steinen geplastert. Es ist ein wirklicher Saumweg, auf dem wohl fr\u00fcher die Menschen gewandert sind. Der Weg verengt sich nun und ich gehe nahe am Fluss auf einer Metallbr\u00fccke durch eine enge Schlucht unterhalb der Autostrasse hinduch zum Wegpunkt Br\u00fcggloch 1903m. Oben an der Strasse befindet sich ein Restaurant.<br>Weiter geht es auf dem Saumweg. Allm\u00e4hlich meldet sich der Hunger und ich mache endlich eine Mittagsrast, die ich n\u00f6tig habe, denn es werden noch einige H\u00f6henmeter zu \u00fcberwinden sein. Frisch gest\u00e4rkt mache ich mich dann wieder auf den Weg. Ich n\u00e4here mich den grossen Windr\u00e4dern, die ich schon von weitem gesehen habe. Rechts sehe ich die m\u00e4chtige Staumauer des Lago Lucendro.<br>Um 12.25h bin ich bei San Carlo 2095m, wo ich die Autostrasse kreuzen muss. Nun erfolgt noch ein Wegabschnitt auf grossen Rundfelsen und bald sehe ich den Gotthardpass. Gerade f\u00e4hrt auf den Strasse die Kutsche der Gotthardpost vorbei ! Ich komme zum Wegweiser Passo dell San Gottardo 2108m. Die Gegend um die Passh\u00f6he w\u00e4re eigentlich sch\u00f6n aber ist von Tagestouristen und ihren Autos belagert.<\/p>\n\n\n\n<p>Ich mache zwei Fotos von den Seen. Dann schaue ich nach, ob ich doch noch eine fr\u00fchere Verbindung als den geplanten Bus um 14.25h nach Airolo nehmen k\u00f6nnte.<br>Und siehe da ! Um 12.55h f\u00e4hrt ein Postauto nach Andermatt ! So k\u00f6nnte ich noch die Wanderung durch die Sch\u00f6llenenschucht machen ! Diese Idee ist mir erst auf der Wanderung gekommen !<br>Ich beeile mich, um den Bus zu erreichen.<br>So fahre ich die Strecke zur\u00fcck, die ich zuvor zu Fuss zur\u00fcckgelegt habe !<br>Um 13.44h bin ich in Andermatt und mache mich auf den Weg in die Sch\u00f6llenenschlucht.<\/p>\n\n\n\n<p>Diese Wanderung ist interessant und bietet immer wieder spezielle Ausblicke in die tiefe Reussschlcht und auf die sehr steilen hohen Felsw\u00e4nde. Es gibt schon ziemlich viel Hartbelag, da ein Abschnitt auch f\u00fcr Velos zug\u00e4nglich ist. Ich gehe zu ersten Mal \u00fcber die Teufelsbr\u00fccke und darauf folgend in den Felstunnel, das zu einem Rundgang f\u00fchrt. Ich kehre wieder um weil ich ja hinunter nach G\u00f6schenen den Zug nehmen m\u00f6chte.<\/p>\n\n\n\n<p>Oberhalb dem Dorf G\u00f6schenen komme ich auf einen rutschigen Wanderweg, der \u00fcber die sch\u00f6ne H\u00e4derlisbr\u00fccke f\u00fchrt, die ich schon oft vom Zug aus bewundert habe.<br>Auf der Autostrasse komme ich ins Dorf G\u00f6schenen und damit zum Bahnhof, wo ich im Schatten auf einer Bank auf den Zug um 15.09h warten kann.<\/p>\n\n\n\n<p>Heute konnte ich gleich zwei Abschnitte begehen dank der Tatsache, dass ich so fr\u00fch aufgestanden bin.<\/p>\n\n\n\n<p>Gotthardpass:<\/p>\n\n\n\n<p>Laut Schweizmobil:<br>Distanz: 9.66km; Aufstieg: 727m; Abstieg:91m; Wanderzeit: 3h 11min<\/p>\n\n\n\n<p><a href=\"http:\/\/s war ein spontaner Entscheid von mir, heute auf den Gotthardpass hinauf zu wandern. Der Wetterbericht war gut f\u00fcr diese Gegend und ich habe diese Wanderung noch nie gemacht, bin nur schon einige Male \u00fcber diesen geschichtstr\u00e4chtigen Pass gefahren. Ich beginne  meine  Wanderung um 9.15h in  Hospental Dorf 1462m, was nur mit dem 6.03h Zug ab Basel m\u00f6glich war. Das Dorf Hospental gef\u00e4llt mir sehr gut. Bald komme ich auf einen schmalen  Wanderweg, der im Schatten   zwischen der Reuss und der Strasse ins Tal hinein f\u00fchrt. Aber schon bald gehe ich wieder an der Sonne  auf einem flachen Talabschnitt. Ich komme am Gamssteg 1616m vorbei. Hier zweigt die vor mir gehende Gruppe ab auf den Weg zum Gatscholapass, wo ich auch schon war. Ich wandere weiter ins gr\u00fcne Tal hinein und komme an einem grossen Alpgeb\u00e4ude vorbei. Der Weg steigt allm\u00e4hlich an und icherreiche  den grossen L\u00fcftungsschacht  des Strassentunnels.  Bald bin ich beim Wegweiser M\u00e4tteli 1773m. Ich wandere  zun\u00e4chst nochmals  auf einem flachen Talabschnitt. In der Ferne aber she ich, dass der Weg ansteigt.  Hier weiden K\u00fche und stehen wie \u00fcblich mitten auf dem Weg, sodass ich ihnen ausweichen muss, was mir etwas Zeit kostet, denn ich muss  den Hang hinauf  und dann wieder hinunter auf den Weg steigen. Der Weg ist mit Steinen geplastert. Es ist ein wirklicher Saumweg, auf dem  wohl  fr\u00fcher die  Menschen gewandert sind. Der Weg verengt sich nun  und ich gehe nahe am Fluss  auf  einer Metallbr\u00fccke durch eine enge Schlucht  unterhalb der Autostrasse hinduch zum Wegpunkt  Br\u00fcggloch 1903m. Oben an der Strasse befindet sich ein Restaurant. Weiter geht es auf dem Saumweg. Allm\u00e4hlich  meldet sich der Hunger und ich mache endlich eine Mittagsrast, die ich n\u00f6tig habe, denn es werden noch einige H\u00f6henmeter zu \u00fcberwinden sein. Frisch gest\u00e4rkt mache ich mich dann wieder auf den Weg. Ich n\u00e4here mich den grossen Windr\u00e4dern, die ich schon von weitem gesehen habe. Rechts sehe ich die m\u00e4chtige Staumauer des Lago Lucendro. Um 12.25h bin ich bei San Carlo 2095m, wo ich die Autostrasse kreuzen muss. Nun erfolgt noch ein Wegabschnitt auf grossen Rundfelsen und bald sehe ich den Gotthardpass.  Gerade f\u00e4hrt  auf den Strasse die Kutsche der Gotthardpost vorbei !  Ich komme zum Wegweiser Passo dell San Gottardo  2108m.  Die Gegend um die Passh\u00f6he w\u00e4re eigentlich sch\u00f6n aber ist von Tagestouristen  und ihren Autos belagert.   Ich mache zwei Fotos von den Seen. Dann schaue ich nach, ob ich doch noch eine fr\u00fchere Verbindung als den geplanten Bus um 14.25h nach Airolo nehmen k\u00f6nnte. Und siehe da ! Um 12.55h f\u00e4hrt ein Postauto nach Andermatt ! So k\u00f6nnte ich noch die Wanderung durch die Sch\u00f6llenenschucht machen ! Diese Idee ist mir erst auf der Wanderung gekommen ! Ich  beeile mich, um den Bus zu erreichen. So fahre ich die Strecke zur\u00fcck, die ich zuvor  zu Fuss zur\u00fcckgelegt habe ! Um 13.44h bin ich in Andermatt und mache mich auf den Weg in die Sch\u00f6llenenschlucht.  Diese Wanderung ist interessant und bietet immer wieder spezielle Ausblicke in die tiefe Reussschlcht und auf die sehr steilen hohen  Felsw\u00e4nde. Es gibt schon ziemlich viel Hartbelag, da ein Abschnitt auch f\u00fcr Velos zug\u00e4nglich ist. Ich gehe zu ersten Mal  \u00fcber die Teufelsbr\u00fccke und darauf folgend in den Felstunnel, das zu einem Rundgang f\u00fchrt. Ich kehre wieder um weil ich ja hinunter nach G\u00f6schenen den Zug  nehmen  m\u00f6chte.  Oberhalb dem Dorf  G\u00f6schenen komme ich auf einen  rutschigen Wanderweg, der \u00fcber die sch\u00f6ne H\u00e4derlisbr\u00fccke f\u00fchrt, die ich schon oft vom Zug aus bewundert habe.  Auf der Autostrasse  komme ich ins Dorf G\u00f6schenen und  damit zum Bahnhof, wo ich im Schatten auf  einer Bank  auf  den Zug um 15.09h warten kann.  Heute konnte ich gleich zwei  Abschnitte begehen dank der Tatsache, dass ich so fr\u00fch aufgestanden bin.  Gotthardpass:  Laut Schweizmobil: Distanz: 9.66km;  Aufstieg: 727m; Abstieg:91m; Wanderzeit: 3h 11min  Karte Schweizmobil:\">Karte Schweizmobil:<\/a><\/p>\n\n\n\n<p>Sch\u00f6llenen:<br>Laut Schweizmobil:<br>Distanz: 5.52km; Aufstieg:60m; Abstieg: 390m; Wanderzeit: 1h 25min<\/p>\n\n\n\n<p><a href=\"https:\/\/map.schweizmobil.ch\/?lang=de&amp;photos=yes&amp;bgLayer=pk&amp;logo=yes&amp;season=summer&amp;resolution=2.5&amp;E=2687441&amp;N=1168220&amp;layers=Wanderland%2CStation&amp;trackId=88272262\">Karte Schweizmobil:<\/a><\/p>\n","protected":false},"excerpt":{"rendered":"<p>Bergwanderung von Hospental auf den Gotthardpass und&nbsp; Wanderung von Andermatt durch die Sch\u00f6llenenschlucht nach G\u00f6schenen Es war ein spontaner Entscheid von mir, heute auf den Gotthardpass hinauf zu wandern. Der Wetterbericht war gut f\u00fcr diese Gegend und ich habe diese Wanderung noch nie gemacht, bin nur schon einige Male \u00fcber diesen geschichtstr\u00e4chtigen Pass gefahren.Ich beginne [&hellip;]<\/p>\n","protected":false},"author":1,"featured_media":0,"parent":55192,"menu_order":23,"comment_status":"closed","ping_status":"closed","template":"","meta":{"ngg_post_thumbnail":0},"_links":{"self":[{"href":"https:\/\/www.freimarianne.ch\/index.php?rest_route=\/wp\/v2\/pages\/56440"}],"collection":[{"href":"https:\/\/www.freimarianne.ch\/index.php?rest_route=\/wp\/v2\/pages"}],"about":[{"href":"https:\/\/www.freimarianne.ch\/index.php?rest_route=\/wp\/v2\/types\/page"}],"author":[{"embeddable":true,"href":"https:\/\/www.freimarianne.ch\/index.php?rest_route=\/wp\/v2\/users\/1"}],"replies":[{"embeddable":true,"href":"https:\/\/www.freimarianne.ch\/index.php?rest_route=%2Fwp%2Fv2%2Fcomments&post=56440"}],"version-history":[{"count":3,"href":"https:\/\/www.freimarianne.ch\/index.php?rest_route=\/wp\/v2\/pages\/56440\/revisions"}],"predecessor-version":[{"id":56443,"href":"https:\/\/www.freimarianne.ch\/index.php?rest_route=\/wp\/v2\/pages\/56440\/revisions\/56443"}],"up":[{"embeddable":true,"href":"https:\/\/www.freimarianne.ch\/index.php?rest_route=\/wp\/v2\/pages\/55192"}],"wp:attachment":[{"href":"https:\/\/www.freimarianne.ch\/index.php?rest_route=%2Fwp%2Fv2%2Fmedia&parent=56440"}],"curies":[{"name":"wp","href":"https:\/\/api.w.org\/{rel}","templated":true}]}}