{"id":5652,"date":"2014-08-09T10:39:23","date_gmt":"2014-08-09T09:39:23","guid":{"rendered":"http:\/\/www.freimarianne.ch\/?page_id=5652"},"modified":"2015-01-03T11:07:10","modified_gmt":"2015-01-03T10:07:10","slug":"grosse-scheidegg-be-6-8-2014","status":"publish","type":"page","link":"https:\/\/www.freimarianne.ch\/?page_id=5652","title":{"rendered":"Grosse Scheidegg, BE 6.8.2014"},"content":{"rendered":"<p><strong>Bergwanderung in Grindelwald<\/strong><br \/>\nVon der Station Oberer Gletscher hianuf zur Grossen Scheidegg und hinunter durch das Moorgebiet Anteseeuwen zur Station Oberer Gletscher.<br \/>\n<img loading=\"lazy\" class=\"aligncenter size-full wp-image-5699\" src=\"http:\/\/www.freimarianne.ch\/wp-content\/uploads\/2014\/08\/IMG_0024_scheidegg_500.jpg\" alt=\"IMG_0024_scheidegg_500\" width=\"500\" height=\"333\" srcset=\"https:\/\/www.freimarianne.ch\/wp-content\/uploads\/2014\/08\/IMG_0024_scheidegg_500.jpg 500w, https:\/\/www.freimarianne.ch\/wp-content\/uploads\/2014\/08\/IMG_0024_scheidegg_500-300x199.jpg 300w, https:\/\/www.freimarianne.ch\/wp-content\/uploads\/2014\/08\/IMG_0024_scheidegg_500-450x300.jpg 450w\" sizes=\"(max-width: 500px) 100vw, 500px\" \/><\/p>\n<p>Um 10.30 h marschiere ich los bei der Haltestelle Hotel Wetterhorn ( bis hierher frei f\u00fcr GA). Ich nehme den Weg \u00fcber Weidli und Sch\u00fcrli 1342m. Hier folge ich dem Wegweiser zur Gr. Scheidegg und anstatt nach links Richtung Bord zu gehen ( ich hatte vor, \u00fcber Brandtor, Schmale Ritt zu Anteseeuwen und Gr. Scheidegg zu gelangen).<br \/>\nDer ausgeschilderte Wanderweg zur Gr. Scheidegg ist aber meist ein sch\u00f6ner Bergweg ( mit kurzen Strassenabschnitten) und f\u00fchrt durch eine sch\u00f6ne Alpenlandschaft. Das Wetter ist noch gut aber am blauen Himmel erscheinen langsam weisse Schlieren. Es gelingen mir doch noch einige tolle Fotos. Beim Punkt Blaserei 1813m liegt ein kleiner See, in dem sich M\u00f6nch und Eiger spiegeln.<br \/>\nUm 12.30 h bin ich dann auf der Gr. Scheidegg angelangt. Von hier aus habe ich einen Blick hinunter ins Reichenbachtal und zum hin\u00fcber zum Schwarzhorn. Hier gibt es sehr viele Wanderm\u00f6glichkeiten.<br \/>\nMein Ziel heute ist die Moorlandschaft hier oben beidseits der grossen Scheidegg (<a href=\"http:\/\/www.kulturlandschaftspreis.ch\/gewinner\/2013\/antseeuwen-ischara\/\">http:\/\/www.kulturlandschaftspreis.ch\/gewinner\/2013\/antseeuwen-ischara\/<\/a>)<br \/>\nEin Blick zum Himmel sagt mir, dass es besser ist nun wieder hinunterzulaufen . Ich finde den Einstieg in den Weg zu Stepfihubel gerade unterhalb der Strasse. So gelange ich auf einem schmalen Pfad ins Moorgebiet Antseeuwen. Ich muss unter einem Zaun durchklettern, um zum kleinen See zu gelangen. Hier halte ich meine Mittagspause und mache etliche Fotos von dieser pr\u00e4chtigen Gegend. Dann reisse ich ich los von diesem malerischen Ort und wandere hinunter gegen Stepfihubel. Bei Pkt. 1809m, bei einem Haus ist der Weg schwer zu finden. Dann geht es steil hinunter durch die Erosionslandschaft zum Schmalen Ritt 638m. Hier gehe ich auf einem schmalen Grat, hoch \u00fcberhalb der Schlucht des B\u00e4rgelbaches hinunter nach Wandele 1549m. Ich finde den Pfad, der laut Karte gerade hinunterf\u00fchrt, nicht und ich folge dem Str\u00e4sschen Richtung Ob. Gletscher. Bei Sch\u00fcrli 1242m komme ich auf die Abzweigung, die ich im Aufstieg verpasst habe.<br \/>\nBeim Hotel Wetterhorn reicht es noch zu einem Kaffee bis zur Abfahrt des Busses nach Grindelwald.<\/p>\n<p>Ich nehme den Zug um 15.19 h nach Interlaken.<br \/>\nDies war eine interessante Wanderung. Das n\u00e4chste Mal m\u00f6chte ich den \u00dcbergang hinunter \u00fcber die Gr. Scheidegg nach Rosenlaui machen.<br \/>\nProfil laut Swissmap:<br \/>\nDistanz: 9.46km; Aufstieg:758m; Abstieg: 758m; Marschzeit: 3.42 h<\/p>\n<p><!-- index.php -->\n<div\n\tclass=\"ngg-galleryoverview ngg-ajax-pagination-none\"\n\tid=\"ngg-gallery-6374-1\">\n\n    \t<div class=\"slideshowlink\">\n        <a href='https:\/\/www.freimarianne.ch\/index.php\/nggallery\/slideshow?page_id=5652'>[Show as slideshow]<\/a>\n\t\t\n\t<\/div>\n\t\t\t<!-- Thumbnails -->\n\t\t\t\t<div id=\"ngg-image-0\" class=\"ngg-gallery-thumbnail-box\" >\n\t\t\t\t        <div class=\"ngg-gallery-thumbnail\">\n            <a href=\"https:\/\/www.freimarianne.ch\/wp-content\/gallery\/grosse-scheidegg-6-8-14\/IMG_0002.jpg\"\n               title=\"\"\n               data-src=\"https:\/\/www.freimarianne.ch\/wp-content\/gallery\/grosse-scheidegg-6-8-14\/IMG_0002.jpg\"\n               data-thumbnail=\"https:\/\/www.freimarianne.ch\/wp-content\/gallery\/grosse-scheidegg-6-8-14\/thumbs\/thumbs_IMG_0002.jpg\"\n               data-image-id=\"9102\"\n               data-title=\"IMG_0002\"\n               data-description=\"\"\n               data-image-slug=\"img_0002-1\"\n               class=\"shutterset_6374\">\n                <img\n                    title=\"IMG_0002\"\n                    alt=\"IMG_0002\"\n                    src=\"https:\/\/www.freimarianne.ch\/wp-content\/gallery\/grosse-scheidegg-6-8-14\/thumbs\/thumbs_IMG_0002.jpg\"\n                    width=\"100\"\n                    height=\"75\"\n                    style=\"max-width:100%;\"\n                \/>\n            <\/a>\n        <\/div>\n\t\t\t\t\t\t\t<\/div> \n\t\t\t\n        \n\t\t\t\t<div id=\"ngg-image-1\" class=\"ngg-gallery-thumbnail-box\" >\n\t\t\t\t        <div class=\"ngg-gallery-thumbnail\">\n            <a href=\"https:\/\/www.freimarianne.ch\/wp-content\/gallery\/grosse-scheidegg-6-8-14\/IMG_0003.jpg\"\n               title=\"\"\n               data-src=\"https:\/\/www.freimarianne.ch\/wp-content\/gallery\/grosse-scheidegg-6-8-14\/IMG_0003.jpg\"\n               data-thumbnail=\"https:\/\/www.freimarianne.ch\/wp-content\/gallery\/grosse-scheidegg-6-8-14\/thumbs\/thumbs_IMG_0003.jpg\"\n               data-image-id=\"9101\"\n               data-title=\"IMG_0003\"\n               data-description=\"\"\n               data-image-slug=\"img_0003-3\"\n               class=\"shutterset_6374\">\n                <img\n                    title=\"IMG_0003\"\n                    alt=\"IMG_0003\"\n                    src=\"https:\/\/www.freimarianne.ch\/wp-content\/gallery\/grosse-scheidegg-6-8-14\/thumbs\/thumbs_IMG_0003.jpg\"\n                    width=\"100\"\n                    height=\"75\"\n                    style=\"max-width:100%;\"\n                \/>\n            <\/a>\n        <\/div>\n\t\t\t\t\t\t\t<\/div> \n\t\t\t\n        \n\t\t\t\t<div id=\"ngg-image-2\" class=\"ngg-gallery-thumbnail-box\" >\n\t\t\t\t        <div class=\"ngg-gallery-thumbnail\">\n            <a href=\"https:\/\/www.freimarianne.ch\/wp-content\/gallery\/grosse-scheidegg-6-8-14\/IMG_0006.jpg\"\n               title=\"\"\n               data-src=\"https:\/\/www.freimarianne.ch\/wp-content\/gallery\/grosse-scheidegg-6-8-14\/IMG_0006.jpg\"\n               data-thumbnail=\"https:\/\/www.freimarianne.ch\/wp-content\/gallery\/grosse-scheidegg-6-8-14\/thumbs\/thumbs_IMG_0006.jpg\"\n               data-image-id=\"9100\"\n               data-title=\"IMG_0006\"\n               data-description=\"\"\n               data-image-slug=\"img_0006\"\n               class=\"shutterset_6374\">\n                <img\n                    title=\"IMG_0006\"\n                    alt=\"IMG_0006\"\n                    src=\"https:\/\/www.freimarianne.ch\/wp-content\/gallery\/grosse-scheidegg-6-8-14\/thumbs\/thumbs_IMG_0006.jpg\"\n                    width=\"100\"\n                    height=\"75\"\n                    style=\"max-width:100%;\"\n                \/>\n            <\/a>\n        <\/div>\n\t\t\t\t\t\t\t<\/div> \n\t\t\t\n        \n\t\t\t\t<div id=\"ngg-image-3\" class=\"ngg-gallery-thumbnail-box\" >\n\t\t\t\t        <div class=\"ngg-gallery-thumbnail\">\n            <a href=\"https:\/\/www.freimarianne.ch\/wp-content\/gallery\/grosse-scheidegg-6-8-14\/IMG_0009.jpg\"\n               title=\"\"\n               data-src=\"https:\/\/www.freimarianne.ch\/wp-content\/gallery\/grosse-scheidegg-6-8-14\/IMG_0009.jpg\"\n               data-thumbnail=\"https:\/\/www.freimarianne.ch\/wp-content\/gallery\/grosse-scheidegg-6-8-14\/thumbs\/thumbs_IMG_0009.jpg\"\n               data-image-id=\"9099\"\n               data-title=\"IMG_0009\"\n               data-description=\"\"\n               data-image-slug=\"img_0009\"\n               class=\"shutterset_6374\">\n                <img\n                    title=\"IMG_0009\"\n                    alt=\"IMG_0009\"\n                    src=\"https:\/\/www.freimarianne.ch\/wp-content\/gallery\/grosse-scheidegg-6-8-14\/thumbs\/thumbs_IMG_0009.jpg\"\n                    width=\"100\"\n                    height=\"75\"\n                    style=\"max-width:100%;\"\n                \/>\n            <\/a>\n        <\/div>\n\t\t\t\t\t\t\t<\/div> \n\t\t\t\n        \n\t\t\t\t<div id=\"ngg-image-4\" class=\"ngg-gallery-thumbnail-box\" >\n\t\t\t\t        <div class=\"ngg-gallery-thumbnail\">\n            <a href=\"https:\/\/www.freimarianne.ch\/wp-content\/gallery\/grosse-scheidegg-6-8-14\/IMG_0017.jpg\"\n               title=\"\"\n               data-src=\"https:\/\/www.freimarianne.ch\/wp-content\/gallery\/grosse-scheidegg-6-8-14\/IMG_0017.jpg\"\n               data-thumbnail=\"https:\/\/www.freimarianne.ch\/wp-content\/gallery\/grosse-scheidegg-6-8-14\/thumbs\/thumbs_IMG_0017.jpg\"\n               data-image-id=\"9098\"\n               data-title=\"IMG_0017\"\n               data-description=\"\"\n               data-image-slug=\"img_0017-1\"\n               class=\"shutterset_6374\">\n                <img\n                    title=\"IMG_0017\"\n                    alt=\"IMG_0017\"\n                    src=\"https:\/\/www.freimarianne.ch\/wp-content\/gallery\/grosse-scheidegg-6-8-14\/thumbs\/thumbs_IMG_0017.jpg\"\n                    width=\"100\"\n                    height=\"75\"\n                    style=\"max-width:100%;\"\n                \/>\n            <\/a>\n        <\/div>\n\t\t\t\t\t\t\t<\/div> \n\t\t\t\n        \n\t\t\t\t<div id=\"ngg-image-5\" class=\"ngg-gallery-thumbnail-box\" >\n\t\t\t\t        <div class=\"ngg-gallery-thumbnail\">\n            <a href=\"https:\/\/www.freimarianne.ch\/wp-content\/gallery\/grosse-scheidegg-6-8-14\/IMG_0019.jpg\"\n               title=\"\"\n               data-src=\"https:\/\/www.freimarianne.ch\/wp-content\/gallery\/grosse-scheidegg-6-8-14\/IMG_0019.jpg\"\n               data-thumbnail=\"https:\/\/www.freimarianne.ch\/wp-content\/gallery\/grosse-scheidegg-6-8-14\/thumbs\/thumbs_IMG_0019.jpg\"\n               data-image-id=\"9097\"\n               data-title=\"IMG_0019\"\n               data-description=\"\"\n               data-image-slug=\"img_0019-4\"\n               class=\"shutterset_6374\">\n                <img\n                    title=\"IMG_0019\"\n                    alt=\"IMG_0019\"\n                    src=\"https:\/\/www.freimarianne.ch\/wp-content\/gallery\/grosse-scheidegg-6-8-14\/thumbs\/thumbs_IMG_0019.jpg\"\n                    width=\"100\"\n                    height=\"75\"\n                    style=\"max-width:100%;\"\n                \/>\n            <\/a>\n        <\/div>\n\t\t\t\t\t\t\t<\/div> \n\t\t\t\n        \n\t\t\t\t<div id=\"ngg-image-6\" class=\"ngg-gallery-thumbnail-box\" >\n\t\t\t\t        <div class=\"ngg-gallery-thumbnail\">\n            <a href=\"https:\/\/www.freimarianne.ch\/wp-content\/gallery\/grosse-scheidegg-6-8-14\/IMG_0025.jpg\"\n               title=\"\"\n               data-src=\"https:\/\/www.freimarianne.ch\/wp-content\/gallery\/grosse-scheidegg-6-8-14\/IMG_0025.jpg\"\n               data-thumbnail=\"https:\/\/www.freimarianne.ch\/wp-content\/gallery\/grosse-scheidegg-6-8-14\/thumbs\/thumbs_IMG_0025.jpg\"\n               data-image-id=\"9096\"\n               data-title=\"IMG_0025\"\n               data-description=\"\"\n               data-image-slug=\"img_0025\"\n               class=\"shutterset_6374\">\n                <img\n                    title=\"IMG_0025\"\n                    alt=\"IMG_0025\"\n                    src=\"https:\/\/www.freimarianne.ch\/wp-content\/gallery\/grosse-scheidegg-6-8-14\/thumbs\/thumbs_IMG_0025.jpg\"\n                    width=\"100\"\n                    height=\"75\"\n                    style=\"max-width:100%;\"\n                \/>\n            <\/a>\n        <\/div>\n\t\t\t\t\t\t\t<\/div> \n\t\t\t\n        \n\t\t\t\t<div id=\"ngg-image-7\" class=\"ngg-gallery-thumbnail-box\" >\n\t\t\t\t        <div class=\"ngg-gallery-thumbnail\">\n            <a href=\"https:\/\/www.freimarianne.ch\/wp-content\/gallery\/grosse-scheidegg-6-8-14\/IMG_0026.jpg\"\n               title=\"\"\n               data-src=\"https:\/\/www.freimarianne.ch\/wp-content\/gallery\/grosse-scheidegg-6-8-14\/IMG_0026.jpg\"\n               data-thumbnail=\"https:\/\/www.freimarianne.ch\/wp-content\/gallery\/grosse-scheidegg-6-8-14\/thumbs\/thumbs_IMG_0026.jpg\"\n               data-image-id=\"9095\"\n               data-title=\"IMG_0026\"\n               data-description=\"\"\n               data-image-slug=\"img_0026-1\"\n               class=\"shutterset_6374\">\n                <img\n                    title=\"IMG_0026\"\n                    alt=\"IMG_0026\"\n                    src=\"https:\/\/www.freimarianne.ch\/wp-content\/gallery\/grosse-scheidegg-6-8-14\/thumbs\/thumbs_IMG_0026.jpg\"\n                    width=\"100\"\n                    height=\"75\"\n                    style=\"max-width:100%;\"\n                \/>\n            <\/a>\n        <\/div>\n\t\t\t\t\t\t\t<\/div> \n\t\t\t\n        \n\t\t\t\t<div id=\"ngg-image-8\" class=\"ngg-gallery-thumbnail-box\" >\n\t\t\t\t        <div class=\"ngg-gallery-thumbnail\">\n            <a href=\"https:\/\/www.freimarianne.ch\/wp-content\/gallery\/grosse-scheidegg-6-8-14\/IMG_0029.jpg\"\n               title=\"\"\n               data-src=\"https:\/\/www.freimarianne.ch\/wp-content\/gallery\/grosse-scheidegg-6-8-14\/IMG_0029.jpg\"\n               data-thumbnail=\"https:\/\/www.freimarianne.ch\/wp-content\/gallery\/grosse-scheidegg-6-8-14\/thumbs\/thumbs_IMG_0029.jpg\"\n               data-image-id=\"9094\"\n               data-title=\"IMG_0029\"\n               data-description=\"\"\n               data-image-slug=\"img_0029-3\"\n               class=\"shutterset_6374\">\n                <img\n                    title=\"IMG_0029\"\n                    alt=\"IMG_0029\"\n                    src=\"https:\/\/www.freimarianne.ch\/wp-content\/gallery\/grosse-scheidegg-6-8-14\/thumbs\/thumbs_IMG_0029.jpg\"\n                    width=\"100\"\n                    height=\"75\"\n                    style=\"max-width:100%;\"\n                \/>\n            <\/a>\n        <\/div>\n\t\t\t\t\t\t\t<\/div> \n\t\t\t\n        \n\t\t\t\t<div id=\"ngg-image-9\" class=\"ngg-gallery-thumbnail-box\" >\n\t\t\t\t        <div class=\"ngg-gallery-thumbnail\">\n            <a href=\"https:\/\/www.freimarianne.ch\/wp-content\/gallery\/grosse-scheidegg-6-8-14\/IMG_0032.jpg\"\n               title=\"\"\n               data-src=\"https:\/\/www.freimarianne.ch\/wp-content\/gallery\/grosse-scheidegg-6-8-14\/IMG_0032.jpg\"\n               data-thumbnail=\"https:\/\/www.freimarianne.ch\/wp-content\/gallery\/grosse-scheidegg-6-8-14\/thumbs\/thumbs_IMG_0032.jpg\"\n               data-image-id=\"9093\"\n               data-title=\"IMG_0032\"\n               data-description=\"\"\n               data-image-slug=\"img_0032-1\"\n               class=\"shutterset_6374\">\n                <img\n                    title=\"IMG_0032\"\n                    alt=\"IMG_0032\"\n                    src=\"https:\/\/www.freimarianne.ch\/wp-content\/gallery\/grosse-scheidegg-6-8-14\/thumbs\/thumbs_IMG_0032.jpg\"\n                    width=\"100\"\n                    height=\"75\"\n                    style=\"max-width:100%;\"\n                \/>\n            <\/a>\n        <\/div>\n\t\t\t\t\t\t\t<\/div> \n\t\t\t\n        \n\t\t\t\t<div id=\"ngg-image-10\" class=\"ngg-gallery-thumbnail-box\" >\n\t\t\t\t        <div class=\"ngg-gallery-thumbnail\">\n            <a href=\"https:\/\/www.freimarianne.ch\/wp-content\/gallery\/grosse-scheidegg-6-8-14\/IMG_0033.jpg\"\n               title=\"\"\n               data-src=\"https:\/\/www.freimarianne.ch\/wp-content\/gallery\/grosse-scheidegg-6-8-14\/IMG_0033.jpg\"\n               data-thumbnail=\"https:\/\/www.freimarianne.ch\/wp-content\/gallery\/grosse-scheidegg-6-8-14\/thumbs\/thumbs_IMG_0033.jpg\"\n               data-image-id=\"9092\"\n               data-title=\"IMG_0033\"\n               data-description=\"\"\n               data-image-slug=\"img_0033\"\n               class=\"shutterset_6374\">\n                <img\n                    title=\"IMG_0033\"\n                    alt=\"IMG_0033\"\n                    src=\"https:\/\/www.freimarianne.ch\/wp-content\/gallery\/grosse-scheidegg-6-8-14\/thumbs\/thumbs_IMG_0033.jpg\"\n                    width=\"100\"\n                    height=\"75\"\n                    style=\"max-width:100%;\"\n                \/>\n            <\/a>\n        <\/div>\n\t\t\t\t\t\t\t<\/div> \n\t\t\t\n        \n\t\t\t\t<div id=\"ngg-image-11\" class=\"ngg-gallery-thumbnail-box\" >\n\t\t\t\t        <div class=\"ngg-gallery-thumbnail\">\n            <a href=\"https:\/\/www.freimarianne.ch\/wp-content\/gallery\/grosse-scheidegg-6-8-14\/IMG_0042.jpg\"\n               title=\"\"\n               data-src=\"https:\/\/www.freimarianne.ch\/wp-content\/gallery\/grosse-scheidegg-6-8-14\/IMG_0042.jpg\"\n               data-thumbnail=\"https:\/\/www.freimarianne.ch\/wp-content\/gallery\/grosse-scheidegg-6-8-14\/thumbs\/thumbs_IMG_0042.jpg\"\n               data-image-id=\"9091\"\n               data-title=\"IMG_0042\"\n               data-description=\"\"\n               data-image-slug=\"img_0042-1\"\n               class=\"shutterset_6374\">\n                <img\n                    title=\"IMG_0042\"\n                    alt=\"IMG_0042\"\n                    src=\"https:\/\/www.freimarianne.ch\/wp-content\/gallery\/grosse-scheidegg-6-8-14\/thumbs\/thumbs_IMG_0042.jpg\"\n                    width=\"100\"\n                    height=\"75\"\n                    style=\"max-width:100%;\"\n                \/>\n            <\/a>\n        <\/div>\n\t\t\t\t\t\t\t<\/div> \n\t\t\t\n        \n\t\t\t\t<div id=\"ngg-image-12\" class=\"ngg-gallery-thumbnail-box\" >\n\t\t\t\t        <div class=\"ngg-gallery-thumbnail\">\n            <a href=\"https:\/\/www.freimarianne.ch\/wp-content\/gallery\/grosse-scheidegg-6-8-14\/IMG_0046.jpg\"\n               title=\"\"\n               data-src=\"https:\/\/www.freimarianne.ch\/wp-content\/gallery\/grosse-scheidegg-6-8-14\/IMG_0046.jpg\"\n               data-thumbnail=\"https:\/\/www.freimarianne.ch\/wp-content\/gallery\/grosse-scheidegg-6-8-14\/thumbs\/thumbs_IMG_0046.jpg\"\n               data-image-id=\"9090\"\n               data-title=\"IMG_0046\"\n               data-description=\"\"\n               data-image-slug=\"img_0046-1\"\n               class=\"shutterset_6374\">\n                <img\n                    title=\"IMG_0046\"\n                    alt=\"IMG_0046\"\n                    src=\"https:\/\/www.freimarianne.ch\/wp-content\/gallery\/grosse-scheidegg-6-8-14\/thumbs\/thumbs_IMG_0046.jpg\"\n                    width=\"100\"\n                    height=\"75\"\n                    style=\"max-width:100%;\"\n                \/>\n            <\/a>\n        <\/div>\n\t\t\t\t\t\t\t<\/div> \n\t\t\t\n        \n\t\t\t\t<div id=\"ngg-image-13\" class=\"ngg-gallery-thumbnail-box\" >\n\t\t\t\t        <div class=\"ngg-gallery-thumbnail\">\n            <a href=\"https:\/\/www.freimarianne.ch\/wp-content\/gallery\/grosse-scheidegg-6-8-14\/IMG_0047.jpg\"\n               title=\"\"\n               data-src=\"https:\/\/www.freimarianne.ch\/wp-content\/gallery\/grosse-scheidegg-6-8-14\/IMG_0047.jpg\"\n               data-thumbnail=\"https:\/\/www.freimarianne.ch\/wp-content\/gallery\/grosse-scheidegg-6-8-14\/thumbs\/thumbs_IMG_0047.jpg\"\n               data-image-id=\"9089\"\n               data-title=\"IMG_0047\"\n               data-description=\"\"\n               data-image-slug=\"img_0047\"\n               class=\"shutterset_6374\">\n                <img\n                    title=\"IMG_0047\"\n                    alt=\"IMG_0047\"\n                    src=\"https:\/\/www.freimarianne.ch\/wp-content\/gallery\/grosse-scheidegg-6-8-14\/thumbs\/thumbs_IMG_0047.jpg\"\n                    width=\"100\"\n                    height=\"75\"\n                    style=\"max-width:100%;\"\n                \/>\n            <\/a>\n        <\/div>\n\t\t\t\t\t\t\t<\/div> \n\t\t\t\n        \n\t\t\t\t<div id=\"ngg-image-14\" class=\"ngg-gallery-thumbnail-box\" >\n\t\t\t\t        <div class=\"ngg-gallery-thumbnail\">\n            <a href=\"https:\/\/www.freimarianne.ch\/wp-content\/gallery\/grosse-scheidegg-6-8-14\/IMG_0058.jpg\"\n               title=\"\"\n               data-src=\"https:\/\/www.freimarianne.ch\/wp-content\/gallery\/grosse-scheidegg-6-8-14\/IMG_0058.jpg\"\n               data-thumbnail=\"https:\/\/www.freimarianne.ch\/wp-content\/gallery\/grosse-scheidegg-6-8-14\/thumbs\/thumbs_IMG_0058.jpg\"\n               data-image-id=\"9088\"\n               data-title=\"IMG_0058\"\n               data-description=\"\"\n               data-image-slug=\"img_0058\"\n               class=\"shutterset_6374\">\n                <img\n                    title=\"IMG_0058\"\n                    alt=\"IMG_0058\"\n                    src=\"https:\/\/www.freimarianne.ch\/wp-content\/gallery\/grosse-scheidegg-6-8-14\/thumbs\/thumbs_IMG_0058.jpg\"\n                    width=\"100\"\n                    height=\"75\"\n                    style=\"max-width:100%;\"\n                \/>\n            <\/a>\n        <\/div>\n\t\t\t\t\t\t\t<\/div> \n\t\t\t\n        \n\t\t\t\t<div id=\"ngg-image-15\" class=\"ngg-gallery-thumbnail-box\" >\n\t\t\t\t        <div class=\"ngg-gallery-thumbnail\">\n            <a href=\"https:\/\/www.freimarianne.ch\/wp-content\/gallery\/grosse-scheidegg-6-8-14\/IMG_0063.jpg\"\n               title=\"\"\n               data-src=\"https:\/\/www.freimarianne.ch\/wp-content\/gallery\/grosse-scheidegg-6-8-14\/IMG_0063.jpg\"\n               data-thumbnail=\"https:\/\/www.freimarianne.ch\/wp-content\/gallery\/grosse-scheidegg-6-8-14\/thumbs\/thumbs_IMG_0063.jpg\"\n               data-image-id=\"9087\"\n               data-title=\"IMG_0063\"\n               data-description=\"\"\n               data-image-slug=\"img_0063\"\n               class=\"shutterset_6374\">\n                <img\n                    title=\"IMG_0063\"\n                    alt=\"IMG_0063\"\n                    src=\"https:\/\/www.freimarianne.ch\/wp-content\/gallery\/grosse-scheidegg-6-8-14\/thumbs\/thumbs_IMG_0063.jpg\"\n                    width=\"100\"\n                    height=\"75\"\n                    style=\"max-width:100%;\"\n                \/>\n            <\/a>\n        <\/div>\n\t\t\t\t\t\t\t<\/div> \n\t\t\t\n        \n\t\t\t\t<div id=\"ngg-image-16\" class=\"ngg-gallery-thumbnail-box\" >\n\t\t\t\t        <div class=\"ngg-gallery-thumbnail\">\n            <a href=\"https:\/\/www.freimarianne.ch\/wp-content\/gallery\/grosse-scheidegg-6-8-14\/IMG_0071.jpg\"\n               title=\"\"\n               data-src=\"https:\/\/www.freimarianne.ch\/wp-content\/gallery\/grosse-scheidegg-6-8-14\/IMG_0071.jpg\"\n               data-thumbnail=\"https:\/\/www.freimarianne.ch\/wp-content\/gallery\/grosse-scheidegg-6-8-14\/thumbs\/thumbs_IMG_0071.jpg\"\n               data-image-id=\"9086\"\n               data-title=\"IMG_0071\"\n               data-description=\"\"\n               data-image-slug=\"img_0071\"\n               class=\"shutterset_6374\">\n                <img\n                    title=\"IMG_0071\"\n                    alt=\"IMG_0071\"\n                    src=\"https:\/\/www.freimarianne.ch\/wp-content\/gallery\/grosse-scheidegg-6-8-14\/thumbs\/thumbs_IMG_0071.jpg\"\n                    width=\"100\"\n                    height=\"75\"\n                    style=\"max-width:100%;\"\n                \/>\n            <\/a>\n        <\/div>\n\t\t\t\t\t\t\t<\/div> \n\t\t\t\n        \n\t\t\n\t\t<!-- Pagination -->\n\t<div class='ngg-clear'><\/div>\t<\/div>\n<\/p>\n","protected":false},"excerpt":{"rendered":"<p>Bergwanderung in Grindelwald Von der Station Oberer Gletscher hianuf zur Grossen Scheidegg und hinunter durch das Moorgebiet Anteseeuwen zur Station Oberer Gletscher. Um 10.30 h marschiere ich los bei der Haltestelle Hotel Wetterhorn ( bis hierher frei f\u00fcr GA). Ich nehme den Weg \u00fcber Weidli und Sch\u00fcrli 1342m. Hier folge ich dem Wegweiser zur Gr. [&hellip;]<\/p>\n","protected":false},"author":1,"featured_media":0,"parent":5303,"menu_order":20,"comment_status":"closed","ping_status":"closed","template":"","meta":{"ngg_post_thumbnail":0},"_links":{"self":[{"href":"https:\/\/www.freimarianne.ch\/index.php?rest_route=\/wp\/v2\/pages\/5652"}],"collection":[{"href":"https:\/\/www.freimarianne.ch\/index.php?rest_route=\/wp\/v2\/pages"}],"about":[{"href":"https:\/\/www.freimarianne.ch\/index.php?rest_route=\/wp\/v2\/types\/page"}],"author":[{"embeddable":true,"href":"https:\/\/www.freimarianne.ch\/index.php?rest_route=\/wp\/v2\/users\/1"}],"replies":[{"embeddable":true,"href":"https:\/\/www.freimarianne.ch\/index.php?rest_route=%2Fwp%2Fv2%2Fcomments&post=5652"}],"version-history":[{"count":9,"href":"https:\/\/www.freimarianne.ch\/index.php?rest_route=\/wp\/v2\/pages\/5652\/revisions"}],"predecessor-version":[{"id":8797,"href":"https:\/\/www.freimarianne.ch\/index.php?rest_route=\/wp\/v2\/pages\/5652\/revisions\/8797"}],"up":[{"embeddable":true,"href":"https:\/\/www.freimarianne.ch\/index.php?rest_route=\/wp\/v2\/pages\/5303"}],"wp:attachment":[{"href":"https:\/\/www.freimarianne.ch\/index.php?rest_route=%2Fwp%2Fv2%2Fmedia&parent=5652"}],"curies":[{"name":"wp","href":"https:\/\/api.w.org\/{rel}","templated":true}]}}